{"id":9730,"date":"2020-08-21T12:48:31","date_gmt":"2020-08-21T09:48:31","guid":{"rendered":"https:\/\/test.lottemaa.ee\/?page_id=9730"},"modified":"2024-09-25T16:02:43","modified_gmt":"2024-09-25T13:02:43","slug":"oskari-mootorratas","status":"publish","type":"page","link":"https:\/\/lottemaa.ee\/lv\/par-lotes-zemi\/izgudrojumi\/oskari-mootorratas\/","title":{"rendered":"OSKARA MOTOCIKLS"},"content":{"rendered":"<p style=\"text-align: left;\"><span lang=\"lv-LV\">Tas ir Os<\/span><span lang=\"lv-LV\">kara izgudrojums, un ar \u0161o motociklu Lote, Oskars un Klauss dev\u0101s ce\u013cojum\u0101 tad, kad bija nepiecie\u0161ams atkl\u0101t M\u0113nesakmens nosl\u0113pumu. Piedz\u012bvojums beidz\u0101s ar p\u0101rsteigumu, un Izgudrot\u0101ju ciema iedz\u012bvot\u0101ji ieguva jaunus draugs &#8211; M\u0113ness za\u0137us!<\/span><\/p>\n","protected":false},"excerpt":{"rendered":"<p>Tas ir Oskara izgudrojums, un ar \u0161o motociklu Lote, Oskars un Klauss dev\u0101s ce\u013cojum\u0101 tad, kad bija nepiecie\u0161ams atkl\u0101t M\u0113nesakmens nosl\u0113pumu. Piedz\u012bvojums beidz\u0101s ar p\u0101rsteigumu, un Izgudrot\u0101ju ciema iedz\u012bvot\u0101ji ieguva jaunus draugs &#8211; M\u0113ness za\u0137us!<\/p>\n","protected":false},"author":7,"featured_media":19902,"parent":4256,"menu_order":391,"comment_status":"closed","ping_status":"closed","template":"","meta":{"_acf_changed":false,"om_disable_all_campaigns":false,"_uf_show_specific_survey":0,"_uf_disable_surveys":false,"footnotes":""},"class_list":["post-9730","page","type-page","status-publish","has-post-thumbnail","hentry"],"acf":[],"yoast_head":"<!-- This site is optimized with the Yoast SEO plugin v25.5 - https:\/\/yoast.com\/wordpress\/plugins\/seo\/ -->\n<title>OSKARA MOTOCIKLS | Lottemaa Teemapark<\/title>\n<meta name=\"description\" content=\"Tas ir Oskara izgudrojums, un ar \u0161o motociklu Lote, Oskars un Klauss dev\u0101s ce\u013cojum\u0101 tad, kad bija nepiecie\u0161ams atkl\u0101t M\u0113nesakmens nosl\u0113pumu.\" \/>\n<meta name=\"robots\" content=\"index, follow, max-snippet:-1, max-image-preview:large, max-video-preview:-1\" \/>\n<link rel=\"canonical\" href=\"https:\/\/lottemaa.ee\/lv\/par-lotes-zemi\/izgudrojumi\/oskari-mootorratas\/\" \/>\n<meta property=\"og:locale\" content=\"lv_LV\" \/>\n<meta property=\"og:type\" content=\"article\" \/>\n<meta property=\"og:title\" content=\"OSKARA MOTOCIKLS | Lottemaa Teemapark\" \/>\n<meta property=\"og:description\" content=\"Tas ir Oskara izgudrojums, un ar \u0161o motociklu Lote, Oskars un Klauss dev\u0101s ce\u013cojum\u0101 tad, kad bija nepiecie\u0161ams atkl\u0101t M\u0113nesakmens nosl\u0113pumu.\" \/>\n<meta property=\"og:url\" content=\"https:\/\/lottemaa.ee\/lv\/par-lotes-zemi\/izgudrojumi\/oskari-mootorratas\/\" \/>\n<meta property=\"og:site_name\" content=\"Lottemaa Teemapark\" \/>\n<meta property=\"article:modified_time\" content=\"2024-09-25T13:02:43+00:00\" \/>\n<meta property=\"og:image\" content=\"https:\/\/lottemaa.ee\/wp-content\/uploads\/2023\/01\/DSC_4357-scaled.jpg\" \/>\n\t<meta property=\"og:image:width\" content=\"2560\" \/>\n\t<meta property=\"og:image:height\" content=\"1696\" \/>\n\t<meta property=\"og:image:type\" content=\"image\/jpeg\" \/>\n<meta name=\"twitter:card\" content=\"summary_large_image\" \/>\n<meta name=\"twitter:label1\" content=\"Est. reading time\" \/>\n\t<meta name=\"twitter:data1\" content=\"1 min\u016b\u0161u\" \/>\n<script type=\"application\/ld+json\" class=\"yoast-schema-graph\">{\"@context\":\"https:\/\/schema.org\",\"@graph\":[{\"@type\":\"WebPage\",\"@id\":\"https:\/\/lottemaa.ee\/lv\/par-lotes-zemi\/izgudrojumi\/oskari-mootorratas\/\",\"url\":\"https:\/\/lottemaa.ee\/lv\/par-lotes-zemi\/izgudrojumi\/oskari-mootorratas\/\",\"name\":\"OSKARA MOTOCIKLS | Lottemaa Teemapark\",\"isPartOf\":{\"@id\":\"https:\/\/lottemaa.ee\/#website\"},\"primaryImageOfPage\":{\"@id\":\"https:\/\/lottemaa.ee\/lv\/par-lotes-zemi\/izgudrojumi\/oskari-mootorratas\/#primaryimage\"},\"image\":{\"@id\":\"https:\/\/lottemaa.ee\/lv\/par-lotes-zemi\/izgudrojumi\/oskari-mootorratas\/#primaryimage\"},\"thumbnailUrl\":\"https:\/\/lottemaa.ee\/wp-content\/uploads\/2023\/01\/DSC_4357-scaled.jpg\",\"datePublished\":\"2020-08-21T09:48:31+00:00\",\"dateModified\":\"2024-09-25T13:02:43+00:00\",\"description\":\"Tas ir Oskara izgudrojums, un ar \u0161o motociklu Lote, Oskars un Klauss dev\u0101s ce\u013cojum\u0101 tad, kad bija nepiecie\u0161ams atkl\u0101t M\u0113nesakmens nosl\u0113pumu.\",\"breadcrumb\":{\"@id\":\"https:\/\/lottemaa.ee\/lv\/par-lotes-zemi\/izgudrojumi\/oskari-mootorratas\/#breadcrumb\"},\"inLanguage\":\"lv-LV\",\"potentialAction\":[{\"@type\":\"ReadAction\",\"target\":[\"https:\/\/lottemaa.ee\/lv\/par-lotes-zemi\/izgudrojumi\/oskari-mootorratas\/\"]}]},{\"@type\":\"ImageObject\",\"inLanguage\":\"lv-LV\",\"@id\":\"https:\/\/lottemaa.ee\/lv\/par-lotes-zemi\/izgudrojumi\/oskari-mootorratas\/#primaryimage\",\"url\":\"https:\/\/lottemaa.ee\/wp-content\/uploads\/2023\/01\/DSC_4357-scaled.jpg\",\"contentUrl\":\"https:\/\/lottemaa.ee\/wp-content\/uploads\/2023\/01\/DSC_4357-scaled.jpg\",\"width\":2560,\"height\":1696},{\"@type\":\"BreadcrumbList\",\"@id\":\"https:\/\/lottemaa.ee\/lv\/par-lotes-zemi\/izgudrojumi\/oskari-mootorratas\/#breadcrumb\",\"itemListElement\":[{\"@type\":\"ListItem\",\"position\":1,\"name\":\"Home\",\"item\":\"https:\/\/lottemaa.ee\/lv\/\"},{\"@type\":\"ListItem\",\"position\":2,\"name\":\"Diena Lotes zem\u0113\",\"item\":\"https:\/\/lottemaa.ee\/lv\/par-lotes-zemi\/\"},{\"@type\":\"ListItem\",\"position\":3,\"name\":\"IZGUDROJUMI\",\"item\":\"https:\/\/lottemaa.ee\/lv\/par-lotes-zemi\/izgudrojumi\/\"},{\"@type\":\"ListItem\",\"position\":4,\"name\":\"OSKARA MOTOCIKLS\"}]},{\"@type\":\"WebSite\",\"@id\":\"https:\/\/lottemaa.ee\/#website\",\"url\":\"https:\/\/lottemaa.ee\/\",\"name\":\"Lottemaa Teemapark\",\"description\":\"Baltimaade suurim ja k\u00f5ige \u00e4gedam kogupere teemapark Eestis P\u00e4rnumaal\",\"publisher\":{\"@id\":\"https:\/\/lottemaa.ee\/#organization\"},\"potentialAction\":[{\"@type\":\"SearchAction\",\"target\":{\"@type\":\"EntryPoint\",\"urlTemplate\":\"https:\/\/lottemaa.ee\/?s={search_term_string}\"},\"query-input\":{\"@type\":\"PropertyValueSpecification\",\"valueRequired\":true,\"valueName\":\"search_term_string\"}}],\"inLanguage\":\"lv-LV\"},{\"@type\":\"Organization\",\"@id\":\"https:\/\/lottemaa.ee\/#organization\",\"name\":\"Lottemaa Teemapark\",\"url\":\"https:\/\/lottemaa.ee\/\",\"logo\":{\"@type\":\"ImageObject\",\"inLanguage\":\"lv-LV\",\"@id\":\"https:\/\/lottemaa.ee\/#\/schema\/logo\/image\/\",\"url\":\"https:\/\/lottemaa.ee\/wp-content\/uploads\/2018\/12\/Lottemaa_LOGO.png\",\"contentUrl\":\"https:\/\/lottemaa.ee\/wp-content\/uploads\/2018\/12\/Lottemaa_LOGO.png\",\"width\":1024,\"height\":518,\"caption\":\"Lottemaa Teemapark\"},\"image\":{\"@id\":\"https:\/\/lottemaa.ee\/#\/schema\/logo\/image\/\"}}]}<\/script>\n<!-- \/ Yoast SEO plugin. -->","yoast_head_json":{"title":"OSKARA MOTOCIKLS | Lottemaa Teemapark","description":"Tas ir Oskara izgudrojums, un ar \u0161o motociklu Lote, Oskars un Klauss dev\u0101s ce\u013cojum\u0101 tad, kad bija nepiecie\u0161ams atkl\u0101t M\u0113nesakmens nosl\u0113pumu.","robots":{"index":"index","follow":"follow","max-snippet":"max-snippet:-1","max-image-preview":"max-image-preview:large","max-video-preview":"max-video-preview:-1"},"canonical":"https:\/\/lottemaa.ee\/lv\/par-lotes-zemi\/izgudrojumi\/oskari-mootorratas\/","og_locale":"lv_LV","og_type":"article","og_title":"OSKARA MOTOCIKLS | Lottemaa Teemapark","og_description":"Tas ir Oskara izgudrojums, un ar \u0161o motociklu Lote, Oskars un Klauss dev\u0101s ce\u013cojum\u0101 tad, kad bija nepiecie\u0161ams atkl\u0101t M\u0113nesakmens nosl\u0113pumu.","og_url":"https:\/\/lottemaa.ee\/lv\/par-lotes-zemi\/izgudrojumi\/oskari-mootorratas\/","og_site_name":"Lottemaa Teemapark","article_modified_time":"2024-09-25T13:02:43+00:00","og_image":[{"width":2560,"height":1696,"url":"https:\/\/lottemaa.ee\/wp-content\/uploads\/2023\/01\/DSC_4357-scaled.jpg","type":"image\/jpeg"}],"twitter_card":"summary_large_image","twitter_misc":{"Est. reading time":"1 min\u016b\u0161u"},"schema":{"@context":"https:\/\/schema.org","@graph":[{"@type":"WebPage","@id":"https:\/\/lottemaa.ee\/lv\/par-lotes-zemi\/izgudrojumi\/oskari-mootorratas\/","url":"https:\/\/lottemaa.ee\/lv\/par-lotes-zemi\/izgudrojumi\/oskari-mootorratas\/","name":"OSKARA MOTOCIKLS | Lottemaa Teemapark","isPartOf":{"@id":"https:\/\/lottemaa.ee\/#website"},"primaryImageOfPage":{"@id":"https:\/\/lottemaa.ee\/lv\/par-lotes-zemi\/izgudrojumi\/oskari-mootorratas\/#primaryimage"},"image":{"@id":"https:\/\/lottemaa.ee\/lv\/par-lotes-zemi\/izgudrojumi\/oskari-mootorratas\/#primaryimage"},"thumbnailUrl":"https:\/\/lottemaa.ee\/wp-content\/uploads\/2023\/01\/DSC_4357-scaled.jpg","datePublished":"2020-08-21T09:48:31+00:00","dateModified":"2024-09-25T13:02:43+00:00","description":"Tas ir Oskara izgudrojums, un ar \u0161o motociklu Lote, Oskars un Klauss dev\u0101s ce\u013cojum\u0101 tad, kad bija nepiecie\u0161ams atkl\u0101t M\u0113nesakmens nosl\u0113pumu.","breadcrumb":{"@id":"https:\/\/lottemaa.ee\/lv\/par-lotes-zemi\/izgudrojumi\/oskari-mootorratas\/#breadcrumb"},"inLanguage":"lv-LV","potentialAction":[{"@type":"ReadAction","target":["https:\/\/lottemaa.ee\/lv\/par-lotes-zemi\/izgudrojumi\/oskari-mootorratas\/"]}]},{"@type":"ImageObject","inLanguage":"lv-LV","@id":"https:\/\/lottemaa.ee\/lv\/par-lotes-zemi\/izgudrojumi\/oskari-mootorratas\/#primaryimage","url":"https:\/\/lottemaa.ee\/wp-content\/uploads\/2023\/01\/DSC_4357-scaled.jpg","contentUrl":"https:\/\/lottemaa.ee\/wp-content\/uploads\/2023\/01\/DSC_4357-scaled.jpg","width":2560,"height":1696},{"@type":"BreadcrumbList","@id":"https:\/\/lottemaa.ee\/lv\/par-lotes-zemi\/izgudrojumi\/oskari-mootorratas\/#breadcrumb","itemListElement":[{"@type":"ListItem","position":1,"name":"Home","item":"https:\/\/lottemaa.ee\/lv\/"},{"@type":"ListItem","position":2,"name":"Diena Lotes zem\u0113","item":"https:\/\/lottemaa.ee\/lv\/par-lotes-zemi\/"},{"@type":"ListItem","position":3,"name":"IZGUDROJUMI","item":"https:\/\/lottemaa.ee\/lv\/par-lotes-zemi\/izgudrojumi\/"},{"@type":"ListItem","position":4,"name":"OSKARA MOTOCIKLS"}]},{"@type":"WebSite","@id":"https:\/\/lottemaa.ee\/#website","url":"https:\/\/lottemaa.ee\/","name":"Lottemaa Teemapark","description":"Baltimaade suurim ja k\u00f5ige \u00e4gedam kogupere teemapark Eestis P\u00e4rnumaal","publisher":{"@id":"https:\/\/lottemaa.ee\/#organization"},"potentialAction":[{"@type":"SearchAction","target":{"@type":"EntryPoint","urlTemplate":"https:\/\/lottemaa.ee\/?s={search_term_string}"},"query-input":{"@type":"PropertyValueSpecification","valueRequired":true,"valueName":"search_term_string"}}],"inLanguage":"lv-LV"},{"@type":"Organization","@id":"https:\/\/lottemaa.ee\/#organization","name":"Lottemaa Teemapark","url":"https:\/\/lottemaa.ee\/","logo":{"@type":"ImageObject","inLanguage":"lv-LV","@id":"https:\/\/lottemaa.ee\/#\/schema\/logo\/image\/","url":"https:\/\/lottemaa.ee\/wp-content\/uploads\/2018\/12\/Lottemaa_LOGO.png","contentUrl":"https:\/\/lottemaa.ee\/wp-content\/uploads\/2018\/12\/Lottemaa_LOGO.png","width":1024,"height":518,"caption":"Lottemaa Teemapark"},"image":{"@id":"https:\/\/lottemaa.ee\/#\/schema\/logo\/image\/"}}]}},"_links":{"self":[{"href":"https:\/\/lottemaa.ee\/lv\/wp-json\/wp\/v2\/pages\/9730","targetHints":{"allow":["GET"]}}],"collection":[{"href":"https:\/\/lottemaa.ee\/lv\/wp-json\/wp\/v2\/pages"}],"about":[{"href":"https:\/\/lottemaa.ee\/lv\/wp-json\/wp\/v2\/types\/page"}],"author":[{"embeddable":true,"href":"https:\/\/lottemaa.ee\/lv\/wp-json\/wp\/v2\/users\/7"}],"replies":[{"embeddable":true,"href":"https:\/\/lottemaa.ee\/lv\/wp-json\/wp\/v2\/comments?post=9730"}],"version-history":[{"count":3,"href":"https:\/\/lottemaa.ee\/lv\/wp-json\/wp\/v2\/pages\/9730\/revisions"}],"predecessor-version":[{"id":20469,"href":"https:\/\/lottemaa.ee\/lv\/wp-json\/wp\/v2\/pages\/9730\/revisions\/20469"}],"up":[{"embeddable":true,"href":"https:\/\/lottemaa.ee\/lv\/wp-json\/wp\/v2\/pages\/4256"}],"wp:featuredmedia":[{"embeddable":true,"href":"https:\/\/lottemaa.ee\/lv\/wp-json\/wp\/v2\/media\/19902"}],"wp:attachment":[{"href":"https:\/\/lottemaa.ee\/lv\/wp-json\/wp\/v2\/media?parent=9730"}],"curies":[{"name":"wp","href":"https:\/\/api.w.org\/{rel}","templated":true}]}}