{"id":9727,"date":"2020-08-21T12:42:24","date_gmt":"2020-08-21T09:42:24","guid":{"rendered":"https:\/\/test.lottemaa.ee\/?page_id=9727"},"modified":"2024-09-25T15:49:13","modified_gmt":"2024-09-25T12:49:13","slug":"paasta-meie-planeet","status":"publish","type":"page","link":"https:\/\/lottemaa.ee\/lv\/par-lotes-zemi\/izgudrojumi\/paasta-meie-planeet\/","title":{"rendered":"IZGL\u0100B M\u016aSU PLAN\u0112TU"},"content":{"rendered":"<p style=\"text-align: left;\"><span lang=\"lv-LV\">SEB, airBaltic un Lotes zemes<strong> LIEL\u0100 IZGUDROJUMU KONKURSA 2020<\/strong> uzvar\u0113t\u0101ju darba \u201c<strong>IZGL\u0100B M\u016aSU PLAN\u0112TU<\/strong>\u201d izgudrojuma autore <\/span><strong><span lang=\"lv-LV\">Emili Matju\u0161enko <\/span><\/strong><span lang=\"lv-LV\">(11 g.)<\/span> <span lang=\"lv-LV\">uzskata, ka ikviens b\u0113rns var izdar\u012bt daudz m\u016bsu vides lab\u0101 &#8211; aiz sevis sav\u0101kt atkritumus, ied\u0113st\u012bt koku vai citu augu, par tiem r\u016bp\u0113ties un nepiecie\u0161am\u012bbas gad\u012bjum\u0101 ar\u012b aplaist\u012bt.<\/span><\/p>\n","protected":false},"excerpt":{"rendered":"<p>SEB, airBaltic un Lotes zemes LIEL\u0100 IZGUDROJUMU KONKURSA 2020 uzvar\u0113t\u0101ju darba \u201cIZGL\u0100B M\u016aSU PLAN\u0112TU\u201d izgudrojuma autore Emili Matju\u0161enko (11 g.) uzskata, ka ikviens b\u0113rns var izdar\u012bt daudz m\u016bsu vides lab\u0101 &#8211; aiz sevis sav\u0101kt atkritumus, ied\u0113st\u012bt koku vai citu augu, par tiem r\u016bp\u0113ties un nepiecie\u0161am\u012bbas gad\u012bjum\u0101 ar\u012b aplaist\u012bt.<\/p>\n","protected":false},"author":7,"featured_media":9464,"parent":4256,"menu_order":360,"comment_status":"closed","ping_status":"closed","template":"","meta":{"_acf_changed":false,"om_disable_all_campaigns":false,"_uf_show_specific_survey":0,"_uf_disable_surveys":false,"footnotes":""},"class_list":["post-9727","page","type-page","status-publish","has-post-thumbnail","hentry"],"acf":[],"yoast_head":"<!-- This site is optimized with the Yoast SEO plugin v25.5 - https:\/\/yoast.com\/wordpress\/plugins\/seo\/ -->\n<title>IZGL\u0100B M\u016aSU PLAN\u0112TU | Lottemaa Teemapark<\/title>\n<meta name=\"description\" content=\"Lottemaa Liel\u0101 izgudrojumu konkursa 2020 uzvar\u0113t\u0101js uzskata, ka ikviens b\u0113rns var daudz dar\u012bt m\u016bsu vides lab\u0101. Vi\u0146as izgudrojums ir iedvesmojies no t\u0101.\" \/>\n<meta name=\"robots\" content=\"index, follow, max-snippet:-1, max-image-preview:large, max-video-preview:-1\" \/>\n<link rel=\"canonical\" href=\"https:\/\/lottemaa.ee\/lv\/par-lotes-zemi\/izgudrojumi\/paasta-meie-planeet\/\" \/>\n<meta property=\"og:locale\" content=\"lv_LV\" \/>\n<meta property=\"og:type\" content=\"article\" \/>\n<meta property=\"og:title\" content=\"IZGL\u0100B M\u016aSU PLAN\u0112TU | Lottemaa Teemapark\" \/>\n<meta property=\"og:description\" content=\"Lottemaa Liel\u0101 izgudrojumu konkursa 2020 uzvar\u0113t\u0101js uzskata, ka ikviens b\u0113rns var daudz dar\u012bt m\u016bsu vides lab\u0101. Vi\u0146as izgudrojums ir iedvesmojies no t\u0101.\" \/>\n<meta property=\"og:url\" content=\"https:\/\/lottemaa.ee\/lv\/par-lotes-zemi\/izgudrojumi\/paasta-meie-planeet\/\" \/>\n<meta property=\"og:site_name\" content=\"Lottemaa Teemapark\" \/>\n<meta property=\"article:modified_time\" content=\"2024-09-25T12:49:13+00:00\" \/>\n<meta property=\"og:image\" content=\"https:\/\/lottemaa.ee\/wp-content\/uploads\/2020\/08\/DSCN3500-1024x768.jpg\" \/>\n\t<meta property=\"og:image:width\" content=\"1024\" \/>\n\t<meta property=\"og:image:height\" content=\"768\" \/>\n\t<meta property=\"og:image:type\" content=\"image\/jpeg\" \/>\n<meta name=\"twitter:card\" content=\"summary_large_image\" \/>\n<meta name=\"twitter:label1\" content=\"Est. reading time\" \/>\n\t<meta name=\"twitter:data1\" content=\"1 min\u016b\u0161u\" \/>\n<script type=\"application\/ld+json\" class=\"yoast-schema-graph\">{\"@context\":\"https:\/\/schema.org\",\"@graph\":[{\"@type\":\"WebPage\",\"@id\":\"https:\/\/lottemaa.ee\/lv\/par-lotes-zemi\/izgudrojumi\/paasta-meie-planeet\/\",\"url\":\"https:\/\/lottemaa.ee\/lv\/par-lotes-zemi\/izgudrojumi\/paasta-meie-planeet\/\",\"name\":\"IZGL\u0100B M\u016aSU PLAN\u0112TU | Lottemaa Teemapark\",\"isPartOf\":{\"@id\":\"https:\/\/lottemaa.ee\/#website\"},\"primaryImageOfPage\":{\"@id\":\"https:\/\/lottemaa.ee\/lv\/par-lotes-zemi\/izgudrojumi\/paasta-meie-planeet\/#primaryimage\"},\"image\":{\"@id\":\"https:\/\/lottemaa.ee\/lv\/par-lotes-zemi\/izgudrojumi\/paasta-meie-planeet\/#primaryimage\"},\"thumbnailUrl\":\"https:\/\/lottemaa.ee\/wp-content\/uploads\/2020\/08\/DSCN3500.jpg\",\"datePublished\":\"2020-08-21T09:42:24+00:00\",\"dateModified\":\"2024-09-25T12:49:13+00:00\",\"description\":\"Lottemaa Liel\u0101 izgudrojumu konkursa 2020 uzvar\u0113t\u0101js uzskata, ka ikviens b\u0113rns var daudz dar\u012bt m\u016bsu vides lab\u0101. Vi\u0146as izgudrojums ir iedvesmojies no t\u0101.\",\"breadcrumb\":{\"@id\":\"https:\/\/lottemaa.ee\/lv\/par-lotes-zemi\/izgudrojumi\/paasta-meie-planeet\/#breadcrumb\"},\"inLanguage\":\"lv-LV\",\"potentialAction\":[{\"@type\":\"ReadAction\",\"target\":[\"https:\/\/lottemaa.ee\/lv\/par-lotes-zemi\/izgudrojumi\/paasta-meie-planeet\/\"]}]},{\"@type\":\"ImageObject\",\"inLanguage\":\"lv-LV\",\"@id\":\"https:\/\/lottemaa.ee\/lv\/par-lotes-zemi\/izgudrojumi\/paasta-meie-planeet\/#primaryimage\",\"url\":\"https:\/\/lottemaa.ee\/wp-content\/uploads\/2020\/08\/DSCN3500.jpg\",\"contentUrl\":\"https:\/\/lottemaa.ee\/wp-content\/uploads\/2020\/08\/DSCN3500.jpg\",\"width\":4608,\"height\":3456},{\"@type\":\"BreadcrumbList\",\"@id\":\"https:\/\/lottemaa.ee\/lv\/par-lotes-zemi\/izgudrojumi\/paasta-meie-planeet\/#breadcrumb\",\"itemListElement\":[{\"@type\":\"ListItem\",\"position\":1,\"name\":\"Home\",\"item\":\"https:\/\/lottemaa.ee\/lv\/\"},{\"@type\":\"ListItem\",\"position\":2,\"name\":\"Diena Lotes zem\u0113\",\"item\":\"https:\/\/lottemaa.ee\/lv\/par-lotes-zemi\/\"},{\"@type\":\"ListItem\",\"position\":3,\"name\":\"IZGUDROJUMI\",\"item\":\"https:\/\/lottemaa.ee\/lv\/par-lotes-zemi\/izgudrojumi\/\"},{\"@type\":\"ListItem\",\"position\":4,\"name\":\"IZGL\u0100B M\u016aSU PLAN\u0112TU\"}]},{\"@type\":\"WebSite\",\"@id\":\"https:\/\/lottemaa.ee\/#website\",\"url\":\"https:\/\/lottemaa.ee\/\",\"name\":\"Lottemaa Teemapark\",\"description\":\"Baltimaade suurim ja k\u00f5ige \u00e4gedam kogupere teemapark Eestis P\u00e4rnumaal\",\"publisher\":{\"@id\":\"https:\/\/lottemaa.ee\/#organization\"},\"potentialAction\":[{\"@type\":\"SearchAction\",\"target\":{\"@type\":\"EntryPoint\",\"urlTemplate\":\"https:\/\/lottemaa.ee\/?s={search_term_string}\"},\"query-input\":{\"@type\":\"PropertyValueSpecification\",\"valueRequired\":true,\"valueName\":\"search_term_string\"}}],\"inLanguage\":\"lv-LV\"},{\"@type\":\"Organization\",\"@id\":\"https:\/\/lottemaa.ee\/#organization\",\"name\":\"Lottemaa Teemapark\",\"url\":\"https:\/\/lottemaa.ee\/\",\"logo\":{\"@type\":\"ImageObject\",\"inLanguage\":\"lv-LV\",\"@id\":\"https:\/\/lottemaa.ee\/#\/schema\/logo\/image\/\",\"url\":\"https:\/\/lottemaa.ee\/wp-content\/uploads\/2018\/12\/Lottemaa_LOGO.png\",\"contentUrl\":\"https:\/\/lottemaa.ee\/wp-content\/uploads\/2018\/12\/Lottemaa_LOGO.png\",\"width\":1024,\"height\":518,\"caption\":\"Lottemaa Teemapark\"},\"image\":{\"@id\":\"https:\/\/lottemaa.ee\/#\/schema\/logo\/image\/\"}}]}<\/script>\n<!-- \/ Yoast SEO plugin. -->","yoast_head_json":{"title":"IZGL\u0100B M\u016aSU PLAN\u0112TU | Lottemaa Teemapark","description":"Lottemaa Liel\u0101 izgudrojumu konkursa 2020 uzvar\u0113t\u0101js uzskata, ka ikviens b\u0113rns var daudz dar\u012bt m\u016bsu vides lab\u0101. Vi\u0146as izgudrojums ir iedvesmojies no t\u0101.","robots":{"index":"index","follow":"follow","max-snippet":"max-snippet:-1","max-image-preview":"max-image-preview:large","max-video-preview":"max-video-preview:-1"},"canonical":"https:\/\/lottemaa.ee\/lv\/par-lotes-zemi\/izgudrojumi\/paasta-meie-planeet\/","og_locale":"lv_LV","og_type":"article","og_title":"IZGL\u0100B M\u016aSU PLAN\u0112TU | Lottemaa Teemapark","og_description":"Lottemaa Liel\u0101 izgudrojumu konkursa 2020 uzvar\u0113t\u0101js uzskata, ka ikviens b\u0113rns var daudz dar\u012bt m\u016bsu vides lab\u0101. Vi\u0146as izgudrojums ir iedvesmojies no t\u0101.","og_url":"https:\/\/lottemaa.ee\/lv\/par-lotes-zemi\/izgudrojumi\/paasta-meie-planeet\/","og_site_name":"Lottemaa Teemapark","article_modified_time":"2024-09-25T12:49:13+00:00","og_image":[{"width":1024,"height":768,"url":"https:\/\/lottemaa.ee\/wp-content\/uploads\/2020\/08\/DSCN3500-1024x768.jpg","type":"image\/jpeg"}],"twitter_card":"summary_large_image","twitter_misc":{"Est. reading time":"1 min\u016b\u0161u"},"schema":{"@context":"https:\/\/schema.org","@graph":[{"@type":"WebPage","@id":"https:\/\/lottemaa.ee\/lv\/par-lotes-zemi\/izgudrojumi\/paasta-meie-planeet\/","url":"https:\/\/lottemaa.ee\/lv\/par-lotes-zemi\/izgudrojumi\/paasta-meie-planeet\/","name":"IZGL\u0100B M\u016aSU PLAN\u0112TU | Lottemaa Teemapark","isPartOf":{"@id":"https:\/\/lottemaa.ee\/#website"},"primaryImageOfPage":{"@id":"https:\/\/lottemaa.ee\/lv\/par-lotes-zemi\/izgudrojumi\/paasta-meie-planeet\/#primaryimage"},"image":{"@id":"https:\/\/lottemaa.ee\/lv\/par-lotes-zemi\/izgudrojumi\/paasta-meie-planeet\/#primaryimage"},"thumbnailUrl":"https:\/\/lottemaa.ee\/wp-content\/uploads\/2020\/08\/DSCN3500.jpg","datePublished":"2020-08-21T09:42:24+00:00","dateModified":"2024-09-25T12:49:13+00:00","description":"Lottemaa Liel\u0101 izgudrojumu konkursa 2020 uzvar\u0113t\u0101js uzskata, ka ikviens b\u0113rns var daudz dar\u012bt m\u016bsu vides lab\u0101. Vi\u0146as izgudrojums ir iedvesmojies no t\u0101.","breadcrumb":{"@id":"https:\/\/lottemaa.ee\/lv\/par-lotes-zemi\/izgudrojumi\/paasta-meie-planeet\/#breadcrumb"},"inLanguage":"lv-LV","potentialAction":[{"@type":"ReadAction","target":["https:\/\/lottemaa.ee\/lv\/par-lotes-zemi\/izgudrojumi\/paasta-meie-planeet\/"]}]},{"@type":"ImageObject","inLanguage":"lv-LV","@id":"https:\/\/lottemaa.ee\/lv\/par-lotes-zemi\/izgudrojumi\/paasta-meie-planeet\/#primaryimage","url":"https:\/\/lottemaa.ee\/wp-content\/uploads\/2020\/08\/DSCN3500.jpg","contentUrl":"https:\/\/lottemaa.ee\/wp-content\/uploads\/2020\/08\/DSCN3500.jpg","width":4608,"height":3456},{"@type":"BreadcrumbList","@id":"https:\/\/lottemaa.ee\/lv\/par-lotes-zemi\/izgudrojumi\/paasta-meie-planeet\/#breadcrumb","itemListElement":[{"@type":"ListItem","position":1,"name":"Home","item":"https:\/\/lottemaa.ee\/lv\/"},{"@type":"ListItem","position":2,"name":"Diena Lotes zem\u0113","item":"https:\/\/lottemaa.ee\/lv\/par-lotes-zemi\/"},{"@type":"ListItem","position":3,"name":"IZGUDROJUMI","item":"https:\/\/lottemaa.ee\/lv\/par-lotes-zemi\/izgudrojumi\/"},{"@type":"ListItem","position":4,"name":"IZGL\u0100B M\u016aSU PLAN\u0112TU"}]},{"@type":"WebSite","@id":"https:\/\/lottemaa.ee\/#website","url":"https:\/\/lottemaa.ee\/","name":"Lottemaa Teemapark","description":"Baltimaade suurim ja k\u00f5ige \u00e4gedam kogupere teemapark Eestis P\u00e4rnumaal","publisher":{"@id":"https:\/\/lottemaa.ee\/#organization"},"potentialAction":[{"@type":"SearchAction","target":{"@type":"EntryPoint","urlTemplate":"https:\/\/lottemaa.ee\/?s={search_term_string}"},"query-input":{"@type":"PropertyValueSpecification","valueRequired":true,"valueName":"search_term_string"}}],"inLanguage":"lv-LV"},{"@type":"Organization","@id":"https:\/\/lottemaa.ee\/#organization","name":"Lottemaa Teemapark","url":"https:\/\/lottemaa.ee\/","logo":{"@type":"ImageObject","inLanguage":"lv-LV","@id":"https:\/\/lottemaa.ee\/#\/schema\/logo\/image\/","url":"https:\/\/lottemaa.ee\/wp-content\/uploads\/2018\/12\/Lottemaa_LOGO.png","contentUrl":"https:\/\/lottemaa.ee\/wp-content\/uploads\/2018\/12\/Lottemaa_LOGO.png","width":1024,"height":518,"caption":"Lottemaa Teemapark"},"image":{"@id":"https:\/\/lottemaa.ee\/#\/schema\/logo\/image\/"}}]}},"_links":{"self":[{"href":"https:\/\/lottemaa.ee\/lv\/wp-json\/wp\/v2\/pages\/9727","targetHints":{"allow":["GET"]}}],"collection":[{"href":"https:\/\/lottemaa.ee\/lv\/wp-json\/wp\/v2\/pages"}],"about":[{"href":"https:\/\/lottemaa.ee\/lv\/wp-json\/wp\/v2\/types\/page"}],"author":[{"embeddable":true,"href":"https:\/\/lottemaa.ee\/lv\/wp-json\/wp\/v2\/users\/7"}],"replies":[{"embeddable":true,"href":"https:\/\/lottemaa.ee\/lv\/wp-json\/wp\/v2\/comments?post=9727"}],"version-history":[{"count":4,"href":"https:\/\/lottemaa.ee\/lv\/wp-json\/wp\/v2\/pages\/9727\/revisions"}],"predecessor-version":[{"id":27946,"href":"https:\/\/lottemaa.ee\/lv\/wp-json\/wp\/v2\/pages\/9727\/revisions\/27946"}],"up":[{"embeddable":true,"href":"https:\/\/lottemaa.ee\/lv\/wp-json\/wp\/v2\/pages\/4256"}],"wp:featuredmedia":[{"embeddable":true,"href":"https:\/\/lottemaa.ee\/lv\/wp-json\/wp\/v2\/media\/9464"}],"wp:attachment":[{"href":"https:\/\/lottemaa.ee\/lv\/wp-json\/wp\/v2\/media?parent=9727"}],"curies":[{"name":"wp","href":"https:\/\/api.w.org\/{rel}","templated":true}]}}