{"id":9725,"date":"2020-08-21T12:40:25","date_gmt":"2020-08-21T09:40:25","guid":{"rendered":"https:\/\/test.lottemaa.ee\/?page_id=9725"},"modified":"2024-09-25T15:50:37","modified_gmt":"2024-09-25T12:50:37","slug":"roomumeeter","status":"publish","type":"page","link":"https:\/\/lottemaa.ee\/lv\/par-lotes-zemi\/izgudrojumi\/roomumeeter\/","title":{"rendered":"PRIEKA M\u0112R\u012aT\u0100JS"},"content":{"rendered":"<p style=\"text-align: left;\"><span lang=\"lv-LV\">SEB un Lotes zemes <strong>LIEL\u0100 IZGUDROJUMU KONKURSA 2019<\/strong> uzvar\u0113t\u0101ju darba \u201c<strong>PRIEKA M\u0112R\u012aT\u0100JS<\/strong>\u201d autoru <\/span><span lang=\"lv-LV\"><strong>Eleonoras<\/strong> <\/span><span lang=\"lv-LV\">(5 g.) un <\/span><span lang=\"lv-LV\"><strong>Gustava Juhkami<\/strong> <\/span><span lang=\"lv-LV\">(3 g.) izgudrojuma m\u0113r\u0137is ir kontrol\u0113t k\u0101 b\u0113rniem, t\u0101 pieaugu\u0161ajiem tik svar\u012bgo prieka l\u012bmeni organism\u0101. <\/span><\/p>\n<p style=\"text-align: left;\"><span lang=\"lv-LV\">B\u0113rnu izgudrotais prieka m\u0113r\u012b\u0161anas process ir jautrs un rota\u013c\u012bgs, k\u0101 ar\u012b sag\u0101d\u0101 daudz prieka br\u012b\u017eu. <\/span><\/p>\n","protected":false},"excerpt":{"rendered":"<p>SEB un Lotes zemes LIEL\u0100 IZGUDROJUMU KONKURSA 2019 uzvar\u0113t\u0101ju darba \u201cPRIEKA M\u0112R\u012aT\u0100JS\u201d autoru Eleonoras (5 g.) un Gustava Juhkami (3 g.) izgudrojuma m\u0113r\u0137is ir kontrol\u0113t k\u0101 b\u0113rniem, t\u0101 pieaugu\u0161ajiem tik svar\u012bgo prieka l\u012bmeni organism\u0101. B\u0113rnu izgudrotais prieka m\u0113r\u012b\u0161anas process ir jautrs un rota\u013c\u012bgs, k\u0101 ar\u012b sag\u0101d\u0101 daudz prieka br\u012b\u017eu.<\/p>\n","protected":false},"author":7,"featured_media":13321,"parent":4256,"menu_order":379,"comment_status":"closed","ping_status":"closed","template":"","meta":{"_acf_changed":false,"om_disable_all_campaigns":false,"_uf_show_specific_survey":0,"_uf_disable_surveys":false,"footnotes":""},"class_list":["post-9725","page","type-page","status-publish","has-post-thumbnail","hentry"],"acf":[],"yoast_head":"<!-- This site is optimized with the Yoast SEO plugin v25.5 - https:\/\/yoast.com\/wordpress\/plugins\/seo\/ -->\n<title>PRIEKA M\u0112R\u012aT\u0100JS | Lottemaa Teemapark<\/title>\n<meta name=\"description\" content=\"2019. gada liel\u0101 izgudrojumu konkursa uzvar\u0113t\u0101js bija prieka m\u0113r\u012bt\u0101js. T\u0101 m\u0113r\u0137is ir kontrol\u0113t prieka l\u012bmeni organism\u0101.\" \/>\n<meta name=\"robots\" content=\"index, follow, max-snippet:-1, max-image-preview:large, max-video-preview:-1\" \/>\n<link rel=\"canonical\" href=\"https:\/\/lottemaa.ee\/lv\/par-lotes-zemi\/izgudrojumi\/roomumeeter\/\" \/>\n<meta property=\"og:locale\" content=\"lv_LV\" \/>\n<meta property=\"og:type\" content=\"article\" \/>\n<meta property=\"og:title\" content=\"PRIEKA M\u0112R\u012aT\u0100JS | Lottemaa Teemapark\" \/>\n<meta property=\"og:description\" content=\"2019. gada liel\u0101 izgudrojumu konkursa uzvar\u0113t\u0101js bija prieka m\u0113r\u012bt\u0101js. T\u0101 m\u0113r\u0137is ir kontrol\u0113t prieka l\u012bmeni organism\u0101.\" \/>\n<meta property=\"og:url\" content=\"https:\/\/lottemaa.ee\/lv\/par-lotes-zemi\/izgudrojumi\/roomumeeter\/\" \/>\n<meta property=\"og:site_name\" content=\"Lottemaa Teemapark\" \/>\n<meta property=\"article:modified_time\" content=\"2024-09-25T12:50:37+00:00\" \/>\n<meta property=\"og:image\" content=\"https:\/\/lottemaa.ee\/wp-content\/uploads\/2022\/04\/DSC_7049-scaled.jpg\" \/>\n\t<meta property=\"og:image:width\" content=\"2560\" \/>\n\t<meta property=\"og:image:height\" content=\"1696\" \/>\n\t<meta property=\"og:image:type\" content=\"image\/jpeg\" \/>\n<meta name=\"twitter:card\" content=\"summary_large_image\" \/>\n<meta name=\"twitter:label1\" content=\"Est. reading time\" \/>\n\t<meta name=\"twitter:data1\" content=\"1 min\u016b\u0161u\" \/>\n<script type=\"application\/ld+json\" class=\"yoast-schema-graph\">{\"@context\":\"https:\/\/schema.org\",\"@graph\":[{\"@type\":\"WebPage\",\"@id\":\"https:\/\/lottemaa.ee\/lv\/par-lotes-zemi\/izgudrojumi\/roomumeeter\/\",\"url\":\"https:\/\/lottemaa.ee\/lv\/par-lotes-zemi\/izgudrojumi\/roomumeeter\/\",\"name\":\"PRIEKA M\u0112R\u012aT\u0100JS | Lottemaa Teemapark\",\"isPartOf\":{\"@id\":\"https:\/\/lottemaa.ee\/#website\"},\"primaryImageOfPage\":{\"@id\":\"https:\/\/lottemaa.ee\/lv\/par-lotes-zemi\/izgudrojumi\/roomumeeter\/#primaryimage\"},\"image\":{\"@id\":\"https:\/\/lottemaa.ee\/lv\/par-lotes-zemi\/izgudrojumi\/roomumeeter\/#primaryimage\"},\"thumbnailUrl\":\"https:\/\/lottemaa.ee\/wp-content\/uploads\/2022\/04\/DSC_7049-scaled.jpg\",\"datePublished\":\"2020-08-21T09:40:25+00:00\",\"dateModified\":\"2024-09-25T12:50:37+00:00\",\"description\":\"2019. gada liel\u0101 izgudrojumu konkursa uzvar\u0113t\u0101js bija prieka m\u0113r\u012bt\u0101js. T\u0101 m\u0113r\u0137is ir kontrol\u0113t prieka l\u012bmeni organism\u0101.\",\"breadcrumb\":{\"@id\":\"https:\/\/lottemaa.ee\/lv\/par-lotes-zemi\/izgudrojumi\/roomumeeter\/#breadcrumb\"},\"inLanguage\":\"lv-LV\",\"potentialAction\":[{\"@type\":\"ReadAction\",\"target\":[\"https:\/\/lottemaa.ee\/lv\/par-lotes-zemi\/izgudrojumi\/roomumeeter\/\"]}]},{\"@type\":\"ImageObject\",\"inLanguage\":\"lv-LV\",\"@id\":\"https:\/\/lottemaa.ee\/lv\/par-lotes-zemi\/izgudrojumi\/roomumeeter\/#primaryimage\",\"url\":\"https:\/\/lottemaa.ee\/wp-content\/uploads\/2022\/04\/DSC_7049-scaled.jpg\",\"contentUrl\":\"https:\/\/lottemaa.ee\/wp-content\/uploads\/2022\/04\/DSC_7049-scaled.jpg\",\"width\":2560,\"height\":1696},{\"@type\":\"BreadcrumbList\",\"@id\":\"https:\/\/lottemaa.ee\/lv\/par-lotes-zemi\/izgudrojumi\/roomumeeter\/#breadcrumb\",\"itemListElement\":[{\"@type\":\"ListItem\",\"position\":1,\"name\":\"Home\",\"item\":\"https:\/\/lottemaa.ee\/lv\/\"},{\"@type\":\"ListItem\",\"position\":2,\"name\":\"Diena Lotes zem\u0113\",\"item\":\"https:\/\/lottemaa.ee\/lv\/par-lotes-zemi\/\"},{\"@type\":\"ListItem\",\"position\":3,\"name\":\"IZGUDROJUMI\",\"item\":\"https:\/\/lottemaa.ee\/lv\/par-lotes-zemi\/izgudrojumi\/\"},{\"@type\":\"ListItem\",\"position\":4,\"name\":\"PRIEKA M\u0112R\u012aT\u0100JS\"}]},{\"@type\":\"WebSite\",\"@id\":\"https:\/\/lottemaa.ee\/#website\",\"url\":\"https:\/\/lottemaa.ee\/\",\"name\":\"Lottemaa Teemapark\",\"description\":\"Baltimaade suurim ja k\u00f5ige \u00e4gedam kogupere teemapark Eestis P\u00e4rnumaal\",\"publisher\":{\"@id\":\"https:\/\/lottemaa.ee\/#organization\"},\"potentialAction\":[{\"@type\":\"SearchAction\",\"target\":{\"@type\":\"EntryPoint\",\"urlTemplate\":\"https:\/\/lottemaa.ee\/?s={search_term_string}\"},\"query-input\":{\"@type\":\"PropertyValueSpecification\",\"valueRequired\":true,\"valueName\":\"search_term_string\"}}],\"inLanguage\":\"lv-LV\"},{\"@type\":\"Organization\",\"@id\":\"https:\/\/lottemaa.ee\/#organization\",\"name\":\"Lottemaa Teemapark\",\"url\":\"https:\/\/lottemaa.ee\/\",\"logo\":{\"@type\":\"ImageObject\",\"inLanguage\":\"lv-LV\",\"@id\":\"https:\/\/lottemaa.ee\/#\/schema\/logo\/image\/\",\"url\":\"https:\/\/lottemaa.ee\/wp-content\/uploads\/2018\/12\/Lottemaa_LOGO.png\",\"contentUrl\":\"https:\/\/lottemaa.ee\/wp-content\/uploads\/2018\/12\/Lottemaa_LOGO.png\",\"width\":1024,\"height\":518,\"caption\":\"Lottemaa Teemapark\"},\"image\":{\"@id\":\"https:\/\/lottemaa.ee\/#\/schema\/logo\/image\/\"}}]}<\/script>\n<!-- \/ Yoast SEO plugin. -->","yoast_head_json":{"title":"PRIEKA M\u0112R\u012aT\u0100JS | Lottemaa Teemapark","description":"2019. gada liel\u0101 izgudrojumu konkursa uzvar\u0113t\u0101js bija prieka m\u0113r\u012bt\u0101js. T\u0101 m\u0113r\u0137is ir kontrol\u0113t prieka l\u012bmeni organism\u0101.","robots":{"index":"index","follow":"follow","max-snippet":"max-snippet:-1","max-image-preview":"max-image-preview:large","max-video-preview":"max-video-preview:-1"},"canonical":"https:\/\/lottemaa.ee\/lv\/par-lotes-zemi\/izgudrojumi\/roomumeeter\/","og_locale":"lv_LV","og_type":"article","og_title":"PRIEKA M\u0112R\u012aT\u0100JS | Lottemaa Teemapark","og_description":"2019. gada liel\u0101 izgudrojumu konkursa uzvar\u0113t\u0101js bija prieka m\u0113r\u012bt\u0101js. T\u0101 m\u0113r\u0137is ir kontrol\u0113t prieka l\u012bmeni organism\u0101.","og_url":"https:\/\/lottemaa.ee\/lv\/par-lotes-zemi\/izgudrojumi\/roomumeeter\/","og_site_name":"Lottemaa Teemapark","article_modified_time":"2024-09-25T12:50:37+00:00","og_image":[{"width":2560,"height":1696,"url":"https:\/\/lottemaa.ee\/wp-content\/uploads\/2022\/04\/DSC_7049-scaled.jpg","type":"image\/jpeg"}],"twitter_card":"summary_large_image","twitter_misc":{"Est. reading time":"1 min\u016b\u0161u"},"schema":{"@context":"https:\/\/schema.org","@graph":[{"@type":"WebPage","@id":"https:\/\/lottemaa.ee\/lv\/par-lotes-zemi\/izgudrojumi\/roomumeeter\/","url":"https:\/\/lottemaa.ee\/lv\/par-lotes-zemi\/izgudrojumi\/roomumeeter\/","name":"PRIEKA M\u0112R\u012aT\u0100JS | Lottemaa Teemapark","isPartOf":{"@id":"https:\/\/lottemaa.ee\/#website"},"primaryImageOfPage":{"@id":"https:\/\/lottemaa.ee\/lv\/par-lotes-zemi\/izgudrojumi\/roomumeeter\/#primaryimage"},"image":{"@id":"https:\/\/lottemaa.ee\/lv\/par-lotes-zemi\/izgudrojumi\/roomumeeter\/#primaryimage"},"thumbnailUrl":"https:\/\/lottemaa.ee\/wp-content\/uploads\/2022\/04\/DSC_7049-scaled.jpg","datePublished":"2020-08-21T09:40:25+00:00","dateModified":"2024-09-25T12:50:37+00:00","description":"2019. gada liel\u0101 izgudrojumu konkursa uzvar\u0113t\u0101js bija prieka m\u0113r\u012bt\u0101js. T\u0101 m\u0113r\u0137is ir kontrol\u0113t prieka l\u012bmeni organism\u0101.","breadcrumb":{"@id":"https:\/\/lottemaa.ee\/lv\/par-lotes-zemi\/izgudrojumi\/roomumeeter\/#breadcrumb"},"inLanguage":"lv-LV","potentialAction":[{"@type":"ReadAction","target":["https:\/\/lottemaa.ee\/lv\/par-lotes-zemi\/izgudrojumi\/roomumeeter\/"]}]},{"@type":"ImageObject","inLanguage":"lv-LV","@id":"https:\/\/lottemaa.ee\/lv\/par-lotes-zemi\/izgudrojumi\/roomumeeter\/#primaryimage","url":"https:\/\/lottemaa.ee\/wp-content\/uploads\/2022\/04\/DSC_7049-scaled.jpg","contentUrl":"https:\/\/lottemaa.ee\/wp-content\/uploads\/2022\/04\/DSC_7049-scaled.jpg","width":2560,"height":1696},{"@type":"BreadcrumbList","@id":"https:\/\/lottemaa.ee\/lv\/par-lotes-zemi\/izgudrojumi\/roomumeeter\/#breadcrumb","itemListElement":[{"@type":"ListItem","position":1,"name":"Home","item":"https:\/\/lottemaa.ee\/lv\/"},{"@type":"ListItem","position":2,"name":"Diena Lotes zem\u0113","item":"https:\/\/lottemaa.ee\/lv\/par-lotes-zemi\/"},{"@type":"ListItem","position":3,"name":"IZGUDROJUMI","item":"https:\/\/lottemaa.ee\/lv\/par-lotes-zemi\/izgudrojumi\/"},{"@type":"ListItem","position":4,"name":"PRIEKA M\u0112R\u012aT\u0100JS"}]},{"@type":"WebSite","@id":"https:\/\/lottemaa.ee\/#website","url":"https:\/\/lottemaa.ee\/","name":"Lottemaa Teemapark","description":"Baltimaade suurim ja k\u00f5ige \u00e4gedam kogupere teemapark Eestis P\u00e4rnumaal","publisher":{"@id":"https:\/\/lottemaa.ee\/#organization"},"potentialAction":[{"@type":"SearchAction","target":{"@type":"EntryPoint","urlTemplate":"https:\/\/lottemaa.ee\/?s={search_term_string}"},"query-input":{"@type":"PropertyValueSpecification","valueRequired":true,"valueName":"search_term_string"}}],"inLanguage":"lv-LV"},{"@type":"Organization","@id":"https:\/\/lottemaa.ee\/#organization","name":"Lottemaa Teemapark","url":"https:\/\/lottemaa.ee\/","logo":{"@type":"ImageObject","inLanguage":"lv-LV","@id":"https:\/\/lottemaa.ee\/#\/schema\/logo\/image\/","url":"https:\/\/lottemaa.ee\/wp-content\/uploads\/2018\/12\/Lottemaa_LOGO.png","contentUrl":"https:\/\/lottemaa.ee\/wp-content\/uploads\/2018\/12\/Lottemaa_LOGO.png","width":1024,"height":518,"caption":"Lottemaa Teemapark"},"image":{"@id":"https:\/\/lottemaa.ee\/#\/schema\/logo\/image\/"}}]}},"_links":{"self":[{"href":"https:\/\/lottemaa.ee\/lv\/wp-json\/wp\/v2\/pages\/9725","targetHints":{"allow":["GET"]}}],"collection":[{"href":"https:\/\/lottemaa.ee\/lv\/wp-json\/wp\/v2\/pages"}],"about":[{"href":"https:\/\/lottemaa.ee\/lv\/wp-json\/wp\/v2\/types\/page"}],"author":[{"embeddable":true,"href":"https:\/\/lottemaa.ee\/lv\/wp-json\/wp\/v2\/users\/7"}],"replies":[{"embeddable":true,"href":"https:\/\/lottemaa.ee\/lv\/wp-json\/wp\/v2\/comments?post=9725"}],"version-history":[{"count":5,"href":"https:\/\/lottemaa.ee\/lv\/wp-json\/wp\/v2\/pages\/9725\/revisions"}],"predecessor-version":[{"id":28547,"href":"https:\/\/lottemaa.ee\/lv\/wp-json\/wp\/v2\/pages\/9725\/revisions\/28547"}],"up":[{"embeddable":true,"href":"https:\/\/lottemaa.ee\/lv\/wp-json\/wp\/v2\/pages\/4256"}],"wp:featuredmedia":[{"embeddable":true,"href":"https:\/\/lottemaa.ee\/lv\/wp-json\/wp\/v2\/media\/13321"}],"wp:attachment":[{"href":"https:\/\/lottemaa.ee\/lv\/wp-json\/wp\/v2\/media?parent=9725"}],"curies":[{"name":"wp","href":"https:\/\/api.w.org\/{rel}","templated":true}]}}