{"id":9723,"date":"2020-08-21T12:38:13","date_gmt":"2020-08-21T09:38:13","guid":{"rendered":"https:\/\/test.lottemaa.ee\/?page_id=9723"},"modified":"2024-09-25T16:00:39","modified_gmt":"2024-09-25T13:00:39","slug":"kommipaberiavaja","status":"publish","type":"page","link":"https:\/\/lottemaa.ee\/lv\/par-lotes-zemi\/izgudrojumi\/kommipaberiavaja\/","title":{"rendered":"KONFEK\u0160U PAP\u012aRU ATV\u0112R\u0112JS"},"content":{"rendered":"<p style=\"text-align: left;\"><span lang=\"lv-LV\">SEB un Lotes zemes <strong>LIEL\u0100 IZGUDROJUMU KONKURSA <\/strong><\/span><strong><span lang=\"lv-LV\">2018<\/span><\/strong><span lang=\"lv-LV\">\u00a0uzvar\u0113t\u0101ju <\/span><span lang=\"lv-LV\"><strong>Emili<\/strong> un <strong>Mattiasa<\/strong> <\/span><strong><span lang=\"lv-LV\">K\u00f5onurme<\/span><\/strong><span lang=\"lv-LV\"> darbs <strong>\u201c<\/strong><\/span><span lang=\"lv-LV\"><strong>KONFEK\u0160U PAP\u012aRU ATV\u0112R\u0112JS\u201d<\/strong> ir izgudrojums, ar kura pal\u012bdz\u012bbu konfek\u0161u pap\u012bru attais\u012b\u0161anas process ir padar\u012bts rota\u013c\u012bgs, k\u0101 ar\u012b pieprasa zin\u0101mu fizisku piep\u016bli. B\u0113rnu vec\u0101kiem pat\u012bk tas, ka pieeja ma\u0161\u012bnai ir ierobe\u017eota ar atsl\u0113gu. <\/span><\/p>\n","protected":false},"excerpt":{"rendered":"<p>SEB un Lotes zemes LIEL\u0100 IZGUDROJUMU KONKURSA 2018\u00a0uzvar\u0113t\u0101ju Emili un Mattiasa K\u00f5onurme darbs \u201cKONFEK\u0160U PAP\u012aRU ATV\u0112R\u0112JS\u201d ir izgudrojums, ar kura pal\u012bdz\u012bbu konfek\u0161u pap\u012bru attais\u012b\u0161anas process ir padar\u012bts rota\u013c\u012bgs, k\u0101 ar\u012b pieprasa zin\u0101mu fizisku piep\u016bli. B\u0113rnu vec\u0101kiem pat\u012bk tas, ka pieeja ma\u0161\u012bnai ir ierobe\u017eota ar atsl\u0113gu.<\/p>\n","protected":false},"author":7,"featured_media":9432,"parent":4256,"menu_order":380,"comment_status":"closed","ping_status":"closed","template":"","meta":{"_acf_changed":false,"om_disable_all_campaigns":false,"_uf_show_specific_survey":0,"_uf_disable_surveys":false,"footnotes":""},"class_list":["post-9723","page","type-page","status-publish","has-post-thumbnail","hentry"],"acf":[],"yoast_head":"<!-- This site is optimized with the Yoast SEO plugin v25.5 - https:\/\/yoast.com\/wordpress\/plugins\/seo\/ -->\n<title>KONFEK\u0160U PAP\u012aRU ATV\u0112R\u0112JS | Lottemaa Teemapark<\/title>\n<meta name=\"description\" content=\"Lottemaa Liel\u0101 izgudrojumu konkursa 2018 uzvar\u0113t\u0101js - konfek\u0161u pap\u012bru atv\u0113r\u0113js - ir izgudrojums, kas padara konfek\u0161u pap\u012bru atv\u0113r\u0161anas procesu rota\u013c\u012bgu.\" \/>\n<meta name=\"robots\" content=\"index, follow, max-snippet:-1, max-image-preview:large, max-video-preview:-1\" \/>\n<link rel=\"canonical\" href=\"https:\/\/lottemaa.ee\/lv\/par-lotes-zemi\/izgudrojumi\/kommipaberiavaja\/\" \/>\n<meta property=\"og:locale\" content=\"lv_LV\" \/>\n<meta property=\"og:type\" content=\"article\" \/>\n<meta property=\"og:title\" content=\"KONFEK\u0160U PAP\u012aRU ATV\u0112R\u0112JS | Lottemaa Teemapark\" \/>\n<meta property=\"og:description\" content=\"Lottemaa Liel\u0101 izgudrojumu konkursa 2018 uzvar\u0113t\u0101js - konfek\u0161u pap\u012bru atv\u0113r\u0113js - ir izgudrojums, kas padara konfek\u0161u pap\u012bru atv\u0113r\u0161anas procesu rota\u013c\u012bgu.\" \/>\n<meta property=\"og:url\" content=\"https:\/\/lottemaa.ee\/lv\/par-lotes-zemi\/izgudrojumi\/kommipaberiavaja\/\" \/>\n<meta property=\"og:site_name\" content=\"Lottemaa Teemapark\" \/>\n<meta property=\"article:modified_time\" content=\"2024-09-25T13:00:39+00:00\" \/>\n<meta property=\"og:image\" content=\"https:\/\/lottemaa.ee\/wp-content\/uploads\/2020\/08\/DSC_7636.jpg\" \/>\n\t<meta property=\"og:image:width\" content=\"4928\" \/>\n\t<meta property=\"og:image:height\" content=\"3264\" \/>\n\t<meta property=\"og:image:type\" content=\"image\/jpeg\" \/>\n<meta name=\"twitter:card\" content=\"summary_large_image\" \/>\n<meta name=\"twitter:label1\" content=\"Est. reading time\" \/>\n\t<meta name=\"twitter:data1\" content=\"1 min\u016b\u0161u\" \/>\n<script type=\"application\/ld+json\" class=\"yoast-schema-graph\">{\"@context\":\"https:\/\/schema.org\",\"@graph\":[{\"@type\":\"WebPage\",\"@id\":\"https:\/\/lottemaa.ee\/lv\/par-lotes-zemi\/izgudrojumi\/kommipaberiavaja\/\",\"url\":\"https:\/\/lottemaa.ee\/lv\/par-lotes-zemi\/izgudrojumi\/kommipaberiavaja\/\",\"name\":\"KONFEK\u0160U PAP\u012aRU ATV\u0112R\u0112JS | Lottemaa Teemapark\",\"isPartOf\":{\"@id\":\"https:\/\/lottemaa.ee\/#website\"},\"primaryImageOfPage\":{\"@id\":\"https:\/\/lottemaa.ee\/lv\/par-lotes-zemi\/izgudrojumi\/kommipaberiavaja\/#primaryimage\"},\"image\":{\"@id\":\"https:\/\/lottemaa.ee\/lv\/par-lotes-zemi\/izgudrojumi\/kommipaberiavaja\/#primaryimage\"},\"thumbnailUrl\":\"https:\/\/lottemaa.ee\/wp-content\/uploads\/2020\/08\/DSC_7636.jpg\",\"datePublished\":\"2020-08-21T09:38:13+00:00\",\"dateModified\":\"2024-09-25T13:00:39+00:00\",\"description\":\"Lottemaa Liel\u0101 izgudrojumu konkursa 2018 uzvar\u0113t\u0101js - konfek\u0161u pap\u012bru atv\u0113r\u0113js - ir izgudrojums, kas padara konfek\u0161u pap\u012bru atv\u0113r\u0161anas procesu rota\u013c\u012bgu.\",\"breadcrumb\":{\"@id\":\"https:\/\/lottemaa.ee\/lv\/par-lotes-zemi\/izgudrojumi\/kommipaberiavaja\/#breadcrumb\"},\"inLanguage\":\"lv-LV\",\"potentialAction\":[{\"@type\":\"ReadAction\",\"target\":[\"https:\/\/lottemaa.ee\/lv\/par-lotes-zemi\/izgudrojumi\/kommipaberiavaja\/\"]}]},{\"@type\":\"ImageObject\",\"inLanguage\":\"lv-LV\",\"@id\":\"https:\/\/lottemaa.ee\/lv\/par-lotes-zemi\/izgudrojumi\/kommipaberiavaja\/#primaryimage\",\"url\":\"https:\/\/lottemaa.ee\/wp-content\/uploads\/2020\/08\/DSC_7636.jpg\",\"contentUrl\":\"https:\/\/lottemaa.ee\/wp-content\/uploads\/2020\/08\/DSC_7636.jpg\",\"width\":4928,\"height\":3264},{\"@type\":\"BreadcrumbList\",\"@id\":\"https:\/\/lottemaa.ee\/lv\/par-lotes-zemi\/izgudrojumi\/kommipaberiavaja\/#breadcrumb\",\"itemListElement\":[{\"@type\":\"ListItem\",\"position\":1,\"name\":\"Home\",\"item\":\"https:\/\/lottemaa.ee\/lv\/\"},{\"@type\":\"ListItem\",\"position\":2,\"name\":\"Diena Lotes zem\u0113\",\"item\":\"https:\/\/lottemaa.ee\/lv\/par-lotes-zemi\/\"},{\"@type\":\"ListItem\",\"position\":3,\"name\":\"IZGUDROJUMI\",\"item\":\"https:\/\/lottemaa.ee\/lv\/par-lotes-zemi\/izgudrojumi\/\"},{\"@type\":\"ListItem\",\"position\":4,\"name\":\"KONFEK\u0160U PAP\u012aRU ATV\u0112R\u0112JS\"}]},{\"@type\":\"WebSite\",\"@id\":\"https:\/\/lottemaa.ee\/#website\",\"url\":\"https:\/\/lottemaa.ee\/\",\"name\":\"Lottemaa Teemapark\",\"description\":\"Baltimaade suurim ja k\u00f5ige \u00e4gedam kogupere teemapark Eestis P\u00e4rnumaal\",\"publisher\":{\"@id\":\"https:\/\/lottemaa.ee\/#organization\"},\"potentialAction\":[{\"@type\":\"SearchAction\",\"target\":{\"@type\":\"EntryPoint\",\"urlTemplate\":\"https:\/\/lottemaa.ee\/?s={search_term_string}\"},\"query-input\":{\"@type\":\"PropertyValueSpecification\",\"valueRequired\":true,\"valueName\":\"search_term_string\"}}],\"inLanguage\":\"lv-LV\"},{\"@type\":\"Organization\",\"@id\":\"https:\/\/lottemaa.ee\/#organization\",\"name\":\"Lottemaa Teemapark\",\"url\":\"https:\/\/lottemaa.ee\/\",\"logo\":{\"@type\":\"ImageObject\",\"inLanguage\":\"lv-LV\",\"@id\":\"https:\/\/lottemaa.ee\/#\/schema\/logo\/image\/\",\"url\":\"https:\/\/lottemaa.ee\/wp-content\/uploads\/2018\/12\/Lottemaa_LOGO.png\",\"contentUrl\":\"https:\/\/lottemaa.ee\/wp-content\/uploads\/2018\/12\/Lottemaa_LOGO.png\",\"width\":1024,\"height\":518,\"caption\":\"Lottemaa Teemapark\"},\"image\":{\"@id\":\"https:\/\/lottemaa.ee\/#\/schema\/logo\/image\/\"}}]}<\/script>\n<!-- \/ Yoast SEO plugin. -->","yoast_head_json":{"title":"KONFEK\u0160U PAP\u012aRU ATV\u0112R\u0112JS | Lottemaa Teemapark","description":"Lottemaa Liel\u0101 izgudrojumu konkursa 2018 uzvar\u0113t\u0101js - konfek\u0161u pap\u012bru atv\u0113r\u0113js - ir izgudrojums, kas padara konfek\u0161u pap\u012bru atv\u0113r\u0161anas procesu rota\u013c\u012bgu.","robots":{"index":"index","follow":"follow","max-snippet":"max-snippet:-1","max-image-preview":"max-image-preview:large","max-video-preview":"max-video-preview:-1"},"canonical":"https:\/\/lottemaa.ee\/lv\/par-lotes-zemi\/izgudrojumi\/kommipaberiavaja\/","og_locale":"lv_LV","og_type":"article","og_title":"KONFEK\u0160U PAP\u012aRU ATV\u0112R\u0112JS | Lottemaa Teemapark","og_description":"Lottemaa Liel\u0101 izgudrojumu konkursa 2018 uzvar\u0113t\u0101js - konfek\u0161u pap\u012bru atv\u0113r\u0113js - ir izgudrojums, kas padara konfek\u0161u pap\u012bru atv\u0113r\u0161anas procesu rota\u013c\u012bgu.","og_url":"https:\/\/lottemaa.ee\/lv\/par-lotes-zemi\/izgudrojumi\/kommipaberiavaja\/","og_site_name":"Lottemaa Teemapark","article_modified_time":"2024-09-25T13:00:39+00:00","og_image":[{"width":4928,"height":3264,"url":"https:\/\/lottemaa.ee\/wp-content\/uploads\/2020\/08\/DSC_7636.jpg","type":"image\/jpeg"}],"twitter_card":"summary_large_image","twitter_misc":{"Est. reading time":"1 min\u016b\u0161u"},"schema":{"@context":"https:\/\/schema.org","@graph":[{"@type":"WebPage","@id":"https:\/\/lottemaa.ee\/lv\/par-lotes-zemi\/izgudrojumi\/kommipaberiavaja\/","url":"https:\/\/lottemaa.ee\/lv\/par-lotes-zemi\/izgudrojumi\/kommipaberiavaja\/","name":"KONFEK\u0160U PAP\u012aRU ATV\u0112R\u0112JS | Lottemaa Teemapark","isPartOf":{"@id":"https:\/\/lottemaa.ee\/#website"},"primaryImageOfPage":{"@id":"https:\/\/lottemaa.ee\/lv\/par-lotes-zemi\/izgudrojumi\/kommipaberiavaja\/#primaryimage"},"image":{"@id":"https:\/\/lottemaa.ee\/lv\/par-lotes-zemi\/izgudrojumi\/kommipaberiavaja\/#primaryimage"},"thumbnailUrl":"https:\/\/lottemaa.ee\/wp-content\/uploads\/2020\/08\/DSC_7636.jpg","datePublished":"2020-08-21T09:38:13+00:00","dateModified":"2024-09-25T13:00:39+00:00","description":"Lottemaa Liel\u0101 izgudrojumu konkursa 2018 uzvar\u0113t\u0101js - konfek\u0161u pap\u012bru atv\u0113r\u0113js - ir izgudrojums, kas padara konfek\u0161u pap\u012bru atv\u0113r\u0161anas procesu rota\u013c\u012bgu.","breadcrumb":{"@id":"https:\/\/lottemaa.ee\/lv\/par-lotes-zemi\/izgudrojumi\/kommipaberiavaja\/#breadcrumb"},"inLanguage":"lv-LV","potentialAction":[{"@type":"ReadAction","target":["https:\/\/lottemaa.ee\/lv\/par-lotes-zemi\/izgudrojumi\/kommipaberiavaja\/"]}]},{"@type":"ImageObject","inLanguage":"lv-LV","@id":"https:\/\/lottemaa.ee\/lv\/par-lotes-zemi\/izgudrojumi\/kommipaberiavaja\/#primaryimage","url":"https:\/\/lottemaa.ee\/wp-content\/uploads\/2020\/08\/DSC_7636.jpg","contentUrl":"https:\/\/lottemaa.ee\/wp-content\/uploads\/2020\/08\/DSC_7636.jpg","width":4928,"height":3264},{"@type":"BreadcrumbList","@id":"https:\/\/lottemaa.ee\/lv\/par-lotes-zemi\/izgudrojumi\/kommipaberiavaja\/#breadcrumb","itemListElement":[{"@type":"ListItem","position":1,"name":"Home","item":"https:\/\/lottemaa.ee\/lv\/"},{"@type":"ListItem","position":2,"name":"Diena Lotes zem\u0113","item":"https:\/\/lottemaa.ee\/lv\/par-lotes-zemi\/"},{"@type":"ListItem","position":3,"name":"IZGUDROJUMI","item":"https:\/\/lottemaa.ee\/lv\/par-lotes-zemi\/izgudrojumi\/"},{"@type":"ListItem","position":4,"name":"KONFEK\u0160U PAP\u012aRU ATV\u0112R\u0112JS"}]},{"@type":"WebSite","@id":"https:\/\/lottemaa.ee\/#website","url":"https:\/\/lottemaa.ee\/","name":"Lottemaa Teemapark","description":"Baltimaade suurim ja k\u00f5ige \u00e4gedam kogupere teemapark Eestis P\u00e4rnumaal","publisher":{"@id":"https:\/\/lottemaa.ee\/#organization"},"potentialAction":[{"@type":"SearchAction","target":{"@type":"EntryPoint","urlTemplate":"https:\/\/lottemaa.ee\/?s={search_term_string}"},"query-input":{"@type":"PropertyValueSpecification","valueRequired":true,"valueName":"search_term_string"}}],"inLanguage":"lv-LV"},{"@type":"Organization","@id":"https:\/\/lottemaa.ee\/#organization","name":"Lottemaa Teemapark","url":"https:\/\/lottemaa.ee\/","logo":{"@type":"ImageObject","inLanguage":"lv-LV","@id":"https:\/\/lottemaa.ee\/#\/schema\/logo\/image\/","url":"https:\/\/lottemaa.ee\/wp-content\/uploads\/2018\/12\/Lottemaa_LOGO.png","contentUrl":"https:\/\/lottemaa.ee\/wp-content\/uploads\/2018\/12\/Lottemaa_LOGO.png","width":1024,"height":518,"caption":"Lottemaa Teemapark"},"image":{"@id":"https:\/\/lottemaa.ee\/#\/schema\/logo\/image\/"}}]}},"_links":{"self":[{"href":"https:\/\/lottemaa.ee\/lv\/wp-json\/wp\/v2\/pages\/9723","targetHints":{"allow":["GET"]}}],"collection":[{"href":"https:\/\/lottemaa.ee\/lv\/wp-json\/wp\/v2\/pages"}],"about":[{"href":"https:\/\/lottemaa.ee\/lv\/wp-json\/wp\/v2\/types\/page"}],"author":[{"embeddable":true,"href":"https:\/\/lottemaa.ee\/lv\/wp-json\/wp\/v2\/users\/7"}],"replies":[{"embeddable":true,"href":"https:\/\/lottemaa.ee\/lv\/wp-json\/wp\/v2\/comments?post=9723"}],"version-history":[{"count":2,"href":"https:\/\/lottemaa.ee\/lv\/wp-json\/wp\/v2\/pages\/9723\/revisions"}],"predecessor-version":[{"id":20467,"href":"https:\/\/lottemaa.ee\/lv\/wp-json\/wp\/v2\/pages\/9723\/revisions\/20467"}],"up":[{"embeddable":true,"href":"https:\/\/lottemaa.ee\/lv\/wp-json\/wp\/v2\/pages\/4256"}],"wp:featuredmedia":[{"embeddable":true,"href":"https:\/\/lottemaa.ee\/lv\/wp-json\/wp\/v2\/media\/9432"}],"wp:attachment":[{"href":"https:\/\/lottemaa.ee\/lv\/wp-json\/wp\/v2\/media?parent=9723"}],"curies":[{"name":"wp","href":"https:\/\/api.w.org\/{rel}","templated":true}]}}