{"id":9719,"date":"2020-08-21T12:34:52","date_gmt":"2020-08-21T09:34:52","guid":{"rendered":"https:\/\/test.lottemaa.ee\/?page_id=9719"},"modified":"2024-09-25T15:43:18","modified_gmt":"2024-09-25T12:43:18","slug":"skulpturu-laukums","status":"publish","type":"page","link":"https:\/\/lottemaa.ee\/lv\/par-lotes-zemi\/majas-un-nodarbes\/skulpturu-laukums\/","title":{"rendered":"SKULPT\u016aRU LAUKUMS"},"content":{"rendered":"<p style=\"text-align: left;\"><span lang=\"lv-LV\">\u0160eit<\/span><span lang=\"lv-LV\"> atrodas pieminek\u013ci visiem vecajiem izgudrot\u0101jiem. Izgudrot\u0101ju ciema pirmais iedz\u012bvot\u0101js bija bizbizm\u0101r\u012bte Uku, un vi\u0146as skulpt\u016bra ir ciema laukum\u0101, dzelzce\u013ca stacij\u0101. Citu vecu izgudrot\u0101ju skulpt\u016bras atrodas skulpt\u016bru laukum\u0101. Tur ir susliks Svens, suns Kusti un citi jauki izgudrot\u0101ji. <\/span><span lang=\"lv-LV\"><br \/>\nIzgudrot\u0101ju ciem<\/span><span lang=\"lv-LV\">am pat\u012bk atcer\u0113ties un piemin\u0113t savus vecos izgudrot\u0101jus, k\u0101 ar\u012b J\u0101\u0146os un Ziemassv\u0113tkos alla\u017e viss ciems dodas kop\u0101 uz skulpt\u016bru laukumu. Vi\u0146i sp\u0113l\u0113 jaukas sp\u0113les, st\u0101sta jautrus st\u0101stus un dzied skaistas dziesmas<\/span><\/p>\n","protected":false},"excerpt":{"rendered":"<p>\u0160eit atrodas pieminek\u013ci visiem vecajiem izgudrot\u0101jiem. Izgudrot\u0101ju ciema pirmais iedz\u012bvot\u0101js bija bizbizm\u0101r\u012bte Uku, un vi\u0146as skulpt\u016bra ir ciema laukum\u0101, dzelzce\u013ca stacij\u0101. Citu vecu izgudrot\u0101ju skulpt\u016bras atrodas skulpt\u016bru laukum\u0101. Tur ir susliks Svens, suns Kusti un citi jauki izgudrot\u0101ji. Izgudrot\u0101ju ciemam pat\u012bk atcer\u0113ties un piemin\u0113t savus vecos izgudrot\u0101jus, k\u0101 ar\u012b J\u0101\u0146os un Ziemassv\u0113tkos alla\u017e viss ciems &hellip; <a href=\"https:\/\/lottemaa.ee\/lv\/par-lotes-zemi\/majas-un-nodarbes\/skulpturu-laukums\/\">Continued<\/a><\/p>\n","protected":false},"author":7,"featured_media":13793,"parent":1317,"menu_order":662,"comment_status":"closed","ping_status":"closed","template":"","meta":{"_acf_changed":false,"om_disable_all_campaigns":false,"_uf_show_specific_survey":0,"_uf_disable_surveys":false,"footnotes":""},"class_list":["post-9719","page","type-page","status-publish","has-post-thumbnail","hentry"],"acf":[],"yoast_head":"<!-- This site is optimized with the Yoast SEO plugin v25.5 - https:\/\/yoast.com\/wordpress\/plugins\/seo\/ -->\n<title>SKULPT\u016aRU LAUKUMS | Lottemaa Teemapark<\/title>\n<meta name=\"description\" content=\"\u0160eit atrodas pieminek\u013ci visiem vecajiem izgudrot\u0101jiem. Izgudrot\u0101ju ciema pirmais iedz\u012bvot\u0101js bija bizbizm\u0101r\u012bte Uku, un vi\u0146as skulpt\u016bra ir ciema laukum\u0101, dzelzce\u013ca stacij\u0101.\" \/>\n<meta name=\"robots\" content=\"index, follow, max-snippet:-1, max-image-preview:large, max-video-preview:-1\" \/>\n<link rel=\"canonical\" href=\"https:\/\/lottemaa.ee\/lv\/par-lotes-zemi\/majas-un-nodarbes\/skulpturu-laukums\/\" \/>\n<meta property=\"og:locale\" content=\"lv_LV\" \/>\n<meta property=\"og:type\" content=\"article\" \/>\n<meta property=\"og:title\" content=\"SKULPT\u016aRU LAUKUMS | Lottemaa Teemapark\" \/>\n<meta property=\"og:description\" content=\"\u0160eit atrodas pieminek\u013ci visiem vecajiem izgudrot\u0101jiem. Izgudrot\u0101ju ciema pirmais iedz\u012bvot\u0101js bija bizbizm\u0101r\u012bte Uku, un vi\u0146as skulpt\u016bra ir ciema laukum\u0101, dzelzce\u013ca stacij\u0101.\" \/>\n<meta property=\"og:url\" content=\"https:\/\/lottemaa.ee\/lv\/par-lotes-zemi\/majas-un-nodarbes\/skulpturu-laukums\/\" \/>\n<meta property=\"og:site_name\" content=\"Lottemaa Teemapark\" \/>\n<meta property=\"article:modified_time\" content=\"2024-09-25T12:43:18+00:00\" \/>\n<meta property=\"og:image\" content=\"https:\/\/lottemaa.ee\/wp-content\/uploads\/2022\/04\/DSC_7412-scaled.jpg\" \/>\n\t<meta property=\"og:image:width\" content=\"2560\" \/>\n\t<meta property=\"og:image:height\" content=\"1696\" \/>\n\t<meta property=\"og:image:type\" content=\"image\/jpeg\" \/>\n<meta name=\"twitter:card\" content=\"summary_large_image\" \/>\n<meta name=\"twitter:label1\" content=\"Est. reading time\" \/>\n\t<meta name=\"twitter:data1\" content=\"1 min\u016b\u0161u\" \/>\n<script type=\"application\/ld+json\" class=\"yoast-schema-graph\">{\"@context\":\"https:\/\/schema.org\",\"@graph\":[{\"@type\":\"WebPage\",\"@id\":\"https:\/\/lottemaa.ee\/lv\/par-lotes-zemi\/majas-un-nodarbes\/skulpturu-laukums\/\",\"url\":\"https:\/\/lottemaa.ee\/lv\/par-lotes-zemi\/majas-un-nodarbes\/skulpturu-laukums\/\",\"name\":\"SKULPT\u016aRU LAUKUMS | Lottemaa Teemapark\",\"isPartOf\":{\"@id\":\"https:\/\/lottemaa.ee\/#website\"},\"primaryImageOfPage\":{\"@id\":\"https:\/\/lottemaa.ee\/lv\/par-lotes-zemi\/majas-un-nodarbes\/skulpturu-laukums\/#primaryimage\"},\"image\":{\"@id\":\"https:\/\/lottemaa.ee\/lv\/par-lotes-zemi\/majas-un-nodarbes\/skulpturu-laukums\/#primaryimage\"},\"thumbnailUrl\":\"https:\/\/lottemaa.ee\/wp-content\/uploads\/2022\/04\/DSC_7412-scaled.jpg\",\"datePublished\":\"2020-08-21T09:34:52+00:00\",\"dateModified\":\"2024-09-25T12:43:18+00:00\",\"description\":\"\u0160eit atrodas pieminek\u013ci visiem vecajiem izgudrot\u0101jiem. Izgudrot\u0101ju ciema pirmais iedz\u012bvot\u0101js bija bizbizm\u0101r\u012bte Uku, un vi\u0146as skulpt\u016bra ir ciema laukum\u0101, dzelzce\u013ca stacij\u0101.\",\"breadcrumb\":{\"@id\":\"https:\/\/lottemaa.ee\/lv\/par-lotes-zemi\/majas-un-nodarbes\/skulpturu-laukums\/#breadcrumb\"},\"inLanguage\":\"lv-LV\",\"potentialAction\":[{\"@type\":\"ReadAction\",\"target\":[\"https:\/\/lottemaa.ee\/lv\/par-lotes-zemi\/majas-un-nodarbes\/skulpturu-laukums\/\"]}]},{\"@type\":\"ImageObject\",\"inLanguage\":\"lv-LV\",\"@id\":\"https:\/\/lottemaa.ee\/lv\/par-lotes-zemi\/majas-un-nodarbes\/skulpturu-laukums\/#primaryimage\",\"url\":\"https:\/\/lottemaa.ee\/wp-content\/uploads\/2022\/04\/DSC_7412-scaled.jpg\",\"contentUrl\":\"https:\/\/lottemaa.ee\/wp-content\/uploads\/2022\/04\/DSC_7412-scaled.jpg\",\"width\":2560,\"height\":1696},{\"@type\":\"BreadcrumbList\",\"@id\":\"https:\/\/lottemaa.ee\/lv\/par-lotes-zemi\/majas-un-nodarbes\/skulpturu-laukums\/#breadcrumb\",\"itemListElement\":[{\"@type\":\"ListItem\",\"position\":1,\"name\":\"Home\",\"item\":\"https:\/\/lottemaa.ee\/lv\/\"},{\"@type\":\"ListItem\",\"position\":2,\"name\":\"Diena Lotes zem\u0113\",\"item\":\"https:\/\/lottemaa.ee\/lv\/par-lotes-zemi\/\"},{\"@type\":\"ListItem\",\"position\":3,\"name\":\"M\u0101jas un nodarbes\",\"item\":\"https:\/\/lottemaa.ee\/lv\/par-lotes-zemi\/majas-un-nodarbes\/\"},{\"@type\":\"ListItem\",\"position\":4,\"name\":\"SKULPT\u016aRU LAUKUMS\"}]},{\"@type\":\"WebSite\",\"@id\":\"https:\/\/lottemaa.ee\/#website\",\"url\":\"https:\/\/lottemaa.ee\/\",\"name\":\"Lottemaa Teemapark\",\"description\":\"Baltimaade suurim ja k\u00f5ige \u00e4gedam kogupere teemapark Eestis P\u00e4rnumaal\",\"publisher\":{\"@id\":\"https:\/\/lottemaa.ee\/#organization\"},\"potentialAction\":[{\"@type\":\"SearchAction\",\"target\":{\"@type\":\"EntryPoint\",\"urlTemplate\":\"https:\/\/lottemaa.ee\/?s={search_term_string}\"},\"query-input\":{\"@type\":\"PropertyValueSpecification\",\"valueRequired\":true,\"valueName\":\"search_term_string\"}}],\"inLanguage\":\"lv-LV\"},{\"@type\":\"Organization\",\"@id\":\"https:\/\/lottemaa.ee\/#organization\",\"name\":\"Lottemaa Teemapark\",\"url\":\"https:\/\/lottemaa.ee\/\",\"logo\":{\"@type\":\"ImageObject\",\"inLanguage\":\"lv-LV\",\"@id\":\"https:\/\/lottemaa.ee\/#\/schema\/logo\/image\/\",\"url\":\"https:\/\/lottemaa.ee\/wp-content\/uploads\/2018\/12\/Lottemaa_LOGO.png\",\"contentUrl\":\"https:\/\/lottemaa.ee\/wp-content\/uploads\/2018\/12\/Lottemaa_LOGO.png\",\"width\":1024,\"height\":518,\"caption\":\"Lottemaa Teemapark\"},\"image\":{\"@id\":\"https:\/\/lottemaa.ee\/#\/schema\/logo\/image\/\"}}]}<\/script>\n<!-- \/ Yoast SEO plugin. -->","yoast_head_json":{"title":"SKULPT\u016aRU LAUKUMS | Lottemaa Teemapark","description":"\u0160eit atrodas pieminek\u013ci visiem vecajiem izgudrot\u0101jiem. Izgudrot\u0101ju ciema pirmais iedz\u012bvot\u0101js bija bizbizm\u0101r\u012bte Uku, un vi\u0146as skulpt\u016bra ir ciema laukum\u0101, dzelzce\u013ca stacij\u0101.","robots":{"index":"index","follow":"follow","max-snippet":"max-snippet:-1","max-image-preview":"max-image-preview:large","max-video-preview":"max-video-preview:-1"},"canonical":"https:\/\/lottemaa.ee\/lv\/par-lotes-zemi\/majas-un-nodarbes\/skulpturu-laukums\/","og_locale":"lv_LV","og_type":"article","og_title":"SKULPT\u016aRU LAUKUMS | Lottemaa Teemapark","og_description":"\u0160eit atrodas pieminek\u013ci visiem vecajiem izgudrot\u0101jiem. Izgudrot\u0101ju ciema pirmais iedz\u012bvot\u0101js bija bizbizm\u0101r\u012bte Uku, un vi\u0146as skulpt\u016bra ir ciema laukum\u0101, dzelzce\u013ca stacij\u0101.","og_url":"https:\/\/lottemaa.ee\/lv\/par-lotes-zemi\/majas-un-nodarbes\/skulpturu-laukums\/","og_site_name":"Lottemaa Teemapark","article_modified_time":"2024-09-25T12:43:18+00:00","og_image":[{"width":2560,"height":1696,"url":"https:\/\/lottemaa.ee\/wp-content\/uploads\/2022\/04\/DSC_7412-scaled.jpg","type":"image\/jpeg"}],"twitter_card":"summary_large_image","twitter_misc":{"Est. reading time":"1 min\u016b\u0161u"},"schema":{"@context":"https:\/\/schema.org","@graph":[{"@type":"WebPage","@id":"https:\/\/lottemaa.ee\/lv\/par-lotes-zemi\/majas-un-nodarbes\/skulpturu-laukums\/","url":"https:\/\/lottemaa.ee\/lv\/par-lotes-zemi\/majas-un-nodarbes\/skulpturu-laukums\/","name":"SKULPT\u016aRU LAUKUMS | Lottemaa Teemapark","isPartOf":{"@id":"https:\/\/lottemaa.ee\/#website"},"primaryImageOfPage":{"@id":"https:\/\/lottemaa.ee\/lv\/par-lotes-zemi\/majas-un-nodarbes\/skulpturu-laukums\/#primaryimage"},"image":{"@id":"https:\/\/lottemaa.ee\/lv\/par-lotes-zemi\/majas-un-nodarbes\/skulpturu-laukums\/#primaryimage"},"thumbnailUrl":"https:\/\/lottemaa.ee\/wp-content\/uploads\/2022\/04\/DSC_7412-scaled.jpg","datePublished":"2020-08-21T09:34:52+00:00","dateModified":"2024-09-25T12:43:18+00:00","description":"\u0160eit atrodas pieminek\u013ci visiem vecajiem izgudrot\u0101jiem. Izgudrot\u0101ju ciema pirmais iedz\u012bvot\u0101js bija bizbizm\u0101r\u012bte Uku, un vi\u0146as skulpt\u016bra ir ciema laukum\u0101, dzelzce\u013ca stacij\u0101.","breadcrumb":{"@id":"https:\/\/lottemaa.ee\/lv\/par-lotes-zemi\/majas-un-nodarbes\/skulpturu-laukums\/#breadcrumb"},"inLanguage":"lv-LV","potentialAction":[{"@type":"ReadAction","target":["https:\/\/lottemaa.ee\/lv\/par-lotes-zemi\/majas-un-nodarbes\/skulpturu-laukums\/"]}]},{"@type":"ImageObject","inLanguage":"lv-LV","@id":"https:\/\/lottemaa.ee\/lv\/par-lotes-zemi\/majas-un-nodarbes\/skulpturu-laukums\/#primaryimage","url":"https:\/\/lottemaa.ee\/wp-content\/uploads\/2022\/04\/DSC_7412-scaled.jpg","contentUrl":"https:\/\/lottemaa.ee\/wp-content\/uploads\/2022\/04\/DSC_7412-scaled.jpg","width":2560,"height":1696},{"@type":"BreadcrumbList","@id":"https:\/\/lottemaa.ee\/lv\/par-lotes-zemi\/majas-un-nodarbes\/skulpturu-laukums\/#breadcrumb","itemListElement":[{"@type":"ListItem","position":1,"name":"Home","item":"https:\/\/lottemaa.ee\/lv\/"},{"@type":"ListItem","position":2,"name":"Diena Lotes zem\u0113","item":"https:\/\/lottemaa.ee\/lv\/par-lotes-zemi\/"},{"@type":"ListItem","position":3,"name":"M\u0101jas un nodarbes","item":"https:\/\/lottemaa.ee\/lv\/par-lotes-zemi\/majas-un-nodarbes\/"},{"@type":"ListItem","position":4,"name":"SKULPT\u016aRU LAUKUMS"}]},{"@type":"WebSite","@id":"https:\/\/lottemaa.ee\/#website","url":"https:\/\/lottemaa.ee\/","name":"Lottemaa Teemapark","description":"Baltimaade suurim ja k\u00f5ige \u00e4gedam kogupere teemapark Eestis P\u00e4rnumaal","publisher":{"@id":"https:\/\/lottemaa.ee\/#organization"},"potentialAction":[{"@type":"SearchAction","target":{"@type":"EntryPoint","urlTemplate":"https:\/\/lottemaa.ee\/?s={search_term_string}"},"query-input":{"@type":"PropertyValueSpecification","valueRequired":true,"valueName":"search_term_string"}}],"inLanguage":"lv-LV"},{"@type":"Organization","@id":"https:\/\/lottemaa.ee\/#organization","name":"Lottemaa Teemapark","url":"https:\/\/lottemaa.ee\/","logo":{"@type":"ImageObject","inLanguage":"lv-LV","@id":"https:\/\/lottemaa.ee\/#\/schema\/logo\/image\/","url":"https:\/\/lottemaa.ee\/wp-content\/uploads\/2018\/12\/Lottemaa_LOGO.png","contentUrl":"https:\/\/lottemaa.ee\/wp-content\/uploads\/2018\/12\/Lottemaa_LOGO.png","width":1024,"height":518,"caption":"Lottemaa Teemapark"},"image":{"@id":"https:\/\/lottemaa.ee\/#\/schema\/logo\/image\/"}}]}},"_links":{"self":[{"href":"https:\/\/lottemaa.ee\/lv\/wp-json\/wp\/v2\/pages\/9719","targetHints":{"allow":["GET"]}}],"collection":[{"href":"https:\/\/lottemaa.ee\/lv\/wp-json\/wp\/v2\/pages"}],"about":[{"href":"https:\/\/lottemaa.ee\/lv\/wp-json\/wp\/v2\/types\/page"}],"author":[{"embeddable":true,"href":"https:\/\/lottemaa.ee\/lv\/wp-json\/wp\/v2\/users\/7"}],"replies":[{"embeddable":true,"href":"https:\/\/lottemaa.ee\/lv\/wp-json\/wp\/v2\/comments?post=9719"}],"version-history":[{"count":4,"href":"https:\/\/lottemaa.ee\/lv\/wp-json\/wp\/v2\/pages\/9719\/revisions"}],"predecessor-version":[{"id":28543,"href":"https:\/\/lottemaa.ee\/lv\/wp-json\/wp\/v2\/pages\/9719\/revisions\/28543"}],"up":[{"embeddable":true,"href":"https:\/\/lottemaa.ee\/lv\/wp-json\/wp\/v2\/pages\/1317"}],"wp:featuredmedia":[{"embeddable":true,"href":"https:\/\/lottemaa.ee\/lv\/wp-json\/wp\/v2\/media\/13793"}],"wp:attachment":[{"href":"https:\/\/lottemaa.ee\/lv\/wp-json\/wp\/v2\/media?parent=9719"}],"curies":[{"name":"wp","href":"https:\/\/api.w.org\/{rel}","templated":true}]}}