{"id":9717,"date":"2020-08-21T12:33:35","date_gmt":"2020-08-21T09:33:35","guid":{"rendered":"https:\/\/test.lottemaa.ee\/?page_id=9717"},"modified":"2024-09-25T15:19:13","modified_gmt":"2024-09-25T12:19:13","slug":"kurmju-maja","status":"publish","type":"page","link":"https:\/\/lottemaa.ee\/lv\/par-lotes-zemi\/majas-un-nodarbes\/kurmju-maja\/","title":{"rendered":"KURMJU M\u0100JA"},"content":{"rendered":"<p style=\"text-align: left;\"><span lang=\"lv-LV\">Protams, ka Izgudrot\u0101ju ciem\u0101 dz\u012bvo ar\u012b kurmji, D<\/span><span lang=\"lv-LV\">\u017eons un D\u017eeimss. T\u0101 k\u0101 kurmji necie\u0161 dienas gaismu, vi\u0146i dz\u012bvo pustums\u0101 zem zemes. Citi dz\u012bvnieki \u012bpa\u0161i negrib ros\u012bties zem zemes, t\u0101d\u0113\u013c Oskars izgudroja jaukas caurules, caur kur\u0101m var paskat\u012bties, k\u0101 kurmjiem sokas. Katru r\u012btu Adalberts dodas pap\u013c\u0101p\u0101t ar kurmjiem, un kurmji vi\u0146am lasa priek\u0161\u0101 aizraujo\u0161us rakstus no av\u012bzes. <\/span><\/p>\n","protected":false},"excerpt":{"rendered":"<p>Protams, ka Izgudrot\u0101ju ciem\u0101 dz\u012bvo ar\u012b kurmji, D\u017eons un D\u017eeimss. T\u0101 k\u0101 kurmji necie\u0161 dienas gaismu, vi\u0146i dz\u012bvo pustums\u0101 zem zemes. Citi dz\u012bvnieki \u012bpa\u0161i negrib ros\u012bties zem zemes, t\u0101d\u0113\u013c Oskars izgudroja jaukas caurules, caur kur\u0101m var paskat\u012bties, k\u0101 kurmjiem sokas. Katru r\u012btu Adalberts dodas pap\u013c\u0101p\u0101t ar kurmjiem, un kurmji vi\u0146am lasa priek\u0161\u0101 aizraujo\u0161us rakstus no &hellip; <a href=\"https:\/\/lottemaa.ee\/lv\/par-lotes-zemi\/majas-un-nodarbes\/kurmju-maja\/\">Continued<\/a><\/p>\n","protected":false},"author":7,"featured_media":13141,"parent":1317,"menu_order":623,"comment_status":"closed","ping_status":"closed","template":"","meta":{"_acf_changed":false,"om_disable_all_campaigns":false,"_uf_show_specific_survey":0,"_uf_disable_surveys":false,"footnotes":""},"class_list":["post-9717","page","type-page","status-publish","has-post-thumbnail","hentry"],"acf":[],"yoast_head":"<!-- This site is optimized with the Yoast SEO plugin v25.5 - https:\/\/yoast.com\/wordpress\/plugins\/seo\/ -->\n<title>KURMJU M\u0100JA | Lottemaa Teemapark<\/title>\n<meta name=\"description\" content=\"Protams, ka Izgudrot\u0101ju ciem\u0101 dz\u012bvo ar\u012b kurmji, D\u017eons un D\u017eeimss. T\u0101 k\u0101 kurmji necie\u0161 dienas gaismu, vi\u0146i dz\u012bvo pustums\u0101 zem zemes.\" \/>\n<meta name=\"robots\" content=\"index, follow, max-snippet:-1, max-image-preview:large, max-video-preview:-1\" \/>\n<link rel=\"canonical\" href=\"https:\/\/lottemaa.ee\/lv\/par-lotes-zemi\/majas-un-nodarbes\/kurmju-maja\/\" \/>\n<meta property=\"og:locale\" content=\"lv_LV\" \/>\n<meta property=\"og:type\" content=\"article\" \/>\n<meta property=\"og:title\" content=\"KURMJU M\u0100JA | Lottemaa Teemapark\" \/>\n<meta property=\"og:description\" content=\"Protams, ka Izgudrot\u0101ju ciem\u0101 dz\u012bvo ar\u012b kurmji, D\u017eons un D\u017eeimss. T\u0101 k\u0101 kurmji necie\u0161 dienas gaismu, vi\u0146i dz\u012bvo pustums\u0101 zem zemes.\" \/>\n<meta property=\"og:url\" content=\"https:\/\/lottemaa.ee\/lv\/par-lotes-zemi\/majas-un-nodarbes\/kurmju-maja\/\" \/>\n<meta property=\"og:site_name\" content=\"Lottemaa Teemapark\" \/>\n<meta property=\"article:modified_time\" content=\"2024-09-25T12:19:13+00:00\" \/>\n<meta property=\"og:image\" content=\"https:\/\/lottemaa.ee\/wp-content\/uploads\/2022\/04\/DSC_6875-scaled.jpg\" \/>\n\t<meta property=\"og:image:width\" content=\"2560\" \/>\n\t<meta property=\"og:image:height\" content=\"1696\" \/>\n\t<meta property=\"og:image:type\" content=\"image\/jpeg\" \/>\n<meta name=\"twitter:card\" content=\"summary_large_image\" \/>\n<meta name=\"twitter:label1\" content=\"Est. reading time\" \/>\n\t<meta name=\"twitter:data1\" content=\"1 min\u016b\u0161u\" \/>\n<script type=\"application\/ld+json\" class=\"yoast-schema-graph\">{\"@context\":\"https:\/\/schema.org\",\"@graph\":[{\"@type\":\"WebPage\",\"@id\":\"https:\/\/lottemaa.ee\/lv\/par-lotes-zemi\/majas-un-nodarbes\/kurmju-maja\/\",\"url\":\"https:\/\/lottemaa.ee\/lv\/par-lotes-zemi\/majas-un-nodarbes\/kurmju-maja\/\",\"name\":\"KURMJU M\u0100JA | Lottemaa Teemapark\",\"isPartOf\":{\"@id\":\"https:\/\/lottemaa.ee\/#website\"},\"primaryImageOfPage\":{\"@id\":\"https:\/\/lottemaa.ee\/lv\/par-lotes-zemi\/majas-un-nodarbes\/kurmju-maja\/#primaryimage\"},\"image\":{\"@id\":\"https:\/\/lottemaa.ee\/lv\/par-lotes-zemi\/majas-un-nodarbes\/kurmju-maja\/#primaryimage\"},\"thumbnailUrl\":\"https:\/\/lottemaa.ee\/wp-content\/uploads\/2022\/04\/DSC_6875-scaled.jpg\",\"datePublished\":\"2020-08-21T09:33:35+00:00\",\"dateModified\":\"2024-09-25T12:19:13+00:00\",\"description\":\"Protams, ka Izgudrot\u0101ju ciem\u0101 dz\u012bvo ar\u012b kurmji, D\u017eons un D\u017eeimss. T\u0101 k\u0101 kurmji necie\u0161 dienas gaismu, vi\u0146i dz\u012bvo pustums\u0101 zem zemes.\",\"breadcrumb\":{\"@id\":\"https:\/\/lottemaa.ee\/lv\/par-lotes-zemi\/majas-un-nodarbes\/kurmju-maja\/#breadcrumb\"},\"inLanguage\":\"lv-LV\",\"potentialAction\":[{\"@type\":\"ReadAction\",\"target\":[\"https:\/\/lottemaa.ee\/lv\/par-lotes-zemi\/majas-un-nodarbes\/kurmju-maja\/\"]}]},{\"@type\":\"ImageObject\",\"inLanguage\":\"lv-LV\",\"@id\":\"https:\/\/lottemaa.ee\/lv\/par-lotes-zemi\/majas-un-nodarbes\/kurmju-maja\/#primaryimage\",\"url\":\"https:\/\/lottemaa.ee\/wp-content\/uploads\/2022\/04\/DSC_6875-scaled.jpg\",\"contentUrl\":\"https:\/\/lottemaa.ee\/wp-content\/uploads\/2022\/04\/DSC_6875-scaled.jpg\",\"width\":2560,\"height\":1696},{\"@type\":\"BreadcrumbList\",\"@id\":\"https:\/\/lottemaa.ee\/lv\/par-lotes-zemi\/majas-un-nodarbes\/kurmju-maja\/#breadcrumb\",\"itemListElement\":[{\"@type\":\"ListItem\",\"position\":1,\"name\":\"Home\",\"item\":\"https:\/\/lottemaa.ee\/lv\/\"},{\"@type\":\"ListItem\",\"position\":2,\"name\":\"Diena Lotes zem\u0113\",\"item\":\"https:\/\/lottemaa.ee\/lv\/par-lotes-zemi\/\"},{\"@type\":\"ListItem\",\"position\":3,\"name\":\"M\u0101jas un nodarbes\",\"item\":\"https:\/\/lottemaa.ee\/lv\/par-lotes-zemi\/majas-un-nodarbes\/\"},{\"@type\":\"ListItem\",\"position\":4,\"name\":\"KURMJU M\u0100JA\"}]},{\"@type\":\"WebSite\",\"@id\":\"https:\/\/lottemaa.ee\/#website\",\"url\":\"https:\/\/lottemaa.ee\/\",\"name\":\"Lottemaa Teemapark\",\"description\":\"Baltimaade suurim ja k\u00f5ige \u00e4gedam kogupere teemapark Eestis P\u00e4rnumaal\",\"publisher\":{\"@id\":\"https:\/\/lottemaa.ee\/#organization\"},\"potentialAction\":[{\"@type\":\"SearchAction\",\"target\":{\"@type\":\"EntryPoint\",\"urlTemplate\":\"https:\/\/lottemaa.ee\/?s={search_term_string}\"},\"query-input\":{\"@type\":\"PropertyValueSpecification\",\"valueRequired\":true,\"valueName\":\"search_term_string\"}}],\"inLanguage\":\"lv-LV\"},{\"@type\":\"Organization\",\"@id\":\"https:\/\/lottemaa.ee\/#organization\",\"name\":\"Lottemaa Teemapark\",\"url\":\"https:\/\/lottemaa.ee\/\",\"logo\":{\"@type\":\"ImageObject\",\"inLanguage\":\"lv-LV\",\"@id\":\"https:\/\/lottemaa.ee\/#\/schema\/logo\/image\/\",\"url\":\"https:\/\/lottemaa.ee\/wp-content\/uploads\/2018\/12\/Lottemaa_LOGO.png\",\"contentUrl\":\"https:\/\/lottemaa.ee\/wp-content\/uploads\/2018\/12\/Lottemaa_LOGO.png\",\"width\":1024,\"height\":518,\"caption\":\"Lottemaa Teemapark\"},\"image\":{\"@id\":\"https:\/\/lottemaa.ee\/#\/schema\/logo\/image\/\"}}]}<\/script>\n<!-- \/ Yoast SEO plugin. -->","yoast_head_json":{"title":"KURMJU M\u0100JA | Lottemaa Teemapark","description":"Protams, ka Izgudrot\u0101ju ciem\u0101 dz\u012bvo ar\u012b kurmji, D\u017eons un D\u017eeimss. T\u0101 k\u0101 kurmji necie\u0161 dienas gaismu, vi\u0146i dz\u012bvo pustums\u0101 zem zemes.","robots":{"index":"index","follow":"follow","max-snippet":"max-snippet:-1","max-image-preview":"max-image-preview:large","max-video-preview":"max-video-preview:-1"},"canonical":"https:\/\/lottemaa.ee\/lv\/par-lotes-zemi\/majas-un-nodarbes\/kurmju-maja\/","og_locale":"lv_LV","og_type":"article","og_title":"KURMJU M\u0100JA | Lottemaa Teemapark","og_description":"Protams, ka Izgudrot\u0101ju ciem\u0101 dz\u012bvo ar\u012b kurmji, D\u017eons un D\u017eeimss. T\u0101 k\u0101 kurmji necie\u0161 dienas gaismu, vi\u0146i dz\u012bvo pustums\u0101 zem zemes.","og_url":"https:\/\/lottemaa.ee\/lv\/par-lotes-zemi\/majas-un-nodarbes\/kurmju-maja\/","og_site_name":"Lottemaa Teemapark","article_modified_time":"2024-09-25T12:19:13+00:00","og_image":[{"width":2560,"height":1696,"url":"https:\/\/lottemaa.ee\/wp-content\/uploads\/2022\/04\/DSC_6875-scaled.jpg","type":"image\/jpeg"}],"twitter_card":"summary_large_image","twitter_misc":{"Est. reading time":"1 min\u016b\u0161u"},"schema":{"@context":"https:\/\/schema.org","@graph":[{"@type":"WebPage","@id":"https:\/\/lottemaa.ee\/lv\/par-lotes-zemi\/majas-un-nodarbes\/kurmju-maja\/","url":"https:\/\/lottemaa.ee\/lv\/par-lotes-zemi\/majas-un-nodarbes\/kurmju-maja\/","name":"KURMJU M\u0100JA | Lottemaa Teemapark","isPartOf":{"@id":"https:\/\/lottemaa.ee\/#website"},"primaryImageOfPage":{"@id":"https:\/\/lottemaa.ee\/lv\/par-lotes-zemi\/majas-un-nodarbes\/kurmju-maja\/#primaryimage"},"image":{"@id":"https:\/\/lottemaa.ee\/lv\/par-lotes-zemi\/majas-un-nodarbes\/kurmju-maja\/#primaryimage"},"thumbnailUrl":"https:\/\/lottemaa.ee\/wp-content\/uploads\/2022\/04\/DSC_6875-scaled.jpg","datePublished":"2020-08-21T09:33:35+00:00","dateModified":"2024-09-25T12:19:13+00:00","description":"Protams, ka Izgudrot\u0101ju ciem\u0101 dz\u012bvo ar\u012b kurmji, D\u017eons un D\u017eeimss. T\u0101 k\u0101 kurmji necie\u0161 dienas gaismu, vi\u0146i dz\u012bvo pustums\u0101 zem zemes.","breadcrumb":{"@id":"https:\/\/lottemaa.ee\/lv\/par-lotes-zemi\/majas-un-nodarbes\/kurmju-maja\/#breadcrumb"},"inLanguage":"lv-LV","potentialAction":[{"@type":"ReadAction","target":["https:\/\/lottemaa.ee\/lv\/par-lotes-zemi\/majas-un-nodarbes\/kurmju-maja\/"]}]},{"@type":"ImageObject","inLanguage":"lv-LV","@id":"https:\/\/lottemaa.ee\/lv\/par-lotes-zemi\/majas-un-nodarbes\/kurmju-maja\/#primaryimage","url":"https:\/\/lottemaa.ee\/wp-content\/uploads\/2022\/04\/DSC_6875-scaled.jpg","contentUrl":"https:\/\/lottemaa.ee\/wp-content\/uploads\/2022\/04\/DSC_6875-scaled.jpg","width":2560,"height":1696},{"@type":"BreadcrumbList","@id":"https:\/\/lottemaa.ee\/lv\/par-lotes-zemi\/majas-un-nodarbes\/kurmju-maja\/#breadcrumb","itemListElement":[{"@type":"ListItem","position":1,"name":"Home","item":"https:\/\/lottemaa.ee\/lv\/"},{"@type":"ListItem","position":2,"name":"Diena Lotes zem\u0113","item":"https:\/\/lottemaa.ee\/lv\/par-lotes-zemi\/"},{"@type":"ListItem","position":3,"name":"M\u0101jas un nodarbes","item":"https:\/\/lottemaa.ee\/lv\/par-lotes-zemi\/majas-un-nodarbes\/"},{"@type":"ListItem","position":4,"name":"KURMJU M\u0100JA"}]},{"@type":"WebSite","@id":"https:\/\/lottemaa.ee\/#website","url":"https:\/\/lottemaa.ee\/","name":"Lottemaa Teemapark","description":"Baltimaade suurim ja k\u00f5ige \u00e4gedam kogupere teemapark Eestis P\u00e4rnumaal","publisher":{"@id":"https:\/\/lottemaa.ee\/#organization"},"potentialAction":[{"@type":"SearchAction","target":{"@type":"EntryPoint","urlTemplate":"https:\/\/lottemaa.ee\/?s={search_term_string}"},"query-input":{"@type":"PropertyValueSpecification","valueRequired":true,"valueName":"search_term_string"}}],"inLanguage":"lv-LV"},{"@type":"Organization","@id":"https:\/\/lottemaa.ee\/#organization","name":"Lottemaa Teemapark","url":"https:\/\/lottemaa.ee\/","logo":{"@type":"ImageObject","inLanguage":"lv-LV","@id":"https:\/\/lottemaa.ee\/#\/schema\/logo\/image\/","url":"https:\/\/lottemaa.ee\/wp-content\/uploads\/2018\/12\/Lottemaa_LOGO.png","contentUrl":"https:\/\/lottemaa.ee\/wp-content\/uploads\/2018\/12\/Lottemaa_LOGO.png","width":1024,"height":518,"caption":"Lottemaa Teemapark"},"image":{"@id":"https:\/\/lottemaa.ee\/#\/schema\/logo\/image\/"}}]}},"_links":{"self":[{"href":"https:\/\/lottemaa.ee\/lv\/wp-json\/wp\/v2\/pages\/9717","targetHints":{"allow":["GET"]}}],"collection":[{"href":"https:\/\/lottemaa.ee\/lv\/wp-json\/wp\/v2\/pages"}],"about":[{"href":"https:\/\/lottemaa.ee\/lv\/wp-json\/wp\/v2\/types\/page"}],"author":[{"embeddable":true,"href":"https:\/\/lottemaa.ee\/lv\/wp-json\/wp\/v2\/users\/7"}],"replies":[{"embeddable":true,"href":"https:\/\/lottemaa.ee\/lv\/wp-json\/wp\/v2\/comments?post=9717"}],"version-history":[{"count":3,"href":"https:\/\/lottemaa.ee\/lv\/wp-json\/wp\/v2\/pages\/9717\/revisions"}],"predecessor-version":[{"id":28538,"href":"https:\/\/lottemaa.ee\/lv\/wp-json\/wp\/v2\/pages\/9717\/revisions\/28538"}],"up":[{"embeddable":true,"href":"https:\/\/lottemaa.ee\/lv\/wp-json\/wp\/v2\/pages\/1317"}],"wp:featuredmedia":[{"embeddable":true,"href":"https:\/\/lottemaa.ee\/lv\/wp-json\/wp\/v2\/media\/13141"}],"wp:attachment":[{"href":"https:\/\/lottemaa.ee\/lv\/wp-json\/wp\/v2\/media?parent=9717"}],"curies":[{"name":"wp","href":"https:\/\/api.w.org\/{rel}","templated":true}]}}