{"id":9715,"date":"2020-08-21T12:31:37","date_gmt":"2020-08-21T09:31:37","guid":{"rendered":"https:\/\/test.lottemaa.ee\/?page_id=9715"},"modified":"2024-09-25T15:44:09","modified_gmt":"2024-09-25T12:44:09","slug":"dakteres-aves-poliklinika","status":"publish","type":"page","link":"https:\/\/lottemaa.ee\/lv\/par-lotes-zemi\/majas-un-nodarbes\/dakteres-aves-poliklinika\/","title":{"rendered":"DAKTERES AVES POLIKL\u012aNIKA"},"content":{"rendered":"<p style=\"text-align: left;\"><span lang=\"lv-LV\">Daktere Ave <\/span><span lang=\"lv-LV\">dz\u012bvo sav\u0101 polikl\u012bnik\u0101. Tas t\u0101d\u0113\u013c, lai uzreiz var\u0113tu pal\u012bdz\u0113t pacientam, kas pie vi\u0146as ierodas. Polikl\u012bnik\u0101 atrodas viss nepiecie\u0161amais, un tai blakus ir l\u0101steku siltumn\u012bca. Da\u017ereiz iedz\u012bvot\u0101ji t\u0101pat vien iegrie\u017eas pie dakteres Aves. Vi\u0146a ir \u013coti gudra, un ar gudru za\u0137i ir interesanti aprun\u0101ties. Piem\u0113ram, daktere Ave zina, ka ni\u0137o\u0161an\u0101s ir glu\u017ei k\u0101 puns, kas reiz\u0113m uzbl\u012bst un rada troksni. Ave zina, ka t\u0101d\u0101 gad\u012bjum\u0101 j\u0101uzliek p\u016bpola pl\u0101ksteris, un viss ir k\u0101rt\u012bb\u0101. <\/span><\/p>\n","protected":false},"excerpt":{"rendered":"<p>Daktere Ave dz\u012bvo sav\u0101 polikl\u012bnik\u0101. Tas t\u0101d\u0113\u013c, lai uzreiz var\u0113tu pal\u012bdz\u0113t pacientam, kas pie vi\u0146as ierodas. Polikl\u012bnik\u0101 atrodas viss nepiecie\u0161amais, un tai blakus ir l\u0101steku siltumn\u012bca. Da\u017ereiz iedz\u012bvot\u0101ji t\u0101pat vien iegrie\u017eas pie dakteres Aves. Vi\u0146a ir \u013coti gudra, un ar gudru za\u0137i ir interesanti aprun\u0101ties. Piem\u0113ram, daktere Ave zina, ka ni\u0137o\u0161an\u0101s ir glu\u017ei k\u0101 puns, &hellip; <a href=\"https:\/\/lottemaa.ee\/lv\/par-lotes-zemi\/majas-un-nodarbes\/dakteres-aves-poliklinika\/\">Continued<\/a><\/p>\n","protected":false},"author":7,"featured_media":28438,"parent":1317,"menu_order":611,"comment_status":"closed","ping_status":"closed","template":"","meta":{"_acf_changed":false,"om_disable_all_campaigns":false,"_uf_show_specific_survey":0,"_uf_disable_surveys":false,"footnotes":""},"class_list":["post-9715","page","type-page","status-publish","has-post-thumbnail","hentry"],"acf":[],"yoast_head":"<!-- This site is optimized with the Yoast SEO plugin v25.5 - https:\/\/yoast.com\/wordpress\/plugins\/seo\/ -->\n<title>DAKTERES AVES POLIKL\u012aNIKA | Lottemaa Teemapark<\/title>\n<meta name=\"description\" content=\"Daktere Ave dz\u012bvo sav\u0101 polikl\u012bnik\u0101. Tas t\u0101d\u0113\u013c, lai uzreiz var\u0113tu pal\u012bdz\u0113t pacientam, kas pie vi\u0146as ierodas. Polikl\u012bnik\u0101 atrodas viss nepiecie\u0161amais, un tai blakus ir l\u0101steku siltumn\u012bca.\" \/>\n<meta name=\"robots\" content=\"index, follow, max-snippet:-1, max-image-preview:large, max-video-preview:-1\" \/>\n<link rel=\"canonical\" href=\"https:\/\/lottemaa.ee\/lv\/par-lotes-zemi\/majas-un-nodarbes\/dakteres-aves-poliklinika\/\" \/>\n<meta property=\"og:locale\" content=\"lv_LV\" \/>\n<meta property=\"og:type\" content=\"article\" \/>\n<meta property=\"og:title\" content=\"DAKTERES AVES POLIKL\u012aNIKA | Lottemaa Teemapark\" \/>\n<meta property=\"og:description\" content=\"Daktere Ave dz\u012bvo sav\u0101 polikl\u012bnik\u0101. Tas t\u0101d\u0113\u013c, lai uzreiz var\u0113tu pal\u012bdz\u0113t pacientam, kas pie vi\u0146as ierodas. Polikl\u012bnik\u0101 atrodas viss nepiecie\u0161amais, un tai blakus ir l\u0101steku siltumn\u012bca.\" \/>\n<meta property=\"og:url\" content=\"https:\/\/lottemaa.ee\/lv\/par-lotes-zemi\/majas-un-nodarbes\/dakteres-aves-poliklinika\/\" \/>\n<meta property=\"og:site_name\" content=\"Lottemaa Teemapark\" \/>\n<meta property=\"article:modified_time\" content=\"2024-09-25T12:44:09+00:00\" \/>\n<meta property=\"og:image\" content=\"https:\/\/lottemaa.ee\/wp-content\/uploads\/2024\/09\/DSC_6668-scaled.jpg\" \/>\n\t<meta property=\"og:image:width\" content=\"2560\" \/>\n\t<meta property=\"og:image:height\" content=\"1696\" \/>\n\t<meta property=\"og:image:type\" content=\"image\/jpeg\" \/>\n<meta name=\"twitter:card\" content=\"summary_large_image\" \/>\n<meta name=\"twitter:label1\" content=\"Est. reading time\" \/>\n\t<meta name=\"twitter:data1\" content=\"1 min\u016b\u0161u\" \/>\n<script type=\"application\/ld+json\" class=\"yoast-schema-graph\">{\"@context\":\"https:\/\/schema.org\",\"@graph\":[{\"@type\":\"WebPage\",\"@id\":\"https:\/\/lottemaa.ee\/lv\/par-lotes-zemi\/majas-un-nodarbes\/dakteres-aves-poliklinika\/\",\"url\":\"https:\/\/lottemaa.ee\/lv\/par-lotes-zemi\/majas-un-nodarbes\/dakteres-aves-poliklinika\/\",\"name\":\"DAKTERES AVES POLIKL\u012aNIKA | Lottemaa Teemapark\",\"isPartOf\":{\"@id\":\"https:\/\/lottemaa.ee\/#website\"},\"primaryImageOfPage\":{\"@id\":\"https:\/\/lottemaa.ee\/lv\/par-lotes-zemi\/majas-un-nodarbes\/dakteres-aves-poliklinika\/#primaryimage\"},\"image\":{\"@id\":\"https:\/\/lottemaa.ee\/lv\/par-lotes-zemi\/majas-un-nodarbes\/dakteres-aves-poliklinika\/#primaryimage\"},\"thumbnailUrl\":\"https:\/\/lottemaa.ee\/wp-content\/uploads\/2024\/09\/DSC_6668-scaled.jpg\",\"datePublished\":\"2020-08-21T09:31:37+00:00\",\"dateModified\":\"2024-09-25T12:44:09+00:00\",\"description\":\"Daktere Ave dz\u012bvo sav\u0101 polikl\u012bnik\u0101. Tas t\u0101d\u0113\u013c, lai uzreiz var\u0113tu pal\u012bdz\u0113t pacientam, kas pie vi\u0146as ierodas. Polikl\u012bnik\u0101 atrodas viss nepiecie\u0161amais, un tai blakus ir l\u0101steku siltumn\u012bca.\",\"breadcrumb\":{\"@id\":\"https:\/\/lottemaa.ee\/lv\/par-lotes-zemi\/majas-un-nodarbes\/dakteres-aves-poliklinika\/#breadcrumb\"},\"inLanguage\":\"lv-LV\",\"potentialAction\":[{\"@type\":\"ReadAction\",\"target\":[\"https:\/\/lottemaa.ee\/lv\/par-lotes-zemi\/majas-un-nodarbes\/dakteres-aves-poliklinika\/\"]}]},{\"@type\":\"ImageObject\",\"inLanguage\":\"lv-LV\",\"@id\":\"https:\/\/lottemaa.ee\/lv\/par-lotes-zemi\/majas-un-nodarbes\/dakteres-aves-poliklinika\/#primaryimage\",\"url\":\"https:\/\/lottemaa.ee\/wp-content\/uploads\/2024\/09\/DSC_6668-scaled.jpg\",\"contentUrl\":\"https:\/\/lottemaa.ee\/wp-content\/uploads\/2024\/09\/DSC_6668-scaled.jpg\",\"width\":2560,\"height\":1696},{\"@type\":\"BreadcrumbList\",\"@id\":\"https:\/\/lottemaa.ee\/lv\/par-lotes-zemi\/majas-un-nodarbes\/dakteres-aves-poliklinika\/#breadcrumb\",\"itemListElement\":[{\"@type\":\"ListItem\",\"position\":1,\"name\":\"Home\",\"item\":\"https:\/\/lottemaa.ee\/lv\/\"},{\"@type\":\"ListItem\",\"position\":2,\"name\":\"Diena Lotes zem\u0113\",\"item\":\"https:\/\/lottemaa.ee\/lv\/par-lotes-zemi\/\"},{\"@type\":\"ListItem\",\"position\":3,\"name\":\"M\u0101jas un nodarbes\",\"item\":\"https:\/\/lottemaa.ee\/lv\/par-lotes-zemi\/majas-un-nodarbes\/\"},{\"@type\":\"ListItem\",\"position\":4,\"name\":\"DAKTERES AVES POLIKL\u012aNIKA\"}]},{\"@type\":\"WebSite\",\"@id\":\"https:\/\/lottemaa.ee\/#website\",\"url\":\"https:\/\/lottemaa.ee\/\",\"name\":\"Lottemaa Teemapark\",\"description\":\"Baltimaade suurim ja k\u00f5ige \u00e4gedam kogupere teemapark Eestis P\u00e4rnumaal\",\"publisher\":{\"@id\":\"https:\/\/lottemaa.ee\/#organization\"},\"potentialAction\":[{\"@type\":\"SearchAction\",\"target\":{\"@type\":\"EntryPoint\",\"urlTemplate\":\"https:\/\/lottemaa.ee\/?s={search_term_string}\"},\"query-input\":{\"@type\":\"PropertyValueSpecification\",\"valueRequired\":true,\"valueName\":\"search_term_string\"}}],\"inLanguage\":\"lv-LV\"},{\"@type\":\"Organization\",\"@id\":\"https:\/\/lottemaa.ee\/#organization\",\"name\":\"Lottemaa Teemapark\",\"url\":\"https:\/\/lottemaa.ee\/\",\"logo\":{\"@type\":\"ImageObject\",\"inLanguage\":\"lv-LV\",\"@id\":\"https:\/\/lottemaa.ee\/#\/schema\/logo\/image\/\",\"url\":\"https:\/\/lottemaa.ee\/wp-content\/uploads\/2018\/12\/Lottemaa_LOGO.png\",\"contentUrl\":\"https:\/\/lottemaa.ee\/wp-content\/uploads\/2018\/12\/Lottemaa_LOGO.png\",\"width\":1024,\"height\":518,\"caption\":\"Lottemaa Teemapark\"},\"image\":{\"@id\":\"https:\/\/lottemaa.ee\/#\/schema\/logo\/image\/\"}}]}<\/script>\n<!-- \/ Yoast SEO plugin. -->","yoast_head_json":{"title":"DAKTERES AVES POLIKL\u012aNIKA | Lottemaa Teemapark","description":"Daktere Ave dz\u012bvo sav\u0101 polikl\u012bnik\u0101. Tas t\u0101d\u0113\u013c, lai uzreiz var\u0113tu pal\u012bdz\u0113t pacientam, kas pie vi\u0146as ierodas. Polikl\u012bnik\u0101 atrodas viss nepiecie\u0161amais, un tai blakus ir l\u0101steku siltumn\u012bca.","robots":{"index":"index","follow":"follow","max-snippet":"max-snippet:-1","max-image-preview":"max-image-preview:large","max-video-preview":"max-video-preview:-1"},"canonical":"https:\/\/lottemaa.ee\/lv\/par-lotes-zemi\/majas-un-nodarbes\/dakteres-aves-poliklinika\/","og_locale":"lv_LV","og_type":"article","og_title":"DAKTERES AVES POLIKL\u012aNIKA | Lottemaa Teemapark","og_description":"Daktere Ave dz\u012bvo sav\u0101 polikl\u012bnik\u0101. Tas t\u0101d\u0113\u013c, lai uzreiz var\u0113tu pal\u012bdz\u0113t pacientam, kas pie vi\u0146as ierodas. Polikl\u012bnik\u0101 atrodas viss nepiecie\u0161amais, un tai blakus ir l\u0101steku siltumn\u012bca.","og_url":"https:\/\/lottemaa.ee\/lv\/par-lotes-zemi\/majas-un-nodarbes\/dakteres-aves-poliklinika\/","og_site_name":"Lottemaa Teemapark","article_modified_time":"2024-09-25T12:44:09+00:00","og_image":[{"width":2560,"height":1696,"url":"https:\/\/lottemaa.ee\/wp-content\/uploads\/2024\/09\/DSC_6668-scaled.jpg","type":"image\/jpeg"}],"twitter_card":"summary_large_image","twitter_misc":{"Est. reading time":"1 min\u016b\u0161u"},"schema":{"@context":"https:\/\/schema.org","@graph":[{"@type":"WebPage","@id":"https:\/\/lottemaa.ee\/lv\/par-lotes-zemi\/majas-un-nodarbes\/dakteres-aves-poliklinika\/","url":"https:\/\/lottemaa.ee\/lv\/par-lotes-zemi\/majas-un-nodarbes\/dakteres-aves-poliklinika\/","name":"DAKTERES AVES POLIKL\u012aNIKA | Lottemaa Teemapark","isPartOf":{"@id":"https:\/\/lottemaa.ee\/#website"},"primaryImageOfPage":{"@id":"https:\/\/lottemaa.ee\/lv\/par-lotes-zemi\/majas-un-nodarbes\/dakteres-aves-poliklinika\/#primaryimage"},"image":{"@id":"https:\/\/lottemaa.ee\/lv\/par-lotes-zemi\/majas-un-nodarbes\/dakteres-aves-poliklinika\/#primaryimage"},"thumbnailUrl":"https:\/\/lottemaa.ee\/wp-content\/uploads\/2024\/09\/DSC_6668-scaled.jpg","datePublished":"2020-08-21T09:31:37+00:00","dateModified":"2024-09-25T12:44:09+00:00","description":"Daktere Ave dz\u012bvo sav\u0101 polikl\u012bnik\u0101. Tas t\u0101d\u0113\u013c, lai uzreiz var\u0113tu pal\u012bdz\u0113t pacientam, kas pie vi\u0146as ierodas. Polikl\u012bnik\u0101 atrodas viss nepiecie\u0161amais, un tai blakus ir l\u0101steku siltumn\u012bca.","breadcrumb":{"@id":"https:\/\/lottemaa.ee\/lv\/par-lotes-zemi\/majas-un-nodarbes\/dakteres-aves-poliklinika\/#breadcrumb"},"inLanguage":"lv-LV","potentialAction":[{"@type":"ReadAction","target":["https:\/\/lottemaa.ee\/lv\/par-lotes-zemi\/majas-un-nodarbes\/dakteres-aves-poliklinika\/"]}]},{"@type":"ImageObject","inLanguage":"lv-LV","@id":"https:\/\/lottemaa.ee\/lv\/par-lotes-zemi\/majas-un-nodarbes\/dakteres-aves-poliklinika\/#primaryimage","url":"https:\/\/lottemaa.ee\/wp-content\/uploads\/2024\/09\/DSC_6668-scaled.jpg","contentUrl":"https:\/\/lottemaa.ee\/wp-content\/uploads\/2024\/09\/DSC_6668-scaled.jpg","width":2560,"height":1696},{"@type":"BreadcrumbList","@id":"https:\/\/lottemaa.ee\/lv\/par-lotes-zemi\/majas-un-nodarbes\/dakteres-aves-poliklinika\/#breadcrumb","itemListElement":[{"@type":"ListItem","position":1,"name":"Home","item":"https:\/\/lottemaa.ee\/lv\/"},{"@type":"ListItem","position":2,"name":"Diena Lotes zem\u0113","item":"https:\/\/lottemaa.ee\/lv\/par-lotes-zemi\/"},{"@type":"ListItem","position":3,"name":"M\u0101jas un nodarbes","item":"https:\/\/lottemaa.ee\/lv\/par-lotes-zemi\/majas-un-nodarbes\/"},{"@type":"ListItem","position":4,"name":"DAKTERES AVES POLIKL\u012aNIKA"}]},{"@type":"WebSite","@id":"https:\/\/lottemaa.ee\/#website","url":"https:\/\/lottemaa.ee\/","name":"Lottemaa Teemapark","description":"Baltimaade suurim ja k\u00f5ige \u00e4gedam kogupere teemapark Eestis P\u00e4rnumaal","publisher":{"@id":"https:\/\/lottemaa.ee\/#organization"},"potentialAction":[{"@type":"SearchAction","target":{"@type":"EntryPoint","urlTemplate":"https:\/\/lottemaa.ee\/?s={search_term_string}"},"query-input":{"@type":"PropertyValueSpecification","valueRequired":true,"valueName":"search_term_string"}}],"inLanguage":"lv-LV"},{"@type":"Organization","@id":"https:\/\/lottemaa.ee\/#organization","name":"Lottemaa Teemapark","url":"https:\/\/lottemaa.ee\/","logo":{"@type":"ImageObject","inLanguage":"lv-LV","@id":"https:\/\/lottemaa.ee\/#\/schema\/logo\/image\/","url":"https:\/\/lottemaa.ee\/wp-content\/uploads\/2018\/12\/Lottemaa_LOGO.png","contentUrl":"https:\/\/lottemaa.ee\/wp-content\/uploads\/2018\/12\/Lottemaa_LOGO.png","width":1024,"height":518,"caption":"Lottemaa Teemapark"},"image":{"@id":"https:\/\/lottemaa.ee\/#\/schema\/logo\/image\/"}}]}},"_links":{"self":[{"href":"https:\/\/lottemaa.ee\/lv\/wp-json\/wp\/v2\/pages\/9715","targetHints":{"allow":["GET"]}}],"collection":[{"href":"https:\/\/lottemaa.ee\/lv\/wp-json\/wp\/v2\/pages"}],"about":[{"href":"https:\/\/lottemaa.ee\/lv\/wp-json\/wp\/v2\/types\/page"}],"author":[{"embeddable":true,"href":"https:\/\/lottemaa.ee\/lv\/wp-json\/wp\/v2\/users\/7"}],"replies":[{"embeddable":true,"href":"https:\/\/lottemaa.ee\/lv\/wp-json\/wp\/v2\/comments?post=9715"}],"version-history":[{"count":4,"href":"https:\/\/lottemaa.ee\/lv\/wp-json\/wp\/v2\/pages\/9715\/revisions"}],"predecessor-version":[{"id":28544,"href":"https:\/\/lottemaa.ee\/lv\/wp-json\/wp\/v2\/pages\/9715\/revisions\/28544"}],"up":[{"embeddable":true,"href":"https:\/\/lottemaa.ee\/lv\/wp-json\/wp\/v2\/pages\/1317"}],"wp:featuredmedia":[{"embeddable":true,"href":"https:\/\/lottemaa.ee\/lv\/wp-json\/wp\/v2\/media\/28438"}],"wp:attachment":[{"href":"https:\/\/lottemaa.ee\/lv\/wp-json\/wp\/v2\/media?parent=9715"}],"curies":[{"name":"wp","href":"https:\/\/api.w.org\/{rel}","templated":true}]}}