{"id":9712,"date":"2020-08-21T12:27:45","date_gmt":"2020-08-21T09:27:45","guid":{"rendered":"https:\/\/test.lottemaa.ee\/?page_id=9712"},"modified":"2024-09-25T16:05:47","modified_gmt":"2024-09-25T13:05:47","slug":"porgandiloikur","status":"publish","type":"page","link":"https:\/\/lottemaa.ee\/lv\/par-lotes-zemi\/izgudrojumi\/porgandiloikur\/","title":{"rendered":"BURK\u0100NU GRIEZ\u0112JS"},"content":{"rendered":"<p style=\"text-align: left;\"><span lang=\"lv-LV\">Bija pien\u0101kusi ciema pati svar\u012bg\u0101k\u0101 diena &#8211; notika IZGUDRO\u0160ANAS KONKURSS! Visi dz\u012bvnieki nesa \u017e\u016brijai atr\u0101d\u012bt savus izgudrojumus. Oskars atnesa ve\u013cas ma\u0161\u012bnu, kas sp\u0113ja ar\u012b gludin\u0101t. C\u016bku mamma Helmi bija izgudrojusi ma\u0161\u012bnu, kas sp\u0113ja p\u0101rl\u0113kt pe\u013c\u0137es, Klauss r\u0101d\u012bja savu ce\u013cojumu koferi, bet Veino ma\u0161\u012bna uzspr\u0101ga pirms konkursa s\u0101kuma. Za\u0137is Adalberts ar vilt\u012bgu seju staig\u0101ja apk\u0101rt savam jaunajam un lepnajam izgudrojumam. Vi\u0146\u0161 v\u0113l liel\u012bj\u0101s, ka p\u0101rsp\u0113s Oskara izgudrojumu.<br \/>\nKad pien\u0101ca laiks \u017e\u016brijas v\u0113rt\u0113jumam, Adalberta izgudrojums str\u0101d\u0101ja lieliski un bez aiz\u0137er\u0161an\u0101s. Tas grieza burk\u0101nus \u0161\u0137\u0113l\u012bt\u0113s un dar\u012bja to neticami \u0101tri. Ta\u010du tad notika kas neparedz\u0113ts. Adalberta izgudrojums p\u0101rl\u016bza, un izr\u0101d\u012bj\u0101s, ka iek\u0161\u0101 ir vi\u0146a sieva Sofija, kas \u013coti \u0101tri sagrieza burk\u0101nus \u0161\u0137\u0113l\u0113s. <\/span><span lang=\"lv-LV\"><br \/>\nAdalberta izgudrojums tika diskvalific\u0113ts, bet viss ciems nosod\u012bja Adalberta ideju izgudrojum\u0101 pasl\u0113pt savu sievu.<\/span><\/p>\n","protected":false},"excerpt":{"rendered":"<p>Bija pien\u0101kusi ciema pati svar\u012bg\u0101k\u0101 diena &#8211; notika IZGUDRO\u0160ANAS KONKURSS! Visi dz\u012bvnieki nesa \u017e\u016brijai atr\u0101d\u012bt savus izgudrojumus. Oskars atnesa ve\u013cas ma\u0161\u012bnu, kas sp\u0113ja ar\u012b gludin\u0101t. C\u016bku mamma Helmi bija izgudrojusi ma\u0161\u012bnu, kas sp\u0113ja p\u0101rl\u0113kt pe\u013c\u0137es, Klauss r\u0101d\u012bja savu ce\u013cojumu koferi, bet Veino ma\u0161\u012bna uzspr\u0101ga pirms konkursa s\u0101kuma. Za\u0137is Adalberts ar vilt\u012bgu seju staig\u0101ja apk\u0101rt savam &hellip; <a href=\"https:\/\/lottemaa.ee\/lv\/par-lotes-zemi\/izgudrojumi\/porgandiloikur\/\">Continued<\/a><\/p>\n","protected":false},"author":7,"featured_media":28460,"parent":4256,"menu_order":437,"comment_status":"closed","ping_status":"closed","template":"","meta":{"_acf_changed":false,"om_disable_all_campaigns":false,"_uf_show_specific_survey":0,"_uf_disable_surveys":false,"footnotes":""},"class_list":["post-9712","page","type-page","status-publish","has-post-thumbnail","hentry"],"acf":[],"yoast_head":"<!-- This site is optimized with the Yoast SEO plugin v25.5 - https:\/\/yoast.com\/wordpress\/plugins\/seo\/ -->\n<title>BURK\u0100NU GRIEZ\u0112JS | Lottemaa Teemapark<\/title>\n<meta name=\"description\" content=\"Adalberta izgudrojums p\u0101rl\u016bza, un izr\u0101d\u012bj\u0101s, ka iek\u0161\u0101 ir vi\u0146a sieva Sofija, kas \u013coti \u0101tri sagrieza burk\u0101nus \u0161\u0137\u0113l\u0113s.\" \/>\n<meta name=\"robots\" content=\"index, follow, max-snippet:-1, max-image-preview:large, max-video-preview:-1\" \/>\n<link rel=\"canonical\" href=\"https:\/\/lottemaa.ee\/lv\/par-lotes-zemi\/izgudrojumi\/porgandiloikur\/\" \/>\n<meta property=\"og:locale\" content=\"lv_LV\" \/>\n<meta property=\"og:type\" content=\"article\" \/>\n<meta property=\"og:title\" content=\"BURK\u0100NU GRIEZ\u0112JS | Lottemaa Teemapark\" \/>\n<meta property=\"og:description\" content=\"Adalberta izgudrojums p\u0101rl\u016bza, un izr\u0101d\u012bj\u0101s, ka iek\u0161\u0101 ir vi\u0146a sieva Sofija, kas \u013coti \u0101tri sagrieza burk\u0101nus \u0161\u0137\u0113l\u0113s.\" \/>\n<meta property=\"og:url\" content=\"https:\/\/lottemaa.ee\/lv\/par-lotes-zemi\/izgudrojumi\/porgandiloikur\/\" \/>\n<meta property=\"og:site_name\" content=\"Lottemaa Teemapark\" \/>\n<meta property=\"article:modified_time\" content=\"2024-09-25T13:05:47+00:00\" \/>\n<meta property=\"og:image\" content=\"https:\/\/lottemaa.ee\/wp-content\/uploads\/2024\/09\/DSC_6908-scaled.jpg\" \/>\n\t<meta property=\"og:image:width\" content=\"2560\" \/>\n\t<meta property=\"og:image:height\" content=\"1696\" \/>\n\t<meta property=\"og:image:type\" content=\"image\/jpeg\" \/>\n<meta name=\"twitter:card\" content=\"summary_large_image\" \/>\n<meta name=\"twitter:label1\" content=\"Est. reading time\" \/>\n\t<meta name=\"twitter:data1\" content=\"1 min\u016b\u0161u\" \/>\n<script type=\"application\/ld+json\" class=\"yoast-schema-graph\">{\"@context\":\"https:\/\/schema.org\",\"@graph\":[{\"@type\":\"WebPage\",\"@id\":\"https:\/\/lottemaa.ee\/lv\/par-lotes-zemi\/izgudrojumi\/porgandiloikur\/\",\"url\":\"https:\/\/lottemaa.ee\/lv\/par-lotes-zemi\/izgudrojumi\/porgandiloikur\/\",\"name\":\"BURK\u0100NU GRIEZ\u0112JS | Lottemaa Teemapark\",\"isPartOf\":{\"@id\":\"https:\/\/lottemaa.ee\/#website\"},\"primaryImageOfPage\":{\"@id\":\"https:\/\/lottemaa.ee\/lv\/par-lotes-zemi\/izgudrojumi\/porgandiloikur\/#primaryimage\"},\"image\":{\"@id\":\"https:\/\/lottemaa.ee\/lv\/par-lotes-zemi\/izgudrojumi\/porgandiloikur\/#primaryimage\"},\"thumbnailUrl\":\"https:\/\/lottemaa.ee\/wp-content\/uploads\/2024\/09\/DSC_6908-scaled.jpg\",\"datePublished\":\"2020-08-21T09:27:45+00:00\",\"dateModified\":\"2024-09-25T13:05:47+00:00\",\"description\":\"Adalberta izgudrojums p\u0101rl\u016bza, un izr\u0101d\u012bj\u0101s, ka iek\u0161\u0101 ir vi\u0146a sieva Sofija, kas \u013coti \u0101tri sagrieza burk\u0101nus \u0161\u0137\u0113l\u0113s.\",\"breadcrumb\":{\"@id\":\"https:\/\/lottemaa.ee\/lv\/par-lotes-zemi\/izgudrojumi\/porgandiloikur\/#breadcrumb\"},\"inLanguage\":\"lv-LV\",\"potentialAction\":[{\"@type\":\"ReadAction\",\"target\":[\"https:\/\/lottemaa.ee\/lv\/par-lotes-zemi\/izgudrojumi\/porgandiloikur\/\"]}]},{\"@type\":\"ImageObject\",\"inLanguage\":\"lv-LV\",\"@id\":\"https:\/\/lottemaa.ee\/lv\/par-lotes-zemi\/izgudrojumi\/porgandiloikur\/#primaryimage\",\"url\":\"https:\/\/lottemaa.ee\/wp-content\/uploads\/2024\/09\/DSC_6908-scaled.jpg\",\"contentUrl\":\"https:\/\/lottemaa.ee\/wp-content\/uploads\/2024\/09\/DSC_6908-scaled.jpg\",\"width\":2560,\"height\":1696},{\"@type\":\"BreadcrumbList\",\"@id\":\"https:\/\/lottemaa.ee\/lv\/par-lotes-zemi\/izgudrojumi\/porgandiloikur\/#breadcrumb\",\"itemListElement\":[{\"@type\":\"ListItem\",\"position\":1,\"name\":\"Home\",\"item\":\"https:\/\/lottemaa.ee\/lv\/\"},{\"@type\":\"ListItem\",\"position\":2,\"name\":\"Diena Lotes zem\u0113\",\"item\":\"https:\/\/lottemaa.ee\/lv\/par-lotes-zemi\/\"},{\"@type\":\"ListItem\",\"position\":3,\"name\":\"IZGUDROJUMI\",\"item\":\"https:\/\/lottemaa.ee\/lv\/par-lotes-zemi\/izgudrojumi\/\"},{\"@type\":\"ListItem\",\"position\":4,\"name\":\"BURK\u0100NU GRIEZ\u0112JS\"}]},{\"@type\":\"WebSite\",\"@id\":\"https:\/\/lottemaa.ee\/#website\",\"url\":\"https:\/\/lottemaa.ee\/\",\"name\":\"Lottemaa Teemapark\",\"description\":\"Baltimaade suurim ja k\u00f5ige \u00e4gedam kogupere teemapark Eestis P\u00e4rnumaal\",\"publisher\":{\"@id\":\"https:\/\/lottemaa.ee\/#organization\"},\"potentialAction\":[{\"@type\":\"SearchAction\",\"target\":{\"@type\":\"EntryPoint\",\"urlTemplate\":\"https:\/\/lottemaa.ee\/?s={search_term_string}\"},\"query-input\":{\"@type\":\"PropertyValueSpecification\",\"valueRequired\":true,\"valueName\":\"search_term_string\"}}],\"inLanguage\":\"lv-LV\"},{\"@type\":\"Organization\",\"@id\":\"https:\/\/lottemaa.ee\/#organization\",\"name\":\"Lottemaa Teemapark\",\"url\":\"https:\/\/lottemaa.ee\/\",\"logo\":{\"@type\":\"ImageObject\",\"inLanguage\":\"lv-LV\",\"@id\":\"https:\/\/lottemaa.ee\/#\/schema\/logo\/image\/\",\"url\":\"https:\/\/lottemaa.ee\/wp-content\/uploads\/2018\/12\/Lottemaa_LOGO.png\",\"contentUrl\":\"https:\/\/lottemaa.ee\/wp-content\/uploads\/2018\/12\/Lottemaa_LOGO.png\",\"width\":1024,\"height\":518,\"caption\":\"Lottemaa Teemapark\"},\"image\":{\"@id\":\"https:\/\/lottemaa.ee\/#\/schema\/logo\/image\/\"}}]}<\/script>\n<!-- \/ Yoast SEO plugin. -->","yoast_head_json":{"title":"BURK\u0100NU GRIEZ\u0112JS | Lottemaa Teemapark","description":"Adalberta izgudrojums p\u0101rl\u016bza, un izr\u0101d\u012bj\u0101s, ka iek\u0161\u0101 ir vi\u0146a sieva Sofija, kas \u013coti \u0101tri sagrieza burk\u0101nus \u0161\u0137\u0113l\u0113s.","robots":{"index":"index","follow":"follow","max-snippet":"max-snippet:-1","max-image-preview":"max-image-preview:large","max-video-preview":"max-video-preview:-1"},"canonical":"https:\/\/lottemaa.ee\/lv\/par-lotes-zemi\/izgudrojumi\/porgandiloikur\/","og_locale":"lv_LV","og_type":"article","og_title":"BURK\u0100NU GRIEZ\u0112JS | Lottemaa Teemapark","og_description":"Adalberta izgudrojums p\u0101rl\u016bza, un izr\u0101d\u012bj\u0101s, ka iek\u0161\u0101 ir vi\u0146a sieva Sofija, kas \u013coti \u0101tri sagrieza burk\u0101nus \u0161\u0137\u0113l\u0113s.","og_url":"https:\/\/lottemaa.ee\/lv\/par-lotes-zemi\/izgudrojumi\/porgandiloikur\/","og_site_name":"Lottemaa Teemapark","article_modified_time":"2024-09-25T13:05:47+00:00","og_image":[{"width":2560,"height":1696,"url":"https:\/\/lottemaa.ee\/wp-content\/uploads\/2024\/09\/DSC_6908-scaled.jpg","type":"image\/jpeg"}],"twitter_card":"summary_large_image","twitter_misc":{"Est. reading time":"1 min\u016b\u0161u"},"schema":{"@context":"https:\/\/schema.org","@graph":[{"@type":"WebPage","@id":"https:\/\/lottemaa.ee\/lv\/par-lotes-zemi\/izgudrojumi\/porgandiloikur\/","url":"https:\/\/lottemaa.ee\/lv\/par-lotes-zemi\/izgudrojumi\/porgandiloikur\/","name":"BURK\u0100NU GRIEZ\u0112JS | Lottemaa Teemapark","isPartOf":{"@id":"https:\/\/lottemaa.ee\/#website"},"primaryImageOfPage":{"@id":"https:\/\/lottemaa.ee\/lv\/par-lotes-zemi\/izgudrojumi\/porgandiloikur\/#primaryimage"},"image":{"@id":"https:\/\/lottemaa.ee\/lv\/par-lotes-zemi\/izgudrojumi\/porgandiloikur\/#primaryimage"},"thumbnailUrl":"https:\/\/lottemaa.ee\/wp-content\/uploads\/2024\/09\/DSC_6908-scaled.jpg","datePublished":"2020-08-21T09:27:45+00:00","dateModified":"2024-09-25T13:05:47+00:00","description":"Adalberta izgudrojums p\u0101rl\u016bza, un izr\u0101d\u012bj\u0101s, ka iek\u0161\u0101 ir vi\u0146a sieva Sofija, kas \u013coti \u0101tri sagrieza burk\u0101nus \u0161\u0137\u0113l\u0113s.","breadcrumb":{"@id":"https:\/\/lottemaa.ee\/lv\/par-lotes-zemi\/izgudrojumi\/porgandiloikur\/#breadcrumb"},"inLanguage":"lv-LV","potentialAction":[{"@type":"ReadAction","target":["https:\/\/lottemaa.ee\/lv\/par-lotes-zemi\/izgudrojumi\/porgandiloikur\/"]}]},{"@type":"ImageObject","inLanguage":"lv-LV","@id":"https:\/\/lottemaa.ee\/lv\/par-lotes-zemi\/izgudrojumi\/porgandiloikur\/#primaryimage","url":"https:\/\/lottemaa.ee\/wp-content\/uploads\/2024\/09\/DSC_6908-scaled.jpg","contentUrl":"https:\/\/lottemaa.ee\/wp-content\/uploads\/2024\/09\/DSC_6908-scaled.jpg","width":2560,"height":1696},{"@type":"BreadcrumbList","@id":"https:\/\/lottemaa.ee\/lv\/par-lotes-zemi\/izgudrojumi\/porgandiloikur\/#breadcrumb","itemListElement":[{"@type":"ListItem","position":1,"name":"Home","item":"https:\/\/lottemaa.ee\/lv\/"},{"@type":"ListItem","position":2,"name":"Diena Lotes zem\u0113","item":"https:\/\/lottemaa.ee\/lv\/par-lotes-zemi\/"},{"@type":"ListItem","position":3,"name":"IZGUDROJUMI","item":"https:\/\/lottemaa.ee\/lv\/par-lotes-zemi\/izgudrojumi\/"},{"@type":"ListItem","position":4,"name":"BURK\u0100NU GRIEZ\u0112JS"}]},{"@type":"WebSite","@id":"https:\/\/lottemaa.ee\/#website","url":"https:\/\/lottemaa.ee\/","name":"Lottemaa Teemapark","description":"Baltimaade suurim ja k\u00f5ige \u00e4gedam kogupere teemapark Eestis P\u00e4rnumaal","publisher":{"@id":"https:\/\/lottemaa.ee\/#organization"},"potentialAction":[{"@type":"SearchAction","target":{"@type":"EntryPoint","urlTemplate":"https:\/\/lottemaa.ee\/?s={search_term_string}"},"query-input":{"@type":"PropertyValueSpecification","valueRequired":true,"valueName":"search_term_string"}}],"inLanguage":"lv-LV"},{"@type":"Organization","@id":"https:\/\/lottemaa.ee\/#organization","name":"Lottemaa Teemapark","url":"https:\/\/lottemaa.ee\/","logo":{"@type":"ImageObject","inLanguage":"lv-LV","@id":"https:\/\/lottemaa.ee\/#\/schema\/logo\/image\/","url":"https:\/\/lottemaa.ee\/wp-content\/uploads\/2018\/12\/Lottemaa_LOGO.png","contentUrl":"https:\/\/lottemaa.ee\/wp-content\/uploads\/2018\/12\/Lottemaa_LOGO.png","width":1024,"height":518,"caption":"Lottemaa Teemapark"},"image":{"@id":"https:\/\/lottemaa.ee\/#\/schema\/logo\/image\/"}}]}},"_links":{"self":[{"href":"https:\/\/lottemaa.ee\/lv\/wp-json\/wp\/v2\/pages\/9712","targetHints":{"allow":["GET"]}}],"collection":[{"href":"https:\/\/lottemaa.ee\/lv\/wp-json\/wp\/v2\/pages"}],"about":[{"href":"https:\/\/lottemaa.ee\/lv\/wp-json\/wp\/v2\/types\/page"}],"author":[{"embeddable":true,"href":"https:\/\/lottemaa.ee\/lv\/wp-json\/wp\/v2\/users\/7"}],"replies":[{"embeddable":true,"href":"https:\/\/lottemaa.ee\/lv\/wp-json\/wp\/v2\/comments?post=9712"}],"version-history":[{"count":4,"href":"https:\/\/lottemaa.ee\/lv\/wp-json\/wp\/v2\/pages\/9712\/revisions"}],"predecessor-version":[{"id":28551,"href":"https:\/\/lottemaa.ee\/lv\/wp-json\/wp\/v2\/pages\/9712\/revisions\/28551"}],"up":[{"embeddable":true,"href":"https:\/\/lottemaa.ee\/lv\/wp-json\/wp\/v2\/pages\/4256"}],"wp:featuredmedia":[{"embeddable":true,"href":"https:\/\/lottemaa.ee\/lv\/wp-json\/wp\/v2\/media\/28460"}],"wp:attachment":[{"href":"https:\/\/lottemaa.ee\/lv\/wp-json\/wp\/v2\/media?parent=9712"}],"curies":[{"name":"wp","href":"https:\/\/api.w.org\/{rel}","templated":true}]}}