{"id":9697,"date":"2020-08-21T11:43:49","date_gmt":"2020-08-21T08:43:49","guid":{"rendered":"https:\/\/test.lottemaa.ee\/?page_id=9697"},"modified":"2024-03-05T11:44:36","modified_gmt":"2024-03-05T09:44:36","slug":"klausi-rannukohver","status":"publish","type":"page","link":"https:\/\/lottemaa.ee\/lv\/par-lotes-zemi\/izgudrojumi\/klausi-rannukohver\/","title":{"rendered":"KLAUSA CE\u013bOJUMU KOFERIS"},"content":{"rendered":"<p style=\"text-align: left;\"><span lang=\"lv-LV\">V<\/span><span lang=\"lv-LV\">ecais ce\u013cot\u0101jsuns Klauss reiz bija jauns un stiprs zellis, kam patika ce\u013cot, un sav\u0101 pirmaj\u0101 pasaules apce\u013cojum\u0101 vi\u0146\u0161 dev\u0101s, kad bija pavisam jauns suns. Klausa mammai, tiesa, bija b\u0113d\u012bgi ap sirdi, ta\u010du Klausa t\u0113tis vi\u0146ai teica, ka tikai skola b\u0113rnu nepadara gudr\u0101ku \u2013 ar\u012b ce\u013co\u0161ana izgl\u012bto. T\u0101 nu Klauss dev\u0101s sav\u0101 pirmaj\u0101 pasaules apce\u013co\u0161an\u0101. Vi\u0146\u0161 g\u0101ja tikai taisni, un, apg\u0101jis apli, Klauss non\u0101ca atpaka\u013c Izgudrot\u0101ju ciem\u0101. Klauss saprata, ka pasaule nav plakana k\u0101 pank\u016bka, bet gan apa\u013ca k\u0101 bumba. <\/span><span lang=\"lv-LV\"><br \/>\nK<\/span><span lang=\"lv-LV\">ad<\/span><span lang=\"lv-LV\"> Klauss k\u013cuva vec\u0101ks, vi\u0146\u0161 izgud<\/span><span lang=\"lv-LV\">roja sev jauku pal\u012bgu &#8211; skrejriteni. Nu Klauss p\u0101rvietojas ar savu skrejriteni, kas vi\u0146am k\u013cuvis par labu draugu un m\u0101ju uz rite\u0146iem. Kad iest\u0101jas nakts un Klauss ir prom ce\u013cojum\u0101, vi\u0146\u0161 uz dusu vienk\u0101r\u0161i iek\u0101rtojas sav\u0101 ce\u013cojumu kofer\u012b. <\/span><span lang=\"lv-LV\"> Ja tuksnes\u012b ir smil\u0161u v\u0113tra, koferis k<\/span><span lang=\"lv-LV\">\u013c<\/span><span lang=\"lv-LV\">\u016bst par jauku pa<\/span><span lang=\"lv-LV\">sl\u0113ptuvi, bet, ja l\u012bst lietus, tad kofer\u012b ir pat\u012bkami gul\u0161\u0146\u0101t. <\/span><\/p>\n","protected":false},"excerpt":{"rendered":"<p>Vecais ce\u013cot\u0101jsuns Klauss reiz bija jauns un stiprs zellis, kam patika ce\u013cot, un sav\u0101 pirmaj\u0101 pasaules apce\u013cojum\u0101 vi\u0146\u0161 dev\u0101s, kad bija pavisam jauns suns. Klausa mammai, tiesa, bija b\u0113d\u012bgi ap sirdi, ta\u010du Klausa t\u0113tis vi\u0146ai teica, ka tikai skola b\u0113rnu nepadara gudr\u0101ku \u2013 ar\u012b ce\u013co\u0161ana izgl\u012bto. T\u0101 nu Klauss dev\u0101s sav\u0101 pirmaj\u0101 pasaules apce\u013co\u0161an\u0101. Vi\u0146\u0161 &hellip; <a href=\"https:\/\/lottemaa.ee\/lv\/par-lotes-zemi\/izgudrojumi\/klausi-rannukohver\/\">Continued<\/a><\/p>\n","protected":false},"author":7,"featured_media":13291,"parent":4256,"menu_order":454,"comment_status":"closed","ping_status":"closed","template":"","meta":{"_acf_changed":false,"om_disable_all_campaigns":false,"_uf_show_specific_survey":0,"_uf_disable_surveys":false,"footnotes":""},"class_list":["post-9697","page","type-page","status-publish","has-post-thumbnail","hentry"],"acf":[],"yoast_head":"<!-- This site is optimized with the Yoast SEO plugin v25.5 - https:\/\/yoast.com\/wordpress\/plugins\/seo\/ -->\n<title>KLAUSA CE\u013bOJUMU KOFERIS | Lottemaa Teemapark<\/title>\n<meta name=\"description\" content=\"Vecais ce\u013cot\u0101jsuns Klauss reiz bija jauns un stiprs zellis, kam patika ce\u013cot, un sav\u0101 pirmaj\u0101 pasaules apce\u013cojum\u0101 vi\u0146\u0161 dev\u0101s, kad bija pavisam jauns suns.\" \/>\n<meta name=\"robots\" content=\"index, follow, max-snippet:-1, max-image-preview:large, max-video-preview:-1\" \/>\n<link rel=\"canonical\" href=\"https:\/\/lottemaa.ee\/lv\/par-lotes-zemi\/izgudrojumi\/klausi-rannukohver\/\" \/>\n<meta property=\"og:locale\" content=\"lv_LV\" \/>\n<meta property=\"og:type\" content=\"article\" \/>\n<meta property=\"og:title\" content=\"KLAUSA CE\u013bOJUMU KOFERIS | Lottemaa Teemapark\" \/>\n<meta property=\"og:description\" content=\"Vecais ce\u013cot\u0101jsuns Klauss reiz bija jauns un stiprs zellis, kam patika ce\u013cot, un sav\u0101 pirmaj\u0101 pasaules apce\u013cojum\u0101 vi\u0146\u0161 dev\u0101s, kad bija pavisam jauns suns.\" \/>\n<meta property=\"og:url\" content=\"https:\/\/lottemaa.ee\/lv\/par-lotes-zemi\/izgudrojumi\/klausi-rannukohver\/\" \/>\n<meta property=\"og:site_name\" content=\"Lottemaa Teemapark\" \/>\n<meta property=\"article:modified_time\" content=\"2024-03-05T09:44:36+00:00\" \/>\n<meta property=\"og:image\" content=\"https:\/\/lottemaa.ee\/wp-content\/uploads\/2022\/04\/DSC_7032-scaled.jpg\" \/>\n\t<meta property=\"og:image:width\" content=\"2560\" \/>\n\t<meta property=\"og:image:height\" content=\"1696\" \/>\n\t<meta property=\"og:image:type\" content=\"image\/jpeg\" \/>\n<meta name=\"twitter:card\" content=\"summary_large_image\" \/>\n<meta name=\"twitter:label1\" content=\"Est. reading time\" \/>\n\t<meta name=\"twitter:data1\" content=\"1 min\u016b\u0161u\" \/>\n<script type=\"application\/ld+json\" class=\"yoast-schema-graph\">{\"@context\":\"https:\/\/schema.org\",\"@graph\":[{\"@type\":\"WebPage\",\"@id\":\"https:\/\/lottemaa.ee\/lv\/par-lotes-zemi\/izgudrojumi\/klausi-rannukohver\/\",\"url\":\"https:\/\/lottemaa.ee\/lv\/par-lotes-zemi\/izgudrojumi\/klausi-rannukohver\/\",\"name\":\"KLAUSA CE\u013bOJUMU KOFERIS | Lottemaa Teemapark\",\"isPartOf\":{\"@id\":\"https:\/\/lottemaa.ee\/#website\"},\"primaryImageOfPage\":{\"@id\":\"https:\/\/lottemaa.ee\/lv\/par-lotes-zemi\/izgudrojumi\/klausi-rannukohver\/#primaryimage\"},\"image\":{\"@id\":\"https:\/\/lottemaa.ee\/lv\/par-lotes-zemi\/izgudrojumi\/klausi-rannukohver\/#primaryimage\"},\"thumbnailUrl\":\"https:\/\/lottemaa.ee\/wp-content\/uploads\/2022\/04\/DSC_7032-scaled.jpg\",\"datePublished\":\"2020-08-21T08:43:49+00:00\",\"dateModified\":\"2024-03-05T09:44:36+00:00\",\"description\":\"Vecais ce\u013cot\u0101jsuns Klauss reiz bija jauns un stiprs zellis, kam patika ce\u013cot, un sav\u0101 pirmaj\u0101 pasaules apce\u013cojum\u0101 vi\u0146\u0161 dev\u0101s, kad bija pavisam jauns suns.\",\"breadcrumb\":{\"@id\":\"https:\/\/lottemaa.ee\/lv\/par-lotes-zemi\/izgudrojumi\/klausi-rannukohver\/#breadcrumb\"},\"inLanguage\":\"lv-LV\",\"potentialAction\":[{\"@type\":\"ReadAction\",\"target\":[\"https:\/\/lottemaa.ee\/lv\/par-lotes-zemi\/izgudrojumi\/klausi-rannukohver\/\"]}]},{\"@type\":\"ImageObject\",\"inLanguage\":\"lv-LV\",\"@id\":\"https:\/\/lottemaa.ee\/lv\/par-lotes-zemi\/izgudrojumi\/klausi-rannukohver\/#primaryimage\",\"url\":\"https:\/\/lottemaa.ee\/wp-content\/uploads\/2022\/04\/DSC_7032-scaled.jpg\",\"contentUrl\":\"https:\/\/lottemaa.ee\/wp-content\/uploads\/2022\/04\/DSC_7032-scaled.jpg\",\"width\":2560,\"height\":1696},{\"@type\":\"BreadcrumbList\",\"@id\":\"https:\/\/lottemaa.ee\/lv\/par-lotes-zemi\/izgudrojumi\/klausi-rannukohver\/#breadcrumb\",\"itemListElement\":[{\"@type\":\"ListItem\",\"position\":1,\"name\":\"Home\",\"item\":\"https:\/\/lottemaa.ee\/lv\/\"},{\"@type\":\"ListItem\",\"position\":2,\"name\":\"Diena Lotes zem\u0113\",\"item\":\"https:\/\/lottemaa.ee\/lv\/par-lotes-zemi\/\"},{\"@type\":\"ListItem\",\"position\":3,\"name\":\"IZGUDROJUMI\",\"item\":\"https:\/\/lottemaa.ee\/lv\/par-lotes-zemi\/izgudrojumi\/\"},{\"@type\":\"ListItem\",\"position\":4,\"name\":\"KLAUSA CE\u013bOJUMU KOFERIS\"}]},{\"@type\":\"WebSite\",\"@id\":\"https:\/\/lottemaa.ee\/#website\",\"url\":\"https:\/\/lottemaa.ee\/\",\"name\":\"Lottemaa Teemapark\",\"description\":\"Baltimaade suurim ja k\u00f5ige \u00e4gedam kogupere teemapark Eestis P\u00e4rnumaal\",\"publisher\":{\"@id\":\"https:\/\/lottemaa.ee\/#organization\"},\"potentialAction\":[{\"@type\":\"SearchAction\",\"target\":{\"@type\":\"EntryPoint\",\"urlTemplate\":\"https:\/\/lottemaa.ee\/?s={search_term_string}\"},\"query-input\":{\"@type\":\"PropertyValueSpecification\",\"valueRequired\":true,\"valueName\":\"search_term_string\"}}],\"inLanguage\":\"lv-LV\"},{\"@type\":\"Organization\",\"@id\":\"https:\/\/lottemaa.ee\/#organization\",\"name\":\"Lottemaa Teemapark\",\"url\":\"https:\/\/lottemaa.ee\/\",\"logo\":{\"@type\":\"ImageObject\",\"inLanguage\":\"lv-LV\",\"@id\":\"https:\/\/lottemaa.ee\/#\/schema\/logo\/image\/\",\"url\":\"https:\/\/lottemaa.ee\/wp-content\/uploads\/2018\/12\/Lottemaa_LOGO.png\",\"contentUrl\":\"https:\/\/lottemaa.ee\/wp-content\/uploads\/2018\/12\/Lottemaa_LOGO.png\",\"width\":1024,\"height\":518,\"caption\":\"Lottemaa Teemapark\"},\"image\":{\"@id\":\"https:\/\/lottemaa.ee\/#\/schema\/logo\/image\/\"}}]}<\/script>\n<!-- \/ Yoast SEO plugin. -->","yoast_head_json":{"title":"KLAUSA CE\u013bOJUMU KOFERIS | Lottemaa Teemapark","description":"Vecais ce\u013cot\u0101jsuns Klauss reiz bija jauns un stiprs zellis, kam patika ce\u013cot, un sav\u0101 pirmaj\u0101 pasaules apce\u013cojum\u0101 vi\u0146\u0161 dev\u0101s, kad bija pavisam jauns suns.","robots":{"index":"index","follow":"follow","max-snippet":"max-snippet:-1","max-image-preview":"max-image-preview:large","max-video-preview":"max-video-preview:-1"},"canonical":"https:\/\/lottemaa.ee\/lv\/par-lotes-zemi\/izgudrojumi\/klausi-rannukohver\/","og_locale":"lv_LV","og_type":"article","og_title":"KLAUSA CE\u013bOJUMU KOFERIS | Lottemaa Teemapark","og_description":"Vecais ce\u013cot\u0101jsuns Klauss reiz bija jauns un stiprs zellis, kam patika ce\u013cot, un sav\u0101 pirmaj\u0101 pasaules apce\u013cojum\u0101 vi\u0146\u0161 dev\u0101s, kad bija pavisam jauns suns.","og_url":"https:\/\/lottemaa.ee\/lv\/par-lotes-zemi\/izgudrojumi\/klausi-rannukohver\/","og_site_name":"Lottemaa Teemapark","article_modified_time":"2024-03-05T09:44:36+00:00","og_image":[{"width":2560,"height":1696,"url":"https:\/\/lottemaa.ee\/wp-content\/uploads\/2022\/04\/DSC_7032-scaled.jpg","type":"image\/jpeg"}],"twitter_card":"summary_large_image","twitter_misc":{"Est. reading time":"1 min\u016b\u0161u"},"schema":{"@context":"https:\/\/schema.org","@graph":[{"@type":"WebPage","@id":"https:\/\/lottemaa.ee\/lv\/par-lotes-zemi\/izgudrojumi\/klausi-rannukohver\/","url":"https:\/\/lottemaa.ee\/lv\/par-lotes-zemi\/izgudrojumi\/klausi-rannukohver\/","name":"KLAUSA CE\u013bOJUMU KOFERIS | Lottemaa Teemapark","isPartOf":{"@id":"https:\/\/lottemaa.ee\/#website"},"primaryImageOfPage":{"@id":"https:\/\/lottemaa.ee\/lv\/par-lotes-zemi\/izgudrojumi\/klausi-rannukohver\/#primaryimage"},"image":{"@id":"https:\/\/lottemaa.ee\/lv\/par-lotes-zemi\/izgudrojumi\/klausi-rannukohver\/#primaryimage"},"thumbnailUrl":"https:\/\/lottemaa.ee\/wp-content\/uploads\/2022\/04\/DSC_7032-scaled.jpg","datePublished":"2020-08-21T08:43:49+00:00","dateModified":"2024-03-05T09:44:36+00:00","description":"Vecais ce\u013cot\u0101jsuns Klauss reiz bija jauns un stiprs zellis, kam patika ce\u013cot, un sav\u0101 pirmaj\u0101 pasaules apce\u013cojum\u0101 vi\u0146\u0161 dev\u0101s, kad bija pavisam jauns suns.","breadcrumb":{"@id":"https:\/\/lottemaa.ee\/lv\/par-lotes-zemi\/izgudrojumi\/klausi-rannukohver\/#breadcrumb"},"inLanguage":"lv-LV","potentialAction":[{"@type":"ReadAction","target":["https:\/\/lottemaa.ee\/lv\/par-lotes-zemi\/izgudrojumi\/klausi-rannukohver\/"]}]},{"@type":"ImageObject","inLanguage":"lv-LV","@id":"https:\/\/lottemaa.ee\/lv\/par-lotes-zemi\/izgudrojumi\/klausi-rannukohver\/#primaryimage","url":"https:\/\/lottemaa.ee\/wp-content\/uploads\/2022\/04\/DSC_7032-scaled.jpg","contentUrl":"https:\/\/lottemaa.ee\/wp-content\/uploads\/2022\/04\/DSC_7032-scaled.jpg","width":2560,"height":1696},{"@type":"BreadcrumbList","@id":"https:\/\/lottemaa.ee\/lv\/par-lotes-zemi\/izgudrojumi\/klausi-rannukohver\/#breadcrumb","itemListElement":[{"@type":"ListItem","position":1,"name":"Home","item":"https:\/\/lottemaa.ee\/lv\/"},{"@type":"ListItem","position":2,"name":"Diena Lotes zem\u0113","item":"https:\/\/lottemaa.ee\/lv\/par-lotes-zemi\/"},{"@type":"ListItem","position":3,"name":"IZGUDROJUMI","item":"https:\/\/lottemaa.ee\/lv\/par-lotes-zemi\/izgudrojumi\/"},{"@type":"ListItem","position":4,"name":"KLAUSA CE\u013bOJUMU KOFERIS"}]},{"@type":"WebSite","@id":"https:\/\/lottemaa.ee\/#website","url":"https:\/\/lottemaa.ee\/","name":"Lottemaa Teemapark","description":"Baltimaade suurim ja k\u00f5ige \u00e4gedam kogupere teemapark Eestis P\u00e4rnumaal","publisher":{"@id":"https:\/\/lottemaa.ee\/#organization"},"potentialAction":[{"@type":"SearchAction","target":{"@type":"EntryPoint","urlTemplate":"https:\/\/lottemaa.ee\/?s={search_term_string}"},"query-input":{"@type":"PropertyValueSpecification","valueRequired":true,"valueName":"search_term_string"}}],"inLanguage":"lv-LV"},{"@type":"Organization","@id":"https:\/\/lottemaa.ee\/#organization","name":"Lottemaa Teemapark","url":"https:\/\/lottemaa.ee\/","logo":{"@type":"ImageObject","inLanguage":"lv-LV","@id":"https:\/\/lottemaa.ee\/#\/schema\/logo\/image\/","url":"https:\/\/lottemaa.ee\/wp-content\/uploads\/2018\/12\/Lottemaa_LOGO.png","contentUrl":"https:\/\/lottemaa.ee\/wp-content\/uploads\/2018\/12\/Lottemaa_LOGO.png","width":1024,"height":518,"caption":"Lottemaa Teemapark"},"image":{"@id":"https:\/\/lottemaa.ee\/#\/schema\/logo\/image\/"}}]}},"_links":{"self":[{"href":"https:\/\/lottemaa.ee\/lv\/wp-json\/wp\/v2\/pages\/9697","targetHints":{"allow":["GET"]}}],"collection":[{"href":"https:\/\/lottemaa.ee\/lv\/wp-json\/wp\/v2\/pages"}],"about":[{"href":"https:\/\/lottemaa.ee\/lv\/wp-json\/wp\/v2\/types\/page"}],"author":[{"embeddable":true,"href":"https:\/\/lottemaa.ee\/lv\/wp-json\/wp\/v2\/users\/7"}],"replies":[{"embeddable":true,"href":"https:\/\/lottemaa.ee\/lv\/wp-json\/wp\/v2\/comments?post=9697"}],"version-history":[{"count":2,"href":"https:\/\/lottemaa.ee\/lv\/wp-json\/wp\/v2\/pages\/9697\/revisions"}],"predecessor-version":[{"id":20001,"href":"https:\/\/lottemaa.ee\/lv\/wp-json\/wp\/v2\/pages\/9697\/revisions\/20001"}],"up":[{"embeddable":true,"href":"https:\/\/lottemaa.ee\/lv\/wp-json\/wp\/v2\/pages\/4256"}],"wp:featuredmedia":[{"embeddable":true,"href":"https:\/\/lottemaa.ee\/lv\/wp-json\/wp\/v2\/media\/13291"}],"wp:attachment":[{"href":"https:\/\/lottemaa.ee\/lv\/wp-json\/wp\/v2\/media?parent=9697"}],"curies":[{"name":"wp","href":"https:\/\/api.w.org\/{rel}","templated":true}]}}