{"id":9693,"date":"2020-08-21T11:41:32","date_gmt":"2020-08-21T08:41:32","guid":{"rendered":"https:\/\/test.lottemaa.ee\/?page_id=9693"},"modified":"2023-02-13T10:26:40","modified_gmt":"2023-02-13T08:26:40","slug":"struklaka","status":"publish","type":"page","link":"https:\/\/lottemaa.ee\/lv\/par-lotes-zemi\/izgudrojumi\/struklaka\/","title":{"rendered":"STR\u016aKLAKA"},"content":{"rendered":"<p style=\"text-align: left;\"><span lang=\"lv-LV\">Lapsa <\/span><span lang=\"lv-LV\">D\u017eovanni parasti izgudrojumiem izmanto da\u017e\u0101dus savas sievas virtuves r\u012bkus. J\u016blijai tas, protams, \u012bpa\u0161i nepat\u012bk, jo alla\u017e saimniec\u012bb\u0101 paz\u016bd k\u0101ds katls vai stampa. <\/span><span lang=\"lv-LV\"><br \/>\nK\u0101du dienu D\u017eovanni pie virtuves galda tik \u010dakli nodarboj\u0101s ar izgudro\u0161an<\/span><span lang=\"lv-LV\">u, ka pil\u0113ja sviedri, ta\u010du izgudrojums nestr\u0101d\u0101ja. Par laimi, gar\u0101m logam g\u0101ja Lotes jaunkundze, kas redz\u0113ja D\u017eovanni b\u0113du un deva vi\u0146am labu padomu: <\/span><span lang=\"lv-LV\">\u201eOnkuli, D\u017eovanni, izmanto sietu!<\/span><span lang=\"lv-LV\">\u201d. D\u017eovanni ievietoja izgudrojum\u0101 sietu, un t\u0101 rad\u0101s str\u016bklaka. Str\u016bklaka ir v\u0113rt\u012bgs izgudrojums, jo to ir jauki v\u0113rot, turkl\u0101t sestdienu vakaros no str\u016bklakas tek burk\u0101nu limon\u0101de<\/span><\/p>\n","protected":false},"excerpt":{"rendered":"<p>Lapsa D\u017eovanni parasti izgudrojumiem izmanto da\u017e\u0101dus savas sievas virtuves r\u012bkus. J\u016blijai tas, protams, \u012bpa\u0161i nepat\u012bk, jo alla\u017e saimniec\u012bb\u0101 paz\u016bd k\u0101ds katls vai stampa. K\u0101du dienu D\u017eovanni pie virtuves galda tik \u010dakli nodarboj\u0101s ar izgudro\u0161anu, ka pil\u0113ja sviedri, ta\u010du izgudrojums nestr\u0101d\u0101ja. Par laimi, gar\u0101m logam g\u0101ja Lotes jaunkundze, kas redz\u0113ja D\u017eovanni b\u0113du un deva vi\u0146am labu &hellip; <a href=\"https:\/\/lottemaa.ee\/lv\/par-lotes-zemi\/izgudrojumi\/struklaka\/\">Continued<\/a><\/p>\n","protected":false},"author":7,"featured_media":13538,"parent":4256,"menu_order":460,"comment_status":"closed","ping_status":"closed","template":"","meta":{"_acf_changed":false,"om_disable_all_campaigns":false,"_uf_show_specific_survey":0,"_uf_disable_surveys":false,"footnotes":""},"class_list":["post-9693","page","type-page","status-publish","has-post-thumbnail","hentry"],"acf":[],"yoast_head":"<!-- This site is optimized with the Yoast SEO plugin v25.5 - https:\/\/yoast.com\/wordpress\/plugins\/seo\/ -->\n<title>STR\u016aKLAKA | Lottemaa Teemapark<\/title>\n<meta name=\"description\" content=\"Lapsa D\u017eovanni parasti izgudrojumiem izmanto da\u017e\u0101dus savas sievas virtuves r\u012bkus. J\u016blijai tas, protams, \u012bpa\u0161i nepat\u012bk, jo alla\u017e saimniec\u012bb\u0101 paz\u016bd k\u0101ds katls vai stampa.\" \/>\n<meta name=\"robots\" content=\"index, follow, max-snippet:-1, max-image-preview:large, max-video-preview:-1\" \/>\n<link rel=\"canonical\" href=\"https:\/\/lottemaa.ee\/lv\/par-lotes-zemi\/izgudrojumi\/struklaka\/\" \/>\n<meta property=\"og:locale\" content=\"lv_LV\" \/>\n<meta property=\"og:type\" content=\"article\" \/>\n<meta property=\"og:title\" content=\"STR\u016aKLAKA | Lottemaa Teemapark\" \/>\n<meta property=\"og:description\" content=\"Lapsa D\u017eovanni parasti izgudrojumiem izmanto da\u017e\u0101dus savas sievas virtuves r\u012bkus. J\u016blijai tas, protams, \u012bpa\u0161i nepat\u012bk, jo alla\u017e saimniec\u012bb\u0101 paz\u016bd k\u0101ds katls vai stampa.\" \/>\n<meta property=\"og:url\" content=\"https:\/\/lottemaa.ee\/lv\/par-lotes-zemi\/izgudrojumi\/struklaka\/\" \/>\n<meta property=\"og:site_name\" content=\"Lottemaa Teemapark\" \/>\n<meta property=\"article:modified_time\" content=\"2023-02-13T08:26:40+00:00\" \/>\n<meta property=\"og:image\" content=\"https:\/\/lottemaa.ee\/wp-content\/uploads\/2022\/04\/DSC_7131-scaled.jpg\" \/>\n\t<meta property=\"og:image:width\" content=\"2560\" \/>\n\t<meta property=\"og:image:height\" content=\"1696\" \/>\n\t<meta property=\"og:image:type\" content=\"image\/jpeg\" \/>\n<meta name=\"twitter:card\" content=\"summary_large_image\" \/>\n<meta name=\"twitter:label1\" content=\"Est. reading time\" \/>\n\t<meta name=\"twitter:data1\" content=\"1 min\u016b\u0161u\" \/>\n<script type=\"application\/ld+json\" class=\"yoast-schema-graph\">{\"@context\":\"https:\/\/schema.org\",\"@graph\":[{\"@type\":\"WebPage\",\"@id\":\"https:\/\/lottemaa.ee\/lv\/par-lotes-zemi\/izgudrojumi\/struklaka\/\",\"url\":\"https:\/\/lottemaa.ee\/lv\/par-lotes-zemi\/izgudrojumi\/struklaka\/\",\"name\":\"STR\u016aKLAKA | Lottemaa Teemapark\",\"isPartOf\":{\"@id\":\"https:\/\/lottemaa.ee\/#website\"},\"primaryImageOfPage\":{\"@id\":\"https:\/\/lottemaa.ee\/lv\/par-lotes-zemi\/izgudrojumi\/struklaka\/#primaryimage\"},\"image\":{\"@id\":\"https:\/\/lottemaa.ee\/lv\/par-lotes-zemi\/izgudrojumi\/struklaka\/#primaryimage\"},\"thumbnailUrl\":\"https:\/\/lottemaa.ee\/wp-content\/uploads\/2022\/04\/DSC_7131-scaled.jpg\",\"datePublished\":\"2020-08-21T08:41:32+00:00\",\"dateModified\":\"2023-02-13T08:26:40+00:00\",\"description\":\"Lapsa D\u017eovanni parasti izgudrojumiem izmanto da\u017e\u0101dus savas sievas virtuves r\u012bkus. J\u016blijai tas, protams, \u012bpa\u0161i nepat\u012bk, jo alla\u017e saimniec\u012bb\u0101 paz\u016bd k\u0101ds katls vai stampa.\",\"breadcrumb\":{\"@id\":\"https:\/\/lottemaa.ee\/lv\/par-lotes-zemi\/izgudrojumi\/struklaka\/#breadcrumb\"},\"inLanguage\":\"lv-LV\",\"potentialAction\":[{\"@type\":\"ReadAction\",\"target\":[\"https:\/\/lottemaa.ee\/lv\/par-lotes-zemi\/izgudrojumi\/struklaka\/\"]}]},{\"@type\":\"ImageObject\",\"inLanguage\":\"lv-LV\",\"@id\":\"https:\/\/lottemaa.ee\/lv\/par-lotes-zemi\/izgudrojumi\/struklaka\/#primaryimage\",\"url\":\"https:\/\/lottemaa.ee\/wp-content\/uploads\/2022\/04\/DSC_7131-scaled.jpg\",\"contentUrl\":\"https:\/\/lottemaa.ee\/wp-content\/uploads\/2022\/04\/DSC_7131-scaled.jpg\",\"width\":2560,\"height\":1696},{\"@type\":\"BreadcrumbList\",\"@id\":\"https:\/\/lottemaa.ee\/lv\/par-lotes-zemi\/izgudrojumi\/struklaka\/#breadcrumb\",\"itemListElement\":[{\"@type\":\"ListItem\",\"position\":1,\"name\":\"Home\",\"item\":\"https:\/\/lottemaa.ee\/lv\/\"},{\"@type\":\"ListItem\",\"position\":2,\"name\":\"Diena Lotes zem\u0113\",\"item\":\"https:\/\/lottemaa.ee\/lv\/par-lotes-zemi\/\"},{\"@type\":\"ListItem\",\"position\":3,\"name\":\"IZGUDROJUMI\",\"item\":\"https:\/\/lottemaa.ee\/lv\/par-lotes-zemi\/izgudrojumi\/\"},{\"@type\":\"ListItem\",\"position\":4,\"name\":\"STR\u016aKLAKA\"}]},{\"@type\":\"WebSite\",\"@id\":\"https:\/\/lottemaa.ee\/#website\",\"url\":\"https:\/\/lottemaa.ee\/\",\"name\":\"Lottemaa Teemapark\",\"description\":\"Baltimaade suurim ja k\u00f5ige \u00e4gedam kogupere teemapark Eestis P\u00e4rnumaal\",\"publisher\":{\"@id\":\"https:\/\/lottemaa.ee\/#organization\"},\"potentialAction\":[{\"@type\":\"SearchAction\",\"target\":{\"@type\":\"EntryPoint\",\"urlTemplate\":\"https:\/\/lottemaa.ee\/?s={search_term_string}\"},\"query-input\":{\"@type\":\"PropertyValueSpecification\",\"valueRequired\":true,\"valueName\":\"search_term_string\"}}],\"inLanguage\":\"lv-LV\"},{\"@type\":\"Organization\",\"@id\":\"https:\/\/lottemaa.ee\/#organization\",\"name\":\"Lottemaa Teemapark\",\"url\":\"https:\/\/lottemaa.ee\/\",\"logo\":{\"@type\":\"ImageObject\",\"inLanguage\":\"lv-LV\",\"@id\":\"https:\/\/lottemaa.ee\/#\/schema\/logo\/image\/\",\"url\":\"https:\/\/lottemaa.ee\/wp-content\/uploads\/2018\/12\/Lottemaa_LOGO.png\",\"contentUrl\":\"https:\/\/lottemaa.ee\/wp-content\/uploads\/2018\/12\/Lottemaa_LOGO.png\",\"width\":1024,\"height\":518,\"caption\":\"Lottemaa Teemapark\"},\"image\":{\"@id\":\"https:\/\/lottemaa.ee\/#\/schema\/logo\/image\/\"}}]}<\/script>\n<!-- \/ Yoast SEO plugin. -->","yoast_head_json":{"title":"STR\u016aKLAKA | Lottemaa Teemapark","description":"Lapsa D\u017eovanni parasti izgudrojumiem izmanto da\u017e\u0101dus savas sievas virtuves r\u012bkus. J\u016blijai tas, protams, \u012bpa\u0161i nepat\u012bk, jo alla\u017e saimniec\u012bb\u0101 paz\u016bd k\u0101ds katls vai stampa.","robots":{"index":"index","follow":"follow","max-snippet":"max-snippet:-1","max-image-preview":"max-image-preview:large","max-video-preview":"max-video-preview:-1"},"canonical":"https:\/\/lottemaa.ee\/lv\/par-lotes-zemi\/izgudrojumi\/struklaka\/","og_locale":"lv_LV","og_type":"article","og_title":"STR\u016aKLAKA | Lottemaa Teemapark","og_description":"Lapsa D\u017eovanni parasti izgudrojumiem izmanto da\u017e\u0101dus savas sievas virtuves r\u012bkus. J\u016blijai tas, protams, \u012bpa\u0161i nepat\u012bk, jo alla\u017e saimniec\u012bb\u0101 paz\u016bd k\u0101ds katls vai stampa.","og_url":"https:\/\/lottemaa.ee\/lv\/par-lotes-zemi\/izgudrojumi\/struklaka\/","og_site_name":"Lottemaa Teemapark","article_modified_time":"2023-02-13T08:26:40+00:00","og_image":[{"width":2560,"height":1696,"url":"https:\/\/lottemaa.ee\/wp-content\/uploads\/2022\/04\/DSC_7131-scaled.jpg","type":"image\/jpeg"}],"twitter_card":"summary_large_image","twitter_misc":{"Est. reading time":"1 min\u016b\u0161u"},"schema":{"@context":"https:\/\/schema.org","@graph":[{"@type":"WebPage","@id":"https:\/\/lottemaa.ee\/lv\/par-lotes-zemi\/izgudrojumi\/struklaka\/","url":"https:\/\/lottemaa.ee\/lv\/par-lotes-zemi\/izgudrojumi\/struklaka\/","name":"STR\u016aKLAKA | Lottemaa Teemapark","isPartOf":{"@id":"https:\/\/lottemaa.ee\/#website"},"primaryImageOfPage":{"@id":"https:\/\/lottemaa.ee\/lv\/par-lotes-zemi\/izgudrojumi\/struklaka\/#primaryimage"},"image":{"@id":"https:\/\/lottemaa.ee\/lv\/par-lotes-zemi\/izgudrojumi\/struklaka\/#primaryimage"},"thumbnailUrl":"https:\/\/lottemaa.ee\/wp-content\/uploads\/2022\/04\/DSC_7131-scaled.jpg","datePublished":"2020-08-21T08:41:32+00:00","dateModified":"2023-02-13T08:26:40+00:00","description":"Lapsa D\u017eovanni parasti izgudrojumiem izmanto da\u017e\u0101dus savas sievas virtuves r\u012bkus. J\u016blijai tas, protams, \u012bpa\u0161i nepat\u012bk, jo alla\u017e saimniec\u012bb\u0101 paz\u016bd k\u0101ds katls vai stampa.","breadcrumb":{"@id":"https:\/\/lottemaa.ee\/lv\/par-lotes-zemi\/izgudrojumi\/struklaka\/#breadcrumb"},"inLanguage":"lv-LV","potentialAction":[{"@type":"ReadAction","target":["https:\/\/lottemaa.ee\/lv\/par-lotes-zemi\/izgudrojumi\/struklaka\/"]}]},{"@type":"ImageObject","inLanguage":"lv-LV","@id":"https:\/\/lottemaa.ee\/lv\/par-lotes-zemi\/izgudrojumi\/struklaka\/#primaryimage","url":"https:\/\/lottemaa.ee\/wp-content\/uploads\/2022\/04\/DSC_7131-scaled.jpg","contentUrl":"https:\/\/lottemaa.ee\/wp-content\/uploads\/2022\/04\/DSC_7131-scaled.jpg","width":2560,"height":1696},{"@type":"BreadcrumbList","@id":"https:\/\/lottemaa.ee\/lv\/par-lotes-zemi\/izgudrojumi\/struklaka\/#breadcrumb","itemListElement":[{"@type":"ListItem","position":1,"name":"Home","item":"https:\/\/lottemaa.ee\/lv\/"},{"@type":"ListItem","position":2,"name":"Diena Lotes zem\u0113","item":"https:\/\/lottemaa.ee\/lv\/par-lotes-zemi\/"},{"@type":"ListItem","position":3,"name":"IZGUDROJUMI","item":"https:\/\/lottemaa.ee\/lv\/par-lotes-zemi\/izgudrojumi\/"},{"@type":"ListItem","position":4,"name":"STR\u016aKLAKA"}]},{"@type":"WebSite","@id":"https:\/\/lottemaa.ee\/#website","url":"https:\/\/lottemaa.ee\/","name":"Lottemaa Teemapark","description":"Baltimaade suurim ja k\u00f5ige \u00e4gedam kogupere teemapark Eestis P\u00e4rnumaal","publisher":{"@id":"https:\/\/lottemaa.ee\/#organization"},"potentialAction":[{"@type":"SearchAction","target":{"@type":"EntryPoint","urlTemplate":"https:\/\/lottemaa.ee\/?s={search_term_string}"},"query-input":{"@type":"PropertyValueSpecification","valueRequired":true,"valueName":"search_term_string"}}],"inLanguage":"lv-LV"},{"@type":"Organization","@id":"https:\/\/lottemaa.ee\/#organization","name":"Lottemaa Teemapark","url":"https:\/\/lottemaa.ee\/","logo":{"@type":"ImageObject","inLanguage":"lv-LV","@id":"https:\/\/lottemaa.ee\/#\/schema\/logo\/image\/","url":"https:\/\/lottemaa.ee\/wp-content\/uploads\/2018\/12\/Lottemaa_LOGO.png","contentUrl":"https:\/\/lottemaa.ee\/wp-content\/uploads\/2018\/12\/Lottemaa_LOGO.png","width":1024,"height":518,"caption":"Lottemaa Teemapark"},"image":{"@id":"https:\/\/lottemaa.ee\/#\/schema\/logo\/image\/"}}]}},"_links":{"self":[{"href":"https:\/\/lottemaa.ee\/lv\/wp-json\/wp\/v2\/pages\/9693","targetHints":{"allow":["GET"]}}],"collection":[{"href":"https:\/\/lottemaa.ee\/lv\/wp-json\/wp\/v2\/pages"}],"about":[{"href":"https:\/\/lottemaa.ee\/lv\/wp-json\/wp\/v2\/types\/page"}],"author":[{"embeddable":true,"href":"https:\/\/lottemaa.ee\/lv\/wp-json\/wp\/v2\/users\/7"}],"replies":[{"embeddable":true,"href":"https:\/\/lottemaa.ee\/lv\/wp-json\/wp\/v2\/comments?post=9693"}],"version-history":[{"count":3,"href":"https:\/\/lottemaa.ee\/lv\/wp-json\/wp\/v2\/pages\/9693\/revisions"}],"predecessor-version":[{"id":20003,"href":"https:\/\/lottemaa.ee\/lv\/wp-json\/wp\/v2\/pages\/9693\/revisions\/20003"}],"up":[{"embeddable":true,"href":"https:\/\/lottemaa.ee\/lv\/wp-json\/wp\/v2\/pages\/4256"}],"wp:featuredmedia":[{"embeddable":true,"href":"https:\/\/lottemaa.ee\/lv\/wp-json\/wp\/v2\/media\/13538"}],"wp:attachment":[{"href":"https:\/\/lottemaa.ee\/lv\/wp-json\/wp\/v2\/media?parent=9693"}],"curies":[{"name":"wp","href":"https:\/\/api.w.org\/{rel}","templated":true}]}}