{"id":9686,"date":"2020-08-21T11:10:40","date_gmt":"2020-08-21T08:10:40","guid":{"rendered":"https:\/\/test.lottemaa.ee\/?page_id=9686"},"modified":"2024-09-25T16:14:38","modified_gmt":"2024-09-25T13:14:38","slug":"karatuba","status":"publish","type":"page","link":"https:\/\/lottemaa.ee\/lv\/par-lotes-zemi\/izgudrojumi\/karatuba\/","title":{"rendered":"TROK\u0160\u0145U ISTABA"},"content":{"rendered":"<p style=\"text-align: left;\"><span lang=\"lv-LV\">M<\/span><span lang=\"lv-LV\">u\u0161a J\u0101ks ilgu laiku bija vecpuisis un dz\u012bvoja sav\u0101 mazaj\u0101, zilaj\u0101 m\u0101ji\u0146\u0101, me\u017e\u0101, piln\u012bgi viens. Tas vi\u0146am \u013coti patika, un vi\u0146\u0161 nepl\u0101noja ap\u0146emt sievu.<\/span><span lang=\"lv-LV\"><br \/>\nK\u0101d<\/span><span lang=\"lv-LV\">u dienu vi\u0146\u0161 satika \u0101rk\u0101rt\u012bgi skaistu mu\u0161u jaunkundzi v\u0101rd\u0101 Ruta. <\/span><span lang=\"lv-LV\">Ruta bija <\/span><span lang=\"lv-LV\">Latvijas mu\u0161a, kas pirms tam dz\u012bvoja R\u012bg\u0101. Rutai \u013coti patika ce\u013cot, un t\u0101 nu vi\u0146a non\u0101ca Izgudrot\u0101ju ciem\u0101 un satika mu\u0161u J\u0101ku. J\u0101ks un Ruta viens otr\u0101 iem\u012bl\u0113jas no pirm\u0101 acu skatiena, un visu vasaru tika svin\u0113tas lepnas k\u0101zas. P\u0113c k\u0101z\u0101m, ruden\u012b, vi\u0146i kop\u0101 dev\u0101s uz Latviju apciemot Rutas vec\u0101kus, un tur J\u0101kam rad\u0101s lieliska ideja s\u0101kt visiem m\u0101c\u012bt, k\u0101 tais\u012bt k\u0101rt\u012bgu troksni. T\u0101 nu J\u0101ks un Ruta pie sav\u0101m m\u0101j\u0101m izveidoja trok\u0161\u0146u darbn\u012bcu. <\/span><\/p>\n","protected":false},"excerpt":{"rendered":"<p>Mu\u0161a J\u0101ks ilgu laiku bija vecpuisis un dz\u012bvoja sav\u0101 mazaj\u0101, zilaj\u0101 m\u0101ji\u0146\u0101, me\u017e\u0101, piln\u012bgi viens. Tas vi\u0146am \u013coti patika, un vi\u0146\u0161 nepl\u0101noja ap\u0146emt sievu. K\u0101du dienu vi\u0146\u0161 satika \u0101rk\u0101rt\u012bgi skaistu mu\u0161u jaunkundzi v\u0101rd\u0101 Ruta. Ruta bija Latvijas mu\u0161a, kas pirms tam dz\u012bvoja R\u012bg\u0101. Rutai \u013coti patika ce\u013cot, un t\u0101 nu vi\u0146a non\u0101ca Izgudrot\u0101ju ciem\u0101 un &hellip; <a href=\"https:\/\/lottemaa.ee\/lv\/par-lotes-zemi\/izgudrojumi\/karatuba\/\">Continued<\/a><\/p>\n","protected":false},"author":7,"featured_media":12921,"parent":4256,"menu_order":488,"comment_status":"closed","ping_status":"closed","template":"","meta":{"_acf_changed":false,"om_disable_all_campaigns":false,"_uf_show_specific_survey":0,"_uf_disable_surveys":false,"footnotes":""},"class_list":["post-9686","page","type-page","status-publish","has-post-thumbnail","hentry"],"acf":[],"yoast_head":"<!-- This site is optimized with the Yoast SEO plugin v25.5 - https:\/\/yoast.com\/wordpress\/plugins\/seo\/ -->\n<title>TROK\u0160\u0145U ISTABA | Lottemaa Teemapark<\/title>\n<meta name=\"description\" content=\"Mu\u0161a J\u0101ks ilgu laiku bija vecpuisis un dz\u012bvoja sav\u0101 mazaj\u0101, zilaj\u0101 m\u0101ji\u0146\u0101, me\u017e\u0101, piln\u012bgi viens. Tas vi\u0146am \u013coti patika, un vi\u0146\u0161 nepl\u0101noja ap\u0146emt sievu.\" \/>\n<meta name=\"robots\" content=\"index, follow, max-snippet:-1, max-image-preview:large, max-video-preview:-1\" \/>\n<link rel=\"canonical\" href=\"https:\/\/lottemaa.ee\/lv\/par-lotes-zemi\/izgudrojumi\/karatuba\/\" \/>\n<meta property=\"og:locale\" content=\"lv_LV\" \/>\n<meta property=\"og:type\" content=\"article\" \/>\n<meta property=\"og:title\" content=\"TROK\u0160\u0145U ISTABA | Lottemaa Teemapark\" \/>\n<meta property=\"og:description\" content=\"Mu\u0161a J\u0101ks ilgu laiku bija vecpuisis un dz\u012bvoja sav\u0101 mazaj\u0101, zilaj\u0101 m\u0101ji\u0146\u0101, me\u017e\u0101, piln\u012bgi viens. Tas vi\u0146am \u013coti patika, un vi\u0146\u0161 nepl\u0101noja ap\u0146emt sievu.\" \/>\n<meta property=\"og:url\" content=\"https:\/\/lottemaa.ee\/lv\/par-lotes-zemi\/izgudrojumi\/karatuba\/\" \/>\n<meta property=\"og:site_name\" content=\"Lottemaa Teemapark\" \/>\n<meta property=\"article:modified_time\" content=\"2024-09-25T13:14:38+00:00\" \/>\n<meta property=\"og:image\" content=\"https:\/\/lottemaa.ee\/wp-content\/uploads\/2022\/04\/DSC_6555-scaled.jpg\" \/>\n\t<meta property=\"og:image:width\" content=\"2560\" \/>\n\t<meta property=\"og:image:height\" content=\"1696\" \/>\n\t<meta property=\"og:image:type\" content=\"image\/jpeg\" \/>\n<meta name=\"twitter:card\" content=\"summary_large_image\" \/>\n<meta name=\"twitter:label1\" content=\"Est. reading time\" \/>\n\t<meta name=\"twitter:data1\" content=\"1 min\u016b\u0161u\" \/>\n<script type=\"application\/ld+json\" class=\"yoast-schema-graph\">{\"@context\":\"https:\/\/schema.org\",\"@graph\":[{\"@type\":\"WebPage\",\"@id\":\"https:\/\/lottemaa.ee\/lv\/par-lotes-zemi\/izgudrojumi\/karatuba\/\",\"url\":\"https:\/\/lottemaa.ee\/lv\/par-lotes-zemi\/izgudrojumi\/karatuba\/\",\"name\":\"TROK\u0160\u0145U ISTABA | Lottemaa Teemapark\",\"isPartOf\":{\"@id\":\"https:\/\/lottemaa.ee\/#website\"},\"primaryImageOfPage\":{\"@id\":\"https:\/\/lottemaa.ee\/lv\/par-lotes-zemi\/izgudrojumi\/karatuba\/#primaryimage\"},\"image\":{\"@id\":\"https:\/\/lottemaa.ee\/lv\/par-lotes-zemi\/izgudrojumi\/karatuba\/#primaryimage\"},\"thumbnailUrl\":\"https:\/\/lottemaa.ee\/wp-content\/uploads\/2022\/04\/DSC_6555-scaled.jpg\",\"datePublished\":\"2020-08-21T08:10:40+00:00\",\"dateModified\":\"2024-09-25T13:14:38+00:00\",\"description\":\"Mu\u0161a J\u0101ks ilgu laiku bija vecpuisis un dz\u012bvoja sav\u0101 mazaj\u0101, zilaj\u0101 m\u0101ji\u0146\u0101, me\u017e\u0101, piln\u012bgi viens. Tas vi\u0146am \u013coti patika, un vi\u0146\u0161 nepl\u0101noja ap\u0146emt sievu.\",\"breadcrumb\":{\"@id\":\"https:\/\/lottemaa.ee\/lv\/par-lotes-zemi\/izgudrojumi\/karatuba\/#breadcrumb\"},\"inLanguage\":\"lv-LV\",\"potentialAction\":[{\"@type\":\"ReadAction\",\"target\":[\"https:\/\/lottemaa.ee\/lv\/par-lotes-zemi\/izgudrojumi\/karatuba\/\"]}]},{\"@type\":\"ImageObject\",\"inLanguage\":\"lv-LV\",\"@id\":\"https:\/\/lottemaa.ee\/lv\/par-lotes-zemi\/izgudrojumi\/karatuba\/#primaryimage\",\"url\":\"https:\/\/lottemaa.ee\/wp-content\/uploads\/2022\/04\/DSC_6555-scaled.jpg\",\"contentUrl\":\"https:\/\/lottemaa.ee\/wp-content\/uploads\/2022\/04\/DSC_6555-scaled.jpg\",\"width\":2560,\"height\":1696},{\"@type\":\"BreadcrumbList\",\"@id\":\"https:\/\/lottemaa.ee\/lv\/par-lotes-zemi\/izgudrojumi\/karatuba\/#breadcrumb\",\"itemListElement\":[{\"@type\":\"ListItem\",\"position\":1,\"name\":\"Home\",\"item\":\"https:\/\/lottemaa.ee\/lv\/\"},{\"@type\":\"ListItem\",\"position\":2,\"name\":\"Diena Lotes zem\u0113\",\"item\":\"https:\/\/lottemaa.ee\/lv\/par-lotes-zemi\/\"},{\"@type\":\"ListItem\",\"position\":3,\"name\":\"IZGUDROJUMI\",\"item\":\"https:\/\/lottemaa.ee\/lv\/par-lotes-zemi\/izgudrojumi\/\"},{\"@type\":\"ListItem\",\"position\":4,\"name\":\"TROK\u0160\u0145U ISTABA\"}]},{\"@type\":\"WebSite\",\"@id\":\"https:\/\/lottemaa.ee\/#website\",\"url\":\"https:\/\/lottemaa.ee\/\",\"name\":\"Lottemaa Teemapark\",\"description\":\"Baltimaade suurim ja k\u00f5ige \u00e4gedam kogupere teemapark Eestis P\u00e4rnumaal\",\"publisher\":{\"@id\":\"https:\/\/lottemaa.ee\/#organization\"},\"potentialAction\":[{\"@type\":\"SearchAction\",\"target\":{\"@type\":\"EntryPoint\",\"urlTemplate\":\"https:\/\/lottemaa.ee\/?s={search_term_string}\"},\"query-input\":{\"@type\":\"PropertyValueSpecification\",\"valueRequired\":true,\"valueName\":\"search_term_string\"}}],\"inLanguage\":\"lv-LV\"},{\"@type\":\"Organization\",\"@id\":\"https:\/\/lottemaa.ee\/#organization\",\"name\":\"Lottemaa Teemapark\",\"url\":\"https:\/\/lottemaa.ee\/\",\"logo\":{\"@type\":\"ImageObject\",\"inLanguage\":\"lv-LV\",\"@id\":\"https:\/\/lottemaa.ee\/#\/schema\/logo\/image\/\",\"url\":\"https:\/\/lottemaa.ee\/wp-content\/uploads\/2018\/12\/Lottemaa_LOGO.png\",\"contentUrl\":\"https:\/\/lottemaa.ee\/wp-content\/uploads\/2018\/12\/Lottemaa_LOGO.png\",\"width\":1024,\"height\":518,\"caption\":\"Lottemaa Teemapark\"},\"image\":{\"@id\":\"https:\/\/lottemaa.ee\/#\/schema\/logo\/image\/\"}}]}<\/script>\n<!-- \/ Yoast SEO plugin. -->","yoast_head_json":{"title":"TROK\u0160\u0145U ISTABA | Lottemaa Teemapark","description":"Mu\u0161a J\u0101ks ilgu laiku bija vecpuisis un dz\u012bvoja sav\u0101 mazaj\u0101, zilaj\u0101 m\u0101ji\u0146\u0101, me\u017e\u0101, piln\u012bgi viens. Tas vi\u0146am \u013coti patika, un vi\u0146\u0161 nepl\u0101noja ap\u0146emt sievu.","robots":{"index":"index","follow":"follow","max-snippet":"max-snippet:-1","max-image-preview":"max-image-preview:large","max-video-preview":"max-video-preview:-1"},"canonical":"https:\/\/lottemaa.ee\/lv\/par-lotes-zemi\/izgudrojumi\/karatuba\/","og_locale":"lv_LV","og_type":"article","og_title":"TROK\u0160\u0145U ISTABA | Lottemaa Teemapark","og_description":"Mu\u0161a J\u0101ks ilgu laiku bija vecpuisis un dz\u012bvoja sav\u0101 mazaj\u0101, zilaj\u0101 m\u0101ji\u0146\u0101, me\u017e\u0101, piln\u012bgi viens. Tas vi\u0146am \u013coti patika, un vi\u0146\u0161 nepl\u0101noja ap\u0146emt sievu.","og_url":"https:\/\/lottemaa.ee\/lv\/par-lotes-zemi\/izgudrojumi\/karatuba\/","og_site_name":"Lottemaa Teemapark","article_modified_time":"2024-09-25T13:14:38+00:00","og_image":[{"width":2560,"height":1696,"url":"https:\/\/lottemaa.ee\/wp-content\/uploads\/2022\/04\/DSC_6555-scaled.jpg","type":"image\/jpeg"}],"twitter_card":"summary_large_image","twitter_misc":{"Est. reading time":"1 min\u016b\u0161u"},"schema":{"@context":"https:\/\/schema.org","@graph":[{"@type":"WebPage","@id":"https:\/\/lottemaa.ee\/lv\/par-lotes-zemi\/izgudrojumi\/karatuba\/","url":"https:\/\/lottemaa.ee\/lv\/par-lotes-zemi\/izgudrojumi\/karatuba\/","name":"TROK\u0160\u0145U ISTABA | Lottemaa Teemapark","isPartOf":{"@id":"https:\/\/lottemaa.ee\/#website"},"primaryImageOfPage":{"@id":"https:\/\/lottemaa.ee\/lv\/par-lotes-zemi\/izgudrojumi\/karatuba\/#primaryimage"},"image":{"@id":"https:\/\/lottemaa.ee\/lv\/par-lotes-zemi\/izgudrojumi\/karatuba\/#primaryimage"},"thumbnailUrl":"https:\/\/lottemaa.ee\/wp-content\/uploads\/2022\/04\/DSC_6555-scaled.jpg","datePublished":"2020-08-21T08:10:40+00:00","dateModified":"2024-09-25T13:14:38+00:00","description":"Mu\u0161a J\u0101ks ilgu laiku bija vecpuisis un dz\u012bvoja sav\u0101 mazaj\u0101, zilaj\u0101 m\u0101ji\u0146\u0101, me\u017e\u0101, piln\u012bgi viens. Tas vi\u0146am \u013coti patika, un vi\u0146\u0161 nepl\u0101noja ap\u0146emt sievu.","breadcrumb":{"@id":"https:\/\/lottemaa.ee\/lv\/par-lotes-zemi\/izgudrojumi\/karatuba\/#breadcrumb"},"inLanguage":"lv-LV","potentialAction":[{"@type":"ReadAction","target":["https:\/\/lottemaa.ee\/lv\/par-lotes-zemi\/izgudrojumi\/karatuba\/"]}]},{"@type":"ImageObject","inLanguage":"lv-LV","@id":"https:\/\/lottemaa.ee\/lv\/par-lotes-zemi\/izgudrojumi\/karatuba\/#primaryimage","url":"https:\/\/lottemaa.ee\/wp-content\/uploads\/2022\/04\/DSC_6555-scaled.jpg","contentUrl":"https:\/\/lottemaa.ee\/wp-content\/uploads\/2022\/04\/DSC_6555-scaled.jpg","width":2560,"height":1696},{"@type":"BreadcrumbList","@id":"https:\/\/lottemaa.ee\/lv\/par-lotes-zemi\/izgudrojumi\/karatuba\/#breadcrumb","itemListElement":[{"@type":"ListItem","position":1,"name":"Home","item":"https:\/\/lottemaa.ee\/lv\/"},{"@type":"ListItem","position":2,"name":"Diena Lotes zem\u0113","item":"https:\/\/lottemaa.ee\/lv\/par-lotes-zemi\/"},{"@type":"ListItem","position":3,"name":"IZGUDROJUMI","item":"https:\/\/lottemaa.ee\/lv\/par-lotes-zemi\/izgudrojumi\/"},{"@type":"ListItem","position":4,"name":"TROK\u0160\u0145U ISTABA"}]},{"@type":"WebSite","@id":"https:\/\/lottemaa.ee\/#website","url":"https:\/\/lottemaa.ee\/","name":"Lottemaa Teemapark","description":"Baltimaade suurim ja k\u00f5ige \u00e4gedam kogupere teemapark Eestis P\u00e4rnumaal","publisher":{"@id":"https:\/\/lottemaa.ee\/#organization"},"potentialAction":[{"@type":"SearchAction","target":{"@type":"EntryPoint","urlTemplate":"https:\/\/lottemaa.ee\/?s={search_term_string}"},"query-input":{"@type":"PropertyValueSpecification","valueRequired":true,"valueName":"search_term_string"}}],"inLanguage":"lv-LV"},{"@type":"Organization","@id":"https:\/\/lottemaa.ee\/#organization","name":"Lottemaa Teemapark","url":"https:\/\/lottemaa.ee\/","logo":{"@type":"ImageObject","inLanguage":"lv-LV","@id":"https:\/\/lottemaa.ee\/#\/schema\/logo\/image\/","url":"https:\/\/lottemaa.ee\/wp-content\/uploads\/2018\/12\/Lottemaa_LOGO.png","contentUrl":"https:\/\/lottemaa.ee\/wp-content\/uploads\/2018\/12\/Lottemaa_LOGO.png","width":1024,"height":518,"caption":"Lottemaa Teemapark"},"image":{"@id":"https:\/\/lottemaa.ee\/#\/schema\/logo\/image\/"}}]}},"_links":{"self":[{"href":"https:\/\/lottemaa.ee\/lv\/wp-json\/wp\/v2\/pages\/9686","targetHints":{"allow":["GET"]}}],"collection":[{"href":"https:\/\/lottemaa.ee\/lv\/wp-json\/wp\/v2\/pages"}],"about":[{"href":"https:\/\/lottemaa.ee\/lv\/wp-json\/wp\/v2\/types\/page"}],"author":[{"embeddable":true,"href":"https:\/\/lottemaa.ee\/lv\/wp-json\/wp\/v2\/users\/7"}],"replies":[{"embeddable":true,"href":"https:\/\/lottemaa.ee\/lv\/wp-json\/wp\/v2\/comments?post=9686"}],"version-history":[{"count":5,"href":"https:\/\/lottemaa.ee\/lv\/wp-json\/wp\/v2\/pages\/9686\/revisions"}],"predecessor-version":[{"id":28556,"href":"https:\/\/lottemaa.ee\/lv\/wp-json\/wp\/v2\/pages\/9686\/revisions\/28556"}],"up":[{"embeddable":true,"href":"https:\/\/lottemaa.ee\/lv\/wp-json\/wp\/v2\/pages\/4256"}],"wp:featuredmedia":[{"embeddable":true,"href":"https:\/\/lottemaa.ee\/lv\/wp-json\/wp\/v2\/media\/12921"}],"wp:attachment":[{"href":"https:\/\/lottemaa.ee\/lv\/wp-json\/wp\/v2\/media?parent=9686"}],"curies":[{"name":"wp","href":"https:\/\/api.w.org\/{rel}","templated":true}]}}