{"id":9684,"date":"2020-08-21T11:08:12","date_gmt":"2020-08-21T08:08:12","guid":{"rendered":"https:\/\/test.lottemaa.ee\/?page_id=9684"},"modified":"2024-08-06T15:45:08","modified_gmt":"2024-08-06T12:45:08","slug":"tolmuimeja-tramm","status":"publish","type":"page","link":"https:\/\/lottemaa.ee\/lv\/par-lotes-zemi\/izgudrojumi\/tolmuimeja-tramm\/","title":{"rendered":"PUTEK\u013bU S\u016aC\u0112JS &#8211; TRAMVAJS"},"content":{"rendered":"<p style=\"text-align: left;\"><span lang=\"lv-LV\">K<\/span><span lang=\"lv-LV\">ad <\/span><span lang=\"lv-LV\">Adalberts bija jauns izgudrot\u0101js, vi\u0146\u0161 grib\u0113ja atst\u0101t iespa<\/span><span lang=\"lv-LV\">idu uz k\u0101du svar\u012bgu za\u0137i, un uzaicin\u0101ja ciemos Teodoru, lai prezent\u0113tu savu pirmo izgudrojumu. Teodors l\u012bdzi pa\u0146\u0113mu v\u0113l da\u017eus svar\u012bgus za\u0137us, un vi\u0146i visi ierad\u0101s apbr\u012bnot Adalberta izgudrojumu. Ta\u010du, ak nera\u017ea, izgudrojums nek\u0101di negrib\u0113ja darboties. Tas gan bad\u012bj\u0101s un bakst\u012bj\u0101s, gan sten\u0113ja un vaid\u0113ja, ta\u010du nestr\u0101d\u0101ja. Tad Oskars aizlien\u0113ja Adalbertam nedaudz elektr\u012bbas, un izgudrojums s\u0101ka ar joni str\u0101d\u0101t. Tas bija tik jaud\u012bgs, ka nor\u0101va svar\u012bgajiem za\u0137iem ze\u0137es no k\u0101j\u0101m, un t\u0101 nu jaunais izgudrojums ieguva svar\u012bgu nosaukumu: tramvajs!<\/span><\/p>\n","protected":false},"excerpt":{"rendered":"<p>Kad Adalberts bija jauns izgudrot\u0101js, vi\u0146\u0161 grib\u0113ja atst\u0101t iespaidu uz k\u0101du svar\u012bgu za\u0137i, un uzaicin\u0101ja ciemos Teodoru, lai prezent\u0113tu savu pirmo izgudrojumu. Teodors l\u012bdzi pa\u0146\u0113mu v\u0113l da\u017eus svar\u012bgus za\u0137us, un vi\u0146i visi ierad\u0101s apbr\u012bnot Adalberta izgudrojumu. Ta\u010du, ak nera\u017ea, izgudrojums nek\u0101di negrib\u0113ja darboties. Tas gan bad\u012bj\u0101s un bakst\u012bj\u0101s, gan sten\u0113ja un vaid\u0113ja, ta\u010du nestr\u0101d\u0101ja. Tad &hellip; <a href=\"https:\/\/lottemaa.ee\/lv\/par-lotes-zemi\/izgudrojumi\/tolmuimeja-tramm\/\">Continued<\/a><\/p>\n","protected":false},"author":7,"featured_media":26922,"parent":4256,"menu_order":441,"comment_status":"closed","ping_status":"closed","template":"","meta":{"_acf_changed":false,"om_disable_all_campaigns":false,"_uf_show_specific_survey":0,"_uf_disable_surveys":false,"footnotes":""},"class_list":["post-9684","page","type-page","status-publish","has-post-thumbnail","hentry"],"acf":[],"yoast_head":"<!-- This site is optimized with the Yoast SEO plugin v25.5 - https:\/\/yoast.com\/wordpress\/plugins\/seo\/ -->\n<title>PUTEK\u013bU S\u016aC\u0112JS - TRAMVAJS | Lottemaa Teemapark<\/title>\n<meta name=\"description\" content=\"Kad Adalberts bija jauns izgudrot\u0101js, vi\u0146\u0161 grib\u0113ja atst\u0101t iespaidu uz k\u0101du svar\u012bgu za\u0137i, un uzaicin\u0101ja ciemos Teodoru, lai prezent\u0113tu savu pirmo izgudrojumu.\" \/>\n<meta name=\"robots\" content=\"index, follow, max-snippet:-1, max-image-preview:large, max-video-preview:-1\" \/>\n<link rel=\"canonical\" href=\"https:\/\/lottemaa.ee\/lv\/par-lotes-zemi\/izgudrojumi\/tolmuimeja-tramm\/\" \/>\n<meta property=\"og:locale\" content=\"lv_LV\" \/>\n<meta property=\"og:type\" content=\"article\" \/>\n<meta property=\"og:title\" content=\"PUTEK\u013bU S\u016aC\u0112JS - TRAMVAJS | Lottemaa Teemapark\" \/>\n<meta property=\"og:description\" content=\"Kad Adalberts bija jauns izgudrot\u0101js, vi\u0146\u0161 grib\u0113ja atst\u0101t iespaidu uz k\u0101du svar\u012bgu za\u0137i, un uzaicin\u0101ja ciemos Teodoru, lai prezent\u0113tu savu pirmo izgudrojumu.\" \/>\n<meta property=\"og:url\" content=\"https:\/\/lottemaa.ee\/lv\/par-lotes-zemi\/izgudrojumi\/tolmuimeja-tramm\/\" \/>\n<meta property=\"og:site_name\" content=\"Lottemaa Teemapark\" \/>\n<meta property=\"article:modified_time\" content=\"2024-08-06T12:45:08+00:00\" \/>\n<meta property=\"og:image\" content=\"https:\/\/lottemaa.ee\/wp-content\/uploads\/2024\/07\/Lottemaa-IV-400.jpg\" \/>\n\t<meta property=\"og:image:width\" content=\"2000\" \/>\n\t<meta property=\"og:image:height\" content=\"1333\" \/>\n\t<meta property=\"og:image:type\" content=\"image\/jpeg\" \/>\n<meta name=\"twitter:card\" content=\"summary_large_image\" \/>\n<meta name=\"twitter:label1\" content=\"Est. reading time\" \/>\n\t<meta name=\"twitter:data1\" content=\"1 min\u016b\u0161u\" \/>\n<script type=\"application\/ld+json\" class=\"yoast-schema-graph\">{\"@context\":\"https:\/\/schema.org\",\"@graph\":[{\"@type\":\"WebPage\",\"@id\":\"https:\/\/lottemaa.ee\/lv\/par-lotes-zemi\/izgudrojumi\/tolmuimeja-tramm\/\",\"url\":\"https:\/\/lottemaa.ee\/lv\/par-lotes-zemi\/izgudrojumi\/tolmuimeja-tramm\/\",\"name\":\"PUTEK\u013bU S\u016aC\u0112JS - TRAMVAJS | Lottemaa Teemapark\",\"isPartOf\":{\"@id\":\"https:\/\/lottemaa.ee\/#website\"},\"primaryImageOfPage\":{\"@id\":\"https:\/\/lottemaa.ee\/lv\/par-lotes-zemi\/izgudrojumi\/tolmuimeja-tramm\/#primaryimage\"},\"image\":{\"@id\":\"https:\/\/lottemaa.ee\/lv\/par-lotes-zemi\/izgudrojumi\/tolmuimeja-tramm\/#primaryimage\"},\"thumbnailUrl\":\"https:\/\/lottemaa.ee\/wp-content\/uploads\/2024\/07\/Lottemaa-IV-400.jpg\",\"datePublished\":\"2020-08-21T08:08:12+00:00\",\"dateModified\":\"2024-08-06T12:45:08+00:00\",\"description\":\"Kad Adalberts bija jauns izgudrot\u0101js, vi\u0146\u0161 grib\u0113ja atst\u0101t iespaidu uz k\u0101du svar\u012bgu za\u0137i, un uzaicin\u0101ja ciemos Teodoru, lai prezent\u0113tu savu pirmo izgudrojumu.\",\"breadcrumb\":{\"@id\":\"https:\/\/lottemaa.ee\/lv\/par-lotes-zemi\/izgudrojumi\/tolmuimeja-tramm\/#breadcrumb\"},\"inLanguage\":\"lv-LV\",\"potentialAction\":[{\"@type\":\"ReadAction\",\"target\":[\"https:\/\/lottemaa.ee\/lv\/par-lotes-zemi\/izgudrojumi\/tolmuimeja-tramm\/\"]}]},{\"@type\":\"ImageObject\",\"inLanguage\":\"lv-LV\",\"@id\":\"https:\/\/lottemaa.ee\/lv\/par-lotes-zemi\/izgudrojumi\/tolmuimeja-tramm\/#primaryimage\",\"url\":\"https:\/\/lottemaa.ee\/wp-content\/uploads\/2024\/07\/Lottemaa-IV-400.jpg\",\"contentUrl\":\"https:\/\/lottemaa.ee\/wp-content\/uploads\/2024\/07\/Lottemaa-IV-400.jpg\",\"width\":2000,\"height\":1333},{\"@type\":\"BreadcrumbList\",\"@id\":\"https:\/\/lottemaa.ee\/lv\/par-lotes-zemi\/izgudrojumi\/tolmuimeja-tramm\/#breadcrumb\",\"itemListElement\":[{\"@type\":\"ListItem\",\"position\":1,\"name\":\"Home\",\"item\":\"https:\/\/lottemaa.ee\/lv\/\"},{\"@type\":\"ListItem\",\"position\":2,\"name\":\"Diena Lotes zem\u0113\",\"item\":\"https:\/\/lottemaa.ee\/lv\/par-lotes-zemi\/\"},{\"@type\":\"ListItem\",\"position\":3,\"name\":\"IZGUDROJUMI\",\"item\":\"https:\/\/lottemaa.ee\/lv\/par-lotes-zemi\/izgudrojumi\/\"},{\"@type\":\"ListItem\",\"position\":4,\"name\":\"PUTEK\u013bU S\u016aC\u0112JS &#8211; TRAMVAJS\"}]},{\"@type\":\"WebSite\",\"@id\":\"https:\/\/lottemaa.ee\/#website\",\"url\":\"https:\/\/lottemaa.ee\/\",\"name\":\"Lottemaa Teemapark\",\"description\":\"Baltimaade suurim ja k\u00f5ige \u00e4gedam kogupere teemapark Eestis P\u00e4rnumaal\",\"publisher\":{\"@id\":\"https:\/\/lottemaa.ee\/#organization\"},\"potentialAction\":[{\"@type\":\"SearchAction\",\"target\":{\"@type\":\"EntryPoint\",\"urlTemplate\":\"https:\/\/lottemaa.ee\/?s={search_term_string}\"},\"query-input\":{\"@type\":\"PropertyValueSpecification\",\"valueRequired\":true,\"valueName\":\"search_term_string\"}}],\"inLanguage\":\"lv-LV\"},{\"@type\":\"Organization\",\"@id\":\"https:\/\/lottemaa.ee\/#organization\",\"name\":\"Lottemaa Teemapark\",\"url\":\"https:\/\/lottemaa.ee\/\",\"logo\":{\"@type\":\"ImageObject\",\"inLanguage\":\"lv-LV\",\"@id\":\"https:\/\/lottemaa.ee\/#\/schema\/logo\/image\/\",\"url\":\"https:\/\/lottemaa.ee\/wp-content\/uploads\/2018\/12\/Lottemaa_LOGO.png\",\"contentUrl\":\"https:\/\/lottemaa.ee\/wp-content\/uploads\/2018\/12\/Lottemaa_LOGO.png\",\"width\":1024,\"height\":518,\"caption\":\"Lottemaa Teemapark\"},\"image\":{\"@id\":\"https:\/\/lottemaa.ee\/#\/schema\/logo\/image\/\"}}]}<\/script>\n<!-- \/ Yoast SEO plugin. -->","yoast_head_json":{"title":"PUTEK\u013bU S\u016aC\u0112JS - TRAMVAJS | Lottemaa Teemapark","description":"Kad Adalberts bija jauns izgudrot\u0101js, vi\u0146\u0161 grib\u0113ja atst\u0101t iespaidu uz k\u0101du svar\u012bgu za\u0137i, un uzaicin\u0101ja ciemos Teodoru, lai prezent\u0113tu savu pirmo izgudrojumu.","robots":{"index":"index","follow":"follow","max-snippet":"max-snippet:-1","max-image-preview":"max-image-preview:large","max-video-preview":"max-video-preview:-1"},"canonical":"https:\/\/lottemaa.ee\/lv\/par-lotes-zemi\/izgudrojumi\/tolmuimeja-tramm\/","og_locale":"lv_LV","og_type":"article","og_title":"PUTEK\u013bU S\u016aC\u0112JS - TRAMVAJS | Lottemaa Teemapark","og_description":"Kad Adalberts bija jauns izgudrot\u0101js, vi\u0146\u0161 grib\u0113ja atst\u0101t iespaidu uz k\u0101du svar\u012bgu za\u0137i, un uzaicin\u0101ja ciemos Teodoru, lai prezent\u0113tu savu pirmo izgudrojumu.","og_url":"https:\/\/lottemaa.ee\/lv\/par-lotes-zemi\/izgudrojumi\/tolmuimeja-tramm\/","og_site_name":"Lottemaa Teemapark","article_modified_time":"2024-08-06T12:45:08+00:00","og_image":[{"width":2000,"height":1333,"url":"https:\/\/lottemaa.ee\/wp-content\/uploads\/2024\/07\/Lottemaa-IV-400.jpg","type":"image\/jpeg"}],"twitter_card":"summary_large_image","twitter_misc":{"Est. reading time":"1 min\u016b\u0161u"},"schema":{"@context":"https:\/\/schema.org","@graph":[{"@type":"WebPage","@id":"https:\/\/lottemaa.ee\/lv\/par-lotes-zemi\/izgudrojumi\/tolmuimeja-tramm\/","url":"https:\/\/lottemaa.ee\/lv\/par-lotes-zemi\/izgudrojumi\/tolmuimeja-tramm\/","name":"PUTEK\u013bU S\u016aC\u0112JS - TRAMVAJS | Lottemaa Teemapark","isPartOf":{"@id":"https:\/\/lottemaa.ee\/#website"},"primaryImageOfPage":{"@id":"https:\/\/lottemaa.ee\/lv\/par-lotes-zemi\/izgudrojumi\/tolmuimeja-tramm\/#primaryimage"},"image":{"@id":"https:\/\/lottemaa.ee\/lv\/par-lotes-zemi\/izgudrojumi\/tolmuimeja-tramm\/#primaryimage"},"thumbnailUrl":"https:\/\/lottemaa.ee\/wp-content\/uploads\/2024\/07\/Lottemaa-IV-400.jpg","datePublished":"2020-08-21T08:08:12+00:00","dateModified":"2024-08-06T12:45:08+00:00","description":"Kad Adalberts bija jauns izgudrot\u0101js, vi\u0146\u0161 grib\u0113ja atst\u0101t iespaidu uz k\u0101du svar\u012bgu za\u0137i, un uzaicin\u0101ja ciemos Teodoru, lai prezent\u0113tu savu pirmo izgudrojumu.","breadcrumb":{"@id":"https:\/\/lottemaa.ee\/lv\/par-lotes-zemi\/izgudrojumi\/tolmuimeja-tramm\/#breadcrumb"},"inLanguage":"lv-LV","potentialAction":[{"@type":"ReadAction","target":["https:\/\/lottemaa.ee\/lv\/par-lotes-zemi\/izgudrojumi\/tolmuimeja-tramm\/"]}]},{"@type":"ImageObject","inLanguage":"lv-LV","@id":"https:\/\/lottemaa.ee\/lv\/par-lotes-zemi\/izgudrojumi\/tolmuimeja-tramm\/#primaryimage","url":"https:\/\/lottemaa.ee\/wp-content\/uploads\/2024\/07\/Lottemaa-IV-400.jpg","contentUrl":"https:\/\/lottemaa.ee\/wp-content\/uploads\/2024\/07\/Lottemaa-IV-400.jpg","width":2000,"height":1333},{"@type":"BreadcrumbList","@id":"https:\/\/lottemaa.ee\/lv\/par-lotes-zemi\/izgudrojumi\/tolmuimeja-tramm\/#breadcrumb","itemListElement":[{"@type":"ListItem","position":1,"name":"Home","item":"https:\/\/lottemaa.ee\/lv\/"},{"@type":"ListItem","position":2,"name":"Diena Lotes zem\u0113","item":"https:\/\/lottemaa.ee\/lv\/par-lotes-zemi\/"},{"@type":"ListItem","position":3,"name":"IZGUDROJUMI","item":"https:\/\/lottemaa.ee\/lv\/par-lotes-zemi\/izgudrojumi\/"},{"@type":"ListItem","position":4,"name":"PUTEK\u013bU S\u016aC\u0112JS &#8211; TRAMVAJS"}]},{"@type":"WebSite","@id":"https:\/\/lottemaa.ee\/#website","url":"https:\/\/lottemaa.ee\/","name":"Lottemaa Teemapark","description":"Baltimaade suurim ja k\u00f5ige \u00e4gedam kogupere teemapark Eestis P\u00e4rnumaal","publisher":{"@id":"https:\/\/lottemaa.ee\/#organization"},"potentialAction":[{"@type":"SearchAction","target":{"@type":"EntryPoint","urlTemplate":"https:\/\/lottemaa.ee\/?s={search_term_string}"},"query-input":{"@type":"PropertyValueSpecification","valueRequired":true,"valueName":"search_term_string"}}],"inLanguage":"lv-LV"},{"@type":"Organization","@id":"https:\/\/lottemaa.ee\/#organization","name":"Lottemaa Teemapark","url":"https:\/\/lottemaa.ee\/","logo":{"@type":"ImageObject","inLanguage":"lv-LV","@id":"https:\/\/lottemaa.ee\/#\/schema\/logo\/image\/","url":"https:\/\/lottemaa.ee\/wp-content\/uploads\/2018\/12\/Lottemaa_LOGO.png","contentUrl":"https:\/\/lottemaa.ee\/wp-content\/uploads\/2018\/12\/Lottemaa_LOGO.png","width":1024,"height":518,"caption":"Lottemaa Teemapark"},"image":{"@id":"https:\/\/lottemaa.ee\/#\/schema\/logo\/image\/"}}]}},"_links":{"self":[{"href":"https:\/\/lottemaa.ee\/lv\/wp-json\/wp\/v2\/pages\/9684","targetHints":{"allow":["GET"]}}],"collection":[{"href":"https:\/\/lottemaa.ee\/lv\/wp-json\/wp\/v2\/pages"}],"about":[{"href":"https:\/\/lottemaa.ee\/lv\/wp-json\/wp\/v2\/types\/page"}],"author":[{"embeddable":true,"href":"https:\/\/lottemaa.ee\/lv\/wp-json\/wp\/v2\/users\/7"}],"replies":[{"embeddable":true,"href":"https:\/\/lottemaa.ee\/lv\/wp-json\/wp\/v2\/comments?post=9684"}],"version-history":[{"count":4,"href":"https:\/\/lottemaa.ee\/lv\/wp-json\/wp\/v2\/pages\/9684\/revisions"}],"predecessor-version":[{"id":26961,"href":"https:\/\/lottemaa.ee\/lv\/wp-json\/wp\/v2\/pages\/9684\/revisions\/26961"}],"up":[{"embeddable":true,"href":"https:\/\/lottemaa.ee\/lv\/wp-json\/wp\/v2\/pages\/4256"}],"wp:featuredmedia":[{"embeddable":true,"href":"https:\/\/lottemaa.ee\/lv\/wp-json\/wp\/v2\/media\/26922"}],"wp:attachment":[{"href":"https:\/\/lottemaa.ee\/lv\/wp-json\/wp\/v2\/media?parent=9684"}],"curies":[{"name":"wp","href":"https:\/\/api.w.org\/{rel}","templated":true}]}}