{"id":9682,"date":"2020-08-21T11:02:29","date_gmt":"2020-08-21T08:02:29","guid":{"rendered":"https:\/\/test.lottemaa.ee\/?page_id=9682"},"modified":"2024-08-07T15:11:28","modified_gmt":"2024-08-07T12:11:28","slug":"maisipulkade-masin","status":"publish","type":"page","link":"https:\/\/lottemaa.ee\/lv\/par-lotes-zemi\/izgudrojumi\/maisipulkade-masin\/","title":{"rendered":"KUKUR\u016aZAS STIEN\u012a\u0160U MA\u0160\u012aNA"},"content":{"rendered":"<p style=\"text-align: left;\"><span lang=\"lv-LV\">K\u0101du vakaru za\u0137is Adal<\/span><span lang=\"lv-LV\">berts s\u0113d\u0113ja m\u0101j\u0101s, un vi\u0146am briesm\u012bgi sagrib\u0113j\u0101s kukur\u016bzas stien\u012b\u0161us. Vi\u0146\u0161 ieskat\u012bj\u0101s gl\u0101z\u012bt\u0113 un burci\u0146\u0101, tad vien\u0101 katl\u0101 un tad otr\u0101, bet nek\u0101. \u012asts izgudrot\u0101js galvu nenok\u0101rs, un Adalberts izgudroja kukur\u016bzas stien\u012b\u0161u ma\u0161\u012bnu. Nu \u0161o ma\u0161\u012bnu iem\u012b\u013cojis viss ciems, jo, kad uzn\u0101k \u0113stgriba, tad ikviens ciema iedz\u012bvot\u0101js uzreiz var sev pagatavot kukur\u016bzas stien\u012b\u0161us.<\/span><\/p>\n","protected":false},"excerpt":{"rendered":"<p>K\u0101du vakaru za\u0137is Adalberts s\u0113d\u0113ja m\u0101j\u0101s, un vi\u0146am briesm\u012bgi sagrib\u0113j\u0101s kukur\u016bzas stien\u012b\u0161us. Vi\u0146\u0161 ieskat\u012bj\u0101s gl\u0101z\u012bt\u0113 un burci\u0146\u0101, tad vien\u0101 katl\u0101 un tad otr\u0101, bet nek\u0101. \u012asts izgudrot\u0101js galvu nenok\u0101rs, un Adalberts izgudroja kukur\u016bzas stien\u012b\u0161u ma\u0161\u012bnu. Nu \u0161o ma\u0161\u012bnu iem\u012b\u013cojis viss ciems, jo, kad uzn\u0101k \u0113stgriba, tad ikviens ciema iedz\u012bvot\u0101js uzreiz var sev pagatavot kukur\u016bzas stien\u012b\u0161us.<\/p>\n","protected":false},"author":7,"featured_media":26917,"parent":4256,"menu_order":451,"comment_status":"closed","ping_status":"closed","template":"","meta":{"_acf_changed":false,"om_disable_all_campaigns":false,"_uf_show_specific_survey":0,"_uf_disable_surveys":false,"footnotes":""},"class_list":["post-9682","page","type-page","status-publish","has-post-thumbnail","hentry"],"acf":[],"yoast_head":"<!-- This site is optimized with the Yoast SEO plugin v25.5 - https:\/\/yoast.com\/wordpress\/plugins\/seo\/ -->\n<title>KUKUR\u016aZAS STIEN\u012a\u0160U MA\u0160\u012aNA | Lottemaa Teemapark<\/title>\n<meta name=\"description\" content=\"K\u0101du vakaru za\u0137is Adalberts s\u0113d\u0113ja m\u0101j\u0101s, un vi\u0146am briesm\u012bgi sagrib\u0113j\u0101s kukur\u016bzas stien\u012b\u0161us. Vi\u0146\u0161 ieskat\u012bj\u0101s gl\u0101z\u012bt\u0113 un burci\u0146\u0101, tad vien\u0101 katl\u0101 un tad otr\u0101, bet nek\u0101.\" \/>\n<meta name=\"robots\" content=\"index, follow, max-snippet:-1, max-image-preview:large, max-video-preview:-1\" \/>\n<link rel=\"canonical\" href=\"https:\/\/lottemaa.ee\/lv\/par-lotes-zemi\/izgudrojumi\/maisipulkade-masin\/\" \/>\n<meta property=\"og:locale\" content=\"lv_LV\" \/>\n<meta property=\"og:type\" content=\"article\" \/>\n<meta property=\"og:title\" content=\"KUKUR\u016aZAS STIEN\u012a\u0160U MA\u0160\u012aNA | Lottemaa Teemapark\" \/>\n<meta property=\"og:description\" content=\"K\u0101du vakaru za\u0137is Adalberts s\u0113d\u0113ja m\u0101j\u0101s, un vi\u0146am briesm\u012bgi sagrib\u0113j\u0101s kukur\u016bzas stien\u012b\u0161us. Vi\u0146\u0161 ieskat\u012bj\u0101s gl\u0101z\u012bt\u0113 un burci\u0146\u0101, tad vien\u0101 katl\u0101 un tad otr\u0101, bet nek\u0101.\" \/>\n<meta property=\"og:url\" content=\"https:\/\/lottemaa.ee\/lv\/par-lotes-zemi\/izgudrojumi\/maisipulkade-masin\/\" \/>\n<meta property=\"og:site_name\" content=\"Lottemaa Teemapark\" \/>\n<meta property=\"article:modified_time\" content=\"2024-08-07T12:11:28+00:00\" \/>\n<meta property=\"og:image\" content=\"https:\/\/lottemaa.ee\/wp-content\/uploads\/2024\/07\/Lottemaa-IV-397.jpg\" \/>\n\t<meta property=\"og:image:width\" content=\"2000\" \/>\n\t<meta property=\"og:image:height\" content=\"1333\" \/>\n\t<meta property=\"og:image:type\" content=\"image\/jpeg\" \/>\n<meta name=\"twitter:card\" content=\"summary_large_image\" \/>\n<meta name=\"twitter:label1\" content=\"Est. reading time\" \/>\n\t<meta name=\"twitter:data1\" content=\"1 min\u016b\u0161u\" \/>\n<script type=\"application\/ld+json\" class=\"yoast-schema-graph\">{\"@context\":\"https:\/\/schema.org\",\"@graph\":[{\"@type\":\"WebPage\",\"@id\":\"https:\/\/lottemaa.ee\/lv\/par-lotes-zemi\/izgudrojumi\/maisipulkade-masin\/\",\"url\":\"https:\/\/lottemaa.ee\/lv\/par-lotes-zemi\/izgudrojumi\/maisipulkade-masin\/\",\"name\":\"KUKUR\u016aZAS STIEN\u012a\u0160U MA\u0160\u012aNA | Lottemaa Teemapark\",\"isPartOf\":{\"@id\":\"https:\/\/lottemaa.ee\/#website\"},\"primaryImageOfPage\":{\"@id\":\"https:\/\/lottemaa.ee\/lv\/par-lotes-zemi\/izgudrojumi\/maisipulkade-masin\/#primaryimage\"},\"image\":{\"@id\":\"https:\/\/lottemaa.ee\/lv\/par-lotes-zemi\/izgudrojumi\/maisipulkade-masin\/#primaryimage\"},\"thumbnailUrl\":\"https:\/\/lottemaa.ee\/wp-content\/uploads\/2024\/07\/Lottemaa-IV-397.jpg\",\"datePublished\":\"2020-08-21T08:02:29+00:00\",\"dateModified\":\"2024-08-07T12:11:28+00:00\",\"description\":\"K\u0101du vakaru za\u0137is Adalberts s\u0113d\u0113ja m\u0101j\u0101s, un vi\u0146am briesm\u012bgi sagrib\u0113j\u0101s kukur\u016bzas stien\u012b\u0161us. Vi\u0146\u0161 ieskat\u012bj\u0101s gl\u0101z\u012bt\u0113 un burci\u0146\u0101, tad vien\u0101 katl\u0101 un tad otr\u0101, bet nek\u0101.\",\"breadcrumb\":{\"@id\":\"https:\/\/lottemaa.ee\/lv\/par-lotes-zemi\/izgudrojumi\/maisipulkade-masin\/#breadcrumb\"},\"inLanguage\":\"lv-LV\",\"potentialAction\":[{\"@type\":\"ReadAction\",\"target\":[\"https:\/\/lottemaa.ee\/lv\/par-lotes-zemi\/izgudrojumi\/maisipulkade-masin\/\"]}]},{\"@type\":\"ImageObject\",\"inLanguage\":\"lv-LV\",\"@id\":\"https:\/\/lottemaa.ee\/lv\/par-lotes-zemi\/izgudrojumi\/maisipulkade-masin\/#primaryimage\",\"url\":\"https:\/\/lottemaa.ee\/wp-content\/uploads\/2024\/07\/Lottemaa-IV-397.jpg\",\"contentUrl\":\"https:\/\/lottemaa.ee\/wp-content\/uploads\/2024\/07\/Lottemaa-IV-397.jpg\",\"width\":2000,\"height\":1333},{\"@type\":\"BreadcrumbList\",\"@id\":\"https:\/\/lottemaa.ee\/lv\/par-lotes-zemi\/izgudrojumi\/maisipulkade-masin\/#breadcrumb\",\"itemListElement\":[{\"@type\":\"ListItem\",\"position\":1,\"name\":\"Home\",\"item\":\"https:\/\/lottemaa.ee\/lv\/\"},{\"@type\":\"ListItem\",\"position\":2,\"name\":\"Diena Lotes zem\u0113\",\"item\":\"https:\/\/lottemaa.ee\/lv\/par-lotes-zemi\/\"},{\"@type\":\"ListItem\",\"position\":3,\"name\":\"IZGUDROJUMI\",\"item\":\"https:\/\/lottemaa.ee\/lv\/par-lotes-zemi\/izgudrojumi\/\"},{\"@type\":\"ListItem\",\"position\":4,\"name\":\"KUKUR\u016aZAS STIEN\u012a\u0160U MA\u0160\u012aNA\"}]},{\"@type\":\"WebSite\",\"@id\":\"https:\/\/lottemaa.ee\/#website\",\"url\":\"https:\/\/lottemaa.ee\/\",\"name\":\"Lottemaa Teemapark\",\"description\":\"Baltimaade suurim ja k\u00f5ige \u00e4gedam kogupere teemapark Eestis P\u00e4rnumaal\",\"publisher\":{\"@id\":\"https:\/\/lottemaa.ee\/#organization\"},\"potentialAction\":[{\"@type\":\"SearchAction\",\"target\":{\"@type\":\"EntryPoint\",\"urlTemplate\":\"https:\/\/lottemaa.ee\/?s={search_term_string}\"},\"query-input\":{\"@type\":\"PropertyValueSpecification\",\"valueRequired\":true,\"valueName\":\"search_term_string\"}}],\"inLanguage\":\"lv-LV\"},{\"@type\":\"Organization\",\"@id\":\"https:\/\/lottemaa.ee\/#organization\",\"name\":\"Lottemaa Teemapark\",\"url\":\"https:\/\/lottemaa.ee\/\",\"logo\":{\"@type\":\"ImageObject\",\"inLanguage\":\"lv-LV\",\"@id\":\"https:\/\/lottemaa.ee\/#\/schema\/logo\/image\/\",\"url\":\"https:\/\/lottemaa.ee\/wp-content\/uploads\/2018\/12\/Lottemaa_LOGO.png\",\"contentUrl\":\"https:\/\/lottemaa.ee\/wp-content\/uploads\/2018\/12\/Lottemaa_LOGO.png\",\"width\":1024,\"height\":518,\"caption\":\"Lottemaa Teemapark\"},\"image\":{\"@id\":\"https:\/\/lottemaa.ee\/#\/schema\/logo\/image\/\"}}]}<\/script>\n<!-- \/ Yoast SEO plugin. -->","yoast_head_json":{"title":"KUKUR\u016aZAS STIEN\u012a\u0160U MA\u0160\u012aNA | Lottemaa Teemapark","description":"K\u0101du vakaru za\u0137is Adalberts s\u0113d\u0113ja m\u0101j\u0101s, un vi\u0146am briesm\u012bgi sagrib\u0113j\u0101s kukur\u016bzas stien\u012b\u0161us. Vi\u0146\u0161 ieskat\u012bj\u0101s gl\u0101z\u012bt\u0113 un burci\u0146\u0101, tad vien\u0101 katl\u0101 un tad otr\u0101, bet nek\u0101.","robots":{"index":"index","follow":"follow","max-snippet":"max-snippet:-1","max-image-preview":"max-image-preview:large","max-video-preview":"max-video-preview:-1"},"canonical":"https:\/\/lottemaa.ee\/lv\/par-lotes-zemi\/izgudrojumi\/maisipulkade-masin\/","og_locale":"lv_LV","og_type":"article","og_title":"KUKUR\u016aZAS STIEN\u012a\u0160U MA\u0160\u012aNA | Lottemaa Teemapark","og_description":"K\u0101du vakaru za\u0137is Adalberts s\u0113d\u0113ja m\u0101j\u0101s, un vi\u0146am briesm\u012bgi sagrib\u0113j\u0101s kukur\u016bzas stien\u012b\u0161us. Vi\u0146\u0161 ieskat\u012bj\u0101s gl\u0101z\u012bt\u0113 un burci\u0146\u0101, tad vien\u0101 katl\u0101 un tad otr\u0101, bet nek\u0101.","og_url":"https:\/\/lottemaa.ee\/lv\/par-lotes-zemi\/izgudrojumi\/maisipulkade-masin\/","og_site_name":"Lottemaa Teemapark","article_modified_time":"2024-08-07T12:11:28+00:00","og_image":[{"width":2000,"height":1333,"url":"https:\/\/lottemaa.ee\/wp-content\/uploads\/2024\/07\/Lottemaa-IV-397.jpg","type":"image\/jpeg"}],"twitter_card":"summary_large_image","twitter_misc":{"Est. reading time":"1 min\u016b\u0161u"},"schema":{"@context":"https:\/\/schema.org","@graph":[{"@type":"WebPage","@id":"https:\/\/lottemaa.ee\/lv\/par-lotes-zemi\/izgudrojumi\/maisipulkade-masin\/","url":"https:\/\/lottemaa.ee\/lv\/par-lotes-zemi\/izgudrojumi\/maisipulkade-masin\/","name":"KUKUR\u016aZAS STIEN\u012a\u0160U MA\u0160\u012aNA | Lottemaa Teemapark","isPartOf":{"@id":"https:\/\/lottemaa.ee\/#website"},"primaryImageOfPage":{"@id":"https:\/\/lottemaa.ee\/lv\/par-lotes-zemi\/izgudrojumi\/maisipulkade-masin\/#primaryimage"},"image":{"@id":"https:\/\/lottemaa.ee\/lv\/par-lotes-zemi\/izgudrojumi\/maisipulkade-masin\/#primaryimage"},"thumbnailUrl":"https:\/\/lottemaa.ee\/wp-content\/uploads\/2024\/07\/Lottemaa-IV-397.jpg","datePublished":"2020-08-21T08:02:29+00:00","dateModified":"2024-08-07T12:11:28+00:00","description":"K\u0101du vakaru za\u0137is Adalberts s\u0113d\u0113ja m\u0101j\u0101s, un vi\u0146am briesm\u012bgi sagrib\u0113j\u0101s kukur\u016bzas stien\u012b\u0161us. Vi\u0146\u0161 ieskat\u012bj\u0101s gl\u0101z\u012bt\u0113 un burci\u0146\u0101, tad vien\u0101 katl\u0101 un tad otr\u0101, bet nek\u0101.","breadcrumb":{"@id":"https:\/\/lottemaa.ee\/lv\/par-lotes-zemi\/izgudrojumi\/maisipulkade-masin\/#breadcrumb"},"inLanguage":"lv-LV","potentialAction":[{"@type":"ReadAction","target":["https:\/\/lottemaa.ee\/lv\/par-lotes-zemi\/izgudrojumi\/maisipulkade-masin\/"]}]},{"@type":"ImageObject","inLanguage":"lv-LV","@id":"https:\/\/lottemaa.ee\/lv\/par-lotes-zemi\/izgudrojumi\/maisipulkade-masin\/#primaryimage","url":"https:\/\/lottemaa.ee\/wp-content\/uploads\/2024\/07\/Lottemaa-IV-397.jpg","contentUrl":"https:\/\/lottemaa.ee\/wp-content\/uploads\/2024\/07\/Lottemaa-IV-397.jpg","width":2000,"height":1333},{"@type":"BreadcrumbList","@id":"https:\/\/lottemaa.ee\/lv\/par-lotes-zemi\/izgudrojumi\/maisipulkade-masin\/#breadcrumb","itemListElement":[{"@type":"ListItem","position":1,"name":"Home","item":"https:\/\/lottemaa.ee\/lv\/"},{"@type":"ListItem","position":2,"name":"Diena Lotes zem\u0113","item":"https:\/\/lottemaa.ee\/lv\/par-lotes-zemi\/"},{"@type":"ListItem","position":3,"name":"IZGUDROJUMI","item":"https:\/\/lottemaa.ee\/lv\/par-lotes-zemi\/izgudrojumi\/"},{"@type":"ListItem","position":4,"name":"KUKUR\u016aZAS STIEN\u012a\u0160U MA\u0160\u012aNA"}]},{"@type":"WebSite","@id":"https:\/\/lottemaa.ee\/#website","url":"https:\/\/lottemaa.ee\/","name":"Lottemaa Teemapark","description":"Baltimaade suurim ja k\u00f5ige \u00e4gedam kogupere teemapark Eestis P\u00e4rnumaal","publisher":{"@id":"https:\/\/lottemaa.ee\/#organization"},"potentialAction":[{"@type":"SearchAction","target":{"@type":"EntryPoint","urlTemplate":"https:\/\/lottemaa.ee\/?s={search_term_string}"},"query-input":{"@type":"PropertyValueSpecification","valueRequired":true,"valueName":"search_term_string"}}],"inLanguage":"lv-LV"},{"@type":"Organization","@id":"https:\/\/lottemaa.ee\/#organization","name":"Lottemaa Teemapark","url":"https:\/\/lottemaa.ee\/","logo":{"@type":"ImageObject","inLanguage":"lv-LV","@id":"https:\/\/lottemaa.ee\/#\/schema\/logo\/image\/","url":"https:\/\/lottemaa.ee\/wp-content\/uploads\/2018\/12\/Lottemaa_LOGO.png","contentUrl":"https:\/\/lottemaa.ee\/wp-content\/uploads\/2018\/12\/Lottemaa_LOGO.png","width":1024,"height":518,"caption":"Lottemaa Teemapark"},"image":{"@id":"https:\/\/lottemaa.ee\/#\/schema\/logo\/image\/"}}]}},"_links":{"self":[{"href":"https:\/\/lottemaa.ee\/lv\/wp-json\/wp\/v2\/pages\/9682","targetHints":{"allow":["GET"]}}],"collection":[{"href":"https:\/\/lottemaa.ee\/lv\/wp-json\/wp\/v2\/pages"}],"about":[{"href":"https:\/\/lottemaa.ee\/lv\/wp-json\/wp\/v2\/types\/page"}],"author":[{"embeddable":true,"href":"https:\/\/lottemaa.ee\/lv\/wp-json\/wp\/v2\/users\/7"}],"replies":[{"embeddable":true,"href":"https:\/\/lottemaa.ee\/lv\/wp-json\/wp\/v2\/comments?post=9682"}],"version-history":[{"count":3,"href":"https:\/\/lottemaa.ee\/lv\/wp-json\/wp\/v2\/pages\/9682\/revisions"}],"predecessor-version":[{"id":27911,"href":"https:\/\/lottemaa.ee\/lv\/wp-json\/wp\/v2\/pages\/9682\/revisions\/27911"}],"up":[{"embeddable":true,"href":"https:\/\/lottemaa.ee\/lv\/wp-json\/wp\/v2\/pages\/4256"}],"wp:featuredmedia":[{"embeddable":true,"href":"https:\/\/lottemaa.ee\/lv\/wp-json\/wp\/v2\/media\/26917"}],"wp:attachment":[{"href":"https:\/\/lottemaa.ee\/lv\/wp-json\/wp\/v2\/media?parent=9682"}],"curies":[{"name":"wp","href":"https:\/\/api.w.org\/{rel}","templated":true}]}}