{"id":9680,"date":"2020-08-21T10:57:48","date_gmt":"2020-08-21T07:57:48","guid":{"rendered":"https:\/\/test.lottemaa.ee\/?page_id=9680"},"modified":"2024-09-25T16:24:55","modified_gmt":"2024-09-25T13:24:55","slug":"jaatisemasin","status":"publish","type":"page","link":"https:\/\/lottemaa.ee\/lv\/par-lotes-zemi\/izgudrojumi\/jaatisemasin\/","title":{"rendered":"SALD\u0112JUMA MA\u0160\u012aNA"},"content":{"rendered":"<p style=\"text-align: left;\"><span lang=\"lv-LV\">Dakterei Ave<\/span><span lang=\"lv-LV\">i \u013coti pat\u012bk z\u0101les, bet it \u012bpa\u0161i vi\u0146ai pat\u012bk, ja slim\u012bba nav ar ac\u012bm saskat\u0101ma, un to j\u0101mekl\u0113 glu\u017ei k\u0101 detekt\u012bvam. Daktere Ave \u0101rst\u0113\u0161an\u0101 izmanto parast\u0101s ledus l\u0101stekas, un to vi\u0146ai ir daudz. Da\u017e\u0101m iek\u0161\u0101 ieliktas ogas, bet da\u017e\u0101m &#8211; s\u0113nes. Katrai slim\u012bbai ir sava recepte. <\/span><span lang=\"lv-LV\"><br \/>\nJa k\u0101dam Izgudrot\u0101ju ciema iedz\u012bvot\u0101jam ne<\/span><span lang=\"lv-LV\">veicas ar izgudrojumu, un pr\u0101ts paliek gau\u017ei skumj\u0161, bet acis &#8211; slapjas, tad dakterei Avei ir tam z\u0101les. Labs sald\u0113jums alla\u017e pal\u012bdz, un t\u0101d\u0113\u013c daktere Ave ir izgudrojusi ar\u012b sald\u0113juma ma\u0161\u012bnu. <\/span><\/p>\n","protected":false},"excerpt":{"rendered":"<p>Dakterei Avei \u013coti pat\u012bk z\u0101les, bet it \u012bpa\u0161i vi\u0146ai pat\u012bk, ja slim\u012bba nav ar ac\u012bm saskat\u0101ma, un to j\u0101mekl\u0113 glu\u017ei k\u0101 detekt\u012bvam. Daktere Ave \u0101rst\u0113\u0161an\u0101 izmanto parast\u0101s ledus l\u0101stekas, un to vi\u0146ai ir daudz. Da\u017e\u0101m iek\u0161\u0101 ieliktas ogas, bet da\u017e\u0101m &#8211; s\u0113nes. Katrai slim\u012bbai ir sava recepte. Ja k\u0101dam Izgudrot\u0101ju ciema iedz\u012bvot\u0101jam neveicas ar izgudrojumu, &hellip; <a href=\"https:\/\/lottemaa.ee\/lv\/par-lotes-zemi\/izgudrojumi\/jaatisemasin\/\">Continued<\/a><\/p>\n","protected":false},"author":7,"featured_media":13136,"parent":4256,"menu_order":495,"comment_status":"closed","ping_status":"closed","template":"","meta":{"_acf_changed":false,"om_disable_all_campaigns":false,"_uf_show_specific_survey":0,"_uf_disable_surveys":false,"footnotes":""},"class_list":["post-9680","page","type-page","status-publish","has-post-thumbnail","hentry"],"acf":[],"yoast_head":"<!-- This site is optimized with the Yoast SEO plugin v25.5 - https:\/\/yoast.com\/wordpress\/plugins\/seo\/ -->\n<title>SALD\u0112JUMA MA\u0160\u012aNA | Lottemaa Teemapark<\/title>\n<meta name=\"description\" content=\"Dakterei Avei \u013coti pat\u012bk z\u0101les, bet it \u012bpa\u0161i vi\u0146ai pat\u012bk, ja slim\u012bba nav ar ac\u012bm saskat\u0101ma, un to j\u0101mekl\u0113 glu\u017ei k\u0101 detekt\u012bvam.\" \/>\n<meta name=\"robots\" content=\"index, follow, max-snippet:-1, max-image-preview:large, max-video-preview:-1\" \/>\n<link rel=\"canonical\" href=\"https:\/\/lottemaa.ee\/lv\/par-lotes-zemi\/izgudrojumi\/jaatisemasin\/\" \/>\n<meta property=\"og:locale\" content=\"lv_LV\" \/>\n<meta property=\"og:type\" content=\"article\" \/>\n<meta property=\"og:title\" content=\"SALD\u0112JUMA MA\u0160\u012aNA | Lottemaa Teemapark\" \/>\n<meta property=\"og:description\" content=\"Dakterei Avei \u013coti pat\u012bk z\u0101les, bet it \u012bpa\u0161i vi\u0146ai pat\u012bk, ja slim\u012bba nav ar ac\u012bm saskat\u0101ma, un to j\u0101mekl\u0113 glu\u017ei k\u0101 detekt\u012bvam.\" \/>\n<meta property=\"og:url\" content=\"https:\/\/lottemaa.ee\/lv\/par-lotes-zemi\/izgudrojumi\/jaatisemasin\/\" \/>\n<meta property=\"og:site_name\" content=\"Lottemaa Teemapark\" \/>\n<meta property=\"article:modified_time\" content=\"2024-09-25T13:24:55+00:00\" \/>\n<meta property=\"og:image\" content=\"https:\/\/lottemaa.ee\/wp-content\/uploads\/2022\/04\/DSC_6859-scaled.jpg\" \/>\n\t<meta property=\"og:image:width\" content=\"1696\" \/>\n\t<meta property=\"og:image:height\" content=\"2560\" \/>\n\t<meta property=\"og:image:type\" content=\"image\/jpeg\" \/>\n<meta name=\"twitter:card\" content=\"summary_large_image\" \/>\n<meta name=\"twitter:label1\" content=\"Est. reading time\" \/>\n\t<meta name=\"twitter:data1\" content=\"1 min\u016b\u0161u\" \/>\n<script type=\"application\/ld+json\" class=\"yoast-schema-graph\">{\"@context\":\"https:\/\/schema.org\",\"@graph\":[{\"@type\":\"WebPage\",\"@id\":\"https:\/\/lottemaa.ee\/lv\/par-lotes-zemi\/izgudrojumi\/jaatisemasin\/\",\"url\":\"https:\/\/lottemaa.ee\/lv\/par-lotes-zemi\/izgudrojumi\/jaatisemasin\/\",\"name\":\"SALD\u0112JUMA MA\u0160\u012aNA | Lottemaa Teemapark\",\"isPartOf\":{\"@id\":\"https:\/\/lottemaa.ee\/#website\"},\"primaryImageOfPage\":{\"@id\":\"https:\/\/lottemaa.ee\/lv\/par-lotes-zemi\/izgudrojumi\/jaatisemasin\/#primaryimage\"},\"image\":{\"@id\":\"https:\/\/lottemaa.ee\/lv\/par-lotes-zemi\/izgudrojumi\/jaatisemasin\/#primaryimage\"},\"thumbnailUrl\":\"https:\/\/lottemaa.ee\/wp-content\/uploads\/2022\/04\/DSC_6859-scaled.jpg\",\"datePublished\":\"2020-08-21T07:57:48+00:00\",\"dateModified\":\"2024-09-25T13:24:55+00:00\",\"description\":\"Dakterei Avei \u013coti pat\u012bk z\u0101les, bet it \u012bpa\u0161i vi\u0146ai pat\u012bk, ja slim\u012bba nav ar ac\u012bm saskat\u0101ma, un to j\u0101mekl\u0113 glu\u017ei k\u0101 detekt\u012bvam.\",\"breadcrumb\":{\"@id\":\"https:\/\/lottemaa.ee\/lv\/par-lotes-zemi\/izgudrojumi\/jaatisemasin\/#breadcrumb\"},\"inLanguage\":\"lv-LV\",\"potentialAction\":[{\"@type\":\"ReadAction\",\"target\":[\"https:\/\/lottemaa.ee\/lv\/par-lotes-zemi\/izgudrojumi\/jaatisemasin\/\"]}]},{\"@type\":\"ImageObject\",\"inLanguage\":\"lv-LV\",\"@id\":\"https:\/\/lottemaa.ee\/lv\/par-lotes-zemi\/izgudrojumi\/jaatisemasin\/#primaryimage\",\"url\":\"https:\/\/lottemaa.ee\/wp-content\/uploads\/2022\/04\/DSC_6859-scaled.jpg\",\"contentUrl\":\"https:\/\/lottemaa.ee\/wp-content\/uploads\/2022\/04\/DSC_6859-scaled.jpg\",\"width\":1696,\"height\":2560},{\"@type\":\"BreadcrumbList\",\"@id\":\"https:\/\/lottemaa.ee\/lv\/par-lotes-zemi\/izgudrojumi\/jaatisemasin\/#breadcrumb\",\"itemListElement\":[{\"@type\":\"ListItem\",\"position\":1,\"name\":\"Home\",\"item\":\"https:\/\/lottemaa.ee\/lv\/\"},{\"@type\":\"ListItem\",\"position\":2,\"name\":\"Diena Lotes zem\u0113\",\"item\":\"https:\/\/lottemaa.ee\/lv\/par-lotes-zemi\/\"},{\"@type\":\"ListItem\",\"position\":3,\"name\":\"IZGUDROJUMI\",\"item\":\"https:\/\/lottemaa.ee\/lv\/par-lotes-zemi\/izgudrojumi\/\"},{\"@type\":\"ListItem\",\"position\":4,\"name\":\"SALD\u0112JUMA MA\u0160\u012aNA\"}]},{\"@type\":\"WebSite\",\"@id\":\"https:\/\/lottemaa.ee\/#website\",\"url\":\"https:\/\/lottemaa.ee\/\",\"name\":\"Lottemaa Teemapark\",\"description\":\"Baltimaade suurim ja k\u00f5ige \u00e4gedam kogupere teemapark Eestis P\u00e4rnumaal\",\"publisher\":{\"@id\":\"https:\/\/lottemaa.ee\/#organization\"},\"potentialAction\":[{\"@type\":\"SearchAction\",\"target\":{\"@type\":\"EntryPoint\",\"urlTemplate\":\"https:\/\/lottemaa.ee\/?s={search_term_string}\"},\"query-input\":{\"@type\":\"PropertyValueSpecification\",\"valueRequired\":true,\"valueName\":\"search_term_string\"}}],\"inLanguage\":\"lv-LV\"},{\"@type\":\"Organization\",\"@id\":\"https:\/\/lottemaa.ee\/#organization\",\"name\":\"Lottemaa Teemapark\",\"url\":\"https:\/\/lottemaa.ee\/\",\"logo\":{\"@type\":\"ImageObject\",\"inLanguage\":\"lv-LV\",\"@id\":\"https:\/\/lottemaa.ee\/#\/schema\/logo\/image\/\",\"url\":\"https:\/\/lottemaa.ee\/wp-content\/uploads\/2018\/12\/Lottemaa_LOGO.png\",\"contentUrl\":\"https:\/\/lottemaa.ee\/wp-content\/uploads\/2018\/12\/Lottemaa_LOGO.png\",\"width\":1024,\"height\":518,\"caption\":\"Lottemaa Teemapark\"},\"image\":{\"@id\":\"https:\/\/lottemaa.ee\/#\/schema\/logo\/image\/\"}}]}<\/script>\n<!-- \/ Yoast SEO plugin. -->","yoast_head_json":{"title":"SALD\u0112JUMA MA\u0160\u012aNA | Lottemaa Teemapark","description":"Dakterei Avei \u013coti pat\u012bk z\u0101les, bet it \u012bpa\u0161i vi\u0146ai pat\u012bk, ja slim\u012bba nav ar ac\u012bm saskat\u0101ma, un to j\u0101mekl\u0113 glu\u017ei k\u0101 detekt\u012bvam.","robots":{"index":"index","follow":"follow","max-snippet":"max-snippet:-1","max-image-preview":"max-image-preview:large","max-video-preview":"max-video-preview:-1"},"canonical":"https:\/\/lottemaa.ee\/lv\/par-lotes-zemi\/izgudrojumi\/jaatisemasin\/","og_locale":"lv_LV","og_type":"article","og_title":"SALD\u0112JUMA MA\u0160\u012aNA | Lottemaa Teemapark","og_description":"Dakterei Avei \u013coti pat\u012bk z\u0101les, bet it \u012bpa\u0161i vi\u0146ai pat\u012bk, ja slim\u012bba nav ar ac\u012bm saskat\u0101ma, un to j\u0101mekl\u0113 glu\u017ei k\u0101 detekt\u012bvam.","og_url":"https:\/\/lottemaa.ee\/lv\/par-lotes-zemi\/izgudrojumi\/jaatisemasin\/","og_site_name":"Lottemaa Teemapark","article_modified_time":"2024-09-25T13:24:55+00:00","og_image":[{"width":1696,"height":2560,"url":"https:\/\/lottemaa.ee\/wp-content\/uploads\/2022\/04\/DSC_6859-scaled.jpg","type":"image\/jpeg"}],"twitter_card":"summary_large_image","twitter_misc":{"Est. reading time":"1 min\u016b\u0161u"},"schema":{"@context":"https:\/\/schema.org","@graph":[{"@type":"WebPage","@id":"https:\/\/lottemaa.ee\/lv\/par-lotes-zemi\/izgudrojumi\/jaatisemasin\/","url":"https:\/\/lottemaa.ee\/lv\/par-lotes-zemi\/izgudrojumi\/jaatisemasin\/","name":"SALD\u0112JUMA MA\u0160\u012aNA | Lottemaa Teemapark","isPartOf":{"@id":"https:\/\/lottemaa.ee\/#website"},"primaryImageOfPage":{"@id":"https:\/\/lottemaa.ee\/lv\/par-lotes-zemi\/izgudrojumi\/jaatisemasin\/#primaryimage"},"image":{"@id":"https:\/\/lottemaa.ee\/lv\/par-lotes-zemi\/izgudrojumi\/jaatisemasin\/#primaryimage"},"thumbnailUrl":"https:\/\/lottemaa.ee\/wp-content\/uploads\/2022\/04\/DSC_6859-scaled.jpg","datePublished":"2020-08-21T07:57:48+00:00","dateModified":"2024-09-25T13:24:55+00:00","description":"Dakterei Avei \u013coti pat\u012bk z\u0101les, bet it \u012bpa\u0161i vi\u0146ai pat\u012bk, ja slim\u012bba nav ar ac\u012bm saskat\u0101ma, un to j\u0101mekl\u0113 glu\u017ei k\u0101 detekt\u012bvam.","breadcrumb":{"@id":"https:\/\/lottemaa.ee\/lv\/par-lotes-zemi\/izgudrojumi\/jaatisemasin\/#breadcrumb"},"inLanguage":"lv-LV","potentialAction":[{"@type":"ReadAction","target":["https:\/\/lottemaa.ee\/lv\/par-lotes-zemi\/izgudrojumi\/jaatisemasin\/"]}]},{"@type":"ImageObject","inLanguage":"lv-LV","@id":"https:\/\/lottemaa.ee\/lv\/par-lotes-zemi\/izgudrojumi\/jaatisemasin\/#primaryimage","url":"https:\/\/lottemaa.ee\/wp-content\/uploads\/2022\/04\/DSC_6859-scaled.jpg","contentUrl":"https:\/\/lottemaa.ee\/wp-content\/uploads\/2022\/04\/DSC_6859-scaled.jpg","width":1696,"height":2560},{"@type":"BreadcrumbList","@id":"https:\/\/lottemaa.ee\/lv\/par-lotes-zemi\/izgudrojumi\/jaatisemasin\/#breadcrumb","itemListElement":[{"@type":"ListItem","position":1,"name":"Home","item":"https:\/\/lottemaa.ee\/lv\/"},{"@type":"ListItem","position":2,"name":"Diena Lotes zem\u0113","item":"https:\/\/lottemaa.ee\/lv\/par-lotes-zemi\/"},{"@type":"ListItem","position":3,"name":"IZGUDROJUMI","item":"https:\/\/lottemaa.ee\/lv\/par-lotes-zemi\/izgudrojumi\/"},{"@type":"ListItem","position":4,"name":"SALD\u0112JUMA MA\u0160\u012aNA"}]},{"@type":"WebSite","@id":"https:\/\/lottemaa.ee\/#website","url":"https:\/\/lottemaa.ee\/","name":"Lottemaa Teemapark","description":"Baltimaade suurim ja k\u00f5ige \u00e4gedam kogupere teemapark Eestis P\u00e4rnumaal","publisher":{"@id":"https:\/\/lottemaa.ee\/#organization"},"potentialAction":[{"@type":"SearchAction","target":{"@type":"EntryPoint","urlTemplate":"https:\/\/lottemaa.ee\/?s={search_term_string}"},"query-input":{"@type":"PropertyValueSpecification","valueRequired":true,"valueName":"search_term_string"}}],"inLanguage":"lv-LV"},{"@type":"Organization","@id":"https:\/\/lottemaa.ee\/#organization","name":"Lottemaa Teemapark","url":"https:\/\/lottemaa.ee\/","logo":{"@type":"ImageObject","inLanguage":"lv-LV","@id":"https:\/\/lottemaa.ee\/#\/schema\/logo\/image\/","url":"https:\/\/lottemaa.ee\/wp-content\/uploads\/2018\/12\/Lottemaa_LOGO.png","contentUrl":"https:\/\/lottemaa.ee\/wp-content\/uploads\/2018\/12\/Lottemaa_LOGO.png","width":1024,"height":518,"caption":"Lottemaa Teemapark"},"image":{"@id":"https:\/\/lottemaa.ee\/#\/schema\/logo\/image\/"}}]}},"_links":{"self":[{"href":"https:\/\/lottemaa.ee\/lv\/wp-json\/wp\/v2\/pages\/9680","targetHints":{"allow":["GET"]}}],"collection":[{"href":"https:\/\/lottemaa.ee\/lv\/wp-json\/wp\/v2\/pages"}],"about":[{"href":"https:\/\/lottemaa.ee\/lv\/wp-json\/wp\/v2\/types\/page"}],"author":[{"embeddable":true,"href":"https:\/\/lottemaa.ee\/lv\/wp-json\/wp\/v2\/users\/7"}],"replies":[{"embeddable":true,"href":"https:\/\/lottemaa.ee\/lv\/wp-json\/wp\/v2\/comments?post=9680"}],"version-history":[{"count":4,"href":"https:\/\/lottemaa.ee\/lv\/wp-json\/wp\/v2\/pages\/9680\/revisions"}],"predecessor-version":[{"id":28557,"href":"https:\/\/lottemaa.ee\/lv\/wp-json\/wp\/v2\/pages\/9680\/revisions\/28557"}],"up":[{"embeddable":true,"href":"https:\/\/lottemaa.ee\/lv\/wp-json\/wp\/v2\/pages\/4256"}],"wp:featuredmedia":[{"embeddable":true,"href":"https:\/\/lottemaa.ee\/lv\/wp-json\/wp\/v2\/media\/13136"}],"wp:attachment":[{"href":"https:\/\/lottemaa.ee\/lv\/wp-json\/wp\/v2\/media?parent=9680"}],"curies":[{"name":"wp","href":"https:\/\/api.w.org\/{rel}","templated":true}]}}