{"id":9678,"date":"2020-08-21T10:49:45","date_gmt":"2020-08-21T07:49:45","guid":{"rendered":"https:\/\/test.lottemaa.ee\/?page_id=9678"},"modified":"2024-09-25T16:29:31","modified_gmt":"2024-09-25T13:29:31","slug":"vaino-sepikumasin","status":"publish","type":"page","link":"https:\/\/lottemaa.ee\/lv\/par-lotes-zemi\/izgudrojumi\/vaino-sepikumasin\/","title":{"rendered":"VEINO MAIZES MA\u0160\u012aNA"},"content":{"rendered":"<p style=\"text-align: left;\"><span lang=\"lv-LV\">V<\/span><span lang=\"lv-LV\">e<\/span><span lang=\"lv-LV\">ino <\/span><span lang=\"lv-LV\">ir \u010dakls susliks, kura m\u016b\u017ea sapnis ir ma\u0161\u012bna, kas ra\u017eotu siltu maizi. <\/span><span lang=\"lv-LV\">V<\/span><span lang=\"lv-LV\">e<\/span><span lang=\"lv-LV\">ino zina, k<\/span><span lang=\"lv-LV\">a, lai ieg\u016btu maizi, vien\u0101 ma\u0161\u012bnas pus\u0113 j\u0101ieliek sarkans \u0137ie\u0123elis, un, pareizi grie\u017eot sviru, otr\u0101 pus\u0113 b\u016btu j\u0101izn\u0101k siltai maizei. <\/span><span lang=\"lv-LV\">Bet maize k\u0101 nen\u0101k, t\u0101 nen\u0101k. <\/span><span lang=\"lv-LV\">Tiesa, pa otru pusi izn\u0101ku\u0161i \u010diekuri, rieksti, lab\u0101s k\u0101jas z\u0101baki un daudzi citi kr\u0101mi, bet ne maize. Veino tom\u0113r nav zaud\u0113jis cer\u012bbu un turpina izgudrot. Vi\u0146\u0161 nospriego ma\u0161\u012bnas siksnas un piegrie\u017e skr\u016bves. K\u0101dreiz Veino izdosies tikt pie siltas maizes TIK UN T\u0100! <\/span><\/p>\n","protected":false},"excerpt":{"rendered":"<p>Veino ir \u010dakls susliks, kura m\u016b\u017ea sapnis ir ma\u0161\u012bna, kas ra\u017eotu siltu maizi. Veino zina, ka, lai ieg\u016btu maizi, vien\u0101 ma\u0161\u012bnas pus\u0113 j\u0101ieliek sarkans \u0137ie\u0123elis, un, pareizi grie\u017eot sviru, otr\u0101 pus\u0113 b\u016btu j\u0101izn\u0101k siltai maizei. Bet maize k\u0101 nen\u0101k, t\u0101 nen\u0101k. Tiesa, pa otru pusi izn\u0101ku\u0161i \u010diekuri, rieksti, lab\u0101s k\u0101jas z\u0101baki un daudzi citi kr\u0101mi, &hellip; <a href=\"https:\/\/lottemaa.ee\/lv\/par-lotes-zemi\/izgudrojumi\/vaino-sepikumasin\/\">Continued<\/a><\/p>\n","protected":false},"author":7,"featured_media":13493,"parent":4256,"menu_order":500,"comment_status":"closed","ping_status":"closed","template":"","meta":{"_acf_changed":false,"om_disable_all_campaigns":false,"_uf_show_specific_survey":0,"_uf_disable_surveys":false,"footnotes":""},"class_list":["post-9678","page","type-page","status-publish","has-post-thumbnail","hentry"],"acf":[],"yoast_head":"<!-- This site is optimized with the Yoast SEO plugin v25.5 - https:\/\/yoast.com\/wordpress\/plugins\/seo\/ -->\n<title>VEINO MAIZES MA\u0160\u012aNA | Lottemaa Teemapark<\/title>\n<meta name=\"description\" content=\"Veino ir \u010dakls susliks, kura m\u016b\u017ea sapnis ir ma\u0161\u012bna, kas ra\u017eotu siltu maizi.Veino zina, ka, lai ieg\u016btu maizi, vien\u0101 ma\u0161\u012bnas pus\u0113 j\u0101ieliek sarkans \u0137ie\u0123elis, un, pareizi grie\u017eot sviru, otr\u0101 pus\u0113 b\u016btu j\u0101izn\u0101k siltai maizei.\" \/>\n<meta name=\"robots\" content=\"index, follow, max-snippet:-1, max-image-preview:large, max-video-preview:-1\" \/>\n<link rel=\"canonical\" href=\"https:\/\/lottemaa.ee\/lv\/par-lotes-zemi\/izgudrojumi\/vaino-sepikumasin\/\" \/>\n<meta property=\"og:locale\" content=\"lv_LV\" \/>\n<meta property=\"og:type\" content=\"article\" \/>\n<meta property=\"og:title\" content=\"VEINO MAIZES MA\u0160\u012aNA | Lottemaa Teemapark\" \/>\n<meta property=\"og:description\" content=\"Veino ir \u010dakls susliks, kura m\u016b\u017ea sapnis ir ma\u0161\u012bna, kas ra\u017eotu siltu maizi.Veino zina, ka, lai ieg\u016btu maizi, vien\u0101 ma\u0161\u012bnas pus\u0113 j\u0101ieliek sarkans \u0137ie\u0123elis, un, pareizi grie\u017eot sviru, otr\u0101 pus\u0113 b\u016btu j\u0101izn\u0101k siltai maizei.\" \/>\n<meta property=\"og:url\" content=\"https:\/\/lottemaa.ee\/lv\/par-lotes-zemi\/izgudrojumi\/vaino-sepikumasin\/\" \/>\n<meta property=\"og:site_name\" content=\"Lottemaa Teemapark\" \/>\n<meta property=\"article:modified_time\" content=\"2024-09-25T13:29:31+00:00\" \/>\n<meta property=\"og:image\" content=\"https:\/\/lottemaa.ee\/wp-content\/uploads\/2022\/04\/DSC_7104-Copy-scaled.jpg\" \/>\n\t<meta property=\"og:image:width\" content=\"2560\" \/>\n\t<meta property=\"og:image:height\" content=\"1695\" \/>\n\t<meta property=\"og:image:type\" content=\"image\/jpeg\" \/>\n<meta name=\"twitter:card\" content=\"summary_large_image\" \/>\n<meta name=\"twitter:label1\" content=\"Est. reading time\" \/>\n\t<meta name=\"twitter:data1\" content=\"1 min\u016b\u0161u\" \/>\n<script type=\"application\/ld+json\" class=\"yoast-schema-graph\">{\"@context\":\"https:\/\/schema.org\",\"@graph\":[{\"@type\":\"WebPage\",\"@id\":\"https:\/\/lottemaa.ee\/lv\/par-lotes-zemi\/izgudrojumi\/vaino-sepikumasin\/\",\"url\":\"https:\/\/lottemaa.ee\/lv\/par-lotes-zemi\/izgudrojumi\/vaino-sepikumasin\/\",\"name\":\"VEINO MAIZES MA\u0160\u012aNA | Lottemaa Teemapark\",\"isPartOf\":{\"@id\":\"https:\/\/lottemaa.ee\/#website\"},\"primaryImageOfPage\":{\"@id\":\"https:\/\/lottemaa.ee\/lv\/par-lotes-zemi\/izgudrojumi\/vaino-sepikumasin\/#primaryimage\"},\"image\":{\"@id\":\"https:\/\/lottemaa.ee\/lv\/par-lotes-zemi\/izgudrojumi\/vaino-sepikumasin\/#primaryimage\"},\"thumbnailUrl\":\"https:\/\/lottemaa.ee\/wp-content\/uploads\/2022\/04\/DSC_7104-Copy-scaled.jpg\",\"datePublished\":\"2020-08-21T07:49:45+00:00\",\"dateModified\":\"2024-09-25T13:29:31+00:00\",\"description\":\"Veino ir \u010dakls susliks, kura m\u016b\u017ea sapnis ir ma\u0161\u012bna, kas ra\u017eotu siltu maizi.Veino zina, ka, lai ieg\u016btu maizi, vien\u0101 ma\u0161\u012bnas pus\u0113 j\u0101ieliek sarkans \u0137ie\u0123elis, un, pareizi grie\u017eot sviru, otr\u0101 pus\u0113 b\u016btu j\u0101izn\u0101k siltai maizei.\",\"breadcrumb\":{\"@id\":\"https:\/\/lottemaa.ee\/lv\/par-lotes-zemi\/izgudrojumi\/vaino-sepikumasin\/#breadcrumb\"},\"inLanguage\":\"lv-LV\",\"potentialAction\":[{\"@type\":\"ReadAction\",\"target\":[\"https:\/\/lottemaa.ee\/lv\/par-lotes-zemi\/izgudrojumi\/vaino-sepikumasin\/\"]}]},{\"@type\":\"ImageObject\",\"inLanguage\":\"lv-LV\",\"@id\":\"https:\/\/lottemaa.ee\/lv\/par-lotes-zemi\/izgudrojumi\/vaino-sepikumasin\/#primaryimage\",\"url\":\"https:\/\/lottemaa.ee\/wp-content\/uploads\/2022\/04\/DSC_7104-Copy-scaled.jpg\",\"contentUrl\":\"https:\/\/lottemaa.ee\/wp-content\/uploads\/2022\/04\/DSC_7104-Copy-scaled.jpg\",\"width\":2560,\"height\":1695},{\"@type\":\"BreadcrumbList\",\"@id\":\"https:\/\/lottemaa.ee\/lv\/par-lotes-zemi\/izgudrojumi\/vaino-sepikumasin\/#breadcrumb\",\"itemListElement\":[{\"@type\":\"ListItem\",\"position\":1,\"name\":\"Home\",\"item\":\"https:\/\/lottemaa.ee\/lv\/\"},{\"@type\":\"ListItem\",\"position\":2,\"name\":\"Diena Lotes zem\u0113\",\"item\":\"https:\/\/lottemaa.ee\/lv\/par-lotes-zemi\/\"},{\"@type\":\"ListItem\",\"position\":3,\"name\":\"IZGUDROJUMI\",\"item\":\"https:\/\/lottemaa.ee\/lv\/par-lotes-zemi\/izgudrojumi\/\"},{\"@type\":\"ListItem\",\"position\":4,\"name\":\"VEINO MAIZES MA\u0160\u012aNA\"}]},{\"@type\":\"WebSite\",\"@id\":\"https:\/\/lottemaa.ee\/#website\",\"url\":\"https:\/\/lottemaa.ee\/\",\"name\":\"Lottemaa Teemapark\",\"description\":\"Baltimaade suurim ja k\u00f5ige \u00e4gedam kogupere teemapark Eestis P\u00e4rnumaal\",\"publisher\":{\"@id\":\"https:\/\/lottemaa.ee\/#organization\"},\"potentialAction\":[{\"@type\":\"SearchAction\",\"target\":{\"@type\":\"EntryPoint\",\"urlTemplate\":\"https:\/\/lottemaa.ee\/?s={search_term_string}\"},\"query-input\":{\"@type\":\"PropertyValueSpecification\",\"valueRequired\":true,\"valueName\":\"search_term_string\"}}],\"inLanguage\":\"lv-LV\"},{\"@type\":\"Organization\",\"@id\":\"https:\/\/lottemaa.ee\/#organization\",\"name\":\"Lottemaa Teemapark\",\"url\":\"https:\/\/lottemaa.ee\/\",\"logo\":{\"@type\":\"ImageObject\",\"inLanguage\":\"lv-LV\",\"@id\":\"https:\/\/lottemaa.ee\/#\/schema\/logo\/image\/\",\"url\":\"https:\/\/lottemaa.ee\/wp-content\/uploads\/2018\/12\/Lottemaa_LOGO.png\",\"contentUrl\":\"https:\/\/lottemaa.ee\/wp-content\/uploads\/2018\/12\/Lottemaa_LOGO.png\",\"width\":1024,\"height\":518,\"caption\":\"Lottemaa Teemapark\"},\"image\":{\"@id\":\"https:\/\/lottemaa.ee\/#\/schema\/logo\/image\/\"}}]}<\/script>\n<!-- \/ Yoast SEO plugin. -->","yoast_head_json":{"title":"VEINO MAIZES MA\u0160\u012aNA | Lottemaa Teemapark","description":"Veino ir \u010dakls susliks, kura m\u016b\u017ea sapnis ir ma\u0161\u012bna, kas ra\u017eotu siltu maizi.Veino zina, ka, lai ieg\u016btu maizi, vien\u0101 ma\u0161\u012bnas pus\u0113 j\u0101ieliek sarkans \u0137ie\u0123elis, un, pareizi grie\u017eot sviru, otr\u0101 pus\u0113 b\u016btu j\u0101izn\u0101k siltai maizei.","robots":{"index":"index","follow":"follow","max-snippet":"max-snippet:-1","max-image-preview":"max-image-preview:large","max-video-preview":"max-video-preview:-1"},"canonical":"https:\/\/lottemaa.ee\/lv\/par-lotes-zemi\/izgudrojumi\/vaino-sepikumasin\/","og_locale":"lv_LV","og_type":"article","og_title":"VEINO MAIZES MA\u0160\u012aNA | Lottemaa Teemapark","og_description":"Veino ir \u010dakls susliks, kura m\u016b\u017ea sapnis ir ma\u0161\u012bna, kas ra\u017eotu siltu maizi.Veino zina, ka, lai ieg\u016btu maizi, vien\u0101 ma\u0161\u012bnas pus\u0113 j\u0101ieliek sarkans \u0137ie\u0123elis, un, pareizi grie\u017eot sviru, otr\u0101 pus\u0113 b\u016btu j\u0101izn\u0101k siltai maizei.","og_url":"https:\/\/lottemaa.ee\/lv\/par-lotes-zemi\/izgudrojumi\/vaino-sepikumasin\/","og_site_name":"Lottemaa Teemapark","article_modified_time":"2024-09-25T13:29:31+00:00","og_image":[{"width":2560,"height":1695,"url":"https:\/\/lottemaa.ee\/wp-content\/uploads\/2022\/04\/DSC_7104-Copy-scaled.jpg","type":"image\/jpeg"}],"twitter_card":"summary_large_image","twitter_misc":{"Est. reading time":"1 min\u016b\u0161u"},"schema":{"@context":"https:\/\/schema.org","@graph":[{"@type":"WebPage","@id":"https:\/\/lottemaa.ee\/lv\/par-lotes-zemi\/izgudrojumi\/vaino-sepikumasin\/","url":"https:\/\/lottemaa.ee\/lv\/par-lotes-zemi\/izgudrojumi\/vaino-sepikumasin\/","name":"VEINO MAIZES MA\u0160\u012aNA | Lottemaa Teemapark","isPartOf":{"@id":"https:\/\/lottemaa.ee\/#website"},"primaryImageOfPage":{"@id":"https:\/\/lottemaa.ee\/lv\/par-lotes-zemi\/izgudrojumi\/vaino-sepikumasin\/#primaryimage"},"image":{"@id":"https:\/\/lottemaa.ee\/lv\/par-lotes-zemi\/izgudrojumi\/vaino-sepikumasin\/#primaryimage"},"thumbnailUrl":"https:\/\/lottemaa.ee\/wp-content\/uploads\/2022\/04\/DSC_7104-Copy-scaled.jpg","datePublished":"2020-08-21T07:49:45+00:00","dateModified":"2024-09-25T13:29:31+00:00","description":"Veino ir \u010dakls susliks, kura m\u016b\u017ea sapnis ir ma\u0161\u012bna, kas ra\u017eotu siltu maizi.Veino zina, ka, lai ieg\u016btu maizi, vien\u0101 ma\u0161\u012bnas pus\u0113 j\u0101ieliek sarkans \u0137ie\u0123elis, un, pareizi grie\u017eot sviru, otr\u0101 pus\u0113 b\u016btu j\u0101izn\u0101k siltai maizei.","breadcrumb":{"@id":"https:\/\/lottemaa.ee\/lv\/par-lotes-zemi\/izgudrojumi\/vaino-sepikumasin\/#breadcrumb"},"inLanguage":"lv-LV","potentialAction":[{"@type":"ReadAction","target":["https:\/\/lottemaa.ee\/lv\/par-lotes-zemi\/izgudrojumi\/vaino-sepikumasin\/"]}]},{"@type":"ImageObject","inLanguage":"lv-LV","@id":"https:\/\/lottemaa.ee\/lv\/par-lotes-zemi\/izgudrojumi\/vaino-sepikumasin\/#primaryimage","url":"https:\/\/lottemaa.ee\/wp-content\/uploads\/2022\/04\/DSC_7104-Copy-scaled.jpg","contentUrl":"https:\/\/lottemaa.ee\/wp-content\/uploads\/2022\/04\/DSC_7104-Copy-scaled.jpg","width":2560,"height":1695},{"@type":"BreadcrumbList","@id":"https:\/\/lottemaa.ee\/lv\/par-lotes-zemi\/izgudrojumi\/vaino-sepikumasin\/#breadcrumb","itemListElement":[{"@type":"ListItem","position":1,"name":"Home","item":"https:\/\/lottemaa.ee\/lv\/"},{"@type":"ListItem","position":2,"name":"Diena Lotes zem\u0113","item":"https:\/\/lottemaa.ee\/lv\/par-lotes-zemi\/"},{"@type":"ListItem","position":3,"name":"IZGUDROJUMI","item":"https:\/\/lottemaa.ee\/lv\/par-lotes-zemi\/izgudrojumi\/"},{"@type":"ListItem","position":4,"name":"VEINO MAIZES MA\u0160\u012aNA"}]},{"@type":"WebSite","@id":"https:\/\/lottemaa.ee\/#website","url":"https:\/\/lottemaa.ee\/","name":"Lottemaa Teemapark","description":"Baltimaade suurim ja k\u00f5ige \u00e4gedam kogupere teemapark Eestis P\u00e4rnumaal","publisher":{"@id":"https:\/\/lottemaa.ee\/#organization"},"potentialAction":[{"@type":"SearchAction","target":{"@type":"EntryPoint","urlTemplate":"https:\/\/lottemaa.ee\/?s={search_term_string}"},"query-input":{"@type":"PropertyValueSpecification","valueRequired":true,"valueName":"search_term_string"}}],"inLanguage":"lv-LV"},{"@type":"Organization","@id":"https:\/\/lottemaa.ee\/#organization","name":"Lottemaa Teemapark","url":"https:\/\/lottemaa.ee\/","logo":{"@type":"ImageObject","inLanguage":"lv-LV","@id":"https:\/\/lottemaa.ee\/#\/schema\/logo\/image\/","url":"https:\/\/lottemaa.ee\/wp-content\/uploads\/2018\/12\/Lottemaa_LOGO.png","contentUrl":"https:\/\/lottemaa.ee\/wp-content\/uploads\/2018\/12\/Lottemaa_LOGO.png","width":1024,"height":518,"caption":"Lottemaa Teemapark"},"image":{"@id":"https:\/\/lottemaa.ee\/#\/schema\/logo\/image\/"}}]}},"_links":{"self":[{"href":"https:\/\/lottemaa.ee\/lv\/wp-json\/wp\/v2\/pages\/9678","targetHints":{"allow":["GET"]}}],"collection":[{"href":"https:\/\/lottemaa.ee\/lv\/wp-json\/wp\/v2\/pages"}],"about":[{"href":"https:\/\/lottemaa.ee\/lv\/wp-json\/wp\/v2\/types\/page"}],"author":[{"embeddable":true,"href":"https:\/\/lottemaa.ee\/lv\/wp-json\/wp\/v2\/users\/7"}],"replies":[{"embeddable":true,"href":"https:\/\/lottemaa.ee\/lv\/wp-json\/wp\/v2\/comments?post=9678"}],"version-history":[{"count":4,"href":"https:\/\/lottemaa.ee\/lv\/wp-json\/wp\/v2\/pages\/9678\/revisions"}],"predecessor-version":[{"id":28558,"href":"https:\/\/lottemaa.ee\/lv\/wp-json\/wp\/v2\/pages\/9678\/revisions\/28558"}],"up":[{"embeddable":true,"href":"https:\/\/lottemaa.ee\/lv\/wp-json\/wp\/v2\/pages\/4256"}],"wp:featuredmedia":[{"embeddable":true,"href":"https:\/\/lottemaa.ee\/lv\/wp-json\/wp\/v2\/media\/13493"}],"wp:attachment":[{"href":"https:\/\/lottemaa.ee\/lv\/wp-json\/wp\/v2\/media?parent=9678"}],"curies":[{"name":"wp","href":"https:\/\/api.w.org\/{rel}","templated":true}]}}