{"id":9676,"date":"2020-08-21T10:48:45","date_gmt":"2020-08-21T07:48:45","guid":{"rendered":"https:\/\/test.lottemaa.ee\/?page_id=9676"},"modified":"2024-08-06T15:44:36","modified_gmt":"2024-08-06T12:44:36","slug":"kraana","status":"publish","type":"page","link":"https:\/\/lottemaa.ee\/lv\/par-lotes-zemi\/izgudrojumi\/kraana\/","title":{"rendered":"CELTNIS"},"content":{"rendered":"<p style=\"text-align: left;\" align=\"justify\"><span lang=\"lv-LV\">Oskar<\/span><span lang=\"lv-LV\">a izgudrojums. Celtnis nepiecie\u0161ams visiem izgudrot\u0101jiem. T\u0101 k\u0101 Izgudrot\u0101ju ciem\u0101 nav b\u016bvniec\u012bbas veikalu vai r\u016bpn\u012bcu, ciem\u0101 nep\u0101rtraukti tiek dom\u0101ts par to, k\u0101d\u0101 veid\u0101 un no k\u0101 b\u016bv\u0113t un celt. Izgudrot\u0101ju ciema m\u0101ju cel\u0161an\u0101 \u0101rk\u0101rt\u012bgi nepiecie\u0161ams ir celtnis, t\u0101d\u0113\u013c Oskars izgudroja CELTNI.<\/span><\/p>\n","protected":false},"excerpt":{"rendered":"<p>Oskara izgudrojums. Celtnis nepiecie\u0161ams visiem izgudrot\u0101jiem. T\u0101 k\u0101 Izgudrot\u0101ju ciem\u0101 nav b\u016bvniec\u012bbas veikalu vai r\u016bpn\u012bcu, ciem\u0101 nep\u0101rtraukti tiek dom\u0101ts par to, k\u0101d\u0101 veid\u0101 un no k\u0101 b\u016bv\u0113t un celt. Izgudrot\u0101ju ciema m\u0101ju cel\u0161an\u0101 \u0101rk\u0101rt\u012bgi nepiecie\u0161ams ir celtnis, t\u0101d\u0113\u013c Oskars izgudroja CELTNI.<\/p>\n","protected":false},"author":7,"featured_media":19892,"parent":4256,"menu_order":409,"comment_status":"closed","ping_status":"closed","template":"","meta":{"_acf_changed":false,"om_disable_all_campaigns":false,"_uf_show_specific_survey":0,"_uf_disable_surveys":false,"footnotes":""},"class_list":["post-9676","page","type-page","status-publish","has-post-thumbnail","hentry"],"acf":[],"yoast_head":"<!-- This site is optimized with the Yoast SEO plugin v25.5 - https:\/\/yoast.com\/wordpress\/plugins\/seo\/ -->\n<title>CELTNIS | Lottemaa Teemapark<\/title>\n<meta name=\"description\" content=\"Celtnis nepiecie\u0161ams visiem izgudrot\u0101jiem. T\u0101 k\u0101 Izgudrot\u0101ju ciem\u0101 nav b\u016bvniec\u012bbas veikalu vai r\u016bpn\u012bcu, ciem\u0101 nep\u0101rtraukti tiek dom\u0101ts par to, k\u0101d\u0101 veid\u0101 un no k\u0101 b\u016bv\u0113t un celt.\" \/>\n<meta name=\"robots\" content=\"index, follow, max-snippet:-1, max-image-preview:large, max-video-preview:-1\" \/>\n<link rel=\"canonical\" href=\"https:\/\/lottemaa.ee\/lv\/par-lotes-zemi\/izgudrojumi\/kraana\/\" \/>\n<meta property=\"og:locale\" content=\"lv_LV\" \/>\n<meta property=\"og:type\" content=\"article\" \/>\n<meta property=\"og:title\" content=\"CELTNIS | Lottemaa Teemapark\" \/>\n<meta property=\"og:description\" content=\"Celtnis nepiecie\u0161ams visiem izgudrot\u0101jiem. T\u0101 k\u0101 Izgudrot\u0101ju ciem\u0101 nav b\u016bvniec\u012bbas veikalu vai r\u016bpn\u012bcu, ciem\u0101 nep\u0101rtraukti tiek dom\u0101ts par to, k\u0101d\u0101 veid\u0101 un no k\u0101 b\u016bv\u0113t un celt.\" \/>\n<meta property=\"og:url\" content=\"https:\/\/lottemaa.ee\/lv\/par-lotes-zemi\/izgudrojumi\/kraana\/\" \/>\n<meta property=\"og:site_name\" content=\"Lottemaa Teemapark\" \/>\n<meta property=\"article:modified_time\" content=\"2024-08-06T12:44:36+00:00\" \/>\n<meta property=\"og:image\" content=\"https:\/\/lottemaa.ee\/wp-content\/uploads\/2023\/01\/DSC_8219-scaled.jpg\" \/>\n\t<meta property=\"og:image:width\" content=\"2560\" \/>\n\t<meta property=\"og:image:height\" content=\"1696\" \/>\n\t<meta property=\"og:image:type\" content=\"image\/jpeg\" \/>\n<meta name=\"twitter:card\" content=\"summary_large_image\" \/>\n<meta name=\"twitter:label1\" content=\"Est. reading time\" \/>\n\t<meta name=\"twitter:data1\" content=\"1 min\u016b\u0161u\" \/>\n<script type=\"application\/ld+json\" class=\"yoast-schema-graph\">{\"@context\":\"https:\/\/schema.org\",\"@graph\":[{\"@type\":\"WebPage\",\"@id\":\"https:\/\/lottemaa.ee\/lv\/par-lotes-zemi\/izgudrojumi\/kraana\/\",\"url\":\"https:\/\/lottemaa.ee\/lv\/par-lotes-zemi\/izgudrojumi\/kraana\/\",\"name\":\"CELTNIS | Lottemaa Teemapark\",\"isPartOf\":{\"@id\":\"https:\/\/lottemaa.ee\/#website\"},\"primaryImageOfPage\":{\"@id\":\"https:\/\/lottemaa.ee\/lv\/par-lotes-zemi\/izgudrojumi\/kraana\/#primaryimage\"},\"image\":{\"@id\":\"https:\/\/lottemaa.ee\/lv\/par-lotes-zemi\/izgudrojumi\/kraana\/#primaryimage\"},\"thumbnailUrl\":\"https:\/\/lottemaa.ee\/wp-content\/uploads\/2023\/01\/DSC_8219-scaled.jpg\",\"datePublished\":\"2020-08-21T07:48:45+00:00\",\"dateModified\":\"2024-08-06T12:44:36+00:00\",\"description\":\"Celtnis nepiecie\u0161ams visiem izgudrot\u0101jiem. T\u0101 k\u0101 Izgudrot\u0101ju ciem\u0101 nav b\u016bvniec\u012bbas veikalu vai r\u016bpn\u012bcu, ciem\u0101 nep\u0101rtraukti tiek dom\u0101ts par to, k\u0101d\u0101 veid\u0101 un no k\u0101 b\u016bv\u0113t un celt.\",\"breadcrumb\":{\"@id\":\"https:\/\/lottemaa.ee\/lv\/par-lotes-zemi\/izgudrojumi\/kraana\/#breadcrumb\"},\"inLanguage\":\"lv-LV\",\"potentialAction\":[{\"@type\":\"ReadAction\",\"target\":[\"https:\/\/lottemaa.ee\/lv\/par-lotes-zemi\/izgudrojumi\/kraana\/\"]}]},{\"@type\":\"ImageObject\",\"inLanguage\":\"lv-LV\",\"@id\":\"https:\/\/lottemaa.ee\/lv\/par-lotes-zemi\/izgudrojumi\/kraana\/#primaryimage\",\"url\":\"https:\/\/lottemaa.ee\/wp-content\/uploads\/2023\/01\/DSC_8219-scaled.jpg\",\"contentUrl\":\"https:\/\/lottemaa.ee\/wp-content\/uploads\/2023\/01\/DSC_8219-scaled.jpg\",\"width\":2560,\"height\":1696},{\"@type\":\"BreadcrumbList\",\"@id\":\"https:\/\/lottemaa.ee\/lv\/par-lotes-zemi\/izgudrojumi\/kraana\/#breadcrumb\",\"itemListElement\":[{\"@type\":\"ListItem\",\"position\":1,\"name\":\"Home\",\"item\":\"https:\/\/lottemaa.ee\/lv\/\"},{\"@type\":\"ListItem\",\"position\":2,\"name\":\"Diena Lotes zem\u0113\",\"item\":\"https:\/\/lottemaa.ee\/lv\/par-lotes-zemi\/\"},{\"@type\":\"ListItem\",\"position\":3,\"name\":\"IZGUDROJUMI\",\"item\":\"https:\/\/lottemaa.ee\/lv\/par-lotes-zemi\/izgudrojumi\/\"},{\"@type\":\"ListItem\",\"position\":4,\"name\":\"CELTNIS\"}]},{\"@type\":\"WebSite\",\"@id\":\"https:\/\/lottemaa.ee\/#website\",\"url\":\"https:\/\/lottemaa.ee\/\",\"name\":\"Lottemaa Teemapark\",\"description\":\"Baltimaade suurim ja k\u00f5ige \u00e4gedam kogupere teemapark Eestis P\u00e4rnumaal\",\"publisher\":{\"@id\":\"https:\/\/lottemaa.ee\/#organization\"},\"potentialAction\":[{\"@type\":\"SearchAction\",\"target\":{\"@type\":\"EntryPoint\",\"urlTemplate\":\"https:\/\/lottemaa.ee\/?s={search_term_string}\"},\"query-input\":{\"@type\":\"PropertyValueSpecification\",\"valueRequired\":true,\"valueName\":\"search_term_string\"}}],\"inLanguage\":\"lv-LV\"},{\"@type\":\"Organization\",\"@id\":\"https:\/\/lottemaa.ee\/#organization\",\"name\":\"Lottemaa Teemapark\",\"url\":\"https:\/\/lottemaa.ee\/\",\"logo\":{\"@type\":\"ImageObject\",\"inLanguage\":\"lv-LV\",\"@id\":\"https:\/\/lottemaa.ee\/#\/schema\/logo\/image\/\",\"url\":\"https:\/\/lottemaa.ee\/wp-content\/uploads\/2018\/12\/Lottemaa_LOGO.png\",\"contentUrl\":\"https:\/\/lottemaa.ee\/wp-content\/uploads\/2018\/12\/Lottemaa_LOGO.png\",\"width\":1024,\"height\":518,\"caption\":\"Lottemaa Teemapark\"},\"image\":{\"@id\":\"https:\/\/lottemaa.ee\/#\/schema\/logo\/image\/\"}}]}<\/script>\n<!-- \/ Yoast SEO plugin. -->","yoast_head_json":{"title":"CELTNIS | Lottemaa Teemapark","description":"Celtnis nepiecie\u0161ams visiem izgudrot\u0101jiem. T\u0101 k\u0101 Izgudrot\u0101ju ciem\u0101 nav b\u016bvniec\u012bbas veikalu vai r\u016bpn\u012bcu, ciem\u0101 nep\u0101rtraukti tiek dom\u0101ts par to, k\u0101d\u0101 veid\u0101 un no k\u0101 b\u016bv\u0113t un celt.","robots":{"index":"index","follow":"follow","max-snippet":"max-snippet:-1","max-image-preview":"max-image-preview:large","max-video-preview":"max-video-preview:-1"},"canonical":"https:\/\/lottemaa.ee\/lv\/par-lotes-zemi\/izgudrojumi\/kraana\/","og_locale":"lv_LV","og_type":"article","og_title":"CELTNIS | Lottemaa Teemapark","og_description":"Celtnis nepiecie\u0161ams visiem izgudrot\u0101jiem. T\u0101 k\u0101 Izgudrot\u0101ju ciem\u0101 nav b\u016bvniec\u012bbas veikalu vai r\u016bpn\u012bcu, ciem\u0101 nep\u0101rtraukti tiek dom\u0101ts par to, k\u0101d\u0101 veid\u0101 un no k\u0101 b\u016bv\u0113t un celt.","og_url":"https:\/\/lottemaa.ee\/lv\/par-lotes-zemi\/izgudrojumi\/kraana\/","og_site_name":"Lottemaa Teemapark","article_modified_time":"2024-08-06T12:44:36+00:00","og_image":[{"width":2560,"height":1696,"url":"https:\/\/lottemaa.ee\/wp-content\/uploads\/2023\/01\/DSC_8219-scaled.jpg","type":"image\/jpeg"}],"twitter_card":"summary_large_image","twitter_misc":{"Est. reading time":"1 min\u016b\u0161u"},"schema":{"@context":"https:\/\/schema.org","@graph":[{"@type":"WebPage","@id":"https:\/\/lottemaa.ee\/lv\/par-lotes-zemi\/izgudrojumi\/kraana\/","url":"https:\/\/lottemaa.ee\/lv\/par-lotes-zemi\/izgudrojumi\/kraana\/","name":"CELTNIS | Lottemaa Teemapark","isPartOf":{"@id":"https:\/\/lottemaa.ee\/#website"},"primaryImageOfPage":{"@id":"https:\/\/lottemaa.ee\/lv\/par-lotes-zemi\/izgudrojumi\/kraana\/#primaryimage"},"image":{"@id":"https:\/\/lottemaa.ee\/lv\/par-lotes-zemi\/izgudrojumi\/kraana\/#primaryimage"},"thumbnailUrl":"https:\/\/lottemaa.ee\/wp-content\/uploads\/2023\/01\/DSC_8219-scaled.jpg","datePublished":"2020-08-21T07:48:45+00:00","dateModified":"2024-08-06T12:44:36+00:00","description":"Celtnis nepiecie\u0161ams visiem izgudrot\u0101jiem. T\u0101 k\u0101 Izgudrot\u0101ju ciem\u0101 nav b\u016bvniec\u012bbas veikalu vai r\u016bpn\u012bcu, ciem\u0101 nep\u0101rtraukti tiek dom\u0101ts par to, k\u0101d\u0101 veid\u0101 un no k\u0101 b\u016bv\u0113t un celt.","breadcrumb":{"@id":"https:\/\/lottemaa.ee\/lv\/par-lotes-zemi\/izgudrojumi\/kraana\/#breadcrumb"},"inLanguage":"lv-LV","potentialAction":[{"@type":"ReadAction","target":["https:\/\/lottemaa.ee\/lv\/par-lotes-zemi\/izgudrojumi\/kraana\/"]}]},{"@type":"ImageObject","inLanguage":"lv-LV","@id":"https:\/\/lottemaa.ee\/lv\/par-lotes-zemi\/izgudrojumi\/kraana\/#primaryimage","url":"https:\/\/lottemaa.ee\/wp-content\/uploads\/2023\/01\/DSC_8219-scaled.jpg","contentUrl":"https:\/\/lottemaa.ee\/wp-content\/uploads\/2023\/01\/DSC_8219-scaled.jpg","width":2560,"height":1696},{"@type":"BreadcrumbList","@id":"https:\/\/lottemaa.ee\/lv\/par-lotes-zemi\/izgudrojumi\/kraana\/#breadcrumb","itemListElement":[{"@type":"ListItem","position":1,"name":"Home","item":"https:\/\/lottemaa.ee\/lv\/"},{"@type":"ListItem","position":2,"name":"Diena Lotes zem\u0113","item":"https:\/\/lottemaa.ee\/lv\/par-lotes-zemi\/"},{"@type":"ListItem","position":3,"name":"IZGUDROJUMI","item":"https:\/\/lottemaa.ee\/lv\/par-lotes-zemi\/izgudrojumi\/"},{"@type":"ListItem","position":4,"name":"CELTNIS"}]},{"@type":"WebSite","@id":"https:\/\/lottemaa.ee\/#website","url":"https:\/\/lottemaa.ee\/","name":"Lottemaa Teemapark","description":"Baltimaade suurim ja k\u00f5ige \u00e4gedam kogupere teemapark Eestis P\u00e4rnumaal","publisher":{"@id":"https:\/\/lottemaa.ee\/#organization"},"potentialAction":[{"@type":"SearchAction","target":{"@type":"EntryPoint","urlTemplate":"https:\/\/lottemaa.ee\/?s={search_term_string}"},"query-input":{"@type":"PropertyValueSpecification","valueRequired":true,"valueName":"search_term_string"}}],"inLanguage":"lv-LV"},{"@type":"Organization","@id":"https:\/\/lottemaa.ee\/#organization","name":"Lottemaa Teemapark","url":"https:\/\/lottemaa.ee\/","logo":{"@type":"ImageObject","inLanguage":"lv-LV","@id":"https:\/\/lottemaa.ee\/#\/schema\/logo\/image\/","url":"https:\/\/lottemaa.ee\/wp-content\/uploads\/2018\/12\/Lottemaa_LOGO.png","contentUrl":"https:\/\/lottemaa.ee\/wp-content\/uploads\/2018\/12\/Lottemaa_LOGO.png","width":1024,"height":518,"caption":"Lottemaa Teemapark"},"image":{"@id":"https:\/\/lottemaa.ee\/#\/schema\/logo\/image\/"}}]}},"_links":{"self":[{"href":"https:\/\/lottemaa.ee\/lv\/wp-json\/wp\/v2\/pages\/9676","targetHints":{"allow":["GET"]}}],"collection":[{"href":"https:\/\/lottemaa.ee\/lv\/wp-json\/wp\/v2\/pages"}],"about":[{"href":"https:\/\/lottemaa.ee\/lv\/wp-json\/wp\/v2\/types\/page"}],"author":[{"embeddable":true,"href":"https:\/\/lottemaa.ee\/lv\/wp-json\/wp\/v2\/users\/7"}],"replies":[{"embeddable":true,"href":"https:\/\/lottemaa.ee\/lv\/wp-json\/wp\/v2\/comments?post=9676"}],"version-history":[{"count":2,"href":"https:\/\/lottemaa.ee\/lv\/wp-json\/wp\/v2\/pages\/9676\/revisions"}],"predecessor-version":[{"id":20011,"href":"https:\/\/lottemaa.ee\/lv\/wp-json\/wp\/v2\/pages\/9676\/revisions\/20011"}],"up":[{"embeddable":true,"href":"https:\/\/lottemaa.ee\/lv\/wp-json\/wp\/v2\/pages\/4256"}],"wp:featuredmedia":[{"embeddable":true,"href":"https:\/\/lottemaa.ee\/lv\/wp-json\/wp\/v2\/media\/19892"}],"wp:attachment":[{"href":"https:\/\/lottemaa.ee\/lv\/wp-json\/wp\/v2\/media?parent=9676"}],"curies":[{"name":"wp","href":"https:\/\/api.w.org\/{rel}","templated":true}]}}