{"id":9673,"date":"2020-08-21T10:44:39","date_gmt":"2020-08-21T07:44:39","guid":{"rendered":"https:\/\/test.lottemaa.ee\/?page_id=9673"},"modified":"2024-08-06T16:22:49","modified_gmt":"2024-08-06T13:22:49","slug":"veetee","status":"publish","type":"page","link":"https:\/\/lottemaa.ee\/lv\/par-lotes-zemi\/izgudrojumi\/veetee\/","title":{"rendered":"\u016aDENS CE\u013bU"},"content":{"rendered":"<p style=\"text-align: left;\"><span lang=\"lv-LV\">Izgudrot\u0101ju ciema up\u0113 dz\u012bvo zivis, un<\/span><span lang=\"lv-LV\">, protams, visas zivis ar\u012b ir Izgudrot\u0101ju ciema iedz\u012bvot\u0101ji. Zivju b\u0113rni zem M\u012bl\u0113t\u0101ju tilti\u0146a apg\u016bst matem\u0101tiku. Tie, kas r\u0113\u0137ina pareizi, dab\u016b gardas pank\u016bkas. Pank\u016bkas ar\u012b tiek gatavotas up\u0113, bet zivju mammas un t\u0113ti str\u0101d\u0101 pank\u016bku fabrik\u0101. R\u012btos mak\u0161\u0137er\u0113jot, pank\u016bku fabrik\u0101 var tikt pie visgard\u0101kaj\u0101m pank\u016bk\u0101m. Lai pank\u016bkas izn\u0101ktu gardas un pat\u012bkamas, nepiecie\u0161ams t\u0101s visu laiku laist\u012bt, un t\u0101p\u0113c D\u017eovanni izgudroja pank\u016bku laist\u012b\u0161anas<\/span><span lang=\"lv-LV\"> \u201e<\/span><span lang=\"lv-LV\">\u016bdens ce\u013cu<\/span><span lang=\"lv-LV\">\u201c!<\/span><\/p>\n","protected":false},"excerpt":{"rendered":"<p>Izgudrot\u0101ju ciema up\u0113 dz\u012bvo zivis, un, protams, visas zivis ar\u012b ir Izgudrot\u0101ju ciema iedz\u012bvot\u0101ji. Zivju b\u0113rni zem M\u012bl\u0113t\u0101ju tilti\u0146a apg\u016bst matem\u0101tiku. Tie, kas r\u0113\u0137ina pareizi, dab\u016b gardas pank\u016bkas. Pank\u016bkas ar\u012b tiek gatavotas up\u0113, bet zivju mammas un t\u0113ti str\u0101d\u0101 pank\u016bku fabrik\u0101. R\u012btos mak\u0161\u0137er\u0113jot, pank\u016bku fabrik\u0101 var tikt pie visgard\u0101kaj\u0101m pank\u016bk\u0101m. Lai pank\u016bkas izn\u0101ktu gardas un &hellip; <a href=\"https:\/\/lottemaa.ee\/lv\/par-lotes-zemi\/izgudrojumi\/veetee\/\">Continued<\/a><\/p>\n","protected":false},"author":7,"featured_media":13353,"parent":4256,"menu_order":471,"comment_status":"closed","ping_status":"closed","template":"","meta":{"_acf_changed":false,"om_disable_all_campaigns":false,"_uf_show_specific_survey":0,"_uf_disable_surveys":false,"footnotes":""},"class_list":["post-9673","page","type-page","status-publish","has-post-thumbnail","hentry"],"acf":[],"yoast_head":"<!-- This site is optimized with the Yoast SEO plugin v25.5 - https:\/\/yoast.com\/wordpress\/plugins\/seo\/ -->\n<title>\u016aDENS CE\u013bU | Lottemaa Teemapark<\/title>\n<meta name=\"description\" content=\"Lai pank\u016bkas izn\u0101ktu gardas un pat\u012bkamas, nepiecie\u0161ams t\u0101s visu laiku laist\u012bt, un t\u0101p\u0113c D\u017eovanni izgudroja pank\u016bku laist\u012b\u0161anas \u201e\u016bdens ce\u013cu\u201c!\" \/>\n<meta name=\"robots\" content=\"index, follow, max-snippet:-1, max-image-preview:large, max-video-preview:-1\" \/>\n<link rel=\"canonical\" href=\"https:\/\/lottemaa.ee\/lv\/par-lotes-zemi\/izgudrojumi\/veetee\/\" \/>\n<meta property=\"og:locale\" content=\"lv_LV\" \/>\n<meta property=\"og:type\" content=\"article\" \/>\n<meta property=\"og:title\" content=\"\u016aDENS CE\u013bU | Lottemaa Teemapark\" \/>\n<meta property=\"og:description\" content=\"Lai pank\u016bkas izn\u0101ktu gardas un pat\u012bkamas, nepiecie\u0161ams t\u0101s visu laiku laist\u012bt, un t\u0101p\u0113c D\u017eovanni izgudroja pank\u016bku laist\u012b\u0161anas \u201e\u016bdens ce\u013cu\u201c!\" \/>\n<meta property=\"og:url\" content=\"https:\/\/lottemaa.ee\/lv\/par-lotes-zemi\/izgudrojumi\/veetee\/\" \/>\n<meta property=\"og:site_name\" content=\"Lottemaa Teemapark\" \/>\n<meta property=\"article:modified_time\" content=\"2024-08-06T13:22:49+00:00\" \/>\n<meta property=\"og:image\" content=\"https:\/\/lottemaa.ee\/wp-content\/uploads\/2022\/04\/DSC_7426-scaled.jpg\" \/>\n\t<meta property=\"og:image:width\" content=\"2560\" \/>\n\t<meta property=\"og:image:height\" content=\"1696\" \/>\n\t<meta property=\"og:image:type\" content=\"image\/jpeg\" \/>\n<meta name=\"twitter:card\" content=\"summary_large_image\" \/>\n<meta name=\"twitter:label1\" content=\"Est. reading time\" \/>\n\t<meta name=\"twitter:data1\" content=\"1 min\u016b\u0161u\" \/>\n<script type=\"application\/ld+json\" class=\"yoast-schema-graph\">{\"@context\":\"https:\/\/schema.org\",\"@graph\":[{\"@type\":\"WebPage\",\"@id\":\"https:\/\/lottemaa.ee\/lv\/par-lotes-zemi\/izgudrojumi\/veetee\/\",\"url\":\"https:\/\/lottemaa.ee\/lv\/par-lotes-zemi\/izgudrojumi\/veetee\/\",\"name\":\"\u016aDENS CE\u013bU | Lottemaa Teemapark\",\"isPartOf\":{\"@id\":\"https:\/\/lottemaa.ee\/#website\"},\"primaryImageOfPage\":{\"@id\":\"https:\/\/lottemaa.ee\/lv\/par-lotes-zemi\/izgudrojumi\/veetee\/#primaryimage\"},\"image\":{\"@id\":\"https:\/\/lottemaa.ee\/lv\/par-lotes-zemi\/izgudrojumi\/veetee\/#primaryimage\"},\"thumbnailUrl\":\"https:\/\/lottemaa.ee\/wp-content\/uploads\/2022\/04\/DSC_7426-scaled.jpg\",\"datePublished\":\"2020-08-21T07:44:39+00:00\",\"dateModified\":\"2024-08-06T13:22:49+00:00\",\"description\":\"Lai pank\u016bkas izn\u0101ktu gardas un pat\u012bkamas, nepiecie\u0161ams t\u0101s visu laiku laist\u012bt, un t\u0101p\u0113c D\u017eovanni izgudroja pank\u016bku laist\u012b\u0161anas \u201e\u016bdens ce\u013cu\u201c!\",\"breadcrumb\":{\"@id\":\"https:\/\/lottemaa.ee\/lv\/par-lotes-zemi\/izgudrojumi\/veetee\/#breadcrumb\"},\"inLanguage\":\"lv-LV\",\"potentialAction\":[{\"@type\":\"ReadAction\",\"target\":[\"https:\/\/lottemaa.ee\/lv\/par-lotes-zemi\/izgudrojumi\/veetee\/\"]}]},{\"@type\":\"ImageObject\",\"inLanguage\":\"lv-LV\",\"@id\":\"https:\/\/lottemaa.ee\/lv\/par-lotes-zemi\/izgudrojumi\/veetee\/#primaryimage\",\"url\":\"https:\/\/lottemaa.ee\/wp-content\/uploads\/2022\/04\/DSC_7426-scaled.jpg\",\"contentUrl\":\"https:\/\/lottemaa.ee\/wp-content\/uploads\/2022\/04\/DSC_7426-scaled.jpg\",\"width\":2560,\"height\":1696},{\"@type\":\"BreadcrumbList\",\"@id\":\"https:\/\/lottemaa.ee\/lv\/par-lotes-zemi\/izgudrojumi\/veetee\/#breadcrumb\",\"itemListElement\":[{\"@type\":\"ListItem\",\"position\":1,\"name\":\"Home\",\"item\":\"https:\/\/lottemaa.ee\/lv\/\"},{\"@type\":\"ListItem\",\"position\":2,\"name\":\"Diena Lotes zem\u0113\",\"item\":\"https:\/\/lottemaa.ee\/lv\/par-lotes-zemi\/\"},{\"@type\":\"ListItem\",\"position\":3,\"name\":\"IZGUDROJUMI\",\"item\":\"https:\/\/lottemaa.ee\/lv\/par-lotes-zemi\/izgudrojumi\/\"},{\"@type\":\"ListItem\",\"position\":4,\"name\":\"\u016aDENS CE\u013bU\"}]},{\"@type\":\"WebSite\",\"@id\":\"https:\/\/lottemaa.ee\/#website\",\"url\":\"https:\/\/lottemaa.ee\/\",\"name\":\"Lottemaa Teemapark\",\"description\":\"Baltimaade suurim ja k\u00f5ige \u00e4gedam kogupere teemapark Eestis P\u00e4rnumaal\",\"publisher\":{\"@id\":\"https:\/\/lottemaa.ee\/#organization\"},\"potentialAction\":[{\"@type\":\"SearchAction\",\"target\":{\"@type\":\"EntryPoint\",\"urlTemplate\":\"https:\/\/lottemaa.ee\/?s={search_term_string}\"},\"query-input\":{\"@type\":\"PropertyValueSpecification\",\"valueRequired\":true,\"valueName\":\"search_term_string\"}}],\"inLanguage\":\"lv-LV\"},{\"@type\":\"Organization\",\"@id\":\"https:\/\/lottemaa.ee\/#organization\",\"name\":\"Lottemaa Teemapark\",\"url\":\"https:\/\/lottemaa.ee\/\",\"logo\":{\"@type\":\"ImageObject\",\"inLanguage\":\"lv-LV\",\"@id\":\"https:\/\/lottemaa.ee\/#\/schema\/logo\/image\/\",\"url\":\"https:\/\/lottemaa.ee\/wp-content\/uploads\/2018\/12\/Lottemaa_LOGO.png\",\"contentUrl\":\"https:\/\/lottemaa.ee\/wp-content\/uploads\/2018\/12\/Lottemaa_LOGO.png\",\"width\":1024,\"height\":518,\"caption\":\"Lottemaa Teemapark\"},\"image\":{\"@id\":\"https:\/\/lottemaa.ee\/#\/schema\/logo\/image\/\"}}]}<\/script>\n<!-- \/ Yoast SEO plugin. -->","yoast_head_json":{"title":"\u016aDENS CE\u013bU | Lottemaa Teemapark","description":"Lai pank\u016bkas izn\u0101ktu gardas un pat\u012bkamas, nepiecie\u0161ams t\u0101s visu laiku laist\u012bt, un t\u0101p\u0113c D\u017eovanni izgudroja pank\u016bku laist\u012b\u0161anas \u201e\u016bdens ce\u013cu\u201c!","robots":{"index":"index","follow":"follow","max-snippet":"max-snippet:-1","max-image-preview":"max-image-preview:large","max-video-preview":"max-video-preview:-1"},"canonical":"https:\/\/lottemaa.ee\/lv\/par-lotes-zemi\/izgudrojumi\/veetee\/","og_locale":"lv_LV","og_type":"article","og_title":"\u016aDENS CE\u013bU | Lottemaa Teemapark","og_description":"Lai pank\u016bkas izn\u0101ktu gardas un pat\u012bkamas, nepiecie\u0161ams t\u0101s visu laiku laist\u012bt, un t\u0101p\u0113c D\u017eovanni izgudroja pank\u016bku laist\u012b\u0161anas \u201e\u016bdens ce\u013cu\u201c!","og_url":"https:\/\/lottemaa.ee\/lv\/par-lotes-zemi\/izgudrojumi\/veetee\/","og_site_name":"Lottemaa Teemapark","article_modified_time":"2024-08-06T13:22:49+00:00","og_image":[{"width":2560,"height":1696,"url":"https:\/\/lottemaa.ee\/wp-content\/uploads\/2022\/04\/DSC_7426-scaled.jpg","type":"image\/jpeg"}],"twitter_card":"summary_large_image","twitter_misc":{"Est. reading time":"1 min\u016b\u0161u"},"schema":{"@context":"https:\/\/schema.org","@graph":[{"@type":"WebPage","@id":"https:\/\/lottemaa.ee\/lv\/par-lotes-zemi\/izgudrojumi\/veetee\/","url":"https:\/\/lottemaa.ee\/lv\/par-lotes-zemi\/izgudrojumi\/veetee\/","name":"\u016aDENS CE\u013bU | Lottemaa Teemapark","isPartOf":{"@id":"https:\/\/lottemaa.ee\/#website"},"primaryImageOfPage":{"@id":"https:\/\/lottemaa.ee\/lv\/par-lotes-zemi\/izgudrojumi\/veetee\/#primaryimage"},"image":{"@id":"https:\/\/lottemaa.ee\/lv\/par-lotes-zemi\/izgudrojumi\/veetee\/#primaryimage"},"thumbnailUrl":"https:\/\/lottemaa.ee\/wp-content\/uploads\/2022\/04\/DSC_7426-scaled.jpg","datePublished":"2020-08-21T07:44:39+00:00","dateModified":"2024-08-06T13:22:49+00:00","description":"Lai pank\u016bkas izn\u0101ktu gardas un pat\u012bkamas, nepiecie\u0161ams t\u0101s visu laiku laist\u012bt, un t\u0101p\u0113c D\u017eovanni izgudroja pank\u016bku laist\u012b\u0161anas \u201e\u016bdens ce\u013cu\u201c!","breadcrumb":{"@id":"https:\/\/lottemaa.ee\/lv\/par-lotes-zemi\/izgudrojumi\/veetee\/#breadcrumb"},"inLanguage":"lv-LV","potentialAction":[{"@type":"ReadAction","target":["https:\/\/lottemaa.ee\/lv\/par-lotes-zemi\/izgudrojumi\/veetee\/"]}]},{"@type":"ImageObject","inLanguage":"lv-LV","@id":"https:\/\/lottemaa.ee\/lv\/par-lotes-zemi\/izgudrojumi\/veetee\/#primaryimage","url":"https:\/\/lottemaa.ee\/wp-content\/uploads\/2022\/04\/DSC_7426-scaled.jpg","contentUrl":"https:\/\/lottemaa.ee\/wp-content\/uploads\/2022\/04\/DSC_7426-scaled.jpg","width":2560,"height":1696},{"@type":"BreadcrumbList","@id":"https:\/\/lottemaa.ee\/lv\/par-lotes-zemi\/izgudrojumi\/veetee\/#breadcrumb","itemListElement":[{"@type":"ListItem","position":1,"name":"Home","item":"https:\/\/lottemaa.ee\/lv\/"},{"@type":"ListItem","position":2,"name":"Diena Lotes zem\u0113","item":"https:\/\/lottemaa.ee\/lv\/par-lotes-zemi\/"},{"@type":"ListItem","position":3,"name":"IZGUDROJUMI","item":"https:\/\/lottemaa.ee\/lv\/par-lotes-zemi\/izgudrojumi\/"},{"@type":"ListItem","position":4,"name":"\u016aDENS CE\u013bU"}]},{"@type":"WebSite","@id":"https:\/\/lottemaa.ee\/#website","url":"https:\/\/lottemaa.ee\/","name":"Lottemaa Teemapark","description":"Baltimaade suurim ja k\u00f5ige \u00e4gedam kogupere teemapark Eestis P\u00e4rnumaal","publisher":{"@id":"https:\/\/lottemaa.ee\/#organization"},"potentialAction":[{"@type":"SearchAction","target":{"@type":"EntryPoint","urlTemplate":"https:\/\/lottemaa.ee\/?s={search_term_string}"},"query-input":{"@type":"PropertyValueSpecification","valueRequired":true,"valueName":"search_term_string"}}],"inLanguage":"lv-LV"},{"@type":"Organization","@id":"https:\/\/lottemaa.ee\/#organization","name":"Lottemaa Teemapark","url":"https:\/\/lottemaa.ee\/","logo":{"@type":"ImageObject","inLanguage":"lv-LV","@id":"https:\/\/lottemaa.ee\/#\/schema\/logo\/image\/","url":"https:\/\/lottemaa.ee\/wp-content\/uploads\/2018\/12\/Lottemaa_LOGO.png","contentUrl":"https:\/\/lottemaa.ee\/wp-content\/uploads\/2018\/12\/Lottemaa_LOGO.png","width":1024,"height":518,"caption":"Lottemaa Teemapark"},"image":{"@id":"https:\/\/lottemaa.ee\/#\/schema\/logo\/image\/"}}]}},"_links":{"self":[{"href":"https:\/\/lottemaa.ee\/lv\/wp-json\/wp\/v2\/pages\/9673","targetHints":{"allow":["GET"]}}],"collection":[{"href":"https:\/\/lottemaa.ee\/lv\/wp-json\/wp\/v2\/pages"}],"about":[{"href":"https:\/\/lottemaa.ee\/lv\/wp-json\/wp\/v2\/types\/page"}],"author":[{"embeddable":true,"href":"https:\/\/lottemaa.ee\/lv\/wp-json\/wp\/v2\/users\/7"}],"replies":[{"embeddable":true,"href":"https:\/\/lottemaa.ee\/lv\/wp-json\/wp\/v2\/comments?post=9673"}],"version-history":[{"count":3,"href":"https:\/\/lottemaa.ee\/lv\/wp-json\/wp\/v2\/pages\/9673\/revisions"}],"predecessor-version":[{"id":20013,"href":"https:\/\/lottemaa.ee\/lv\/wp-json\/wp\/v2\/pages\/9673\/revisions\/20013"}],"up":[{"embeddable":true,"href":"https:\/\/lottemaa.ee\/lv\/wp-json\/wp\/v2\/pages\/4256"}],"wp:featuredmedia":[{"embeddable":true,"href":"https:\/\/lottemaa.ee\/lv\/wp-json\/wp\/v2\/media\/13353"}],"wp:attachment":[{"href":"https:\/\/lottemaa.ee\/lv\/wp-json\/wp\/v2\/media?parent=9673"}],"curies":[{"name":"wp","href":"https:\/\/api.w.org\/{rel}","templated":true}]}}