{"id":9669,"date":"2020-08-21T10:40:03","date_gmt":"2020-08-21T07:40:03","guid":{"rendered":"https:\/\/test.lottemaa.ee\/?page_id=9669"},"modified":"2024-08-06T15:43:34","modified_gmt":"2024-08-06T12:43:34","slug":"anna-lilleistutusmasin","status":"publish","type":"page","link":"https:\/\/lottemaa.ee\/lv\/par-lotes-zemi\/izgudrojumi\/anna-lilleistutusmasin\/","title":{"rendered":"ANNAS PU\u0136U ST\u0100D\u012a\u0160ANAS MA\u0160\u012aNA"},"content":{"rendered":"<p style=\"text-align: left;\"><span lang=\"lv-LV\">Oskars \u0161o ma\u0161\u012bnu izgudroja savai sievai Annai, un t\u0101 ir pu\u0137u st\u0101d\u012b\u0161anas ma\u0161\u012bna. A<\/span><span lang=\"lv-LV\">nna<\/span><span lang=\"lv-LV\">i \u013coti pat\u012bk ru\u0161in\u0101ties pa d\u0101rzu, un d\u0101rzs vi\u0146ai ir patiesi liels. Anna d\u0101rz\u0101 audz\u0113 daudz burk\u0101nu, zeme\u0146u un ar\u012b da\u017e\u0101das pu\u0137es. Un kas gan var\u0113tu b\u016bt jauk\u0101ks izgudrojums par ier\u012bci, kas pal\u012bdz d\u0101rza darbos. Oskars ir labs t\u0113tis Lotei un Rozei, k\u0101 ar\u012b labs v\u012brs Annai. Turkl\u0101t vi\u0146\u0161 ir ar\u012b lielisks izgudrot\u0101js.<\/span><\/p>\n","protected":false},"excerpt":{"rendered":"<p>Oskars \u0161o ma\u0161\u012bnu izgudroja savai sievai Annai, un t\u0101 ir pu\u0137u st\u0101d\u012b\u0161anas ma\u0161\u012bna. Annai \u013coti pat\u012bk ru\u0161in\u0101ties pa d\u0101rzu, un d\u0101rzs vi\u0146ai ir patiesi liels. Anna d\u0101rz\u0101 audz\u0113 daudz burk\u0101nu, zeme\u0146u un ar\u012b da\u017e\u0101das pu\u0137es. Un kas gan var\u0113tu b\u016bt jauk\u0101ks izgudrojums par ier\u012bci, kas pal\u012bdz d\u0101rza darbos. Oskars ir labs t\u0113tis Lotei un Rozei, &hellip; <a href=\"https:\/\/lottemaa.ee\/lv\/par-lotes-zemi\/izgudrojumi\/anna-lilleistutusmasin\/\">Continued<\/a><\/p>\n","protected":false},"author":7,"featured_media":13743,"parent":4256,"menu_order":399,"comment_status":"closed","ping_status":"closed","template":"","meta":{"_acf_changed":false,"om_disable_all_campaigns":false,"_uf_show_specific_survey":0,"_uf_disable_surveys":false,"footnotes":""},"class_list":["post-9669","page","type-page","status-publish","has-post-thumbnail","hentry"],"acf":[],"yoast_head":"<!-- This site is optimized with the Yoast SEO plugin v25.5 - https:\/\/yoast.com\/wordpress\/plugins\/seo\/ -->\n<title>ANNAS PU\u0136U ST\u0100D\u012a\u0160ANAS MA\u0160\u012aNA | Lottemaa Teemapark<\/title>\n<meta name=\"description\" content=\"Oskars \u0161o ma\u0161\u012bnu izgudroja savai sievai Annai, un t\u0101 ir pu\u0137u st\u0101d\u012b\u0161anas ma\u0161\u012bna. Annai \u013coti pat\u012bk ru\u0161in\u0101ties pa d\u0101rzu, un d\u0101rzs vi\u0146ai ir patiesi liels.\" \/>\n<meta name=\"robots\" content=\"index, follow, max-snippet:-1, max-image-preview:large, max-video-preview:-1\" \/>\n<link rel=\"canonical\" href=\"https:\/\/lottemaa.ee\/lv\/par-lotes-zemi\/izgudrojumi\/anna-lilleistutusmasin\/\" \/>\n<meta property=\"og:locale\" content=\"lv_LV\" \/>\n<meta property=\"og:type\" content=\"article\" \/>\n<meta property=\"og:title\" content=\"ANNAS PU\u0136U ST\u0100D\u012a\u0160ANAS MA\u0160\u012aNA | Lottemaa Teemapark\" \/>\n<meta property=\"og:description\" content=\"Oskars \u0161o ma\u0161\u012bnu izgudroja savai sievai Annai, un t\u0101 ir pu\u0137u st\u0101d\u012b\u0161anas ma\u0161\u012bna. Annai \u013coti pat\u012bk ru\u0161in\u0101ties pa d\u0101rzu, un d\u0101rzs vi\u0146ai ir patiesi liels.\" \/>\n<meta property=\"og:url\" content=\"https:\/\/lottemaa.ee\/lv\/par-lotes-zemi\/izgudrojumi\/anna-lilleistutusmasin\/\" \/>\n<meta property=\"og:site_name\" content=\"Lottemaa Teemapark\" \/>\n<meta property=\"article:modified_time\" content=\"2024-08-06T12:43:34+00:00\" \/>\n<meta property=\"og:image\" content=\"https:\/\/lottemaa.ee\/wp-content\/uploads\/2022\/04\/DSC_7369-scaled.jpg\" \/>\n\t<meta property=\"og:image:width\" content=\"2560\" \/>\n\t<meta property=\"og:image:height\" content=\"1696\" \/>\n\t<meta property=\"og:image:type\" content=\"image\/jpeg\" \/>\n<meta name=\"twitter:card\" content=\"summary_large_image\" \/>\n<meta name=\"twitter:label1\" content=\"Est. reading time\" \/>\n\t<meta name=\"twitter:data1\" content=\"1 min\u016b\u0161u\" \/>\n<script type=\"application\/ld+json\" class=\"yoast-schema-graph\">{\"@context\":\"https:\/\/schema.org\",\"@graph\":[{\"@type\":\"WebPage\",\"@id\":\"https:\/\/lottemaa.ee\/lv\/par-lotes-zemi\/izgudrojumi\/anna-lilleistutusmasin\/\",\"url\":\"https:\/\/lottemaa.ee\/lv\/par-lotes-zemi\/izgudrojumi\/anna-lilleistutusmasin\/\",\"name\":\"ANNAS PU\u0136U ST\u0100D\u012a\u0160ANAS MA\u0160\u012aNA | Lottemaa Teemapark\",\"isPartOf\":{\"@id\":\"https:\/\/lottemaa.ee\/#website\"},\"primaryImageOfPage\":{\"@id\":\"https:\/\/lottemaa.ee\/lv\/par-lotes-zemi\/izgudrojumi\/anna-lilleistutusmasin\/#primaryimage\"},\"image\":{\"@id\":\"https:\/\/lottemaa.ee\/lv\/par-lotes-zemi\/izgudrojumi\/anna-lilleistutusmasin\/#primaryimage\"},\"thumbnailUrl\":\"https:\/\/lottemaa.ee\/wp-content\/uploads\/2022\/04\/DSC_7369-scaled.jpg\",\"datePublished\":\"2020-08-21T07:40:03+00:00\",\"dateModified\":\"2024-08-06T12:43:34+00:00\",\"description\":\"Oskars \u0161o ma\u0161\u012bnu izgudroja savai sievai Annai, un t\u0101 ir pu\u0137u st\u0101d\u012b\u0161anas ma\u0161\u012bna. Annai \u013coti pat\u012bk ru\u0161in\u0101ties pa d\u0101rzu, un d\u0101rzs vi\u0146ai ir patiesi liels.\",\"breadcrumb\":{\"@id\":\"https:\/\/lottemaa.ee\/lv\/par-lotes-zemi\/izgudrojumi\/anna-lilleistutusmasin\/#breadcrumb\"},\"inLanguage\":\"lv-LV\",\"potentialAction\":[{\"@type\":\"ReadAction\",\"target\":[\"https:\/\/lottemaa.ee\/lv\/par-lotes-zemi\/izgudrojumi\/anna-lilleistutusmasin\/\"]}]},{\"@type\":\"ImageObject\",\"inLanguage\":\"lv-LV\",\"@id\":\"https:\/\/lottemaa.ee\/lv\/par-lotes-zemi\/izgudrojumi\/anna-lilleistutusmasin\/#primaryimage\",\"url\":\"https:\/\/lottemaa.ee\/wp-content\/uploads\/2022\/04\/DSC_7369-scaled.jpg\",\"contentUrl\":\"https:\/\/lottemaa.ee\/wp-content\/uploads\/2022\/04\/DSC_7369-scaled.jpg\",\"width\":2560,\"height\":1696},{\"@type\":\"BreadcrumbList\",\"@id\":\"https:\/\/lottemaa.ee\/lv\/par-lotes-zemi\/izgudrojumi\/anna-lilleistutusmasin\/#breadcrumb\",\"itemListElement\":[{\"@type\":\"ListItem\",\"position\":1,\"name\":\"Home\",\"item\":\"https:\/\/lottemaa.ee\/lv\/\"},{\"@type\":\"ListItem\",\"position\":2,\"name\":\"Diena Lotes zem\u0113\",\"item\":\"https:\/\/lottemaa.ee\/lv\/par-lotes-zemi\/\"},{\"@type\":\"ListItem\",\"position\":3,\"name\":\"IZGUDROJUMI\",\"item\":\"https:\/\/lottemaa.ee\/lv\/par-lotes-zemi\/izgudrojumi\/\"},{\"@type\":\"ListItem\",\"position\":4,\"name\":\"ANNAS PU\u0136U ST\u0100D\u012a\u0160ANAS MA\u0160\u012aNA\"}]},{\"@type\":\"WebSite\",\"@id\":\"https:\/\/lottemaa.ee\/#website\",\"url\":\"https:\/\/lottemaa.ee\/\",\"name\":\"Lottemaa Teemapark\",\"description\":\"Baltimaade suurim ja k\u00f5ige \u00e4gedam kogupere teemapark Eestis P\u00e4rnumaal\",\"publisher\":{\"@id\":\"https:\/\/lottemaa.ee\/#organization\"},\"potentialAction\":[{\"@type\":\"SearchAction\",\"target\":{\"@type\":\"EntryPoint\",\"urlTemplate\":\"https:\/\/lottemaa.ee\/?s={search_term_string}\"},\"query-input\":{\"@type\":\"PropertyValueSpecification\",\"valueRequired\":true,\"valueName\":\"search_term_string\"}}],\"inLanguage\":\"lv-LV\"},{\"@type\":\"Organization\",\"@id\":\"https:\/\/lottemaa.ee\/#organization\",\"name\":\"Lottemaa Teemapark\",\"url\":\"https:\/\/lottemaa.ee\/\",\"logo\":{\"@type\":\"ImageObject\",\"inLanguage\":\"lv-LV\",\"@id\":\"https:\/\/lottemaa.ee\/#\/schema\/logo\/image\/\",\"url\":\"https:\/\/lottemaa.ee\/wp-content\/uploads\/2018\/12\/Lottemaa_LOGO.png\",\"contentUrl\":\"https:\/\/lottemaa.ee\/wp-content\/uploads\/2018\/12\/Lottemaa_LOGO.png\",\"width\":1024,\"height\":518,\"caption\":\"Lottemaa Teemapark\"},\"image\":{\"@id\":\"https:\/\/lottemaa.ee\/#\/schema\/logo\/image\/\"}}]}<\/script>\n<!-- \/ Yoast SEO plugin. -->","yoast_head_json":{"title":"ANNAS PU\u0136U ST\u0100D\u012a\u0160ANAS MA\u0160\u012aNA | Lottemaa Teemapark","description":"Oskars \u0161o ma\u0161\u012bnu izgudroja savai sievai Annai, un t\u0101 ir pu\u0137u st\u0101d\u012b\u0161anas ma\u0161\u012bna. Annai \u013coti pat\u012bk ru\u0161in\u0101ties pa d\u0101rzu, un d\u0101rzs vi\u0146ai ir patiesi liels.","robots":{"index":"index","follow":"follow","max-snippet":"max-snippet:-1","max-image-preview":"max-image-preview:large","max-video-preview":"max-video-preview:-1"},"canonical":"https:\/\/lottemaa.ee\/lv\/par-lotes-zemi\/izgudrojumi\/anna-lilleistutusmasin\/","og_locale":"lv_LV","og_type":"article","og_title":"ANNAS PU\u0136U ST\u0100D\u012a\u0160ANAS MA\u0160\u012aNA | Lottemaa Teemapark","og_description":"Oskars \u0161o ma\u0161\u012bnu izgudroja savai sievai Annai, un t\u0101 ir pu\u0137u st\u0101d\u012b\u0161anas ma\u0161\u012bna. Annai \u013coti pat\u012bk ru\u0161in\u0101ties pa d\u0101rzu, un d\u0101rzs vi\u0146ai ir patiesi liels.","og_url":"https:\/\/lottemaa.ee\/lv\/par-lotes-zemi\/izgudrojumi\/anna-lilleistutusmasin\/","og_site_name":"Lottemaa Teemapark","article_modified_time":"2024-08-06T12:43:34+00:00","og_image":[{"width":2560,"height":1696,"url":"https:\/\/lottemaa.ee\/wp-content\/uploads\/2022\/04\/DSC_7369-scaled.jpg","type":"image\/jpeg"}],"twitter_card":"summary_large_image","twitter_misc":{"Est. reading time":"1 min\u016b\u0161u"},"schema":{"@context":"https:\/\/schema.org","@graph":[{"@type":"WebPage","@id":"https:\/\/lottemaa.ee\/lv\/par-lotes-zemi\/izgudrojumi\/anna-lilleistutusmasin\/","url":"https:\/\/lottemaa.ee\/lv\/par-lotes-zemi\/izgudrojumi\/anna-lilleistutusmasin\/","name":"ANNAS PU\u0136U ST\u0100D\u012a\u0160ANAS MA\u0160\u012aNA | Lottemaa Teemapark","isPartOf":{"@id":"https:\/\/lottemaa.ee\/#website"},"primaryImageOfPage":{"@id":"https:\/\/lottemaa.ee\/lv\/par-lotes-zemi\/izgudrojumi\/anna-lilleistutusmasin\/#primaryimage"},"image":{"@id":"https:\/\/lottemaa.ee\/lv\/par-lotes-zemi\/izgudrojumi\/anna-lilleistutusmasin\/#primaryimage"},"thumbnailUrl":"https:\/\/lottemaa.ee\/wp-content\/uploads\/2022\/04\/DSC_7369-scaled.jpg","datePublished":"2020-08-21T07:40:03+00:00","dateModified":"2024-08-06T12:43:34+00:00","description":"Oskars \u0161o ma\u0161\u012bnu izgudroja savai sievai Annai, un t\u0101 ir pu\u0137u st\u0101d\u012b\u0161anas ma\u0161\u012bna. Annai \u013coti pat\u012bk ru\u0161in\u0101ties pa d\u0101rzu, un d\u0101rzs vi\u0146ai ir patiesi liels.","breadcrumb":{"@id":"https:\/\/lottemaa.ee\/lv\/par-lotes-zemi\/izgudrojumi\/anna-lilleistutusmasin\/#breadcrumb"},"inLanguage":"lv-LV","potentialAction":[{"@type":"ReadAction","target":["https:\/\/lottemaa.ee\/lv\/par-lotes-zemi\/izgudrojumi\/anna-lilleistutusmasin\/"]}]},{"@type":"ImageObject","inLanguage":"lv-LV","@id":"https:\/\/lottemaa.ee\/lv\/par-lotes-zemi\/izgudrojumi\/anna-lilleistutusmasin\/#primaryimage","url":"https:\/\/lottemaa.ee\/wp-content\/uploads\/2022\/04\/DSC_7369-scaled.jpg","contentUrl":"https:\/\/lottemaa.ee\/wp-content\/uploads\/2022\/04\/DSC_7369-scaled.jpg","width":2560,"height":1696},{"@type":"BreadcrumbList","@id":"https:\/\/lottemaa.ee\/lv\/par-lotes-zemi\/izgudrojumi\/anna-lilleistutusmasin\/#breadcrumb","itemListElement":[{"@type":"ListItem","position":1,"name":"Home","item":"https:\/\/lottemaa.ee\/lv\/"},{"@type":"ListItem","position":2,"name":"Diena Lotes zem\u0113","item":"https:\/\/lottemaa.ee\/lv\/par-lotes-zemi\/"},{"@type":"ListItem","position":3,"name":"IZGUDROJUMI","item":"https:\/\/lottemaa.ee\/lv\/par-lotes-zemi\/izgudrojumi\/"},{"@type":"ListItem","position":4,"name":"ANNAS PU\u0136U ST\u0100D\u012a\u0160ANAS MA\u0160\u012aNA"}]},{"@type":"WebSite","@id":"https:\/\/lottemaa.ee\/#website","url":"https:\/\/lottemaa.ee\/","name":"Lottemaa Teemapark","description":"Baltimaade suurim ja k\u00f5ige \u00e4gedam kogupere teemapark Eestis P\u00e4rnumaal","publisher":{"@id":"https:\/\/lottemaa.ee\/#organization"},"potentialAction":[{"@type":"SearchAction","target":{"@type":"EntryPoint","urlTemplate":"https:\/\/lottemaa.ee\/?s={search_term_string}"},"query-input":{"@type":"PropertyValueSpecification","valueRequired":true,"valueName":"search_term_string"}}],"inLanguage":"lv-LV"},{"@type":"Organization","@id":"https:\/\/lottemaa.ee\/#organization","name":"Lottemaa Teemapark","url":"https:\/\/lottemaa.ee\/","logo":{"@type":"ImageObject","inLanguage":"lv-LV","@id":"https:\/\/lottemaa.ee\/#\/schema\/logo\/image\/","url":"https:\/\/lottemaa.ee\/wp-content\/uploads\/2018\/12\/Lottemaa_LOGO.png","contentUrl":"https:\/\/lottemaa.ee\/wp-content\/uploads\/2018\/12\/Lottemaa_LOGO.png","width":1024,"height":518,"caption":"Lottemaa Teemapark"},"image":{"@id":"https:\/\/lottemaa.ee\/#\/schema\/logo\/image\/"}}]}},"_links":{"self":[{"href":"https:\/\/lottemaa.ee\/lv\/wp-json\/wp\/v2\/pages\/9669","targetHints":{"allow":["GET"]}}],"collection":[{"href":"https:\/\/lottemaa.ee\/lv\/wp-json\/wp\/v2\/pages"}],"about":[{"href":"https:\/\/lottemaa.ee\/lv\/wp-json\/wp\/v2\/types\/page"}],"author":[{"embeddable":true,"href":"https:\/\/lottemaa.ee\/lv\/wp-json\/wp\/v2\/users\/7"}],"replies":[{"embeddable":true,"href":"https:\/\/lottemaa.ee\/lv\/wp-json\/wp\/v2\/comments?post=9669"}],"version-history":[{"count":3,"href":"https:\/\/lottemaa.ee\/lv\/wp-json\/wp\/v2\/pages\/9669\/revisions"}],"predecessor-version":[{"id":20014,"href":"https:\/\/lottemaa.ee\/lv\/wp-json\/wp\/v2\/pages\/9669\/revisions\/20014"}],"up":[{"embeddable":true,"href":"https:\/\/lottemaa.ee\/lv\/wp-json\/wp\/v2\/pages\/4256"}],"wp:featuredmedia":[{"embeddable":true,"href":"https:\/\/lottemaa.ee\/lv\/wp-json\/wp\/v2\/media\/13743"}],"wp:attachment":[{"href":"https:\/\/lottemaa.ee\/lv\/wp-json\/wp\/v2\/media?parent=9669"}],"curies":[{"name":"wp","href":"https:\/\/api.w.org\/{rel}","templated":true}]}}