{"id":9662,"date":"2020-08-20T20:54:20","date_gmt":"2020-08-20T17:54:20","guid":{"rendered":"https:\/\/test.lottemaa.ee\/?page_id=9662"},"modified":"2024-08-06T15:44:00","modified_gmt":"2024-08-06T12:44:00","slug":"porgandimootja","status":"publish","type":"page","link":"https:\/\/lottemaa.ee\/lv\/par-lotes-zemi\/izgudrojumi\/porgandimootja\/","title":{"rendered":"BURK\u0100NU M\u0112R\u012aT\u0100JS"},"content":{"rendered":"<p style=\"text-align: left;\"><span lang=\"lv-LV\">Ar\u012b \u0161o ma\u0161\u012bnu<\/span><span lang=\"lv-LV\"> izgudrojis Oskars, un t\u0101 paredz\u0113ta k\u0101 pal\u012bgs Annai d\u0101rza darbos. Ar \u0161o ma\u0161\u012bnu var viegli izraut burk\u0101nus no zemes, k\u0101 ar\u012b tos uzreiz nom\u0113r\u012bt. Liel\u0101kie burk\u0101ni noder\u0113s burk\u0101nu p\u012br\u0101giem, bet maz\u0101kie b\u016bs zup\u0101m. \u012apa\u0161i m\u012bl\u012bgie un sul\u012bgie burk\u0101ni gan uzreiz non\u0101k Lotes un Rozes v\u0113der\u0101. <\/span><\/p>\n","protected":false},"excerpt":{"rendered":"<p>Ar\u012b \u0161o ma\u0161\u012bnu izgudrojis Oskars, un t\u0101 paredz\u0113ta k\u0101 pal\u012bgs Annai d\u0101rza darbos. Ar \u0161o ma\u0161\u012bnu var viegli izraut burk\u0101nus no zemes, k\u0101 ar\u012b tos uzreiz nom\u0113r\u012bt. Liel\u0101kie burk\u0101ni noder\u0113s burk\u0101nu p\u012br\u0101giem, bet maz\u0101kie b\u016bs zup\u0101m. \u012apa\u0161i m\u012bl\u012bgie un sul\u012bgie burk\u0101ni gan uzreiz non\u0101k Lotes un Rozes v\u0113der\u0101.<\/p>\n","protected":false},"author":7,"featured_media":13733,"parent":4256,"menu_order":405,"comment_status":"closed","ping_status":"closed","template":"","meta":{"_acf_changed":false,"om_disable_all_campaigns":false,"_uf_show_specific_survey":0,"_uf_disable_surveys":false,"footnotes":""},"class_list":["post-9662","page","type-page","status-publish","has-post-thumbnail","hentry"],"acf":[],"yoast_head":"<!-- This site is optimized with the Yoast SEO plugin v25.5 - https:\/\/yoast.com\/wordpress\/plugins\/seo\/ -->\n<title>BURK\u0100NU M\u0112R\u012aT\u0100JS | Lottemaa Teemapark<\/title>\n<meta name=\"description\" content=\"Ar\u012b \u0161o ma\u0161\u012bnu izgudrojis Oskars, un t\u0101 paredz\u0113ta k\u0101 pal\u012bgs Annai d\u0101rza darbos. Ar \u0161o ma\u0161\u012bnu var viegli izraut burk\u0101nus no zemes, k\u0101 ar\u012b tos uzreiz nom\u0113r\u012bt.\" \/>\n<meta name=\"robots\" content=\"index, follow, max-snippet:-1, max-image-preview:large, max-video-preview:-1\" \/>\n<link rel=\"canonical\" href=\"https:\/\/lottemaa.ee\/lv\/par-lotes-zemi\/izgudrojumi\/porgandimootja\/\" \/>\n<meta property=\"og:locale\" content=\"lv_LV\" \/>\n<meta property=\"og:type\" content=\"article\" \/>\n<meta property=\"og:title\" content=\"BURK\u0100NU M\u0112R\u012aT\u0100JS | Lottemaa Teemapark\" \/>\n<meta property=\"og:description\" content=\"Ar\u012b \u0161o ma\u0161\u012bnu izgudrojis Oskars, un t\u0101 paredz\u0113ta k\u0101 pal\u012bgs Annai d\u0101rza darbos. Ar \u0161o ma\u0161\u012bnu var viegli izraut burk\u0101nus no zemes, k\u0101 ar\u012b tos uzreiz nom\u0113r\u012bt.\" \/>\n<meta property=\"og:url\" content=\"https:\/\/lottemaa.ee\/lv\/par-lotes-zemi\/izgudrojumi\/porgandimootja\/\" \/>\n<meta property=\"og:site_name\" content=\"Lottemaa Teemapark\" \/>\n<meta property=\"article:modified_time\" content=\"2024-08-06T12:44:00+00:00\" \/>\n<meta property=\"og:image\" content=\"https:\/\/lottemaa.ee\/wp-content\/uploads\/2022\/04\/DSC_7356-scaled.jpg\" \/>\n\t<meta property=\"og:image:width\" content=\"2560\" \/>\n\t<meta property=\"og:image:height\" content=\"1696\" \/>\n\t<meta property=\"og:image:type\" content=\"image\/jpeg\" \/>\n<meta name=\"twitter:card\" content=\"summary_large_image\" \/>\n<meta name=\"twitter:label1\" content=\"Est. reading time\" \/>\n\t<meta name=\"twitter:data1\" content=\"1 min\u016b\u0161u\" \/>\n<script type=\"application\/ld+json\" class=\"yoast-schema-graph\">{\"@context\":\"https:\/\/schema.org\",\"@graph\":[{\"@type\":\"WebPage\",\"@id\":\"https:\/\/lottemaa.ee\/lv\/par-lotes-zemi\/izgudrojumi\/porgandimootja\/\",\"url\":\"https:\/\/lottemaa.ee\/lv\/par-lotes-zemi\/izgudrojumi\/porgandimootja\/\",\"name\":\"BURK\u0100NU M\u0112R\u012aT\u0100JS | Lottemaa Teemapark\",\"isPartOf\":{\"@id\":\"https:\/\/lottemaa.ee\/#website\"},\"primaryImageOfPage\":{\"@id\":\"https:\/\/lottemaa.ee\/lv\/par-lotes-zemi\/izgudrojumi\/porgandimootja\/#primaryimage\"},\"image\":{\"@id\":\"https:\/\/lottemaa.ee\/lv\/par-lotes-zemi\/izgudrojumi\/porgandimootja\/#primaryimage\"},\"thumbnailUrl\":\"https:\/\/lottemaa.ee\/wp-content\/uploads\/2022\/04\/DSC_7356-scaled.jpg\",\"datePublished\":\"2020-08-20T17:54:20+00:00\",\"dateModified\":\"2024-08-06T12:44:00+00:00\",\"description\":\"Ar\u012b \u0161o ma\u0161\u012bnu izgudrojis Oskars, un t\u0101 paredz\u0113ta k\u0101 pal\u012bgs Annai d\u0101rza darbos. Ar \u0161o ma\u0161\u012bnu var viegli izraut burk\u0101nus no zemes, k\u0101 ar\u012b tos uzreiz nom\u0113r\u012bt.\",\"breadcrumb\":{\"@id\":\"https:\/\/lottemaa.ee\/lv\/par-lotes-zemi\/izgudrojumi\/porgandimootja\/#breadcrumb\"},\"inLanguage\":\"lv-LV\",\"potentialAction\":[{\"@type\":\"ReadAction\",\"target\":[\"https:\/\/lottemaa.ee\/lv\/par-lotes-zemi\/izgudrojumi\/porgandimootja\/\"]}]},{\"@type\":\"ImageObject\",\"inLanguage\":\"lv-LV\",\"@id\":\"https:\/\/lottemaa.ee\/lv\/par-lotes-zemi\/izgudrojumi\/porgandimootja\/#primaryimage\",\"url\":\"https:\/\/lottemaa.ee\/wp-content\/uploads\/2022\/04\/DSC_7356-scaled.jpg\",\"contentUrl\":\"https:\/\/lottemaa.ee\/wp-content\/uploads\/2022\/04\/DSC_7356-scaled.jpg\",\"width\":2560,\"height\":1696},{\"@type\":\"BreadcrumbList\",\"@id\":\"https:\/\/lottemaa.ee\/lv\/par-lotes-zemi\/izgudrojumi\/porgandimootja\/#breadcrumb\",\"itemListElement\":[{\"@type\":\"ListItem\",\"position\":1,\"name\":\"Home\",\"item\":\"https:\/\/lottemaa.ee\/lv\/\"},{\"@type\":\"ListItem\",\"position\":2,\"name\":\"Diena Lotes zem\u0113\",\"item\":\"https:\/\/lottemaa.ee\/lv\/par-lotes-zemi\/\"},{\"@type\":\"ListItem\",\"position\":3,\"name\":\"IZGUDROJUMI\",\"item\":\"https:\/\/lottemaa.ee\/lv\/par-lotes-zemi\/izgudrojumi\/\"},{\"@type\":\"ListItem\",\"position\":4,\"name\":\"BURK\u0100NU M\u0112R\u012aT\u0100JS\"}]},{\"@type\":\"WebSite\",\"@id\":\"https:\/\/lottemaa.ee\/#website\",\"url\":\"https:\/\/lottemaa.ee\/\",\"name\":\"Lottemaa Teemapark\",\"description\":\"Baltimaade suurim ja k\u00f5ige \u00e4gedam kogupere teemapark Eestis P\u00e4rnumaal\",\"publisher\":{\"@id\":\"https:\/\/lottemaa.ee\/#organization\"},\"potentialAction\":[{\"@type\":\"SearchAction\",\"target\":{\"@type\":\"EntryPoint\",\"urlTemplate\":\"https:\/\/lottemaa.ee\/?s={search_term_string}\"},\"query-input\":{\"@type\":\"PropertyValueSpecification\",\"valueRequired\":true,\"valueName\":\"search_term_string\"}}],\"inLanguage\":\"lv-LV\"},{\"@type\":\"Organization\",\"@id\":\"https:\/\/lottemaa.ee\/#organization\",\"name\":\"Lottemaa Teemapark\",\"url\":\"https:\/\/lottemaa.ee\/\",\"logo\":{\"@type\":\"ImageObject\",\"inLanguage\":\"lv-LV\",\"@id\":\"https:\/\/lottemaa.ee\/#\/schema\/logo\/image\/\",\"url\":\"https:\/\/lottemaa.ee\/wp-content\/uploads\/2018\/12\/Lottemaa_LOGO.png\",\"contentUrl\":\"https:\/\/lottemaa.ee\/wp-content\/uploads\/2018\/12\/Lottemaa_LOGO.png\",\"width\":1024,\"height\":518,\"caption\":\"Lottemaa Teemapark\"},\"image\":{\"@id\":\"https:\/\/lottemaa.ee\/#\/schema\/logo\/image\/\"}}]}<\/script>\n<!-- \/ Yoast SEO plugin. -->","yoast_head_json":{"title":"BURK\u0100NU M\u0112R\u012aT\u0100JS | Lottemaa Teemapark","description":"Ar\u012b \u0161o ma\u0161\u012bnu izgudrojis Oskars, un t\u0101 paredz\u0113ta k\u0101 pal\u012bgs Annai d\u0101rza darbos. Ar \u0161o ma\u0161\u012bnu var viegli izraut burk\u0101nus no zemes, k\u0101 ar\u012b tos uzreiz nom\u0113r\u012bt.","robots":{"index":"index","follow":"follow","max-snippet":"max-snippet:-1","max-image-preview":"max-image-preview:large","max-video-preview":"max-video-preview:-1"},"canonical":"https:\/\/lottemaa.ee\/lv\/par-lotes-zemi\/izgudrojumi\/porgandimootja\/","og_locale":"lv_LV","og_type":"article","og_title":"BURK\u0100NU M\u0112R\u012aT\u0100JS | Lottemaa Teemapark","og_description":"Ar\u012b \u0161o ma\u0161\u012bnu izgudrojis Oskars, un t\u0101 paredz\u0113ta k\u0101 pal\u012bgs Annai d\u0101rza darbos. Ar \u0161o ma\u0161\u012bnu var viegli izraut burk\u0101nus no zemes, k\u0101 ar\u012b tos uzreiz nom\u0113r\u012bt.","og_url":"https:\/\/lottemaa.ee\/lv\/par-lotes-zemi\/izgudrojumi\/porgandimootja\/","og_site_name":"Lottemaa Teemapark","article_modified_time":"2024-08-06T12:44:00+00:00","og_image":[{"width":2560,"height":1696,"url":"https:\/\/lottemaa.ee\/wp-content\/uploads\/2022\/04\/DSC_7356-scaled.jpg","type":"image\/jpeg"}],"twitter_card":"summary_large_image","twitter_misc":{"Est. reading time":"1 min\u016b\u0161u"},"schema":{"@context":"https:\/\/schema.org","@graph":[{"@type":"WebPage","@id":"https:\/\/lottemaa.ee\/lv\/par-lotes-zemi\/izgudrojumi\/porgandimootja\/","url":"https:\/\/lottemaa.ee\/lv\/par-lotes-zemi\/izgudrojumi\/porgandimootja\/","name":"BURK\u0100NU M\u0112R\u012aT\u0100JS | Lottemaa Teemapark","isPartOf":{"@id":"https:\/\/lottemaa.ee\/#website"},"primaryImageOfPage":{"@id":"https:\/\/lottemaa.ee\/lv\/par-lotes-zemi\/izgudrojumi\/porgandimootja\/#primaryimage"},"image":{"@id":"https:\/\/lottemaa.ee\/lv\/par-lotes-zemi\/izgudrojumi\/porgandimootja\/#primaryimage"},"thumbnailUrl":"https:\/\/lottemaa.ee\/wp-content\/uploads\/2022\/04\/DSC_7356-scaled.jpg","datePublished":"2020-08-20T17:54:20+00:00","dateModified":"2024-08-06T12:44:00+00:00","description":"Ar\u012b \u0161o ma\u0161\u012bnu izgudrojis Oskars, un t\u0101 paredz\u0113ta k\u0101 pal\u012bgs Annai d\u0101rza darbos. Ar \u0161o ma\u0161\u012bnu var viegli izraut burk\u0101nus no zemes, k\u0101 ar\u012b tos uzreiz nom\u0113r\u012bt.","breadcrumb":{"@id":"https:\/\/lottemaa.ee\/lv\/par-lotes-zemi\/izgudrojumi\/porgandimootja\/#breadcrumb"},"inLanguage":"lv-LV","potentialAction":[{"@type":"ReadAction","target":["https:\/\/lottemaa.ee\/lv\/par-lotes-zemi\/izgudrojumi\/porgandimootja\/"]}]},{"@type":"ImageObject","inLanguage":"lv-LV","@id":"https:\/\/lottemaa.ee\/lv\/par-lotes-zemi\/izgudrojumi\/porgandimootja\/#primaryimage","url":"https:\/\/lottemaa.ee\/wp-content\/uploads\/2022\/04\/DSC_7356-scaled.jpg","contentUrl":"https:\/\/lottemaa.ee\/wp-content\/uploads\/2022\/04\/DSC_7356-scaled.jpg","width":2560,"height":1696},{"@type":"BreadcrumbList","@id":"https:\/\/lottemaa.ee\/lv\/par-lotes-zemi\/izgudrojumi\/porgandimootja\/#breadcrumb","itemListElement":[{"@type":"ListItem","position":1,"name":"Home","item":"https:\/\/lottemaa.ee\/lv\/"},{"@type":"ListItem","position":2,"name":"Diena Lotes zem\u0113","item":"https:\/\/lottemaa.ee\/lv\/par-lotes-zemi\/"},{"@type":"ListItem","position":3,"name":"IZGUDROJUMI","item":"https:\/\/lottemaa.ee\/lv\/par-lotes-zemi\/izgudrojumi\/"},{"@type":"ListItem","position":4,"name":"BURK\u0100NU M\u0112R\u012aT\u0100JS"}]},{"@type":"WebSite","@id":"https:\/\/lottemaa.ee\/#website","url":"https:\/\/lottemaa.ee\/","name":"Lottemaa Teemapark","description":"Baltimaade suurim ja k\u00f5ige \u00e4gedam kogupere teemapark Eestis P\u00e4rnumaal","publisher":{"@id":"https:\/\/lottemaa.ee\/#organization"},"potentialAction":[{"@type":"SearchAction","target":{"@type":"EntryPoint","urlTemplate":"https:\/\/lottemaa.ee\/?s={search_term_string}"},"query-input":{"@type":"PropertyValueSpecification","valueRequired":true,"valueName":"search_term_string"}}],"inLanguage":"lv-LV"},{"@type":"Organization","@id":"https:\/\/lottemaa.ee\/#organization","name":"Lottemaa Teemapark","url":"https:\/\/lottemaa.ee\/","logo":{"@type":"ImageObject","inLanguage":"lv-LV","@id":"https:\/\/lottemaa.ee\/#\/schema\/logo\/image\/","url":"https:\/\/lottemaa.ee\/wp-content\/uploads\/2018\/12\/Lottemaa_LOGO.png","contentUrl":"https:\/\/lottemaa.ee\/wp-content\/uploads\/2018\/12\/Lottemaa_LOGO.png","width":1024,"height":518,"caption":"Lottemaa Teemapark"},"image":{"@id":"https:\/\/lottemaa.ee\/#\/schema\/logo\/image\/"}}]}},"_links":{"self":[{"href":"https:\/\/lottemaa.ee\/lv\/wp-json\/wp\/v2\/pages\/9662","targetHints":{"allow":["GET"]}}],"collection":[{"href":"https:\/\/lottemaa.ee\/lv\/wp-json\/wp\/v2\/pages"}],"about":[{"href":"https:\/\/lottemaa.ee\/lv\/wp-json\/wp\/v2\/types\/page"}],"author":[{"embeddable":true,"href":"https:\/\/lottemaa.ee\/lv\/wp-json\/wp\/v2\/users\/7"}],"replies":[{"embeddable":true,"href":"https:\/\/lottemaa.ee\/lv\/wp-json\/wp\/v2\/comments?post=9662"}],"version-history":[{"count":2,"href":"https:\/\/lottemaa.ee\/lv\/wp-json\/wp\/v2\/pages\/9662\/revisions"}],"predecessor-version":[{"id":20016,"href":"https:\/\/lottemaa.ee\/lv\/wp-json\/wp\/v2\/pages\/9662\/revisions\/20016"}],"up":[{"embeddable":true,"href":"https:\/\/lottemaa.ee\/lv\/wp-json\/wp\/v2\/pages\/4256"}],"wp:featuredmedia":[{"embeddable":true,"href":"https:\/\/lottemaa.ee\/lv\/wp-json\/wp\/v2\/media\/13733"}],"wp:attachment":[{"href":"https:\/\/lottemaa.ee\/lv\/wp-json\/wp\/v2\/media?parent=9662"}],"curies":[{"name":"wp","href":"https:\/\/api.w.org\/{rel}","templated":true}]}}