{"id":8087,"date":"2019-09-24T10:09:41","date_gmt":"2019-09-24T07:09:41","guid":{"rendered":"https:\/\/test.lottemaa.ee\/?page_id=8087"},"modified":"2025-11-11T11:53:42","modified_gmt":"2025-11-11T09:53:42","slug":"vasaras-dienu-organizesana","status":"publish","type":"page","link":"https:\/\/lottemaa.ee\/lv\/organize-pasakumu\/vasaras-dienu-organizesana\/","title":{"rendered":"UZ\u0145\u0112MUMU VASARAS DIENU ORGANIZ\u0112\u0160ANA"},"content":{"rendered":"<p style=\"text-align: left;\">Lotes zem\u0113 jau viss ir noorganiz\u0113ts, lai r\u012bkotu uz\u0146\u0113muma vasaras dienas!<\/p>\n<p style=\"text-align: left;\">Mums ir iedvesmojo\u0161a un kr\u0101s\u0101m bag\u0101ta vide, ko ieskauj P\u0113rnavas piekrastes me\u017ei, programma visas dienas garum\u0101 &#8211; izr\u0101des, koncerts, maratons, sporta sp\u0113les, da\u017e\u0101das aktivit\u0101tes un piedz\u012bvojumi visiem \u2013 gan maz\u0101kajiem \u0123imenes locek\u013ciem, gan ar\u012b m\u0101mi\u0146\u0101m un t\u0113tiem. \u0160eit ir ar\u012b restor\u0101ns un kafejn\u012bcas, un pats galvenais &#8211; pasakaini t\u0113li, kas katru pas\u0101kumu padara par neaizmirstamu notikumu.<\/p>\n<p style=\"text-align: left;\">Lotes zemes tematiskaj\u0101 park\u0101 ir pietiekami daudz vietas, lai organiz\u0113tu pas\u0101kumus pat <span style=\"color: #000000;\"><strong>2000<\/strong> <\/span>dal\u012bbniekiem. Atkar\u012bb\u0101 no dal\u012bbnieku skaita pas\u0101kumu iesp\u0113jams r\u012bkot priv\u0101ti \u0101rpus Lotes zemes darba laika vai ar\u012b laik\u0101, kad tematiskais parks ir atv\u0113rts.<\/p>\n<h3 style=\"text-align: left;\"><span style=\"color: #0000ff; font-family: Troika;\">PAS\u0100KUMA ORGANIZ\u0112\u0160ANA LOTES ZEMES DARBA LAIK\u0100<\/span><\/h3>\n<p style=\"text-align: left;\">Skaista vasara ir jauk\u0101kais laiks visas \u0123imenes vasaras dienu un uz\u0146\u0113mumu pas\u0101kumu organiz\u0113\u0161anai. Tematisk\u0101 parka darba laik\u0101 <strong>13<\/strong><span style=\"color: #000000;\"><strong>.06.2026. &#8211; 30.08.2026.<\/strong><\/span> varam sar\u012bkot pas\u0101kumu l\u012bdz <span style=\"color: #000000;\"><strong>500<\/strong> <\/span>dal\u012bbniekiem. Kop\u0101 ar visu kolekt\u012bvu un \u0123imen\u0113m j\u016bs varat patiesi izbaud\u012bt ciema dz\u012bvi, izr\u0101des un koncertus, k\u0101 ar\u012b doties piedz\u012bvojumos un piedal\u012bties da\u017e\u0101d\u0101s aktivit\u0101t\u0113s. Ja v\u0113laties, m\u0113s varam noorganiz\u0113t j\u016bsu grupas \u0113din\u0101\u0161anu, k\u0101 ar\u012b pas\u0101kuma ofici\u0101lajai da\u013cai m\u016bsu teritorij\u0101 priv\u0101tu vietu.<\/p>\n<h3 style=\"text-align: left;\"><span style=\"font-family: Troika; color: #ff0000;\">Atlaides cena:<\/span><\/h3>\n<p style=\"text-align: left;\"><span style=\"color: #000000;\"><strong>20-200<\/strong><\/span> dal\u012bbnieki <span style=\"color: #000000;\"><strong>26 \u20ac\/pers<\/strong><\/span>.<\/p>\n<p style=\"text-align: left;\">Parast\u0101 cena <span style=\"color: #000000;\"><strong>28 \u20ac\/pers<\/strong><\/span>.<br \/>\nCen\u0101s iek\u013cauts <span style=\"color: #000000;\"><strong>PVN.<\/strong><\/span><\/p>\n<h3 style=\"text-align: left;\"><span style=\"font-family: Troika; color: #0000ff;\">Par papildu samaksu<\/span><\/h3>\n<p style=\"text-align: left;\">&#8211; Uzkodas, kafija un t\u0113ja;<br \/>\n&#8211; \u0112din\u0101\u0161ana;<br \/>\n&#8211; Dal\u012bbnieku nog\u0101d\u0101\u0161ana ar vilcienu no autost\u0101vvietas l\u012bdz Lotes zemei un atpaka\u013c;<br \/>\n&#8211; Transportl\u012bdzek\u013cu novieto\u0161ana Lotes zemes autost\u0101vviet\u0101 (grupu autobusiem autost\u0101vvieta bez maksas);<br \/>\n&#8211; Lotes zemes tematisk\u0101s d\u0101vanas no Art\u016bra veikala. Sortimentu var apskat\u012bt <a href=\"https:\/\/e-pood.lottemaa.ee\/en\">\u0160EIT \u00bb<\/a>;<br \/>\n&#8211; Izmitin\u0101\u0161ana ar brokast\u012bm un spa viesn\u012bc\u0101 <a href=\"https:\/\/www.strand.ee\/lv\/\">Strand SPA &amp; Conference Hotel P\u0113rnav\u0101<\/a>.<\/p>\n<h3 style=\"text-align: left;\"><span style=\"font-family: Troika; color: #ff0000;\">PRIV\u0100TS PAS\u0100KUMS TIKAI J\u016aSU UZ\u0145\u0112MUMAM<\/span><\/h3>\n<p style=\"text-align: left;\">M\u0113s atveram Lotes zemi tikai j\u016bsu kolekt\u012bvam, lai j\u016bs kop\u0101 var\u0113tu piedal\u012bties m\u016bsu lieliskaj\u0101 <span style=\"color: #000000;\"><strong>4<\/strong><\/span> stundu ilgaj\u0101 programm\u0101. Ja ir v\u0113l\u0113\u0161an\u0101s, varam organiz\u0113t kop\u012bgu \u0113din\u0101\u0161anu visam kolekt\u012bvam.<\/p>\n<p style=\"text-align: left;\">Cena no <span style=\"color: #000000;\"><strong>11 700 \u20ac<\/strong><\/span><\/p>\n<h3 style=\"text-align: left;\"><span style=\"font-family: Troika; color: #0000ff;\">Pied\u0101v\u0101jum\u0101 ietilpst<\/span><\/h3>\n<p style=\"text-align: left;\">&#8211; Pie\u0146em\u0161ana l\u012bdz <span style=\"color: #000000;\"><strong>1 500<\/strong> <\/span>cilv\u0113kiem \u0101rpussezonas period\u0101 no pirmdienas l\u012bdz sv\u0113tdienai plkst. <span style=\"color: #000000;\"><strong>10:00-18:00<\/strong><\/span>;<br \/>\n&#8211; Jautra Lotes zemes programma ar aizraujo\u0161\u0101m izr\u0101d\u0113m, koncertu, sporta sp\u0113l\u0113m, lust\u0113\u0161anos un daudz\u0101m cit\u0101m aizraujo\u0161\u0101m liet\u0101m kop\u0101 ar Lotes zemes iem\u012b\u013cotajiem person\u0101\u017eiem. Programmas ilgums <span style=\"color: #000000;\"><strong>4<\/strong> <\/span>stundas;<br \/>\n&#8211; Autost\u0101vvietas izmanto\u0161ana visa pas\u0101kuma laik\u0101.<\/p>\n<h3 style=\"text-align: left;\"><span style=\"font-family: Troika; color: #ff0000;\">Par papildu samaksu<\/span><\/h3>\n<p style=\"text-align: left;\">&#8211; Uzkodas, kafija un t\u0113ja;<br \/>\n&#8211; \u0112din\u0101\u0161ana;<br \/>\n&#8211; Dal\u012bbnieku nog\u0101d\u0101\u0161ana ar for\u0161u vilcienu no autost\u0101vvietas l\u012bdz Lotes zemes v\u0101rtiem un atpaka\u013c <span style=\"color: #000000;\"><strong>350 \u20ac\/1 h<\/strong><\/span>;<br \/>\n&#8211; Lotes zemes tematisk\u0101s d\u0101vanas no Art\u016bra veikala. Sortimentu var apskat\u012bt <a href=\"https:\/\/e-pood.lottemaa.ee\/en\"><strong>\u0160EIT \u00bb<\/strong><\/a>;<br \/>\n&#8211; Izmitin\u0101\u0161ana ar brokast\u012bm un spa viesn\u012bc\u0101 Strand<strong> <a href=\"https:\/\/www.strand.ee\/lv\/\">SPA &amp; Conference Hotel P\u0113rnav\u0101<\/a><\/strong>.<br \/>\nCen\u0101m tiek pievienots <strong><span style=\"color: #000000;\">PVN<\/span>.<\/strong><br \/>\nLotes zem\u0113 ir daudz iesp\u0113ju pas\u0101kumu organiz\u0113\u0161anai, t\u0101p\u0113c dro\u0161i jaut\u0101jiet s\u012bk\u0101ku inform\u0101ciju:<strong> <a href=\"mailto:tellimine@lottemaa.ee\">tellimine@lottemaa.ee<\/a><\/strong><\/p>\n","protected":false},"excerpt":{"rendered":"<p>Lotes zem\u0113 jau viss ir noorganiz\u0113ts, lai r\u012bkotu uz\u0146\u0113muma vasaras dienas! Mums ir iedvesmojo\u0161a un kr\u0101s\u0101m bag\u0101ta vide, ko ieskauj P\u0113rnavas piekrastes me\u017ei, programma visas dienas garum\u0101 &#8211; izr\u0101des, koncerts, maratons, sporta sp\u0113les, da\u017e\u0101das aktivit\u0101tes un piedz\u012bvojumi visiem \u2013 gan maz\u0101kajiem \u0123imenes locek\u013ciem, gan ar\u012b m\u0101mi\u0146\u0101m un t\u0113tiem. \u0160eit ir ar\u012b restor\u0101ns un kafejn\u012bcas, un &hellip; <a href=\"https:\/\/lottemaa.ee\/lv\/organize-pasakumu\/vasaras-dienu-organizesana\/\">Continued<\/a><\/p>\n","protected":false},"author":7,"featured_media":302,"parent":11902,"menu_order":320,"comment_status":"closed","ping_status":"closed","template":"","meta":{"_acf_changed":false,"om_disable_all_campaigns":false,"_uf_show_specific_survey":0,"_uf_disable_surveys":false,"footnotes":""},"class_list":["post-8087","page","type-page","status-publish","has-post-thumbnail","hentry"],"acf":[],"yoast_head":"<!-- This site is optimized with the Yoast SEO plugin v25.5 - https:\/\/yoast.com\/wordpress\/plugins\/seo\/ -->\n<title>Korporat\u012bvie pas\u0101kumi un vasaras dienas \u2013 LOTES ZEMES<\/title>\n<meta name=\"description\" content=\"Noorganiz\u0113 korporat\u012bvo pas\u0101kumu, \u0123imenes dienas, vasaras vai ziemas dienas Lotes zem\u0113! Apskaties s\u012bk\u0101k, k\u0101das iesp\u0113jas m\u0113s pied\u0101v\u0101jam!\" \/>\n<meta name=\"robots\" content=\"index, follow, max-snippet:-1, max-image-preview:large, max-video-preview:-1\" \/>\n<link rel=\"canonical\" href=\"https:\/\/lottemaa.ee\/lv\/organize-pasakumu\/vasaras-dienu-organizesana\/\" \/>\n<meta property=\"og:locale\" content=\"lv_LV\" \/>\n<meta property=\"og:type\" content=\"article\" \/>\n<meta property=\"og:title\" content=\"Korporat\u012bvie pas\u0101kumi un vasaras dienas \u2013 LOTES ZEMES\" \/>\n<meta property=\"og:description\" content=\"Noorganiz\u0113 korporat\u012bvo pas\u0101kumu, \u0123imenes dienas, vasaras vai ziemas dienas Lotes zem\u0113! Apskaties s\u012bk\u0101k, k\u0101das iesp\u0113jas m\u0113s pied\u0101v\u0101jam!\" \/>\n<meta property=\"og:url\" content=\"https:\/\/lottemaa.ee\/lv\/organize-pasakumu\/vasaras-dienu-organizesana\/\" \/>\n<meta property=\"og:site_name\" content=\"Lottemaa Teemapark\" \/>\n<meta property=\"article:modified_time\" content=\"2025-11-11T09:53:42+00:00\" \/>\n<meta property=\"og:image\" content=\"https:\/\/lottemaa.ee\/wp-content\/uploads\/2016\/04\/lottemaa-rand.jpg\" \/>\n\t<meta property=\"og:image:width\" content=\"291\" \/>\n\t<meta property=\"og:image:height\" content=\"255\" \/>\n\t<meta property=\"og:image:type\" content=\"image\/jpeg\" \/>\n<meta name=\"twitter:card\" content=\"summary_large_image\" \/>\n<meta name=\"twitter:label1\" content=\"Est. reading time\" \/>\n\t<meta name=\"twitter:data1\" content=\"3 min\u016btes\" \/>\n<script type=\"application\/ld+json\" class=\"yoast-schema-graph\">{\"@context\":\"https:\/\/schema.org\",\"@graph\":[{\"@type\":\"WebPage\",\"@id\":\"https:\/\/lottemaa.ee\/lv\/organize-pasakumu\/vasaras-dienu-organizesana\/\",\"url\":\"https:\/\/lottemaa.ee\/lv\/organize-pasakumu\/vasaras-dienu-organizesana\/\",\"name\":\"Korporat\u012bvie pas\u0101kumi un vasaras dienas \u2013 LOTES ZEMES\",\"isPartOf\":{\"@id\":\"https:\/\/lottemaa.ee\/#website\"},\"primaryImageOfPage\":{\"@id\":\"https:\/\/lottemaa.ee\/lv\/organize-pasakumu\/vasaras-dienu-organizesana\/#primaryimage\"},\"image\":{\"@id\":\"https:\/\/lottemaa.ee\/lv\/organize-pasakumu\/vasaras-dienu-organizesana\/#primaryimage\"},\"thumbnailUrl\":\"https:\/\/lottemaa.ee\/wp-content\/uploads\/2016\/04\/lottemaa-rand.jpg\",\"datePublished\":\"2019-09-24T07:09:41+00:00\",\"dateModified\":\"2025-11-11T09:53:42+00:00\",\"description\":\"Noorganiz\u0113 korporat\u012bvo pas\u0101kumu, \u0123imenes dienas, vasaras vai ziemas dienas Lotes zem\u0113! Apskaties s\u012bk\u0101k, k\u0101das iesp\u0113jas m\u0113s pied\u0101v\u0101jam!\",\"breadcrumb\":{\"@id\":\"https:\/\/lottemaa.ee\/lv\/organize-pasakumu\/vasaras-dienu-organizesana\/#breadcrumb\"},\"inLanguage\":\"lv-LV\",\"potentialAction\":[{\"@type\":\"ReadAction\",\"target\":[\"https:\/\/lottemaa.ee\/lv\/organize-pasakumu\/vasaras-dienu-organizesana\/\"]}]},{\"@type\":\"ImageObject\",\"inLanguage\":\"lv-LV\",\"@id\":\"https:\/\/lottemaa.ee\/lv\/organize-pasakumu\/vasaras-dienu-organizesana\/#primaryimage\",\"url\":\"https:\/\/lottemaa.ee\/wp-content\/uploads\/2016\/04\/lottemaa-rand.jpg\",\"contentUrl\":\"https:\/\/lottemaa.ee\/wp-content\/uploads\/2016\/04\/lottemaa-rand.jpg\",\"width\":291,\"height\":255},{\"@type\":\"BreadcrumbList\",\"@id\":\"https:\/\/lottemaa.ee\/lv\/organize-pasakumu\/vasaras-dienu-organizesana\/#breadcrumb\",\"itemListElement\":[{\"@type\":\"ListItem\",\"position\":1,\"name\":\"Home\",\"item\":\"https:\/\/lottemaa.ee\/lv\/\"},{\"@type\":\"ListItem\",\"position\":2,\"name\":\"ORGANIZ\u0112 PAS\u0100KUMU\",\"item\":\"https:\/\/lottemaa.ee\/lv\/organize-pasakumu\/\"},{\"@type\":\"ListItem\",\"position\":3,\"name\":\"UZ\u0145\u0112MUMU VASARAS DIENU ORGANIZ\u0112\u0160ANA\"}]},{\"@type\":\"WebSite\",\"@id\":\"https:\/\/lottemaa.ee\/#website\",\"url\":\"https:\/\/lottemaa.ee\/\",\"name\":\"Lottemaa Teemapark\",\"description\":\"Baltimaade suurim ja k\u00f5ige \u00e4gedam kogupere teemapark Eestis P\u00e4rnumaal\",\"publisher\":{\"@id\":\"https:\/\/lottemaa.ee\/#organization\"},\"potentialAction\":[{\"@type\":\"SearchAction\",\"target\":{\"@type\":\"EntryPoint\",\"urlTemplate\":\"https:\/\/lottemaa.ee\/?s={search_term_string}\"},\"query-input\":{\"@type\":\"PropertyValueSpecification\",\"valueRequired\":true,\"valueName\":\"search_term_string\"}}],\"inLanguage\":\"lv-LV\"},{\"@type\":\"Organization\",\"@id\":\"https:\/\/lottemaa.ee\/#organization\",\"name\":\"Lottemaa Teemapark\",\"url\":\"https:\/\/lottemaa.ee\/\",\"logo\":{\"@type\":\"ImageObject\",\"inLanguage\":\"lv-LV\",\"@id\":\"https:\/\/lottemaa.ee\/#\/schema\/logo\/image\/\",\"url\":\"https:\/\/lottemaa.ee\/wp-content\/uploads\/2018\/12\/Lottemaa_LOGO.png\",\"contentUrl\":\"https:\/\/lottemaa.ee\/wp-content\/uploads\/2018\/12\/Lottemaa_LOGO.png\",\"width\":1024,\"height\":518,\"caption\":\"Lottemaa Teemapark\"},\"image\":{\"@id\":\"https:\/\/lottemaa.ee\/#\/schema\/logo\/image\/\"}}]}<\/script>\n<!-- \/ Yoast SEO plugin. -->","yoast_head_json":{"title":"Korporat\u012bvie pas\u0101kumi un vasaras dienas \u2013 LOTES ZEMES","description":"Noorganiz\u0113 korporat\u012bvo pas\u0101kumu, \u0123imenes dienas, vasaras vai ziemas dienas Lotes zem\u0113! Apskaties s\u012bk\u0101k, k\u0101das iesp\u0113jas m\u0113s pied\u0101v\u0101jam!","robots":{"index":"index","follow":"follow","max-snippet":"max-snippet:-1","max-image-preview":"max-image-preview:large","max-video-preview":"max-video-preview:-1"},"canonical":"https:\/\/lottemaa.ee\/lv\/organize-pasakumu\/vasaras-dienu-organizesana\/","og_locale":"lv_LV","og_type":"article","og_title":"Korporat\u012bvie pas\u0101kumi un vasaras dienas \u2013 LOTES ZEMES","og_description":"Noorganiz\u0113 korporat\u012bvo pas\u0101kumu, \u0123imenes dienas, vasaras vai ziemas dienas Lotes zem\u0113! Apskaties s\u012bk\u0101k, k\u0101das iesp\u0113jas m\u0113s pied\u0101v\u0101jam!","og_url":"https:\/\/lottemaa.ee\/lv\/organize-pasakumu\/vasaras-dienu-organizesana\/","og_site_name":"Lottemaa Teemapark","article_modified_time":"2025-11-11T09:53:42+00:00","og_image":[{"width":291,"height":255,"url":"https:\/\/lottemaa.ee\/wp-content\/uploads\/2016\/04\/lottemaa-rand.jpg","type":"image\/jpeg"}],"twitter_card":"summary_large_image","twitter_misc":{"Est. reading time":"3 min\u016btes"},"schema":{"@context":"https:\/\/schema.org","@graph":[{"@type":"WebPage","@id":"https:\/\/lottemaa.ee\/lv\/organize-pasakumu\/vasaras-dienu-organizesana\/","url":"https:\/\/lottemaa.ee\/lv\/organize-pasakumu\/vasaras-dienu-organizesana\/","name":"Korporat\u012bvie pas\u0101kumi un vasaras dienas \u2013 LOTES ZEMES","isPartOf":{"@id":"https:\/\/lottemaa.ee\/#website"},"primaryImageOfPage":{"@id":"https:\/\/lottemaa.ee\/lv\/organize-pasakumu\/vasaras-dienu-organizesana\/#primaryimage"},"image":{"@id":"https:\/\/lottemaa.ee\/lv\/organize-pasakumu\/vasaras-dienu-organizesana\/#primaryimage"},"thumbnailUrl":"https:\/\/lottemaa.ee\/wp-content\/uploads\/2016\/04\/lottemaa-rand.jpg","datePublished":"2019-09-24T07:09:41+00:00","dateModified":"2025-11-11T09:53:42+00:00","description":"Noorganiz\u0113 korporat\u012bvo pas\u0101kumu, \u0123imenes dienas, vasaras vai ziemas dienas Lotes zem\u0113! Apskaties s\u012bk\u0101k, k\u0101das iesp\u0113jas m\u0113s pied\u0101v\u0101jam!","breadcrumb":{"@id":"https:\/\/lottemaa.ee\/lv\/organize-pasakumu\/vasaras-dienu-organizesana\/#breadcrumb"},"inLanguage":"lv-LV","potentialAction":[{"@type":"ReadAction","target":["https:\/\/lottemaa.ee\/lv\/organize-pasakumu\/vasaras-dienu-organizesana\/"]}]},{"@type":"ImageObject","inLanguage":"lv-LV","@id":"https:\/\/lottemaa.ee\/lv\/organize-pasakumu\/vasaras-dienu-organizesana\/#primaryimage","url":"https:\/\/lottemaa.ee\/wp-content\/uploads\/2016\/04\/lottemaa-rand.jpg","contentUrl":"https:\/\/lottemaa.ee\/wp-content\/uploads\/2016\/04\/lottemaa-rand.jpg","width":291,"height":255},{"@type":"BreadcrumbList","@id":"https:\/\/lottemaa.ee\/lv\/organize-pasakumu\/vasaras-dienu-organizesana\/#breadcrumb","itemListElement":[{"@type":"ListItem","position":1,"name":"Home","item":"https:\/\/lottemaa.ee\/lv\/"},{"@type":"ListItem","position":2,"name":"ORGANIZ\u0112 PAS\u0100KUMU","item":"https:\/\/lottemaa.ee\/lv\/organize-pasakumu\/"},{"@type":"ListItem","position":3,"name":"UZ\u0145\u0112MUMU VASARAS DIENU ORGANIZ\u0112\u0160ANA"}]},{"@type":"WebSite","@id":"https:\/\/lottemaa.ee\/#website","url":"https:\/\/lottemaa.ee\/","name":"Lottemaa Teemapark","description":"Baltimaade suurim ja k\u00f5ige \u00e4gedam kogupere teemapark Eestis P\u00e4rnumaal","publisher":{"@id":"https:\/\/lottemaa.ee\/#organization"},"potentialAction":[{"@type":"SearchAction","target":{"@type":"EntryPoint","urlTemplate":"https:\/\/lottemaa.ee\/?s={search_term_string}"},"query-input":{"@type":"PropertyValueSpecification","valueRequired":true,"valueName":"search_term_string"}}],"inLanguage":"lv-LV"},{"@type":"Organization","@id":"https:\/\/lottemaa.ee\/#organization","name":"Lottemaa Teemapark","url":"https:\/\/lottemaa.ee\/","logo":{"@type":"ImageObject","inLanguage":"lv-LV","@id":"https:\/\/lottemaa.ee\/#\/schema\/logo\/image\/","url":"https:\/\/lottemaa.ee\/wp-content\/uploads\/2018\/12\/Lottemaa_LOGO.png","contentUrl":"https:\/\/lottemaa.ee\/wp-content\/uploads\/2018\/12\/Lottemaa_LOGO.png","width":1024,"height":518,"caption":"Lottemaa Teemapark"},"image":{"@id":"https:\/\/lottemaa.ee\/#\/schema\/logo\/image\/"}}]}},"_links":{"self":[{"href":"https:\/\/lottemaa.ee\/lv\/wp-json\/wp\/v2\/pages\/8087","targetHints":{"allow":["GET"]}}],"collection":[{"href":"https:\/\/lottemaa.ee\/lv\/wp-json\/wp\/v2\/pages"}],"about":[{"href":"https:\/\/lottemaa.ee\/lv\/wp-json\/wp\/v2\/types\/page"}],"author":[{"embeddable":true,"href":"https:\/\/lottemaa.ee\/lv\/wp-json\/wp\/v2\/users\/7"}],"replies":[{"embeddable":true,"href":"https:\/\/lottemaa.ee\/lv\/wp-json\/wp\/v2\/comments?post=8087"}],"version-history":[{"count":5,"href":"https:\/\/lottemaa.ee\/lv\/wp-json\/wp\/v2\/pages\/8087\/revisions"}],"predecessor-version":[{"id":31894,"href":"https:\/\/lottemaa.ee\/lv\/wp-json\/wp\/v2\/pages\/8087\/revisions\/31894"}],"up":[{"embeddable":true,"href":"https:\/\/lottemaa.ee\/lv\/wp-json\/wp\/v2\/pages\/11902"}],"wp:featuredmedia":[{"embeddable":true,"href":"https:\/\/lottemaa.ee\/lv\/wp-json\/wp\/v2\/media\/302"}],"wp:attachment":[{"href":"https:\/\/lottemaa.ee\/lv\/wp-json\/wp\/v2\/media?parent=8087"}],"curies":[{"name":"wp","href":"https:\/\/api.w.org\/{rel}","templated":true}]}}