{"id":6698,"date":"2018-09-20T15:49:03","date_gmt":"2018-09-20T12:49:03","guid":{"rendered":"https:\/\/test.lottemaa.ee\/?page_id=6698"},"modified":"2024-03-27T15:45:14","modified_gmt":"2024-03-27T13:45:14","slug":"ipasie-piedavajumi","status":"publish","type":"page","link":"https:\/\/lottemaa.ee\/lv\/ipasie-piedavajumi\/","title":{"rendered":"\u012bpa\u0161ie pied\u0101v\u0101jumi"},"content":{"rendered":"","protected":false},"excerpt":{"rendered":"","protected":false},"author":1,"featured_media":351,"parent":0,"menu_order":741,"comment_status":"closed","ping_status":"closed","template":"page-3-columns.php","meta":{"_acf_changed":false,"om_disable_all_campaigns":false,"_uf_show_specific_survey":0,"_uf_disable_surveys":false,"footnotes":""},"class_list":["post-6698","page","type-page","status-publish","has-post-thumbnail","hentry"],"acf":[],"yoast_head":"<!-- This site is optimized with the Yoast SEO plugin v25.5 - https:\/\/yoast.com\/wordpress\/plugins\/seo\/ -->\n<title>Lotes zemes \u2013 pas\u016bti vai noorganiz\u0113 neaizmirstamu pas\u0101kumu<\/title>\n<meta name=\"description\" content=\"Kop\u0101 ar draugiem noorganiz\u0113 neaizmirstamu pas\u0101kumu Lotes zem\u0113. Pla\u0161\u0101ku inform\u0101ciju skat\u012bt \u0161eit.\" \/>\n<meta name=\"robots\" content=\"index, follow, max-snippet:-1, max-image-preview:large, max-video-preview:-1\" \/>\n<link rel=\"canonical\" href=\"https:\/\/lottemaa.ee\/lv\/ipasie-piedavajumi\/\" \/>\n<meta property=\"og:locale\" content=\"lv_LV\" \/>\n<meta property=\"og:type\" content=\"article\" \/>\n<meta property=\"og:title\" content=\"Lotes zemes \u2013 pas\u016bti vai noorganiz\u0113 neaizmirstamu pas\u0101kumu\" \/>\n<meta property=\"og:description\" content=\"Kop\u0101 ar draugiem noorganiz\u0113 neaizmirstamu pas\u0101kumu Lotes zem\u0113. Pla\u0161\u0101ku inform\u0101ciju skat\u012bt \u0161eit.\" \/>\n<meta property=\"og:url\" content=\"https:\/\/lottemaa.ee\/lv\/ipasie-piedavajumi\/\" \/>\n<meta property=\"og:site_name\" content=\"Lottemaa Teemapark\" \/>\n<meta property=\"article:modified_time\" content=\"2024-03-27T13:45:14+00:00\" \/>\n<meta property=\"og:image\" content=\"https:\/\/lottemaa.ee\/wp-content\/uploads\/2016\/04\/lottemaa-leiutajad.jpg\" \/>\n\t<meta property=\"og:image:width\" content=\"285\" \/>\n\t<meta property=\"og:image:height\" content=\"249\" \/>\n\t<meta property=\"og:image:type\" content=\"image\/jpeg\" \/>\n<meta name=\"twitter:card\" content=\"summary_large_image\" \/>\n<meta name=\"twitter:label1\" content=\"Est. reading time\" \/>\n\t<meta name=\"twitter:data1\" content=\"1 min\u016b\u0161u\" \/>\n<script type=\"application\/ld+json\" class=\"yoast-schema-graph\">{\"@context\":\"https:\/\/schema.org\",\"@graph\":[{\"@type\":\"WebPage\",\"@id\":\"https:\/\/lottemaa.ee\/lv\/ipasie-piedavajumi\/\",\"url\":\"https:\/\/lottemaa.ee\/lv\/ipasie-piedavajumi\/\",\"name\":\"Lotes zemes \u2013 pas\u016bti vai noorganiz\u0113 neaizmirstamu pas\u0101kumu\",\"isPartOf\":{\"@id\":\"https:\/\/lottemaa.ee\/#website\"},\"primaryImageOfPage\":{\"@id\":\"https:\/\/lottemaa.ee\/lv\/ipasie-piedavajumi\/#primaryimage\"},\"image\":{\"@id\":\"https:\/\/lottemaa.ee\/lv\/ipasie-piedavajumi\/#primaryimage\"},\"thumbnailUrl\":\"https:\/\/lottemaa.ee\/wp-content\/uploads\/2016\/04\/lottemaa-leiutajad.jpg\",\"datePublished\":\"2018-09-20T12:49:03+00:00\",\"dateModified\":\"2024-03-27T13:45:14+00:00\",\"description\":\"Kop\u0101 ar draugiem noorganiz\u0113 neaizmirstamu pas\u0101kumu Lotes zem\u0113. Pla\u0161\u0101ku inform\u0101ciju skat\u012bt \u0161eit.\",\"breadcrumb\":{\"@id\":\"https:\/\/lottemaa.ee\/lv\/ipasie-piedavajumi\/#breadcrumb\"},\"inLanguage\":\"lv-LV\",\"potentialAction\":[{\"@type\":\"ReadAction\",\"target\":[\"https:\/\/lottemaa.ee\/lv\/ipasie-piedavajumi\/\"]}]},{\"@type\":\"ImageObject\",\"inLanguage\":\"lv-LV\",\"@id\":\"https:\/\/lottemaa.ee\/lv\/ipasie-piedavajumi\/#primaryimage\",\"url\":\"https:\/\/lottemaa.ee\/wp-content\/uploads\/2016\/04\/lottemaa-leiutajad.jpg\",\"contentUrl\":\"https:\/\/lottemaa.ee\/wp-content\/uploads\/2016\/04\/lottemaa-leiutajad.jpg\",\"width\":285,\"height\":249},{\"@type\":\"BreadcrumbList\",\"@id\":\"https:\/\/lottemaa.ee\/lv\/ipasie-piedavajumi\/#breadcrumb\",\"itemListElement\":[{\"@type\":\"ListItem\",\"position\":1,\"name\":\"Home\",\"item\":\"https:\/\/lottemaa.ee\/lv\/\"},{\"@type\":\"ListItem\",\"position\":2,\"name\":\"\u012bpa\u0161ie pied\u0101v\u0101jumi\"}]},{\"@type\":\"WebSite\",\"@id\":\"https:\/\/lottemaa.ee\/#website\",\"url\":\"https:\/\/lottemaa.ee\/\",\"name\":\"Lottemaa Teemapark\",\"description\":\"Baltimaade suurim ja k\u00f5ige \u00e4gedam kogupere teemapark Eestis P\u00e4rnumaal\",\"publisher\":{\"@id\":\"https:\/\/lottemaa.ee\/#organization\"},\"potentialAction\":[{\"@type\":\"SearchAction\",\"target\":{\"@type\":\"EntryPoint\",\"urlTemplate\":\"https:\/\/lottemaa.ee\/?s={search_term_string}\"},\"query-input\":{\"@type\":\"PropertyValueSpecification\",\"valueRequired\":true,\"valueName\":\"search_term_string\"}}],\"inLanguage\":\"lv-LV\"},{\"@type\":\"Organization\",\"@id\":\"https:\/\/lottemaa.ee\/#organization\",\"name\":\"Lottemaa Teemapark\",\"url\":\"https:\/\/lottemaa.ee\/\",\"logo\":{\"@type\":\"ImageObject\",\"inLanguage\":\"lv-LV\",\"@id\":\"https:\/\/lottemaa.ee\/#\/schema\/logo\/image\/\",\"url\":\"https:\/\/lottemaa.ee\/wp-content\/uploads\/2018\/12\/Lottemaa_LOGO.png\",\"contentUrl\":\"https:\/\/lottemaa.ee\/wp-content\/uploads\/2018\/12\/Lottemaa_LOGO.png\",\"width\":1024,\"height\":518,\"caption\":\"Lottemaa Teemapark\"},\"image\":{\"@id\":\"https:\/\/lottemaa.ee\/#\/schema\/logo\/image\/\"}}]}<\/script>\n<!-- \/ Yoast SEO plugin. -->","yoast_head_json":{"title":"Lotes zemes \u2013 pas\u016bti vai noorganiz\u0113 neaizmirstamu pas\u0101kumu","description":"Kop\u0101 ar draugiem noorganiz\u0113 neaizmirstamu pas\u0101kumu Lotes zem\u0113. Pla\u0161\u0101ku inform\u0101ciju skat\u012bt \u0161eit.","robots":{"index":"index","follow":"follow","max-snippet":"max-snippet:-1","max-image-preview":"max-image-preview:large","max-video-preview":"max-video-preview:-1"},"canonical":"https:\/\/lottemaa.ee\/lv\/ipasie-piedavajumi\/","og_locale":"lv_LV","og_type":"article","og_title":"Lotes zemes \u2013 pas\u016bti vai noorganiz\u0113 neaizmirstamu pas\u0101kumu","og_description":"Kop\u0101 ar draugiem noorganiz\u0113 neaizmirstamu pas\u0101kumu Lotes zem\u0113. Pla\u0161\u0101ku inform\u0101ciju skat\u012bt \u0161eit.","og_url":"https:\/\/lottemaa.ee\/lv\/ipasie-piedavajumi\/","og_site_name":"Lottemaa Teemapark","article_modified_time":"2024-03-27T13:45:14+00:00","og_image":[{"width":285,"height":249,"url":"https:\/\/lottemaa.ee\/wp-content\/uploads\/2016\/04\/lottemaa-leiutajad.jpg","type":"image\/jpeg"}],"twitter_card":"summary_large_image","twitter_misc":{"Est. reading time":"1 min\u016b\u0161u"},"schema":{"@context":"https:\/\/schema.org","@graph":[{"@type":"WebPage","@id":"https:\/\/lottemaa.ee\/lv\/ipasie-piedavajumi\/","url":"https:\/\/lottemaa.ee\/lv\/ipasie-piedavajumi\/","name":"Lotes zemes \u2013 pas\u016bti vai noorganiz\u0113 neaizmirstamu pas\u0101kumu","isPartOf":{"@id":"https:\/\/lottemaa.ee\/#website"},"primaryImageOfPage":{"@id":"https:\/\/lottemaa.ee\/lv\/ipasie-piedavajumi\/#primaryimage"},"image":{"@id":"https:\/\/lottemaa.ee\/lv\/ipasie-piedavajumi\/#primaryimage"},"thumbnailUrl":"https:\/\/lottemaa.ee\/wp-content\/uploads\/2016\/04\/lottemaa-leiutajad.jpg","datePublished":"2018-09-20T12:49:03+00:00","dateModified":"2024-03-27T13:45:14+00:00","description":"Kop\u0101 ar draugiem noorganiz\u0113 neaizmirstamu pas\u0101kumu Lotes zem\u0113. Pla\u0161\u0101ku inform\u0101ciju skat\u012bt \u0161eit.","breadcrumb":{"@id":"https:\/\/lottemaa.ee\/lv\/ipasie-piedavajumi\/#breadcrumb"},"inLanguage":"lv-LV","potentialAction":[{"@type":"ReadAction","target":["https:\/\/lottemaa.ee\/lv\/ipasie-piedavajumi\/"]}]},{"@type":"ImageObject","inLanguage":"lv-LV","@id":"https:\/\/lottemaa.ee\/lv\/ipasie-piedavajumi\/#primaryimage","url":"https:\/\/lottemaa.ee\/wp-content\/uploads\/2016\/04\/lottemaa-leiutajad.jpg","contentUrl":"https:\/\/lottemaa.ee\/wp-content\/uploads\/2016\/04\/lottemaa-leiutajad.jpg","width":285,"height":249},{"@type":"BreadcrumbList","@id":"https:\/\/lottemaa.ee\/lv\/ipasie-piedavajumi\/#breadcrumb","itemListElement":[{"@type":"ListItem","position":1,"name":"Home","item":"https:\/\/lottemaa.ee\/lv\/"},{"@type":"ListItem","position":2,"name":"\u012bpa\u0161ie pied\u0101v\u0101jumi"}]},{"@type":"WebSite","@id":"https:\/\/lottemaa.ee\/#website","url":"https:\/\/lottemaa.ee\/","name":"Lottemaa Teemapark","description":"Baltimaade suurim ja k\u00f5ige \u00e4gedam kogupere teemapark Eestis P\u00e4rnumaal","publisher":{"@id":"https:\/\/lottemaa.ee\/#organization"},"potentialAction":[{"@type":"SearchAction","target":{"@type":"EntryPoint","urlTemplate":"https:\/\/lottemaa.ee\/?s={search_term_string}"},"query-input":{"@type":"PropertyValueSpecification","valueRequired":true,"valueName":"search_term_string"}}],"inLanguage":"lv-LV"},{"@type":"Organization","@id":"https:\/\/lottemaa.ee\/#organization","name":"Lottemaa Teemapark","url":"https:\/\/lottemaa.ee\/","logo":{"@type":"ImageObject","inLanguage":"lv-LV","@id":"https:\/\/lottemaa.ee\/#\/schema\/logo\/image\/","url":"https:\/\/lottemaa.ee\/wp-content\/uploads\/2018\/12\/Lottemaa_LOGO.png","contentUrl":"https:\/\/lottemaa.ee\/wp-content\/uploads\/2018\/12\/Lottemaa_LOGO.png","width":1024,"height":518,"caption":"Lottemaa Teemapark"},"image":{"@id":"https:\/\/lottemaa.ee\/#\/schema\/logo\/image\/"}}]}},"_links":{"self":[{"href":"https:\/\/lottemaa.ee\/lv\/wp-json\/wp\/v2\/pages\/6698","targetHints":{"allow":["GET"]}}],"collection":[{"href":"https:\/\/lottemaa.ee\/lv\/wp-json\/wp\/v2\/pages"}],"about":[{"href":"https:\/\/lottemaa.ee\/lv\/wp-json\/wp\/v2\/types\/page"}],"author":[{"embeddable":true,"href":"https:\/\/lottemaa.ee\/lv\/wp-json\/wp\/v2\/users\/1"}],"replies":[{"embeddable":true,"href":"https:\/\/lottemaa.ee\/lv\/wp-json\/wp\/v2\/comments?post=6698"}],"version-history":[{"count":4,"href":"https:\/\/lottemaa.ee\/lv\/wp-json\/wp\/v2\/pages\/6698\/revisions"}],"predecessor-version":[{"id":25874,"href":"https:\/\/lottemaa.ee\/lv\/wp-json\/wp\/v2\/pages\/6698\/revisions\/25874"}],"wp:featuredmedia":[{"embeddable":true,"href":"https:\/\/lottemaa.ee\/lv\/wp-json\/wp\/v2\/media\/351"}],"wp:attachment":[{"href":"https:\/\/lottemaa.ee\/lv\/wp-json\/wp\/v2\/media?parent=6698"}],"curies":[{"name":"wp","href":"https:\/\/api.w.org\/{rel}","templated":true}]}}