{"id":6214,"date":"2018-06-01T12:24:13","date_gmt":"2018-06-01T09:24:13","guid":{"rendered":"https:\/\/test.lottemaa.ee\/privaatsustingimused\/"},"modified":"2024-09-05T15:14:50","modified_gmt":"2024-09-05T12:14:50","slug":"privatuma-politika","status":"publish","type":"page","link":"https:\/\/lottemaa.ee\/lv\/privatuma-politika\/","title":{"rendered":"Priv\u0101tuma politika"},"content":{"rendered":"<p>M\u0113s esam ap\u0146\u0113mu\u0161ies aizsarg\u0101t apmekl\u0113t\u0101ju priv\u0101tumu. T\u0101p\u0113c esam sagatavoju\u0161i \u0161\u012bs priv\u0101tuma politikas pamatprincipus par apmekl\u0113t\u0101ju datu v\u0101k\u0161anu, izmanto\u0161anu, public\u0113\u0161anu, izplat\u012b\u0161anu un uzglab\u0101\u0161anu. M\u016bsu darb\u012bbas internet\u0101 ir saska\u0146\u0101 ar visiem attiec\u012bgajiem Eiropas Savien\u012bbas ties\u012bbu aktiem un Igaunijas Republikas likumiem. Lotes zeme neapstr\u0101d\u0101 EIROPAS PARLAMENTA UN PADOMES REGUL\u0100 (ES) 2016\/679 defin\u0113tos sensit\u012bvos personas datus.<\/p>\n<p><strong>Personas datu v\u0101k\u0161ana un izmanto\u0161ana<\/strong><\/p>\n<p>Personas datu v\u0101k\u0161ana notiek ar Lotes zemes apmekl\u0113t\u0101ja piekri\u0161anu \u0161\u0101dos veidos:<\/p>\n<p>&#8211; Iesniedzot kontaktinform\u0101ciju (v\u0101rds un e-pasta adrese) m\u016bsu t\u012bmek\u013ca lap\u0101 vai tematiskaj\u0101 park\u0101 uz vietas<br \/>\n&#8211; Iesniedzot kontaktinform\u0101ciju (v\u0101rds un e-pasta adrese) uz (izlozes) akcijas kupona<br \/>\n&#8211; P\u0113rkot iepriek\u0161\u0113j\u0101s p\u0101rdo\u0161anas bi\u013ceti m\u016bsu e-bi\u013ce\u0161u vid\u0113 Fienta.com<\/p>\n<p>Visi sa\u0146emtie personas dati, kas ieg\u016bti akciju gait\u0101 un, re\u0123istr\u0113joties jaunumu bi\u013cetenam, tiek uzskat\u012bti par konfidenci\u0101lu inform\u0101ciju.<\/p>\n<p>Ar sav\u0101kto personas datu pal\u012bdz\u012bbu m\u0113s inform\u0113jam apmekl\u0113t\u0101jus par Lotes zemes m\u0101rketinga jaunumiem, kampa\u0146\u0101m un pas\u0101kumiem. Kas nev\u0113las b\u016bs jaunumu bi\u013cetena sarakst\u0101, var nekav\u0113joties sevi no saraksta iz\u0146emt, izmantojot saiti, kas atrodas sa\u0146emt\u0101 m\u0101rketinga satura jaunumu bi\u013cetena k\u0101jen\u0113. Izma\u0146as st\u0101jas sp\u0113k\u0101 nekav\u0113joties.<\/p>\n<p><strong>Personas datu aizsardz\u012bba<\/strong><\/p>\n<p>Lotes zeme veic visus piesardz\u012bbas pas\u0101kumus (tostarp administrat\u012bvos, tehniskos un fiziskos pas\u0101kumus), lai aizsarg\u0101tu apmekl\u0113t\u0101ju personas datus. Piek\u013cuve, lai datus main\u012btu un apstr\u0101d\u0101tu, ir tikai tam pilnvarot\u0101m person\u0101m. Lotes zeme neizsniedz personas datus tre\u0161aj\u0101m person\u0101m.<\/p>\n<p><strong>Priv\u0101tuma politikas noteikumi un groz\u012bjumi<\/strong><\/p>\n<p>M\u0113s paturam ties\u012bbas nepiecie\u0161am\u012bbas gad\u012bjum\u0101 priv\u0101tuma politikas noteikumus main\u012bt. Ja izmantojat m\u016bsu t\u012bmek\u013ca vietni, m\u0113s pie\u0146emam, ka esat iepazinu\u0161ies ar \u0161iem principiem un piekr\u012btat tiem. Ar visiem jaut\u0101jumiem, kas radu\u0161ies saist\u012bb\u0101 ar priv\u0101tuma politiku vai personas datu apstr\u0101di, l\u016bdzam kontakt\u0113ties ar mums, rakstot uz adresi <a href=\"mailto:uudiskiri@lottemaa.ee\">uudiskiri@lottemaa.ee<\/a><\/p>\n","protected":false},"excerpt":{"rendered":"<p>M\u0113s esam ap\u0146\u0113mu\u0161ies aizsarg\u0101t apmekl\u0113t\u0101ju priv\u0101tumu. T\u0101p\u0113c esam sagatavoju\u0161i \u0161\u012bs priv\u0101tuma politikas pamatprincipus par apmekl\u0113t\u0101ju datu v\u0101k\u0161anu, izmanto\u0161anu, public\u0113\u0161anu, izplat\u012b\u0161anu un uzglab\u0101\u0161anu. M\u016bsu darb\u012bbas internet\u0101 ir saska\u0146\u0101 ar visiem attiec\u012bgajiem Eiropas Savien\u012bbas ties\u012bbu aktiem un Igaunijas Republikas likumiem. Lotes zeme neapstr\u0101d\u0101 EIROPAS PARLAMENTA UN PADOMES REGUL\u0100 (ES) 2016\/679 defin\u0113tos sensit\u012bvos personas datus. Personas datu v\u0101k\u0161ana &hellip; <a href=\"https:\/\/lottemaa.ee\/lv\/privatuma-politika\/\">Continued<\/a><\/p>\n","protected":false},"author":7,"featured_media":0,"parent":0,"menu_order":739,"comment_status":"closed","ping_status":"closed","template":"","meta":{"_acf_changed":false,"om_disable_all_campaigns":false,"_uf_show_specific_survey":0,"_uf_disable_surveys":false,"footnotes":""},"class_list":["post-6214","page","type-page","status-publish","hentry"],"acf":[],"yoast_head":"<!-- This site is optimized with the Yoast SEO plugin v25.5 - https:\/\/yoast.com\/wordpress\/plugins\/seo\/ -->\n<title>Priv\u0101tuma politika | Lottemaa Teemapark<\/title>\n<meta name=\"description\" content=\"P\u0101rbaudiet Lottemaa konfidencialit\u0101tes politiku. M\u0113s izkl\u0101st\u0101m, k\u0101 m\u0113s apkopojam un izmantojam j\u016bsu personisko inform\u0101ciju.\" \/>\n<meta name=\"robots\" content=\"index, follow, max-snippet:-1, max-image-preview:large, max-video-preview:-1\" \/>\n<link rel=\"canonical\" href=\"https:\/\/lottemaa.ee\/lv\/privatuma-politika\/\" \/>\n<meta property=\"og:locale\" content=\"lv_LV\" \/>\n<meta property=\"og:type\" content=\"article\" \/>\n<meta property=\"og:title\" content=\"Priv\u0101tuma politika | Lottemaa Teemapark\" \/>\n<meta property=\"og:description\" content=\"P\u0101rbaudiet Lottemaa konfidencialit\u0101tes politiku. M\u0113s izkl\u0101st\u0101m, k\u0101 m\u0113s apkopojam un izmantojam j\u016bsu personisko inform\u0101ciju.\" \/>\n<meta property=\"og:url\" content=\"https:\/\/lottemaa.ee\/lv\/privatuma-politika\/\" \/>\n<meta property=\"og:site_name\" content=\"Lottemaa Teemapark\" \/>\n<meta property=\"article:modified_time\" content=\"2024-09-05T12:14:50+00:00\" \/>\n<meta name=\"twitter:card\" content=\"summary_large_image\" \/>\n<meta name=\"twitter:label1\" content=\"Est. reading time\" \/>\n\t<meta name=\"twitter:data1\" content=\"2 min\u016btes\" \/>\n<script type=\"application\/ld+json\" class=\"yoast-schema-graph\">{\"@context\":\"https:\/\/schema.org\",\"@graph\":[{\"@type\":\"WebPage\",\"@id\":\"https:\/\/lottemaa.ee\/lv\/privatuma-politika\/\",\"url\":\"https:\/\/lottemaa.ee\/lv\/privatuma-politika\/\",\"name\":\"Priv\u0101tuma politika | Lottemaa Teemapark\",\"isPartOf\":{\"@id\":\"https:\/\/lottemaa.ee\/#website\"},\"datePublished\":\"2018-06-01T09:24:13+00:00\",\"dateModified\":\"2024-09-05T12:14:50+00:00\",\"description\":\"P\u0101rbaudiet Lottemaa konfidencialit\u0101tes politiku. M\u0113s izkl\u0101st\u0101m, k\u0101 m\u0113s apkopojam un izmantojam j\u016bsu personisko inform\u0101ciju.\",\"breadcrumb\":{\"@id\":\"https:\/\/lottemaa.ee\/lv\/privatuma-politika\/#breadcrumb\"},\"inLanguage\":\"lv-LV\",\"potentialAction\":[{\"@type\":\"ReadAction\",\"target\":[\"https:\/\/lottemaa.ee\/lv\/privatuma-politika\/\"]}]},{\"@type\":\"BreadcrumbList\",\"@id\":\"https:\/\/lottemaa.ee\/lv\/privatuma-politika\/#breadcrumb\",\"itemListElement\":[{\"@type\":\"ListItem\",\"position\":1,\"name\":\"Home\",\"item\":\"https:\/\/lottemaa.ee\/lv\/\"},{\"@type\":\"ListItem\",\"position\":2,\"name\":\"Priv\u0101tuma politika\"}]},{\"@type\":\"WebSite\",\"@id\":\"https:\/\/lottemaa.ee\/#website\",\"url\":\"https:\/\/lottemaa.ee\/\",\"name\":\"Lottemaa Teemapark\",\"description\":\"Baltimaade suurim ja k\u00f5ige \u00e4gedam kogupere teemapark Eestis P\u00e4rnumaal\",\"publisher\":{\"@id\":\"https:\/\/lottemaa.ee\/#organization\"},\"potentialAction\":[{\"@type\":\"SearchAction\",\"target\":{\"@type\":\"EntryPoint\",\"urlTemplate\":\"https:\/\/lottemaa.ee\/?s={search_term_string}\"},\"query-input\":{\"@type\":\"PropertyValueSpecification\",\"valueRequired\":true,\"valueName\":\"search_term_string\"}}],\"inLanguage\":\"lv-LV\"},{\"@type\":\"Organization\",\"@id\":\"https:\/\/lottemaa.ee\/#organization\",\"name\":\"Lottemaa Teemapark\",\"url\":\"https:\/\/lottemaa.ee\/\",\"logo\":{\"@type\":\"ImageObject\",\"inLanguage\":\"lv-LV\",\"@id\":\"https:\/\/lottemaa.ee\/#\/schema\/logo\/image\/\",\"url\":\"https:\/\/lottemaa.ee\/wp-content\/uploads\/2018\/12\/Lottemaa_LOGO.png\",\"contentUrl\":\"https:\/\/lottemaa.ee\/wp-content\/uploads\/2018\/12\/Lottemaa_LOGO.png\",\"width\":1024,\"height\":518,\"caption\":\"Lottemaa Teemapark\"},\"image\":{\"@id\":\"https:\/\/lottemaa.ee\/#\/schema\/logo\/image\/\"}}]}<\/script>\n<!-- \/ Yoast SEO plugin. -->","yoast_head_json":{"title":"Priv\u0101tuma politika | Lottemaa Teemapark","description":"P\u0101rbaudiet Lottemaa konfidencialit\u0101tes politiku. M\u0113s izkl\u0101st\u0101m, k\u0101 m\u0113s apkopojam un izmantojam j\u016bsu personisko inform\u0101ciju.","robots":{"index":"index","follow":"follow","max-snippet":"max-snippet:-1","max-image-preview":"max-image-preview:large","max-video-preview":"max-video-preview:-1"},"canonical":"https:\/\/lottemaa.ee\/lv\/privatuma-politika\/","og_locale":"lv_LV","og_type":"article","og_title":"Priv\u0101tuma politika | Lottemaa Teemapark","og_description":"P\u0101rbaudiet Lottemaa konfidencialit\u0101tes politiku. M\u0113s izkl\u0101st\u0101m, k\u0101 m\u0113s apkopojam un izmantojam j\u016bsu personisko inform\u0101ciju.","og_url":"https:\/\/lottemaa.ee\/lv\/privatuma-politika\/","og_site_name":"Lottemaa Teemapark","article_modified_time":"2024-09-05T12:14:50+00:00","twitter_card":"summary_large_image","twitter_misc":{"Est. reading time":"2 min\u016btes"},"schema":{"@context":"https:\/\/schema.org","@graph":[{"@type":"WebPage","@id":"https:\/\/lottemaa.ee\/lv\/privatuma-politika\/","url":"https:\/\/lottemaa.ee\/lv\/privatuma-politika\/","name":"Priv\u0101tuma politika | Lottemaa Teemapark","isPartOf":{"@id":"https:\/\/lottemaa.ee\/#website"},"datePublished":"2018-06-01T09:24:13+00:00","dateModified":"2024-09-05T12:14:50+00:00","description":"P\u0101rbaudiet Lottemaa konfidencialit\u0101tes politiku. M\u0113s izkl\u0101st\u0101m, k\u0101 m\u0113s apkopojam un izmantojam j\u016bsu personisko inform\u0101ciju.","breadcrumb":{"@id":"https:\/\/lottemaa.ee\/lv\/privatuma-politika\/#breadcrumb"},"inLanguage":"lv-LV","potentialAction":[{"@type":"ReadAction","target":["https:\/\/lottemaa.ee\/lv\/privatuma-politika\/"]}]},{"@type":"BreadcrumbList","@id":"https:\/\/lottemaa.ee\/lv\/privatuma-politika\/#breadcrumb","itemListElement":[{"@type":"ListItem","position":1,"name":"Home","item":"https:\/\/lottemaa.ee\/lv\/"},{"@type":"ListItem","position":2,"name":"Priv\u0101tuma politika"}]},{"@type":"WebSite","@id":"https:\/\/lottemaa.ee\/#website","url":"https:\/\/lottemaa.ee\/","name":"Lottemaa Teemapark","description":"Baltimaade suurim ja k\u00f5ige \u00e4gedam kogupere teemapark Eestis P\u00e4rnumaal","publisher":{"@id":"https:\/\/lottemaa.ee\/#organization"},"potentialAction":[{"@type":"SearchAction","target":{"@type":"EntryPoint","urlTemplate":"https:\/\/lottemaa.ee\/?s={search_term_string}"},"query-input":{"@type":"PropertyValueSpecification","valueRequired":true,"valueName":"search_term_string"}}],"inLanguage":"lv-LV"},{"@type":"Organization","@id":"https:\/\/lottemaa.ee\/#organization","name":"Lottemaa Teemapark","url":"https:\/\/lottemaa.ee\/","logo":{"@type":"ImageObject","inLanguage":"lv-LV","@id":"https:\/\/lottemaa.ee\/#\/schema\/logo\/image\/","url":"https:\/\/lottemaa.ee\/wp-content\/uploads\/2018\/12\/Lottemaa_LOGO.png","contentUrl":"https:\/\/lottemaa.ee\/wp-content\/uploads\/2018\/12\/Lottemaa_LOGO.png","width":1024,"height":518,"caption":"Lottemaa Teemapark"},"image":{"@id":"https:\/\/lottemaa.ee\/#\/schema\/logo\/image\/"}}]}},"_links":{"self":[{"href":"https:\/\/lottemaa.ee\/lv\/wp-json\/wp\/v2\/pages\/6214","targetHints":{"allow":["GET"]}}],"collection":[{"href":"https:\/\/lottemaa.ee\/lv\/wp-json\/wp\/v2\/pages"}],"about":[{"href":"https:\/\/lottemaa.ee\/lv\/wp-json\/wp\/v2\/types\/page"}],"author":[{"embeddable":true,"href":"https:\/\/lottemaa.ee\/lv\/wp-json\/wp\/v2\/users\/7"}],"replies":[{"embeddable":true,"href":"https:\/\/lottemaa.ee\/lv\/wp-json\/wp\/v2\/comments?post=6214"}],"version-history":[{"count":4,"href":"https:\/\/lottemaa.ee\/lv\/wp-json\/wp\/v2\/pages\/6214\/revisions"}],"predecessor-version":[{"id":6218,"href":"https:\/\/lottemaa.ee\/lv\/wp-json\/wp\/v2\/pages\/6214\/revisions\/6218"}],"wp:attachment":[{"href":"https:\/\/lottemaa.ee\/lv\/wp-json\/wp\/v2\/media?parent=6214"}],"curies":[{"name":"wp","href":"https:\/\/api.w.org\/{rel}","templated":true}]}}