{"id":602,"date":"2016-05-10T20:26:00","date_gmt":"2016-05-10T17:26:00","guid":{"rendered":"http:\/\/sharks.ee\/lottemaa\/lv\/?page_id=602"},"modified":"2026-01-05T15:58:11","modified_gmt":"2026-01-05T13:58:11","slug":"kontakti","status":"publish","type":"page","link":"https:\/\/lottemaa.ee\/lv\/kontakti\/","title":{"rendered":"Kontakti"},"content":{"rendered":"<p>Lotes zemes tematiskais parks \u0161obr\u012bd apmekl\u0113t\u0101jiem ir SL\u0112GTS!<br \/>\nM\u0113s gaid\u0101m j\u016bs atkal ciemos vasar\u0101, 13.06.-30.08.2026. katru dienu plkst. 10-18.<\/p>\n<hr \/>\n<p><strong>LOTTEMAA TEEMAPARK O\u00dc<\/strong><\/p>\n<p>Birojs ir atv\u0113rts Pirmdiena &#8211; Piektdienai<span class=\"tlid-translation translation\" lang=\"lv\"><span class=\"alt-edited\" title=\"\"> plkst. 9<\/span><\/span><span class=\"tlid-translation translation\" lang=\"lv\"><span class=\"alt-edited\" title=\"\">-17<\/span><\/span><br \/>\nT\u0101lr. : <strong>+372 5885 5699<\/strong><br \/>\nE-pasts:\u00a0<strong><a href=\"mailto:info@lottemaa.ee\">info@lottemaa.ee<\/a><\/strong><br \/>\nA<span class=\"tlid-translation translation\" lang=\"lv\"><span class=\"\" title=\"\">drese<\/span><\/span>: Reiu ciemats, H\u00e4\u00e4demeestes pagasts, P\u0113rnava 86508<\/p>\n<p>Re\u0123. Nr. 12455303<br \/>\nPVN Re\u0123. Nr. EE101642817<\/p>\n<hr \/>\n<h2 style=\"text-align: left;\">KOMANDA<\/h2>\n<p>Izpilddirektors | Margit Toodu | <strong><span style=\"color: #3366ff;\">margit[@]lottemaa.ee<\/span><\/strong><\/p>\n<p>M\u0101rketinga vad\u012bt\u0101js | Kaire Lerg | <span style=\"color: #3366ff;\"><strong>kaire[@]lottemaa.ee<\/strong><\/span><\/p>\n<p>M\u0101rketinga un p\u0101rdo\u0161anas speci\u0101liste | Karmen Sule |<span style=\"color: #3366ff;\"><strong> karmen[@]lottemaa.ee<\/strong><\/span><\/p>\n<p>Soci\u0101lo mediju speci\u0101lists | Kethlin Hiis| <span style=\"color: #3366ff;\"><strong>kethlin[@]lottemaa.ee<\/strong><\/span><\/p>\n<p>Rado\u0161ais satura vad\u012bt\u0101js | Hana Kivi | <span style=\"color: #3366ff;\"><strong>hana[@]lottemaa.ee<\/strong><\/span><\/p>\n<p>\u0112din\u0101\u0161ana |<span style=\"color: #333333;\">Helena Viirmaa<\/span> |<span style=\"color: #3366ff;\"> <strong>toitlustus[@]lottemaa.ee<\/strong><\/span><\/p>\n<p>Administrat\u012bvais vad\u012bt\u0101js | Alar Kullamaa | <span style=\"color: #3366ff;\"><strong>alar[@]lottemaa.ee<\/strong><\/span><\/p>\n<p>Tirdzniec\u012bbas un \u012bpa\u0161o pas\u0101kumu koordinators | Nele Lemmik |<span style=\"color: #3366ff;\"> <strong>nele[@]lottemaa.ee<\/strong><\/span><\/p>\n","protected":false},"excerpt":{"rendered":"<p>Lotes zemes tematiskais parks \u0161obr\u012bd apmekl\u0113t\u0101jiem ir SL\u0112GTS! M\u0113s gaid\u0101m j\u016bs atkal ciemos vasar\u0101, 13.06.-30.08.2026. katru dienu plkst. 10-18. LOTTEMAA TEEMAPARK O\u00dc Birojs ir atv\u0113rts Pirmdiena &#8211; Piektdienai plkst. 9-17 T\u0101lr. : +372 5885 5699 E-pasts:\u00a0info@lottemaa.ee Adrese: Reiu ciemats, H\u00e4\u00e4demeestes pagasts, P\u0113rnava 86508 Re\u0123. Nr. 12455303 PVN Re\u0123. Nr. EE101642817 KOMANDA Izpilddirektors | Margit Toodu &hellip; <a href=\"https:\/\/lottemaa.ee\/lv\/kontakti\/\">Continued<\/a><\/p>\n","protected":false},"author":1,"featured_media":0,"parent":0,"menu_order":811,"comment_status":"closed","ping_status":"closed","template":"","meta":{"_acf_changed":false,"om_disable_all_campaigns":false,"_uf_show_specific_survey":0,"_uf_disable_surveys":false,"footnotes":""},"class_list":["post-602","page","type-page","status-publish","hentry"],"acf":[],"yoast_head":"<!-- This site is optimized with the Yoast SEO plugin v25.5 - https:\/\/yoast.com\/wordpress\/plugins\/seo\/ -->\n<title>Kontakti | Lottemaa Teemapark<\/title>\n<meta name=\"description\" content=\"Jums ir jaut\u0101jumi vai nepiecie\u0161ama pal\u012bdz\u012bba? \u0160eit j\u016bs atrad\u012bsiet visus m\u016bsu tematisko parku kontaktus un uz\u0146\u0113muma inform\u0101ciju. Sazinieties ar mums!\" \/>\n<meta name=\"robots\" content=\"index, follow, max-snippet:-1, max-image-preview:large, max-video-preview:-1\" \/>\n<link rel=\"canonical\" href=\"https:\/\/lottemaa.ee\/lv\/kontakti\/\" \/>\n<meta property=\"og:locale\" content=\"lv_LV\" \/>\n<meta property=\"og:type\" content=\"article\" \/>\n<meta property=\"og:title\" content=\"Kontakti | Lottemaa Teemapark\" \/>\n<meta property=\"og:description\" content=\"Jums ir jaut\u0101jumi vai nepiecie\u0161ama pal\u012bdz\u012bba? \u0160eit j\u016bs atrad\u012bsiet visus m\u016bsu tematisko parku kontaktus un uz\u0146\u0113muma inform\u0101ciju. Sazinieties ar mums!\" \/>\n<meta property=\"og:url\" content=\"https:\/\/lottemaa.ee\/lv\/kontakti\/\" \/>\n<meta property=\"og:site_name\" content=\"Lottemaa Teemapark\" \/>\n<meta property=\"article:modified_time\" content=\"2026-01-05T13:58:11+00:00\" \/>\n<meta name=\"twitter:card\" content=\"summary_large_image\" \/>\n<meta name=\"twitter:label1\" content=\"Est. reading time\" \/>\n\t<meta name=\"twitter:data1\" content=\"1 min\u016b\u0161u\" \/>\n<script type=\"application\/ld+json\" class=\"yoast-schema-graph\">{\"@context\":\"https:\/\/schema.org\",\"@graph\":[{\"@type\":\"WebPage\",\"@id\":\"https:\/\/lottemaa.ee\/lv\/kontakti\/\",\"url\":\"https:\/\/lottemaa.ee\/lv\/kontakti\/\",\"name\":\"Kontakti | Lottemaa Teemapark\",\"isPartOf\":{\"@id\":\"https:\/\/lottemaa.ee\/#website\"},\"datePublished\":\"2016-05-10T17:26:00+00:00\",\"dateModified\":\"2026-01-05T13:58:11+00:00\",\"description\":\"Jums ir jaut\u0101jumi vai nepiecie\u0161ama pal\u012bdz\u012bba? \u0160eit j\u016bs atrad\u012bsiet visus m\u016bsu tematisko parku kontaktus un uz\u0146\u0113muma inform\u0101ciju. Sazinieties ar mums!\",\"breadcrumb\":{\"@id\":\"https:\/\/lottemaa.ee\/lv\/kontakti\/#breadcrumb\"},\"inLanguage\":\"lv-LV\",\"potentialAction\":[{\"@type\":\"ReadAction\",\"target\":[\"https:\/\/lottemaa.ee\/lv\/kontakti\/\"]}]},{\"@type\":\"BreadcrumbList\",\"@id\":\"https:\/\/lottemaa.ee\/lv\/kontakti\/#breadcrumb\",\"itemListElement\":[{\"@type\":\"ListItem\",\"position\":1,\"name\":\"Home\",\"item\":\"https:\/\/lottemaa.ee\/lv\/\"},{\"@type\":\"ListItem\",\"position\":2,\"name\":\"Kontakti\"}]},{\"@type\":\"WebSite\",\"@id\":\"https:\/\/lottemaa.ee\/#website\",\"url\":\"https:\/\/lottemaa.ee\/\",\"name\":\"Lottemaa Teemapark\",\"description\":\"Baltimaade suurim ja k\u00f5ige \u00e4gedam kogupere teemapark Eestis P\u00e4rnumaal\",\"publisher\":{\"@id\":\"https:\/\/lottemaa.ee\/#organization\"},\"potentialAction\":[{\"@type\":\"SearchAction\",\"target\":{\"@type\":\"EntryPoint\",\"urlTemplate\":\"https:\/\/lottemaa.ee\/?s={search_term_string}\"},\"query-input\":{\"@type\":\"PropertyValueSpecification\",\"valueRequired\":true,\"valueName\":\"search_term_string\"}}],\"inLanguage\":\"lv-LV\"},{\"@type\":\"Organization\",\"@id\":\"https:\/\/lottemaa.ee\/#organization\",\"name\":\"Lottemaa Teemapark\",\"url\":\"https:\/\/lottemaa.ee\/\",\"logo\":{\"@type\":\"ImageObject\",\"inLanguage\":\"lv-LV\",\"@id\":\"https:\/\/lottemaa.ee\/#\/schema\/logo\/image\/\",\"url\":\"https:\/\/lottemaa.ee\/wp-content\/uploads\/2018\/12\/Lottemaa_LOGO.png\",\"contentUrl\":\"https:\/\/lottemaa.ee\/wp-content\/uploads\/2018\/12\/Lottemaa_LOGO.png\",\"width\":1024,\"height\":518,\"caption\":\"Lottemaa Teemapark\"},\"image\":{\"@id\":\"https:\/\/lottemaa.ee\/#\/schema\/logo\/image\/\"}}]}<\/script>\n<!-- \/ Yoast SEO plugin. -->","yoast_head_json":{"title":"Kontakti | Lottemaa Teemapark","description":"Jums ir jaut\u0101jumi vai nepiecie\u0161ama pal\u012bdz\u012bba? \u0160eit j\u016bs atrad\u012bsiet visus m\u016bsu tematisko parku kontaktus un uz\u0146\u0113muma inform\u0101ciju. Sazinieties ar mums!","robots":{"index":"index","follow":"follow","max-snippet":"max-snippet:-1","max-image-preview":"max-image-preview:large","max-video-preview":"max-video-preview:-1"},"canonical":"https:\/\/lottemaa.ee\/lv\/kontakti\/","og_locale":"lv_LV","og_type":"article","og_title":"Kontakti | Lottemaa Teemapark","og_description":"Jums ir jaut\u0101jumi vai nepiecie\u0161ama pal\u012bdz\u012bba? \u0160eit j\u016bs atrad\u012bsiet visus m\u016bsu tematisko parku kontaktus un uz\u0146\u0113muma inform\u0101ciju. Sazinieties ar mums!","og_url":"https:\/\/lottemaa.ee\/lv\/kontakti\/","og_site_name":"Lottemaa Teemapark","article_modified_time":"2026-01-05T13:58:11+00:00","twitter_card":"summary_large_image","twitter_misc":{"Est. reading time":"1 min\u016b\u0161u"},"schema":{"@context":"https:\/\/schema.org","@graph":[{"@type":"WebPage","@id":"https:\/\/lottemaa.ee\/lv\/kontakti\/","url":"https:\/\/lottemaa.ee\/lv\/kontakti\/","name":"Kontakti | Lottemaa Teemapark","isPartOf":{"@id":"https:\/\/lottemaa.ee\/#website"},"datePublished":"2016-05-10T17:26:00+00:00","dateModified":"2026-01-05T13:58:11+00:00","description":"Jums ir jaut\u0101jumi vai nepiecie\u0161ama pal\u012bdz\u012bba? \u0160eit j\u016bs atrad\u012bsiet visus m\u016bsu tematisko parku kontaktus un uz\u0146\u0113muma inform\u0101ciju. Sazinieties ar mums!","breadcrumb":{"@id":"https:\/\/lottemaa.ee\/lv\/kontakti\/#breadcrumb"},"inLanguage":"lv-LV","potentialAction":[{"@type":"ReadAction","target":["https:\/\/lottemaa.ee\/lv\/kontakti\/"]}]},{"@type":"BreadcrumbList","@id":"https:\/\/lottemaa.ee\/lv\/kontakti\/#breadcrumb","itemListElement":[{"@type":"ListItem","position":1,"name":"Home","item":"https:\/\/lottemaa.ee\/lv\/"},{"@type":"ListItem","position":2,"name":"Kontakti"}]},{"@type":"WebSite","@id":"https:\/\/lottemaa.ee\/#website","url":"https:\/\/lottemaa.ee\/","name":"Lottemaa Teemapark","description":"Baltimaade suurim ja k\u00f5ige \u00e4gedam kogupere teemapark Eestis P\u00e4rnumaal","publisher":{"@id":"https:\/\/lottemaa.ee\/#organization"},"potentialAction":[{"@type":"SearchAction","target":{"@type":"EntryPoint","urlTemplate":"https:\/\/lottemaa.ee\/?s={search_term_string}"},"query-input":{"@type":"PropertyValueSpecification","valueRequired":true,"valueName":"search_term_string"}}],"inLanguage":"lv-LV"},{"@type":"Organization","@id":"https:\/\/lottemaa.ee\/#organization","name":"Lottemaa Teemapark","url":"https:\/\/lottemaa.ee\/","logo":{"@type":"ImageObject","inLanguage":"lv-LV","@id":"https:\/\/lottemaa.ee\/#\/schema\/logo\/image\/","url":"https:\/\/lottemaa.ee\/wp-content\/uploads\/2018\/12\/Lottemaa_LOGO.png","contentUrl":"https:\/\/lottemaa.ee\/wp-content\/uploads\/2018\/12\/Lottemaa_LOGO.png","width":1024,"height":518,"caption":"Lottemaa Teemapark"},"image":{"@id":"https:\/\/lottemaa.ee\/#\/schema\/logo\/image\/"}}]}},"_links":{"self":[{"href":"https:\/\/lottemaa.ee\/lv\/wp-json\/wp\/v2\/pages\/602","targetHints":{"allow":["GET"]}}],"collection":[{"href":"https:\/\/lottemaa.ee\/lv\/wp-json\/wp\/v2\/pages"}],"about":[{"href":"https:\/\/lottemaa.ee\/lv\/wp-json\/wp\/v2\/types\/page"}],"author":[{"embeddable":true,"href":"https:\/\/lottemaa.ee\/lv\/wp-json\/wp\/v2\/users\/1"}],"replies":[{"embeddable":true,"href":"https:\/\/lottemaa.ee\/lv\/wp-json\/wp\/v2\/comments?post=602"}],"version-history":[{"count":5,"href":"https:\/\/lottemaa.ee\/lv\/wp-json\/wp\/v2\/pages\/602\/revisions"}],"predecessor-version":[{"id":32634,"href":"https:\/\/lottemaa.ee\/lv\/wp-json\/wp\/v2\/pages\/602\/revisions\/32634"}],"wp:attachment":[{"href":"https:\/\/lottemaa.ee\/lv\/wp-json\/wp\/v2\/media?parent=602"}],"curies":[{"name":"wp","href":"https:\/\/api.w.org\/{rel}","templated":true}]}}