{"id":5714,"date":"2018-02-23T11:11:04","date_gmt":"2018-02-23T09:11:04","guid":{"rendered":"http:\/\/test.lottemaa.ee\/?page_id=5714"},"modified":"2024-09-25T16:46:04","modified_gmt":"2024-09-25T13:46:04","slug":"musu-stasts","status":"publish","type":"page","link":"https:\/\/lottemaa.ee\/lv\/par-mums\/musu-stasts\/","title":{"rendered":"M\u016aSU ST\u0100STS"},"content":{"rendered":"<p style=\"text-align: left;\">Heiki Ernits ja Janno Peldm\u0101 studij\u0101 \u201eEesti Joonisfilm\u201c bija rad\u012bju\u0161i jau vair\u0101kas anim\u0101cijas filmas, kad vi\u0146iem rad\u0101s doma izveidot filmu par draisko su\u0146u meiteni Loti.<\/p>\n<p style=\"text-align: left;\">2000. gad\u0101 tika pabeigts TV seri\u0101ls \u201eLotes ce\u013cojums uz dienvidiem.\u201c \u00a0Seri\u0101ls guva lielu popularit\u0101ti, un 2006. gad\u0101 tika izveidota pilnmetr\u0101\u017eas anim\u0101cijas filma \u201eLote no Izgudrot\u0101ju ciema.\u201c Tai 2011. gad\u0101 sekoja otr\u0101 pilnmetr\u0101\u017eas anim\u0101cijas filma \u201eLote un M\u0113nessakmens nosl\u0113pums\u201d.<\/p>\n<p style=\"text-align: left;\">Abas filmas bija \u013coti popul\u0101ras, un t\u0101s ieguva daudzas starptautiskas godalgas, k\u0101 ar\u012b filmas tika p\u0101rdotas vair\u0101k nek\u0101 50 valst\u012bs. Te\u0101tris \u201eVanemuine\u201c iestud\u0113ja tr\u012bs m\u016bziklus par Lotes tematiku &#8211; \u201eDetekt\u012bvs Lote\u201c, \u201eKosmonauts Lote\u201c un \u201eLote sap\u0146u valst\u012bb\u0101.\u201c\u00a0Par Loti tika sarakst\u012btas vair\u0101kas gr\u0101matas. Papildus filmu veido\u0161anai arvien vair\u0101k un vair\u0101k Lotes autori s\u0101ka sap\u0146ot par n\u0101kotnes iecer\u0113to pl\u0101nu \u2013 Lotes zemi. K\u0101du dienu liktenis par\u016bp\u0113j\u0101s, lai Lotes autori satiktos ar jauno un ener\u0123isko Reinu Malsubu \u2013 n\u0101kamo Lotes zemes projektu \u012bstenot\u0101ju un vad\u012bt\u0101ju. No \u0161\u012b br\u012b\u017ea s\u0101k\u0101s gar\u0161 un aizraujo\u0161s ce\u013cojums, kas beidz\u0101s ar Lotes zemes izveido\u0161anu Tahkurannas pludmal\u0113.<\/p>\n<p style=\"text-align: left;\">Autoru redz\u0113jum\u0101 Izgudrot\u0101ju ciems ir jauka piej\u016bras kopiena ar aizraujo\u0161\u0101m kr\u0101sain\u0101m m\u0101j\u0101m, kur dz\u012bvo izgudrot\u0101ji ar siltu sirdi un jokainu uzved\u012bbu: za\u0137i, su\u0146i, ka\u0137i, susliki un daudzi citi.<\/p>\n<p style=\"text-align: left;\">St\u0101sta galvenie varo\u0146i ir Lote un vi\u0146as lab\u0101kie draugi Bruno un Alberts. Lotei ir m\u012blo\u0161i vec\u0101ki, k\u0101 ar\u012b \u013coti daudz interesantu draugu un aizraujo\u0161u kaimi\u0146u.<\/p>\n<p style=\"text-align: left;\">Lotes zeme apmekl\u0113t\u0101jiem ir atv\u0113rta gan vasar\u0101, gan ar\u012b ziem\u0101 uz Ziemassv\u0113tku svin\u012bbu laiku. \u0160\u012b ir jautra vieta gan maziem, gan lieliem. Pie mums satiksiet Izgudrot\u0101ju ciema iedz\u012bvot\u0101jus, kas rota\u013c\u0101jas, meistaro, sporto un sarun\u0101jas ar m\u016bs apciemoju\u0161ajiem b\u0113rniem un vi\u0146u vec\u0101kiem. Lotes zem\u0113 pied\u0101v\u0101jam ar\u012b lieliskas te\u0101tra izr\u0101des. Dienas laik\u0101 uz te\u0101tra laukuma tiek izsp\u0113l\u0113tas apm\u0113ram 5 liel\u0101kas un maz\u0101kas te\u0101tra izr\u0101des. T\u0101 k\u0101 Izgudrot\u0101ju ciem\u0101 katram iedz\u012bvot\u0101jam ir savs pasaules uzskats, temperaments un loma, tad m\u016bsu person\u0101\u017ei ar acu, mutes un humora pal\u012bdz\u012bbu m\u0101ca b\u0113rniem saprast sare\u017e\u0123\u012btas lietas.<\/p>\n<p style=\"text-align: left;\">Lai ar\u012b k\u0101 b\u016btu ar tiem ieradumiem, rakstura \u012bpa\u0161\u012bb\u0101m un humora izj\u016btu, bet skaidrs pasaul\u0113 ir viens, ka <strong>\u201eLABEST\u012aBA PADARA DZ\u012aVI INTERESANT\u0100KU\u201c<\/strong>, un par to Izgudrot\u0101ju ciem\u0101 ir p\u0101rliecin\u0101ts ikviens!<\/p>\n","protected":false},"excerpt":{"rendered":"<p>Heiki Ernits ja Janno Peldm\u0101 studij\u0101 \u201eEesti Joonisfilm\u201c bija rad\u012bju\u0161i jau vair\u0101kas anim\u0101cijas filmas, kad vi\u0146iem rad\u0101s doma izveidot filmu par draisko su\u0146u meiteni Loti. 2000. gad\u0101 tika pabeigts TV seri\u0101ls \u201eLotes ce\u013cojums uz dienvidiem.\u201c \u00a0Seri\u0101ls guva lielu popularit\u0101ti, un 2006. gad\u0101 tika izveidota pilnmetr\u0101\u017eas anim\u0101cijas filma \u201eLote no Izgudrot\u0101ju ciema.\u201c Tai 2011. gad\u0101 sekoja &hellip; <a href=\"https:\/\/lottemaa.ee\/lv\/par-mums\/musu-stasts\/\">Continued<\/a><\/p>\n","protected":false},"author":7,"featured_media":5689,"parent":593,"menu_order":161,"comment_status":"closed","ping_status":"closed","template":"","meta":{"_acf_changed":false,"om_disable_all_campaigns":false,"_uf_show_specific_survey":0,"_uf_disable_surveys":false,"footnotes":""},"class_list":["post-5714","page","type-page","status-publish","has-post-thumbnail","hentry"],"acf":[],"yoast_head":"<!-- This site is optimized with the Yoast SEO plugin v25.5 - https:\/\/yoast.com\/wordpress\/plugins\/seo\/ -->\n<title>M\u016aSU ST\u0100STS | Lottemaa Teemapark<\/title>\n<meta name=\"description\" content=\"Ja esat P\u0113rnav\u0101 ar b\u0113rniem, dodieties uz Lottemaa. Lottemaa ir atv\u0113rta apmekl\u0113t\u0101jiem ne tikai vasar\u0101, bet ar\u012b ziem\u0101 - Ziemassv\u0113tku laik\u0101.\" \/>\n<meta name=\"robots\" content=\"index, follow, max-snippet:-1, max-image-preview:large, max-video-preview:-1\" \/>\n<link rel=\"canonical\" href=\"https:\/\/lottemaa.ee\/lv\/par-mums\/musu-stasts\/\" \/>\n<meta property=\"og:locale\" content=\"lv_LV\" \/>\n<meta property=\"og:type\" content=\"article\" \/>\n<meta property=\"og:title\" content=\"M\u016aSU ST\u0100STS | Lottemaa Teemapark\" \/>\n<meta property=\"og:description\" content=\"Ja esat P\u0113rnav\u0101 ar b\u0113rniem, dodieties uz Lottemaa. Lottemaa ir atv\u0113rta apmekl\u0113t\u0101jiem ne tikai vasar\u0101, bet ar\u012b ziem\u0101 - Ziemassv\u0113tku laik\u0101.\" \/>\n<meta property=\"og:url\" content=\"https:\/\/lottemaa.ee\/lv\/par-mums\/musu-stasts\/\" \/>\n<meta property=\"og:site_name\" content=\"Lottemaa Teemapark\" \/>\n<meta property=\"article:modified_time\" content=\"2024-09-25T13:46:04+00:00\" \/>\n<meta property=\"og:image\" content=\"https:\/\/lottemaa.ee\/wp-content\/uploads\/2018\/02\/koduka-pilt.jpg\" \/>\n\t<meta property=\"og:image:width\" content=\"296\" \/>\n\t<meta property=\"og:image:height\" content=\"285\" \/>\n\t<meta property=\"og:image:type\" content=\"image\/jpeg\" \/>\n<meta name=\"twitter:card\" content=\"summary_large_image\" \/>\n<meta name=\"twitter:label1\" content=\"Est. reading time\" \/>\n\t<meta name=\"twitter:data1\" content=\"3 min\u016btes\" \/>\n<script type=\"application\/ld+json\" class=\"yoast-schema-graph\">{\"@context\":\"https:\/\/schema.org\",\"@graph\":[{\"@type\":\"WebPage\",\"@id\":\"https:\/\/lottemaa.ee\/lv\/par-mums\/musu-stasts\/\",\"url\":\"https:\/\/lottemaa.ee\/lv\/par-mums\/musu-stasts\/\",\"name\":\"M\u016aSU ST\u0100STS | Lottemaa Teemapark\",\"isPartOf\":{\"@id\":\"https:\/\/lottemaa.ee\/#website\"},\"primaryImageOfPage\":{\"@id\":\"https:\/\/lottemaa.ee\/lv\/par-mums\/musu-stasts\/#primaryimage\"},\"image\":{\"@id\":\"https:\/\/lottemaa.ee\/lv\/par-mums\/musu-stasts\/#primaryimage\"},\"thumbnailUrl\":\"https:\/\/lottemaa.ee\/wp-content\/uploads\/2018\/02\/koduka-pilt.jpg\",\"datePublished\":\"2018-02-23T09:11:04+00:00\",\"dateModified\":\"2024-09-25T13:46:04+00:00\",\"description\":\"Ja esat P\u0113rnav\u0101 ar b\u0113rniem, dodieties uz Lottemaa. Lottemaa ir atv\u0113rta apmekl\u0113t\u0101jiem ne tikai vasar\u0101, bet ar\u012b ziem\u0101 - Ziemassv\u0113tku laik\u0101.\",\"breadcrumb\":{\"@id\":\"https:\/\/lottemaa.ee\/lv\/par-mums\/musu-stasts\/#breadcrumb\"},\"inLanguage\":\"lv-LV\",\"potentialAction\":[{\"@type\":\"ReadAction\",\"target\":[\"https:\/\/lottemaa.ee\/lv\/par-mums\/musu-stasts\/\"]}]},{\"@type\":\"ImageObject\",\"inLanguage\":\"lv-LV\",\"@id\":\"https:\/\/lottemaa.ee\/lv\/par-mums\/musu-stasts\/#primaryimage\",\"url\":\"https:\/\/lottemaa.ee\/wp-content\/uploads\/2018\/02\/koduka-pilt.jpg\",\"contentUrl\":\"https:\/\/lottemaa.ee\/wp-content\/uploads\/2018\/02\/koduka-pilt.jpg\",\"width\":296,\"height\":285},{\"@type\":\"BreadcrumbList\",\"@id\":\"https:\/\/lottemaa.ee\/lv\/par-mums\/musu-stasts\/#breadcrumb\",\"itemListElement\":[{\"@type\":\"ListItem\",\"position\":1,\"name\":\"Home\",\"item\":\"https:\/\/lottemaa.ee\/lv\/\"},{\"@type\":\"ListItem\",\"position\":2,\"name\":\"Par mums\",\"item\":\"https:\/\/lottemaa.ee\/lv\/par-mums\/\"},{\"@type\":\"ListItem\",\"position\":3,\"name\":\"M\u016aSU ST\u0100STS\"}]},{\"@type\":\"WebSite\",\"@id\":\"https:\/\/lottemaa.ee\/#website\",\"url\":\"https:\/\/lottemaa.ee\/\",\"name\":\"Lottemaa Teemapark\",\"description\":\"Baltimaade suurim ja k\u00f5ige \u00e4gedam kogupere teemapark Eestis P\u00e4rnumaal\",\"publisher\":{\"@id\":\"https:\/\/lottemaa.ee\/#organization\"},\"potentialAction\":[{\"@type\":\"SearchAction\",\"target\":{\"@type\":\"EntryPoint\",\"urlTemplate\":\"https:\/\/lottemaa.ee\/?s={search_term_string}\"},\"query-input\":{\"@type\":\"PropertyValueSpecification\",\"valueRequired\":true,\"valueName\":\"search_term_string\"}}],\"inLanguage\":\"lv-LV\"},{\"@type\":\"Organization\",\"@id\":\"https:\/\/lottemaa.ee\/#organization\",\"name\":\"Lottemaa Teemapark\",\"url\":\"https:\/\/lottemaa.ee\/\",\"logo\":{\"@type\":\"ImageObject\",\"inLanguage\":\"lv-LV\",\"@id\":\"https:\/\/lottemaa.ee\/#\/schema\/logo\/image\/\",\"url\":\"https:\/\/lottemaa.ee\/wp-content\/uploads\/2018\/12\/Lottemaa_LOGO.png\",\"contentUrl\":\"https:\/\/lottemaa.ee\/wp-content\/uploads\/2018\/12\/Lottemaa_LOGO.png\",\"width\":1024,\"height\":518,\"caption\":\"Lottemaa Teemapark\"},\"image\":{\"@id\":\"https:\/\/lottemaa.ee\/#\/schema\/logo\/image\/\"}}]}<\/script>\n<!-- \/ Yoast SEO plugin. -->","yoast_head_json":{"title":"M\u016aSU ST\u0100STS | Lottemaa Teemapark","description":"Ja esat P\u0113rnav\u0101 ar b\u0113rniem, dodieties uz Lottemaa. Lottemaa ir atv\u0113rta apmekl\u0113t\u0101jiem ne tikai vasar\u0101, bet ar\u012b ziem\u0101 - Ziemassv\u0113tku laik\u0101.","robots":{"index":"index","follow":"follow","max-snippet":"max-snippet:-1","max-image-preview":"max-image-preview:large","max-video-preview":"max-video-preview:-1"},"canonical":"https:\/\/lottemaa.ee\/lv\/par-mums\/musu-stasts\/","og_locale":"lv_LV","og_type":"article","og_title":"M\u016aSU ST\u0100STS | Lottemaa Teemapark","og_description":"Ja esat P\u0113rnav\u0101 ar b\u0113rniem, dodieties uz Lottemaa. Lottemaa ir atv\u0113rta apmekl\u0113t\u0101jiem ne tikai vasar\u0101, bet ar\u012b ziem\u0101 - Ziemassv\u0113tku laik\u0101.","og_url":"https:\/\/lottemaa.ee\/lv\/par-mums\/musu-stasts\/","og_site_name":"Lottemaa Teemapark","article_modified_time":"2024-09-25T13:46:04+00:00","og_image":[{"width":296,"height":285,"url":"https:\/\/lottemaa.ee\/wp-content\/uploads\/2018\/02\/koduka-pilt.jpg","type":"image\/jpeg"}],"twitter_card":"summary_large_image","twitter_misc":{"Est. reading time":"3 min\u016btes"},"schema":{"@context":"https:\/\/schema.org","@graph":[{"@type":"WebPage","@id":"https:\/\/lottemaa.ee\/lv\/par-mums\/musu-stasts\/","url":"https:\/\/lottemaa.ee\/lv\/par-mums\/musu-stasts\/","name":"M\u016aSU ST\u0100STS | Lottemaa Teemapark","isPartOf":{"@id":"https:\/\/lottemaa.ee\/#website"},"primaryImageOfPage":{"@id":"https:\/\/lottemaa.ee\/lv\/par-mums\/musu-stasts\/#primaryimage"},"image":{"@id":"https:\/\/lottemaa.ee\/lv\/par-mums\/musu-stasts\/#primaryimage"},"thumbnailUrl":"https:\/\/lottemaa.ee\/wp-content\/uploads\/2018\/02\/koduka-pilt.jpg","datePublished":"2018-02-23T09:11:04+00:00","dateModified":"2024-09-25T13:46:04+00:00","description":"Ja esat P\u0113rnav\u0101 ar b\u0113rniem, dodieties uz Lottemaa. Lottemaa ir atv\u0113rta apmekl\u0113t\u0101jiem ne tikai vasar\u0101, bet ar\u012b ziem\u0101 - Ziemassv\u0113tku laik\u0101.","breadcrumb":{"@id":"https:\/\/lottemaa.ee\/lv\/par-mums\/musu-stasts\/#breadcrumb"},"inLanguage":"lv-LV","potentialAction":[{"@type":"ReadAction","target":["https:\/\/lottemaa.ee\/lv\/par-mums\/musu-stasts\/"]}]},{"@type":"ImageObject","inLanguage":"lv-LV","@id":"https:\/\/lottemaa.ee\/lv\/par-mums\/musu-stasts\/#primaryimage","url":"https:\/\/lottemaa.ee\/wp-content\/uploads\/2018\/02\/koduka-pilt.jpg","contentUrl":"https:\/\/lottemaa.ee\/wp-content\/uploads\/2018\/02\/koduka-pilt.jpg","width":296,"height":285},{"@type":"BreadcrumbList","@id":"https:\/\/lottemaa.ee\/lv\/par-mums\/musu-stasts\/#breadcrumb","itemListElement":[{"@type":"ListItem","position":1,"name":"Home","item":"https:\/\/lottemaa.ee\/lv\/"},{"@type":"ListItem","position":2,"name":"Par mums","item":"https:\/\/lottemaa.ee\/lv\/par-mums\/"},{"@type":"ListItem","position":3,"name":"M\u016aSU ST\u0100STS"}]},{"@type":"WebSite","@id":"https:\/\/lottemaa.ee\/#website","url":"https:\/\/lottemaa.ee\/","name":"Lottemaa Teemapark","description":"Baltimaade suurim ja k\u00f5ige \u00e4gedam kogupere teemapark Eestis P\u00e4rnumaal","publisher":{"@id":"https:\/\/lottemaa.ee\/#organization"},"potentialAction":[{"@type":"SearchAction","target":{"@type":"EntryPoint","urlTemplate":"https:\/\/lottemaa.ee\/?s={search_term_string}"},"query-input":{"@type":"PropertyValueSpecification","valueRequired":true,"valueName":"search_term_string"}}],"inLanguage":"lv-LV"},{"@type":"Organization","@id":"https:\/\/lottemaa.ee\/#organization","name":"Lottemaa Teemapark","url":"https:\/\/lottemaa.ee\/","logo":{"@type":"ImageObject","inLanguage":"lv-LV","@id":"https:\/\/lottemaa.ee\/#\/schema\/logo\/image\/","url":"https:\/\/lottemaa.ee\/wp-content\/uploads\/2018\/12\/Lottemaa_LOGO.png","contentUrl":"https:\/\/lottemaa.ee\/wp-content\/uploads\/2018\/12\/Lottemaa_LOGO.png","width":1024,"height":518,"caption":"Lottemaa Teemapark"},"image":{"@id":"https:\/\/lottemaa.ee\/#\/schema\/logo\/image\/"}}]}},"_links":{"self":[{"href":"https:\/\/lottemaa.ee\/lv\/wp-json\/wp\/v2\/pages\/5714","targetHints":{"allow":["GET"]}}],"collection":[{"href":"https:\/\/lottemaa.ee\/lv\/wp-json\/wp\/v2\/pages"}],"about":[{"href":"https:\/\/lottemaa.ee\/lv\/wp-json\/wp\/v2\/types\/page"}],"author":[{"embeddable":true,"href":"https:\/\/lottemaa.ee\/lv\/wp-json\/wp\/v2\/users\/7"}],"replies":[{"embeddable":true,"href":"https:\/\/lottemaa.ee\/lv\/wp-json\/wp\/v2\/comments?post=5714"}],"version-history":[{"count":2,"href":"https:\/\/lottemaa.ee\/lv\/wp-json\/wp\/v2\/pages\/5714\/revisions"}],"predecessor-version":[{"id":22712,"href":"https:\/\/lottemaa.ee\/lv\/wp-json\/wp\/v2\/pages\/5714\/revisions\/22712"}],"up":[{"embeddable":true,"href":"https:\/\/lottemaa.ee\/lv\/wp-json\/wp\/v2\/pages\/593"}],"wp:featuredmedia":[{"embeddable":true,"href":"https:\/\/lottemaa.ee\/lv\/wp-json\/wp\/v2\/media\/5689"}],"wp:attachment":[{"href":"https:\/\/lottemaa.ee\/lv\/wp-json\/wp\/v2\/media?parent=5714"}],"curies":[{"name":"wp","href":"https:\/\/api.w.org\/{rel}","templated":true}]}}