{"id":559,"date":"2018-01-15T08:50:03","date_gmt":"2018-01-15T06:50:03","guid":{"rendered":"http:\/\/sharks.ee\/lottemaa\/lv\/?page_id=559"},"modified":"2026-04-01T12:07:48","modified_gmt":"2026-04-01T09:07:48","slug":"lotes-zemes-biletes","status":"publish","type":"page","link":"https:\/\/lottemaa.ee\/lv\/lotes-zemes-biletes\/","title":{"rendered":"Lotes zemes BILETES"},"content":{"rendered":"<h3><a href=\"https:\/\/fienta.com\/lv\/lottemaa-suvi-2026\" target=\"_blank\" rel=\"noopener\"><img loading=\"lazy\" decoding=\"async\" class=\"alignnone wp-image-19201\" src=\"https:\/\/lottemaa.ee\/wp-content\/uploads\/2023\/01\/osta_pilet_siit_lv.png\" alt=\"\" width=\"400\" height=\"112\" srcset=\"https:\/\/lottemaa.ee\/wp-content\/uploads\/2023\/01\/osta_pilet_siit_lv.png 376w, https:\/\/lottemaa.ee\/wp-content\/uploads\/2023\/01\/osta_pilet_siit_lv-300x84.png 300w, https:\/\/lottemaa.ee\/wp-content\/uploads\/2023\/01\/osta_pilet_siit_lv-114x32.png 114w\" sizes=\"auto, (max-width: 400px) 100vw, 400px\" \/><\/a><\/h3>\n<div class=\"xdj266r x11i5rnm xat24cr x1mh8g0r x1vvkbs x126k92a\">\n<div dir=\"auto\" style=\"text-align: left;\">\n<table style=\"width: 100%; height: 231px;\" width=\"0\">\n<tbody>\n<tr style=\"height: 20px;\">\n<td style=\"text-align: left; height: 53px; width: 93.3382%;\"><strong>PARAST\u0100 BI\u013bETE<\/strong><br \/>\nBi\u013cete apmekl\u0113t\u0101jam vecum\u0101 no 2 gadiem<\/td>\n<td style=\"height: 53px; width: 6.08255%;\"><strong>28 \u20ac<\/strong><\/td>\n<\/tr>\n<tr>\n<td style=\"text-align: left; width: 93.3382%;\"><strong>Divu dienu bi\u013cete<\/strong><br \/>\nDer\u012bga divas dienas p\u0113c k\u0101rtas<strong><br \/>\n<\/strong><\/td>\n<td style=\"width: 6.08255%;\"><strong>41 \u20ac<\/strong><\/td>\n<\/tr>\n<tr style=\"height: 48px;\">\n<td style=\"text-align: left; height: 10px; width: 93.3382%;\"><strong>BEZMAKSAS BI\u013bETE<\/strong><br \/>\nB\u0113rnam vecum\u0101 no 0 l\u012bdz 1 gadam (1 gads iek\u013cauts)<\/td>\n<td style=\"height: 10px; width: 6.08255%;\"><strong>bez maksas<\/strong><\/td>\n<\/tr>\n<tr style=\"height: 48px;\">\n<td style=\"text-align: left; height: 18px; width: 93.3382%;\"><strong>BI\u013bETE AR ATLAIDI PENSION\u0100RAM<\/strong><br \/>\nBi\u013cete ar atlaidi ir sp\u0113k\u0101, uzr\u0101dot pensijas apliec\u012bbu<\/td>\n<td style=\"height: 48px; width: 6.08255%;\"><strong>21 \u20ac<\/strong><\/td>\n<\/tr>\n<tr style=\"height: 36px;\">\n<td style=\"text-align: left; height: 10px; width: 93.3382%;\"><strong>BI\u013bETE PIEAUGU\u0160AJAM AR \u012aPA\u0160\u0100M VAJADZ\u012aB\u0100M<\/strong><br \/>\nBi\u013cete ar atlaidi ir sp\u0113k\u0101, uzr\u0101dot invalidit\u0101tes apliec\u012bbu<\/td>\n<td style=\"height: 48px; width: 6.08255%;\"><strong>21 \u20ac<\/strong><\/td>\n<\/tr>\n<tr style=\"height: 48px;\">\n<td style=\"text-align: left; height: 22px; width: 93.3382%;\"><strong>BI\u013bETE B\u0112RNAM AR \u012aPA\u0160\u0100M VAJADZ\u012aB\u0100M<\/strong><br \/>\nBi\u013cete apmekl\u0113t\u0101jam vecum\u0101 no 2 gadiem<br \/>\nBi\u013cete ar atlaidi ir sp\u0113k\u0101, uzr\u0101dot invalidit\u0101tes apliec\u012bbu<\/td>\n<td style=\"height: 72px; width: 6.08255%;\"><strong>16 \u20ac<\/strong><\/td>\n<\/tr>\n<tr style=\"height: 72px;\">\n<td style=\"text-align: left; height: 22px; width: 93.3382%;\"><strong>BEZMAKSAS BI\u013bETE PERSONAS AR \u012aPA\u0160\u0100M VAJADZ\u012aB\u0100M PAVADONIM<\/strong><br \/>\nPersonas ar \u012bpa\u0161\u0101m vajadz\u012bb\u0101m pavadonim ieeja Lotes zem\u0113 ir bez maksas, ja tas ir par pavadoni personai ar smagas vai \u013coti smagas pak\u0101pes invalidit\u0101ti, kurai tematisk\u0101 parka apmekl\u0113juma laik\u0101 ir nepiecie\u0161ama pavado\u0146a pal\u012bdz\u012bba. Bi\u013cete ar atlaidi ir sp\u0113k\u0101, uzr\u0101dot invalidit\u0101tes apliec\u012bbu<\/td>\n<td style=\"height: 22px; width: 6.08255%;\"><strong>bez maksas<\/strong><\/td>\n<\/tr>\n<tr style=\"height: 24px;\">\n<td style=\"text-align: left; height: 24px; width: 93.3382%;\"><strong>ST\u0100VVIETAS BI\u013bETE<\/strong><br \/>\nMaks\u0101jot ar lietotnes \u201cSnabb\u201d starpniec\u012bbu 3 \u20ac<\/td>\n<td style=\"height: 24px; width: 6.08255%;\"><strong>4 \u20ac<\/strong><\/td>\n<\/tr>\n<tr style=\"height: 24px;\">\n<td style=\"text-align: left; height: 24px; width: 93.3382%;\"><strong>VILCIENA BI\u013bETE<\/strong><br \/>\nVirzien\u0101 no st\u0101vvietas uz ieeju vai no ieejas uz st\u0101vvietu. Bi\u013cete apmekl\u0113t\u0101jam vecum\u0101 no 2 gadiem<\/td>\n<td style=\"height: 24px; width: 6.08255%;\"><strong>2 \u20ac<\/strong><\/td>\n<\/tr>\n<tr>\n<td style=\"text-align: left; width: 93.3382%;\"><strong>BI\u013bETE AR ATLAIDI, IZMANTOJOT \u0122IMENES KARTI <a href=\"https:\/\/godagimene.lv\/\"><img loading=\"lazy\" decoding=\"async\" class=\"wp-image-21721 alignnone\" src=\"https:\/\/lottemaa.ee\/wp-content\/uploads\/2023\/05\/lati-perekaart.png\" alt=\"\" width=\"35\" height=\"24\" srcset=\"https:\/\/lottemaa.ee\/wp-content\/uploads\/2023\/05\/lati-perekaart.png 260w, https:\/\/lottemaa.ee\/wp-content\/uploads\/2023\/05\/lati-perekaart-114x78.png 114w\" sizes=\"auto, (max-width: 35px) 100vw, 35px\" \/><\/a><\/strong><br \/>\nBi\u013cete apmekl\u0113t\u0101jam vecum\u0101 no<strong> 2<\/strong> gadiem<strong><br \/>\n<\/strong><\/td>\n<td style=\"width: 6.08255%;\"><strong>24 \u20ac<\/strong><\/td>\n<\/tr>\n<\/tbody>\n<\/table>\n<\/div>\n<\/div>\n<p><a href=\"https:\/\/fienta.com\/lv\/lottemaa-suvi-2026\"><img loading=\"lazy\" decoding=\"async\" class=\"alignnone\" src=\"https:\/\/lottemaa.ee\/wp-content\/uploads\/2023\/01\/osta_pilet_siit_lv.png\" alt=\"\" width=\"376\" height=\"105\" \/><\/a><\/p>\n<h3 style=\"text-align: left;\"><span style=\"font-family: Troika;\">Uzman\u012bbu!<\/span><\/h3>\n<ul>\n<li style=\"text-align: left;\">Bi\u013cetes netiek atpirktas<\/li>\n<li style=\"text-align: left;\">Boj\u0101ta bi\u013cete zaud\u0113 der\u012bgumu<\/li>\n<\/ul>\n<hr \/>\n<p style=\"text-align: left;\"><strong>E-BI\u013bETI NAV NEPIECIE\u0160AMS IZDRUK\u0100T \u2013 TO VAR UZR\u0100D\u012aT SAV\u0100 VIEDT\u0100LRUN\u012a.<\/strong><br \/>\n<strong>Ar iepriek\u0161p\u0101rdo\u0161an\u0101 ieg\u0101d\u0101tu vilciena bi\u013ceti<\/strong> uzreiz var k\u0101pt vilcien\u0101 un gaid\u012bt t\u0101 atie\u0161anu, bi\u013cetes p\u0101rbauda vilciena pavadonis \u012bsi pirms vilciena atie\u0161anas.<br \/>\nTematisk\u0101 parka bi\u013ce\u0161u kontrole notiek pie ieejas Lotes zem\u0113.<\/p>\n<p style=\"text-align: left;\">Ja jums nepiecie\u0161ama v\u0113l k\u0101da bi\u013cete, tad varat to ieg\u0101d\u0101t autost\u0101vviet\u0101, pie ieejas Lotes zem\u0113 vai pludmal\u0113 eso\u0161aj\u0101 kas\u0113.<\/p>\n<p style=\"text-align: left;\"><strong>Maks\u0101jumi<\/strong> &#8211; Lotes zem\u0113 par bi\u013cet\u0113m, \u0113dienu un pakalpojumiem var maks\u0101t skaidr\u0101 naud\u0101 (eiro) vai ar bankas karti.<\/p>\n<hr \/>\n<h3 style=\"text-align: left;\"><span style=\"font-family: Troika;\">Uzman\u012bbu!<\/span><\/h3>\n<ul style=\"text-align: left;\">\n<li>Par park\u0101 eso\u0161iem b\u0113rniem ir atbild\u012bgi vec\u0101ki vai pieaugu\u0161ie pavado\u0146i!<\/li>\n<li>Park\u0101 ir aizliegts ievest m\u012b\u013cdz\u012bvniekus, ar\u012b mazus un paklaus\u012bgus!<\/li>\n<\/ul>\n<p style=\"text-align: left;\"><strong><a href=\"https:\/\/lottemaa.ee\/lv\/par-lotes-zemi\/tematiska-parka-iekseja-kartiba\/\">Tematisk\u0101 parka iek\u0161\u0113j\u0101 k\u0101rt\u012bba \u00bb<\/a><\/strong><\/p>\n","protected":false},"excerpt":{"rendered":"<p>PARAST\u0100 BI\u013bETE Bi\u013cete apmekl\u0113t\u0101jam vecum\u0101 no 2 gadiem 28 \u20ac Divu dienu bi\u013cete Der\u012bga divas dienas p\u0113c k\u0101rtas 41 \u20ac BEZMAKSAS BI\u013bETE B\u0113rnam vecum\u0101 no 0 l\u012bdz 1 gadam (1 gads iek\u013cauts) bez maksas BI\u013bETE AR ATLAIDI PENSION\u0100RAM Bi\u013cete ar atlaidi ir sp\u0113k\u0101, uzr\u0101dot pensijas apliec\u012bbu 21 \u20ac BI\u013bETE PIEAUGU\u0160AJAM AR \u012aPA\u0160\u0100M VAJADZ\u012aB\u0100M Bi\u013cete ar &hellip; <a href=\"https:\/\/lottemaa.ee\/lv\/lotes-zemes-biletes\/\">Continued<\/a><\/p>\n","protected":false},"author":1,"featured_media":32226,"parent":0,"menu_order":337,"comment_status":"closed","ping_status":"closed","template":"","meta":{"_acf_changed":false,"om_disable_all_campaigns":false,"_uf_show_specific_survey":0,"_uf_disable_surveys":false,"footnotes":""},"class_list":["post-559","page","type-page","status-publish","has-post-thumbnail","hentry"],"acf":[],"yoast_head":"<!-- This site is optimized with the Yoast SEO plugin v25.5 - https:\/\/yoast.com\/wordpress\/plugins\/seo\/ -->\n<title>Lotes zemes bi\u013cetes un atlaides | Vasara<\/title>\n<meta name=\"description\" content=\"Ieg\u0101d\u0101jies Lotes zemes bi\u013cetes jau iepriek\u0161 t\u0101, lai tev nevajadz\u0113tu t\u0113r\u0113t laiku, st\u0101vot rind\u0101 uz kasi. Tevi gaida jautri priek\u0161nesumi un jautras aktivit\u0101tes.\" \/>\n<meta name=\"robots\" content=\"index, follow, max-snippet:-1, max-image-preview:large, max-video-preview:-1\" \/>\n<link rel=\"canonical\" href=\"https:\/\/lottemaa.ee\/lv\/lotes-zemes-biletes\/\" \/>\n<meta property=\"og:locale\" content=\"lv_LV\" \/>\n<meta property=\"og:type\" content=\"article\" \/>\n<meta property=\"og:title\" content=\"Lotes zemes bi\u013cetes un atlaides | Vasara\" \/>\n<meta property=\"og:description\" content=\"Ieg\u0101d\u0101jies Lotes zemes bi\u013cetes jau iepriek\u0161 t\u0101, lai tev nevajadz\u0113tu t\u0113r\u0113t laiku, st\u0101vot rind\u0101 uz kasi. Tevi gaida jautri priek\u0161nesumi un jautras aktivit\u0101tes.\" \/>\n<meta property=\"og:url\" content=\"https:\/\/lottemaa.ee\/lv\/lotes-zemes-biletes\/\" \/>\n<meta property=\"og:site_name\" content=\"Lottemaa Teemapark\" \/>\n<meta property=\"article:modified_time\" content=\"2026-04-01T09:07:48+00:00\" \/>\n<meta property=\"og:image\" content=\"https:\/\/lottemaa.ee\/wp-content\/uploads\/2025\/11\/lottemaa-programm.jpg\" \/>\n\t<meta property=\"og:image:width\" content=\"285\" \/>\n\t<meta property=\"og:image:height\" content=\"297\" \/>\n\t<meta property=\"og:image:type\" content=\"image\/jpeg\" \/>\n<meta name=\"twitter:card\" content=\"summary_large_image\" \/>\n<meta name=\"twitter:label1\" content=\"Est. reading time\" \/>\n\t<meta name=\"twitter:data1\" content=\"3 min\u016btes\" \/>\n<script type=\"application\/ld+json\" class=\"yoast-schema-graph\">{\"@context\":\"https:\/\/schema.org\",\"@graph\":[{\"@type\":\"WebPage\",\"@id\":\"https:\/\/lottemaa.ee\/lv\/lotes-zemes-biletes\/\",\"url\":\"https:\/\/lottemaa.ee\/lv\/lotes-zemes-biletes\/\",\"name\":\"Lotes zemes bi\u013cetes un atlaides | Vasara\",\"isPartOf\":{\"@id\":\"https:\/\/lottemaa.ee\/#website\"},\"primaryImageOfPage\":{\"@id\":\"https:\/\/lottemaa.ee\/lv\/lotes-zemes-biletes\/#primaryimage\"},\"image\":{\"@id\":\"https:\/\/lottemaa.ee\/lv\/lotes-zemes-biletes\/#primaryimage\"},\"thumbnailUrl\":\"https:\/\/lottemaa.ee\/wp-content\/uploads\/2025\/11\/lottemaa-programm.jpg\",\"datePublished\":\"2018-01-15T06:50:03+00:00\",\"dateModified\":\"2026-04-01T09:07:48+00:00\",\"description\":\"Ieg\u0101d\u0101jies Lotes zemes bi\u013cetes jau iepriek\u0161 t\u0101, lai tev nevajadz\u0113tu t\u0113r\u0113t laiku, st\u0101vot rind\u0101 uz kasi. Tevi gaida jautri priek\u0161nesumi un jautras aktivit\u0101tes.\",\"breadcrumb\":{\"@id\":\"https:\/\/lottemaa.ee\/lv\/lotes-zemes-biletes\/#breadcrumb\"},\"inLanguage\":\"lv-LV\",\"potentialAction\":[{\"@type\":\"ReadAction\",\"target\":[\"https:\/\/lottemaa.ee\/lv\/lotes-zemes-biletes\/\"]}]},{\"@type\":\"ImageObject\",\"inLanguage\":\"lv-LV\",\"@id\":\"https:\/\/lottemaa.ee\/lv\/lotes-zemes-biletes\/#primaryimage\",\"url\":\"https:\/\/lottemaa.ee\/wp-content\/uploads\/2025\/11\/lottemaa-programm.jpg\",\"contentUrl\":\"https:\/\/lottemaa.ee\/wp-content\/uploads\/2025\/11\/lottemaa-programm.jpg\",\"width\":285,\"height\":297},{\"@type\":\"BreadcrumbList\",\"@id\":\"https:\/\/lottemaa.ee\/lv\/lotes-zemes-biletes\/#breadcrumb\",\"itemListElement\":[{\"@type\":\"ListItem\",\"position\":1,\"name\":\"Home\",\"item\":\"https:\/\/lottemaa.ee\/lv\/\"},{\"@type\":\"ListItem\",\"position\":2,\"name\":\"Lotes zemes BILETES\"}]},{\"@type\":\"WebSite\",\"@id\":\"https:\/\/lottemaa.ee\/#website\",\"url\":\"https:\/\/lottemaa.ee\/\",\"name\":\"Lottemaa Teemapark\",\"description\":\"Baltimaade suurim ja k\u00f5ige \u00e4gedam kogupere teemapark Eestis P\u00e4rnumaal\",\"publisher\":{\"@id\":\"https:\/\/lottemaa.ee\/#organization\"},\"potentialAction\":[{\"@type\":\"SearchAction\",\"target\":{\"@type\":\"EntryPoint\",\"urlTemplate\":\"https:\/\/lottemaa.ee\/?s={search_term_string}\"},\"query-input\":{\"@type\":\"PropertyValueSpecification\",\"valueRequired\":true,\"valueName\":\"search_term_string\"}}],\"inLanguage\":\"lv-LV\"},{\"@type\":\"Organization\",\"@id\":\"https:\/\/lottemaa.ee\/#organization\",\"name\":\"Lottemaa Teemapark\",\"url\":\"https:\/\/lottemaa.ee\/\",\"logo\":{\"@type\":\"ImageObject\",\"inLanguage\":\"lv-LV\",\"@id\":\"https:\/\/lottemaa.ee\/#\/schema\/logo\/image\/\",\"url\":\"https:\/\/lottemaa.ee\/wp-content\/uploads\/2018\/12\/Lottemaa_LOGO.png\",\"contentUrl\":\"https:\/\/lottemaa.ee\/wp-content\/uploads\/2018\/12\/Lottemaa_LOGO.png\",\"width\":1024,\"height\":518,\"caption\":\"Lottemaa Teemapark\"},\"image\":{\"@id\":\"https:\/\/lottemaa.ee\/#\/schema\/logo\/image\/\"}}]}<\/script>\n<!-- \/ Yoast SEO plugin. -->","yoast_head_json":{"title":"Lotes zemes bi\u013cetes un atlaides | Vasara","description":"Ieg\u0101d\u0101jies Lotes zemes bi\u013cetes jau iepriek\u0161 t\u0101, lai tev nevajadz\u0113tu t\u0113r\u0113t laiku, st\u0101vot rind\u0101 uz kasi. Tevi gaida jautri priek\u0161nesumi un jautras aktivit\u0101tes.","robots":{"index":"index","follow":"follow","max-snippet":"max-snippet:-1","max-image-preview":"max-image-preview:large","max-video-preview":"max-video-preview:-1"},"canonical":"https:\/\/lottemaa.ee\/lv\/lotes-zemes-biletes\/","og_locale":"lv_LV","og_type":"article","og_title":"Lotes zemes bi\u013cetes un atlaides | Vasara","og_description":"Ieg\u0101d\u0101jies Lotes zemes bi\u013cetes jau iepriek\u0161 t\u0101, lai tev nevajadz\u0113tu t\u0113r\u0113t laiku, st\u0101vot rind\u0101 uz kasi. Tevi gaida jautri priek\u0161nesumi un jautras aktivit\u0101tes.","og_url":"https:\/\/lottemaa.ee\/lv\/lotes-zemes-biletes\/","og_site_name":"Lottemaa Teemapark","article_modified_time":"2026-04-01T09:07:48+00:00","og_image":[{"width":285,"height":297,"url":"https:\/\/lottemaa.ee\/wp-content\/uploads\/2025\/11\/lottemaa-programm.jpg","type":"image\/jpeg"}],"twitter_card":"summary_large_image","twitter_misc":{"Est. reading time":"3 min\u016btes"},"schema":{"@context":"https:\/\/schema.org","@graph":[{"@type":"WebPage","@id":"https:\/\/lottemaa.ee\/lv\/lotes-zemes-biletes\/","url":"https:\/\/lottemaa.ee\/lv\/lotes-zemes-biletes\/","name":"Lotes zemes bi\u013cetes un atlaides | Vasara","isPartOf":{"@id":"https:\/\/lottemaa.ee\/#website"},"primaryImageOfPage":{"@id":"https:\/\/lottemaa.ee\/lv\/lotes-zemes-biletes\/#primaryimage"},"image":{"@id":"https:\/\/lottemaa.ee\/lv\/lotes-zemes-biletes\/#primaryimage"},"thumbnailUrl":"https:\/\/lottemaa.ee\/wp-content\/uploads\/2025\/11\/lottemaa-programm.jpg","datePublished":"2018-01-15T06:50:03+00:00","dateModified":"2026-04-01T09:07:48+00:00","description":"Ieg\u0101d\u0101jies Lotes zemes bi\u013cetes jau iepriek\u0161 t\u0101, lai tev nevajadz\u0113tu t\u0113r\u0113t laiku, st\u0101vot rind\u0101 uz kasi. Tevi gaida jautri priek\u0161nesumi un jautras aktivit\u0101tes.","breadcrumb":{"@id":"https:\/\/lottemaa.ee\/lv\/lotes-zemes-biletes\/#breadcrumb"},"inLanguage":"lv-LV","potentialAction":[{"@type":"ReadAction","target":["https:\/\/lottemaa.ee\/lv\/lotes-zemes-biletes\/"]}]},{"@type":"ImageObject","inLanguage":"lv-LV","@id":"https:\/\/lottemaa.ee\/lv\/lotes-zemes-biletes\/#primaryimage","url":"https:\/\/lottemaa.ee\/wp-content\/uploads\/2025\/11\/lottemaa-programm.jpg","contentUrl":"https:\/\/lottemaa.ee\/wp-content\/uploads\/2025\/11\/lottemaa-programm.jpg","width":285,"height":297},{"@type":"BreadcrumbList","@id":"https:\/\/lottemaa.ee\/lv\/lotes-zemes-biletes\/#breadcrumb","itemListElement":[{"@type":"ListItem","position":1,"name":"Home","item":"https:\/\/lottemaa.ee\/lv\/"},{"@type":"ListItem","position":2,"name":"Lotes zemes BILETES"}]},{"@type":"WebSite","@id":"https:\/\/lottemaa.ee\/#website","url":"https:\/\/lottemaa.ee\/","name":"Lottemaa Teemapark","description":"Baltimaade suurim ja k\u00f5ige \u00e4gedam kogupere teemapark Eestis P\u00e4rnumaal","publisher":{"@id":"https:\/\/lottemaa.ee\/#organization"},"potentialAction":[{"@type":"SearchAction","target":{"@type":"EntryPoint","urlTemplate":"https:\/\/lottemaa.ee\/?s={search_term_string}"},"query-input":{"@type":"PropertyValueSpecification","valueRequired":true,"valueName":"search_term_string"}}],"inLanguage":"lv-LV"},{"@type":"Organization","@id":"https:\/\/lottemaa.ee\/#organization","name":"Lottemaa Teemapark","url":"https:\/\/lottemaa.ee\/","logo":{"@type":"ImageObject","inLanguage":"lv-LV","@id":"https:\/\/lottemaa.ee\/#\/schema\/logo\/image\/","url":"https:\/\/lottemaa.ee\/wp-content\/uploads\/2018\/12\/Lottemaa_LOGO.png","contentUrl":"https:\/\/lottemaa.ee\/wp-content\/uploads\/2018\/12\/Lottemaa_LOGO.png","width":1024,"height":518,"caption":"Lottemaa Teemapark"},"image":{"@id":"https:\/\/lottemaa.ee\/#\/schema\/logo\/image\/"}}]}},"_links":{"self":[{"href":"https:\/\/lottemaa.ee\/lv\/wp-json\/wp\/v2\/pages\/559","targetHints":{"allow":["GET"]}}],"collection":[{"href":"https:\/\/lottemaa.ee\/lv\/wp-json\/wp\/v2\/pages"}],"about":[{"href":"https:\/\/lottemaa.ee\/lv\/wp-json\/wp\/v2\/types\/page"}],"author":[{"embeddable":true,"href":"https:\/\/lottemaa.ee\/lv\/wp-json\/wp\/v2\/users\/1"}],"replies":[{"embeddable":true,"href":"https:\/\/lottemaa.ee\/lv\/wp-json\/wp\/v2\/comments?post=559"}],"version-history":[{"count":5,"href":"https:\/\/lottemaa.ee\/lv\/wp-json\/wp\/v2\/pages\/559\/revisions"}],"predecessor-version":[{"id":33069,"href":"https:\/\/lottemaa.ee\/lv\/wp-json\/wp\/v2\/pages\/559\/revisions\/33069"}],"wp:featuredmedia":[{"embeddable":true,"href":"https:\/\/lottemaa.ee\/lv\/wp-json\/wp\/v2\/media\/32226"}],"wp:attachment":[{"href":"https:\/\/lottemaa.ee\/lv\/wp-json\/wp\/v2\/media?parent=559"}],"curies":[{"name":"wp","href":"https:\/\/api.w.org\/{rel}","templated":true}]}}