{"id":4267,"date":"2017-04-05T11:11:02","date_gmt":"2017-04-05T08:11:02","guid":{"rendered":"http:\/\/test.lottemaa.ee\/?page_id=4267\/"},"modified":"2024-08-06T15:49:06","modified_gmt":"2024-08-06T12:49:06","slug":"lutimasin","status":"publish","type":"page","link":"https:\/\/lottemaa.ee\/lv\/par-lotes-zemi\/izgudrojumi\/lutimasin\/","title":{"rendered":"KNUP\u012a\u0160U MA\u0160\u012aNA"},"content":{"rendered":"<p style=\"text-align: left;\">Knup\u012b\u0161u zeme ir \u012bst\u0101s knup\u012b\u0161u m\u0101jas. Tur mazie knup\u012b\u0161i apmekl\u0113 b\u0113rnud\u0101rzu, \u0113d mammas cept\u0101s pank\u016bkas, sp\u0113l\u0113jas ar m\u0101s\u0101m un br\u0101\u013ciem un rota\u013c\u012bgi dauz\u0101s ar t\u0113tiem. Vakar\u0101 tie visi kop\u0101 k\u0101pj uz jumta, v\u0113ro m\u0113nesi un m\u0101j ar roku tr\u012bsausu m\u0113ness za\u0137iem. Uz neilgu laiku knup\u012b\u0161i ierodas pie mums, un maziem b\u0113rniem k\u013c\u016bst par labiem draugiem. Tom\u0113r tikai uz \u012bsu br\u012bdi, jo dr\u012bz vien knup\u012b\u0161i s\u0101k ilgoties p\u0113c sav\u0101m m\u0101j\u0101m. Lai knup\u012b\u0161i laim\u012bgi atgrieztos Knup\u012b\u0161u zem\u0113, Oskars izgudroja knup\u012b\u0161u ma\u0161\u012bnu. Tikvien, k\u0101 knup\u012btim j\u0101iek\u0101pj ma\u0161\u012bn\u0101, Oskaram j\u0101norauj rokturis un kl\u0101t ir \u2013 knup\u012btis atkal ir jaukaj\u0101, m\u012b\u013caj\u0101 Knup\u012b\u0161u zem\u0113!<\/p>\n","protected":false},"excerpt":{"rendered":"<p>Knup\u012b\u0161u zeme ir \u012bst\u0101s knup\u012b\u0161u m\u0101jas. Tur mazie knup\u012b\u0161i apmekl\u0113 b\u0113rnud\u0101rzu, \u0113d mammas cept\u0101s pank\u016bkas, sp\u0113l\u0113jas ar m\u0101s\u0101m un br\u0101\u013ciem un rota\u013c\u012bgi dauz\u0101s ar t\u0113tiem. Vakar\u0101 tie visi kop\u0101 k\u0101pj uz jumta, v\u0113ro m\u0113nesi un m\u0101j ar roku tr\u012bsausu m\u0113ness za\u0137iem. Uz neilgu laiku knup\u012b\u0161i ierodas pie mums, un maziem b\u0113rniem k\u013c\u016bst par labiem draugiem. &hellip; <a href=\"https:\/\/lottemaa.ee\/lv\/par-lotes-zemi\/izgudrojumi\/lutimasin\/\">Continued<\/a><\/p>\n","protected":false},"author":7,"featured_media":13583,"parent":4256,"menu_order":428,"comment_status":"closed","ping_status":"closed","template":"","meta":{"_acf_changed":false,"om_disable_all_campaigns":false,"_uf_show_specific_survey":0,"_uf_disable_surveys":false,"footnotes":""},"class_list":["post-4267","page","type-page","status-publish","has-post-thumbnail","hentry"],"acf":[],"yoast_head":"<!-- This site is optimized with the Yoast SEO plugin v25.5 - https:\/\/yoast.com\/wordpress\/plugins\/seo\/ -->\n<title>KNUP\u012a\u0160U MA\u0160\u012aNA | Lottemaa Teemapark<\/title>\n<meta name=\"description\" content=\"Knup\u012b\u0161u zeme ir \u012bst\u0101s knup\u012b\u0161u m\u0101jas. Tur mazie knup\u012b\u0161i apmekl\u0113 b\u0113rnud\u0101rzu, \u0113d mammas cept\u0101s pank\u016bkas, sp\u0113l\u0113jas ar m\u0101s\u0101m un br\u0101\u013ciem un rota\u013c\u012bgi dauz\u0101s ar t\u0113tiem.\" \/>\n<meta name=\"robots\" content=\"index, follow, max-snippet:-1, max-image-preview:large, max-video-preview:-1\" \/>\n<link rel=\"canonical\" href=\"https:\/\/lottemaa.ee\/lv\/par-lotes-zemi\/izgudrojumi\/lutimasin\/\" \/>\n<meta property=\"og:locale\" content=\"lv_LV\" \/>\n<meta property=\"og:type\" content=\"article\" \/>\n<meta property=\"og:title\" content=\"KNUP\u012a\u0160U MA\u0160\u012aNA | Lottemaa Teemapark\" \/>\n<meta property=\"og:description\" content=\"Knup\u012b\u0161u zeme ir \u012bst\u0101s knup\u012b\u0161u m\u0101jas. Tur mazie knup\u012b\u0161i apmekl\u0113 b\u0113rnud\u0101rzu, \u0113d mammas cept\u0101s pank\u016bkas, sp\u0113l\u0113jas ar m\u0101s\u0101m un br\u0101\u013ciem un rota\u013c\u012bgi dauz\u0101s ar t\u0113tiem.\" \/>\n<meta property=\"og:url\" content=\"https:\/\/lottemaa.ee\/lv\/par-lotes-zemi\/izgudrojumi\/lutimasin\/\" \/>\n<meta property=\"og:site_name\" content=\"Lottemaa Teemapark\" \/>\n<meta property=\"article:modified_time\" content=\"2024-08-06T12:49:06+00:00\" \/>\n<meta property=\"og:image\" content=\"https:\/\/lottemaa.ee\/wp-content\/uploads\/2022\/04\/DSC_7200-scaled.jpg\" \/>\n\t<meta property=\"og:image:width\" content=\"2560\" \/>\n\t<meta property=\"og:image:height\" content=\"1695\" \/>\n\t<meta property=\"og:image:type\" content=\"image\/jpeg\" \/>\n<meta name=\"twitter:card\" content=\"summary_large_image\" \/>\n<meta name=\"twitter:label1\" content=\"Est. reading time\" \/>\n\t<meta name=\"twitter:data1\" content=\"1 min\u016b\u0161u\" \/>\n<script type=\"application\/ld+json\" class=\"yoast-schema-graph\">{\"@context\":\"https:\/\/schema.org\",\"@graph\":[{\"@type\":\"WebPage\",\"@id\":\"https:\/\/lottemaa.ee\/lv\/par-lotes-zemi\/izgudrojumi\/lutimasin\/\",\"url\":\"https:\/\/lottemaa.ee\/lv\/par-lotes-zemi\/izgudrojumi\/lutimasin\/\",\"name\":\"KNUP\u012a\u0160U MA\u0160\u012aNA | Lottemaa Teemapark\",\"isPartOf\":{\"@id\":\"https:\/\/lottemaa.ee\/#website\"},\"primaryImageOfPage\":{\"@id\":\"https:\/\/lottemaa.ee\/lv\/par-lotes-zemi\/izgudrojumi\/lutimasin\/#primaryimage\"},\"image\":{\"@id\":\"https:\/\/lottemaa.ee\/lv\/par-lotes-zemi\/izgudrojumi\/lutimasin\/#primaryimage\"},\"thumbnailUrl\":\"https:\/\/lottemaa.ee\/wp-content\/uploads\/2022\/04\/DSC_7200-scaled.jpg\",\"datePublished\":\"2017-04-05T08:11:02+00:00\",\"dateModified\":\"2024-08-06T12:49:06+00:00\",\"description\":\"Knup\u012b\u0161u zeme ir \u012bst\u0101s knup\u012b\u0161u m\u0101jas. Tur mazie knup\u012b\u0161i apmekl\u0113 b\u0113rnud\u0101rzu, \u0113d mammas cept\u0101s pank\u016bkas, sp\u0113l\u0113jas ar m\u0101s\u0101m un br\u0101\u013ciem un rota\u013c\u012bgi dauz\u0101s ar t\u0113tiem.\",\"breadcrumb\":{\"@id\":\"https:\/\/lottemaa.ee\/lv\/par-lotes-zemi\/izgudrojumi\/lutimasin\/#breadcrumb\"},\"inLanguage\":\"lv-LV\",\"potentialAction\":[{\"@type\":\"ReadAction\",\"target\":[\"https:\/\/lottemaa.ee\/lv\/par-lotes-zemi\/izgudrojumi\/lutimasin\/\"]}]},{\"@type\":\"ImageObject\",\"inLanguage\":\"lv-LV\",\"@id\":\"https:\/\/lottemaa.ee\/lv\/par-lotes-zemi\/izgudrojumi\/lutimasin\/#primaryimage\",\"url\":\"https:\/\/lottemaa.ee\/wp-content\/uploads\/2022\/04\/DSC_7200-scaled.jpg\",\"contentUrl\":\"https:\/\/lottemaa.ee\/wp-content\/uploads\/2022\/04\/DSC_7200-scaled.jpg\",\"width\":2560,\"height\":1695},{\"@type\":\"BreadcrumbList\",\"@id\":\"https:\/\/lottemaa.ee\/lv\/par-lotes-zemi\/izgudrojumi\/lutimasin\/#breadcrumb\",\"itemListElement\":[{\"@type\":\"ListItem\",\"position\":1,\"name\":\"Home\",\"item\":\"https:\/\/lottemaa.ee\/lv\/\"},{\"@type\":\"ListItem\",\"position\":2,\"name\":\"Diena Lotes zem\u0113\",\"item\":\"https:\/\/lottemaa.ee\/lv\/par-lotes-zemi\/\"},{\"@type\":\"ListItem\",\"position\":3,\"name\":\"IZGUDROJUMI\",\"item\":\"https:\/\/lottemaa.ee\/lv\/par-lotes-zemi\/izgudrojumi\/\"},{\"@type\":\"ListItem\",\"position\":4,\"name\":\"KNUP\u012a\u0160U MA\u0160\u012aNA\"}]},{\"@type\":\"WebSite\",\"@id\":\"https:\/\/lottemaa.ee\/#website\",\"url\":\"https:\/\/lottemaa.ee\/\",\"name\":\"Lottemaa Teemapark\",\"description\":\"Baltimaade suurim ja k\u00f5ige \u00e4gedam kogupere teemapark Eestis P\u00e4rnumaal\",\"publisher\":{\"@id\":\"https:\/\/lottemaa.ee\/#organization\"},\"potentialAction\":[{\"@type\":\"SearchAction\",\"target\":{\"@type\":\"EntryPoint\",\"urlTemplate\":\"https:\/\/lottemaa.ee\/?s={search_term_string}\"},\"query-input\":{\"@type\":\"PropertyValueSpecification\",\"valueRequired\":true,\"valueName\":\"search_term_string\"}}],\"inLanguage\":\"lv-LV\"},{\"@type\":\"Organization\",\"@id\":\"https:\/\/lottemaa.ee\/#organization\",\"name\":\"Lottemaa Teemapark\",\"url\":\"https:\/\/lottemaa.ee\/\",\"logo\":{\"@type\":\"ImageObject\",\"inLanguage\":\"lv-LV\",\"@id\":\"https:\/\/lottemaa.ee\/#\/schema\/logo\/image\/\",\"url\":\"https:\/\/lottemaa.ee\/wp-content\/uploads\/2018\/12\/Lottemaa_LOGO.png\",\"contentUrl\":\"https:\/\/lottemaa.ee\/wp-content\/uploads\/2018\/12\/Lottemaa_LOGO.png\",\"width\":1024,\"height\":518,\"caption\":\"Lottemaa Teemapark\"},\"image\":{\"@id\":\"https:\/\/lottemaa.ee\/#\/schema\/logo\/image\/\"}}]}<\/script>\n<!-- \/ Yoast SEO plugin. -->","yoast_head_json":{"title":"KNUP\u012a\u0160U MA\u0160\u012aNA | Lottemaa Teemapark","description":"Knup\u012b\u0161u zeme ir \u012bst\u0101s knup\u012b\u0161u m\u0101jas. Tur mazie knup\u012b\u0161i apmekl\u0113 b\u0113rnud\u0101rzu, \u0113d mammas cept\u0101s pank\u016bkas, sp\u0113l\u0113jas ar m\u0101s\u0101m un br\u0101\u013ciem un rota\u013c\u012bgi dauz\u0101s ar t\u0113tiem.","robots":{"index":"index","follow":"follow","max-snippet":"max-snippet:-1","max-image-preview":"max-image-preview:large","max-video-preview":"max-video-preview:-1"},"canonical":"https:\/\/lottemaa.ee\/lv\/par-lotes-zemi\/izgudrojumi\/lutimasin\/","og_locale":"lv_LV","og_type":"article","og_title":"KNUP\u012a\u0160U MA\u0160\u012aNA | Lottemaa Teemapark","og_description":"Knup\u012b\u0161u zeme ir \u012bst\u0101s knup\u012b\u0161u m\u0101jas. Tur mazie knup\u012b\u0161i apmekl\u0113 b\u0113rnud\u0101rzu, \u0113d mammas cept\u0101s pank\u016bkas, sp\u0113l\u0113jas ar m\u0101s\u0101m un br\u0101\u013ciem un rota\u013c\u012bgi dauz\u0101s ar t\u0113tiem.","og_url":"https:\/\/lottemaa.ee\/lv\/par-lotes-zemi\/izgudrojumi\/lutimasin\/","og_site_name":"Lottemaa Teemapark","article_modified_time":"2024-08-06T12:49:06+00:00","og_image":[{"width":2560,"height":1695,"url":"https:\/\/lottemaa.ee\/wp-content\/uploads\/2022\/04\/DSC_7200-scaled.jpg","type":"image\/jpeg"}],"twitter_card":"summary_large_image","twitter_misc":{"Est. reading time":"1 min\u016b\u0161u"},"schema":{"@context":"https:\/\/schema.org","@graph":[{"@type":"WebPage","@id":"https:\/\/lottemaa.ee\/lv\/par-lotes-zemi\/izgudrojumi\/lutimasin\/","url":"https:\/\/lottemaa.ee\/lv\/par-lotes-zemi\/izgudrojumi\/lutimasin\/","name":"KNUP\u012a\u0160U MA\u0160\u012aNA | Lottemaa Teemapark","isPartOf":{"@id":"https:\/\/lottemaa.ee\/#website"},"primaryImageOfPage":{"@id":"https:\/\/lottemaa.ee\/lv\/par-lotes-zemi\/izgudrojumi\/lutimasin\/#primaryimage"},"image":{"@id":"https:\/\/lottemaa.ee\/lv\/par-lotes-zemi\/izgudrojumi\/lutimasin\/#primaryimage"},"thumbnailUrl":"https:\/\/lottemaa.ee\/wp-content\/uploads\/2022\/04\/DSC_7200-scaled.jpg","datePublished":"2017-04-05T08:11:02+00:00","dateModified":"2024-08-06T12:49:06+00:00","description":"Knup\u012b\u0161u zeme ir \u012bst\u0101s knup\u012b\u0161u m\u0101jas. Tur mazie knup\u012b\u0161i apmekl\u0113 b\u0113rnud\u0101rzu, \u0113d mammas cept\u0101s pank\u016bkas, sp\u0113l\u0113jas ar m\u0101s\u0101m un br\u0101\u013ciem un rota\u013c\u012bgi dauz\u0101s ar t\u0113tiem.","breadcrumb":{"@id":"https:\/\/lottemaa.ee\/lv\/par-lotes-zemi\/izgudrojumi\/lutimasin\/#breadcrumb"},"inLanguage":"lv-LV","potentialAction":[{"@type":"ReadAction","target":["https:\/\/lottemaa.ee\/lv\/par-lotes-zemi\/izgudrojumi\/lutimasin\/"]}]},{"@type":"ImageObject","inLanguage":"lv-LV","@id":"https:\/\/lottemaa.ee\/lv\/par-lotes-zemi\/izgudrojumi\/lutimasin\/#primaryimage","url":"https:\/\/lottemaa.ee\/wp-content\/uploads\/2022\/04\/DSC_7200-scaled.jpg","contentUrl":"https:\/\/lottemaa.ee\/wp-content\/uploads\/2022\/04\/DSC_7200-scaled.jpg","width":2560,"height":1695},{"@type":"BreadcrumbList","@id":"https:\/\/lottemaa.ee\/lv\/par-lotes-zemi\/izgudrojumi\/lutimasin\/#breadcrumb","itemListElement":[{"@type":"ListItem","position":1,"name":"Home","item":"https:\/\/lottemaa.ee\/lv\/"},{"@type":"ListItem","position":2,"name":"Diena Lotes zem\u0113","item":"https:\/\/lottemaa.ee\/lv\/par-lotes-zemi\/"},{"@type":"ListItem","position":3,"name":"IZGUDROJUMI","item":"https:\/\/lottemaa.ee\/lv\/par-lotes-zemi\/izgudrojumi\/"},{"@type":"ListItem","position":4,"name":"KNUP\u012a\u0160U MA\u0160\u012aNA"}]},{"@type":"WebSite","@id":"https:\/\/lottemaa.ee\/#website","url":"https:\/\/lottemaa.ee\/","name":"Lottemaa Teemapark","description":"Baltimaade suurim ja k\u00f5ige \u00e4gedam kogupere teemapark Eestis P\u00e4rnumaal","publisher":{"@id":"https:\/\/lottemaa.ee\/#organization"},"potentialAction":[{"@type":"SearchAction","target":{"@type":"EntryPoint","urlTemplate":"https:\/\/lottemaa.ee\/?s={search_term_string}"},"query-input":{"@type":"PropertyValueSpecification","valueRequired":true,"valueName":"search_term_string"}}],"inLanguage":"lv-LV"},{"@type":"Organization","@id":"https:\/\/lottemaa.ee\/#organization","name":"Lottemaa Teemapark","url":"https:\/\/lottemaa.ee\/","logo":{"@type":"ImageObject","inLanguage":"lv-LV","@id":"https:\/\/lottemaa.ee\/#\/schema\/logo\/image\/","url":"https:\/\/lottemaa.ee\/wp-content\/uploads\/2018\/12\/Lottemaa_LOGO.png","contentUrl":"https:\/\/lottemaa.ee\/wp-content\/uploads\/2018\/12\/Lottemaa_LOGO.png","width":1024,"height":518,"caption":"Lottemaa Teemapark"},"image":{"@id":"https:\/\/lottemaa.ee\/#\/schema\/logo\/image\/"}}]}},"_links":{"self":[{"href":"https:\/\/lottemaa.ee\/lv\/wp-json\/wp\/v2\/pages\/4267","targetHints":{"allow":["GET"]}}],"collection":[{"href":"https:\/\/lottemaa.ee\/lv\/wp-json\/wp\/v2\/pages"}],"about":[{"href":"https:\/\/lottemaa.ee\/lv\/wp-json\/wp\/v2\/types\/page"}],"author":[{"embeddable":true,"href":"https:\/\/lottemaa.ee\/lv\/wp-json\/wp\/v2\/users\/7"}],"replies":[{"embeddable":true,"href":"https:\/\/lottemaa.ee\/lv\/wp-json\/wp\/v2\/comments?post=4267"}],"version-history":[{"count":3,"href":"https:\/\/lottemaa.ee\/lv\/wp-json\/wp\/v2\/pages\/4267\/revisions"}],"predecessor-version":[{"id":20019,"href":"https:\/\/lottemaa.ee\/lv\/wp-json\/wp\/v2\/pages\/4267\/revisions\/20019"}],"up":[{"embeddable":true,"href":"https:\/\/lottemaa.ee\/lv\/wp-json\/wp\/v2\/pages\/4256"}],"wp:featuredmedia":[{"embeddable":true,"href":"https:\/\/lottemaa.ee\/lv\/wp-json\/wp\/v2\/media\/13583"}],"wp:attachment":[{"href":"https:\/\/lottemaa.ee\/lv\/wp-json\/wp\/v2\/media?parent=4267"}],"curies":[{"name":"wp","href":"https:\/\/api.w.org\/{rel}","templated":true}]}}