{"id":4265,"date":"2017-04-05T11:00:21","date_gmt":"2017-04-05T08:00:21","guid":{"rendered":"http:\/\/test.lottemaa.ee\/?page_id=4265\/"},"modified":"2024-09-25T16:27:13","modified_gmt":"2024-09-25T13:27:13","slug":"ave-kasvuhoone","status":"publish","type":"page","link":"https:\/\/lottemaa.ee\/lv\/par-lotes-zemi\/izgudrojumi\/ave-kasvuhoone\/","title":{"rendered":"DAKTERES AVES L\u0100STEKU SALD\u0112TAVA"},"content":{"rendered":"<p style=\"text-align: left;\">Da\u017es \u0101rsts slimniekus \u0101rst\u0113 ar uzkars\u0113t\u0101m b\u0113rzu lap\u0101m vai marin\u0113t\u0101m brie\u017eu s\u016bn\u0101m, bet daktere Ave slim\u012bbas aizdzen ar ledus l\u0101stek\u0101m. Vienalga, vai pacientam b\u016btu liels puns, nelaba oma vai no lielas dom\u0101\u0161anas p\u0101rkarsusi galva, Ave vienm\u0113r pal\u012bdz\u0113s. Lai svaigas l\u0101stekas nekad neizbeigtos, daktere Ave izgudroja l\u0101steku sald\u0113tavu. Ja l\u0101stekas katru dienu r\u016bp\u012bgi laista, to vienm\u0113r ir gana, un ar\u012b slim\u012bbas t\u0101d\u0113j\u0101di viegl\u0101k pievar\u0113t!<\/p>\n","protected":false},"excerpt":{"rendered":"<p>Da\u017es \u0101rsts slimniekus \u0101rst\u0113 ar uzkars\u0113t\u0101m b\u0113rzu lap\u0101m vai marin\u0113t\u0101m brie\u017eu s\u016bn\u0101m, bet daktere Ave slim\u012bbas aizdzen ar ledus l\u0101stek\u0101m. Vienalga, vai pacientam b\u016btu liels puns, nelaba oma vai no lielas dom\u0101\u0161anas p\u0101rkarsusi galva, Ave vienm\u0113r pal\u012bdz\u0113s. Lai svaigas l\u0101stekas nekad neizbeigtos, daktere Ave izgudroja l\u0101steku sald\u0113tavu. Ja l\u0101stekas katru dienu r\u016bp\u012bgi laista, to vienm\u0113r &hellip; <a href=\"https:\/\/lottemaa.ee\/lv\/par-lotes-zemi\/izgudrojumi\/ave-kasvuhoone\/\">Continued<\/a><\/p>\n","protected":false},"author":7,"featured_media":13121,"parent":4256,"menu_order":498,"comment_status":"closed","ping_status":"closed","template":"","meta":{"_acf_changed":false,"om_disable_all_campaigns":false,"_uf_show_specific_survey":0,"_uf_disable_surveys":false,"footnotes":""},"class_list":["post-4265","page","type-page","status-publish","has-post-thumbnail","hentry"],"acf":[],"yoast_head":"<!-- This site is optimized with the Yoast SEO plugin v25.5 - https:\/\/yoast.com\/wordpress\/plugins\/seo\/ -->\n<title>DAKTERES AVES L\u0100STEKU SALD\u0112TAVA | Lottemaa Teemapark<\/title>\n<meta name=\"description\" content=\"Da\u017es \u0101rsts slimniekus \u0101rst\u0113 ar uzkars\u0113t\u0101m b\u0113rzu lap\u0101m vai marin\u0113t\u0101m brie\u017eu s\u016bn\u0101m, bet daktere Ave slim\u012bbas aizdzen ar ledus l\u0101stek\u0101m.\" \/>\n<meta name=\"robots\" content=\"index, follow, max-snippet:-1, max-image-preview:large, max-video-preview:-1\" \/>\n<link rel=\"canonical\" href=\"https:\/\/lottemaa.ee\/lv\/par-lotes-zemi\/izgudrojumi\/ave-kasvuhoone\/\" \/>\n<meta property=\"og:locale\" content=\"lv_LV\" \/>\n<meta property=\"og:type\" content=\"article\" \/>\n<meta property=\"og:title\" content=\"DAKTERES AVES L\u0100STEKU SALD\u0112TAVA | Lottemaa Teemapark\" \/>\n<meta property=\"og:description\" content=\"Da\u017es \u0101rsts slimniekus \u0101rst\u0113 ar uzkars\u0113t\u0101m b\u0113rzu lap\u0101m vai marin\u0113t\u0101m brie\u017eu s\u016bn\u0101m, bet daktere Ave slim\u012bbas aizdzen ar ledus l\u0101stek\u0101m.\" \/>\n<meta property=\"og:url\" content=\"https:\/\/lottemaa.ee\/lv\/par-lotes-zemi\/izgudrojumi\/ave-kasvuhoone\/\" \/>\n<meta property=\"og:site_name\" content=\"Lottemaa Teemapark\" \/>\n<meta property=\"article:modified_time\" content=\"2024-09-25T13:27:13+00:00\" \/>\n<meta property=\"og:image\" content=\"https:\/\/lottemaa.ee\/wp-content\/uploads\/2022\/04\/DSC_6842-scaled.jpg\" \/>\n\t<meta property=\"og:image:width\" content=\"2560\" \/>\n\t<meta property=\"og:image:height\" content=\"1696\" \/>\n\t<meta property=\"og:image:type\" content=\"image\/jpeg\" \/>\n<meta name=\"twitter:card\" content=\"summary_large_image\" \/>\n<meta name=\"twitter:label1\" content=\"Est. reading time\" \/>\n\t<meta name=\"twitter:data1\" content=\"1 min\u016b\u0161u\" \/>\n<script type=\"application\/ld+json\" class=\"yoast-schema-graph\">{\"@context\":\"https:\/\/schema.org\",\"@graph\":[{\"@type\":\"WebPage\",\"@id\":\"https:\/\/lottemaa.ee\/lv\/par-lotes-zemi\/izgudrojumi\/ave-kasvuhoone\/\",\"url\":\"https:\/\/lottemaa.ee\/lv\/par-lotes-zemi\/izgudrojumi\/ave-kasvuhoone\/\",\"name\":\"DAKTERES AVES L\u0100STEKU SALD\u0112TAVA | Lottemaa Teemapark\",\"isPartOf\":{\"@id\":\"https:\/\/lottemaa.ee\/#website\"},\"primaryImageOfPage\":{\"@id\":\"https:\/\/lottemaa.ee\/lv\/par-lotes-zemi\/izgudrojumi\/ave-kasvuhoone\/#primaryimage\"},\"image\":{\"@id\":\"https:\/\/lottemaa.ee\/lv\/par-lotes-zemi\/izgudrojumi\/ave-kasvuhoone\/#primaryimage\"},\"thumbnailUrl\":\"https:\/\/lottemaa.ee\/wp-content\/uploads\/2022\/04\/DSC_6842-scaled.jpg\",\"datePublished\":\"2017-04-05T08:00:21+00:00\",\"dateModified\":\"2024-09-25T13:27:13+00:00\",\"description\":\"Da\u017es \u0101rsts slimniekus \u0101rst\u0113 ar uzkars\u0113t\u0101m b\u0113rzu lap\u0101m vai marin\u0113t\u0101m brie\u017eu s\u016bn\u0101m, bet daktere Ave slim\u012bbas aizdzen ar ledus l\u0101stek\u0101m.\",\"breadcrumb\":{\"@id\":\"https:\/\/lottemaa.ee\/lv\/par-lotes-zemi\/izgudrojumi\/ave-kasvuhoone\/#breadcrumb\"},\"inLanguage\":\"lv-LV\",\"potentialAction\":[{\"@type\":\"ReadAction\",\"target\":[\"https:\/\/lottemaa.ee\/lv\/par-lotes-zemi\/izgudrojumi\/ave-kasvuhoone\/\"]}]},{\"@type\":\"ImageObject\",\"inLanguage\":\"lv-LV\",\"@id\":\"https:\/\/lottemaa.ee\/lv\/par-lotes-zemi\/izgudrojumi\/ave-kasvuhoone\/#primaryimage\",\"url\":\"https:\/\/lottemaa.ee\/wp-content\/uploads\/2022\/04\/DSC_6842-scaled.jpg\",\"contentUrl\":\"https:\/\/lottemaa.ee\/wp-content\/uploads\/2022\/04\/DSC_6842-scaled.jpg\",\"width\":2560,\"height\":1696},{\"@type\":\"BreadcrumbList\",\"@id\":\"https:\/\/lottemaa.ee\/lv\/par-lotes-zemi\/izgudrojumi\/ave-kasvuhoone\/#breadcrumb\",\"itemListElement\":[{\"@type\":\"ListItem\",\"position\":1,\"name\":\"Home\",\"item\":\"https:\/\/lottemaa.ee\/lv\/\"},{\"@type\":\"ListItem\",\"position\":2,\"name\":\"Diena Lotes zem\u0113\",\"item\":\"https:\/\/lottemaa.ee\/lv\/par-lotes-zemi\/\"},{\"@type\":\"ListItem\",\"position\":3,\"name\":\"IZGUDROJUMI\",\"item\":\"https:\/\/lottemaa.ee\/lv\/par-lotes-zemi\/izgudrojumi\/\"},{\"@type\":\"ListItem\",\"position\":4,\"name\":\"DAKTERES AVES L\u0100STEKU SALD\u0112TAVA\"}]},{\"@type\":\"WebSite\",\"@id\":\"https:\/\/lottemaa.ee\/#website\",\"url\":\"https:\/\/lottemaa.ee\/\",\"name\":\"Lottemaa Teemapark\",\"description\":\"Baltimaade suurim ja k\u00f5ige \u00e4gedam kogupere teemapark Eestis P\u00e4rnumaal\",\"publisher\":{\"@id\":\"https:\/\/lottemaa.ee\/#organization\"},\"potentialAction\":[{\"@type\":\"SearchAction\",\"target\":{\"@type\":\"EntryPoint\",\"urlTemplate\":\"https:\/\/lottemaa.ee\/?s={search_term_string}\"},\"query-input\":{\"@type\":\"PropertyValueSpecification\",\"valueRequired\":true,\"valueName\":\"search_term_string\"}}],\"inLanguage\":\"lv-LV\"},{\"@type\":\"Organization\",\"@id\":\"https:\/\/lottemaa.ee\/#organization\",\"name\":\"Lottemaa Teemapark\",\"url\":\"https:\/\/lottemaa.ee\/\",\"logo\":{\"@type\":\"ImageObject\",\"inLanguage\":\"lv-LV\",\"@id\":\"https:\/\/lottemaa.ee\/#\/schema\/logo\/image\/\",\"url\":\"https:\/\/lottemaa.ee\/wp-content\/uploads\/2018\/12\/Lottemaa_LOGO.png\",\"contentUrl\":\"https:\/\/lottemaa.ee\/wp-content\/uploads\/2018\/12\/Lottemaa_LOGO.png\",\"width\":1024,\"height\":518,\"caption\":\"Lottemaa Teemapark\"},\"image\":{\"@id\":\"https:\/\/lottemaa.ee\/#\/schema\/logo\/image\/\"}}]}<\/script>\n<!-- \/ Yoast SEO plugin. -->","yoast_head_json":{"title":"DAKTERES AVES L\u0100STEKU SALD\u0112TAVA | Lottemaa Teemapark","description":"Da\u017es \u0101rsts slimniekus \u0101rst\u0113 ar uzkars\u0113t\u0101m b\u0113rzu lap\u0101m vai marin\u0113t\u0101m brie\u017eu s\u016bn\u0101m, bet daktere Ave slim\u012bbas aizdzen ar ledus l\u0101stek\u0101m.","robots":{"index":"index","follow":"follow","max-snippet":"max-snippet:-1","max-image-preview":"max-image-preview:large","max-video-preview":"max-video-preview:-1"},"canonical":"https:\/\/lottemaa.ee\/lv\/par-lotes-zemi\/izgudrojumi\/ave-kasvuhoone\/","og_locale":"lv_LV","og_type":"article","og_title":"DAKTERES AVES L\u0100STEKU SALD\u0112TAVA | Lottemaa Teemapark","og_description":"Da\u017es \u0101rsts slimniekus \u0101rst\u0113 ar uzkars\u0113t\u0101m b\u0113rzu lap\u0101m vai marin\u0113t\u0101m brie\u017eu s\u016bn\u0101m, bet daktere Ave slim\u012bbas aizdzen ar ledus l\u0101stek\u0101m.","og_url":"https:\/\/lottemaa.ee\/lv\/par-lotes-zemi\/izgudrojumi\/ave-kasvuhoone\/","og_site_name":"Lottemaa Teemapark","article_modified_time":"2024-09-25T13:27:13+00:00","og_image":[{"width":2560,"height":1696,"url":"https:\/\/lottemaa.ee\/wp-content\/uploads\/2022\/04\/DSC_6842-scaled.jpg","type":"image\/jpeg"}],"twitter_card":"summary_large_image","twitter_misc":{"Est. reading time":"1 min\u016b\u0161u"},"schema":{"@context":"https:\/\/schema.org","@graph":[{"@type":"WebPage","@id":"https:\/\/lottemaa.ee\/lv\/par-lotes-zemi\/izgudrojumi\/ave-kasvuhoone\/","url":"https:\/\/lottemaa.ee\/lv\/par-lotes-zemi\/izgudrojumi\/ave-kasvuhoone\/","name":"DAKTERES AVES L\u0100STEKU SALD\u0112TAVA | Lottemaa Teemapark","isPartOf":{"@id":"https:\/\/lottemaa.ee\/#website"},"primaryImageOfPage":{"@id":"https:\/\/lottemaa.ee\/lv\/par-lotes-zemi\/izgudrojumi\/ave-kasvuhoone\/#primaryimage"},"image":{"@id":"https:\/\/lottemaa.ee\/lv\/par-lotes-zemi\/izgudrojumi\/ave-kasvuhoone\/#primaryimage"},"thumbnailUrl":"https:\/\/lottemaa.ee\/wp-content\/uploads\/2022\/04\/DSC_6842-scaled.jpg","datePublished":"2017-04-05T08:00:21+00:00","dateModified":"2024-09-25T13:27:13+00:00","description":"Da\u017es \u0101rsts slimniekus \u0101rst\u0113 ar uzkars\u0113t\u0101m b\u0113rzu lap\u0101m vai marin\u0113t\u0101m brie\u017eu s\u016bn\u0101m, bet daktere Ave slim\u012bbas aizdzen ar ledus l\u0101stek\u0101m.","breadcrumb":{"@id":"https:\/\/lottemaa.ee\/lv\/par-lotes-zemi\/izgudrojumi\/ave-kasvuhoone\/#breadcrumb"},"inLanguage":"lv-LV","potentialAction":[{"@type":"ReadAction","target":["https:\/\/lottemaa.ee\/lv\/par-lotes-zemi\/izgudrojumi\/ave-kasvuhoone\/"]}]},{"@type":"ImageObject","inLanguage":"lv-LV","@id":"https:\/\/lottemaa.ee\/lv\/par-lotes-zemi\/izgudrojumi\/ave-kasvuhoone\/#primaryimage","url":"https:\/\/lottemaa.ee\/wp-content\/uploads\/2022\/04\/DSC_6842-scaled.jpg","contentUrl":"https:\/\/lottemaa.ee\/wp-content\/uploads\/2022\/04\/DSC_6842-scaled.jpg","width":2560,"height":1696},{"@type":"BreadcrumbList","@id":"https:\/\/lottemaa.ee\/lv\/par-lotes-zemi\/izgudrojumi\/ave-kasvuhoone\/#breadcrumb","itemListElement":[{"@type":"ListItem","position":1,"name":"Home","item":"https:\/\/lottemaa.ee\/lv\/"},{"@type":"ListItem","position":2,"name":"Diena Lotes zem\u0113","item":"https:\/\/lottemaa.ee\/lv\/par-lotes-zemi\/"},{"@type":"ListItem","position":3,"name":"IZGUDROJUMI","item":"https:\/\/lottemaa.ee\/lv\/par-lotes-zemi\/izgudrojumi\/"},{"@type":"ListItem","position":4,"name":"DAKTERES AVES L\u0100STEKU SALD\u0112TAVA"}]},{"@type":"WebSite","@id":"https:\/\/lottemaa.ee\/#website","url":"https:\/\/lottemaa.ee\/","name":"Lottemaa Teemapark","description":"Baltimaade suurim ja k\u00f5ige \u00e4gedam kogupere teemapark Eestis P\u00e4rnumaal","publisher":{"@id":"https:\/\/lottemaa.ee\/#organization"},"potentialAction":[{"@type":"SearchAction","target":{"@type":"EntryPoint","urlTemplate":"https:\/\/lottemaa.ee\/?s={search_term_string}"},"query-input":{"@type":"PropertyValueSpecification","valueRequired":true,"valueName":"search_term_string"}}],"inLanguage":"lv-LV"},{"@type":"Organization","@id":"https:\/\/lottemaa.ee\/#organization","name":"Lottemaa Teemapark","url":"https:\/\/lottemaa.ee\/","logo":{"@type":"ImageObject","inLanguage":"lv-LV","@id":"https:\/\/lottemaa.ee\/#\/schema\/logo\/image\/","url":"https:\/\/lottemaa.ee\/wp-content\/uploads\/2018\/12\/Lottemaa_LOGO.png","contentUrl":"https:\/\/lottemaa.ee\/wp-content\/uploads\/2018\/12\/Lottemaa_LOGO.png","width":1024,"height":518,"caption":"Lottemaa Teemapark"},"image":{"@id":"https:\/\/lottemaa.ee\/#\/schema\/logo\/image\/"}}]}},"_links":{"self":[{"href":"https:\/\/lottemaa.ee\/lv\/wp-json\/wp\/v2\/pages\/4265","targetHints":{"allow":["GET"]}}],"collection":[{"href":"https:\/\/lottemaa.ee\/lv\/wp-json\/wp\/v2\/pages"}],"about":[{"href":"https:\/\/lottemaa.ee\/lv\/wp-json\/wp\/v2\/types\/page"}],"author":[{"embeddable":true,"href":"https:\/\/lottemaa.ee\/lv\/wp-json\/wp\/v2\/users\/7"}],"replies":[{"embeddable":true,"href":"https:\/\/lottemaa.ee\/lv\/wp-json\/wp\/v2\/comments?post=4265"}],"version-history":[{"count":3,"href":"https:\/\/lottemaa.ee\/lv\/wp-json\/wp\/v2\/pages\/4265\/revisions"}],"predecessor-version":[{"id":20018,"href":"https:\/\/lottemaa.ee\/lv\/wp-json\/wp\/v2\/pages\/4265\/revisions\/20018"}],"up":[{"embeddable":true,"href":"https:\/\/lottemaa.ee\/lv\/wp-json\/wp\/v2\/pages\/4256"}],"wp:featuredmedia":[{"embeddable":true,"href":"https:\/\/lottemaa.ee\/lv\/wp-json\/wp\/v2\/media\/13121"}],"wp:attachment":[{"href":"https:\/\/lottemaa.ee\/lv\/wp-json\/wp\/v2\/media?parent=4265"}],"curies":[{"name":"wp","href":"https:\/\/api.w.org\/{rel}","templated":true}]}}