{"id":4263,"date":"2017-04-05T10:59:04","date_gmt":"2017-04-05T07:59:04","guid":{"rendered":"http:\/\/test.lottemaa.ee\/?page_id=4263\/"},"modified":"2024-09-25T16:31:31","modified_gmt":"2024-09-25T13:31:31","slug":"helmi-lennumasin","status":"publish","type":"page","link":"https:\/\/lottemaa.ee\/lv\/par-lotes-zemi\/izgudrojumi\/helmi-lennumasin\/","title":{"rendered":"C\u016aKU MAMMAS HELMI LIDO\u0160ANAS MA\u0160\u012aNA"},"content":{"rendered":"<p style=\"text-align: left;\">C\u016bku mamma Helmi veselu gadu ir urbin\u0101jusies ap savdab\u012bgo izgudrojumu &#8211; lido\u0161anas ma\u0161\u012bnu, kura lido p\u0101ri pe\u013c\u0137\u0113m. Nu jau var sac\u012bt, ka \u0161obr\u012bd Helmi ar saviem izgudrojumiem ir veiksm\u012bgi tikusi gal\u0101, un tagad ar\u012b Lotes zemes viesi ar Helmi izgudroto apar\u0101tu var p\u0101rlidot p\u0101ri pe\u013c\u0137ei. Tom\u0113r, ja k\u0101ds patie\u0161\u0101m v\u0113las lidojuma laik\u0101 iel\u0113kt dub\u013cu pe\u013c\u0137\u0113, tad l\u016bdzu \u2013 k\u0101 ne k\u0101 svaigi dub\u013ci ir \u013coti pat\u012bkami un vesel\u012bbai noder\u012bgi. Un gan jau Helmi p\u0113c \u0161\u0101das proced\u016bras atrad\u012bs jums ar\u012b k\u0101das sausas dr\u0113bes.<\/p>\n","protected":false},"excerpt":{"rendered":"<p>C\u016bku mamma Helmi veselu gadu ir urbin\u0101jusies ap savdab\u012bgo izgudrojumu &#8211; lido\u0161anas ma\u0161\u012bnu, kura lido p\u0101ri pe\u013c\u0137\u0113m. Nu jau var sac\u012bt, ka \u0161obr\u012bd Helmi ar saviem izgudrojumiem ir veiksm\u012bgi tikusi gal\u0101, un tagad ar\u012b Lotes zemes viesi ar Helmi izgudroto apar\u0101tu var p\u0101rlidot p\u0101ri pe\u013c\u0137ei. Tom\u0113r, ja k\u0101ds patie\u0161\u0101m v\u0113las lidojuma laik\u0101 iel\u0113kt dub\u013cu pe\u013c\u0137\u0113, &hellip; <a href=\"https:\/\/lottemaa.ee\/lv\/par-lotes-zemi\/izgudrojumi\/helmi-lennumasin\/\">Continued<\/a><\/p>\n","protected":false},"author":7,"featured_media":2994,"parent":4256,"menu_order":512,"comment_status":"closed","ping_status":"closed","template":"","meta":{"_acf_changed":false,"om_disable_all_campaigns":false,"_uf_show_specific_survey":0,"_uf_disable_surveys":false,"footnotes":""},"class_list":["post-4263","page","type-page","status-publish","has-post-thumbnail","hentry"],"acf":[],"yoast_head":"<!-- This site is optimized with the Yoast SEO plugin v25.5 - https:\/\/yoast.com\/wordpress\/plugins\/seo\/ -->\n<title>C\u016aKU MAMMAS HELMI LIDO\u0160ANAS MA\u0160\u012aNA | Lottemaa Teemapark<\/title>\n<meta name=\"description\" content=\"C\u016bku mamma Helmi veselu gadu ir urbin\u0101jusies ap savdab\u012bgo izgudrojumu - lido\u0161anas ma\u0161\u012bnu, kura lido p\u0101ri pe\u013c\u0137\u0113m.\" \/>\n<meta name=\"robots\" content=\"index, follow, max-snippet:-1, max-image-preview:large, max-video-preview:-1\" \/>\n<link rel=\"canonical\" href=\"https:\/\/lottemaa.ee\/lv\/par-lotes-zemi\/izgudrojumi\/helmi-lennumasin\/\" \/>\n<meta property=\"og:locale\" content=\"lv_LV\" \/>\n<meta property=\"og:type\" content=\"article\" \/>\n<meta property=\"og:title\" content=\"C\u016aKU MAMMAS HELMI LIDO\u0160ANAS MA\u0160\u012aNA | Lottemaa Teemapark\" \/>\n<meta property=\"og:description\" content=\"C\u016bku mamma Helmi veselu gadu ir urbin\u0101jusies ap savdab\u012bgo izgudrojumu - lido\u0161anas ma\u0161\u012bnu, kura lido p\u0101ri pe\u013c\u0137\u0113m.\" \/>\n<meta property=\"og:url\" content=\"https:\/\/lottemaa.ee\/lv\/par-lotes-zemi\/izgudrojumi\/helmi-lennumasin\/\" \/>\n<meta property=\"og:site_name\" content=\"Lottemaa Teemapark\" \/>\n<meta property=\"article:modified_time\" content=\"2024-09-25T13:31:31+00:00\" \/>\n<meta property=\"og:image\" content=\"https:\/\/lottemaa.ee\/wp-content\/uploads\/2016\/05\/Esimesed-pildid-1-1024x683.jpg\" \/>\n\t<meta property=\"og:image:width\" content=\"1024\" \/>\n\t<meta property=\"og:image:height\" content=\"683\" \/>\n\t<meta property=\"og:image:type\" content=\"image\/jpeg\" \/>\n<meta name=\"twitter:card\" content=\"summary_large_image\" \/>\n<meta name=\"twitter:label1\" content=\"Est. reading time\" \/>\n\t<meta name=\"twitter:data1\" content=\"1 min\u016b\u0161u\" \/>\n<script type=\"application\/ld+json\" class=\"yoast-schema-graph\">{\"@context\":\"https:\/\/schema.org\",\"@graph\":[{\"@type\":\"WebPage\",\"@id\":\"https:\/\/lottemaa.ee\/lv\/par-lotes-zemi\/izgudrojumi\/helmi-lennumasin\/\",\"url\":\"https:\/\/lottemaa.ee\/lv\/par-lotes-zemi\/izgudrojumi\/helmi-lennumasin\/\",\"name\":\"C\u016aKU MAMMAS HELMI LIDO\u0160ANAS MA\u0160\u012aNA | Lottemaa Teemapark\",\"isPartOf\":{\"@id\":\"https:\/\/lottemaa.ee\/#website\"},\"primaryImageOfPage\":{\"@id\":\"https:\/\/lottemaa.ee\/lv\/par-lotes-zemi\/izgudrojumi\/helmi-lennumasin\/#primaryimage\"},\"image\":{\"@id\":\"https:\/\/lottemaa.ee\/lv\/par-lotes-zemi\/izgudrojumi\/helmi-lennumasin\/#primaryimage\"},\"thumbnailUrl\":\"https:\/\/lottemaa.ee\/wp-content\/uploads\/2016\/05\/Esimesed-pildid-1.jpg\",\"datePublished\":\"2017-04-05T07:59:04+00:00\",\"dateModified\":\"2024-09-25T13:31:31+00:00\",\"description\":\"C\u016bku mamma Helmi veselu gadu ir urbin\u0101jusies ap savdab\u012bgo izgudrojumu - lido\u0161anas ma\u0161\u012bnu, kura lido p\u0101ri pe\u013c\u0137\u0113m.\",\"breadcrumb\":{\"@id\":\"https:\/\/lottemaa.ee\/lv\/par-lotes-zemi\/izgudrojumi\/helmi-lennumasin\/#breadcrumb\"},\"inLanguage\":\"lv-LV\",\"potentialAction\":[{\"@type\":\"ReadAction\",\"target\":[\"https:\/\/lottemaa.ee\/lv\/par-lotes-zemi\/izgudrojumi\/helmi-lennumasin\/\"]}]},{\"@type\":\"ImageObject\",\"inLanguage\":\"lv-LV\",\"@id\":\"https:\/\/lottemaa.ee\/lv\/par-lotes-zemi\/izgudrojumi\/helmi-lennumasin\/#primaryimage\",\"url\":\"https:\/\/lottemaa.ee\/wp-content\/uploads\/2016\/05\/Esimesed-pildid-1.jpg\",\"contentUrl\":\"https:\/\/lottemaa.ee\/wp-content\/uploads\/2016\/05\/Esimesed-pildid-1.jpg\",\"width\":5585,\"height\":3723},{\"@type\":\"BreadcrumbList\",\"@id\":\"https:\/\/lottemaa.ee\/lv\/par-lotes-zemi\/izgudrojumi\/helmi-lennumasin\/#breadcrumb\",\"itemListElement\":[{\"@type\":\"ListItem\",\"position\":1,\"name\":\"Home\",\"item\":\"https:\/\/lottemaa.ee\/lv\/\"},{\"@type\":\"ListItem\",\"position\":2,\"name\":\"Diena Lotes zem\u0113\",\"item\":\"https:\/\/lottemaa.ee\/lv\/par-lotes-zemi\/\"},{\"@type\":\"ListItem\",\"position\":3,\"name\":\"IZGUDROJUMI\",\"item\":\"https:\/\/lottemaa.ee\/lv\/par-lotes-zemi\/izgudrojumi\/\"},{\"@type\":\"ListItem\",\"position\":4,\"name\":\"C\u016aKU MAMMAS HELMI LIDO\u0160ANAS MA\u0160\u012aNA\"}]},{\"@type\":\"WebSite\",\"@id\":\"https:\/\/lottemaa.ee\/#website\",\"url\":\"https:\/\/lottemaa.ee\/\",\"name\":\"Lottemaa Teemapark\",\"description\":\"Baltimaade suurim ja k\u00f5ige \u00e4gedam kogupere teemapark Eestis P\u00e4rnumaal\",\"publisher\":{\"@id\":\"https:\/\/lottemaa.ee\/#organization\"},\"potentialAction\":[{\"@type\":\"SearchAction\",\"target\":{\"@type\":\"EntryPoint\",\"urlTemplate\":\"https:\/\/lottemaa.ee\/?s={search_term_string}\"},\"query-input\":{\"@type\":\"PropertyValueSpecification\",\"valueRequired\":true,\"valueName\":\"search_term_string\"}}],\"inLanguage\":\"lv-LV\"},{\"@type\":\"Organization\",\"@id\":\"https:\/\/lottemaa.ee\/#organization\",\"name\":\"Lottemaa Teemapark\",\"url\":\"https:\/\/lottemaa.ee\/\",\"logo\":{\"@type\":\"ImageObject\",\"inLanguage\":\"lv-LV\",\"@id\":\"https:\/\/lottemaa.ee\/#\/schema\/logo\/image\/\",\"url\":\"https:\/\/lottemaa.ee\/wp-content\/uploads\/2018\/12\/Lottemaa_LOGO.png\",\"contentUrl\":\"https:\/\/lottemaa.ee\/wp-content\/uploads\/2018\/12\/Lottemaa_LOGO.png\",\"width\":1024,\"height\":518,\"caption\":\"Lottemaa Teemapark\"},\"image\":{\"@id\":\"https:\/\/lottemaa.ee\/#\/schema\/logo\/image\/\"}}]}<\/script>\n<!-- \/ Yoast SEO plugin. -->","yoast_head_json":{"title":"C\u016aKU MAMMAS HELMI LIDO\u0160ANAS MA\u0160\u012aNA | Lottemaa Teemapark","description":"C\u016bku mamma Helmi veselu gadu ir urbin\u0101jusies ap savdab\u012bgo izgudrojumu - lido\u0161anas ma\u0161\u012bnu, kura lido p\u0101ri pe\u013c\u0137\u0113m.","robots":{"index":"index","follow":"follow","max-snippet":"max-snippet:-1","max-image-preview":"max-image-preview:large","max-video-preview":"max-video-preview:-1"},"canonical":"https:\/\/lottemaa.ee\/lv\/par-lotes-zemi\/izgudrojumi\/helmi-lennumasin\/","og_locale":"lv_LV","og_type":"article","og_title":"C\u016aKU MAMMAS HELMI LIDO\u0160ANAS MA\u0160\u012aNA | Lottemaa Teemapark","og_description":"C\u016bku mamma Helmi veselu gadu ir urbin\u0101jusies ap savdab\u012bgo izgudrojumu - lido\u0161anas ma\u0161\u012bnu, kura lido p\u0101ri pe\u013c\u0137\u0113m.","og_url":"https:\/\/lottemaa.ee\/lv\/par-lotes-zemi\/izgudrojumi\/helmi-lennumasin\/","og_site_name":"Lottemaa Teemapark","article_modified_time":"2024-09-25T13:31:31+00:00","og_image":[{"width":1024,"height":683,"url":"https:\/\/lottemaa.ee\/wp-content\/uploads\/2016\/05\/Esimesed-pildid-1-1024x683.jpg","type":"image\/jpeg"}],"twitter_card":"summary_large_image","twitter_misc":{"Est. reading time":"1 min\u016b\u0161u"},"schema":{"@context":"https:\/\/schema.org","@graph":[{"@type":"WebPage","@id":"https:\/\/lottemaa.ee\/lv\/par-lotes-zemi\/izgudrojumi\/helmi-lennumasin\/","url":"https:\/\/lottemaa.ee\/lv\/par-lotes-zemi\/izgudrojumi\/helmi-lennumasin\/","name":"C\u016aKU MAMMAS HELMI LIDO\u0160ANAS MA\u0160\u012aNA | Lottemaa Teemapark","isPartOf":{"@id":"https:\/\/lottemaa.ee\/#website"},"primaryImageOfPage":{"@id":"https:\/\/lottemaa.ee\/lv\/par-lotes-zemi\/izgudrojumi\/helmi-lennumasin\/#primaryimage"},"image":{"@id":"https:\/\/lottemaa.ee\/lv\/par-lotes-zemi\/izgudrojumi\/helmi-lennumasin\/#primaryimage"},"thumbnailUrl":"https:\/\/lottemaa.ee\/wp-content\/uploads\/2016\/05\/Esimesed-pildid-1.jpg","datePublished":"2017-04-05T07:59:04+00:00","dateModified":"2024-09-25T13:31:31+00:00","description":"C\u016bku mamma Helmi veselu gadu ir urbin\u0101jusies ap savdab\u012bgo izgudrojumu - lido\u0161anas ma\u0161\u012bnu, kura lido p\u0101ri pe\u013c\u0137\u0113m.","breadcrumb":{"@id":"https:\/\/lottemaa.ee\/lv\/par-lotes-zemi\/izgudrojumi\/helmi-lennumasin\/#breadcrumb"},"inLanguage":"lv-LV","potentialAction":[{"@type":"ReadAction","target":["https:\/\/lottemaa.ee\/lv\/par-lotes-zemi\/izgudrojumi\/helmi-lennumasin\/"]}]},{"@type":"ImageObject","inLanguage":"lv-LV","@id":"https:\/\/lottemaa.ee\/lv\/par-lotes-zemi\/izgudrojumi\/helmi-lennumasin\/#primaryimage","url":"https:\/\/lottemaa.ee\/wp-content\/uploads\/2016\/05\/Esimesed-pildid-1.jpg","contentUrl":"https:\/\/lottemaa.ee\/wp-content\/uploads\/2016\/05\/Esimesed-pildid-1.jpg","width":5585,"height":3723},{"@type":"BreadcrumbList","@id":"https:\/\/lottemaa.ee\/lv\/par-lotes-zemi\/izgudrojumi\/helmi-lennumasin\/#breadcrumb","itemListElement":[{"@type":"ListItem","position":1,"name":"Home","item":"https:\/\/lottemaa.ee\/lv\/"},{"@type":"ListItem","position":2,"name":"Diena Lotes zem\u0113","item":"https:\/\/lottemaa.ee\/lv\/par-lotes-zemi\/"},{"@type":"ListItem","position":3,"name":"IZGUDROJUMI","item":"https:\/\/lottemaa.ee\/lv\/par-lotes-zemi\/izgudrojumi\/"},{"@type":"ListItem","position":4,"name":"C\u016aKU MAMMAS HELMI LIDO\u0160ANAS MA\u0160\u012aNA"}]},{"@type":"WebSite","@id":"https:\/\/lottemaa.ee\/#website","url":"https:\/\/lottemaa.ee\/","name":"Lottemaa Teemapark","description":"Baltimaade suurim ja k\u00f5ige \u00e4gedam kogupere teemapark Eestis P\u00e4rnumaal","publisher":{"@id":"https:\/\/lottemaa.ee\/#organization"},"potentialAction":[{"@type":"SearchAction","target":{"@type":"EntryPoint","urlTemplate":"https:\/\/lottemaa.ee\/?s={search_term_string}"},"query-input":{"@type":"PropertyValueSpecification","valueRequired":true,"valueName":"search_term_string"}}],"inLanguage":"lv-LV"},{"@type":"Organization","@id":"https:\/\/lottemaa.ee\/#organization","name":"Lottemaa Teemapark","url":"https:\/\/lottemaa.ee\/","logo":{"@type":"ImageObject","inLanguage":"lv-LV","@id":"https:\/\/lottemaa.ee\/#\/schema\/logo\/image\/","url":"https:\/\/lottemaa.ee\/wp-content\/uploads\/2018\/12\/Lottemaa_LOGO.png","contentUrl":"https:\/\/lottemaa.ee\/wp-content\/uploads\/2018\/12\/Lottemaa_LOGO.png","width":1024,"height":518,"caption":"Lottemaa Teemapark"},"image":{"@id":"https:\/\/lottemaa.ee\/#\/schema\/logo\/image\/"}}]}},"_links":{"self":[{"href":"https:\/\/lottemaa.ee\/lv\/wp-json\/wp\/v2\/pages\/4263","targetHints":{"allow":["GET"]}}],"collection":[{"href":"https:\/\/lottemaa.ee\/lv\/wp-json\/wp\/v2\/pages"}],"about":[{"href":"https:\/\/lottemaa.ee\/lv\/wp-json\/wp\/v2\/types\/page"}],"author":[{"embeddable":true,"href":"https:\/\/lottemaa.ee\/lv\/wp-json\/wp\/v2\/users\/7"}],"replies":[{"embeddable":true,"href":"https:\/\/lottemaa.ee\/lv\/wp-json\/wp\/v2\/comments?post=4263"}],"version-history":[{"count":3,"href":"https:\/\/lottemaa.ee\/lv\/wp-json\/wp\/v2\/pages\/4263\/revisions"}],"predecessor-version":[{"id":20480,"href":"https:\/\/lottemaa.ee\/lv\/wp-json\/wp\/v2\/pages\/4263\/revisions\/20480"}],"up":[{"embeddable":true,"href":"https:\/\/lottemaa.ee\/lv\/wp-json\/wp\/v2\/pages\/4256"}],"wp:featuredmedia":[{"embeddable":true,"href":"https:\/\/lottemaa.ee\/lv\/wp-json\/wp\/v2\/media\/2994"}],"wp:attachment":[{"href":"https:\/\/lottemaa.ee\/lv\/wp-json\/wp\/v2\/media?parent=4263"}],"curies":[{"name":"wp","href":"https:\/\/api.w.org\/{rel}","templated":true}]}}