{"id":4261,"date":"2017-04-05T10:57:17","date_gmt":"2017-04-05T07:57:17","guid":{"rendered":"http:\/\/test.lottemaa.ee\/?page_id=4261\/"},"modified":"2024-09-25T16:12:45","modified_gmt":"2024-09-25T13:12:45","slug":"klausi-rannulaev","status":"publish","type":"page","link":"https:\/\/lottemaa.ee\/lv\/par-lotes-zemi\/izgudrojumi\/klausi-rannulaev\/","title":{"rendered":"KLAUSA CE\u013bOJUMU KU\u0122IS"},"content":{"rendered":"<p style=\"text-align: left;\">Vecais ce\u013cot\u0101js, suns Klauss, bija devies uz H\u012bjum\u0101, lai p\u0101rbaud\u012btu, vai Kepu b\u0101ka v\u0113l atrodas vecaj\u0101 viet\u0101. Izr\u0101d\u012bj\u0101s, ka t\u0101 tur bija, un Klauss var\u0113ja doties m\u0101jup. Pa to laiku bija sac\u0113lies v\u0113j\u0161, un visi ku\u0123i bija sapulc\u0113ju\u0161ies ost\u0101, lai patvertos no v\u0113tras. Tikai viens vecs un drosm\u012bgs ku\u0123is bija ar mieru Klausu aizvest atpaka\u013c uz Izgudrot\u0101ju ciemu. Klauss un ku\u0123is sadraudz\u0113j\u0101s, un ku\u0123is nol\u0113ma Izgudrot\u0101ju ciem\u0101 palikt uz dz\u012bvi. Tagad ku\u0123is dz\u012bvo j\u016brmalas me\u017e\u0101, un Klauss vi\u0146u bie\u017ei apciemo, lai kop\u012bgi nodotos gudr\u0101m sarun\u0101m. Un, ja Klausam v\u0113l\u0101 vakara stund\u0101 nav va\u013cas vairs doties uz m\u0101j\u0101m, no me\u017ea puses dzirdama atskanam pat\u012bkama kr\u0101k\u0161ana. Ku\u0123is kr\u0101c \u010d\u012bkst\u0113dams un knak\u0161\u0137\u0113dams, bet Klauss nop\u016b\u0161oties un muti \u010d\u0101pstin\u0101dams.<\/p>\n","protected":false},"excerpt":{"rendered":"<p>Vecais ce\u013cot\u0101js, suns Klauss, bija devies uz H\u012bjum\u0101, lai p\u0101rbaud\u012btu, vai Kepu b\u0101ka v\u0113l atrodas vecaj\u0101 viet\u0101. Izr\u0101d\u012bj\u0101s, ka t\u0101 tur bija, un Klauss var\u0113ja doties m\u0101jup. Pa to laiku bija sac\u0113lies v\u0113j\u0161, un visi ku\u0123i bija sapulc\u0113ju\u0161ies ost\u0101, lai patvertos no v\u0113tras. Tikai viens vecs un drosm\u012bgs ku\u0123is bija ar mieru Klausu aizvest atpaka\u013c &hellip; <a href=\"https:\/\/lottemaa.ee\/lv\/par-lotes-zemi\/izgudrojumi\/klausi-rannulaev\/\">Continued<\/a><\/p>\n","protected":false},"author":7,"featured_media":28454,"parent":4256,"menu_order":455,"comment_status":"closed","ping_status":"closed","template":"","meta":{"_acf_changed":false,"om_disable_all_campaigns":false,"_uf_show_specific_survey":0,"_uf_disable_surveys":false,"footnotes":""},"class_list":["post-4261","page","type-page","status-publish","has-post-thumbnail","hentry"],"acf":[],"yoast_head":"<!-- This site is optimized with the Yoast SEO plugin v25.5 - https:\/\/yoast.com\/wordpress\/plugins\/seo\/ -->\n<title>KLAUSA CE\u013bOJUMU KU\u0122IS | Lottemaa Teemapark<\/title>\n<meta name=\"description\" content=\"Vecais ce\u013cot\u0101js, suns Klauss, bija devies uz H\u012bjum\u0101, lai p\u0101rbaud\u012btu, vai Kepu b\u0101ka v\u0113l atrodas vecaj\u0101 viet\u0101. Izr\u0101d\u012bj\u0101s, ka t\u0101 tur bija, un Klauss var\u0113ja doties m\u0101jup.\" \/>\n<meta name=\"robots\" content=\"index, follow, max-snippet:-1, max-image-preview:large, max-video-preview:-1\" \/>\n<link rel=\"canonical\" href=\"https:\/\/lottemaa.ee\/lv\/par-lotes-zemi\/izgudrojumi\/klausi-rannulaev\/\" \/>\n<meta property=\"og:locale\" content=\"lv_LV\" \/>\n<meta property=\"og:type\" content=\"article\" \/>\n<meta property=\"og:title\" content=\"KLAUSA CE\u013bOJUMU KU\u0122IS | Lottemaa Teemapark\" \/>\n<meta property=\"og:description\" content=\"Vecais ce\u013cot\u0101js, suns Klauss, bija devies uz H\u012bjum\u0101, lai p\u0101rbaud\u012btu, vai Kepu b\u0101ka v\u0113l atrodas vecaj\u0101 viet\u0101. Izr\u0101d\u012bj\u0101s, ka t\u0101 tur bija, un Klauss var\u0113ja doties m\u0101jup.\" \/>\n<meta property=\"og:url\" content=\"https:\/\/lottemaa.ee\/lv\/par-lotes-zemi\/izgudrojumi\/klausi-rannulaev\/\" \/>\n<meta property=\"og:site_name\" content=\"Lottemaa Teemapark\" \/>\n<meta property=\"article:modified_time\" content=\"2024-09-25T13:12:45+00:00\" \/>\n<meta property=\"og:image\" content=\"https:\/\/lottemaa.ee\/wp-content\/uploads\/2024\/09\/DSC_7020-scaled.jpg\" \/>\n\t<meta property=\"og:image:width\" content=\"2560\" \/>\n\t<meta property=\"og:image:height\" content=\"1696\" \/>\n\t<meta property=\"og:image:type\" content=\"image\/jpeg\" \/>\n<meta name=\"twitter:card\" content=\"summary_large_image\" \/>\n<meta name=\"twitter:label1\" content=\"Est. reading time\" \/>\n\t<meta name=\"twitter:data1\" content=\"1 min\u016b\u0161u\" \/>\n<script type=\"application\/ld+json\" class=\"yoast-schema-graph\">{\"@context\":\"https:\/\/schema.org\",\"@graph\":[{\"@type\":\"WebPage\",\"@id\":\"https:\/\/lottemaa.ee\/lv\/par-lotes-zemi\/izgudrojumi\/klausi-rannulaev\/\",\"url\":\"https:\/\/lottemaa.ee\/lv\/par-lotes-zemi\/izgudrojumi\/klausi-rannulaev\/\",\"name\":\"KLAUSA CE\u013bOJUMU KU\u0122IS | Lottemaa Teemapark\",\"isPartOf\":{\"@id\":\"https:\/\/lottemaa.ee\/#website\"},\"primaryImageOfPage\":{\"@id\":\"https:\/\/lottemaa.ee\/lv\/par-lotes-zemi\/izgudrojumi\/klausi-rannulaev\/#primaryimage\"},\"image\":{\"@id\":\"https:\/\/lottemaa.ee\/lv\/par-lotes-zemi\/izgudrojumi\/klausi-rannulaev\/#primaryimage\"},\"thumbnailUrl\":\"https:\/\/lottemaa.ee\/wp-content\/uploads\/2024\/09\/DSC_7020-scaled.jpg\",\"datePublished\":\"2017-04-05T07:57:17+00:00\",\"dateModified\":\"2024-09-25T13:12:45+00:00\",\"description\":\"Vecais ce\u013cot\u0101js, suns Klauss, bija devies uz H\u012bjum\u0101, lai p\u0101rbaud\u012btu, vai Kepu b\u0101ka v\u0113l atrodas vecaj\u0101 viet\u0101. Izr\u0101d\u012bj\u0101s, ka t\u0101 tur bija, un Klauss var\u0113ja doties m\u0101jup.\",\"breadcrumb\":{\"@id\":\"https:\/\/lottemaa.ee\/lv\/par-lotes-zemi\/izgudrojumi\/klausi-rannulaev\/#breadcrumb\"},\"inLanguage\":\"lv-LV\",\"potentialAction\":[{\"@type\":\"ReadAction\",\"target\":[\"https:\/\/lottemaa.ee\/lv\/par-lotes-zemi\/izgudrojumi\/klausi-rannulaev\/\"]}]},{\"@type\":\"ImageObject\",\"inLanguage\":\"lv-LV\",\"@id\":\"https:\/\/lottemaa.ee\/lv\/par-lotes-zemi\/izgudrojumi\/klausi-rannulaev\/#primaryimage\",\"url\":\"https:\/\/lottemaa.ee\/wp-content\/uploads\/2024\/09\/DSC_7020-scaled.jpg\",\"contentUrl\":\"https:\/\/lottemaa.ee\/wp-content\/uploads\/2024\/09\/DSC_7020-scaled.jpg\",\"width\":2560,\"height\":1696},{\"@type\":\"BreadcrumbList\",\"@id\":\"https:\/\/lottemaa.ee\/lv\/par-lotes-zemi\/izgudrojumi\/klausi-rannulaev\/#breadcrumb\",\"itemListElement\":[{\"@type\":\"ListItem\",\"position\":1,\"name\":\"Home\",\"item\":\"https:\/\/lottemaa.ee\/lv\/\"},{\"@type\":\"ListItem\",\"position\":2,\"name\":\"Diena Lotes zem\u0113\",\"item\":\"https:\/\/lottemaa.ee\/lv\/par-lotes-zemi\/\"},{\"@type\":\"ListItem\",\"position\":3,\"name\":\"IZGUDROJUMI\",\"item\":\"https:\/\/lottemaa.ee\/lv\/par-lotes-zemi\/izgudrojumi\/\"},{\"@type\":\"ListItem\",\"position\":4,\"name\":\"KLAUSA CE\u013bOJUMU KU\u0122IS\"}]},{\"@type\":\"WebSite\",\"@id\":\"https:\/\/lottemaa.ee\/#website\",\"url\":\"https:\/\/lottemaa.ee\/\",\"name\":\"Lottemaa Teemapark\",\"description\":\"Baltimaade suurim ja k\u00f5ige \u00e4gedam kogupere teemapark Eestis P\u00e4rnumaal\",\"publisher\":{\"@id\":\"https:\/\/lottemaa.ee\/#organization\"},\"potentialAction\":[{\"@type\":\"SearchAction\",\"target\":{\"@type\":\"EntryPoint\",\"urlTemplate\":\"https:\/\/lottemaa.ee\/?s={search_term_string}\"},\"query-input\":{\"@type\":\"PropertyValueSpecification\",\"valueRequired\":true,\"valueName\":\"search_term_string\"}}],\"inLanguage\":\"lv-LV\"},{\"@type\":\"Organization\",\"@id\":\"https:\/\/lottemaa.ee\/#organization\",\"name\":\"Lottemaa Teemapark\",\"url\":\"https:\/\/lottemaa.ee\/\",\"logo\":{\"@type\":\"ImageObject\",\"inLanguage\":\"lv-LV\",\"@id\":\"https:\/\/lottemaa.ee\/#\/schema\/logo\/image\/\",\"url\":\"https:\/\/lottemaa.ee\/wp-content\/uploads\/2018\/12\/Lottemaa_LOGO.png\",\"contentUrl\":\"https:\/\/lottemaa.ee\/wp-content\/uploads\/2018\/12\/Lottemaa_LOGO.png\",\"width\":1024,\"height\":518,\"caption\":\"Lottemaa Teemapark\"},\"image\":{\"@id\":\"https:\/\/lottemaa.ee\/#\/schema\/logo\/image\/\"}}]}<\/script>\n<!-- \/ Yoast SEO plugin. -->","yoast_head_json":{"title":"KLAUSA CE\u013bOJUMU KU\u0122IS | Lottemaa Teemapark","description":"Vecais ce\u013cot\u0101js, suns Klauss, bija devies uz H\u012bjum\u0101, lai p\u0101rbaud\u012btu, vai Kepu b\u0101ka v\u0113l atrodas vecaj\u0101 viet\u0101. Izr\u0101d\u012bj\u0101s, ka t\u0101 tur bija, un Klauss var\u0113ja doties m\u0101jup.","robots":{"index":"index","follow":"follow","max-snippet":"max-snippet:-1","max-image-preview":"max-image-preview:large","max-video-preview":"max-video-preview:-1"},"canonical":"https:\/\/lottemaa.ee\/lv\/par-lotes-zemi\/izgudrojumi\/klausi-rannulaev\/","og_locale":"lv_LV","og_type":"article","og_title":"KLAUSA CE\u013bOJUMU KU\u0122IS | Lottemaa Teemapark","og_description":"Vecais ce\u013cot\u0101js, suns Klauss, bija devies uz H\u012bjum\u0101, lai p\u0101rbaud\u012btu, vai Kepu b\u0101ka v\u0113l atrodas vecaj\u0101 viet\u0101. Izr\u0101d\u012bj\u0101s, ka t\u0101 tur bija, un Klauss var\u0113ja doties m\u0101jup.","og_url":"https:\/\/lottemaa.ee\/lv\/par-lotes-zemi\/izgudrojumi\/klausi-rannulaev\/","og_site_name":"Lottemaa Teemapark","article_modified_time":"2024-09-25T13:12:45+00:00","og_image":[{"width":2560,"height":1696,"url":"https:\/\/lottemaa.ee\/wp-content\/uploads\/2024\/09\/DSC_7020-scaled.jpg","type":"image\/jpeg"}],"twitter_card":"summary_large_image","twitter_misc":{"Est. reading time":"1 min\u016b\u0161u"},"schema":{"@context":"https:\/\/schema.org","@graph":[{"@type":"WebPage","@id":"https:\/\/lottemaa.ee\/lv\/par-lotes-zemi\/izgudrojumi\/klausi-rannulaev\/","url":"https:\/\/lottemaa.ee\/lv\/par-lotes-zemi\/izgudrojumi\/klausi-rannulaev\/","name":"KLAUSA CE\u013bOJUMU KU\u0122IS | Lottemaa Teemapark","isPartOf":{"@id":"https:\/\/lottemaa.ee\/#website"},"primaryImageOfPage":{"@id":"https:\/\/lottemaa.ee\/lv\/par-lotes-zemi\/izgudrojumi\/klausi-rannulaev\/#primaryimage"},"image":{"@id":"https:\/\/lottemaa.ee\/lv\/par-lotes-zemi\/izgudrojumi\/klausi-rannulaev\/#primaryimage"},"thumbnailUrl":"https:\/\/lottemaa.ee\/wp-content\/uploads\/2024\/09\/DSC_7020-scaled.jpg","datePublished":"2017-04-05T07:57:17+00:00","dateModified":"2024-09-25T13:12:45+00:00","description":"Vecais ce\u013cot\u0101js, suns Klauss, bija devies uz H\u012bjum\u0101, lai p\u0101rbaud\u012btu, vai Kepu b\u0101ka v\u0113l atrodas vecaj\u0101 viet\u0101. Izr\u0101d\u012bj\u0101s, ka t\u0101 tur bija, un Klauss var\u0113ja doties m\u0101jup.","breadcrumb":{"@id":"https:\/\/lottemaa.ee\/lv\/par-lotes-zemi\/izgudrojumi\/klausi-rannulaev\/#breadcrumb"},"inLanguage":"lv-LV","potentialAction":[{"@type":"ReadAction","target":["https:\/\/lottemaa.ee\/lv\/par-lotes-zemi\/izgudrojumi\/klausi-rannulaev\/"]}]},{"@type":"ImageObject","inLanguage":"lv-LV","@id":"https:\/\/lottemaa.ee\/lv\/par-lotes-zemi\/izgudrojumi\/klausi-rannulaev\/#primaryimage","url":"https:\/\/lottemaa.ee\/wp-content\/uploads\/2024\/09\/DSC_7020-scaled.jpg","contentUrl":"https:\/\/lottemaa.ee\/wp-content\/uploads\/2024\/09\/DSC_7020-scaled.jpg","width":2560,"height":1696},{"@type":"BreadcrumbList","@id":"https:\/\/lottemaa.ee\/lv\/par-lotes-zemi\/izgudrojumi\/klausi-rannulaev\/#breadcrumb","itemListElement":[{"@type":"ListItem","position":1,"name":"Home","item":"https:\/\/lottemaa.ee\/lv\/"},{"@type":"ListItem","position":2,"name":"Diena Lotes zem\u0113","item":"https:\/\/lottemaa.ee\/lv\/par-lotes-zemi\/"},{"@type":"ListItem","position":3,"name":"IZGUDROJUMI","item":"https:\/\/lottemaa.ee\/lv\/par-lotes-zemi\/izgudrojumi\/"},{"@type":"ListItem","position":4,"name":"KLAUSA CE\u013bOJUMU KU\u0122IS"}]},{"@type":"WebSite","@id":"https:\/\/lottemaa.ee\/#website","url":"https:\/\/lottemaa.ee\/","name":"Lottemaa Teemapark","description":"Baltimaade suurim ja k\u00f5ige \u00e4gedam kogupere teemapark Eestis P\u00e4rnumaal","publisher":{"@id":"https:\/\/lottemaa.ee\/#organization"},"potentialAction":[{"@type":"SearchAction","target":{"@type":"EntryPoint","urlTemplate":"https:\/\/lottemaa.ee\/?s={search_term_string}"},"query-input":{"@type":"PropertyValueSpecification","valueRequired":true,"valueName":"search_term_string"}}],"inLanguage":"lv-LV"},{"@type":"Organization","@id":"https:\/\/lottemaa.ee\/#organization","name":"Lottemaa Teemapark","url":"https:\/\/lottemaa.ee\/","logo":{"@type":"ImageObject","inLanguage":"lv-LV","@id":"https:\/\/lottemaa.ee\/#\/schema\/logo\/image\/","url":"https:\/\/lottemaa.ee\/wp-content\/uploads\/2018\/12\/Lottemaa_LOGO.png","contentUrl":"https:\/\/lottemaa.ee\/wp-content\/uploads\/2018\/12\/Lottemaa_LOGO.png","width":1024,"height":518,"caption":"Lottemaa Teemapark"},"image":{"@id":"https:\/\/lottemaa.ee\/#\/schema\/logo\/image\/"}}]}},"_links":{"self":[{"href":"https:\/\/lottemaa.ee\/lv\/wp-json\/wp\/v2\/pages\/4261","targetHints":{"allow":["GET"]}}],"collection":[{"href":"https:\/\/lottemaa.ee\/lv\/wp-json\/wp\/v2\/pages"}],"about":[{"href":"https:\/\/lottemaa.ee\/lv\/wp-json\/wp\/v2\/types\/page"}],"author":[{"embeddable":true,"href":"https:\/\/lottemaa.ee\/lv\/wp-json\/wp\/v2\/users\/7"}],"replies":[{"embeddable":true,"href":"https:\/\/lottemaa.ee\/lv\/wp-json\/wp\/v2\/comments?post=4261"}],"version-history":[{"count":5,"href":"https:\/\/lottemaa.ee\/lv\/wp-json\/wp\/v2\/pages\/4261\/revisions"}],"predecessor-version":[{"id":28555,"href":"https:\/\/lottemaa.ee\/lv\/wp-json\/wp\/v2\/pages\/4261\/revisions\/28555"}],"up":[{"embeddable":true,"href":"https:\/\/lottemaa.ee\/lv\/wp-json\/wp\/v2\/pages\/4256"}],"wp:featuredmedia":[{"embeddable":true,"href":"https:\/\/lottemaa.ee\/lv\/wp-json\/wp\/v2\/media\/28454"}],"wp:attachment":[{"href":"https:\/\/lottemaa.ee\/lv\/wp-json\/wp\/v2\/media?parent=4261"}],"curies":[{"name":"wp","href":"https:\/\/api.w.org\/{rel}","templated":true}]}}