{"id":4259,"date":"2017-04-05T10:55:22","date_gmt":"2017-04-05T07:55:22","guid":{"rendered":"http:\/\/test.lottemaa.ee\/?page_id=4259\/"},"modified":"2024-09-25T16:31:01","modified_gmt":"2024-09-25T13:31:01","slug":"lotte-bruno-onn","status":"publish","type":"page","link":"https:\/\/lottemaa.ee\/lv\/par-lotes-zemi\/izgudrojumi\/lotte-bruno-onn\/","title":{"rendered":"LOTES UN BRUNO B\u016aDI\u0145A"},"content":{"rendered":"<p style=\"text-align: left;\">Viena no jauk\u0101kaj\u0101m nodarb\u0113m ir gul\u0113t j\u016bras krast\u0101, koku zaros uzb\u016bv\u0113t\u0101 b\u016bdi\u0146\u0101, l\u016bkoties j\u016br\u0101 un nodoties sap\u0146iem par to, k\u0101 tu vien\u0101 dien\u0101 ar burulaivu dodies p\u0101ri zilajai j\u016brai uz S\u0101rem\u0101. Lote un Bruno pa\u0161i sev tie\u0161u t\u0101du b\u016bdi\u0146u ar\u012b izgudroja. Ja k\u0101ds no Lotes zemes viesiem ar\u012b v\u0113las vi\u0146u b\u016bdi\u0146\u0101 atp\u016bsties, v\u0113rot j\u016bru un sap\u0146ot, tad laipni l\u016bgti, Lote un Bruno par to tikai priec\u0101sies. Sap\u0146o\u0161ana dz\u012bvi padara raib\u0101ku.<\/p>\n","protected":false},"excerpt":{"rendered":"<p>Viena no jauk\u0101kaj\u0101m nodarb\u0113m ir gul\u0113t j\u016bras krast\u0101, koku zaros uzb\u016bv\u0113t\u0101 b\u016bdi\u0146\u0101, l\u016bkoties j\u016br\u0101 un nodoties sap\u0146iem par to, k\u0101 tu vien\u0101 dien\u0101 ar burulaivu dodies p\u0101ri zilajai j\u016brai uz S\u0101rem\u0101. Lote un Bruno pa\u0161i sev tie\u0161u t\u0101du b\u016bdi\u0146u ar\u012b izgudroja. Ja k\u0101ds no Lotes zemes viesiem ar\u012b v\u0113las vi\u0146u b\u016bdi\u0146\u0101 atp\u016bsties, v\u0113rot j\u016bru un &hellip; <a href=\"https:\/\/lottemaa.ee\/lv\/par-lotes-zemi\/izgudrojumi\/lotte-bruno-onn\/\">Continued<\/a><\/p>\n","protected":false},"author":7,"featured_media":28468,"parent":4256,"menu_order":507,"comment_status":"closed","ping_status":"closed","template":"","meta":{"_acf_changed":false,"om_disable_all_campaigns":false,"_uf_show_specific_survey":0,"_uf_disable_surveys":false,"footnotes":""},"class_list":["post-4259","page","type-page","status-publish","has-post-thumbnail","hentry"],"acf":[],"yoast_head":"<!-- This site is optimized with the Yoast SEO plugin v25.5 - https:\/\/yoast.com\/wordpress\/plugins\/seo\/ -->\n<title>LOTES UN BRUNO B\u016aDI\u0145A | Lottemaa Teemapark<\/title>\n<meta name=\"description\" content=\"Viena no jauk\u0101kaj\u0101m nodarb\u0113m ir gul\u0113t j\u016bras krast\u0101, koku zaros uzb\u016bv\u0113t\u0101 b\u016bdi\u0146\u0101, l\u016bkoties j\u016br\u0101 un nodoties sap\u0146iem par to, k\u0101 tu vien\u0101 dien\u0101 ar burulaivu dodies p\u0101ri zilajai j\u016brai uz S\u0101rem\u0101.\" \/>\n<meta name=\"robots\" content=\"index, follow, max-snippet:-1, max-image-preview:large, max-video-preview:-1\" \/>\n<link rel=\"canonical\" href=\"https:\/\/lottemaa.ee\/lv\/par-lotes-zemi\/izgudrojumi\/lotte-bruno-onn\/\" \/>\n<meta property=\"og:locale\" content=\"lv_LV\" \/>\n<meta property=\"og:type\" content=\"article\" \/>\n<meta property=\"og:title\" content=\"LOTES UN BRUNO B\u016aDI\u0145A | Lottemaa Teemapark\" \/>\n<meta property=\"og:description\" content=\"Viena no jauk\u0101kaj\u0101m nodarb\u0113m ir gul\u0113t j\u016bras krast\u0101, koku zaros uzb\u016bv\u0113t\u0101 b\u016bdi\u0146\u0101, l\u016bkoties j\u016br\u0101 un nodoties sap\u0146iem par to, k\u0101 tu vien\u0101 dien\u0101 ar burulaivu dodies p\u0101ri zilajai j\u016brai uz S\u0101rem\u0101.\" \/>\n<meta property=\"og:url\" content=\"https:\/\/lottemaa.ee\/lv\/par-lotes-zemi\/izgudrojumi\/lotte-bruno-onn\/\" \/>\n<meta property=\"og:site_name\" content=\"Lottemaa Teemapark\" \/>\n<meta property=\"article:modified_time\" content=\"2024-09-25T13:31:01+00:00\" \/>\n<meta property=\"og:image\" content=\"https:\/\/lottemaa.ee\/wp-content\/uploads\/2024\/09\/DSC_7393-scaled.jpg\" \/>\n\t<meta property=\"og:image:width\" content=\"2560\" \/>\n\t<meta property=\"og:image:height\" content=\"1696\" \/>\n\t<meta property=\"og:image:type\" content=\"image\/jpeg\" \/>\n<meta name=\"twitter:card\" content=\"summary_large_image\" \/>\n<meta name=\"twitter:label1\" content=\"Est. reading time\" \/>\n\t<meta name=\"twitter:data1\" content=\"1 min\u016b\u0161u\" \/>\n<script type=\"application\/ld+json\" class=\"yoast-schema-graph\">{\"@context\":\"https:\/\/schema.org\",\"@graph\":[{\"@type\":\"WebPage\",\"@id\":\"https:\/\/lottemaa.ee\/lv\/par-lotes-zemi\/izgudrojumi\/lotte-bruno-onn\/\",\"url\":\"https:\/\/lottemaa.ee\/lv\/par-lotes-zemi\/izgudrojumi\/lotte-bruno-onn\/\",\"name\":\"LOTES UN BRUNO B\u016aDI\u0145A | Lottemaa Teemapark\",\"isPartOf\":{\"@id\":\"https:\/\/lottemaa.ee\/#website\"},\"primaryImageOfPage\":{\"@id\":\"https:\/\/lottemaa.ee\/lv\/par-lotes-zemi\/izgudrojumi\/lotte-bruno-onn\/#primaryimage\"},\"image\":{\"@id\":\"https:\/\/lottemaa.ee\/lv\/par-lotes-zemi\/izgudrojumi\/lotte-bruno-onn\/#primaryimage\"},\"thumbnailUrl\":\"https:\/\/lottemaa.ee\/wp-content\/uploads\/2024\/09\/DSC_7393-scaled.jpg\",\"datePublished\":\"2017-04-05T07:55:22+00:00\",\"dateModified\":\"2024-09-25T13:31:01+00:00\",\"description\":\"Viena no jauk\u0101kaj\u0101m nodarb\u0113m ir gul\u0113t j\u016bras krast\u0101, koku zaros uzb\u016bv\u0113t\u0101 b\u016bdi\u0146\u0101, l\u016bkoties j\u016br\u0101 un nodoties sap\u0146iem par to, k\u0101 tu vien\u0101 dien\u0101 ar burulaivu dodies p\u0101ri zilajai j\u016brai uz S\u0101rem\u0101.\",\"breadcrumb\":{\"@id\":\"https:\/\/lottemaa.ee\/lv\/par-lotes-zemi\/izgudrojumi\/lotte-bruno-onn\/#breadcrumb\"},\"inLanguage\":\"lv-LV\",\"potentialAction\":[{\"@type\":\"ReadAction\",\"target\":[\"https:\/\/lottemaa.ee\/lv\/par-lotes-zemi\/izgudrojumi\/lotte-bruno-onn\/\"]}]},{\"@type\":\"ImageObject\",\"inLanguage\":\"lv-LV\",\"@id\":\"https:\/\/lottemaa.ee\/lv\/par-lotes-zemi\/izgudrojumi\/lotte-bruno-onn\/#primaryimage\",\"url\":\"https:\/\/lottemaa.ee\/wp-content\/uploads\/2024\/09\/DSC_7393-scaled.jpg\",\"contentUrl\":\"https:\/\/lottemaa.ee\/wp-content\/uploads\/2024\/09\/DSC_7393-scaled.jpg\",\"width\":2560,\"height\":1696},{\"@type\":\"BreadcrumbList\",\"@id\":\"https:\/\/lottemaa.ee\/lv\/par-lotes-zemi\/izgudrojumi\/lotte-bruno-onn\/#breadcrumb\",\"itemListElement\":[{\"@type\":\"ListItem\",\"position\":1,\"name\":\"Home\",\"item\":\"https:\/\/lottemaa.ee\/lv\/\"},{\"@type\":\"ListItem\",\"position\":2,\"name\":\"Diena Lotes zem\u0113\",\"item\":\"https:\/\/lottemaa.ee\/lv\/par-lotes-zemi\/\"},{\"@type\":\"ListItem\",\"position\":3,\"name\":\"IZGUDROJUMI\",\"item\":\"https:\/\/lottemaa.ee\/lv\/par-lotes-zemi\/izgudrojumi\/\"},{\"@type\":\"ListItem\",\"position\":4,\"name\":\"LOTES UN BRUNO B\u016aDI\u0145A\"}]},{\"@type\":\"WebSite\",\"@id\":\"https:\/\/lottemaa.ee\/#website\",\"url\":\"https:\/\/lottemaa.ee\/\",\"name\":\"Lottemaa Teemapark\",\"description\":\"Baltimaade suurim ja k\u00f5ige \u00e4gedam kogupere teemapark Eestis P\u00e4rnumaal\",\"publisher\":{\"@id\":\"https:\/\/lottemaa.ee\/#organization\"},\"potentialAction\":[{\"@type\":\"SearchAction\",\"target\":{\"@type\":\"EntryPoint\",\"urlTemplate\":\"https:\/\/lottemaa.ee\/?s={search_term_string}\"},\"query-input\":{\"@type\":\"PropertyValueSpecification\",\"valueRequired\":true,\"valueName\":\"search_term_string\"}}],\"inLanguage\":\"lv-LV\"},{\"@type\":\"Organization\",\"@id\":\"https:\/\/lottemaa.ee\/#organization\",\"name\":\"Lottemaa Teemapark\",\"url\":\"https:\/\/lottemaa.ee\/\",\"logo\":{\"@type\":\"ImageObject\",\"inLanguage\":\"lv-LV\",\"@id\":\"https:\/\/lottemaa.ee\/#\/schema\/logo\/image\/\",\"url\":\"https:\/\/lottemaa.ee\/wp-content\/uploads\/2018\/12\/Lottemaa_LOGO.png\",\"contentUrl\":\"https:\/\/lottemaa.ee\/wp-content\/uploads\/2018\/12\/Lottemaa_LOGO.png\",\"width\":1024,\"height\":518,\"caption\":\"Lottemaa Teemapark\"},\"image\":{\"@id\":\"https:\/\/lottemaa.ee\/#\/schema\/logo\/image\/\"}}]}<\/script>\n<!-- \/ Yoast SEO plugin. -->","yoast_head_json":{"title":"LOTES UN BRUNO B\u016aDI\u0145A | Lottemaa Teemapark","description":"Viena no jauk\u0101kaj\u0101m nodarb\u0113m ir gul\u0113t j\u016bras krast\u0101, koku zaros uzb\u016bv\u0113t\u0101 b\u016bdi\u0146\u0101, l\u016bkoties j\u016br\u0101 un nodoties sap\u0146iem par to, k\u0101 tu vien\u0101 dien\u0101 ar burulaivu dodies p\u0101ri zilajai j\u016brai uz S\u0101rem\u0101.","robots":{"index":"index","follow":"follow","max-snippet":"max-snippet:-1","max-image-preview":"max-image-preview:large","max-video-preview":"max-video-preview:-1"},"canonical":"https:\/\/lottemaa.ee\/lv\/par-lotes-zemi\/izgudrojumi\/lotte-bruno-onn\/","og_locale":"lv_LV","og_type":"article","og_title":"LOTES UN BRUNO B\u016aDI\u0145A | Lottemaa Teemapark","og_description":"Viena no jauk\u0101kaj\u0101m nodarb\u0113m ir gul\u0113t j\u016bras krast\u0101, koku zaros uzb\u016bv\u0113t\u0101 b\u016bdi\u0146\u0101, l\u016bkoties j\u016br\u0101 un nodoties sap\u0146iem par to, k\u0101 tu vien\u0101 dien\u0101 ar burulaivu dodies p\u0101ri zilajai j\u016brai uz S\u0101rem\u0101.","og_url":"https:\/\/lottemaa.ee\/lv\/par-lotes-zemi\/izgudrojumi\/lotte-bruno-onn\/","og_site_name":"Lottemaa Teemapark","article_modified_time":"2024-09-25T13:31:01+00:00","og_image":[{"width":2560,"height":1696,"url":"https:\/\/lottemaa.ee\/wp-content\/uploads\/2024\/09\/DSC_7393-scaled.jpg","type":"image\/jpeg"}],"twitter_card":"summary_large_image","twitter_misc":{"Est. reading time":"1 min\u016b\u0161u"},"schema":{"@context":"https:\/\/schema.org","@graph":[{"@type":"WebPage","@id":"https:\/\/lottemaa.ee\/lv\/par-lotes-zemi\/izgudrojumi\/lotte-bruno-onn\/","url":"https:\/\/lottemaa.ee\/lv\/par-lotes-zemi\/izgudrojumi\/lotte-bruno-onn\/","name":"LOTES UN BRUNO B\u016aDI\u0145A | Lottemaa Teemapark","isPartOf":{"@id":"https:\/\/lottemaa.ee\/#website"},"primaryImageOfPage":{"@id":"https:\/\/lottemaa.ee\/lv\/par-lotes-zemi\/izgudrojumi\/lotte-bruno-onn\/#primaryimage"},"image":{"@id":"https:\/\/lottemaa.ee\/lv\/par-lotes-zemi\/izgudrojumi\/lotte-bruno-onn\/#primaryimage"},"thumbnailUrl":"https:\/\/lottemaa.ee\/wp-content\/uploads\/2024\/09\/DSC_7393-scaled.jpg","datePublished":"2017-04-05T07:55:22+00:00","dateModified":"2024-09-25T13:31:01+00:00","description":"Viena no jauk\u0101kaj\u0101m nodarb\u0113m ir gul\u0113t j\u016bras krast\u0101, koku zaros uzb\u016bv\u0113t\u0101 b\u016bdi\u0146\u0101, l\u016bkoties j\u016br\u0101 un nodoties sap\u0146iem par to, k\u0101 tu vien\u0101 dien\u0101 ar burulaivu dodies p\u0101ri zilajai j\u016brai uz S\u0101rem\u0101.","breadcrumb":{"@id":"https:\/\/lottemaa.ee\/lv\/par-lotes-zemi\/izgudrojumi\/lotte-bruno-onn\/#breadcrumb"},"inLanguage":"lv-LV","potentialAction":[{"@type":"ReadAction","target":["https:\/\/lottemaa.ee\/lv\/par-lotes-zemi\/izgudrojumi\/lotte-bruno-onn\/"]}]},{"@type":"ImageObject","inLanguage":"lv-LV","@id":"https:\/\/lottemaa.ee\/lv\/par-lotes-zemi\/izgudrojumi\/lotte-bruno-onn\/#primaryimage","url":"https:\/\/lottemaa.ee\/wp-content\/uploads\/2024\/09\/DSC_7393-scaled.jpg","contentUrl":"https:\/\/lottemaa.ee\/wp-content\/uploads\/2024\/09\/DSC_7393-scaled.jpg","width":2560,"height":1696},{"@type":"BreadcrumbList","@id":"https:\/\/lottemaa.ee\/lv\/par-lotes-zemi\/izgudrojumi\/lotte-bruno-onn\/#breadcrumb","itemListElement":[{"@type":"ListItem","position":1,"name":"Home","item":"https:\/\/lottemaa.ee\/lv\/"},{"@type":"ListItem","position":2,"name":"Diena Lotes zem\u0113","item":"https:\/\/lottemaa.ee\/lv\/par-lotes-zemi\/"},{"@type":"ListItem","position":3,"name":"IZGUDROJUMI","item":"https:\/\/lottemaa.ee\/lv\/par-lotes-zemi\/izgudrojumi\/"},{"@type":"ListItem","position":4,"name":"LOTES UN BRUNO B\u016aDI\u0145A"}]},{"@type":"WebSite","@id":"https:\/\/lottemaa.ee\/#website","url":"https:\/\/lottemaa.ee\/","name":"Lottemaa Teemapark","description":"Baltimaade suurim ja k\u00f5ige \u00e4gedam kogupere teemapark Eestis P\u00e4rnumaal","publisher":{"@id":"https:\/\/lottemaa.ee\/#organization"},"potentialAction":[{"@type":"SearchAction","target":{"@type":"EntryPoint","urlTemplate":"https:\/\/lottemaa.ee\/?s={search_term_string}"},"query-input":{"@type":"PropertyValueSpecification","valueRequired":true,"valueName":"search_term_string"}}],"inLanguage":"lv-LV"},{"@type":"Organization","@id":"https:\/\/lottemaa.ee\/#organization","name":"Lottemaa Teemapark","url":"https:\/\/lottemaa.ee\/","logo":{"@type":"ImageObject","inLanguage":"lv-LV","@id":"https:\/\/lottemaa.ee\/#\/schema\/logo\/image\/","url":"https:\/\/lottemaa.ee\/wp-content\/uploads\/2018\/12\/Lottemaa_LOGO.png","contentUrl":"https:\/\/lottemaa.ee\/wp-content\/uploads\/2018\/12\/Lottemaa_LOGO.png","width":1024,"height":518,"caption":"Lottemaa Teemapark"},"image":{"@id":"https:\/\/lottemaa.ee\/#\/schema\/logo\/image\/"}}]}},"_links":{"self":[{"href":"https:\/\/lottemaa.ee\/lv\/wp-json\/wp\/v2\/pages\/4259","targetHints":{"allow":["GET"]}}],"collection":[{"href":"https:\/\/lottemaa.ee\/lv\/wp-json\/wp\/v2\/pages"}],"about":[{"href":"https:\/\/lottemaa.ee\/lv\/wp-json\/wp\/v2\/types\/page"}],"author":[{"embeddable":true,"href":"https:\/\/lottemaa.ee\/lv\/wp-json\/wp\/v2\/users\/7"}],"replies":[{"embeddable":true,"href":"https:\/\/lottemaa.ee\/lv\/wp-json\/wp\/v2\/comments?post=4259"}],"version-history":[{"count":4,"href":"https:\/\/lottemaa.ee\/lv\/wp-json\/wp\/v2\/pages\/4259\/revisions"}],"predecessor-version":[{"id":28561,"href":"https:\/\/lottemaa.ee\/lv\/wp-json\/wp\/v2\/pages\/4259\/revisions\/28561"}],"up":[{"embeddable":true,"href":"https:\/\/lottemaa.ee\/lv\/wp-json\/wp\/v2\/pages\/4256"}],"wp:featuredmedia":[{"embeddable":true,"href":"https:\/\/lottemaa.ee\/lv\/wp-json\/wp\/v2\/media\/28468"}],"wp:attachment":[{"href":"https:\/\/lottemaa.ee\/lv\/wp-json\/wp\/v2\/media?parent=4259"}],"curies":[{"name":"wp","href":"https:\/\/api.w.org\/{rel}","templated":true}]}}