{"id":4254,"date":"2017-04-05T10:43:03","date_gmt":"2017-04-05T07:43:03","guid":{"rendered":"http:\/\/test.lottemaa.ee\/?page_id=4254\/"},"modified":"2023-02-16T12:35:11","modified_gmt":"2023-02-16T10:35:11","slug":"kukaini","status":"publish","type":"page","link":"https:\/\/lottemaa.ee\/lv\/par-mums\/izgudrotaju-ciema-iedzivotaji\/kukaini\/","title":{"rendered":"KUKAI\u0145I"},"content":{"rendered":"<p style=\"text-align: left;\">Izgudrot\u0101ju ciem\u0101 dz\u012bvo daudz da\u017e\u0101di <strong>kukai\u0146i.<\/strong> Visvair\u0101k te ir skudru, t\u0101s sev ir uzb\u016bv\u0113ju\u0161as pat tr\u012bs lielas m\u0101jas. Bizbizm\u0101r\u012btes galvenok\u0101rt dz\u012bvo kokos. Tur t\u0101m ir mazas m\u0101ji\u0146as, kafejn\u012bca, galdniec\u012bbas darbn\u012bca, pirts un bibliot\u0113ka. Sien\u0101\u017ei vasar\u0101 dz\u012bvo b\u016bdi\u0146\u0101s, kas ir sap\u012btas no maziem zari\u0146iem un z\u0101les stiebriem. Vi\u0146iem nav laika, lai b\u016bv\u0113tu liel\u0101kas m\u0101jas, jo sien\u0101\u017eu or\u0137estris visas vasaras naktis j\u016bras krast\u0101, vec\u0101 zirgkasta\u0146a galotn\u0113, Izgudrot\u0101ju ciema iedz\u012bvot\u0101jiem sp\u0113l\u0113 maigas nakts melodijas. Bet, kad pien\u0101k ziema, sien\u0101\u017ei p\u0101rv\u0101cas uz Lotes m\u0101jas b\u0113ni\u0146iem un gul\u0161\u0146\u0101 tur l\u012bdz n\u0101kamajai vasarai. Tikai vecgada vakar\u0101 sien\u0101\u017ei nok\u0101pj no b\u0113ni\u0146iem un kop\u0101 ar p\u0101r\u0113jiem ciema iem\u012btniekiem ball\u0113jas l\u012bdz agram r\u012btam.<\/p>\n","protected":false},"excerpt":{"rendered":"<p>Izgudrot\u0101ju ciem\u0101 dz\u012bvo daudz da\u017e\u0101di kukai\u0146i. Visvair\u0101k te ir skudru, t\u0101s sev ir uzb\u016bv\u0113ju\u0161as pat tr\u012bs lielas m\u0101jas. Bizbizm\u0101r\u012btes galvenok\u0101rt dz\u012bvo kokos. Tur t\u0101m ir mazas m\u0101ji\u0146as, kafejn\u012bca, galdniec\u012bbas darbn\u012bca, pirts un bibliot\u0113ka. Sien\u0101\u017ei vasar\u0101 dz\u012bvo b\u016bdi\u0146\u0101s, kas ir sap\u012btas no maziem zari\u0146iem un z\u0101les stiebriem. Vi\u0146iem nav laika, lai b\u016bv\u0113tu liel\u0101kas m\u0101jas, jo sien\u0101\u017eu &hellip; <a href=\"https:\/\/lottemaa.ee\/lv\/par-mums\/izgudrotaju-ciema-iedzivotaji\/kukaini\/\">Continued<\/a><\/p>\n","protected":false},"author":7,"featured_media":2478,"parent":1338,"menu_order":306,"comment_status":"closed","ping_status":"closed","template":"","meta":{"_acf_changed":false,"om_disable_all_campaigns":false,"_uf_show_specific_survey":0,"_uf_disable_surveys":false,"footnotes":""},"class_list":["post-4254","page","type-page","status-publish","has-post-thumbnail","hentry"],"acf":[],"yoast_head":"<!-- This site is optimized with the Yoast SEO plugin v25.5 - https:\/\/yoast.com\/wordpress\/plugins\/seo\/ -->\n<title>KUKAI\u0145I | Lottemaa Teemapark<\/title>\n<meta name=\"description\" content=\"Izgudrot\u0101ju ciem\u0101 dz\u012bvo daudz da\u017e\u0101di kukai\u0146i. Visvair\u0101k te ir skudru, t\u0101s sev ir uzb\u016bv\u0113ju\u0161as pat tr\u012bs lielas m\u0101jas.\" \/>\n<meta name=\"robots\" content=\"index, follow, max-snippet:-1, max-image-preview:large, max-video-preview:-1\" \/>\n<link rel=\"canonical\" href=\"https:\/\/lottemaa.ee\/lv\/par-lotes-zemi\/izgudrotaju-ciema-iedzivotaji\/kukaini\/\" \/>\n<meta property=\"og:locale\" content=\"lv_LV\" \/>\n<meta property=\"og:type\" content=\"article\" \/>\n<meta property=\"og:title\" content=\"KUKAI\u0145I | Lottemaa Teemapark\" \/>\n<meta property=\"og:description\" content=\"Izgudrot\u0101ju ciem\u0101 dz\u012bvo daudz da\u017e\u0101di kukai\u0146i. Visvair\u0101k te ir skudru, t\u0101s sev ir uzb\u016bv\u0113ju\u0161as pat tr\u012bs lielas m\u0101jas.\" \/>\n<meta property=\"og:url\" content=\"https:\/\/lottemaa.ee\/lv\/par-lotes-zemi\/izgudrotaju-ciema-iedzivotaji\/kukaini\/\" \/>\n<meta property=\"og:site_name\" content=\"Lottemaa Teemapark\" \/>\n<meta property=\"article:modified_time\" content=\"2023-02-16T10:35:11+00:00\" \/>\n<meta property=\"og:image\" content=\"https:\/\/lottemaa.ee\/wp-content\/uploads\/2016\/06\/putukad-1.jpg\" \/>\n\t<meta property=\"og:image:width\" content=\"316\" \/>\n\t<meta property=\"og:image:height\" content=\"177\" \/>\n\t<meta property=\"og:image:type\" content=\"image\/jpeg\" \/>\n<meta name=\"twitter:card\" content=\"summary_large_image\" \/>\n<meta name=\"twitter:label1\" content=\"Est. reading time\" \/>\n\t<meta name=\"twitter:data1\" content=\"1 min\u016b\u0161u\" \/>\n<script type=\"application\/ld+json\" class=\"yoast-schema-graph\">{\"@context\":\"https:\/\/schema.org\",\"@graph\":[{\"@type\":\"WebPage\",\"@id\":\"https:\/\/lottemaa.ee\/lv\/par-lotes-zemi\/izgudrotaju-ciema-iedzivotaji\/kukaini\/\",\"url\":\"https:\/\/lottemaa.ee\/lv\/par-lotes-zemi\/izgudrotaju-ciema-iedzivotaji\/kukaini\/\",\"name\":\"KUKAI\u0145I | Lottemaa Teemapark\",\"isPartOf\":{\"@id\":\"https:\/\/lottemaa.ee\/#website\"},\"primaryImageOfPage\":{\"@id\":\"https:\/\/lottemaa.ee\/lv\/par-lotes-zemi\/izgudrotaju-ciema-iedzivotaji\/kukaini\/#primaryimage\"},\"image\":{\"@id\":\"https:\/\/lottemaa.ee\/lv\/par-lotes-zemi\/izgudrotaju-ciema-iedzivotaji\/kukaini\/#primaryimage\"},\"thumbnailUrl\":\"https:\/\/lottemaa.ee\/wp-content\/uploads\/2016\/06\/putukad-1.jpg\",\"datePublished\":\"2017-04-05T07:43:03+00:00\",\"dateModified\":\"2023-02-16T10:35:11+00:00\",\"description\":\"Izgudrot\u0101ju ciem\u0101 dz\u012bvo daudz da\u017e\u0101di kukai\u0146i. Visvair\u0101k te ir skudru, t\u0101s sev ir uzb\u016bv\u0113ju\u0161as pat tr\u012bs lielas m\u0101jas.\",\"breadcrumb\":{\"@id\":\"https:\/\/lottemaa.ee\/lv\/par-lotes-zemi\/izgudrotaju-ciema-iedzivotaji\/kukaini\/#breadcrumb\"},\"inLanguage\":\"lv-LV\",\"potentialAction\":[{\"@type\":\"ReadAction\",\"target\":[\"https:\/\/lottemaa.ee\/lv\/par-lotes-zemi\/izgudrotaju-ciema-iedzivotaji\/kukaini\/\"]}]},{\"@type\":\"ImageObject\",\"inLanguage\":\"lv-LV\",\"@id\":\"https:\/\/lottemaa.ee\/lv\/par-lotes-zemi\/izgudrotaju-ciema-iedzivotaji\/kukaini\/#primaryimage\",\"url\":\"https:\/\/lottemaa.ee\/wp-content\/uploads\/2016\/06\/putukad-1.jpg\",\"contentUrl\":\"https:\/\/lottemaa.ee\/wp-content\/uploads\/2016\/06\/putukad-1.jpg\",\"width\":316,\"height\":177},{\"@type\":\"BreadcrumbList\",\"@id\":\"https:\/\/lottemaa.ee\/lv\/par-lotes-zemi\/izgudrotaju-ciema-iedzivotaji\/kukaini\/#breadcrumb\",\"itemListElement\":[{\"@type\":\"ListItem\",\"position\":1,\"name\":\"Home\",\"item\":\"https:\/\/lottemaa.ee\/lv\/\"},{\"@type\":\"ListItem\",\"position\":2,\"name\":\"Diena Lotes zem\u0113\",\"item\":\"https:\/\/lottemaa.ee\/lv\/par-lotes-zemi\/\"},{\"@type\":\"ListItem\",\"position\":3,\"name\":\"Izgudrot\u0101ju ciema iedz\u012bvot\u0101ji\",\"item\":\"https:\/\/lottemaa.ee\/lv\/par-lotes-zemi\/izgudrotaju-ciema-iedzivotaji\/\"},{\"@type\":\"ListItem\",\"position\":4,\"name\":\"KUKAI\u0145I\"}]},{\"@type\":\"WebSite\",\"@id\":\"https:\/\/lottemaa.ee\/#website\",\"url\":\"https:\/\/lottemaa.ee\/\",\"name\":\"Lottemaa Teemapark\",\"description\":\"Baltimaade suurim ja k\u00f5ige \u00e4gedam kogupere teemapark Eestis P\u00e4rnumaal\",\"publisher\":{\"@id\":\"https:\/\/lottemaa.ee\/#organization\"},\"potentialAction\":[{\"@type\":\"SearchAction\",\"target\":{\"@type\":\"EntryPoint\",\"urlTemplate\":\"https:\/\/lottemaa.ee\/?s={search_term_string}\"},\"query-input\":{\"@type\":\"PropertyValueSpecification\",\"valueRequired\":true,\"valueName\":\"search_term_string\"}}],\"inLanguage\":\"lv-LV\"},{\"@type\":\"Organization\",\"@id\":\"https:\/\/lottemaa.ee\/#organization\",\"name\":\"Lottemaa Teemapark\",\"url\":\"https:\/\/lottemaa.ee\/\",\"logo\":{\"@type\":\"ImageObject\",\"inLanguage\":\"lv-LV\",\"@id\":\"https:\/\/lottemaa.ee\/#\/schema\/logo\/image\/\",\"url\":\"https:\/\/lottemaa.ee\/wp-content\/uploads\/2018\/12\/Lottemaa_LOGO.png\",\"contentUrl\":\"https:\/\/lottemaa.ee\/wp-content\/uploads\/2018\/12\/Lottemaa_LOGO.png\",\"width\":1024,\"height\":518,\"caption\":\"Lottemaa Teemapark\"},\"image\":{\"@id\":\"https:\/\/lottemaa.ee\/#\/schema\/logo\/image\/\"}}]}<\/script>\n<!-- \/ Yoast SEO plugin. -->","yoast_head_json":{"title":"KUKAI\u0145I | Lottemaa Teemapark","description":"Izgudrot\u0101ju ciem\u0101 dz\u012bvo daudz da\u017e\u0101di kukai\u0146i. Visvair\u0101k te ir skudru, t\u0101s sev ir uzb\u016bv\u0113ju\u0161as pat tr\u012bs lielas m\u0101jas.","robots":{"index":"index","follow":"follow","max-snippet":"max-snippet:-1","max-image-preview":"max-image-preview:large","max-video-preview":"max-video-preview:-1"},"canonical":"https:\/\/lottemaa.ee\/lv\/par-lotes-zemi\/izgudrotaju-ciema-iedzivotaji\/kukaini\/","og_locale":"lv_LV","og_type":"article","og_title":"KUKAI\u0145I | Lottemaa Teemapark","og_description":"Izgudrot\u0101ju ciem\u0101 dz\u012bvo daudz da\u017e\u0101di kukai\u0146i. Visvair\u0101k te ir skudru, t\u0101s sev ir uzb\u016bv\u0113ju\u0161as pat tr\u012bs lielas m\u0101jas.","og_url":"https:\/\/lottemaa.ee\/lv\/par-lotes-zemi\/izgudrotaju-ciema-iedzivotaji\/kukaini\/","og_site_name":"Lottemaa Teemapark","article_modified_time":"2023-02-16T10:35:11+00:00","og_image":[{"width":316,"height":177,"url":"https:\/\/lottemaa.ee\/wp-content\/uploads\/2016\/06\/putukad-1.jpg","type":"image\/jpeg"}],"twitter_card":"summary_large_image","twitter_misc":{"Est. reading time":"1 min\u016b\u0161u"},"schema":{"@context":"https:\/\/schema.org","@graph":[{"@type":"WebPage","@id":"https:\/\/lottemaa.ee\/lv\/par-lotes-zemi\/izgudrotaju-ciema-iedzivotaji\/kukaini\/","url":"https:\/\/lottemaa.ee\/lv\/par-lotes-zemi\/izgudrotaju-ciema-iedzivotaji\/kukaini\/","name":"KUKAI\u0145I | Lottemaa Teemapark","isPartOf":{"@id":"https:\/\/lottemaa.ee\/#website"},"primaryImageOfPage":{"@id":"https:\/\/lottemaa.ee\/lv\/par-lotes-zemi\/izgudrotaju-ciema-iedzivotaji\/kukaini\/#primaryimage"},"image":{"@id":"https:\/\/lottemaa.ee\/lv\/par-lotes-zemi\/izgudrotaju-ciema-iedzivotaji\/kukaini\/#primaryimage"},"thumbnailUrl":"https:\/\/lottemaa.ee\/wp-content\/uploads\/2016\/06\/putukad-1.jpg","datePublished":"2017-04-05T07:43:03+00:00","dateModified":"2023-02-16T10:35:11+00:00","description":"Izgudrot\u0101ju ciem\u0101 dz\u012bvo daudz da\u017e\u0101di kukai\u0146i. Visvair\u0101k te ir skudru, t\u0101s sev ir uzb\u016bv\u0113ju\u0161as pat tr\u012bs lielas m\u0101jas.","breadcrumb":{"@id":"https:\/\/lottemaa.ee\/lv\/par-lotes-zemi\/izgudrotaju-ciema-iedzivotaji\/kukaini\/#breadcrumb"},"inLanguage":"lv-LV","potentialAction":[{"@type":"ReadAction","target":["https:\/\/lottemaa.ee\/lv\/par-lotes-zemi\/izgudrotaju-ciema-iedzivotaji\/kukaini\/"]}]},{"@type":"ImageObject","inLanguage":"lv-LV","@id":"https:\/\/lottemaa.ee\/lv\/par-lotes-zemi\/izgudrotaju-ciema-iedzivotaji\/kukaini\/#primaryimage","url":"https:\/\/lottemaa.ee\/wp-content\/uploads\/2016\/06\/putukad-1.jpg","contentUrl":"https:\/\/lottemaa.ee\/wp-content\/uploads\/2016\/06\/putukad-1.jpg","width":316,"height":177},{"@type":"BreadcrumbList","@id":"https:\/\/lottemaa.ee\/lv\/par-lotes-zemi\/izgudrotaju-ciema-iedzivotaji\/kukaini\/#breadcrumb","itemListElement":[{"@type":"ListItem","position":1,"name":"Home","item":"https:\/\/lottemaa.ee\/lv\/"},{"@type":"ListItem","position":2,"name":"Diena Lotes zem\u0113","item":"https:\/\/lottemaa.ee\/lv\/par-lotes-zemi\/"},{"@type":"ListItem","position":3,"name":"Izgudrot\u0101ju ciema iedz\u012bvot\u0101ji","item":"https:\/\/lottemaa.ee\/lv\/par-lotes-zemi\/izgudrotaju-ciema-iedzivotaji\/"},{"@type":"ListItem","position":4,"name":"KUKAI\u0145I"}]},{"@type":"WebSite","@id":"https:\/\/lottemaa.ee\/#website","url":"https:\/\/lottemaa.ee\/","name":"Lottemaa Teemapark","description":"Baltimaade suurim ja k\u00f5ige \u00e4gedam kogupere teemapark Eestis P\u00e4rnumaal","publisher":{"@id":"https:\/\/lottemaa.ee\/#organization"},"potentialAction":[{"@type":"SearchAction","target":{"@type":"EntryPoint","urlTemplate":"https:\/\/lottemaa.ee\/?s={search_term_string}"},"query-input":{"@type":"PropertyValueSpecification","valueRequired":true,"valueName":"search_term_string"}}],"inLanguage":"lv-LV"},{"@type":"Organization","@id":"https:\/\/lottemaa.ee\/#organization","name":"Lottemaa Teemapark","url":"https:\/\/lottemaa.ee\/","logo":{"@type":"ImageObject","inLanguage":"lv-LV","@id":"https:\/\/lottemaa.ee\/#\/schema\/logo\/image\/","url":"https:\/\/lottemaa.ee\/wp-content\/uploads\/2018\/12\/Lottemaa_LOGO.png","contentUrl":"https:\/\/lottemaa.ee\/wp-content\/uploads\/2018\/12\/Lottemaa_LOGO.png","width":1024,"height":518,"caption":"Lottemaa Teemapark"},"image":{"@id":"https:\/\/lottemaa.ee\/#\/schema\/logo\/image\/"}}]}},"_links":{"self":[{"href":"https:\/\/lottemaa.ee\/lv\/wp-json\/wp\/v2\/pages\/4254","targetHints":{"allow":["GET"]}}],"collection":[{"href":"https:\/\/lottemaa.ee\/lv\/wp-json\/wp\/v2\/pages"}],"about":[{"href":"https:\/\/lottemaa.ee\/lv\/wp-json\/wp\/v2\/types\/page"}],"author":[{"embeddable":true,"href":"https:\/\/lottemaa.ee\/lv\/wp-json\/wp\/v2\/users\/7"}],"replies":[{"embeddable":true,"href":"https:\/\/lottemaa.ee\/lv\/wp-json\/wp\/v2\/comments?post=4254"}],"version-history":[{"count":4,"href":"https:\/\/lottemaa.ee\/lv\/wp-json\/wp\/v2\/pages\/4254\/revisions"}],"predecessor-version":[{"id":20655,"href":"https:\/\/lottemaa.ee\/lv\/wp-json\/wp\/v2\/pages\/4254\/revisions\/20655"}],"up":[{"embeddable":true,"href":"https:\/\/lottemaa.ee\/lv\/wp-json\/wp\/v2\/pages\/1338"}],"wp:featuredmedia":[{"embeddable":true,"href":"https:\/\/lottemaa.ee\/lv\/wp-json\/wp\/v2\/media\/2478"}],"wp:attachment":[{"href":"https:\/\/lottemaa.ee\/lv\/wp-json\/wp\/v2\/media?parent=4254"}],"curies":[{"name":"wp","href":"https:\/\/api.w.org\/{rel}","templated":true}]}}