{"id":4252,"date":"2017-04-05T10:41:36","date_gmt":"2017-04-05T07:41:36","guid":{"rendered":"http:\/\/test.lottemaa.ee\/?page_id=4252\/"},"modified":"2023-02-16T12:24:30","modified_gmt":"2023-02-16T10:24:30","slug":"susliks-veino","status":"publish","type":"page","link":"https:\/\/lottemaa.ee\/lv\/par-mums\/izgudrotaju-ciema-iedzivotaji\/susliks-veino\/","title":{"rendered":"Susliks Veino"},"content":{"rendered":"<p style=\"text-align: left;\"><strong>Susliks Veino<\/strong> ir Izgudrot\u0101ju ciema visneatlaid\u012bg\u0101kais izgudrot\u0101js. Jau vair\u0101kus gadus p\u0113c k\u0101rtas vi\u0146\u0161 no \u0137ie\u0123e\u013ca m\u0113\u0123ina ieg\u016bt siltu maizi. Pirmaj\u0101 gad\u0101 Veino maizes viet\u0101 ieguva z\u0101\u0123u skaidas, tad vair\u0101kas saujas kasta\u0146u un ozolz\u012b\u013cu, p\u0101rdesmit lab\u0101s un kreis\u0101s k\u0101jas ze\u0137es, tr\u012bs zupas katlus, divas harmonikas, zir\u0146us, burk\u0101nus un veselu maisu eg\u013cu \u010diekuru. Vecpuisis Veino sievu \u0146emt sol\u0101s uzreiz, kad maize ir ieg\u016bta. Vi\u0146a n\u0101kam\u0101 sieva b\u016bs pirm\u0101, kas var\u0113s nogar\u0161ot kumosu no jaunieg\u016bt\u0101s maizes.<\/p>\n","protected":false},"excerpt":{"rendered":"<p>Susliks Veino ir Izgudrot\u0101ju ciema visneatlaid\u012bg\u0101kais izgudrot\u0101js. Jau vair\u0101kus gadus p\u0113c k\u0101rtas vi\u0146\u0161 no \u0137ie\u0123e\u013ca m\u0113\u0123ina ieg\u016bt siltu maizi. Pirmaj\u0101 gad\u0101 Veino maizes viet\u0101 ieguva z\u0101\u0123u skaidas, tad vair\u0101kas saujas kasta\u0146u un ozolz\u012b\u013cu, p\u0101rdesmit lab\u0101s un kreis\u0101s k\u0101jas ze\u0137es, tr\u012bs zupas katlus, divas harmonikas, zir\u0146us, burk\u0101nus un veselu maisu eg\u013cu \u010diekuru. Vecpuisis Veino sievu \u0146emt &hellip; <a href=\"https:\/\/lottemaa.ee\/lv\/par-mums\/izgudrotaju-ciema-iedzivotaji\/susliks-veino\/\">Continued<\/a><\/p>\n","protected":false},"author":7,"featured_media":20563,"parent":1338,"menu_order":305,"comment_status":"closed","ping_status":"closed","template":"","meta":{"_acf_changed":false,"om_disable_all_campaigns":false,"_uf_show_specific_survey":0,"_uf_disable_surveys":false,"footnotes":""},"class_list":["post-4252","page","type-page","status-publish","has-post-thumbnail","hentry"],"acf":[],"yoast_head":"<!-- This site is optimized with the Yoast SEO plugin v25.5 - https:\/\/yoast.com\/wordpress\/plugins\/seo\/ -->\n<title>Susliks Veino | Lottemaa Teemapark<\/title>\n<meta name=\"description\" content=\"Susliks Veino ir Izgudrot\u0101ju ciema visneatlaid\u012bg\u0101kais izgudrot\u0101js. Jau vair\u0101kus gadus p\u0113c k\u0101rtas vi\u0146\u0161 no \u0137ie\u0123e\u013ca m\u0113\u0123ina ieg\u016bt siltu maizi.\" \/>\n<meta name=\"robots\" content=\"index, follow, max-snippet:-1, max-image-preview:large, max-video-preview:-1\" \/>\n<link rel=\"canonical\" href=\"https:\/\/lottemaa.ee\/lv\/par-lotes-zemi\/izgudrotaju-ciema-iedzivotaji\/susliks-veino\/\" \/>\n<meta property=\"og:locale\" content=\"lv_LV\" \/>\n<meta property=\"og:type\" content=\"article\" \/>\n<meta property=\"og:title\" content=\"Susliks Veino | Lottemaa Teemapark\" \/>\n<meta property=\"og:description\" content=\"Susliks Veino ir Izgudrot\u0101ju ciema visneatlaid\u012bg\u0101kais izgudrot\u0101js. Jau vair\u0101kus gadus p\u0113c k\u0101rtas vi\u0146\u0161 no \u0137ie\u0123e\u013ca m\u0113\u0123ina ieg\u016bt siltu maizi.\" \/>\n<meta property=\"og:url\" content=\"https:\/\/lottemaa.ee\/lv\/par-lotes-zemi\/izgudrotaju-ciema-iedzivotaji\/susliks-veino\/\" \/>\n<meta property=\"og:site_name\" content=\"Lottemaa Teemapark\" \/>\n<meta property=\"article:modified_time\" content=\"2023-02-16T10:24:30+00:00\" \/>\n<meta property=\"og:image\" content=\"https:\/\/lottemaa.ee\/wp-content\/uploads\/2023\/02\/Vaino_316X177.jpg\" \/>\n\t<meta property=\"og:image:width\" content=\"316\" \/>\n\t<meta property=\"og:image:height\" content=\"177\" \/>\n\t<meta property=\"og:image:type\" content=\"image\/jpeg\" \/>\n<meta name=\"twitter:card\" content=\"summary_large_image\" \/>\n<meta name=\"twitter:label1\" content=\"Est. reading time\" \/>\n\t<meta name=\"twitter:data1\" content=\"1 min\u016b\u0161u\" \/>\n<script type=\"application\/ld+json\" class=\"yoast-schema-graph\">{\"@context\":\"https:\/\/schema.org\",\"@graph\":[{\"@type\":\"WebPage\",\"@id\":\"https:\/\/lottemaa.ee\/lv\/par-lotes-zemi\/izgudrotaju-ciema-iedzivotaji\/susliks-veino\/\",\"url\":\"https:\/\/lottemaa.ee\/lv\/par-lotes-zemi\/izgudrotaju-ciema-iedzivotaji\/susliks-veino\/\",\"name\":\"Susliks Veino | Lottemaa Teemapark\",\"isPartOf\":{\"@id\":\"https:\/\/lottemaa.ee\/#website\"},\"primaryImageOfPage\":{\"@id\":\"https:\/\/lottemaa.ee\/lv\/par-lotes-zemi\/izgudrotaju-ciema-iedzivotaji\/susliks-veino\/#primaryimage\"},\"image\":{\"@id\":\"https:\/\/lottemaa.ee\/lv\/par-lotes-zemi\/izgudrotaju-ciema-iedzivotaji\/susliks-veino\/#primaryimage\"},\"thumbnailUrl\":\"https:\/\/lottemaa.ee\/wp-content\/uploads\/2023\/02\/Vaino_316X177.jpg\",\"datePublished\":\"2017-04-05T07:41:36+00:00\",\"dateModified\":\"2023-02-16T10:24:30+00:00\",\"description\":\"Susliks Veino ir Izgudrot\u0101ju ciema visneatlaid\u012bg\u0101kais izgudrot\u0101js. Jau vair\u0101kus gadus p\u0113c k\u0101rtas vi\u0146\u0161 no \u0137ie\u0123e\u013ca m\u0113\u0123ina ieg\u016bt siltu maizi.\",\"breadcrumb\":{\"@id\":\"https:\/\/lottemaa.ee\/lv\/par-lotes-zemi\/izgudrotaju-ciema-iedzivotaji\/susliks-veino\/#breadcrumb\"},\"inLanguage\":\"lv-LV\",\"potentialAction\":[{\"@type\":\"ReadAction\",\"target\":[\"https:\/\/lottemaa.ee\/lv\/par-lotes-zemi\/izgudrotaju-ciema-iedzivotaji\/susliks-veino\/\"]}]},{\"@type\":\"ImageObject\",\"inLanguage\":\"lv-LV\",\"@id\":\"https:\/\/lottemaa.ee\/lv\/par-lotes-zemi\/izgudrotaju-ciema-iedzivotaji\/susliks-veino\/#primaryimage\",\"url\":\"https:\/\/lottemaa.ee\/wp-content\/uploads\/2023\/02\/Vaino_316X177.jpg\",\"contentUrl\":\"https:\/\/lottemaa.ee\/wp-content\/uploads\/2023\/02\/Vaino_316X177.jpg\",\"width\":316,\"height\":177},{\"@type\":\"BreadcrumbList\",\"@id\":\"https:\/\/lottemaa.ee\/lv\/par-lotes-zemi\/izgudrotaju-ciema-iedzivotaji\/susliks-veino\/#breadcrumb\",\"itemListElement\":[{\"@type\":\"ListItem\",\"position\":1,\"name\":\"Home\",\"item\":\"https:\/\/lottemaa.ee\/lv\/\"},{\"@type\":\"ListItem\",\"position\":2,\"name\":\"Diena Lotes zem\u0113\",\"item\":\"https:\/\/lottemaa.ee\/lv\/par-lotes-zemi\/\"},{\"@type\":\"ListItem\",\"position\":3,\"name\":\"Izgudrot\u0101ju ciema iedz\u012bvot\u0101ji\",\"item\":\"https:\/\/lottemaa.ee\/lv\/par-lotes-zemi\/izgudrotaju-ciema-iedzivotaji\/\"},{\"@type\":\"ListItem\",\"position\":4,\"name\":\"Susliks Veino\"}]},{\"@type\":\"WebSite\",\"@id\":\"https:\/\/lottemaa.ee\/#website\",\"url\":\"https:\/\/lottemaa.ee\/\",\"name\":\"Lottemaa Teemapark\",\"description\":\"Baltimaade suurim ja k\u00f5ige \u00e4gedam kogupere teemapark Eestis P\u00e4rnumaal\",\"publisher\":{\"@id\":\"https:\/\/lottemaa.ee\/#organization\"},\"potentialAction\":[{\"@type\":\"SearchAction\",\"target\":{\"@type\":\"EntryPoint\",\"urlTemplate\":\"https:\/\/lottemaa.ee\/?s={search_term_string}\"},\"query-input\":{\"@type\":\"PropertyValueSpecification\",\"valueRequired\":true,\"valueName\":\"search_term_string\"}}],\"inLanguage\":\"lv-LV\"},{\"@type\":\"Organization\",\"@id\":\"https:\/\/lottemaa.ee\/#organization\",\"name\":\"Lottemaa Teemapark\",\"url\":\"https:\/\/lottemaa.ee\/\",\"logo\":{\"@type\":\"ImageObject\",\"inLanguage\":\"lv-LV\",\"@id\":\"https:\/\/lottemaa.ee\/#\/schema\/logo\/image\/\",\"url\":\"https:\/\/lottemaa.ee\/wp-content\/uploads\/2018\/12\/Lottemaa_LOGO.png\",\"contentUrl\":\"https:\/\/lottemaa.ee\/wp-content\/uploads\/2018\/12\/Lottemaa_LOGO.png\",\"width\":1024,\"height\":518,\"caption\":\"Lottemaa Teemapark\"},\"image\":{\"@id\":\"https:\/\/lottemaa.ee\/#\/schema\/logo\/image\/\"}}]}<\/script>\n<!-- \/ Yoast SEO plugin. -->","yoast_head_json":{"title":"Susliks Veino | Lottemaa Teemapark","description":"Susliks Veino ir Izgudrot\u0101ju ciema visneatlaid\u012bg\u0101kais izgudrot\u0101js. Jau vair\u0101kus gadus p\u0113c k\u0101rtas vi\u0146\u0161 no \u0137ie\u0123e\u013ca m\u0113\u0123ina ieg\u016bt siltu maizi.","robots":{"index":"index","follow":"follow","max-snippet":"max-snippet:-1","max-image-preview":"max-image-preview:large","max-video-preview":"max-video-preview:-1"},"canonical":"https:\/\/lottemaa.ee\/lv\/par-lotes-zemi\/izgudrotaju-ciema-iedzivotaji\/susliks-veino\/","og_locale":"lv_LV","og_type":"article","og_title":"Susliks Veino | Lottemaa Teemapark","og_description":"Susliks Veino ir Izgudrot\u0101ju ciema visneatlaid\u012bg\u0101kais izgudrot\u0101js. Jau vair\u0101kus gadus p\u0113c k\u0101rtas vi\u0146\u0161 no \u0137ie\u0123e\u013ca m\u0113\u0123ina ieg\u016bt siltu maizi.","og_url":"https:\/\/lottemaa.ee\/lv\/par-lotes-zemi\/izgudrotaju-ciema-iedzivotaji\/susliks-veino\/","og_site_name":"Lottemaa Teemapark","article_modified_time":"2023-02-16T10:24:30+00:00","og_image":[{"width":316,"height":177,"url":"https:\/\/lottemaa.ee\/wp-content\/uploads\/2023\/02\/Vaino_316X177.jpg","type":"image\/jpeg"}],"twitter_card":"summary_large_image","twitter_misc":{"Est. reading time":"1 min\u016b\u0161u"},"schema":{"@context":"https:\/\/schema.org","@graph":[{"@type":"WebPage","@id":"https:\/\/lottemaa.ee\/lv\/par-lotes-zemi\/izgudrotaju-ciema-iedzivotaji\/susliks-veino\/","url":"https:\/\/lottemaa.ee\/lv\/par-lotes-zemi\/izgudrotaju-ciema-iedzivotaji\/susliks-veino\/","name":"Susliks Veino | Lottemaa Teemapark","isPartOf":{"@id":"https:\/\/lottemaa.ee\/#website"},"primaryImageOfPage":{"@id":"https:\/\/lottemaa.ee\/lv\/par-lotes-zemi\/izgudrotaju-ciema-iedzivotaji\/susliks-veino\/#primaryimage"},"image":{"@id":"https:\/\/lottemaa.ee\/lv\/par-lotes-zemi\/izgudrotaju-ciema-iedzivotaji\/susliks-veino\/#primaryimage"},"thumbnailUrl":"https:\/\/lottemaa.ee\/wp-content\/uploads\/2023\/02\/Vaino_316X177.jpg","datePublished":"2017-04-05T07:41:36+00:00","dateModified":"2023-02-16T10:24:30+00:00","description":"Susliks Veino ir Izgudrot\u0101ju ciema visneatlaid\u012bg\u0101kais izgudrot\u0101js. Jau vair\u0101kus gadus p\u0113c k\u0101rtas vi\u0146\u0161 no \u0137ie\u0123e\u013ca m\u0113\u0123ina ieg\u016bt siltu maizi.","breadcrumb":{"@id":"https:\/\/lottemaa.ee\/lv\/par-lotes-zemi\/izgudrotaju-ciema-iedzivotaji\/susliks-veino\/#breadcrumb"},"inLanguage":"lv-LV","potentialAction":[{"@type":"ReadAction","target":["https:\/\/lottemaa.ee\/lv\/par-lotes-zemi\/izgudrotaju-ciema-iedzivotaji\/susliks-veino\/"]}]},{"@type":"ImageObject","inLanguage":"lv-LV","@id":"https:\/\/lottemaa.ee\/lv\/par-lotes-zemi\/izgudrotaju-ciema-iedzivotaji\/susliks-veino\/#primaryimage","url":"https:\/\/lottemaa.ee\/wp-content\/uploads\/2023\/02\/Vaino_316X177.jpg","contentUrl":"https:\/\/lottemaa.ee\/wp-content\/uploads\/2023\/02\/Vaino_316X177.jpg","width":316,"height":177},{"@type":"BreadcrumbList","@id":"https:\/\/lottemaa.ee\/lv\/par-lotes-zemi\/izgudrotaju-ciema-iedzivotaji\/susliks-veino\/#breadcrumb","itemListElement":[{"@type":"ListItem","position":1,"name":"Home","item":"https:\/\/lottemaa.ee\/lv\/"},{"@type":"ListItem","position":2,"name":"Diena Lotes zem\u0113","item":"https:\/\/lottemaa.ee\/lv\/par-lotes-zemi\/"},{"@type":"ListItem","position":3,"name":"Izgudrot\u0101ju ciema iedz\u012bvot\u0101ji","item":"https:\/\/lottemaa.ee\/lv\/par-lotes-zemi\/izgudrotaju-ciema-iedzivotaji\/"},{"@type":"ListItem","position":4,"name":"Susliks Veino"}]},{"@type":"WebSite","@id":"https:\/\/lottemaa.ee\/#website","url":"https:\/\/lottemaa.ee\/","name":"Lottemaa Teemapark","description":"Baltimaade suurim ja k\u00f5ige \u00e4gedam kogupere teemapark Eestis P\u00e4rnumaal","publisher":{"@id":"https:\/\/lottemaa.ee\/#organization"},"potentialAction":[{"@type":"SearchAction","target":{"@type":"EntryPoint","urlTemplate":"https:\/\/lottemaa.ee\/?s={search_term_string}"},"query-input":{"@type":"PropertyValueSpecification","valueRequired":true,"valueName":"search_term_string"}}],"inLanguage":"lv-LV"},{"@type":"Organization","@id":"https:\/\/lottemaa.ee\/#organization","name":"Lottemaa Teemapark","url":"https:\/\/lottemaa.ee\/","logo":{"@type":"ImageObject","inLanguage":"lv-LV","@id":"https:\/\/lottemaa.ee\/#\/schema\/logo\/image\/","url":"https:\/\/lottemaa.ee\/wp-content\/uploads\/2018\/12\/Lottemaa_LOGO.png","contentUrl":"https:\/\/lottemaa.ee\/wp-content\/uploads\/2018\/12\/Lottemaa_LOGO.png","width":1024,"height":518,"caption":"Lottemaa Teemapark"},"image":{"@id":"https:\/\/lottemaa.ee\/#\/schema\/logo\/image\/"}}]}},"_links":{"self":[{"href":"https:\/\/lottemaa.ee\/lv\/wp-json\/wp\/v2\/pages\/4252","targetHints":{"allow":["GET"]}}],"collection":[{"href":"https:\/\/lottemaa.ee\/lv\/wp-json\/wp\/v2\/pages"}],"about":[{"href":"https:\/\/lottemaa.ee\/lv\/wp-json\/wp\/v2\/types\/page"}],"author":[{"embeddable":true,"href":"https:\/\/lottemaa.ee\/lv\/wp-json\/wp\/v2\/users\/7"}],"replies":[{"embeddable":true,"href":"https:\/\/lottemaa.ee\/lv\/wp-json\/wp\/v2\/comments?post=4252"}],"version-history":[{"count":2,"href":"https:\/\/lottemaa.ee\/lv\/wp-json\/wp\/v2\/pages\/4252\/revisions"}],"predecessor-version":[{"id":20653,"href":"https:\/\/lottemaa.ee\/lv\/wp-json\/wp\/v2\/pages\/4252\/revisions\/20653"}],"up":[{"embeddable":true,"href":"https:\/\/lottemaa.ee\/lv\/wp-json\/wp\/v2\/pages\/1338"}],"wp:featuredmedia":[{"embeddable":true,"href":"https:\/\/lottemaa.ee\/lv\/wp-json\/wp\/v2\/media\/20563"}],"wp:attachment":[{"href":"https:\/\/lottemaa.ee\/lv\/wp-json\/wp\/v2\/media?parent=4252"}],"curies":[{"name":"wp","href":"https:\/\/api.w.org\/{rel}","templated":true}]}}