{"id":4248,"date":"2017-04-05T10:33:32","date_gmt":"2017-04-05T07:33:32","guid":{"rendered":"http:\/\/test.lottemaa.ee\/?page_id=4248\/"},"modified":"2024-03-05T11:45:06","modified_gmt":"2024-03-05T09:45:06","slug":"julija","status":"publish","type":"page","link":"https:\/\/lottemaa.ee\/lv\/par-mums\/izgudrotaju-ciema-iedzivotaji\/julija\/","title":{"rendered":"J\u016aLIJA"},"content":{"rendered":"<p style=\"text-align: left;\"><strong>J\u016blija<\/strong> ir debess lapsa, t\u0101pat k\u0101 vi\u0146as v\u012brs D\u017eovanni. Agr\u0101k vi\u0146i ce\u013coja pa debesjumu kop\u0101 ar cit\u0101m debess laps\u0101m m\u0101ji\u0146\u0101s, kas bija piestiprin\u0101tas pie gaisa baloniem, bet tagad J\u016blija, D\u017eovanni un vi\u0146u tr\u012bs b\u0113rni jau vair\u0101kus gadus dz\u012bvo Izgudrot\u0101ju ciem\u0101. J\u016blijas m\u012b\u013c\u0101k\u0101 nodarbe ir \u0113diena gatavo\u0161ana. Bet, diem\u017e\u0113l, tas nemaz nav viegli, jo D\u017eovanni ir ie\u0146\u0113mis pr\u0101t\u0101, ka rikt\u012bgu izgudrojumu var uzb\u016bv\u0113t tikai no traukiem. J\u016blija neatlaid\u012bgi c\u012bn\u0101s par saviem katliem un pann\u0101m, bet lielas nesaska\u0146as vi\u0146u m\u0101j\u0101 nekad nav biju\u0161as. Jo paties\u012bb\u0101 ir diezgan jauki s\u0113d\u0113t radio priek\u0161\u0101, kas ir izgatavots no traukiem, karot\u0113m, dak\u0161i\u0146\u0101m un liela sieta, un klaus\u012bties jaun\u0101k\u0101s zi\u0146as no pla\u0161\u0101s pasaules.<\/p>\n","protected":false},"excerpt":{"rendered":"<p>J\u016blija ir debess lapsa, t\u0101pat k\u0101 vi\u0146as v\u012brs D\u017eovanni. Agr\u0101k vi\u0146i ce\u013coja pa debesjumu kop\u0101 ar cit\u0101m debess laps\u0101m m\u0101ji\u0146\u0101s, kas bija piestiprin\u0101tas pie gaisa baloniem, bet tagad J\u016blija, D\u017eovanni un vi\u0146u tr\u012bs b\u0113rni jau vair\u0101kus gadus dz\u012bvo Izgudrot\u0101ju ciem\u0101. J\u016blijas m\u012b\u013c\u0101k\u0101 nodarbe ir \u0113diena gatavo\u0161ana. Bet, diem\u017e\u0113l, tas nemaz nav viegli, jo D\u017eovanni ir &hellip; <a href=\"https:\/\/lottemaa.ee\/lv\/par-mums\/izgudrotaju-ciema-iedzivotaji\/julija\/\">Continued<\/a><\/p>\n","protected":false},"author":7,"featured_media":2469,"parent":1338,"menu_order":294,"comment_status":"closed","ping_status":"closed","template":"","meta":{"_acf_changed":false,"om_disable_all_campaigns":false,"_uf_show_specific_survey":0,"_uf_disable_surveys":false,"footnotes":""},"class_list":["post-4248","page","type-page","status-publish","has-post-thumbnail","hentry"],"acf":[],"yoast_head":"<!-- This site is optimized with the Yoast SEO plugin v25.5 - https:\/\/yoast.com\/wordpress\/plugins\/seo\/ -->\n<title>J\u016aLIJA | Lottemaa Teemapark<\/title>\n<meta name=\"description\" content=\"J\u016blija ir debess lapsa, t\u0101pat k\u0101 vi\u0146as v\u012brs D\u017eovanni. Agr\u0101k vi\u0146i ce\u013coja pa debesjumu kop\u0101 ar cit\u0101m debess laps\u0101m m\u0101ji\u0146\u0101s, kas bija piestiprin\u0101tas pie gaisa baloniem.\" \/>\n<meta name=\"robots\" content=\"index, follow, max-snippet:-1, max-image-preview:large, max-video-preview:-1\" \/>\n<link rel=\"canonical\" href=\"https:\/\/lottemaa.ee\/lv\/par-lotes-zemi\/izgudrotaju-ciema-iedzivotaji\/julija\/\" \/>\n<meta property=\"og:locale\" content=\"lv_LV\" \/>\n<meta property=\"og:type\" content=\"article\" \/>\n<meta property=\"og:title\" content=\"J\u016aLIJA | Lottemaa Teemapark\" \/>\n<meta property=\"og:description\" content=\"J\u016blija ir debess lapsa, t\u0101pat k\u0101 vi\u0146as v\u012brs D\u017eovanni. Agr\u0101k vi\u0146i ce\u013coja pa debesjumu kop\u0101 ar cit\u0101m debess laps\u0101m m\u0101ji\u0146\u0101s, kas bija piestiprin\u0101tas pie gaisa baloniem.\" \/>\n<meta property=\"og:url\" content=\"https:\/\/lottemaa.ee\/lv\/par-lotes-zemi\/izgudrotaju-ciema-iedzivotaji\/julija\/\" \/>\n<meta property=\"og:site_name\" content=\"Lottemaa Teemapark\" \/>\n<meta property=\"article:modified_time\" content=\"2024-03-05T09:45:06+00:00\" \/>\n<meta property=\"og:image\" content=\"https:\/\/lottemaa.ee\/wp-content\/uploads\/2016\/06\/julia.jpg\" \/>\n\t<meta property=\"og:image:width\" content=\"316\" \/>\n\t<meta property=\"og:image:height\" content=\"177\" \/>\n\t<meta property=\"og:image:type\" content=\"image\/jpeg\" \/>\n<meta name=\"twitter:card\" content=\"summary_large_image\" \/>\n<meta name=\"twitter:label1\" content=\"Est. reading time\" \/>\n\t<meta name=\"twitter:data1\" content=\"1 min\u016b\u0161u\" \/>\n<script type=\"application\/ld+json\" class=\"yoast-schema-graph\">{\"@context\":\"https:\/\/schema.org\",\"@graph\":[{\"@type\":\"WebPage\",\"@id\":\"https:\/\/lottemaa.ee\/lv\/par-lotes-zemi\/izgudrotaju-ciema-iedzivotaji\/julija\/\",\"url\":\"https:\/\/lottemaa.ee\/lv\/par-lotes-zemi\/izgudrotaju-ciema-iedzivotaji\/julija\/\",\"name\":\"J\u016aLIJA | Lottemaa Teemapark\",\"isPartOf\":{\"@id\":\"https:\/\/lottemaa.ee\/#website\"},\"primaryImageOfPage\":{\"@id\":\"https:\/\/lottemaa.ee\/lv\/par-lotes-zemi\/izgudrotaju-ciema-iedzivotaji\/julija\/#primaryimage\"},\"image\":{\"@id\":\"https:\/\/lottemaa.ee\/lv\/par-lotes-zemi\/izgudrotaju-ciema-iedzivotaji\/julija\/#primaryimage\"},\"thumbnailUrl\":\"https:\/\/lottemaa.ee\/wp-content\/uploads\/2016\/06\/julia.jpg\",\"datePublished\":\"2017-04-05T07:33:32+00:00\",\"dateModified\":\"2024-03-05T09:45:06+00:00\",\"description\":\"J\u016blija ir debess lapsa, t\u0101pat k\u0101 vi\u0146as v\u012brs D\u017eovanni. Agr\u0101k vi\u0146i ce\u013coja pa debesjumu kop\u0101 ar cit\u0101m debess laps\u0101m m\u0101ji\u0146\u0101s, kas bija piestiprin\u0101tas pie gaisa baloniem.\",\"breadcrumb\":{\"@id\":\"https:\/\/lottemaa.ee\/lv\/par-lotes-zemi\/izgudrotaju-ciema-iedzivotaji\/julija\/#breadcrumb\"},\"inLanguage\":\"lv-LV\",\"potentialAction\":[{\"@type\":\"ReadAction\",\"target\":[\"https:\/\/lottemaa.ee\/lv\/par-lotes-zemi\/izgudrotaju-ciema-iedzivotaji\/julija\/\"]}]},{\"@type\":\"ImageObject\",\"inLanguage\":\"lv-LV\",\"@id\":\"https:\/\/lottemaa.ee\/lv\/par-lotes-zemi\/izgudrotaju-ciema-iedzivotaji\/julija\/#primaryimage\",\"url\":\"https:\/\/lottemaa.ee\/wp-content\/uploads\/2016\/06\/julia.jpg\",\"contentUrl\":\"https:\/\/lottemaa.ee\/wp-content\/uploads\/2016\/06\/julia.jpg\",\"width\":316,\"height\":177},{\"@type\":\"BreadcrumbList\",\"@id\":\"https:\/\/lottemaa.ee\/lv\/par-lotes-zemi\/izgudrotaju-ciema-iedzivotaji\/julija\/#breadcrumb\",\"itemListElement\":[{\"@type\":\"ListItem\",\"position\":1,\"name\":\"Home\",\"item\":\"https:\/\/lottemaa.ee\/lv\/\"},{\"@type\":\"ListItem\",\"position\":2,\"name\":\"Diena Lotes zem\u0113\",\"item\":\"https:\/\/lottemaa.ee\/lv\/par-lotes-zemi\/\"},{\"@type\":\"ListItem\",\"position\":3,\"name\":\"Izgudrot\u0101ju ciema iedz\u012bvot\u0101ji\",\"item\":\"https:\/\/lottemaa.ee\/lv\/par-lotes-zemi\/izgudrotaju-ciema-iedzivotaji\/\"},{\"@type\":\"ListItem\",\"position\":4,\"name\":\"J\u016aLIJA\"}]},{\"@type\":\"WebSite\",\"@id\":\"https:\/\/lottemaa.ee\/#website\",\"url\":\"https:\/\/lottemaa.ee\/\",\"name\":\"Lottemaa Teemapark\",\"description\":\"Baltimaade suurim ja k\u00f5ige \u00e4gedam kogupere teemapark Eestis P\u00e4rnumaal\",\"publisher\":{\"@id\":\"https:\/\/lottemaa.ee\/#organization\"},\"potentialAction\":[{\"@type\":\"SearchAction\",\"target\":{\"@type\":\"EntryPoint\",\"urlTemplate\":\"https:\/\/lottemaa.ee\/?s={search_term_string}\"},\"query-input\":{\"@type\":\"PropertyValueSpecification\",\"valueRequired\":true,\"valueName\":\"search_term_string\"}}],\"inLanguage\":\"lv-LV\"},{\"@type\":\"Organization\",\"@id\":\"https:\/\/lottemaa.ee\/#organization\",\"name\":\"Lottemaa Teemapark\",\"url\":\"https:\/\/lottemaa.ee\/\",\"logo\":{\"@type\":\"ImageObject\",\"inLanguage\":\"lv-LV\",\"@id\":\"https:\/\/lottemaa.ee\/#\/schema\/logo\/image\/\",\"url\":\"https:\/\/lottemaa.ee\/wp-content\/uploads\/2018\/12\/Lottemaa_LOGO.png\",\"contentUrl\":\"https:\/\/lottemaa.ee\/wp-content\/uploads\/2018\/12\/Lottemaa_LOGO.png\",\"width\":1024,\"height\":518,\"caption\":\"Lottemaa Teemapark\"},\"image\":{\"@id\":\"https:\/\/lottemaa.ee\/#\/schema\/logo\/image\/\"}}]}<\/script>\n<!-- \/ Yoast SEO plugin. -->","yoast_head_json":{"title":"J\u016aLIJA | Lottemaa Teemapark","description":"J\u016blija ir debess lapsa, t\u0101pat k\u0101 vi\u0146as v\u012brs D\u017eovanni. Agr\u0101k vi\u0146i ce\u013coja pa debesjumu kop\u0101 ar cit\u0101m debess laps\u0101m m\u0101ji\u0146\u0101s, kas bija piestiprin\u0101tas pie gaisa baloniem.","robots":{"index":"index","follow":"follow","max-snippet":"max-snippet:-1","max-image-preview":"max-image-preview:large","max-video-preview":"max-video-preview:-1"},"canonical":"https:\/\/lottemaa.ee\/lv\/par-lotes-zemi\/izgudrotaju-ciema-iedzivotaji\/julija\/","og_locale":"lv_LV","og_type":"article","og_title":"J\u016aLIJA | Lottemaa Teemapark","og_description":"J\u016blija ir debess lapsa, t\u0101pat k\u0101 vi\u0146as v\u012brs D\u017eovanni. Agr\u0101k vi\u0146i ce\u013coja pa debesjumu kop\u0101 ar cit\u0101m debess laps\u0101m m\u0101ji\u0146\u0101s, kas bija piestiprin\u0101tas pie gaisa baloniem.","og_url":"https:\/\/lottemaa.ee\/lv\/par-lotes-zemi\/izgudrotaju-ciema-iedzivotaji\/julija\/","og_site_name":"Lottemaa Teemapark","article_modified_time":"2024-03-05T09:45:06+00:00","og_image":[{"width":316,"height":177,"url":"https:\/\/lottemaa.ee\/wp-content\/uploads\/2016\/06\/julia.jpg","type":"image\/jpeg"}],"twitter_card":"summary_large_image","twitter_misc":{"Est. reading time":"1 min\u016b\u0161u"},"schema":{"@context":"https:\/\/schema.org","@graph":[{"@type":"WebPage","@id":"https:\/\/lottemaa.ee\/lv\/par-lotes-zemi\/izgudrotaju-ciema-iedzivotaji\/julija\/","url":"https:\/\/lottemaa.ee\/lv\/par-lotes-zemi\/izgudrotaju-ciema-iedzivotaji\/julija\/","name":"J\u016aLIJA | Lottemaa Teemapark","isPartOf":{"@id":"https:\/\/lottemaa.ee\/#website"},"primaryImageOfPage":{"@id":"https:\/\/lottemaa.ee\/lv\/par-lotes-zemi\/izgudrotaju-ciema-iedzivotaji\/julija\/#primaryimage"},"image":{"@id":"https:\/\/lottemaa.ee\/lv\/par-lotes-zemi\/izgudrotaju-ciema-iedzivotaji\/julija\/#primaryimage"},"thumbnailUrl":"https:\/\/lottemaa.ee\/wp-content\/uploads\/2016\/06\/julia.jpg","datePublished":"2017-04-05T07:33:32+00:00","dateModified":"2024-03-05T09:45:06+00:00","description":"J\u016blija ir debess lapsa, t\u0101pat k\u0101 vi\u0146as v\u012brs D\u017eovanni. Agr\u0101k vi\u0146i ce\u013coja pa debesjumu kop\u0101 ar cit\u0101m debess laps\u0101m m\u0101ji\u0146\u0101s, kas bija piestiprin\u0101tas pie gaisa baloniem.","breadcrumb":{"@id":"https:\/\/lottemaa.ee\/lv\/par-lotes-zemi\/izgudrotaju-ciema-iedzivotaji\/julija\/#breadcrumb"},"inLanguage":"lv-LV","potentialAction":[{"@type":"ReadAction","target":["https:\/\/lottemaa.ee\/lv\/par-lotes-zemi\/izgudrotaju-ciema-iedzivotaji\/julija\/"]}]},{"@type":"ImageObject","inLanguage":"lv-LV","@id":"https:\/\/lottemaa.ee\/lv\/par-lotes-zemi\/izgudrotaju-ciema-iedzivotaji\/julija\/#primaryimage","url":"https:\/\/lottemaa.ee\/wp-content\/uploads\/2016\/06\/julia.jpg","contentUrl":"https:\/\/lottemaa.ee\/wp-content\/uploads\/2016\/06\/julia.jpg","width":316,"height":177},{"@type":"BreadcrumbList","@id":"https:\/\/lottemaa.ee\/lv\/par-lotes-zemi\/izgudrotaju-ciema-iedzivotaji\/julija\/#breadcrumb","itemListElement":[{"@type":"ListItem","position":1,"name":"Home","item":"https:\/\/lottemaa.ee\/lv\/"},{"@type":"ListItem","position":2,"name":"Diena Lotes zem\u0113","item":"https:\/\/lottemaa.ee\/lv\/par-lotes-zemi\/"},{"@type":"ListItem","position":3,"name":"Izgudrot\u0101ju ciema iedz\u012bvot\u0101ji","item":"https:\/\/lottemaa.ee\/lv\/par-lotes-zemi\/izgudrotaju-ciema-iedzivotaji\/"},{"@type":"ListItem","position":4,"name":"J\u016aLIJA"}]},{"@type":"WebSite","@id":"https:\/\/lottemaa.ee\/#website","url":"https:\/\/lottemaa.ee\/","name":"Lottemaa Teemapark","description":"Baltimaade suurim ja k\u00f5ige \u00e4gedam kogupere teemapark Eestis P\u00e4rnumaal","publisher":{"@id":"https:\/\/lottemaa.ee\/#organization"},"potentialAction":[{"@type":"SearchAction","target":{"@type":"EntryPoint","urlTemplate":"https:\/\/lottemaa.ee\/?s={search_term_string}"},"query-input":{"@type":"PropertyValueSpecification","valueRequired":true,"valueName":"search_term_string"}}],"inLanguage":"lv-LV"},{"@type":"Organization","@id":"https:\/\/lottemaa.ee\/#organization","name":"Lottemaa Teemapark","url":"https:\/\/lottemaa.ee\/","logo":{"@type":"ImageObject","inLanguage":"lv-LV","@id":"https:\/\/lottemaa.ee\/#\/schema\/logo\/image\/","url":"https:\/\/lottemaa.ee\/wp-content\/uploads\/2018\/12\/Lottemaa_LOGO.png","contentUrl":"https:\/\/lottemaa.ee\/wp-content\/uploads\/2018\/12\/Lottemaa_LOGO.png","width":1024,"height":518,"caption":"Lottemaa Teemapark"},"image":{"@id":"https:\/\/lottemaa.ee\/#\/schema\/logo\/image\/"}}]}},"_links":{"self":[{"href":"https:\/\/lottemaa.ee\/lv\/wp-json\/wp\/v2\/pages\/4248","targetHints":{"allow":["GET"]}}],"collection":[{"href":"https:\/\/lottemaa.ee\/lv\/wp-json\/wp\/v2\/pages"}],"about":[{"href":"https:\/\/lottemaa.ee\/lv\/wp-json\/wp\/v2\/types\/page"}],"author":[{"embeddable":true,"href":"https:\/\/lottemaa.ee\/lv\/wp-json\/wp\/v2\/users\/7"}],"replies":[{"embeddable":true,"href":"https:\/\/lottemaa.ee\/lv\/wp-json\/wp\/v2\/comments?post=4248"}],"version-history":[{"count":4,"href":"https:\/\/lottemaa.ee\/lv\/wp-json\/wp\/v2\/pages\/4248\/revisions"}],"predecessor-version":[{"id":20652,"href":"https:\/\/lottemaa.ee\/lv\/wp-json\/wp\/v2\/pages\/4248\/revisions\/20652"}],"up":[{"embeddable":true,"href":"https:\/\/lottemaa.ee\/lv\/wp-json\/wp\/v2\/pages\/1338"}],"wp:featuredmedia":[{"embeddable":true,"href":"https:\/\/lottemaa.ee\/lv\/wp-json\/wp\/v2\/media\/2469"}],"wp:attachment":[{"href":"https:\/\/lottemaa.ee\/lv\/wp-json\/wp\/v2\/media?parent=4248"}],"curies":[{"name":"wp","href":"https:\/\/api.w.org\/{rel}","templated":true}]}}