{"id":4246,"date":"2017-04-05T10:28:10","date_gmt":"2017-04-05T07:28:10","guid":{"rendered":"http:\/\/test.lottemaa.ee\/?page_id=4246\/"},"modified":"2026-01-04T22:03:54","modified_gmt":"2026-01-04T20:03:54","slug":"lotes-zemes-kafejnica","status":"publish","type":"page","link":"https:\/\/lottemaa.ee\/lv\/par-lotes-zemi\/lotes-zemes-edinasana\/lotes-zemes-kafejnica\/","title":{"rendered":"Lotes zemes kafejn\u012bca"},"content":{"rendered":"<p style=\"text-align: left;\">Lotes zemes kafejn\u012bca pied\u0101v\u0101 lieliskas malt\u012btes. \u0160eit ir svaigi sal\u0101ti, apet\u012bti rosino\u0161as zupas, gardi, rok\u0101m gatavoti burgeri, br\u012bni\u0161\u0137\u012bgas pastas, it\u0101\u013cu stila picas, sp\u0113c\u012bg\u0101ki un viegl\u0101ki cepe\u0161i un, protams, pasaul\u0113 gard\u0101kie sald\u0113juma koktei\u013ci un sm\u016btiji. Kafejn\u012bc\u0101 ir vair\u0101k nek\u0101 170 s\u0113dvietu.<\/p>\n<h3><\/h3>\n","protected":false},"excerpt":{"rendered":"<p>Lotes zemes kafejn\u012bca pied\u0101v\u0101 lieliskas malt\u012btes. \u0160eit ir svaigi sal\u0101ti, apet\u012bti rosino\u0161as zupas, gardi, rok\u0101m gatavoti burgeri, br\u012bni\u0161\u0137\u012bgas pastas, it\u0101\u013cu stila picas, sp\u0113c\u012bg\u0101ki un viegl\u0101ki cepe\u0161i un, protams, pasaul\u0113 gard\u0101kie sald\u0113juma koktei\u013ci un sm\u016btiji. Kafejn\u012bc\u0101 ir vair\u0101k nek\u0101 170 s\u0113dvietu.<\/p>\n","protected":false},"author":7,"featured_media":28186,"parent":1383,"menu_order":422,"comment_status":"closed","ping_status":"closed","template":"","meta":{"_acf_changed":false,"om_disable_all_campaigns":false,"_uf_show_specific_survey":0,"_uf_disable_surveys":false,"footnotes":""},"class_list":["post-4246","page","type-page","status-publish","has-post-thumbnail","hentry"],"acf":[],"yoast_head":"<!-- This site is optimized with the Yoast SEO plugin v25.5 - https:\/\/yoast.com\/wordpress\/plugins\/seo\/ -->\n<title>Lotes zemes kafejn\u012bca | Lottemaa Teemapark<\/title>\n<meta name=\"description\" content=\"Lotes zemes kafejn\u012bca pied\u0101v\u0101 lieliskas malt\u012btes. \u0160eit ir svaigi sal\u0101ti, apet\u012bti rosino\u0161as zupas, gardi ir rok\u0101m gatavoti burgeri.\" \/>\n<meta name=\"robots\" content=\"index, follow, max-snippet:-1, max-image-preview:large, max-video-preview:-1\" \/>\n<link rel=\"canonical\" href=\"https:\/\/lottemaa.ee\/lv\/par-lotes-zemi\/lotes-zemes-edinasana\/lotes-zemes-kafejnica\/\" \/>\n<meta property=\"og:locale\" content=\"lv_LV\" \/>\n<meta property=\"og:type\" content=\"article\" \/>\n<meta property=\"og:title\" content=\"Lotes zemes kafejn\u012bca | Lottemaa Teemapark\" \/>\n<meta property=\"og:description\" content=\"Lotes zemes kafejn\u012bca pied\u0101v\u0101 lieliskas malt\u012btes. \u0160eit ir svaigi sal\u0101ti, apet\u012bti rosino\u0161as zupas, gardi ir rok\u0101m gatavoti burgeri.\" \/>\n<meta property=\"og:url\" content=\"https:\/\/lottemaa.ee\/lv\/par-lotes-zemi\/lotes-zemes-edinasana\/lotes-zemes-kafejnica\/\" \/>\n<meta property=\"og:site_name\" content=\"Lottemaa Teemapark\" \/>\n<meta property=\"article:modified_time\" content=\"2026-01-04T20:03:54+00:00\" \/>\n<meta property=\"og:image\" content=\"https:\/\/lottemaa.ee\/wp-content\/uploads\/2024\/09\/Suve-viimane-paev-print-2-scaled.jpg\" \/>\n\t<meta property=\"og:image:width\" content=\"2560\" \/>\n\t<meta property=\"og:image:height\" content=\"1707\" \/>\n\t<meta property=\"og:image:type\" content=\"image\/jpeg\" \/>\n<meta name=\"twitter:card\" content=\"summary_large_image\" \/>\n<meta name=\"twitter:label1\" content=\"Est. reading time\" \/>\n\t<meta name=\"twitter:data1\" content=\"1 min\u016b\u0161u\" \/>\n<script type=\"application\/ld+json\" class=\"yoast-schema-graph\">{\"@context\":\"https:\/\/schema.org\",\"@graph\":[{\"@type\":\"WebPage\",\"@id\":\"https:\/\/lottemaa.ee\/lv\/par-lotes-zemi\/lotes-zemes-edinasana\/lotes-zemes-kafejnica\/\",\"url\":\"https:\/\/lottemaa.ee\/lv\/par-lotes-zemi\/lotes-zemes-edinasana\/lotes-zemes-kafejnica\/\",\"name\":\"Lotes zemes kafejn\u012bca | Lottemaa Teemapark\",\"isPartOf\":{\"@id\":\"https:\/\/lottemaa.ee\/#website\"},\"primaryImageOfPage\":{\"@id\":\"https:\/\/lottemaa.ee\/lv\/par-lotes-zemi\/lotes-zemes-edinasana\/lotes-zemes-kafejnica\/#primaryimage\"},\"image\":{\"@id\":\"https:\/\/lottemaa.ee\/lv\/par-lotes-zemi\/lotes-zemes-edinasana\/lotes-zemes-kafejnica\/#primaryimage\"},\"thumbnailUrl\":\"https:\/\/lottemaa.ee\/wp-content\/uploads\/2024\/09\/Suve-viimane-paev-print-2-scaled.jpg\",\"datePublished\":\"2017-04-05T07:28:10+00:00\",\"dateModified\":\"2026-01-04T20:03:54+00:00\",\"description\":\"Lotes zemes kafejn\u012bca pied\u0101v\u0101 lieliskas malt\u012btes. \u0160eit ir svaigi sal\u0101ti, apet\u012bti rosino\u0161as zupas, gardi ir rok\u0101m gatavoti burgeri.\",\"breadcrumb\":{\"@id\":\"https:\/\/lottemaa.ee\/lv\/par-lotes-zemi\/lotes-zemes-edinasana\/lotes-zemes-kafejnica\/#breadcrumb\"},\"inLanguage\":\"lv-LV\",\"potentialAction\":[{\"@type\":\"ReadAction\",\"target\":[\"https:\/\/lottemaa.ee\/lv\/par-lotes-zemi\/lotes-zemes-edinasana\/lotes-zemes-kafejnica\/\"]}]},{\"@type\":\"ImageObject\",\"inLanguage\":\"lv-LV\",\"@id\":\"https:\/\/lottemaa.ee\/lv\/par-lotes-zemi\/lotes-zemes-edinasana\/lotes-zemes-kafejnica\/#primaryimage\",\"url\":\"https:\/\/lottemaa.ee\/wp-content\/uploads\/2024\/09\/Suve-viimane-paev-print-2-scaled.jpg\",\"contentUrl\":\"https:\/\/lottemaa.ee\/wp-content\/uploads\/2024\/09\/Suve-viimane-paev-print-2-scaled.jpg\",\"width\":2560,\"height\":1707},{\"@type\":\"BreadcrumbList\",\"@id\":\"https:\/\/lottemaa.ee\/lv\/par-lotes-zemi\/lotes-zemes-edinasana\/lotes-zemes-kafejnica\/#breadcrumb\",\"itemListElement\":[{\"@type\":\"ListItem\",\"position\":1,\"name\":\"Home\",\"item\":\"https:\/\/lottemaa.ee\/lv\/\"},{\"@type\":\"ListItem\",\"position\":2,\"name\":\"Diena Lotes zem\u0113\",\"item\":\"https:\/\/lottemaa.ee\/lv\/par-lotes-zemi\/\"},{\"@type\":\"ListItem\",\"position\":3,\"name\":\"\u0112dieni un dz\u0113rieni\",\"item\":\"https:\/\/lottemaa.ee\/lv\/par-lotes-zemi\/lotes-zemes-edinasana\/\"},{\"@type\":\"ListItem\",\"position\":4,\"name\":\"Lotes zemes kafejn\u012bca\"}]},{\"@type\":\"WebSite\",\"@id\":\"https:\/\/lottemaa.ee\/#website\",\"url\":\"https:\/\/lottemaa.ee\/\",\"name\":\"Lottemaa Teemapark\",\"description\":\"Baltimaade suurim ja k\u00f5ige \u00e4gedam kogupere teemapark Eestis P\u00e4rnumaal\",\"publisher\":{\"@id\":\"https:\/\/lottemaa.ee\/#organization\"},\"potentialAction\":[{\"@type\":\"SearchAction\",\"target\":{\"@type\":\"EntryPoint\",\"urlTemplate\":\"https:\/\/lottemaa.ee\/?s={search_term_string}\"},\"query-input\":{\"@type\":\"PropertyValueSpecification\",\"valueRequired\":true,\"valueName\":\"search_term_string\"}}],\"inLanguage\":\"lv-LV\"},{\"@type\":\"Organization\",\"@id\":\"https:\/\/lottemaa.ee\/#organization\",\"name\":\"Lottemaa Teemapark\",\"url\":\"https:\/\/lottemaa.ee\/\",\"logo\":{\"@type\":\"ImageObject\",\"inLanguage\":\"lv-LV\",\"@id\":\"https:\/\/lottemaa.ee\/#\/schema\/logo\/image\/\",\"url\":\"https:\/\/lottemaa.ee\/wp-content\/uploads\/2018\/12\/Lottemaa_LOGO.png\",\"contentUrl\":\"https:\/\/lottemaa.ee\/wp-content\/uploads\/2018\/12\/Lottemaa_LOGO.png\",\"width\":1024,\"height\":518,\"caption\":\"Lottemaa Teemapark\"},\"image\":{\"@id\":\"https:\/\/lottemaa.ee\/#\/schema\/logo\/image\/\"}}]}<\/script>\n<!-- \/ Yoast SEO plugin. -->","yoast_head_json":{"title":"Lotes zemes kafejn\u012bca | Lottemaa Teemapark","description":"Lotes zemes kafejn\u012bca pied\u0101v\u0101 lieliskas malt\u012btes. \u0160eit ir svaigi sal\u0101ti, apet\u012bti rosino\u0161as zupas, gardi ir rok\u0101m gatavoti burgeri.","robots":{"index":"index","follow":"follow","max-snippet":"max-snippet:-1","max-image-preview":"max-image-preview:large","max-video-preview":"max-video-preview:-1"},"canonical":"https:\/\/lottemaa.ee\/lv\/par-lotes-zemi\/lotes-zemes-edinasana\/lotes-zemes-kafejnica\/","og_locale":"lv_LV","og_type":"article","og_title":"Lotes zemes kafejn\u012bca | Lottemaa Teemapark","og_description":"Lotes zemes kafejn\u012bca pied\u0101v\u0101 lieliskas malt\u012btes. \u0160eit ir svaigi sal\u0101ti, apet\u012bti rosino\u0161as zupas, gardi ir rok\u0101m gatavoti burgeri.","og_url":"https:\/\/lottemaa.ee\/lv\/par-lotes-zemi\/lotes-zemes-edinasana\/lotes-zemes-kafejnica\/","og_site_name":"Lottemaa Teemapark","article_modified_time":"2026-01-04T20:03:54+00:00","og_image":[{"width":2560,"height":1707,"url":"https:\/\/lottemaa.ee\/wp-content\/uploads\/2024\/09\/Suve-viimane-paev-print-2-scaled.jpg","type":"image\/jpeg"}],"twitter_card":"summary_large_image","twitter_misc":{"Est. reading time":"1 min\u016b\u0161u"},"schema":{"@context":"https:\/\/schema.org","@graph":[{"@type":"WebPage","@id":"https:\/\/lottemaa.ee\/lv\/par-lotes-zemi\/lotes-zemes-edinasana\/lotes-zemes-kafejnica\/","url":"https:\/\/lottemaa.ee\/lv\/par-lotes-zemi\/lotes-zemes-edinasana\/lotes-zemes-kafejnica\/","name":"Lotes zemes kafejn\u012bca | Lottemaa Teemapark","isPartOf":{"@id":"https:\/\/lottemaa.ee\/#website"},"primaryImageOfPage":{"@id":"https:\/\/lottemaa.ee\/lv\/par-lotes-zemi\/lotes-zemes-edinasana\/lotes-zemes-kafejnica\/#primaryimage"},"image":{"@id":"https:\/\/lottemaa.ee\/lv\/par-lotes-zemi\/lotes-zemes-edinasana\/lotes-zemes-kafejnica\/#primaryimage"},"thumbnailUrl":"https:\/\/lottemaa.ee\/wp-content\/uploads\/2024\/09\/Suve-viimane-paev-print-2-scaled.jpg","datePublished":"2017-04-05T07:28:10+00:00","dateModified":"2026-01-04T20:03:54+00:00","description":"Lotes zemes kafejn\u012bca pied\u0101v\u0101 lieliskas malt\u012btes. \u0160eit ir svaigi sal\u0101ti, apet\u012bti rosino\u0161as zupas, gardi ir rok\u0101m gatavoti burgeri.","breadcrumb":{"@id":"https:\/\/lottemaa.ee\/lv\/par-lotes-zemi\/lotes-zemes-edinasana\/lotes-zemes-kafejnica\/#breadcrumb"},"inLanguage":"lv-LV","potentialAction":[{"@type":"ReadAction","target":["https:\/\/lottemaa.ee\/lv\/par-lotes-zemi\/lotes-zemes-edinasana\/lotes-zemes-kafejnica\/"]}]},{"@type":"ImageObject","inLanguage":"lv-LV","@id":"https:\/\/lottemaa.ee\/lv\/par-lotes-zemi\/lotes-zemes-edinasana\/lotes-zemes-kafejnica\/#primaryimage","url":"https:\/\/lottemaa.ee\/wp-content\/uploads\/2024\/09\/Suve-viimane-paev-print-2-scaled.jpg","contentUrl":"https:\/\/lottemaa.ee\/wp-content\/uploads\/2024\/09\/Suve-viimane-paev-print-2-scaled.jpg","width":2560,"height":1707},{"@type":"BreadcrumbList","@id":"https:\/\/lottemaa.ee\/lv\/par-lotes-zemi\/lotes-zemes-edinasana\/lotes-zemes-kafejnica\/#breadcrumb","itemListElement":[{"@type":"ListItem","position":1,"name":"Home","item":"https:\/\/lottemaa.ee\/lv\/"},{"@type":"ListItem","position":2,"name":"Diena Lotes zem\u0113","item":"https:\/\/lottemaa.ee\/lv\/par-lotes-zemi\/"},{"@type":"ListItem","position":3,"name":"\u0112dieni un dz\u0113rieni","item":"https:\/\/lottemaa.ee\/lv\/par-lotes-zemi\/lotes-zemes-edinasana\/"},{"@type":"ListItem","position":4,"name":"Lotes zemes kafejn\u012bca"}]},{"@type":"WebSite","@id":"https:\/\/lottemaa.ee\/#website","url":"https:\/\/lottemaa.ee\/","name":"Lottemaa Teemapark","description":"Baltimaade suurim ja k\u00f5ige \u00e4gedam kogupere teemapark Eestis P\u00e4rnumaal","publisher":{"@id":"https:\/\/lottemaa.ee\/#organization"},"potentialAction":[{"@type":"SearchAction","target":{"@type":"EntryPoint","urlTemplate":"https:\/\/lottemaa.ee\/?s={search_term_string}"},"query-input":{"@type":"PropertyValueSpecification","valueRequired":true,"valueName":"search_term_string"}}],"inLanguage":"lv-LV"},{"@type":"Organization","@id":"https:\/\/lottemaa.ee\/#organization","name":"Lottemaa Teemapark","url":"https:\/\/lottemaa.ee\/","logo":{"@type":"ImageObject","inLanguage":"lv-LV","@id":"https:\/\/lottemaa.ee\/#\/schema\/logo\/image\/","url":"https:\/\/lottemaa.ee\/wp-content\/uploads\/2018\/12\/Lottemaa_LOGO.png","contentUrl":"https:\/\/lottemaa.ee\/wp-content\/uploads\/2018\/12\/Lottemaa_LOGO.png","width":1024,"height":518,"caption":"Lottemaa Teemapark"},"image":{"@id":"https:\/\/lottemaa.ee\/#\/schema\/logo\/image\/"}}]}},"_links":{"self":[{"href":"https:\/\/lottemaa.ee\/lv\/wp-json\/wp\/v2\/pages\/4246","targetHints":{"allow":["GET"]}}],"collection":[{"href":"https:\/\/lottemaa.ee\/lv\/wp-json\/wp\/v2\/pages"}],"about":[{"href":"https:\/\/lottemaa.ee\/lv\/wp-json\/wp\/v2\/types\/page"}],"author":[{"embeddable":true,"href":"https:\/\/lottemaa.ee\/lv\/wp-json\/wp\/v2\/users\/7"}],"replies":[{"embeddable":true,"href":"https:\/\/lottemaa.ee\/lv\/wp-json\/wp\/v2\/comments?post=4246"}],"version-history":[{"count":5,"href":"https:\/\/lottemaa.ee\/lv\/wp-json\/wp\/v2\/pages\/4246\/revisions"}],"predecessor-version":[{"id":32569,"href":"https:\/\/lottemaa.ee\/lv\/wp-json\/wp\/v2\/pages\/4246\/revisions\/32569"}],"up":[{"embeddable":true,"href":"https:\/\/lottemaa.ee\/lv\/wp-json\/wp\/v2\/pages\/1383"}],"wp:featuredmedia":[{"embeddable":true,"href":"https:\/\/lottemaa.ee\/lv\/wp-json\/wp\/v2\/media\/28186"}],"wp:attachment":[{"href":"https:\/\/lottemaa.ee\/lv\/wp-json\/wp\/v2\/media?parent=4246"}],"curies":[{"name":"wp","href":"https:\/\/api.w.org\/{rel}","templated":true}]}}