{"id":4093,"date":"2017-02-07T10:27:51","date_gmt":"2017-02-07T08:27:51","guid":{"rendered":"http:\/\/test.lottemaa.ee\/?page_id=4093\/"},"modified":"2024-09-25T15:42:30","modified_gmt":"2024-09-25T12:42:30","slug":"draudzigas-energijas-zona","status":"publish","type":"page","link":"https:\/\/lottemaa.ee\/lv\/par-lotes-zemi\/majas-un-nodarbes\/draudzigas-energijas-zona\/","title":{"rendered":"DRAUDZ\u012aG\u0100S ENER\u0122IJAS ZONA"},"content":{"rendered":"<p style=\"text-align: left;\">Draudz\u012bg\u0101 ener\u0123ija ir jauka un izpal\u012bdz\u012bga. Ja viedo ier\u012b\u010du ener\u0123ija ir piln\u012bgi izbeigusies, vai karst\u0101 dien\u0101 t\u0101m ir nepiecie\u0161ams papildus l\u0101di\u0146\u0161, tad draudz\u012bg\u0101 ener\u0123ija steidzas pal\u012bg\u0101. Kam\u0113r vied\u0101 ier\u012bce uzl\u0101d\u0113jas, t\u0101s \u012bpa\u0161nieks var jauki zviln\u0113t \u0161\u016bpu\u013ct\u012bkl\u0101 un las\u012bt aizraujo\u0161u st\u0101stu gr\u0101matu, jo draudz\u012bg\u0101s ener\u0123ijas kaimi\u0146os ir iek\u0101rtojusies maza, jauka bibliot\u0113ka.<\/p>\n","protected":false},"excerpt":{"rendered":"<p>Draudz\u012bg\u0101 ener\u0123ija ir jauka un izpal\u012bdz\u012bga. Ja viedo ier\u012b\u010du ener\u0123ija ir piln\u012bgi izbeigusies, vai karst\u0101 dien\u0101 t\u0101m ir nepiecie\u0161ams papildus l\u0101di\u0146\u0161, tad draudz\u012bg\u0101 ener\u0123ija steidzas pal\u012bg\u0101. Kam\u0113r vied\u0101 ier\u012bce uzl\u0101d\u0113jas, t\u0101s \u012bpa\u0161nieks var jauki zviln\u0113t \u0161\u016bpu\u013ct\u012bkl\u0101 un las\u012bt aizraujo\u0161u st\u0101stu gr\u0101matu, jo draudz\u012bg\u0101s ener\u0123ijas kaimi\u0146os ir iek\u0101rtojusies maza, jauka bibliot\u0113ka.<\/p>\n","protected":false},"author":7,"featured_media":13041,"parent":1317,"menu_order":672,"comment_status":"closed","ping_status":"closed","template":"","meta":{"_acf_changed":false,"om_disable_all_campaigns":false,"_uf_show_specific_survey":0,"_uf_disable_surveys":false,"footnotes":""},"class_list":["post-4093","page","type-page","status-publish","has-post-thumbnail","hentry"],"acf":[],"yoast_head":"<!-- This site is optimized with the Yoast SEO plugin v25.5 - https:\/\/yoast.com\/wordpress\/plugins\/seo\/ -->\n<title>DRAUDZ\u012aG\u0100S ENER\u0122IJAS ZONA | Lottemaa Teemapark<\/title>\n<meta name=\"description\" content=\"Draudz\u012bg\u0101 ener\u0123ija ir jauka un izpal\u012bdz\u012bga. Ja viedo ier\u012b\u010du ener\u0123ija ir piln\u012bgi izbeigusies, vai karst\u0101 dien\u0101 t\u0101m ir nepiecie\u0161ams papildus l\u0101di\u0146\u0161, tad draudz\u012bg\u0101 ener\u0123ija steidzas pal\u012bg\u0101.\" \/>\n<meta name=\"robots\" content=\"index, follow, max-snippet:-1, max-image-preview:large, max-video-preview:-1\" \/>\n<link rel=\"canonical\" href=\"https:\/\/lottemaa.ee\/lv\/par-lotes-zemi\/majas-un-nodarbes\/draudzigas-energijas-zona\/\" \/>\n<meta property=\"og:locale\" content=\"lv_LV\" \/>\n<meta property=\"og:type\" content=\"article\" \/>\n<meta property=\"og:title\" content=\"DRAUDZ\u012aG\u0100S ENER\u0122IJAS ZONA | Lottemaa Teemapark\" \/>\n<meta property=\"og:description\" content=\"Draudz\u012bg\u0101 ener\u0123ija ir jauka un izpal\u012bdz\u012bga. Ja viedo ier\u012b\u010du ener\u0123ija ir piln\u012bgi izbeigusies, vai karst\u0101 dien\u0101 t\u0101m ir nepiecie\u0161ams papildus l\u0101di\u0146\u0161, tad draudz\u012bg\u0101 ener\u0123ija steidzas pal\u012bg\u0101.\" \/>\n<meta property=\"og:url\" content=\"https:\/\/lottemaa.ee\/lv\/par-lotes-zemi\/majas-un-nodarbes\/draudzigas-energijas-zona\/\" \/>\n<meta property=\"og:site_name\" content=\"Lottemaa Teemapark\" \/>\n<meta property=\"article:modified_time\" content=\"2024-09-25T12:42:30+00:00\" \/>\n<meta property=\"og:image\" content=\"https:\/\/lottemaa.ee\/wp-content\/uploads\/2022\/04\/DSC_6732-scaled.jpg\" \/>\n\t<meta property=\"og:image:width\" content=\"2560\" \/>\n\t<meta property=\"og:image:height\" content=\"1696\" \/>\n\t<meta property=\"og:image:type\" content=\"image\/jpeg\" \/>\n<meta name=\"twitter:card\" content=\"summary_large_image\" \/>\n<meta name=\"twitter:label1\" content=\"Est. reading time\" \/>\n\t<meta name=\"twitter:data1\" content=\"1 min\u016b\u0161u\" \/>\n<script type=\"application\/ld+json\" class=\"yoast-schema-graph\">{\"@context\":\"https:\/\/schema.org\",\"@graph\":[{\"@type\":\"WebPage\",\"@id\":\"https:\/\/lottemaa.ee\/lv\/par-lotes-zemi\/majas-un-nodarbes\/draudzigas-energijas-zona\/\",\"url\":\"https:\/\/lottemaa.ee\/lv\/par-lotes-zemi\/majas-un-nodarbes\/draudzigas-energijas-zona\/\",\"name\":\"DRAUDZ\u012aG\u0100S ENER\u0122IJAS ZONA | Lottemaa Teemapark\",\"isPartOf\":{\"@id\":\"https:\/\/lottemaa.ee\/#website\"},\"primaryImageOfPage\":{\"@id\":\"https:\/\/lottemaa.ee\/lv\/par-lotes-zemi\/majas-un-nodarbes\/draudzigas-energijas-zona\/#primaryimage\"},\"image\":{\"@id\":\"https:\/\/lottemaa.ee\/lv\/par-lotes-zemi\/majas-un-nodarbes\/draudzigas-energijas-zona\/#primaryimage\"},\"thumbnailUrl\":\"https:\/\/lottemaa.ee\/wp-content\/uploads\/2022\/04\/DSC_6732-scaled.jpg\",\"datePublished\":\"2017-02-07T08:27:51+00:00\",\"dateModified\":\"2024-09-25T12:42:30+00:00\",\"description\":\"Draudz\u012bg\u0101 ener\u0123ija ir jauka un izpal\u012bdz\u012bga. Ja viedo ier\u012b\u010du ener\u0123ija ir piln\u012bgi izbeigusies, vai karst\u0101 dien\u0101 t\u0101m ir nepiecie\u0161ams papildus l\u0101di\u0146\u0161, tad draudz\u012bg\u0101 ener\u0123ija steidzas pal\u012bg\u0101.\",\"breadcrumb\":{\"@id\":\"https:\/\/lottemaa.ee\/lv\/par-lotes-zemi\/majas-un-nodarbes\/draudzigas-energijas-zona\/#breadcrumb\"},\"inLanguage\":\"lv-LV\",\"potentialAction\":[{\"@type\":\"ReadAction\",\"target\":[\"https:\/\/lottemaa.ee\/lv\/par-lotes-zemi\/majas-un-nodarbes\/draudzigas-energijas-zona\/\"]}]},{\"@type\":\"ImageObject\",\"inLanguage\":\"lv-LV\",\"@id\":\"https:\/\/lottemaa.ee\/lv\/par-lotes-zemi\/majas-un-nodarbes\/draudzigas-energijas-zona\/#primaryimage\",\"url\":\"https:\/\/lottemaa.ee\/wp-content\/uploads\/2022\/04\/DSC_6732-scaled.jpg\",\"contentUrl\":\"https:\/\/lottemaa.ee\/wp-content\/uploads\/2022\/04\/DSC_6732-scaled.jpg\",\"width\":2560,\"height\":1696},{\"@type\":\"BreadcrumbList\",\"@id\":\"https:\/\/lottemaa.ee\/lv\/par-lotes-zemi\/majas-un-nodarbes\/draudzigas-energijas-zona\/#breadcrumb\",\"itemListElement\":[{\"@type\":\"ListItem\",\"position\":1,\"name\":\"Home\",\"item\":\"https:\/\/lottemaa.ee\/lv\/\"},{\"@type\":\"ListItem\",\"position\":2,\"name\":\"Diena Lotes zem\u0113\",\"item\":\"https:\/\/lottemaa.ee\/lv\/par-lotes-zemi\/\"},{\"@type\":\"ListItem\",\"position\":3,\"name\":\"M\u0101jas un nodarbes\",\"item\":\"https:\/\/lottemaa.ee\/lv\/par-lotes-zemi\/majas-un-nodarbes\/\"},{\"@type\":\"ListItem\",\"position\":4,\"name\":\"DRAUDZ\u012aG\u0100S ENER\u0122IJAS ZONA\"}]},{\"@type\":\"WebSite\",\"@id\":\"https:\/\/lottemaa.ee\/#website\",\"url\":\"https:\/\/lottemaa.ee\/\",\"name\":\"Lottemaa Teemapark\",\"description\":\"Baltimaade suurim ja k\u00f5ige \u00e4gedam kogupere teemapark Eestis P\u00e4rnumaal\",\"publisher\":{\"@id\":\"https:\/\/lottemaa.ee\/#organization\"},\"potentialAction\":[{\"@type\":\"SearchAction\",\"target\":{\"@type\":\"EntryPoint\",\"urlTemplate\":\"https:\/\/lottemaa.ee\/?s={search_term_string}\"},\"query-input\":{\"@type\":\"PropertyValueSpecification\",\"valueRequired\":true,\"valueName\":\"search_term_string\"}}],\"inLanguage\":\"lv-LV\"},{\"@type\":\"Organization\",\"@id\":\"https:\/\/lottemaa.ee\/#organization\",\"name\":\"Lottemaa Teemapark\",\"url\":\"https:\/\/lottemaa.ee\/\",\"logo\":{\"@type\":\"ImageObject\",\"inLanguage\":\"lv-LV\",\"@id\":\"https:\/\/lottemaa.ee\/#\/schema\/logo\/image\/\",\"url\":\"https:\/\/lottemaa.ee\/wp-content\/uploads\/2018\/12\/Lottemaa_LOGO.png\",\"contentUrl\":\"https:\/\/lottemaa.ee\/wp-content\/uploads\/2018\/12\/Lottemaa_LOGO.png\",\"width\":1024,\"height\":518,\"caption\":\"Lottemaa Teemapark\"},\"image\":{\"@id\":\"https:\/\/lottemaa.ee\/#\/schema\/logo\/image\/\"}}]}<\/script>\n<!-- \/ Yoast SEO plugin. -->","yoast_head_json":{"title":"DRAUDZ\u012aG\u0100S ENER\u0122IJAS ZONA | Lottemaa Teemapark","description":"Draudz\u012bg\u0101 ener\u0123ija ir jauka un izpal\u012bdz\u012bga. Ja viedo ier\u012b\u010du ener\u0123ija ir piln\u012bgi izbeigusies, vai karst\u0101 dien\u0101 t\u0101m ir nepiecie\u0161ams papildus l\u0101di\u0146\u0161, tad draudz\u012bg\u0101 ener\u0123ija steidzas pal\u012bg\u0101.","robots":{"index":"index","follow":"follow","max-snippet":"max-snippet:-1","max-image-preview":"max-image-preview:large","max-video-preview":"max-video-preview:-1"},"canonical":"https:\/\/lottemaa.ee\/lv\/par-lotes-zemi\/majas-un-nodarbes\/draudzigas-energijas-zona\/","og_locale":"lv_LV","og_type":"article","og_title":"DRAUDZ\u012aG\u0100S ENER\u0122IJAS ZONA | Lottemaa Teemapark","og_description":"Draudz\u012bg\u0101 ener\u0123ija ir jauka un izpal\u012bdz\u012bga. Ja viedo ier\u012b\u010du ener\u0123ija ir piln\u012bgi izbeigusies, vai karst\u0101 dien\u0101 t\u0101m ir nepiecie\u0161ams papildus l\u0101di\u0146\u0161, tad draudz\u012bg\u0101 ener\u0123ija steidzas pal\u012bg\u0101.","og_url":"https:\/\/lottemaa.ee\/lv\/par-lotes-zemi\/majas-un-nodarbes\/draudzigas-energijas-zona\/","og_site_name":"Lottemaa Teemapark","article_modified_time":"2024-09-25T12:42:30+00:00","og_image":[{"width":2560,"height":1696,"url":"https:\/\/lottemaa.ee\/wp-content\/uploads\/2022\/04\/DSC_6732-scaled.jpg","type":"image\/jpeg"}],"twitter_card":"summary_large_image","twitter_misc":{"Est. reading time":"1 min\u016b\u0161u"},"schema":{"@context":"https:\/\/schema.org","@graph":[{"@type":"WebPage","@id":"https:\/\/lottemaa.ee\/lv\/par-lotes-zemi\/majas-un-nodarbes\/draudzigas-energijas-zona\/","url":"https:\/\/lottemaa.ee\/lv\/par-lotes-zemi\/majas-un-nodarbes\/draudzigas-energijas-zona\/","name":"DRAUDZ\u012aG\u0100S ENER\u0122IJAS ZONA | Lottemaa Teemapark","isPartOf":{"@id":"https:\/\/lottemaa.ee\/#website"},"primaryImageOfPage":{"@id":"https:\/\/lottemaa.ee\/lv\/par-lotes-zemi\/majas-un-nodarbes\/draudzigas-energijas-zona\/#primaryimage"},"image":{"@id":"https:\/\/lottemaa.ee\/lv\/par-lotes-zemi\/majas-un-nodarbes\/draudzigas-energijas-zona\/#primaryimage"},"thumbnailUrl":"https:\/\/lottemaa.ee\/wp-content\/uploads\/2022\/04\/DSC_6732-scaled.jpg","datePublished":"2017-02-07T08:27:51+00:00","dateModified":"2024-09-25T12:42:30+00:00","description":"Draudz\u012bg\u0101 ener\u0123ija ir jauka un izpal\u012bdz\u012bga. Ja viedo ier\u012b\u010du ener\u0123ija ir piln\u012bgi izbeigusies, vai karst\u0101 dien\u0101 t\u0101m ir nepiecie\u0161ams papildus l\u0101di\u0146\u0161, tad draudz\u012bg\u0101 ener\u0123ija steidzas pal\u012bg\u0101.","breadcrumb":{"@id":"https:\/\/lottemaa.ee\/lv\/par-lotes-zemi\/majas-un-nodarbes\/draudzigas-energijas-zona\/#breadcrumb"},"inLanguage":"lv-LV","potentialAction":[{"@type":"ReadAction","target":["https:\/\/lottemaa.ee\/lv\/par-lotes-zemi\/majas-un-nodarbes\/draudzigas-energijas-zona\/"]}]},{"@type":"ImageObject","inLanguage":"lv-LV","@id":"https:\/\/lottemaa.ee\/lv\/par-lotes-zemi\/majas-un-nodarbes\/draudzigas-energijas-zona\/#primaryimage","url":"https:\/\/lottemaa.ee\/wp-content\/uploads\/2022\/04\/DSC_6732-scaled.jpg","contentUrl":"https:\/\/lottemaa.ee\/wp-content\/uploads\/2022\/04\/DSC_6732-scaled.jpg","width":2560,"height":1696},{"@type":"BreadcrumbList","@id":"https:\/\/lottemaa.ee\/lv\/par-lotes-zemi\/majas-un-nodarbes\/draudzigas-energijas-zona\/#breadcrumb","itemListElement":[{"@type":"ListItem","position":1,"name":"Home","item":"https:\/\/lottemaa.ee\/lv\/"},{"@type":"ListItem","position":2,"name":"Diena Lotes zem\u0113","item":"https:\/\/lottemaa.ee\/lv\/par-lotes-zemi\/"},{"@type":"ListItem","position":3,"name":"M\u0101jas un nodarbes","item":"https:\/\/lottemaa.ee\/lv\/par-lotes-zemi\/majas-un-nodarbes\/"},{"@type":"ListItem","position":4,"name":"DRAUDZ\u012aG\u0100S ENER\u0122IJAS ZONA"}]},{"@type":"WebSite","@id":"https:\/\/lottemaa.ee\/#website","url":"https:\/\/lottemaa.ee\/","name":"Lottemaa Teemapark","description":"Baltimaade suurim ja k\u00f5ige \u00e4gedam kogupere teemapark Eestis P\u00e4rnumaal","publisher":{"@id":"https:\/\/lottemaa.ee\/#organization"},"potentialAction":[{"@type":"SearchAction","target":{"@type":"EntryPoint","urlTemplate":"https:\/\/lottemaa.ee\/?s={search_term_string}"},"query-input":{"@type":"PropertyValueSpecification","valueRequired":true,"valueName":"search_term_string"}}],"inLanguage":"lv-LV"},{"@type":"Organization","@id":"https:\/\/lottemaa.ee\/#organization","name":"Lottemaa Teemapark","url":"https:\/\/lottemaa.ee\/","logo":{"@type":"ImageObject","inLanguage":"lv-LV","@id":"https:\/\/lottemaa.ee\/#\/schema\/logo\/image\/","url":"https:\/\/lottemaa.ee\/wp-content\/uploads\/2018\/12\/Lottemaa_LOGO.png","contentUrl":"https:\/\/lottemaa.ee\/wp-content\/uploads\/2018\/12\/Lottemaa_LOGO.png","width":1024,"height":518,"caption":"Lottemaa Teemapark"},"image":{"@id":"https:\/\/lottemaa.ee\/#\/schema\/logo\/image\/"}}]}},"_links":{"self":[{"href":"https:\/\/lottemaa.ee\/lv\/wp-json\/wp\/v2\/pages\/4093","targetHints":{"allow":["GET"]}}],"collection":[{"href":"https:\/\/lottemaa.ee\/lv\/wp-json\/wp\/v2\/pages"}],"about":[{"href":"https:\/\/lottemaa.ee\/lv\/wp-json\/wp\/v2\/types\/page"}],"author":[{"embeddable":true,"href":"https:\/\/lottemaa.ee\/lv\/wp-json\/wp\/v2\/users\/7"}],"replies":[{"embeddable":true,"href":"https:\/\/lottemaa.ee\/lv\/wp-json\/wp\/v2\/comments?post=4093"}],"version-history":[{"count":4,"href":"https:\/\/lottemaa.ee\/lv\/wp-json\/wp\/v2\/pages\/4093\/revisions"}],"predecessor-version":[{"id":20758,"href":"https:\/\/lottemaa.ee\/lv\/wp-json\/wp\/v2\/pages\/4093\/revisions\/20758"}],"up":[{"embeddable":true,"href":"https:\/\/lottemaa.ee\/lv\/wp-json\/wp\/v2\/pages\/1317"}],"wp:featuredmedia":[{"embeddable":true,"href":"https:\/\/lottemaa.ee\/lv\/wp-json\/wp\/v2\/media\/13041"}],"wp:attachment":[{"href":"https:\/\/lottemaa.ee\/lv\/wp-json\/wp\/v2\/media?parent=4093"}],"curies":[{"name":"wp","href":"https:\/\/api.w.org\/{rel}","templated":true}]}}