{"id":4089,"date":"2017-02-07T10:23:36","date_gmt":"2017-02-07T08:23:36","guid":{"rendered":"http:\/\/test.lottemaa.ee\/?page_id=4089\/"},"modified":"2024-09-25T15:21:12","modified_gmt":"2024-09-25T12:21:12","slug":"izgudrotaju-ciema-biblioteka","status":"publish","type":"page","link":"https:\/\/lottemaa.ee\/lv\/par-lotes-zemi\/majas-un-nodarbes\/izgudrotaju-ciema-biblioteka\/","title":{"rendered":"IZGUDROT\u0100JU CIEMA BIBLIOT\u0112KA"},"content":{"rendered":"<p style=\"text-align: left;\">Izgudrot\u0101ju ciema iedz\u012bvot\u0101ji diezgan daudz lasa gr\u0101matas. Ja smidzina lietus vai pat ducina p\u0113rkons, ir \u013coti jauki m\u0101j\u0101s pasl\u0113pties zem \u0113damgalda un ar labo aci las\u012bt piedz\u012bvojumu st\u0101sti, bet ar kreiso aci \u2013 pasaku. Bet, ja m\u016bs priec\u0113 saul\u012bte, tad var dro\u0161i doties uz Izgudrot\u0101ju ciema bibliot\u0113ku, kas atrodas starp kokiem, iekrist \u0161\u016bpu\u013ct\u012bkl\u0101 un las\u012bt citiem priek\u0161\u0101 gr\u0101matas. Vislab\u0101kie las\u012bt\u0101ji ir tie, kas m\u0101k to izdar\u012bt joc\u012bg\u0101 bals\u012b. Piem\u0113ram, za\u0137a Adalberta gr\u0101matu las\u012b\u0161anu n\u0101k klaus\u012bties ar\u012b iedz\u012bvot\u0101ji no kaimi\u0146u ciema.<\/p>\n","protected":false},"excerpt":{"rendered":"<p>Izgudrot\u0101ju ciema iedz\u012bvot\u0101ji diezgan daudz lasa gr\u0101matas. Ja smidzina lietus vai pat ducina p\u0113rkons, ir \u013coti jauki m\u0101j\u0101s pasl\u0113pties zem \u0113damgalda un ar labo aci las\u012bt piedz\u012bvojumu st\u0101sti, bet ar kreiso aci \u2013 pasaku. Bet, ja m\u016bs priec\u0113 saul\u012bte, tad var dro\u0161i doties uz Izgudrot\u0101ju ciema bibliot\u0113ku, kas atrodas starp kokiem, iekrist \u0161\u016bpu\u013ct\u012bkl\u0101 un las\u012bt &hellip; <a href=\"https:\/\/lottemaa.ee\/lv\/par-lotes-zemi\/majas-un-nodarbes\/izgudrotaju-ciema-biblioteka\/\">Continued<\/a><\/p>\n","protected":false},"author":7,"featured_media":13036,"parent":1317,"menu_order":666,"comment_status":"closed","ping_status":"closed","template":"","meta":{"_acf_changed":false,"om_disable_all_campaigns":false,"_uf_show_specific_survey":0,"_uf_disable_surveys":false,"footnotes":""},"class_list":["post-4089","page","type-page","status-publish","has-post-thumbnail","hentry"],"acf":[],"yoast_head":"<!-- This site is optimized with the Yoast SEO plugin v25.5 - https:\/\/yoast.com\/wordpress\/plugins\/seo\/ -->\n<title>IZGUDROT\u0100JU CIEMA BIBLIOT\u0112KA | Lottemaa Teemapark<\/title>\n<meta name=\"description\" content=\"Izgudrot\u0101ju ciema iedz\u012bvot\u0101ji diezgan daudz lasa gr\u0101matas. Ja smidzina lietus vai pat ducina p\u0113rkons, ir \u013coti jauki m\u0101j\u0101s pasl\u0113pties zem \u0113damgalda un ar labo aci las\u012bt piedz\u012bvojumu st\u0101sti, bet ar kreiso aci \u2013 pasaku.\" \/>\n<meta name=\"robots\" content=\"index, follow, max-snippet:-1, max-image-preview:large, max-video-preview:-1\" \/>\n<link rel=\"canonical\" href=\"https:\/\/lottemaa.ee\/lv\/par-lotes-zemi\/majas-un-nodarbes\/izgudrotaju-ciema-biblioteka\/\" \/>\n<meta property=\"og:locale\" content=\"lv_LV\" \/>\n<meta property=\"og:type\" content=\"article\" \/>\n<meta property=\"og:title\" content=\"IZGUDROT\u0100JU CIEMA BIBLIOT\u0112KA | Lottemaa Teemapark\" \/>\n<meta property=\"og:description\" content=\"Izgudrot\u0101ju ciema iedz\u012bvot\u0101ji diezgan daudz lasa gr\u0101matas. Ja smidzina lietus vai pat ducina p\u0113rkons, ir \u013coti jauki m\u0101j\u0101s pasl\u0113pties zem \u0113damgalda un ar labo aci las\u012bt piedz\u012bvojumu st\u0101sti, bet ar kreiso aci \u2013 pasaku.\" \/>\n<meta property=\"og:url\" content=\"https:\/\/lottemaa.ee\/lv\/par-lotes-zemi\/majas-un-nodarbes\/izgudrotaju-ciema-biblioteka\/\" \/>\n<meta property=\"og:site_name\" content=\"Lottemaa Teemapark\" \/>\n<meta property=\"article:modified_time\" content=\"2024-09-25T12:21:12+00:00\" \/>\n<meta property=\"og:image\" content=\"https:\/\/lottemaa.ee\/wp-content\/uploads\/2022\/04\/DSC_6724-scaled.jpg\" \/>\n\t<meta property=\"og:image:width\" content=\"1696\" \/>\n\t<meta property=\"og:image:height\" content=\"2560\" \/>\n\t<meta property=\"og:image:type\" content=\"image\/jpeg\" \/>\n<meta name=\"twitter:card\" content=\"summary_large_image\" \/>\n<meta name=\"twitter:label1\" content=\"Est. reading time\" \/>\n\t<meta name=\"twitter:data1\" content=\"1 min\u016b\u0161u\" \/>\n<script type=\"application\/ld+json\" class=\"yoast-schema-graph\">{\"@context\":\"https:\/\/schema.org\",\"@graph\":[{\"@type\":\"WebPage\",\"@id\":\"https:\/\/lottemaa.ee\/lv\/par-lotes-zemi\/majas-un-nodarbes\/izgudrotaju-ciema-biblioteka\/\",\"url\":\"https:\/\/lottemaa.ee\/lv\/par-lotes-zemi\/majas-un-nodarbes\/izgudrotaju-ciema-biblioteka\/\",\"name\":\"IZGUDROT\u0100JU CIEMA BIBLIOT\u0112KA | Lottemaa Teemapark\",\"isPartOf\":{\"@id\":\"https:\/\/lottemaa.ee\/#website\"},\"primaryImageOfPage\":{\"@id\":\"https:\/\/lottemaa.ee\/lv\/par-lotes-zemi\/majas-un-nodarbes\/izgudrotaju-ciema-biblioteka\/#primaryimage\"},\"image\":{\"@id\":\"https:\/\/lottemaa.ee\/lv\/par-lotes-zemi\/majas-un-nodarbes\/izgudrotaju-ciema-biblioteka\/#primaryimage\"},\"thumbnailUrl\":\"https:\/\/lottemaa.ee\/wp-content\/uploads\/2022\/04\/DSC_6724-scaled.jpg\",\"datePublished\":\"2017-02-07T08:23:36+00:00\",\"dateModified\":\"2024-09-25T12:21:12+00:00\",\"description\":\"Izgudrot\u0101ju ciema iedz\u012bvot\u0101ji diezgan daudz lasa gr\u0101matas. Ja smidzina lietus vai pat ducina p\u0113rkons, ir \u013coti jauki m\u0101j\u0101s pasl\u0113pties zem \u0113damgalda un ar labo aci las\u012bt piedz\u012bvojumu st\u0101sti, bet ar kreiso aci \u2013 pasaku.\",\"breadcrumb\":{\"@id\":\"https:\/\/lottemaa.ee\/lv\/par-lotes-zemi\/majas-un-nodarbes\/izgudrotaju-ciema-biblioteka\/#breadcrumb\"},\"inLanguage\":\"lv-LV\",\"potentialAction\":[{\"@type\":\"ReadAction\",\"target\":[\"https:\/\/lottemaa.ee\/lv\/par-lotes-zemi\/majas-un-nodarbes\/izgudrotaju-ciema-biblioteka\/\"]}]},{\"@type\":\"ImageObject\",\"inLanguage\":\"lv-LV\",\"@id\":\"https:\/\/lottemaa.ee\/lv\/par-lotes-zemi\/majas-un-nodarbes\/izgudrotaju-ciema-biblioteka\/#primaryimage\",\"url\":\"https:\/\/lottemaa.ee\/wp-content\/uploads\/2022\/04\/DSC_6724-scaled.jpg\",\"contentUrl\":\"https:\/\/lottemaa.ee\/wp-content\/uploads\/2022\/04\/DSC_6724-scaled.jpg\",\"width\":1696,\"height\":2560},{\"@type\":\"BreadcrumbList\",\"@id\":\"https:\/\/lottemaa.ee\/lv\/par-lotes-zemi\/majas-un-nodarbes\/izgudrotaju-ciema-biblioteka\/#breadcrumb\",\"itemListElement\":[{\"@type\":\"ListItem\",\"position\":1,\"name\":\"Home\",\"item\":\"https:\/\/lottemaa.ee\/lv\/\"},{\"@type\":\"ListItem\",\"position\":2,\"name\":\"Diena Lotes zem\u0113\",\"item\":\"https:\/\/lottemaa.ee\/lv\/par-lotes-zemi\/\"},{\"@type\":\"ListItem\",\"position\":3,\"name\":\"M\u0101jas un nodarbes\",\"item\":\"https:\/\/lottemaa.ee\/lv\/par-lotes-zemi\/majas-un-nodarbes\/\"},{\"@type\":\"ListItem\",\"position\":4,\"name\":\"IZGUDROT\u0100JU CIEMA BIBLIOT\u0112KA\"}]},{\"@type\":\"WebSite\",\"@id\":\"https:\/\/lottemaa.ee\/#website\",\"url\":\"https:\/\/lottemaa.ee\/\",\"name\":\"Lottemaa Teemapark\",\"description\":\"Baltimaade suurim ja k\u00f5ige \u00e4gedam kogupere teemapark Eestis P\u00e4rnumaal\",\"publisher\":{\"@id\":\"https:\/\/lottemaa.ee\/#organization\"},\"potentialAction\":[{\"@type\":\"SearchAction\",\"target\":{\"@type\":\"EntryPoint\",\"urlTemplate\":\"https:\/\/lottemaa.ee\/?s={search_term_string}\"},\"query-input\":{\"@type\":\"PropertyValueSpecification\",\"valueRequired\":true,\"valueName\":\"search_term_string\"}}],\"inLanguage\":\"lv-LV\"},{\"@type\":\"Organization\",\"@id\":\"https:\/\/lottemaa.ee\/#organization\",\"name\":\"Lottemaa Teemapark\",\"url\":\"https:\/\/lottemaa.ee\/\",\"logo\":{\"@type\":\"ImageObject\",\"inLanguage\":\"lv-LV\",\"@id\":\"https:\/\/lottemaa.ee\/#\/schema\/logo\/image\/\",\"url\":\"https:\/\/lottemaa.ee\/wp-content\/uploads\/2018\/12\/Lottemaa_LOGO.png\",\"contentUrl\":\"https:\/\/lottemaa.ee\/wp-content\/uploads\/2018\/12\/Lottemaa_LOGO.png\",\"width\":1024,\"height\":518,\"caption\":\"Lottemaa Teemapark\"},\"image\":{\"@id\":\"https:\/\/lottemaa.ee\/#\/schema\/logo\/image\/\"}}]}<\/script>\n<!-- \/ Yoast SEO plugin. -->","yoast_head_json":{"title":"IZGUDROT\u0100JU CIEMA BIBLIOT\u0112KA | Lottemaa Teemapark","description":"Izgudrot\u0101ju ciema iedz\u012bvot\u0101ji diezgan daudz lasa gr\u0101matas. Ja smidzina lietus vai pat ducina p\u0113rkons, ir \u013coti jauki m\u0101j\u0101s pasl\u0113pties zem \u0113damgalda un ar labo aci las\u012bt piedz\u012bvojumu st\u0101sti, bet ar kreiso aci \u2013 pasaku.","robots":{"index":"index","follow":"follow","max-snippet":"max-snippet:-1","max-image-preview":"max-image-preview:large","max-video-preview":"max-video-preview:-1"},"canonical":"https:\/\/lottemaa.ee\/lv\/par-lotes-zemi\/majas-un-nodarbes\/izgudrotaju-ciema-biblioteka\/","og_locale":"lv_LV","og_type":"article","og_title":"IZGUDROT\u0100JU CIEMA BIBLIOT\u0112KA | Lottemaa Teemapark","og_description":"Izgudrot\u0101ju ciema iedz\u012bvot\u0101ji diezgan daudz lasa gr\u0101matas. Ja smidzina lietus vai pat ducina p\u0113rkons, ir \u013coti jauki m\u0101j\u0101s pasl\u0113pties zem \u0113damgalda un ar labo aci las\u012bt piedz\u012bvojumu st\u0101sti, bet ar kreiso aci \u2013 pasaku.","og_url":"https:\/\/lottemaa.ee\/lv\/par-lotes-zemi\/majas-un-nodarbes\/izgudrotaju-ciema-biblioteka\/","og_site_name":"Lottemaa Teemapark","article_modified_time":"2024-09-25T12:21:12+00:00","og_image":[{"width":1696,"height":2560,"url":"https:\/\/lottemaa.ee\/wp-content\/uploads\/2022\/04\/DSC_6724-scaled.jpg","type":"image\/jpeg"}],"twitter_card":"summary_large_image","twitter_misc":{"Est. reading time":"1 min\u016b\u0161u"},"schema":{"@context":"https:\/\/schema.org","@graph":[{"@type":"WebPage","@id":"https:\/\/lottemaa.ee\/lv\/par-lotes-zemi\/majas-un-nodarbes\/izgudrotaju-ciema-biblioteka\/","url":"https:\/\/lottemaa.ee\/lv\/par-lotes-zemi\/majas-un-nodarbes\/izgudrotaju-ciema-biblioteka\/","name":"IZGUDROT\u0100JU CIEMA BIBLIOT\u0112KA | Lottemaa Teemapark","isPartOf":{"@id":"https:\/\/lottemaa.ee\/#website"},"primaryImageOfPage":{"@id":"https:\/\/lottemaa.ee\/lv\/par-lotes-zemi\/majas-un-nodarbes\/izgudrotaju-ciema-biblioteka\/#primaryimage"},"image":{"@id":"https:\/\/lottemaa.ee\/lv\/par-lotes-zemi\/majas-un-nodarbes\/izgudrotaju-ciema-biblioteka\/#primaryimage"},"thumbnailUrl":"https:\/\/lottemaa.ee\/wp-content\/uploads\/2022\/04\/DSC_6724-scaled.jpg","datePublished":"2017-02-07T08:23:36+00:00","dateModified":"2024-09-25T12:21:12+00:00","description":"Izgudrot\u0101ju ciema iedz\u012bvot\u0101ji diezgan daudz lasa gr\u0101matas. Ja smidzina lietus vai pat ducina p\u0113rkons, ir \u013coti jauki m\u0101j\u0101s pasl\u0113pties zem \u0113damgalda un ar labo aci las\u012bt piedz\u012bvojumu st\u0101sti, bet ar kreiso aci \u2013 pasaku.","breadcrumb":{"@id":"https:\/\/lottemaa.ee\/lv\/par-lotes-zemi\/majas-un-nodarbes\/izgudrotaju-ciema-biblioteka\/#breadcrumb"},"inLanguage":"lv-LV","potentialAction":[{"@type":"ReadAction","target":["https:\/\/lottemaa.ee\/lv\/par-lotes-zemi\/majas-un-nodarbes\/izgudrotaju-ciema-biblioteka\/"]}]},{"@type":"ImageObject","inLanguage":"lv-LV","@id":"https:\/\/lottemaa.ee\/lv\/par-lotes-zemi\/majas-un-nodarbes\/izgudrotaju-ciema-biblioteka\/#primaryimage","url":"https:\/\/lottemaa.ee\/wp-content\/uploads\/2022\/04\/DSC_6724-scaled.jpg","contentUrl":"https:\/\/lottemaa.ee\/wp-content\/uploads\/2022\/04\/DSC_6724-scaled.jpg","width":1696,"height":2560},{"@type":"BreadcrumbList","@id":"https:\/\/lottemaa.ee\/lv\/par-lotes-zemi\/majas-un-nodarbes\/izgudrotaju-ciema-biblioteka\/#breadcrumb","itemListElement":[{"@type":"ListItem","position":1,"name":"Home","item":"https:\/\/lottemaa.ee\/lv\/"},{"@type":"ListItem","position":2,"name":"Diena Lotes zem\u0113","item":"https:\/\/lottemaa.ee\/lv\/par-lotes-zemi\/"},{"@type":"ListItem","position":3,"name":"M\u0101jas un nodarbes","item":"https:\/\/lottemaa.ee\/lv\/par-lotes-zemi\/majas-un-nodarbes\/"},{"@type":"ListItem","position":4,"name":"IZGUDROT\u0100JU CIEMA BIBLIOT\u0112KA"}]},{"@type":"WebSite","@id":"https:\/\/lottemaa.ee\/#website","url":"https:\/\/lottemaa.ee\/","name":"Lottemaa Teemapark","description":"Baltimaade suurim ja k\u00f5ige \u00e4gedam kogupere teemapark Eestis P\u00e4rnumaal","publisher":{"@id":"https:\/\/lottemaa.ee\/#organization"},"potentialAction":[{"@type":"SearchAction","target":{"@type":"EntryPoint","urlTemplate":"https:\/\/lottemaa.ee\/?s={search_term_string}"},"query-input":{"@type":"PropertyValueSpecification","valueRequired":true,"valueName":"search_term_string"}}],"inLanguage":"lv-LV"},{"@type":"Organization","@id":"https:\/\/lottemaa.ee\/#organization","name":"Lottemaa Teemapark","url":"https:\/\/lottemaa.ee\/","logo":{"@type":"ImageObject","inLanguage":"lv-LV","@id":"https:\/\/lottemaa.ee\/#\/schema\/logo\/image\/","url":"https:\/\/lottemaa.ee\/wp-content\/uploads\/2018\/12\/Lottemaa_LOGO.png","contentUrl":"https:\/\/lottemaa.ee\/wp-content\/uploads\/2018\/12\/Lottemaa_LOGO.png","width":1024,"height":518,"caption":"Lottemaa Teemapark"},"image":{"@id":"https:\/\/lottemaa.ee\/#\/schema\/logo\/image\/"}}]}},"_links":{"self":[{"href":"https:\/\/lottemaa.ee\/lv\/wp-json\/wp\/v2\/pages\/4089","targetHints":{"allow":["GET"]}}],"collection":[{"href":"https:\/\/lottemaa.ee\/lv\/wp-json\/wp\/v2\/pages"}],"about":[{"href":"https:\/\/lottemaa.ee\/lv\/wp-json\/wp\/v2\/types\/page"}],"author":[{"embeddable":true,"href":"https:\/\/lottemaa.ee\/lv\/wp-json\/wp\/v2\/users\/7"}],"replies":[{"embeddable":true,"href":"https:\/\/lottemaa.ee\/lv\/wp-json\/wp\/v2\/comments?post=4089"}],"version-history":[{"count":5,"href":"https:\/\/lottemaa.ee\/lv\/wp-json\/wp\/v2\/pages\/4089\/revisions"}],"predecessor-version":[{"id":28539,"href":"https:\/\/lottemaa.ee\/lv\/wp-json\/wp\/v2\/pages\/4089\/revisions\/28539"}],"up":[{"embeddable":true,"href":"https:\/\/lottemaa.ee\/lv\/wp-json\/wp\/v2\/pages\/1317"}],"wp:featuredmedia":[{"embeddable":true,"href":"https:\/\/lottemaa.ee\/lv\/wp-json\/wp\/v2\/media\/13036"}],"wp:attachment":[{"href":"https:\/\/lottemaa.ee\/lv\/wp-json\/wp\/v2\/media?parent=4089"}],"curies":[{"name":"wp","href":"https:\/\/api.w.org\/{rel}","templated":true}]}}