{"id":3573,"date":"2016-10-26T11:00:59","date_gmt":"2016-10-26T08:00:59","guid":{"rendered":"http:\/\/test.lottemaa.ee\/lv\/?page_id=3573"},"modified":"2024-09-25T15:07:07","modified_gmt":"2024-09-25T12:07:07","slug":"planetarijs","status":"publish","type":"page","link":"https:\/\/lottemaa.ee\/lv\/par-lotes-zemi\/majas-un-nodarbes\/planetarijs\/","title":{"rendered":"PLANET\u0100RIJS"},"content":{"rendered":"<p style=\"text-align: left;\"><strong>Planet\u0101rijs<\/strong> ir vieta, kur mu\u0161a J\u0101ks Rozei st\u0101sta par plan\u0113t\u0101m un aizraujo\u0161iem zvaigzn\u0101jiem. J\u0101ka draugs, kosmosa korespondents m\u0113slu mu\u0161a P\u0113teris, &#8211; par M\u0113ness jaunumiem. Jau mazotn\u0113 m\u0113slu mu\u0161a P\u0113teris sap\u0146oja par do\u0161anos kosmos\u0101, bet pirms k\u0101da laika vi\u0146\u0161 no gur\u0137u mucas izveidoja ra\u0137eti ar gumijas motoru un aiztriec\u0101s uz M\u0113nesi. Tagad P\u0113teris st\u0101sta J\u0101kam un Rozei par v\u0113rien\u012bgu sp\u0113ko\u0161anos plan\u0113tu savstarp\u0113j\u0101s sacens\u012bb\u0101s, kas norit ar da\u017e\u0101diem interesantiem transportl\u012bdzek\u013ciem.<\/p>\n<p style=\"text-align: left;\">Planet\u0101rijs atrodas Za\u0137u m\u0101j\u0101.<\/p>\n<p style=\"text-align: left;\">\n","protected":false},"excerpt":{"rendered":"<p>Planet\u0101rijs ir vieta, kur mu\u0161a J\u0101ks Rozei st\u0101sta par plan\u0113t\u0101m un aizraujo\u0161iem zvaigzn\u0101jiem. J\u0101ka draugs, kosmosa korespondents m\u0113slu mu\u0161a P\u0113teris, &#8211; par M\u0113ness jaunumiem. Jau mazotn\u0113 m\u0113slu mu\u0161a P\u0113teris sap\u0146oja par do\u0161anos kosmos\u0101, bet pirms k\u0101da laika vi\u0146\u0161 no gur\u0137u mucas izveidoja ra\u0137eti ar gumijas motoru un aiztriec\u0101s uz M\u0113nesi. Tagad P\u0113teris st\u0101sta J\u0101kam un &hellip; <a href=\"https:\/\/lottemaa.ee\/lv\/par-lotes-zemi\/majas-un-nodarbes\/planetarijs\/\">Continued<\/a><\/p>\n","protected":false},"author":7,"featured_media":3370,"parent":1317,"menu_order":631,"comment_status":"closed","ping_status":"closed","template":"","meta":{"_acf_changed":false,"om_disable_all_campaigns":false,"_uf_show_specific_survey":0,"_uf_disable_surveys":false,"footnotes":""},"class_list":["post-3573","page","type-page","status-publish","has-post-thumbnail","hentry"],"acf":[],"yoast_head":"<!-- This site is optimized with the Yoast SEO plugin v25.5 - https:\/\/yoast.com\/wordpress\/plugins\/seo\/ -->\n<title>PLANET\u0100RIJS | Lottemaa Teemapark<\/title>\n<meta name=\"description\" content=\"Planet\u0101rijs ir vieta, kur mu\u0161a J\u0101ks Rozei st\u0101sta par plan\u0113t\u0101m un aizraujo\u0161iem zvaigzn\u0101jiem. J\u0101ka draugs, kosmosa korespondents m\u0113slu mu\u0161a P\u0113teris, - par M\u0113ness jaunumiem.\" \/>\n<meta name=\"robots\" content=\"index, follow, max-snippet:-1, max-image-preview:large, max-video-preview:-1\" \/>\n<link rel=\"canonical\" href=\"https:\/\/lottemaa.ee\/lv\/par-lotes-zemi\/majas-un-nodarbes\/planetarijs\/\" \/>\n<meta property=\"og:locale\" content=\"lv_LV\" \/>\n<meta property=\"og:type\" content=\"article\" \/>\n<meta property=\"og:title\" content=\"PLANET\u0100RIJS | Lottemaa Teemapark\" \/>\n<meta property=\"og:description\" content=\"Planet\u0101rijs ir vieta, kur mu\u0161a J\u0101ks Rozei st\u0101sta par plan\u0113t\u0101m un aizraujo\u0161iem zvaigzn\u0101jiem. J\u0101ka draugs, kosmosa korespondents m\u0113slu mu\u0161a P\u0113teris, - par M\u0113ness jaunumiem.\" \/>\n<meta property=\"og:url\" content=\"https:\/\/lottemaa.ee\/lv\/par-lotes-zemi\/majas-un-nodarbes\/planetarijs\/\" \/>\n<meta property=\"og:site_name\" content=\"Lottemaa Teemapark\" \/>\n<meta property=\"article:modified_time\" content=\"2024-09-25T12:07:07+00:00\" \/>\n<meta property=\"og:image\" content=\"https:\/\/lottemaa.ee\/wp-content\/uploads\/2016\/05\/Perepildid-2-134-1024x683.jpg\" \/>\n\t<meta property=\"og:image:width\" content=\"1024\" \/>\n\t<meta property=\"og:image:height\" content=\"683\" \/>\n\t<meta property=\"og:image:type\" content=\"image\/jpeg\" \/>\n<meta name=\"twitter:card\" content=\"summary_large_image\" \/>\n<meta name=\"twitter:label1\" content=\"Est. reading time\" \/>\n\t<meta name=\"twitter:data1\" content=\"1 min\u016b\u0161u\" \/>\n<script type=\"application\/ld+json\" class=\"yoast-schema-graph\">{\"@context\":\"https:\/\/schema.org\",\"@graph\":[{\"@type\":\"WebPage\",\"@id\":\"https:\/\/lottemaa.ee\/lv\/par-lotes-zemi\/majas-un-nodarbes\/planetarijs\/\",\"url\":\"https:\/\/lottemaa.ee\/lv\/par-lotes-zemi\/majas-un-nodarbes\/planetarijs\/\",\"name\":\"PLANET\u0100RIJS | Lottemaa Teemapark\",\"isPartOf\":{\"@id\":\"https:\/\/lottemaa.ee\/#website\"},\"primaryImageOfPage\":{\"@id\":\"https:\/\/lottemaa.ee\/lv\/par-lotes-zemi\/majas-un-nodarbes\/planetarijs\/#primaryimage\"},\"image\":{\"@id\":\"https:\/\/lottemaa.ee\/lv\/par-lotes-zemi\/majas-un-nodarbes\/planetarijs\/#primaryimage\"},\"thumbnailUrl\":\"https:\/\/lottemaa.ee\/wp-content\/uploads\/2016\/05\/Perepildid-2-134.jpg\",\"datePublished\":\"2016-10-26T08:00:59+00:00\",\"dateModified\":\"2024-09-25T12:07:07+00:00\",\"description\":\"Planet\u0101rijs ir vieta, kur mu\u0161a J\u0101ks Rozei st\u0101sta par plan\u0113t\u0101m un aizraujo\u0161iem zvaigzn\u0101jiem. J\u0101ka draugs, kosmosa korespondents m\u0113slu mu\u0161a P\u0113teris, - par M\u0113ness jaunumiem.\",\"breadcrumb\":{\"@id\":\"https:\/\/lottemaa.ee\/lv\/par-lotes-zemi\/majas-un-nodarbes\/planetarijs\/#breadcrumb\"},\"inLanguage\":\"lv-LV\",\"potentialAction\":[{\"@type\":\"ReadAction\",\"target\":[\"https:\/\/lottemaa.ee\/lv\/par-lotes-zemi\/majas-un-nodarbes\/planetarijs\/\"]}]},{\"@type\":\"ImageObject\",\"inLanguage\":\"lv-LV\",\"@id\":\"https:\/\/lottemaa.ee\/lv\/par-lotes-zemi\/majas-un-nodarbes\/planetarijs\/#primaryimage\",\"url\":\"https:\/\/lottemaa.ee\/wp-content\/uploads\/2016\/05\/Perepildid-2-134.jpg\",\"contentUrl\":\"https:\/\/lottemaa.ee\/wp-content\/uploads\/2016\/05\/Perepildid-2-134.jpg\",\"width\":5760,\"height\":3840},{\"@type\":\"BreadcrumbList\",\"@id\":\"https:\/\/lottemaa.ee\/lv\/par-lotes-zemi\/majas-un-nodarbes\/planetarijs\/#breadcrumb\",\"itemListElement\":[{\"@type\":\"ListItem\",\"position\":1,\"name\":\"Home\",\"item\":\"https:\/\/lottemaa.ee\/lv\/\"},{\"@type\":\"ListItem\",\"position\":2,\"name\":\"Diena Lotes zem\u0113\",\"item\":\"https:\/\/lottemaa.ee\/lv\/par-lotes-zemi\/\"},{\"@type\":\"ListItem\",\"position\":3,\"name\":\"M\u0101jas un nodarbes\",\"item\":\"https:\/\/lottemaa.ee\/lv\/par-lotes-zemi\/majas-un-nodarbes\/\"},{\"@type\":\"ListItem\",\"position\":4,\"name\":\"PLANET\u0100RIJS\"}]},{\"@type\":\"WebSite\",\"@id\":\"https:\/\/lottemaa.ee\/#website\",\"url\":\"https:\/\/lottemaa.ee\/\",\"name\":\"Lottemaa Teemapark\",\"description\":\"Baltimaade suurim ja k\u00f5ige \u00e4gedam kogupere teemapark Eestis P\u00e4rnumaal\",\"publisher\":{\"@id\":\"https:\/\/lottemaa.ee\/#organization\"},\"potentialAction\":[{\"@type\":\"SearchAction\",\"target\":{\"@type\":\"EntryPoint\",\"urlTemplate\":\"https:\/\/lottemaa.ee\/?s={search_term_string}\"},\"query-input\":{\"@type\":\"PropertyValueSpecification\",\"valueRequired\":true,\"valueName\":\"search_term_string\"}}],\"inLanguage\":\"lv-LV\"},{\"@type\":\"Organization\",\"@id\":\"https:\/\/lottemaa.ee\/#organization\",\"name\":\"Lottemaa Teemapark\",\"url\":\"https:\/\/lottemaa.ee\/\",\"logo\":{\"@type\":\"ImageObject\",\"inLanguage\":\"lv-LV\",\"@id\":\"https:\/\/lottemaa.ee\/#\/schema\/logo\/image\/\",\"url\":\"https:\/\/lottemaa.ee\/wp-content\/uploads\/2018\/12\/Lottemaa_LOGO.png\",\"contentUrl\":\"https:\/\/lottemaa.ee\/wp-content\/uploads\/2018\/12\/Lottemaa_LOGO.png\",\"width\":1024,\"height\":518,\"caption\":\"Lottemaa Teemapark\"},\"image\":{\"@id\":\"https:\/\/lottemaa.ee\/#\/schema\/logo\/image\/\"}}]}<\/script>\n<!-- \/ Yoast SEO plugin. -->","yoast_head_json":{"title":"PLANET\u0100RIJS | Lottemaa Teemapark","description":"Planet\u0101rijs ir vieta, kur mu\u0161a J\u0101ks Rozei st\u0101sta par plan\u0113t\u0101m un aizraujo\u0161iem zvaigzn\u0101jiem. J\u0101ka draugs, kosmosa korespondents m\u0113slu mu\u0161a P\u0113teris, - par M\u0113ness jaunumiem.","robots":{"index":"index","follow":"follow","max-snippet":"max-snippet:-1","max-image-preview":"max-image-preview:large","max-video-preview":"max-video-preview:-1"},"canonical":"https:\/\/lottemaa.ee\/lv\/par-lotes-zemi\/majas-un-nodarbes\/planetarijs\/","og_locale":"lv_LV","og_type":"article","og_title":"PLANET\u0100RIJS | Lottemaa Teemapark","og_description":"Planet\u0101rijs ir vieta, kur mu\u0161a J\u0101ks Rozei st\u0101sta par plan\u0113t\u0101m un aizraujo\u0161iem zvaigzn\u0101jiem. J\u0101ka draugs, kosmosa korespondents m\u0113slu mu\u0161a P\u0113teris, - par M\u0113ness jaunumiem.","og_url":"https:\/\/lottemaa.ee\/lv\/par-lotes-zemi\/majas-un-nodarbes\/planetarijs\/","og_site_name":"Lottemaa Teemapark","article_modified_time":"2024-09-25T12:07:07+00:00","og_image":[{"width":1024,"height":683,"url":"https:\/\/lottemaa.ee\/wp-content\/uploads\/2016\/05\/Perepildid-2-134-1024x683.jpg","type":"image\/jpeg"}],"twitter_card":"summary_large_image","twitter_misc":{"Est. reading time":"1 min\u016b\u0161u"},"schema":{"@context":"https:\/\/schema.org","@graph":[{"@type":"WebPage","@id":"https:\/\/lottemaa.ee\/lv\/par-lotes-zemi\/majas-un-nodarbes\/planetarijs\/","url":"https:\/\/lottemaa.ee\/lv\/par-lotes-zemi\/majas-un-nodarbes\/planetarijs\/","name":"PLANET\u0100RIJS | Lottemaa Teemapark","isPartOf":{"@id":"https:\/\/lottemaa.ee\/#website"},"primaryImageOfPage":{"@id":"https:\/\/lottemaa.ee\/lv\/par-lotes-zemi\/majas-un-nodarbes\/planetarijs\/#primaryimage"},"image":{"@id":"https:\/\/lottemaa.ee\/lv\/par-lotes-zemi\/majas-un-nodarbes\/planetarijs\/#primaryimage"},"thumbnailUrl":"https:\/\/lottemaa.ee\/wp-content\/uploads\/2016\/05\/Perepildid-2-134.jpg","datePublished":"2016-10-26T08:00:59+00:00","dateModified":"2024-09-25T12:07:07+00:00","description":"Planet\u0101rijs ir vieta, kur mu\u0161a J\u0101ks Rozei st\u0101sta par plan\u0113t\u0101m un aizraujo\u0161iem zvaigzn\u0101jiem. J\u0101ka draugs, kosmosa korespondents m\u0113slu mu\u0161a P\u0113teris, - par M\u0113ness jaunumiem.","breadcrumb":{"@id":"https:\/\/lottemaa.ee\/lv\/par-lotes-zemi\/majas-un-nodarbes\/planetarijs\/#breadcrumb"},"inLanguage":"lv-LV","potentialAction":[{"@type":"ReadAction","target":["https:\/\/lottemaa.ee\/lv\/par-lotes-zemi\/majas-un-nodarbes\/planetarijs\/"]}]},{"@type":"ImageObject","inLanguage":"lv-LV","@id":"https:\/\/lottemaa.ee\/lv\/par-lotes-zemi\/majas-un-nodarbes\/planetarijs\/#primaryimage","url":"https:\/\/lottemaa.ee\/wp-content\/uploads\/2016\/05\/Perepildid-2-134.jpg","contentUrl":"https:\/\/lottemaa.ee\/wp-content\/uploads\/2016\/05\/Perepildid-2-134.jpg","width":5760,"height":3840},{"@type":"BreadcrumbList","@id":"https:\/\/lottemaa.ee\/lv\/par-lotes-zemi\/majas-un-nodarbes\/planetarijs\/#breadcrumb","itemListElement":[{"@type":"ListItem","position":1,"name":"Home","item":"https:\/\/lottemaa.ee\/lv\/"},{"@type":"ListItem","position":2,"name":"Diena Lotes zem\u0113","item":"https:\/\/lottemaa.ee\/lv\/par-lotes-zemi\/"},{"@type":"ListItem","position":3,"name":"M\u0101jas un nodarbes","item":"https:\/\/lottemaa.ee\/lv\/par-lotes-zemi\/majas-un-nodarbes\/"},{"@type":"ListItem","position":4,"name":"PLANET\u0100RIJS"}]},{"@type":"WebSite","@id":"https:\/\/lottemaa.ee\/#website","url":"https:\/\/lottemaa.ee\/","name":"Lottemaa Teemapark","description":"Baltimaade suurim ja k\u00f5ige \u00e4gedam kogupere teemapark Eestis P\u00e4rnumaal","publisher":{"@id":"https:\/\/lottemaa.ee\/#organization"},"potentialAction":[{"@type":"SearchAction","target":{"@type":"EntryPoint","urlTemplate":"https:\/\/lottemaa.ee\/?s={search_term_string}"},"query-input":{"@type":"PropertyValueSpecification","valueRequired":true,"valueName":"search_term_string"}}],"inLanguage":"lv-LV"},{"@type":"Organization","@id":"https:\/\/lottemaa.ee\/#organization","name":"Lottemaa Teemapark","url":"https:\/\/lottemaa.ee\/","logo":{"@type":"ImageObject","inLanguage":"lv-LV","@id":"https:\/\/lottemaa.ee\/#\/schema\/logo\/image\/","url":"https:\/\/lottemaa.ee\/wp-content\/uploads\/2018\/12\/Lottemaa_LOGO.png","contentUrl":"https:\/\/lottemaa.ee\/wp-content\/uploads\/2018\/12\/Lottemaa_LOGO.png","width":1024,"height":518,"caption":"Lottemaa Teemapark"},"image":{"@id":"https:\/\/lottemaa.ee\/#\/schema\/logo\/image\/"}}]}},"_links":{"self":[{"href":"https:\/\/lottemaa.ee\/lv\/wp-json\/wp\/v2\/pages\/3573","targetHints":{"allow":["GET"]}}],"collection":[{"href":"https:\/\/lottemaa.ee\/lv\/wp-json\/wp\/v2\/pages"}],"about":[{"href":"https:\/\/lottemaa.ee\/lv\/wp-json\/wp\/v2\/types\/page"}],"author":[{"embeddable":true,"href":"https:\/\/lottemaa.ee\/lv\/wp-json\/wp\/v2\/users\/7"}],"replies":[{"embeddable":true,"href":"https:\/\/lottemaa.ee\/lv\/wp-json\/wp\/v2\/comments?post=3573"}],"version-history":[{"count":5,"href":"https:\/\/lottemaa.ee\/lv\/wp-json\/wp\/v2\/pages\/3573\/revisions"}],"predecessor-version":[{"id":28529,"href":"https:\/\/lottemaa.ee\/lv\/wp-json\/wp\/v2\/pages\/3573\/revisions\/28529"}],"up":[{"embeddable":true,"href":"https:\/\/lottemaa.ee\/lv\/wp-json\/wp\/v2\/pages\/1317"}],"wp:featuredmedia":[{"embeddable":true,"href":"https:\/\/lottemaa.ee\/lv\/wp-json\/wp\/v2\/media\/3370"}],"wp:attachment":[{"href":"https:\/\/lottemaa.ee\/lv\/wp-json\/wp\/v2\/media?parent=3573"}],"curies":[{"name":"wp","href":"https:\/\/api.w.org\/{rel}","templated":true}]}}