{"id":3570,"date":"2016-10-26T09:35:53","date_gmt":"2016-10-26T06:35:53","guid":{"rendered":"http:\/\/test.lottemaa.ee\/lv\/?page_id=3570"},"modified":"2024-09-25T15:40:18","modified_gmt":"2024-09-25T12:40:18","slug":"elektrum-udensdzirnavas","status":"publish","type":"page","link":"https:\/\/lottemaa.ee\/lv\/par-lotes-zemi\/majas-un-nodarbes\/elektrum-udensdzirnavas\/","title":{"rendered":"\u201cELEKTRUM\u201d \u016bdensdzirnavas"},"content":{"rendered":"<p style=\"text-align: left;\">\u201eElektrum\u201d \u016bdensdzirnavas Lotes ciem\u0101 ir \u013coti svar\u012bga vieta, jo no \u0161ejienes viss ciems ieg\u016bst elektr\u012bbu. Bet, k\u0101 zin\u0101ms, elektr\u012bba dz\u012bvi padara \u0113rt\u0101ku. \u016adensdzirnavas tikai str\u0101d\u0101 un str\u0101d\u0101, un dakteres Aves ledus l\u0101steku sald\u0113tav\u0101 l\u0101stekas var dzied\u0101t jautras dziesmi\u0146as. Un gr\u0101mata nevienam vairs nav kr\u0113sl\u0101 j\u0101lasa. Jo ikviens b\u0113rns zina, ka las\u012b\u0161ana tums\u0101 var boj\u0101t redzi. \u201eElektrum\u201d \u016bdensdzirnav\u0101s uz sarun\u0101m ar elektr\u012bbu bie\u017ei dodas t\u0101s lielais draugs za\u0137is Adalberts. Da\u017ek\u0101rt vi\u0146i abi dodas apciemot elektr\u012bbas vect\u0113ti\u0146u.<\/p>\n","protected":false},"excerpt":{"rendered":"<p>\u201eElektrum\u201d \u016bdensdzirnavas Lotes ciem\u0101 ir \u013coti svar\u012bga vieta, jo no \u0161ejienes viss ciems ieg\u016bst elektr\u012bbu. Bet, k\u0101 zin\u0101ms, elektr\u012bba dz\u012bvi padara \u0113rt\u0101ku. \u016adensdzirnavas tikai str\u0101d\u0101 un str\u0101d\u0101, un dakteres Aves ledus l\u0101steku sald\u0113tav\u0101 l\u0101stekas var dzied\u0101t jautras dziesmi\u0146as. Un gr\u0101mata nevienam vairs nav kr\u0113sl\u0101 j\u0101lasa. Jo ikviens b\u0113rns zina, ka las\u012b\u0161ana tums\u0101 var boj\u0101t redzi. &hellip; <a href=\"https:\/\/lottemaa.ee\/lv\/par-lotes-zemi\/majas-un-nodarbes\/elektrum-udensdzirnavas\/\">Continued<\/a><\/p>\n","protected":false},"author":7,"featured_media":13453,"parent":1317,"menu_order":670,"comment_status":"closed","ping_status":"closed","template":"","meta":{"_acf_changed":false,"om_disable_all_campaigns":false,"_uf_show_specific_survey":0,"_uf_disable_surveys":false,"footnotes":""},"class_list":["post-3570","page","type-page","status-publish","has-post-thumbnail","hentry"],"acf":[],"yoast_head":"<!-- This site is optimized with the Yoast SEO plugin v25.5 - https:\/\/yoast.com\/wordpress\/plugins\/seo\/ -->\n<title>\u201cELEKTRUM\u201d \u016bdensdzirnavas | Lottemaa Teemapark<\/title>\n<meta name=\"description\" content=\"\u201eElektrum\u201d \u016bdensdzirnav\u0101s uz sarun\u0101m ar elektr\u012bbu bie\u017ei dodas t\u0101s lielais draugs za\u0137is Adalberts. Da\u017ek\u0101rt vi\u0146i abi dodas apciemot elektr\u012bbas vect\u0113ti\u0146u.\" \/>\n<meta name=\"robots\" content=\"index, follow, max-snippet:-1, max-image-preview:large, max-video-preview:-1\" \/>\n<link rel=\"canonical\" href=\"https:\/\/lottemaa.ee\/lv\/par-lotes-zemi\/majas-un-nodarbes\/elektrum-udensdzirnavas\/\" \/>\n<meta property=\"og:locale\" content=\"lv_LV\" \/>\n<meta property=\"og:type\" content=\"article\" \/>\n<meta property=\"og:title\" content=\"\u201cELEKTRUM\u201d \u016bdensdzirnavas | Lottemaa Teemapark\" \/>\n<meta property=\"og:description\" content=\"\u201eElektrum\u201d \u016bdensdzirnav\u0101s uz sarun\u0101m ar elektr\u012bbu bie\u017ei dodas t\u0101s lielais draugs za\u0137is Adalberts. Da\u017ek\u0101rt vi\u0146i abi dodas apciemot elektr\u012bbas vect\u0113ti\u0146u.\" \/>\n<meta property=\"og:url\" content=\"https:\/\/lottemaa.ee\/lv\/par-lotes-zemi\/majas-un-nodarbes\/elektrum-udensdzirnavas\/\" \/>\n<meta property=\"og:site_name\" content=\"Lottemaa Teemapark\" \/>\n<meta property=\"article:modified_time\" content=\"2024-09-25T12:40:18+00:00\" \/>\n<meta property=\"og:image\" content=\"https:\/\/lottemaa.ee\/wp-content\/uploads\/2022\/04\/DSC_7082-scaled.jpg\" \/>\n\t<meta property=\"og:image:width\" content=\"2560\" \/>\n\t<meta property=\"og:image:height\" content=\"1696\" \/>\n\t<meta property=\"og:image:type\" content=\"image\/jpeg\" \/>\n<meta name=\"twitter:card\" content=\"summary_large_image\" \/>\n<meta name=\"twitter:label1\" content=\"Est. reading time\" \/>\n\t<meta name=\"twitter:data1\" content=\"1 min\u016b\u0161u\" \/>\n<script type=\"application\/ld+json\" class=\"yoast-schema-graph\">{\"@context\":\"https:\/\/schema.org\",\"@graph\":[{\"@type\":\"WebPage\",\"@id\":\"https:\/\/lottemaa.ee\/lv\/par-lotes-zemi\/majas-un-nodarbes\/elektrum-udensdzirnavas\/\",\"url\":\"https:\/\/lottemaa.ee\/lv\/par-lotes-zemi\/majas-un-nodarbes\/elektrum-udensdzirnavas\/\",\"name\":\"\u201cELEKTRUM\u201d \u016bdensdzirnavas | Lottemaa Teemapark\",\"isPartOf\":{\"@id\":\"https:\/\/lottemaa.ee\/#website\"},\"primaryImageOfPage\":{\"@id\":\"https:\/\/lottemaa.ee\/lv\/par-lotes-zemi\/majas-un-nodarbes\/elektrum-udensdzirnavas\/#primaryimage\"},\"image\":{\"@id\":\"https:\/\/lottemaa.ee\/lv\/par-lotes-zemi\/majas-un-nodarbes\/elektrum-udensdzirnavas\/#primaryimage\"},\"thumbnailUrl\":\"https:\/\/lottemaa.ee\/wp-content\/uploads\/2022\/04\/DSC_7082-scaled.jpg\",\"datePublished\":\"2016-10-26T06:35:53+00:00\",\"dateModified\":\"2024-09-25T12:40:18+00:00\",\"description\":\"\u201eElektrum\u201d \u016bdensdzirnav\u0101s uz sarun\u0101m ar elektr\u012bbu bie\u017ei dodas t\u0101s lielais draugs za\u0137is Adalberts. Da\u017ek\u0101rt vi\u0146i abi dodas apciemot elektr\u012bbas vect\u0113ti\u0146u.\",\"breadcrumb\":{\"@id\":\"https:\/\/lottemaa.ee\/lv\/par-lotes-zemi\/majas-un-nodarbes\/elektrum-udensdzirnavas\/#breadcrumb\"},\"inLanguage\":\"lv-LV\",\"potentialAction\":[{\"@type\":\"ReadAction\",\"target\":[\"https:\/\/lottemaa.ee\/lv\/par-lotes-zemi\/majas-un-nodarbes\/elektrum-udensdzirnavas\/\"]}]},{\"@type\":\"ImageObject\",\"inLanguage\":\"lv-LV\",\"@id\":\"https:\/\/lottemaa.ee\/lv\/par-lotes-zemi\/majas-un-nodarbes\/elektrum-udensdzirnavas\/#primaryimage\",\"url\":\"https:\/\/lottemaa.ee\/wp-content\/uploads\/2022\/04\/DSC_7082-scaled.jpg\",\"contentUrl\":\"https:\/\/lottemaa.ee\/wp-content\/uploads\/2022\/04\/DSC_7082-scaled.jpg\",\"width\":2560,\"height\":1696},{\"@type\":\"BreadcrumbList\",\"@id\":\"https:\/\/lottemaa.ee\/lv\/par-lotes-zemi\/majas-un-nodarbes\/elektrum-udensdzirnavas\/#breadcrumb\",\"itemListElement\":[{\"@type\":\"ListItem\",\"position\":1,\"name\":\"Home\",\"item\":\"https:\/\/lottemaa.ee\/lv\/\"},{\"@type\":\"ListItem\",\"position\":2,\"name\":\"Diena Lotes zem\u0113\",\"item\":\"https:\/\/lottemaa.ee\/lv\/par-lotes-zemi\/\"},{\"@type\":\"ListItem\",\"position\":3,\"name\":\"M\u0101jas un nodarbes\",\"item\":\"https:\/\/lottemaa.ee\/lv\/par-lotes-zemi\/majas-un-nodarbes\/\"},{\"@type\":\"ListItem\",\"position\":4,\"name\":\"\u201cELEKTRUM\u201d \u016bdensdzirnavas\"}]},{\"@type\":\"WebSite\",\"@id\":\"https:\/\/lottemaa.ee\/#website\",\"url\":\"https:\/\/lottemaa.ee\/\",\"name\":\"Lottemaa Teemapark\",\"description\":\"Baltimaade suurim ja k\u00f5ige \u00e4gedam kogupere teemapark Eestis P\u00e4rnumaal\",\"publisher\":{\"@id\":\"https:\/\/lottemaa.ee\/#organization\"},\"potentialAction\":[{\"@type\":\"SearchAction\",\"target\":{\"@type\":\"EntryPoint\",\"urlTemplate\":\"https:\/\/lottemaa.ee\/?s={search_term_string}\"},\"query-input\":{\"@type\":\"PropertyValueSpecification\",\"valueRequired\":true,\"valueName\":\"search_term_string\"}}],\"inLanguage\":\"lv-LV\"},{\"@type\":\"Organization\",\"@id\":\"https:\/\/lottemaa.ee\/#organization\",\"name\":\"Lottemaa Teemapark\",\"url\":\"https:\/\/lottemaa.ee\/\",\"logo\":{\"@type\":\"ImageObject\",\"inLanguage\":\"lv-LV\",\"@id\":\"https:\/\/lottemaa.ee\/#\/schema\/logo\/image\/\",\"url\":\"https:\/\/lottemaa.ee\/wp-content\/uploads\/2018\/12\/Lottemaa_LOGO.png\",\"contentUrl\":\"https:\/\/lottemaa.ee\/wp-content\/uploads\/2018\/12\/Lottemaa_LOGO.png\",\"width\":1024,\"height\":518,\"caption\":\"Lottemaa Teemapark\"},\"image\":{\"@id\":\"https:\/\/lottemaa.ee\/#\/schema\/logo\/image\/\"}}]}<\/script>\n<!-- \/ Yoast SEO plugin. -->","yoast_head_json":{"title":"\u201cELEKTRUM\u201d \u016bdensdzirnavas | Lottemaa Teemapark","description":"\u201eElektrum\u201d \u016bdensdzirnav\u0101s uz sarun\u0101m ar elektr\u012bbu bie\u017ei dodas t\u0101s lielais draugs za\u0137is Adalberts. Da\u017ek\u0101rt vi\u0146i abi dodas apciemot elektr\u012bbas vect\u0113ti\u0146u.","robots":{"index":"index","follow":"follow","max-snippet":"max-snippet:-1","max-image-preview":"max-image-preview:large","max-video-preview":"max-video-preview:-1"},"canonical":"https:\/\/lottemaa.ee\/lv\/par-lotes-zemi\/majas-un-nodarbes\/elektrum-udensdzirnavas\/","og_locale":"lv_LV","og_type":"article","og_title":"\u201cELEKTRUM\u201d \u016bdensdzirnavas | Lottemaa Teemapark","og_description":"\u201eElektrum\u201d \u016bdensdzirnav\u0101s uz sarun\u0101m ar elektr\u012bbu bie\u017ei dodas t\u0101s lielais draugs za\u0137is Adalberts. Da\u017ek\u0101rt vi\u0146i abi dodas apciemot elektr\u012bbas vect\u0113ti\u0146u.","og_url":"https:\/\/lottemaa.ee\/lv\/par-lotes-zemi\/majas-un-nodarbes\/elektrum-udensdzirnavas\/","og_site_name":"Lottemaa Teemapark","article_modified_time":"2024-09-25T12:40:18+00:00","og_image":[{"width":2560,"height":1696,"url":"https:\/\/lottemaa.ee\/wp-content\/uploads\/2022\/04\/DSC_7082-scaled.jpg","type":"image\/jpeg"}],"twitter_card":"summary_large_image","twitter_misc":{"Est. reading time":"1 min\u016b\u0161u"},"schema":{"@context":"https:\/\/schema.org","@graph":[{"@type":"WebPage","@id":"https:\/\/lottemaa.ee\/lv\/par-lotes-zemi\/majas-un-nodarbes\/elektrum-udensdzirnavas\/","url":"https:\/\/lottemaa.ee\/lv\/par-lotes-zemi\/majas-un-nodarbes\/elektrum-udensdzirnavas\/","name":"\u201cELEKTRUM\u201d \u016bdensdzirnavas | Lottemaa Teemapark","isPartOf":{"@id":"https:\/\/lottemaa.ee\/#website"},"primaryImageOfPage":{"@id":"https:\/\/lottemaa.ee\/lv\/par-lotes-zemi\/majas-un-nodarbes\/elektrum-udensdzirnavas\/#primaryimage"},"image":{"@id":"https:\/\/lottemaa.ee\/lv\/par-lotes-zemi\/majas-un-nodarbes\/elektrum-udensdzirnavas\/#primaryimage"},"thumbnailUrl":"https:\/\/lottemaa.ee\/wp-content\/uploads\/2022\/04\/DSC_7082-scaled.jpg","datePublished":"2016-10-26T06:35:53+00:00","dateModified":"2024-09-25T12:40:18+00:00","description":"\u201eElektrum\u201d \u016bdensdzirnav\u0101s uz sarun\u0101m ar elektr\u012bbu bie\u017ei dodas t\u0101s lielais draugs za\u0137is Adalberts. Da\u017ek\u0101rt vi\u0146i abi dodas apciemot elektr\u012bbas vect\u0113ti\u0146u.","breadcrumb":{"@id":"https:\/\/lottemaa.ee\/lv\/par-lotes-zemi\/majas-un-nodarbes\/elektrum-udensdzirnavas\/#breadcrumb"},"inLanguage":"lv-LV","potentialAction":[{"@type":"ReadAction","target":["https:\/\/lottemaa.ee\/lv\/par-lotes-zemi\/majas-un-nodarbes\/elektrum-udensdzirnavas\/"]}]},{"@type":"ImageObject","inLanguage":"lv-LV","@id":"https:\/\/lottemaa.ee\/lv\/par-lotes-zemi\/majas-un-nodarbes\/elektrum-udensdzirnavas\/#primaryimage","url":"https:\/\/lottemaa.ee\/wp-content\/uploads\/2022\/04\/DSC_7082-scaled.jpg","contentUrl":"https:\/\/lottemaa.ee\/wp-content\/uploads\/2022\/04\/DSC_7082-scaled.jpg","width":2560,"height":1696},{"@type":"BreadcrumbList","@id":"https:\/\/lottemaa.ee\/lv\/par-lotes-zemi\/majas-un-nodarbes\/elektrum-udensdzirnavas\/#breadcrumb","itemListElement":[{"@type":"ListItem","position":1,"name":"Home","item":"https:\/\/lottemaa.ee\/lv\/"},{"@type":"ListItem","position":2,"name":"Diena Lotes zem\u0113","item":"https:\/\/lottemaa.ee\/lv\/par-lotes-zemi\/"},{"@type":"ListItem","position":3,"name":"M\u0101jas un nodarbes","item":"https:\/\/lottemaa.ee\/lv\/par-lotes-zemi\/majas-un-nodarbes\/"},{"@type":"ListItem","position":4,"name":"\u201cELEKTRUM\u201d \u016bdensdzirnavas"}]},{"@type":"WebSite","@id":"https:\/\/lottemaa.ee\/#website","url":"https:\/\/lottemaa.ee\/","name":"Lottemaa Teemapark","description":"Baltimaade suurim ja k\u00f5ige \u00e4gedam kogupere teemapark Eestis P\u00e4rnumaal","publisher":{"@id":"https:\/\/lottemaa.ee\/#organization"},"potentialAction":[{"@type":"SearchAction","target":{"@type":"EntryPoint","urlTemplate":"https:\/\/lottemaa.ee\/?s={search_term_string}"},"query-input":{"@type":"PropertyValueSpecification","valueRequired":true,"valueName":"search_term_string"}}],"inLanguage":"lv-LV"},{"@type":"Organization","@id":"https:\/\/lottemaa.ee\/#organization","name":"Lottemaa Teemapark","url":"https:\/\/lottemaa.ee\/","logo":{"@type":"ImageObject","inLanguage":"lv-LV","@id":"https:\/\/lottemaa.ee\/#\/schema\/logo\/image\/","url":"https:\/\/lottemaa.ee\/wp-content\/uploads\/2018\/12\/Lottemaa_LOGO.png","contentUrl":"https:\/\/lottemaa.ee\/wp-content\/uploads\/2018\/12\/Lottemaa_LOGO.png","width":1024,"height":518,"caption":"Lottemaa Teemapark"},"image":{"@id":"https:\/\/lottemaa.ee\/#\/schema\/logo\/image\/"}}]}},"_links":{"self":[{"href":"https:\/\/lottemaa.ee\/lv\/wp-json\/wp\/v2\/pages\/3570","targetHints":{"allow":["GET"]}}],"collection":[{"href":"https:\/\/lottemaa.ee\/lv\/wp-json\/wp\/v2\/pages"}],"about":[{"href":"https:\/\/lottemaa.ee\/lv\/wp-json\/wp\/v2\/types\/page"}],"author":[{"embeddable":true,"href":"https:\/\/lottemaa.ee\/lv\/wp-json\/wp\/v2\/users\/7"}],"replies":[{"embeddable":true,"href":"https:\/\/lottemaa.ee\/lv\/wp-json\/wp\/v2\/comments?post=3570"}],"version-history":[{"count":5,"href":"https:\/\/lottemaa.ee\/lv\/wp-json\/wp\/v2\/pages\/3570\/revisions"}],"predecessor-version":[{"id":28541,"href":"https:\/\/lottemaa.ee\/lv\/wp-json\/wp\/v2\/pages\/3570\/revisions\/28541"}],"up":[{"embeddable":true,"href":"https:\/\/lottemaa.ee\/lv\/wp-json\/wp\/v2\/pages\/1317"}],"wp:featuredmedia":[{"embeddable":true,"href":"https:\/\/lottemaa.ee\/lv\/wp-json\/wp\/v2\/media\/13453"}],"wp:attachment":[{"href":"https:\/\/lottemaa.ee\/lv\/wp-json\/wp\/v2\/media?parent=3570"}],"curies":[{"name":"wp","href":"https:\/\/api.w.org\/{rel}","templated":true}]}}