{"id":3568,"date":"2016-10-26T09:23:24","date_gmt":"2016-10-26T06:23:24","guid":{"rendered":"http:\/\/test.lottemaa.ee\/lv\/?page_id=3568"},"modified":"2024-09-25T15:25:42","modified_gmt":"2024-09-25T12:25:42","slug":"interneta-atklasanas-tornis","status":"publish","type":"page","link":"https:\/\/lottemaa.ee\/lv\/par-lotes-zemi\/majas-un-nodarbes\/interneta-atklasanas-tornis\/","title":{"rendered":"Interneta atkl\u0101\u0161anas tornis"},"content":{"rendered":"<p style=\"text-align: left;\"><strong>Interneta atkl\u0101\u0161anas torn\u012b<\/strong> dz\u012bvo mazmaz\u012bti\u0146i interneta v\u012bri\u0146i. Ar neapbru\u0146otu aci tos nemaz nevar paman\u012bt, bet, v\u0113rojot zem lupas, tor\u0146a apak\u0161\u0113jo st\u0101vu v\u012bri\u0146us ir iesp\u0113jams saskat\u012bt. Jo augst\u0101ks st\u0101vs, jo \u0101tr\u0101ki un veikl\u0101ki v\u012bri\u0146i tur dz\u012bvo.<\/p>\n","protected":false},"excerpt":{"rendered":"<p>Interneta atkl\u0101\u0161anas torn\u012b dz\u012bvo mazmaz\u012bti\u0146i interneta v\u012bri\u0146i. Ar neapbru\u0146otu aci tos nemaz nevar paman\u012bt, bet, v\u0113rojot zem lupas, tor\u0146a apak\u0161\u0113jo st\u0101vu v\u012bri\u0146us ir iesp\u0113jams saskat\u012bt. Jo augst\u0101ks st\u0101vs, jo \u0101tr\u0101ki un veikl\u0101ki v\u012bri\u0146i tur dz\u012bvo.<\/p>\n","protected":false},"author":7,"featured_media":13378,"parent":1317,"menu_order":669,"comment_status":"closed","ping_status":"closed","template":"","meta":{"_acf_changed":false,"om_disable_all_campaigns":false,"_uf_show_specific_survey":0,"_uf_disable_surveys":false,"footnotes":""},"class_list":["post-3568","page","type-page","status-publish","has-post-thumbnail","hentry"],"acf":[],"yoast_head":"<!-- This site is optimized with the Yoast SEO plugin v25.5 - https:\/\/yoast.com\/wordpress\/plugins\/seo\/ -->\n<title>Interneta atkl\u0101\u0161anas tornis | Lottemaa Teemapark<\/title>\n<meta name=\"description\" content=\"Interneta atkl\u0101\u0161anas torn\u012b dz\u012bvo mazmaz\u012bti\u0146i interneta v\u012bri\u0146i. Ar neapbru\u0146otu aci tos nemaz nevar paman\u012bt, bet, v\u0113rojot zem lupas, tor\u0146a apak\u0161\u0113jo st\u0101vu v\u012bri\u0146us ir iesp\u0113jams saskat\u012bt.\" \/>\n<meta name=\"robots\" content=\"index, follow, max-snippet:-1, max-image-preview:large, max-video-preview:-1\" \/>\n<link rel=\"canonical\" href=\"https:\/\/lottemaa.ee\/lv\/par-lotes-zemi\/majas-un-nodarbes\/interneta-atklasanas-tornis\/\" \/>\n<meta property=\"og:locale\" content=\"lv_LV\" \/>\n<meta property=\"og:type\" content=\"article\" \/>\n<meta property=\"og:title\" content=\"Interneta atkl\u0101\u0161anas tornis | Lottemaa Teemapark\" \/>\n<meta property=\"og:description\" content=\"Interneta atkl\u0101\u0161anas torn\u012b dz\u012bvo mazmaz\u012bti\u0146i interneta v\u012bri\u0146i. Ar neapbru\u0146otu aci tos nemaz nevar paman\u012bt, bet, v\u0113rojot zem lupas, tor\u0146a apak\u0161\u0113jo st\u0101vu v\u012bri\u0146us ir iesp\u0113jams saskat\u012bt.\" \/>\n<meta property=\"og:url\" content=\"https:\/\/lottemaa.ee\/lv\/par-lotes-zemi\/majas-un-nodarbes\/interneta-atklasanas-tornis\/\" \/>\n<meta property=\"og:site_name\" content=\"Lottemaa Teemapark\" \/>\n<meta property=\"article:modified_time\" content=\"2024-09-25T12:25:42+00:00\" \/>\n<meta property=\"og:image\" content=\"https:\/\/lottemaa.ee\/wp-content\/uploads\/2022\/04\/DSC_7455-scaled.jpg\" \/>\n\t<meta property=\"og:image:width\" content=\"1696\" \/>\n\t<meta property=\"og:image:height\" content=\"2560\" \/>\n\t<meta property=\"og:image:type\" content=\"image\/jpeg\" \/>\n<meta name=\"twitter:card\" content=\"summary_large_image\" \/>\n<meta name=\"twitter:label1\" content=\"Est. reading time\" \/>\n\t<meta name=\"twitter:data1\" content=\"1 min\u016b\u0161u\" \/>\n<script type=\"application\/ld+json\" class=\"yoast-schema-graph\">{\"@context\":\"https:\/\/schema.org\",\"@graph\":[{\"@type\":\"WebPage\",\"@id\":\"https:\/\/lottemaa.ee\/lv\/par-lotes-zemi\/majas-un-nodarbes\/interneta-atklasanas-tornis\/\",\"url\":\"https:\/\/lottemaa.ee\/lv\/par-lotes-zemi\/majas-un-nodarbes\/interneta-atklasanas-tornis\/\",\"name\":\"Interneta atkl\u0101\u0161anas tornis | Lottemaa Teemapark\",\"isPartOf\":{\"@id\":\"https:\/\/lottemaa.ee\/#website\"},\"primaryImageOfPage\":{\"@id\":\"https:\/\/lottemaa.ee\/lv\/par-lotes-zemi\/majas-un-nodarbes\/interneta-atklasanas-tornis\/#primaryimage\"},\"image\":{\"@id\":\"https:\/\/lottemaa.ee\/lv\/par-lotes-zemi\/majas-un-nodarbes\/interneta-atklasanas-tornis\/#primaryimage\"},\"thumbnailUrl\":\"https:\/\/lottemaa.ee\/wp-content\/uploads\/2022\/04\/DSC_7455-scaled.jpg\",\"datePublished\":\"2016-10-26T06:23:24+00:00\",\"dateModified\":\"2024-09-25T12:25:42+00:00\",\"description\":\"Interneta atkl\u0101\u0161anas torn\u012b dz\u012bvo mazmaz\u012bti\u0146i interneta v\u012bri\u0146i. Ar neapbru\u0146otu aci tos nemaz nevar paman\u012bt, bet, v\u0113rojot zem lupas, tor\u0146a apak\u0161\u0113jo st\u0101vu v\u012bri\u0146us ir iesp\u0113jams saskat\u012bt.\",\"breadcrumb\":{\"@id\":\"https:\/\/lottemaa.ee\/lv\/par-lotes-zemi\/majas-un-nodarbes\/interneta-atklasanas-tornis\/#breadcrumb\"},\"inLanguage\":\"lv-LV\",\"potentialAction\":[{\"@type\":\"ReadAction\",\"target\":[\"https:\/\/lottemaa.ee\/lv\/par-lotes-zemi\/majas-un-nodarbes\/interneta-atklasanas-tornis\/\"]}]},{\"@type\":\"ImageObject\",\"inLanguage\":\"lv-LV\",\"@id\":\"https:\/\/lottemaa.ee\/lv\/par-lotes-zemi\/majas-un-nodarbes\/interneta-atklasanas-tornis\/#primaryimage\",\"url\":\"https:\/\/lottemaa.ee\/wp-content\/uploads\/2022\/04\/DSC_7455-scaled.jpg\",\"contentUrl\":\"https:\/\/lottemaa.ee\/wp-content\/uploads\/2022\/04\/DSC_7455-scaled.jpg\",\"width\":1696,\"height\":2560},{\"@type\":\"BreadcrumbList\",\"@id\":\"https:\/\/lottemaa.ee\/lv\/par-lotes-zemi\/majas-un-nodarbes\/interneta-atklasanas-tornis\/#breadcrumb\",\"itemListElement\":[{\"@type\":\"ListItem\",\"position\":1,\"name\":\"Home\",\"item\":\"https:\/\/lottemaa.ee\/lv\/\"},{\"@type\":\"ListItem\",\"position\":2,\"name\":\"Diena Lotes zem\u0113\",\"item\":\"https:\/\/lottemaa.ee\/lv\/par-lotes-zemi\/\"},{\"@type\":\"ListItem\",\"position\":3,\"name\":\"M\u0101jas un nodarbes\",\"item\":\"https:\/\/lottemaa.ee\/lv\/par-lotes-zemi\/majas-un-nodarbes\/\"},{\"@type\":\"ListItem\",\"position\":4,\"name\":\"Interneta atkl\u0101\u0161anas tornis\"}]},{\"@type\":\"WebSite\",\"@id\":\"https:\/\/lottemaa.ee\/#website\",\"url\":\"https:\/\/lottemaa.ee\/\",\"name\":\"Lottemaa Teemapark\",\"description\":\"Baltimaade suurim ja k\u00f5ige \u00e4gedam kogupere teemapark Eestis P\u00e4rnumaal\",\"publisher\":{\"@id\":\"https:\/\/lottemaa.ee\/#organization\"},\"potentialAction\":[{\"@type\":\"SearchAction\",\"target\":{\"@type\":\"EntryPoint\",\"urlTemplate\":\"https:\/\/lottemaa.ee\/?s={search_term_string}\"},\"query-input\":{\"@type\":\"PropertyValueSpecification\",\"valueRequired\":true,\"valueName\":\"search_term_string\"}}],\"inLanguage\":\"lv-LV\"},{\"@type\":\"Organization\",\"@id\":\"https:\/\/lottemaa.ee\/#organization\",\"name\":\"Lottemaa Teemapark\",\"url\":\"https:\/\/lottemaa.ee\/\",\"logo\":{\"@type\":\"ImageObject\",\"inLanguage\":\"lv-LV\",\"@id\":\"https:\/\/lottemaa.ee\/#\/schema\/logo\/image\/\",\"url\":\"https:\/\/lottemaa.ee\/wp-content\/uploads\/2018\/12\/Lottemaa_LOGO.png\",\"contentUrl\":\"https:\/\/lottemaa.ee\/wp-content\/uploads\/2018\/12\/Lottemaa_LOGO.png\",\"width\":1024,\"height\":518,\"caption\":\"Lottemaa Teemapark\"},\"image\":{\"@id\":\"https:\/\/lottemaa.ee\/#\/schema\/logo\/image\/\"}}]}<\/script>\n<!-- \/ Yoast SEO plugin. -->","yoast_head_json":{"title":"Interneta atkl\u0101\u0161anas tornis | Lottemaa Teemapark","description":"Interneta atkl\u0101\u0161anas torn\u012b dz\u012bvo mazmaz\u012bti\u0146i interneta v\u012bri\u0146i. Ar neapbru\u0146otu aci tos nemaz nevar paman\u012bt, bet, v\u0113rojot zem lupas, tor\u0146a apak\u0161\u0113jo st\u0101vu v\u012bri\u0146us ir iesp\u0113jams saskat\u012bt.","robots":{"index":"index","follow":"follow","max-snippet":"max-snippet:-1","max-image-preview":"max-image-preview:large","max-video-preview":"max-video-preview:-1"},"canonical":"https:\/\/lottemaa.ee\/lv\/par-lotes-zemi\/majas-un-nodarbes\/interneta-atklasanas-tornis\/","og_locale":"lv_LV","og_type":"article","og_title":"Interneta atkl\u0101\u0161anas tornis | Lottemaa Teemapark","og_description":"Interneta atkl\u0101\u0161anas torn\u012b dz\u012bvo mazmaz\u012bti\u0146i interneta v\u012bri\u0146i. Ar neapbru\u0146otu aci tos nemaz nevar paman\u012bt, bet, v\u0113rojot zem lupas, tor\u0146a apak\u0161\u0113jo st\u0101vu v\u012bri\u0146us ir iesp\u0113jams saskat\u012bt.","og_url":"https:\/\/lottemaa.ee\/lv\/par-lotes-zemi\/majas-un-nodarbes\/interneta-atklasanas-tornis\/","og_site_name":"Lottemaa Teemapark","article_modified_time":"2024-09-25T12:25:42+00:00","og_image":[{"width":1696,"height":2560,"url":"https:\/\/lottemaa.ee\/wp-content\/uploads\/2022\/04\/DSC_7455-scaled.jpg","type":"image\/jpeg"}],"twitter_card":"summary_large_image","twitter_misc":{"Est. reading time":"1 min\u016b\u0161u"},"schema":{"@context":"https:\/\/schema.org","@graph":[{"@type":"WebPage","@id":"https:\/\/lottemaa.ee\/lv\/par-lotes-zemi\/majas-un-nodarbes\/interneta-atklasanas-tornis\/","url":"https:\/\/lottemaa.ee\/lv\/par-lotes-zemi\/majas-un-nodarbes\/interneta-atklasanas-tornis\/","name":"Interneta atkl\u0101\u0161anas tornis | Lottemaa Teemapark","isPartOf":{"@id":"https:\/\/lottemaa.ee\/#website"},"primaryImageOfPage":{"@id":"https:\/\/lottemaa.ee\/lv\/par-lotes-zemi\/majas-un-nodarbes\/interneta-atklasanas-tornis\/#primaryimage"},"image":{"@id":"https:\/\/lottemaa.ee\/lv\/par-lotes-zemi\/majas-un-nodarbes\/interneta-atklasanas-tornis\/#primaryimage"},"thumbnailUrl":"https:\/\/lottemaa.ee\/wp-content\/uploads\/2022\/04\/DSC_7455-scaled.jpg","datePublished":"2016-10-26T06:23:24+00:00","dateModified":"2024-09-25T12:25:42+00:00","description":"Interneta atkl\u0101\u0161anas torn\u012b dz\u012bvo mazmaz\u012bti\u0146i interneta v\u012bri\u0146i. Ar neapbru\u0146otu aci tos nemaz nevar paman\u012bt, bet, v\u0113rojot zem lupas, tor\u0146a apak\u0161\u0113jo st\u0101vu v\u012bri\u0146us ir iesp\u0113jams saskat\u012bt.","breadcrumb":{"@id":"https:\/\/lottemaa.ee\/lv\/par-lotes-zemi\/majas-un-nodarbes\/interneta-atklasanas-tornis\/#breadcrumb"},"inLanguage":"lv-LV","potentialAction":[{"@type":"ReadAction","target":["https:\/\/lottemaa.ee\/lv\/par-lotes-zemi\/majas-un-nodarbes\/interneta-atklasanas-tornis\/"]}]},{"@type":"ImageObject","inLanguage":"lv-LV","@id":"https:\/\/lottemaa.ee\/lv\/par-lotes-zemi\/majas-un-nodarbes\/interneta-atklasanas-tornis\/#primaryimage","url":"https:\/\/lottemaa.ee\/wp-content\/uploads\/2022\/04\/DSC_7455-scaled.jpg","contentUrl":"https:\/\/lottemaa.ee\/wp-content\/uploads\/2022\/04\/DSC_7455-scaled.jpg","width":1696,"height":2560},{"@type":"BreadcrumbList","@id":"https:\/\/lottemaa.ee\/lv\/par-lotes-zemi\/majas-un-nodarbes\/interneta-atklasanas-tornis\/#breadcrumb","itemListElement":[{"@type":"ListItem","position":1,"name":"Home","item":"https:\/\/lottemaa.ee\/lv\/"},{"@type":"ListItem","position":2,"name":"Diena Lotes zem\u0113","item":"https:\/\/lottemaa.ee\/lv\/par-lotes-zemi\/"},{"@type":"ListItem","position":3,"name":"M\u0101jas un nodarbes","item":"https:\/\/lottemaa.ee\/lv\/par-lotes-zemi\/majas-un-nodarbes\/"},{"@type":"ListItem","position":4,"name":"Interneta atkl\u0101\u0161anas tornis"}]},{"@type":"WebSite","@id":"https:\/\/lottemaa.ee\/#website","url":"https:\/\/lottemaa.ee\/","name":"Lottemaa Teemapark","description":"Baltimaade suurim ja k\u00f5ige \u00e4gedam kogupere teemapark Eestis P\u00e4rnumaal","publisher":{"@id":"https:\/\/lottemaa.ee\/#organization"},"potentialAction":[{"@type":"SearchAction","target":{"@type":"EntryPoint","urlTemplate":"https:\/\/lottemaa.ee\/?s={search_term_string}"},"query-input":{"@type":"PropertyValueSpecification","valueRequired":true,"valueName":"search_term_string"}}],"inLanguage":"lv-LV"},{"@type":"Organization","@id":"https:\/\/lottemaa.ee\/#organization","name":"Lottemaa Teemapark","url":"https:\/\/lottemaa.ee\/","logo":{"@type":"ImageObject","inLanguage":"lv-LV","@id":"https:\/\/lottemaa.ee\/#\/schema\/logo\/image\/","url":"https:\/\/lottemaa.ee\/wp-content\/uploads\/2018\/12\/Lottemaa_LOGO.png","contentUrl":"https:\/\/lottemaa.ee\/wp-content\/uploads\/2018\/12\/Lottemaa_LOGO.png","width":1024,"height":518,"caption":"Lottemaa Teemapark"},"image":{"@id":"https:\/\/lottemaa.ee\/#\/schema\/logo\/image\/"}}]}},"_links":{"self":[{"href":"https:\/\/lottemaa.ee\/lv\/wp-json\/wp\/v2\/pages\/3568","targetHints":{"allow":["GET"]}}],"collection":[{"href":"https:\/\/lottemaa.ee\/lv\/wp-json\/wp\/v2\/pages"}],"about":[{"href":"https:\/\/lottemaa.ee\/lv\/wp-json\/wp\/v2\/types\/page"}],"author":[{"embeddable":true,"href":"https:\/\/lottemaa.ee\/lv\/wp-json\/wp\/v2\/users\/7"}],"replies":[{"embeddable":true,"href":"https:\/\/lottemaa.ee\/lv\/wp-json\/wp\/v2\/comments?post=3568"}],"version-history":[{"count":4,"href":"https:\/\/lottemaa.ee\/lv\/wp-json\/wp\/v2\/pages\/3568\/revisions"}],"predecessor-version":[{"id":28540,"href":"https:\/\/lottemaa.ee\/lv\/wp-json\/wp\/v2\/pages\/3568\/revisions\/28540"}],"up":[{"embeddable":true,"href":"https:\/\/lottemaa.ee\/lv\/wp-json\/wp\/v2\/pages\/1317"}],"wp:featuredmedia":[{"embeddable":true,"href":"https:\/\/lottemaa.ee\/lv\/wp-json\/wp\/v2\/media\/13378"}],"wp:attachment":[{"href":"https:\/\/lottemaa.ee\/lv\/wp-json\/wp\/v2\/media?parent=3568"}],"curies":[{"name":"wp","href":"https:\/\/api.w.org\/{rel}","templated":true}]}}