{"id":32183,"date":"2025-11-25T16:12:31","date_gmt":"2025-11-25T14:12:31","guid":{"rendered":"https:\/\/lottemaa.ee\/?page_id=32183"},"modified":"2025-11-25T16:13:26","modified_gmt":"2025-11-25T14:13:26","slug":"club-one-ipasais-piedavajums","status":"publish","type":"page","link":"https:\/\/lottemaa.ee\/lv\/ipasie-piedavajumi\/club-one-ipasais-piedavajums\/","title":{"rendered":"CLUB ONE \u012bpa\u0161ais pied\u0101v\u0101jums"},"content":{"rendered":"<p style=\"text-align: left;\"><img loading=\"lazy\" decoding=\"async\" class=\"alignright size-medium wp-image-29249\" src=\"https:\/\/lottemaa.ee\/wp-content\/uploads\/2024\/11\/ClubOne_soodus_1080x1080_tyhi-300x300.jpg\" alt=\"\" width=\"300\" height=\"300\" srcset=\"https:\/\/lottemaa.ee\/wp-content\/uploads\/2024\/11\/ClubOne_soodus_1080x1080_tyhi-300x300.jpg 300w, https:\/\/lottemaa.ee\/wp-content\/uploads\/2024\/11\/ClubOne_soodus_1080x1080_tyhi-1024x1024.jpg 1024w, https:\/\/lottemaa.ee\/wp-content\/uploads\/2024\/11\/ClubOne_soodus_1080x1080_tyhi-150x150.jpg 150w, https:\/\/lottemaa.ee\/wp-content\/uploads\/2024\/11\/ClubOne_soodus_1080x1080_tyhi-768x768.jpg 768w, https:\/\/lottemaa.ee\/wp-content\/uploads\/2024\/11\/ClubOne_soodus_1080x1080_tyhi-114x114.jpg 114w, https:\/\/lottemaa.ee\/wp-content\/uploads\/2024\/11\/ClubOne_soodus_1080x1080_tyhi.jpg 1080w\" sizes=\"auto, (max-width: 300px) 100vw, 300px\" \/>\u012apa\u0161ais pied\u0101v\u0101jums <a href=\"https:\/\/clubone.tallink.com\/lv\">Tallink Latvia CLUB ONE<\/a> kluba locek\u013ciem:<br \/>\n<strong><a href=\"https:\/\/lottemaa.ee\/lv\/lotes-zemes-ziemassvetku-svinibas\/\">Lotes zemes Ziemassv\u0113tku zemes<\/a><\/strong> bi\u013cete 20 \u20ac\/persona<br \/>\n(parast\u0101 cena 23 \u20ac\/persona)<\/p>\n<p style=\"text-align: left;\">Bi\u013cetes ar atlaides cenu var ieg\u0101d\u0101ties un izmantot gan:<br \/>\n&#8211; <span style=\"color: #0000ff;\"><strong>LOTES ZEMES KAS\u0112S<\/strong> <\/span>laika period\u0101 <strong>13.12.2025.-04.01.2026.<\/strong>, uzr\u0101dot sp\u0113k\u0101 eso\u0161u <strong>CLUB ONE<\/strong> elektronisko kluba karti. Ieg\u0101d\u0101t\u0101s bi\u013cetes ir der\u012bgas izmanto\u0161anai pirkuma dien\u0101.<br \/>\n&#8211; <span style=\"color: #ff0000;\"><strong>LOTES ZEMES M\u0100JASLAP\u0100<\/strong><\/span> l\u012bdz 4.01.2026. ar atlai\u017eu kodu \u201c<strong>clubone2025<\/strong>\u201d. Ieg\u0101d\u0101t\u0101s bi\u013cetes ir der\u012bgas izmanto\u0161anai Lotes zemes Ziemassv\u0113tku zemes darbalaik\u0101 <strong>13.-14.12., 20.-21.12.<\/strong>, <strong>26.-30.12.2025.<\/strong> un <strong>02.-04.01.2026.<\/strong> Pie bi\u013ce\u0161u p\u0101rbaudes esiet gatavi uzr\u0101d\u012bt kluba karti.<\/p>\n<p style=\"text-align: left;\">\nDubulta atlaide nav sp\u0113k\u0101!<\/p>\n","protected":false},"excerpt":{"rendered":"<p>\u012apa\u0161ais pied\u0101v\u0101jums Tallink Latvia CLUB ONE kluba locek\u013ciem: Lotes zemes Ziemassv\u0113tku zemes bi\u013cete 20 \u20ac\/persona (parast\u0101 cena 23 \u20ac\/persona) Bi\u013cetes ar atlaides cenu var ieg\u0101d\u0101ties un izmantot gan: &#8211; LOTES ZEMES KAS\u0112S laika period\u0101 13.12.2025.-04.01.2026., uzr\u0101dot sp\u0113k\u0101 eso\u0161u CLUB ONE elektronisko kluba karti. Ieg\u0101d\u0101t\u0101s bi\u013cetes ir der\u012bgas izmanto\u0161anai pirkuma dien\u0101. &#8211; LOTES ZEMES M\u0100JASLAP\u0100 l\u012bdz &hellip; <a href=\"https:\/\/lottemaa.ee\/lv\/ipasie-piedavajumi\/club-one-ipasais-piedavajums\/\">Continued<\/a><\/p>\n","protected":false},"author":7,"featured_media":29210,"parent":6698,"menu_order":762,"comment_status":"closed","ping_status":"closed","template":"","meta":{"_acf_changed":false,"om_disable_all_campaigns":false,"_uf_show_specific_survey":0,"_uf_disable_surveys":false,"footnotes":""},"class_list":["post-32183","page","type-page","status-publish","has-post-thumbnail","hentry"],"acf":[],"yoast_head":"<!-- This site is optimized with the Yoast SEO plugin v25.5 - https:\/\/yoast.com\/wordpress\/plugins\/seo\/ -->\n<title>CLUB ONE \u012bpa\u0161ais pied\u0101v\u0101jums | Lottemaa Teemapark<\/title>\n<meta name=\"description\" content=\"\u012apa\u0161s pied\u0101v\u0101jums CLUB ONE kartes \u012bpa\u0161niekiem: LOTES ZEME Ziemassv\u0113tku Svin\u012bbas\u00a02025 bi\u013cete 20 \u20ac\/pers.\" \/>\n<meta name=\"robots\" content=\"index, follow, max-snippet:-1, max-image-preview:large, max-video-preview:-1\" \/>\n<link rel=\"canonical\" href=\"https:\/\/lottemaa.ee\/lv\/ipasie-piedavajumi\/club-one-ipasais-piedavajums\/\" \/>\n<meta property=\"og:locale\" content=\"lv_LV\" \/>\n<meta property=\"og:type\" content=\"article\" \/>\n<meta property=\"og:title\" content=\"CLUB ONE \u012bpa\u0161ais pied\u0101v\u0101jums | Lottemaa Teemapark\" \/>\n<meta property=\"og:description\" content=\"\u012apa\u0161s pied\u0101v\u0101jums CLUB ONE kartes \u012bpa\u0161niekiem: LOTES ZEME Ziemassv\u0113tku Svin\u012bbas\u00a02025 bi\u013cete 20 \u20ac\/pers.\" \/>\n<meta property=\"og:url\" content=\"https:\/\/lottemaa.ee\/lv\/ipasie-piedavajumi\/club-one-ipasais-piedavajums\/\" \/>\n<meta property=\"og:site_name\" content=\"Lottemaa Teemapark\" \/>\n<meta property=\"article:modified_time\" content=\"2025-11-25T14:13:26+00:00\" \/>\n<meta property=\"og:image\" content=\"https:\/\/lottemaa.ee\/wp-content\/uploads\/2024\/11\/Lottemaa_joulumaa_sooduspakkumine_tallinki_kliendile_lv.jpg\" \/>\n\t<meta property=\"og:image:width\" content=\"1080\" \/>\n\t<meta property=\"og:image:height\" content=\"1080\" \/>\n\t<meta property=\"og:image:type\" content=\"image\/jpeg\" \/>\n<meta name=\"twitter:card\" content=\"summary_large_image\" \/>\n<meta name=\"twitter:label1\" content=\"Est. reading time\" \/>\n\t<meta name=\"twitter:data1\" content=\"1 min\u016b\u0161u\" \/>\n<script type=\"application\/ld+json\" class=\"yoast-schema-graph\">{\"@context\":\"https:\/\/schema.org\",\"@graph\":[{\"@type\":\"WebPage\",\"@id\":\"https:\/\/lottemaa.ee\/lv\/ipasie-piedavajumi\/club-one-ipasais-piedavajums\/\",\"url\":\"https:\/\/lottemaa.ee\/lv\/ipasie-piedavajumi\/club-one-ipasais-piedavajums\/\",\"name\":\"CLUB ONE \u012bpa\u0161ais pied\u0101v\u0101jums | Lottemaa Teemapark\",\"isPartOf\":{\"@id\":\"https:\/\/lottemaa.ee\/#website\"},\"primaryImageOfPage\":{\"@id\":\"https:\/\/lottemaa.ee\/lv\/ipasie-piedavajumi\/club-one-ipasais-piedavajums\/#primaryimage\"},\"image\":{\"@id\":\"https:\/\/lottemaa.ee\/lv\/ipasie-piedavajumi\/club-one-ipasais-piedavajums\/#primaryimage\"},\"thumbnailUrl\":\"https:\/\/lottemaa.ee\/wp-content\/uploads\/2024\/11\/Lottemaa_joulumaa_sooduspakkumine_tallinki_kliendile_lv.jpg\",\"datePublished\":\"2025-11-25T14:12:31+00:00\",\"dateModified\":\"2025-11-25T14:13:26+00:00\",\"description\":\"\u012apa\u0161s pied\u0101v\u0101jums CLUB ONE kartes \u012bpa\u0161niekiem: LOTES ZEME Ziemassv\u0113tku Svin\u012bbas\u00a02025 bi\u013cete 20 \u20ac\/pers.\",\"breadcrumb\":{\"@id\":\"https:\/\/lottemaa.ee\/lv\/ipasie-piedavajumi\/club-one-ipasais-piedavajums\/#breadcrumb\"},\"inLanguage\":\"lv-LV\",\"potentialAction\":[{\"@type\":\"ReadAction\",\"target\":[\"https:\/\/lottemaa.ee\/lv\/ipasie-piedavajumi\/club-one-ipasais-piedavajums\/\"]}]},{\"@type\":\"ImageObject\",\"inLanguage\":\"lv-LV\",\"@id\":\"https:\/\/lottemaa.ee\/lv\/ipasie-piedavajumi\/club-one-ipasais-piedavajums\/#primaryimage\",\"url\":\"https:\/\/lottemaa.ee\/wp-content\/uploads\/2024\/11\/Lottemaa_joulumaa_sooduspakkumine_tallinki_kliendile_lv.jpg\",\"contentUrl\":\"https:\/\/lottemaa.ee\/wp-content\/uploads\/2024\/11\/Lottemaa_joulumaa_sooduspakkumine_tallinki_kliendile_lv.jpg\",\"width\":1080,\"height\":1080},{\"@type\":\"BreadcrumbList\",\"@id\":\"https:\/\/lottemaa.ee\/lv\/ipasie-piedavajumi\/club-one-ipasais-piedavajums\/#breadcrumb\",\"itemListElement\":[{\"@type\":\"ListItem\",\"position\":1,\"name\":\"Home\",\"item\":\"https:\/\/lottemaa.ee\/lv\/\"},{\"@type\":\"ListItem\",\"position\":2,\"name\":\"\u012bpa\u0161ie pied\u0101v\u0101jumi\",\"item\":\"https:\/\/lottemaa.ee\/lv\/ipasie-piedavajumi\/\"},{\"@type\":\"ListItem\",\"position\":3,\"name\":\"CLUB ONE \u012bpa\u0161ais pied\u0101v\u0101jums\"}]},{\"@type\":\"WebSite\",\"@id\":\"https:\/\/lottemaa.ee\/#website\",\"url\":\"https:\/\/lottemaa.ee\/\",\"name\":\"Lottemaa Teemapark\",\"description\":\"Baltimaade suurim ja k\u00f5ige \u00e4gedam kogupere teemapark Eestis P\u00e4rnumaal\",\"publisher\":{\"@id\":\"https:\/\/lottemaa.ee\/#organization\"},\"potentialAction\":[{\"@type\":\"SearchAction\",\"target\":{\"@type\":\"EntryPoint\",\"urlTemplate\":\"https:\/\/lottemaa.ee\/?s={search_term_string}\"},\"query-input\":{\"@type\":\"PropertyValueSpecification\",\"valueRequired\":true,\"valueName\":\"search_term_string\"}}],\"inLanguage\":\"lv-LV\"},{\"@type\":\"Organization\",\"@id\":\"https:\/\/lottemaa.ee\/#organization\",\"name\":\"Lottemaa Teemapark\",\"url\":\"https:\/\/lottemaa.ee\/\",\"logo\":{\"@type\":\"ImageObject\",\"inLanguage\":\"lv-LV\",\"@id\":\"https:\/\/lottemaa.ee\/#\/schema\/logo\/image\/\",\"url\":\"https:\/\/lottemaa.ee\/wp-content\/uploads\/2018\/12\/Lottemaa_LOGO.png\",\"contentUrl\":\"https:\/\/lottemaa.ee\/wp-content\/uploads\/2018\/12\/Lottemaa_LOGO.png\",\"width\":1024,\"height\":518,\"caption\":\"Lottemaa Teemapark\"},\"image\":{\"@id\":\"https:\/\/lottemaa.ee\/#\/schema\/logo\/image\/\"}}]}<\/script>\n<!-- \/ Yoast SEO plugin. -->","yoast_head_json":{"title":"CLUB ONE \u012bpa\u0161ais pied\u0101v\u0101jums | Lottemaa Teemapark","description":"\u012apa\u0161s pied\u0101v\u0101jums CLUB ONE kartes \u012bpa\u0161niekiem: LOTES ZEME Ziemassv\u0113tku Svin\u012bbas\u00a02025 bi\u013cete 20 \u20ac\/pers.","robots":{"index":"index","follow":"follow","max-snippet":"max-snippet:-1","max-image-preview":"max-image-preview:large","max-video-preview":"max-video-preview:-1"},"canonical":"https:\/\/lottemaa.ee\/lv\/ipasie-piedavajumi\/club-one-ipasais-piedavajums\/","og_locale":"lv_LV","og_type":"article","og_title":"CLUB ONE \u012bpa\u0161ais pied\u0101v\u0101jums | Lottemaa Teemapark","og_description":"\u012apa\u0161s pied\u0101v\u0101jums CLUB ONE kartes \u012bpa\u0161niekiem: LOTES ZEME Ziemassv\u0113tku Svin\u012bbas\u00a02025 bi\u013cete 20 \u20ac\/pers.","og_url":"https:\/\/lottemaa.ee\/lv\/ipasie-piedavajumi\/club-one-ipasais-piedavajums\/","og_site_name":"Lottemaa Teemapark","article_modified_time":"2025-11-25T14:13:26+00:00","og_image":[{"width":1080,"height":1080,"url":"https:\/\/lottemaa.ee\/wp-content\/uploads\/2024\/11\/Lottemaa_joulumaa_sooduspakkumine_tallinki_kliendile_lv.jpg","type":"image\/jpeg"}],"twitter_card":"summary_large_image","twitter_misc":{"Est. reading time":"1 min\u016b\u0161u"},"schema":{"@context":"https:\/\/schema.org","@graph":[{"@type":"WebPage","@id":"https:\/\/lottemaa.ee\/lv\/ipasie-piedavajumi\/club-one-ipasais-piedavajums\/","url":"https:\/\/lottemaa.ee\/lv\/ipasie-piedavajumi\/club-one-ipasais-piedavajums\/","name":"CLUB ONE \u012bpa\u0161ais pied\u0101v\u0101jums | Lottemaa Teemapark","isPartOf":{"@id":"https:\/\/lottemaa.ee\/#website"},"primaryImageOfPage":{"@id":"https:\/\/lottemaa.ee\/lv\/ipasie-piedavajumi\/club-one-ipasais-piedavajums\/#primaryimage"},"image":{"@id":"https:\/\/lottemaa.ee\/lv\/ipasie-piedavajumi\/club-one-ipasais-piedavajums\/#primaryimage"},"thumbnailUrl":"https:\/\/lottemaa.ee\/wp-content\/uploads\/2024\/11\/Lottemaa_joulumaa_sooduspakkumine_tallinki_kliendile_lv.jpg","datePublished":"2025-11-25T14:12:31+00:00","dateModified":"2025-11-25T14:13:26+00:00","description":"\u012apa\u0161s pied\u0101v\u0101jums CLUB ONE kartes \u012bpa\u0161niekiem: LOTES ZEME Ziemassv\u0113tku Svin\u012bbas\u00a02025 bi\u013cete 20 \u20ac\/pers.","breadcrumb":{"@id":"https:\/\/lottemaa.ee\/lv\/ipasie-piedavajumi\/club-one-ipasais-piedavajums\/#breadcrumb"},"inLanguage":"lv-LV","potentialAction":[{"@type":"ReadAction","target":["https:\/\/lottemaa.ee\/lv\/ipasie-piedavajumi\/club-one-ipasais-piedavajums\/"]}]},{"@type":"ImageObject","inLanguage":"lv-LV","@id":"https:\/\/lottemaa.ee\/lv\/ipasie-piedavajumi\/club-one-ipasais-piedavajums\/#primaryimage","url":"https:\/\/lottemaa.ee\/wp-content\/uploads\/2024\/11\/Lottemaa_joulumaa_sooduspakkumine_tallinki_kliendile_lv.jpg","contentUrl":"https:\/\/lottemaa.ee\/wp-content\/uploads\/2024\/11\/Lottemaa_joulumaa_sooduspakkumine_tallinki_kliendile_lv.jpg","width":1080,"height":1080},{"@type":"BreadcrumbList","@id":"https:\/\/lottemaa.ee\/lv\/ipasie-piedavajumi\/club-one-ipasais-piedavajums\/#breadcrumb","itemListElement":[{"@type":"ListItem","position":1,"name":"Home","item":"https:\/\/lottemaa.ee\/lv\/"},{"@type":"ListItem","position":2,"name":"\u012bpa\u0161ie pied\u0101v\u0101jumi","item":"https:\/\/lottemaa.ee\/lv\/ipasie-piedavajumi\/"},{"@type":"ListItem","position":3,"name":"CLUB ONE \u012bpa\u0161ais pied\u0101v\u0101jums"}]},{"@type":"WebSite","@id":"https:\/\/lottemaa.ee\/#website","url":"https:\/\/lottemaa.ee\/","name":"Lottemaa Teemapark","description":"Baltimaade suurim ja k\u00f5ige \u00e4gedam kogupere teemapark Eestis P\u00e4rnumaal","publisher":{"@id":"https:\/\/lottemaa.ee\/#organization"},"potentialAction":[{"@type":"SearchAction","target":{"@type":"EntryPoint","urlTemplate":"https:\/\/lottemaa.ee\/?s={search_term_string}"},"query-input":{"@type":"PropertyValueSpecification","valueRequired":true,"valueName":"search_term_string"}}],"inLanguage":"lv-LV"},{"@type":"Organization","@id":"https:\/\/lottemaa.ee\/#organization","name":"Lottemaa Teemapark","url":"https:\/\/lottemaa.ee\/","logo":{"@type":"ImageObject","inLanguage":"lv-LV","@id":"https:\/\/lottemaa.ee\/#\/schema\/logo\/image\/","url":"https:\/\/lottemaa.ee\/wp-content\/uploads\/2018\/12\/Lottemaa_LOGO.png","contentUrl":"https:\/\/lottemaa.ee\/wp-content\/uploads\/2018\/12\/Lottemaa_LOGO.png","width":1024,"height":518,"caption":"Lottemaa Teemapark"},"image":{"@id":"https:\/\/lottemaa.ee\/#\/schema\/logo\/image\/"}}]}},"_links":{"self":[{"href":"https:\/\/lottemaa.ee\/lv\/wp-json\/wp\/v2\/pages\/32183","targetHints":{"allow":["GET"]}}],"collection":[{"href":"https:\/\/lottemaa.ee\/lv\/wp-json\/wp\/v2\/pages"}],"about":[{"href":"https:\/\/lottemaa.ee\/lv\/wp-json\/wp\/v2\/types\/page"}],"author":[{"embeddable":true,"href":"https:\/\/lottemaa.ee\/lv\/wp-json\/wp\/v2\/users\/7"}],"replies":[{"embeddable":true,"href":"https:\/\/lottemaa.ee\/lv\/wp-json\/wp\/v2\/comments?post=32183"}],"version-history":[{"count":3,"href":"https:\/\/lottemaa.ee\/lv\/wp-json\/wp\/v2\/pages\/32183\/revisions"}],"predecessor-version":[{"id":32266,"href":"https:\/\/lottemaa.ee\/lv\/wp-json\/wp\/v2\/pages\/32183\/revisions\/32266"}],"up":[{"embeddable":true,"href":"https:\/\/lottemaa.ee\/lv\/wp-json\/wp\/v2\/pages\/6698"}],"wp:featuredmedia":[{"embeddable":true,"href":"https:\/\/lottemaa.ee\/lv\/wp-json\/wp\/v2\/media\/29210"}],"wp:attachment":[{"href":"https:\/\/lottemaa.ee\/lv\/wp-json\/wp\/v2\/media?parent=32183"}],"curies":[{"name":"wp","href":"https:\/\/api.w.org\/{rel}","templated":true}]}}