{"id":26962,"date":"2024-07-05T15:59:11","date_gmt":"2024-07-05T12:59:11","guid":{"rendered":"https:\/\/lottemaa.ee\/?page_id=26962"},"modified":"2024-07-05T15:59:55","modified_gmt":"2024-07-05T12:59:55","slug":"gramatas","status":"publish","type":"page","link":"https:\/\/lottemaa.ee\/lv\/par-mums\/gramatas\/","title":{"rendered":"GR\u0100MATAS"},"content":{"rendered":"<h3 style=\"text-align: left;\"><span style=\"color: #333399;\"><img loading=\"lazy\" decoding=\"async\" class=\"alignleft wp-image-24224\" src=\"https:\/\/lottemaa.ee\/wp-content\/uploads\/2023\/11\/raamatud_kodukale_287x255_10-150x150.jpg\" alt=\"\" width=\"217\" height=\"193\" srcset=\"https:\/\/lottemaa.ee\/wp-content\/uploads\/2023\/11\/raamatud_kodukale_287x255_10-285x255.jpg 285w, https:\/\/lottemaa.ee\/wp-content\/uploads\/2023\/11\/raamatud_kodukale_287x255_10-114x101.jpg 114w, https:\/\/lottemaa.ee\/wp-content\/uploads\/2023\/11\/raamatud_kodukale_287x255_10.jpg 287w\" sizes=\"auto, (max-width: 217px) 100vw, 217px\" \/><span style=\"font-family: Troika;\">IZGUDROT\u0100JU CIEMA K\u0100ZU SVIN\u012aBAS GR\u0100MATA<\/span><br \/>\n<\/span><\/h3>\n<p style=\"text-align: left;\">M\u012blest\u012bba var atn\u0101kt da\u017e\u0101di: pielavoties, priec\u012bgi gavil\u0113jot vai piln\u012bgi negaidot. Tie\u0161i p\u0113d\u0113jais veids ir interesant\u0101kais, jo t\u0101d\u0101 veid\u0101 rodas da\u017e\u0101di lieliski piedz\u012bvojumi un daudz joku. Izgudrot\u0101ju ciem\u0101 tie\u0161i t\u0101 ar\u012b ir. Aves un Mihkela k\u0101z\u0101s tas viss notiks ar uzviju. T\u0101das k\u0101zas jau sen nav redz\u0113tas!<\/p>\n<p>&nbsp;<\/p>\n<p>&nbsp;<\/p>\n<p>&nbsp;<\/p>\n<hr \/>\n<h3 style=\"text-align: left;\"><span style=\"color: #ff0000;\"><img loading=\"lazy\" decoding=\"async\" class=\"alignleft wp-image-19467\" src=\"https:\/\/lottemaa.ee\/wp-content\/uploads\/2023\/01\/raamatud_kodukale_287x255_5.jpg\" alt=\"\" width=\"217\" height=\"193\" srcset=\"https:\/\/lottemaa.ee\/wp-content\/uploads\/2023\/01\/raamatud_kodukale_287x255_5.jpg 287w, https:\/\/lottemaa.ee\/wp-content\/uploads\/2023\/01\/raamatud_kodukale_287x255_5-285x255.jpg 285w, https:\/\/lottemaa.ee\/wp-content\/uploads\/2023\/01\/raamatud_kodukale_287x255_5-114x101.jpg 114w\" sizes=\"auto, (max-width: 217px) 100vw, 217px\" \/><span style=\"font-family: Troika;\">IZGUDROT\u0100JU CIEMA ST\u0100STI GR\u0100MATA<\/span><br \/>\n<\/span><\/h3>\n<p style=\"text-align: left;\">Izgudrot\u0101ju ciem\u0101 visu laiku kaut kas notiek. M\u0101r\u012btes uz Lotes galvas ce\u013c b\u016bdi\u0146u. Negaid\u012bti uzzied za\u0137a Otto koka ausis.<br \/>\nMu\u0161a Juhans ar no tuk\u0161as gur\u0137u mucas darin\u0101tu ra\u0137eti lido uz M\u0113ness otru malu, lai tur peld\u0113tos \u0161okol\u0101des up\u0113.<\/p>\n<p style=\"text-align: left;\">Izgudrot\u0101ju ciem\u0101 ierodas att\u0101li viesi: dzelzs p\u012ble Paul\u012bne no Austr\u0101lijas un paipala Fredijs no Zanzib\u0101ras. Ciema iedz\u012bvot\u0101jiem tas nav nekas neparasts. T\u0101 ir Izgudrot\u0101ju ciema ikdienas dz\u012bve.<\/p>\n<p>&nbsp;<\/p>\n<hr \/>\n<h3 style=\"text-align: left;\"><span style=\"color: #333399;\"><img loading=\"lazy\" decoding=\"async\" class=\"alignleft wp-image-19472\" src=\"https:\/\/lottemaa.ee\/wp-content\/uploads\/2023\/01\/raamatud_kodukale_287x255_6.jpg\" alt=\"\" width=\"217\" height=\"193\" srcset=\"https:\/\/lottemaa.ee\/wp-content\/uploads\/2023\/01\/raamatud_kodukale_287x255_6.jpg 287w, https:\/\/lottemaa.ee\/wp-content\/uploads\/2023\/01\/raamatud_kodukale_287x255_6-285x255.jpg 285w, https:\/\/lottemaa.ee\/wp-content\/uploads\/2023\/01\/raamatud_kodukale_287x255_6-114x101.jpg 114w\" sizes=\"auto, (max-width: 217px) 100vw, 217px\" \/><span style=\"font-family: Troika;\">IZGUDROT\u0100JU CIEMA ZIEMASSV\u0112TKI GR\u0100MATA<\/span><br \/>\n<\/span><\/h3>\n<p style=\"text-align: left;\">Izgudrot\u0101ju ciemu kl\u0101j sniegs. Kl\u0101t ir ziema. Ta\u010du tamd\u0113\u013c neviens neiesl\u012bgst ziemas mieg\u0101. Ciem\u0101 turpin\u0101s ros\u012bga dz\u012bve. Un dr\u012bz, dr\u012bz jau b\u016bs Ziemassv\u0113tki\u2026<br \/>\nVai j\u016bs zin\u0101t, k\u0101 Izgudrot\u0101ju ciem\u0101 svin Ziemassv\u0113tkus?<\/p>\n<p style=\"text-align: left;\">K\u0101di sagatavo\u0161an\u0101s darbi tiek veikti, k\u0101di piedz\u012bvojumi un mis\u0113k\u013ci gad\u0101s, k\u0101 tiek sagatavotas d\u0101vanas, un vai ciem\u0101 ierodas ar\u012b \u012bstais Ziemassv\u0113tku vec\u012btis?<\/p>\n<p>&nbsp;<\/p>\n<hr \/>\n<h3 style=\"text-align: left;\"><span style=\"color: #ff0000;\"><img loading=\"lazy\" decoding=\"async\" class=\"alignleft wp-image-19462\" src=\"https:\/\/lottemaa.ee\/wp-content\/uploads\/2023\/01\/raamatud_kodukale_287x255_4.jpg\" alt=\"\" width=\"217\" height=\"193\" srcset=\"https:\/\/lottemaa.ee\/wp-content\/uploads\/2023\/01\/raamatud_kodukale_287x255_4.jpg 287w, https:\/\/lottemaa.ee\/wp-content\/uploads\/2023\/01\/raamatud_kodukale_287x255_4-285x255.jpg 285w, https:\/\/lottemaa.ee\/wp-content\/uploads\/2023\/01\/raamatud_kodukale_287x255_4-114x101.jpg 114w\" sizes=\"auto, (max-width: 217px) 100vw, 217px\" \/><span style=\"font-family: Troika;\">Lote no Izgudrot\u0101ju ciema gr\u0101mata<\/span><br \/>\n<\/span><\/h3>\n<p style=\"text-align: left;\">Kaut kur Eirop\u0101, lielas j\u016bras krast\u0101 atrodas Izgudrot\u0101ju ciems, kur\u0101 liel\u0101 cie\u0146\u0101 ir da\u017e\u0101du m\u0101jsaimniec\u012bb\u0101 noder\u012bgu lietu izgudro\u0161ana. Katru gadu ciema iedz\u012bvot\u0101ji organiz\u0113 jauno izgudrojumu konkursu. Viens no slaven\u0101kajiem izgudrot\u0101jiem ciemat\u0101 ir ener\u0123isk\u0101s su\u0146u meitenes Lotes t\u0113tis Oskars. Vi\u0146a galvenais konkurents ir za\u0137is Adalberts, kura sieva ar\u012b \u013coti ener\u0123iski piedal\u0101s konkurs\u0101. Uzvara \u0123imenei b\u016btu \u013coti svar\u012bga un dar\u012btu godu visam za\u0137u klanam. K\u0101rt\u0113j\u0101 izgudrojumu konkursa priek\u0161vakar\u0101 Lote un vi\u0146as draugs ka\u0137\u0113ns Bruno j\u016br\u0101 atrod izmirku\u0161u gr\u0101matu. No gr\u0101matas izr\u0101po bite Susumu, d\u0101rznieks no t\u0101l\u0101s Jap\u0101nas. Susumu pirms konkursa iem\u0101ca ciema iedz\u012bvot\u0101jiem da\u017eus d\u017eudo pa\u0146\u0113mienus, kurus ciema iedz\u012bvot\u0101ji aizraut\u012bgi s\u0101k izmantot savas ikdienas dz\u012bves atvieglo\u0161anai. P\u0113c ciema iedz\u012bvot\u0101ju dom\u0101m, d\u017eudo m\u0101jsaimniec\u012bbas darbos ir liel\u0101ks pal\u012bgs nek\u0101 sare\u017e\u0123\u012bt\u0101s un nepak\u013c\u0101v\u012bg\u0101s ma\u0161\u012bnas.<\/p>\n<p>&nbsp;<\/p>\n<hr \/>\n<h3 style=\"text-align: left;\"><span style=\"color: #333399;\"><img loading=\"lazy\" decoding=\"async\" class=\"alignleft wp-image-19482\" src=\"https:\/\/lottemaa.ee\/wp-content\/uploads\/2023\/01\/raamatud_kodukale_287x255_8.jpg\" alt=\"\" width=\"217\" height=\"193\" srcset=\"https:\/\/lottemaa.ee\/wp-content\/uploads\/2023\/01\/raamatud_kodukale_287x255_8.jpg 287w, https:\/\/lottemaa.ee\/wp-content\/uploads\/2023\/01\/raamatud_kodukale_287x255_8-285x255.jpg 285w, https:\/\/lottemaa.ee\/wp-content\/uploads\/2023\/01\/raamatud_kodukale_287x255_8-114x101.jpg 114w\" sizes=\"auto, (max-width: 217px) 100vw, 217px\" \/><span style=\"font-family: Troika;\">LOTES CE\u013bOJUMS UZ DIENVIDIEM GR\u0100MATA<\/span><br \/>\n<\/span><\/h3>\n<p style=\"text-align: left;\">Mazs un noguris putni\u0146\u0161 Pipo atpaliek no g\u0101jputnu bara, kas dodas uz dienvidiem. Lote nolemj nog\u0101d\u0101t Pipo uz dienvidiem. Kop\u0101 ar savu t\u0113vu Oskaru un veco ce\u013cot\u0101ju Klausu vi\u0146i dodas ce\u013cojum\u0101 ar Oskara izgudroto lido\u0161anas ma\u0161\u012bnu. Ce\u013cot\u0101jus ce\u013cojuma laik\u0101 sagaida daudzi aizraujo\u0161i piedz\u012bvojumi.<\/p>\n<p>&nbsp;<\/p>\n<p>&nbsp;<\/p>\n<hr \/>\n<h3 style=\"text-align: left;\"><span style=\"color: #ff0000;\"><img loading=\"lazy\" decoding=\"async\" class=\"alignleft wp-image-19477\" src=\"https:\/\/lottemaa.ee\/wp-content\/uploads\/2023\/01\/raamatud_kodukale_287x255_7.jpg\" alt=\"\" width=\"217\" height=\"193\" srcset=\"https:\/\/lottemaa.ee\/wp-content\/uploads\/2023\/01\/raamatud_kodukale_287x255_7.jpg 287w, https:\/\/lottemaa.ee\/wp-content\/uploads\/2023\/01\/raamatud_kodukale_287x255_7-285x255.jpg 285w, https:\/\/lottemaa.ee\/wp-content\/uploads\/2023\/01\/raamatud_kodukale_287x255_7-114x101.jpg 114w\" sizes=\"auto, (max-width: 217px) 100vw, 217px\" \/><span style=\"font-family: Troika;\">Lote un M\u0113nessakmens nosl\u0113pums gr\u0101mata<\/span><br \/>\n<\/span><\/h3>\n<p style=\"text-align: left;\">K\u0101du nakti Izgudrot\u0101ju ciem\u0101 ierodas divi sve\u0161inieki. Vi\u0146i mekl\u0113 tr\u012bs akme\u0146us, kurus vecais ce\u013cot\u0101js Klauss bija atvedis no sava p\u0113d\u0113j\u0101 ce\u013cojuma. Viens akmens palika Klausam, bet divi akme\u0146i tika vi\u0146a ce\u013cabiedriem. Uzzinot, ka akme\u0146os ir pasl\u0113pts nosl\u0113pums, Lote un Klauss dodas p\u0101r\u0113jo akme\u0146u mekl\u0113jumos. Kad Klauss p\u0113k\u0161\u0146i saslimst, Lote turpina ce\u013cojumu viena. Dr\u012bz vien noskaidrojas, ka akme\u0146u nosl\u0113pums ir daudz liel\u0101ks nek\u0101 Lote un Klauss sp\u0113ja to iedom\u0101ties.<\/p>\n","protected":false},"excerpt":{"rendered":"<p>IZGUDROT\u0100JU CIEMA K\u0100ZU SVIN\u012aBAS GR\u0100MATA M\u012blest\u012bba var atn\u0101kt da\u017e\u0101di: pielavoties, priec\u012bgi gavil\u0113jot vai piln\u012bgi negaidot. Tie\u0161i p\u0113d\u0113jais veids ir interesant\u0101kais, jo t\u0101d\u0101 veid\u0101 rodas da\u017e\u0101di lieliski piedz\u012bvojumi un daudz joku. Izgudrot\u0101ju ciem\u0101 tie\u0161i t\u0101 ar\u012b ir. Aves un Mihkela k\u0101z\u0101s tas viss notiks ar uzviju. T\u0101das k\u0101zas jau sen nav redz\u0113tas! &nbsp; &nbsp; &nbsp; IZGUDROT\u0100JU &hellip; <a href=\"https:\/\/lottemaa.ee\/lv\/par-mums\/gramatas\/\">Continued<\/a><\/p>\n","protected":false},"author":11,"featured_media":25149,"parent":593,"menu_order":25,"comment_status":"closed","ping_status":"closed","template":"","meta":{"_acf_changed":false,"om_disable_all_campaigns":false,"_uf_show_specific_survey":0,"_uf_disable_surveys":false,"footnotes":""},"class_list":["post-26962","page","type-page","status-publish","has-post-thumbnail","hentry"],"acf":[],"yoast_head":"<!-- This site is optimized with the Yoast SEO plugin v25.5 - https:\/\/yoast.com\/wordpress\/plugins\/seo\/ -->\n<title>GR\u0100MATAS | Lottemaa Teemapark<\/title>\n<meta name=\"description\" content=\"Gr\u0101matu plaukt\u0101 atrad\u012bsiet visas gr\u0101matas par Lotes aizraujo\u0161ajiem piedz\u012bvojumiem. Visas gr\u0101matas ir balst\u012btas uz Lottes film\u0101m un seri\u0101liem.\" \/>\n<meta name=\"robots\" content=\"index, follow, max-snippet:-1, max-image-preview:large, max-video-preview:-1\" \/>\n<link rel=\"canonical\" href=\"https:\/\/lottemaa.ee\/lv\/par-mums\/gramatas\/\" \/>\n<meta property=\"og:locale\" content=\"lv_LV\" \/>\n<meta property=\"og:type\" content=\"article\" \/>\n<meta property=\"og:title\" content=\"GR\u0100MATAS | Lottemaa Teemapark\" \/>\n<meta property=\"og:description\" content=\"Gr\u0101matu plaukt\u0101 atrad\u012bsiet visas gr\u0101matas par Lotes aizraujo\u0161ajiem piedz\u012bvojumiem. Visas gr\u0101matas ir balst\u012btas uz Lottes film\u0101m un seri\u0101liem.\" \/>\n<meta property=\"og:url\" content=\"https:\/\/lottemaa.ee\/lv\/par-mums\/gramatas\/\" \/>\n<meta property=\"og:site_name\" content=\"Lottemaa Teemapark\" \/>\n<meta property=\"article:modified_time\" content=\"2024-07-05T12:59:55+00:00\" \/>\n<meta property=\"og:image\" content=\"https:\/\/lottemaa.ee\/wp-content\/uploads\/2024\/02\/lotte_loeb_288x251.jpg\" \/>\n\t<meta property=\"og:image:width\" content=\"288\" \/>\n\t<meta property=\"og:image:height\" content=\"251\" \/>\n\t<meta property=\"og:image:type\" content=\"image\/jpeg\" \/>\n<meta name=\"twitter:card\" content=\"summary_large_image\" \/>\n<meta name=\"twitter:label1\" content=\"Est. reading time\" \/>\n\t<meta name=\"twitter:data1\" content=\"4 min\u016btes\" \/>\n<script type=\"application\/ld+json\" class=\"yoast-schema-graph\">{\"@context\":\"https:\/\/schema.org\",\"@graph\":[{\"@type\":\"WebPage\",\"@id\":\"https:\/\/lottemaa.ee\/lv\/par-mums\/gramatas\/\",\"url\":\"https:\/\/lottemaa.ee\/lv\/par-mums\/gramatas\/\",\"name\":\"GR\u0100MATAS | Lottemaa Teemapark\",\"isPartOf\":{\"@id\":\"https:\/\/lottemaa.ee\/#website\"},\"primaryImageOfPage\":{\"@id\":\"https:\/\/lottemaa.ee\/lv\/par-mums\/gramatas\/#primaryimage\"},\"image\":{\"@id\":\"https:\/\/lottemaa.ee\/lv\/par-mums\/gramatas\/#primaryimage\"},\"thumbnailUrl\":\"https:\/\/lottemaa.ee\/wp-content\/uploads\/2024\/02\/lotte_loeb_288x251.jpg\",\"datePublished\":\"2024-07-05T12:59:11+00:00\",\"dateModified\":\"2024-07-05T12:59:55+00:00\",\"description\":\"Gr\u0101matu plaukt\u0101 atrad\u012bsiet visas gr\u0101matas par Lotes aizraujo\u0161ajiem piedz\u012bvojumiem. Visas gr\u0101matas ir balst\u012btas uz Lottes film\u0101m un seri\u0101liem.\",\"breadcrumb\":{\"@id\":\"https:\/\/lottemaa.ee\/lv\/par-mums\/gramatas\/#breadcrumb\"},\"inLanguage\":\"lv-LV\",\"potentialAction\":[{\"@type\":\"ReadAction\",\"target\":[\"https:\/\/lottemaa.ee\/lv\/par-mums\/gramatas\/\"]}]},{\"@type\":\"ImageObject\",\"inLanguage\":\"lv-LV\",\"@id\":\"https:\/\/lottemaa.ee\/lv\/par-mums\/gramatas\/#primaryimage\",\"url\":\"https:\/\/lottemaa.ee\/wp-content\/uploads\/2024\/02\/lotte_loeb_288x251.jpg\",\"contentUrl\":\"https:\/\/lottemaa.ee\/wp-content\/uploads\/2024\/02\/lotte_loeb_288x251.jpg\",\"width\":288,\"height\":251},{\"@type\":\"BreadcrumbList\",\"@id\":\"https:\/\/lottemaa.ee\/lv\/par-mums\/gramatas\/#breadcrumb\",\"itemListElement\":[{\"@type\":\"ListItem\",\"position\":1,\"name\":\"Home\",\"item\":\"https:\/\/lottemaa.ee\/lv\/\"},{\"@type\":\"ListItem\",\"position\":2,\"name\":\"Par mums\",\"item\":\"https:\/\/lottemaa.ee\/lv\/par-mums\/\"},{\"@type\":\"ListItem\",\"position\":3,\"name\":\"GR\u0100MATAS\"}]},{\"@type\":\"WebSite\",\"@id\":\"https:\/\/lottemaa.ee\/#website\",\"url\":\"https:\/\/lottemaa.ee\/\",\"name\":\"Lottemaa Teemapark\",\"description\":\"Baltimaade suurim ja k\u00f5ige \u00e4gedam kogupere teemapark Eestis P\u00e4rnumaal\",\"publisher\":{\"@id\":\"https:\/\/lottemaa.ee\/#organization\"},\"potentialAction\":[{\"@type\":\"SearchAction\",\"target\":{\"@type\":\"EntryPoint\",\"urlTemplate\":\"https:\/\/lottemaa.ee\/?s={search_term_string}\"},\"query-input\":{\"@type\":\"PropertyValueSpecification\",\"valueRequired\":true,\"valueName\":\"search_term_string\"}}],\"inLanguage\":\"lv-LV\"},{\"@type\":\"Organization\",\"@id\":\"https:\/\/lottemaa.ee\/#organization\",\"name\":\"Lottemaa Teemapark\",\"url\":\"https:\/\/lottemaa.ee\/\",\"logo\":{\"@type\":\"ImageObject\",\"inLanguage\":\"lv-LV\",\"@id\":\"https:\/\/lottemaa.ee\/#\/schema\/logo\/image\/\",\"url\":\"https:\/\/lottemaa.ee\/wp-content\/uploads\/2018\/12\/Lottemaa_LOGO.png\",\"contentUrl\":\"https:\/\/lottemaa.ee\/wp-content\/uploads\/2018\/12\/Lottemaa_LOGO.png\",\"width\":1024,\"height\":518,\"caption\":\"Lottemaa Teemapark\"},\"image\":{\"@id\":\"https:\/\/lottemaa.ee\/#\/schema\/logo\/image\/\"}}]}<\/script>\n<!-- \/ Yoast SEO plugin. -->","yoast_head_json":{"title":"GR\u0100MATAS | Lottemaa Teemapark","description":"Gr\u0101matu plaukt\u0101 atrad\u012bsiet visas gr\u0101matas par Lotes aizraujo\u0161ajiem piedz\u012bvojumiem. Visas gr\u0101matas ir balst\u012btas uz Lottes film\u0101m un seri\u0101liem.","robots":{"index":"index","follow":"follow","max-snippet":"max-snippet:-1","max-image-preview":"max-image-preview:large","max-video-preview":"max-video-preview:-1"},"canonical":"https:\/\/lottemaa.ee\/lv\/par-mums\/gramatas\/","og_locale":"lv_LV","og_type":"article","og_title":"GR\u0100MATAS | Lottemaa Teemapark","og_description":"Gr\u0101matu plaukt\u0101 atrad\u012bsiet visas gr\u0101matas par Lotes aizraujo\u0161ajiem piedz\u012bvojumiem. Visas gr\u0101matas ir balst\u012btas uz Lottes film\u0101m un seri\u0101liem.","og_url":"https:\/\/lottemaa.ee\/lv\/par-mums\/gramatas\/","og_site_name":"Lottemaa Teemapark","article_modified_time":"2024-07-05T12:59:55+00:00","og_image":[{"width":288,"height":251,"url":"https:\/\/lottemaa.ee\/wp-content\/uploads\/2024\/02\/lotte_loeb_288x251.jpg","type":"image\/jpeg"}],"twitter_card":"summary_large_image","twitter_misc":{"Est. reading time":"4 min\u016btes"},"schema":{"@context":"https:\/\/schema.org","@graph":[{"@type":"WebPage","@id":"https:\/\/lottemaa.ee\/lv\/par-mums\/gramatas\/","url":"https:\/\/lottemaa.ee\/lv\/par-mums\/gramatas\/","name":"GR\u0100MATAS | Lottemaa Teemapark","isPartOf":{"@id":"https:\/\/lottemaa.ee\/#website"},"primaryImageOfPage":{"@id":"https:\/\/lottemaa.ee\/lv\/par-mums\/gramatas\/#primaryimage"},"image":{"@id":"https:\/\/lottemaa.ee\/lv\/par-mums\/gramatas\/#primaryimage"},"thumbnailUrl":"https:\/\/lottemaa.ee\/wp-content\/uploads\/2024\/02\/lotte_loeb_288x251.jpg","datePublished":"2024-07-05T12:59:11+00:00","dateModified":"2024-07-05T12:59:55+00:00","description":"Gr\u0101matu plaukt\u0101 atrad\u012bsiet visas gr\u0101matas par Lotes aizraujo\u0161ajiem piedz\u012bvojumiem. Visas gr\u0101matas ir balst\u012btas uz Lottes film\u0101m un seri\u0101liem.","breadcrumb":{"@id":"https:\/\/lottemaa.ee\/lv\/par-mums\/gramatas\/#breadcrumb"},"inLanguage":"lv-LV","potentialAction":[{"@type":"ReadAction","target":["https:\/\/lottemaa.ee\/lv\/par-mums\/gramatas\/"]}]},{"@type":"ImageObject","inLanguage":"lv-LV","@id":"https:\/\/lottemaa.ee\/lv\/par-mums\/gramatas\/#primaryimage","url":"https:\/\/lottemaa.ee\/wp-content\/uploads\/2024\/02\/lotte_loeb_288x251.jpg","contentUrl":"https:\/\/lottemaa.ee\/wp-content\/uploads\/2024\/02\/lotte_loeb_288x251.jpg","width":288,"height":251},{"@type":"BreadcrumbList","@id":"https:\/\/lottemaa.ee\/lv\/par-mums\/gramatas\/#breadcrumb","itemListElement":[{"@type":"ListItem","position":1,"name":"Home","item":"https:\/\/lottemaa.ee\/lv\/"},{"@type":"ListItem","position":2,"name":"Par mums","item":"https:\/\/lottemaa.ee\/lv\/par-mums\/"},{"@type":"ListItem","position":3,"name":"GR\u0100MATAS"}]},{"@type":"WebSite","@id":"https:\/\/lottemaa.ee\/#website","url":"https:\/\/lottemaa.ee\/","name":"Lottemaa Teemapark","description":"Baltimaade suurim ja k\u00f5ige \u00e4gedam kogupere teemapark Eestis P\u00e4rnumaal","publisher":{"@id":"https:\/\/lottemaa.ee\/#organization"},"potentialAction":[{"@type":"SearchAction","target":{"@type":"EntryPoint","urlTemplate":"https:\/\/lottemaa.ee\/?s={search_term_string}"},"query-input":{"@type":"PropertyValueSpecification","valueRequired":true,"valueName":"search_term_string"}}],"inLanguage":"lv-LV"},{"@type":"Organization","@id":"https:\/\/lottemaa.ee\/#organization","name":"Lottemaa Teemapark","url":"https:\/\/lottemaa.ee\/","logo":{"@type":"ImageObject","inLanguage":"lv-LV","@id":"https:\/\/lottemaa.ee\/#\/schema\/logo\/image\/","url":"https:\/\/lottemaa.ee\/wp-content\/uploads\/2018\/12\/Lottemaa_LOGO.png","contentUrl":"https:\/\/lottemaa.ee\/wp-content\/uploads\/2018\/12\/Lottemaa_LOGO.png","width":1024,"height":518,"caption":"Lottemaa Teemapark"},"image":{"@id":"https:\/\/lottemaa.ee\/#\/schema\/logo\/image\/"}}]}},"_links":{"self":[{"href":"https:\/\/lottemaa.ee\/lv\/wp-json\/wp\/v2\/pages\/26962","targetHints":{"allow":["GET"]}}],"collection":[{"href":"https:\/\/lottemaa.ee\/lv\/wp-json\/wp\/v2\/pages"}],"about":[{"href":"https:\/\/lottemaa.ee\/lv\/wp-json\/wp\/v2\/types\/page"}],"author":[{"embeddable":true,"href":"https:\/\/lottemaa.ee\/lv\/wp-json\/wp\/v2\/users\/11"}],"replies":[{"embeddable":true,"href":"https:\/\/lottemaa.ee\/lv\/wp-json\/wp\/v2\/comments?post=26962"}],"version-history":[{"count":5,"href":"https:\/\/lottemaa.ee\/lv\/wp-json\/wp\/v2\/pages\/26962\/revisions"}],"predecessor-version":[{"id":26971,"href":"https:\/\/lottemaa.ee\/lv\/wp-json\/wp\/v2\/pages\/26962\/revisions\/26971"}],"up":[{"embeddable":true,"href":"https:\/\/lottemaa.ee\/lv\/wp-json\/wp\/v2\/pages\/593"}],"wp:featuredmedia":[{"embeddable":true,"href":"https:\/\/lottemaa.ee\/lv\/wp-json\/wp\/v2\/media\/25149"}],"wp:attachment":[{"href":"https:\/\/lottemaa.ee\/lv\/wp-json\/wp\/v2\/media?parent=26962"}],"curies":[{"name":"wp","href":"https:\/\/api.w.org\/{rel}","templated":true}]}}