{"id":26834,"date":"2024-07-04T18:22:35","date_gmt":"2024-07-04T15:22:35","guid":{"rendered":"https:\/\/lottemaa.ee\/?page_id=26834"},"modified":"2025-12-17T15:34:34","modified_gmt":"2025-12-17T13:34:34","slug":"isus-uzvedumu-aprakstus","status":"publish","type":"page","link":"https:\/\/lottemaa.ee\/lv\/par-lotes-zemi\/isus-uzvedumu-aprakstus\/","title":{"rendered":"\u012aSUS UZVEDUMU APRAKSTUS"},"content":{"rendered":"<h3 style=\"text-align: left;\"><span style=\"color: #0000ff;\"><img loading=\"lazy\" decoding=\"async\" class=\"alignright size-medium wp-image-32480\" src=\"https:\/\/lottemaa.ee\/wp-content\/uploads\/2025\/12\/Klausi-etendus-300x199.jpg\" alt=\"\" width=\"300\" height=\"199\" srcset=\"https:\/\/lottemaa.ee\/wp-content\/uploads\/2025\/12\/Klausi-etendus-300x199.jpg 300w, https:\/\/lottemaa.ee\/wp-content\/uploads\/2025\/12\/Klausi-etendus-1024x678.jpg 1024w, https:\/\/lottemaa.ee\/wp-content\/uploads\/2025\/12\/Klausi-etendus-768x509.jpg 768w, https:\/\/lottemaa.ee\/wp-content\/uploads\/2025\/12\/Klausi-etendus-1536x1017.jpg 1536w, https:\/\/lottemaa.ee\/wp-content\/uploads\/2025\/12\/Klausi-etendus-2048x1356.jpg 2048w, https:\/\/lottemaa.ee\/wp-content\/uploads\/2025\/12\/Klausi-etendus-114x76.jpg 114w\" sizes=\"auto, (max-width: 300px) 100vw, 300px\" \/><span style=\"font-family: Troika;\">IZR\u0100DE: \u201eZIEMASSV\u0112TKU TRAD\u012aCIJAS\u201c<\/span><\/span><br \/>\n<span style=\"color: #ff0000; font-family: Troika;\">PULKSTEN: 16:00<\/span><br \/>\n<span style=\"color: #0000ff; font-family: Troika;\">NORISES VIETA: KLAUSA CE\u013bOJUMU LAUKUMS<\/span><\/h3>\n<p style=\"text-align: left;\">Vecais ce\u013cot\u0101jsuns Klauss un vi\u0146a labs draugs ronis Leo s\u0113\u017e pie ziem\u012bgas, sprak\u0161\u0137o\u0161as uguns un atminas savus jaun\u012bbas dienu ce\u013cojumu piedz\u012bvojumus \u2013 nepr\u0101t\u012bgi notikumi b\u0113rn\u012bb\u0101, d\u012bvainas Ziemassv\u0113tku trad\u012bcijas un neticamas para\u017eas, ko vi\u0146i ir redz\u0113ju\u0161i da\u017e\u0101dos pasaules nost\u016bros.<br \/>\nViss var\u0113tu norit\u0113t mier\u012bgi, un tas var\u0113tu izv\u0113rsties par patiesi jauku Ziemassv\u0113tku st\u0101stu\u2026 ja ne p\u012b\u013cu puika Huberts.<br \/>\nHubertam \u201cZiemassv\u0113tku miers\u201d noz\u012bm\u0113 ko piln\u012bgi citu.<br \/>\nKo tie\u0161i? Tas j\u0101brauc pa\u0161iem skat\u012bties.<\/p>\n<hr \/>\n<h3 style=\"text-align: left;\"><span style=\"color: #ff0000;\"><img loading=\"lazy\" decoding=\"async\" class=\"alignright size-medium wp-image-32485\" src=\"https:\/\/lottemaa.ee\/wp-content\/uploads\/2025\/12\/Suur-etendus-300x199.jpg\" alt=\"\" width=\"300\" height=\"199\" srcset=\"https:\/\/lottemaa.ee\/wp-content\/uploads\/2025\/12\/Suur-etendus-300x199.jpg 300w, https:\/\/lottemaa.ee\/wp-content\/uploads\/2025\/12\/Suur-etendus-1024x678.jpg 1024w, https:\/\/lottemaa.ee\/wp-content\/uploads\/2025\/12\/Suur-etendus-768x509.jpg 768w, https:\/\/lottemaa.ee\/wp-content\/uploads\/2025\/12\/Suur-etendus-1536x1017.jpg 1536w, https:\/\/lottemaa.ee\/wp-content\/uploads\/2025\/12\/Suur-etendus-2048x1356.jpg 2048w, https:\/\/lottemaa.ee\/wp-content\/uploads\/2025\/12\/Suur-etendus-114x76.jpg 114w\" sizes=\"auto, (max-width: 300px) 100vw, 300px\" \/><span style=\"font-family: Troika;\">IZR\u0100DE \u201eZIEMASSV\u0112TKU PASAKA\u201c<\/span><\/span><br \/>\n<span style=\"color: #0000ff; font-family: Troika;\">PULKSTEN: 17:00<\/span><br \/>\n<span style=\"color: #ff0000; font-family: Troika;\">NORISES VIETA: D\u017dOVANNI TE\u0100TRIS<\/span><\/h3>\n<p style=\"text-align: left;\">Lote, Roze, Bruno un Alberts Ziemassv\u0113tku r\u012bt\u0101 kr\u016bm\u0101 atrod rag\u0101 sasalu\u0161u taureni, kas aukstuma d\u0113\u013c s\u0101kum\u0101 nesp\u0113j izdvest ne v\u0101rda. Kad tas beidzot s\u0101k atsilt, vi\u0146a runa top skaidr\u0101ka, un noskaidrojas, ka taurenis run\u0101 pavisam sve\u0161\u0101 valod\u0101. Pal\u0113n\u0101m, ar siltu t\u0113ju un draugu pal\u012bdz\u012bbu tas atk\u016bst un atkl\u0101j savu neparasto st\u0101stu: \u201eEs ce\u013coju kop\u0101 ar citiem taure\u0146iem m\u0101jup, uz \u0112\u0123ipti, kad ce\u013c\u0101 sastapu n\u012blzirgu Benno \u2013 ce\u013cot\u0101jsu\u0146a Klausa senu draugu, kur\u0161 man iedeva v\u0113stuli. Benno cer\u0113ja sa\u0146emt bildes no Izgudrot\u0101ju ciema Ziemassv\u0113tku svin\u012bb\u0101m, jo vi\u0146\u0161 \u0112\u0123ipt\u0113 grib\u0113ja uz\u0146emties Ziemassv\u0113tku vec\u012b\u0161a lomu un sar\u012bkot lielus sv\u0113tkus, ta\u010du vi\u0146\u0161 nezin\u0101ja, k\u0101 tas \u012bsti dar\u0101ms.\u201d<br \/>\nDiem\u017e\u0113l taurenis savu fotoapar\u0101tu ce\u013c\u0101 nozaud\u0113ja, un vi\u0146am nav nek\u0101du iesp\u0113ju sv\u0113tkus iem\u016b\u017ein\u0101t un atmi\u0146as iev\u0101kt. Par laimi, pal\u012bg\u0101 n\u0101k za\u0137is Adalberts, kuram pr\u0101t\u0101 jau vijas viena no vi\u0146a slavenaj\u0101m, trakaj\u0101m idej\u0101m. Pat tik sp\u0101rnota ideja, ka no t\u0101s l\u012bdztekus Benno paredz\u0113tajai atmi\u0146u kr\u0101tuvei taps ar\u012b visam Izgudrot\u0101ju ciemam nenov\u0113rt\u0113jams un gadiem ilgi kalpojo\u0161s d\u0101rgums.<\/p>\n<hr \/>\n<h3 style=\"text-align: left;\"><span style=\"color: #0000ff;\"> <img loading=\"lazy\" decoding=\"async\" class=\"alignright size-medium wp-image-32475\" src=\"https:\/\/lottemaa.ee\/wp-content\/uploads\/2025\/12\/Ave-etendus-300x199.jpg\" alt=\"\" width=\"300\" height=\"199\" srcset=\"https:\/\/lottemaa.ee\/wp-content\/uploads\/2025\/12\/Ave-etendus-300x199.jpg 300w, https:\/\/lottemaa.ee\/wp-content\/uploads\/2025\/12\/Ave-etendus-1024x678.jpg 1024w, https:\/\/lottemaa.ee\/wp-content\/uploads\/2025\/12\/Ave-etendus-768x509.jpg 768w, https:\/\/lottemaa.ee\/wp-content\/uploads\/2025\/12\/Ave-etendus-1536x1017.jpg 1536w, https:\/\/lottemaa.ee\/wp-content\/uploads\/2025\/12\/Ave-etendus-2048x1356.jpg 2048w, https:\/\/lottemaa.ee\/wp-content\/uploads\/2025\/12\/Ave-etendus-114x75.jpg 114w\" sizes=\"auto, (max-width: 300px) 100vw, 300px\" \/><span style=\"font-family: Troika;\">IZR\u0100DE: \u201eSNIEGAV\u012aRA KALEVA ZIEMASSV\u0112TKU D\u0100VANA\u201d<\/span><\/span><br \/>\n<span style=\"color: #ff0000; font-family: Troika;\">PULKSTEN: 18:15<\/span><br \/>\n<span style=\"color: #0000ff; font-family: Troika;\">NORISES VIETA: DR. AVES POLIKL\u012aNIKA<\/span><\/h3>\n<p style=\"text-align: left;\">Avei ziem\u0101 ir darba pilnas rokas. Atkal apk\u0101rt klejo slim\u012bbu mikrobi, un Dr. Ave liel\u0101 \u0101trum\u0101 jauc da\u017e\u0101das mikst\u016bras pret v\u012brusu slim\u012bb\u0101m un kompreses pret augo\u0146iem. Polikl\u012bnik\u0101, k\u0101 alla\u017e, ir daudz ciema iem\u012btnieku. Kur\u0161 n\u0101k ar s\u0101po\u0161u k\u0101jas pirkstu, kur\u0161 vienk\u0101r\u0161i iedzert siltu t\u0113ju. Pie Aves spirdzin\u0101jumu g\u016bst ikviens, un Dr. Ave pal\u012bdz vienm\u0113r!<br \/>\nAr\u012b sniegav\u012brs Kalevs ir polikl\u012bnikas bie\u017es viesis, un vi\u0146a dz\u012bves filozofija ir tikpat vienk\u0101r\u0161a, cik v\u012brs pats: \u201cDiendien\u0101 staig\u0101 apk\u0101rt bas\u0101m k\u0101j\u0101m un b\u016bsi vesels k\u0101 sniegav\u012brs!\u201d Reiz Aves polikl\u012bnik\u0101 non\u0101ca pavisam neparasts t\u0113ls, mazs baci\u013cu b\u0113rns, kura s\u0101kotn\u0113j\u0101 doma bija uzgl\u016bn\u0113t ciema iem\u012btniekiem, lai baci\u013cu armija tad triecientemp\u0101 var\u0113tu ie\u0146emt visu ciemu.<br \/>\nDr. Aves saproto\u0161ais raksturs un sniegav\u012bra Kaleva ledain\u0101, bet tom\u0113r silt\u0101 sirds izkaus\u0113 baci\u013cu b\u0113rna mazo sirsni\u0146u, un vi\u0146a s\u0101kotn\u0113jie pl\u0101ni ieg\u016bst jaunus apveidus. Bacilis k\u013c\u016bst par br\u012bni\u0161\u0137\u012bgu un parastu Izgudrot\u0101ju ciema b\u0113rnu, kura skolas som\u0101 bez matem\u0101tikas burtn\u012bc\u0101m ir ar\u012b smieklu mikrobi.<\/p>\n","protected":false},"excerpt":{"rendered":"<p>IZR\u0100DE: \u201eZIEMASSV\u0112TKU TRAD\u012aCIJAS\u201c PULKSTEN: 16:00 NORISES VIETA: KLAUSA CE\u013bOJUMU LAUKUMS Vecais ce\u013cot\u0101jsuns Klauss un vi\u0146a labs draugs ronis Leo s\u0113\u017e pie ziem\u012bgas, sprak\u0161\u0137o\u0161as uguns un atminas savus jaun\u012bbas dienu ce\u013cojumu piedz\u012bvojumus \u2013 nepr\u0101t\u012bgi notikumi b\u0113rn\u012bb\u0101, d\u012bvainas Ziemassv\u0113tku trad\u012bcijas un neticamas para\u017eas, ko vi\u0146i ir redz\u0113ju\u0161i da\u017e\u0101dos pasaules nost\u016bros. Viss var\u0113tu norit\u0113t mier\u012bgi, un tas var\u0113tu &hellip; <a href=\"https:\/\/lottemaa.ee\/lv\/par-lotes-zemi\/isus-uzvedumu-aprakstus\/\">Continued<\/a><\/p>\n","protected":false},"author":11,"featured_media":23867,"parent":585,"menu_order":394,"comment_status":"closed","ping_status":"closed","template":"","meta":{"_acf_changed":false,"om_disable_all_campaigns":true,"_uf_show_specific_survey":0,"_uf_disable_surveys":false,"footnotes":""},"class_list":["post-26834","page","type-page","status-publish","has-post-thumbnail","hentry"],"acf":[],"yoast_head":"<!-- This site is optimized with the Yoast SEO plugin v25.5 - https:\/\/yoast.com\/wordpress\/plugins\/seo\/ -->\n<title>\u012aSUS UZVEDUMU APRAKSTUS | Lottemaa Teemapark<\/title>\n<meta name=\"robots\" content=\"index, follow, max-snippet:-1, max-image-preview:large, max-video-preview:-1\" \/>\n<link rel=\"canonical\" href=\"https:\/\/lottemaa.ee\/lv\/par-lotes-zemi\/isus-uzvedumu-aprakstus\/\" \/>\n<meta property=\"og:locale\" content=\"lv_LV\" \/>\n<meta property=\"og:type\" content=\"article\" \/>\n<meta property=\"og:title\" content=\"\u012aSUS UZVEDUMU APRAKSTUS | Lottemaa Teemapark\" \/>\n<meta property=\"og:description\" content=\"IZR\u0100DE: \u201eZIEMASSV\u0112TKU TRAD\u012aCIJAS\u201c PULKSTEN: 16:00 NORISES VIETA: KLAUSA CE\u013bOJUMU LAUKUMS Vecais ce\u013cot\u0101jsuns Klauss un vi\u0146a labs draugs ronis Leo s\u0113\u017e pie ziem\u012bgas, sprak\u0161\u0137o\u0161as uguns un atminas savus jaun\u012bbas dienu ce\u013cojumu piedz\u012bvojumus \u2013 nepr\u0101t\u012bgi notikumi b\u0113rn\u012bb\u0101, d\u012bvainas Ziemassv\u0113tku trad\u012bcijas un neticamas para\u017eas, ko vi\u0146i ir redz\u0113ju\u0161i da\u017e\u0101dos pasaules nost\u016bros. Viss var\u0113tu norit\u0113t mier\u012bgi, un tas var\u0113tu &hellip; Continued\" \/>\n<meta property=\"og:url\" content=\"https:\/\/lottemaa.ee\/lv\/par-lotes-zemi\/isus-uzvedumu-aprakstus\/\" \/>\n<meta property=\"og:site_name\" content=\"Lottemaa Teemapark\" \/>\n<meta property=\"article:modified_time\" content=\"2025-12-17T13:34:34+00:00\" \/>\n<meta property=\"og:image\" content=\"https:\/\/lottemaa.ee\/wp-content\/uploads\/2023\/10\/joulumaa2023_kodukas5_285x296.jpg\" \/>\n\t<meta property=\"og:image:width\" content=\"296\" \/>\n\t<meta property=\"og:image:height\" content=\"285\" \/>\n\t<meta property=\"og:image:type\" content=\"image\/jpeg\" \/>\n<meta name=\"twitter:card\" content=\"summary_large_image\" \/>\n<meta name=\"twitter:label1\" content=\"Est. reading time\" \/>\n\t<meta name=\"twitter:data1\" content=\"3 min\u016btes\" \/>\n<script type=\"application\/ld+json\" class=\"yoast-schema-graph\">{\"@context\":\"https:\/\/schema.org\",\"@graph\":[{\"@type\":\"WebPage\",\"@id\":\"https:\/\/lottemaa.ee\/lv\/par-lotes-zemi\/isus-uzvedumu-aprakstus\/\",\"url\":\"https:\/\/lottemaa.ee\/lv\/par-lotes-zemi\/isus-uzvedumu-aprakstus\/\",\"name\":\"\u012aSUS UZVEDUMU APRAKSTUS | Lottemaa Teemapark\",\"isPartOf\":{\"@id\":\"https:\/\/lottemaa.ee\/#website\"},\"primaryImageOfPage\":{\"@id\":\"https:\/\/lottemaa.ee\/lv\/par-lotes-zemi\/isus-uzvedumu-aprakstus\/#primaryimage\"},\"image\":{\"@id\":\"https:\/\/lottemaa.ee\/lv\/par-lotes-zemi\/isus-uzvedumu-aprakstus\/#primaryimage\"},\"thumbnailUrl\":\"https:\/\/lottemaa.ee\/wp-content\/uploads\/2023\/10\/joulumaa2023_kodukas5_285x296.jpg\",\"datePublished\":\"2024-07-04T15:22:35+00:00\",\"dateModified\":\"2025-12-17T13:34:34+00:00\",\"breadcrumb\":{\"@id\":\"https:\/\/lottemaa.ee\/lv\/par-lotes-zemi\/isus-uzvedumu-aprakstus\/#breadcrumb\"},\"inLanguage\":\"lv-LV\",\"potentialAction\":[{\"@type\":\"ReadAction\",\"target\":[\"https:\/\/lottemaa.ee\/lv\/par-lotes-zemi\/isus-uzvedumu-aprakstus\/\"]}]},{\"@type\":\"ImageObject\",\"inLanguage\":\"lv-LV\",\"@id\":\"https:\/\/lottemaa.ee\/lv\/par-lotes-zemi\/isus-uzvedumu-aprakstus\/#primaryimage\",\"url\":\"https:\/\/lottemaa.ee\/wp-content\/uploads\/2023\/10\/joulumaa2023_kodukas5_285x296.jpg\",\"contentUrl\":\"https:\/\/lottemaa.ee\/wp-content\/uploads\/2023\/10\/joulumaa2023_kodukas5_285x296.jpg\",\"width\":296,\"height\":285},{\"@type\":\"BreadcrumbList\",\"@id\":\"https:\/\/lottemaa.ee\/lv\/par-lotes-zemi\/isus-uzvedumu-aprakstus\/#breadcrumb\",\"itemListElement\":[{\"@type\":\"ListItem\",\"position\":1,\"name\":\"Home\",\"item\":\"https:\/\/lottemaa.ee\/lv\/\"},{\"@type\":\"ListItem\",\"position\":2,\"name\":\"Diena Lotes zem\u0113\",\"item\":\"https:\/\/lottemaa.ee\/lv\/par-lotes-zemi\/\"},{\"@type\":\"ListItem\",\"position\":3,\"name\":\"\u012aSUS UZVEDUMU APRAKSTUS\"}]},{\"@type\":\"WebSite\",\"@id\":\"https:\/\/lottemaa.ee\/#website\",\"url\":\"https:\/\/lottemaa.ee\/\",\"name\":\"Lottemaa Teemapark\",\"description\":\"Baltimaade suurim ja k\u00f5ige \u00e4gedam kogupere teemapark Eestis P\u00e4rnumaal\",\"publisher\":{\"@id\":\"https:\/\/lottemaa.ee\/#organization\"},\"potentialAction\":[{\"@type\":\"SearchAction\",\"target\":{\"@type\":\"EntryPoint\",\"urlTemplate\":\"https:\/\/lottemaa.ee\/?s={search_term_string}\"},\"query-input\":{\"@type\":\"PropertyValueSpecification\",\"valueRequired\":true,\"valueName\":\"search_term_string\"}}],\"inLanguage\":\"lv-LV\"},{\"@type\":\"Organization\",\"@id\":\"https:\/\/lottemaa.ee\/#organization\",\"name\":\"Lottemaa Teemapark\",\"url\":\"https:\/\/lottemaa.ee\/\",\"logo\":{\"@type\":\"ImageObject\",\"inLanguage\":\"lv-LV\",\"@id\":\"https:\/\/lottemaa.ee\/#\/schema\/logo\/image\/\",\"url\":\"https:\/\/lottemaa.ee\/wp-content\/uploads\/2018\/12\/Lottemaa_LOGO.png\",\"contentUrl\":\"https:\/\/lottemaa.ee\/wp-content\/uploads\/2018\/12\/Lottemaa_LOGO.png\",\"width\":1024,\"height\":518,\"caption\":\"Lottemaa Teemapark\"},\"image\":{\"@id\":\"https:\/\/lottemaa.ee\/#\/schema\/logo\/image\/\"}}]}<\/script>\n<!-- \/ Yoast SEO plugin. -->","yoast_head_json":{"title":"\u012aSUS UZVEDUMU APRAKSTUS | Lottemaa Teemapark","robots":{"index":"index","follow":"follow","max-snippet":"max-snippet:-1","max-image-preview":"max-image-preview:large","max-video-preview":"max-video-preview:-1"},"canonical":"https:\/\/lottemaa.ee\/lv\/par-lotes-zemi\/isus-uzvedumu-aprakstus\/","og_locale":"lv_LV","og_type":"article","og_title":"\u012aSUS UZVEDUMU APRAKSTUS | Lottemaa Teemapark","og_description":"IZR\u0100DE: \u201eZIEMASSV\u0112TKU TRAD\u012aCIJAS\u201c PULKSTEN: 16:00 NORISES VIETA: KLAUSA CE\u013bOJUMU LAUKUMS Vecais ce\u013cot\u0101jsuns Klauss un vi\u0146a labs draugs ronis Leo s\u0113\u017e pie ziem\u012bgas, sprak\u0161\u0137o\u0161as uguns un atminas savus jaun\u012bbas dienu ce\u013cojumu piedz\u012bvojumus \u2013 nepr\u0101t\u012bgi notikumi b\u0113rn\u012bb\u0101, d\u012bvainas Ziemassv\u0113tku trad\u012bcijas un neticamas para\u017eas, ko vi\u0146i ir redz\u0113ju\u0161i da\u017e\u0101dos pasaules nost\u016bros. Viss var\u0113tu norit\u0113t mier\u012bgi, un tas var\u0113tu &hellip; Continued","og_url":"https:\/\/lottemaa.ee\/lv\/par-lotes-zemi\/isus-uzvedumu-aprakstus\/","og_site_name":"Lottemaa Teemapark","article_modified_time":"2025-12-17T13:34:34+00:00","og_image":[{"width":296,"height":285,"url":"https:\/\/lottemaa.ee\/wp-content\/uploads\/2023\/10\/joulumaa2023_kodukas5_285x296.jpg","type":"image\/jpeg"}],"twitter_card":"summary_large_image","twitter_misc":{"Est. reading time":"3 min\u016btes"},"schema":{"@context":"https:\/\/schema.org","@graph":[{"@type":"WebPage","@id":"https:\/\/lottemaa.ee\/lv\/par-lotes-zemi\/isus-uzvedumu-aprakstus\/","url":"https:\/\/lottemaa.ee\/lv\/par-lotes-zemi\/isus-uzvedumu-aprakstus\/","name":"\u012aSUS UZVEDUMU APRAKSTUS | Lottemaa Teemapark","isPartOf":{"@id":"https:\/\/lottemaa.ee\/#website"},"primaryImageOfPage":{"@id":"https:\/\/lottemaa.ee\/lv\/par-lotes-zemi\/isus-uzvedumu-aprakstus\/#primaryimage"},"image":{"@id":"https:\/\/lottemaa.ee\/lv\/par-lotes-zemi\/isus-uzvedumu-aprakstus\/#primaryimage"},"thumbnailUrl":"https:\/\/lottemaa.ee\/wp-content\/uploads\/2023\/10\/joulumaa2023_kodukas5_285x296.jpg","datePublished":"2024-07-04T15:22:35+00:00","dateModified":"2025-12-17T13:34:34+00:00","breadcrumb":{"@id":"https:\/\/lottemaa.ee\/lv\/par-lotes-zemi\/isus-uzvedumu-aprakstus\/#breadcrumb"},"inLanguage":"lv-LV","potentialAction":[{"@type":"ReadAction","target":["https:\/\/lottemaa.ee\/lv\/par-lotes-zemi\/isus-uzvedumu-aprakstus\/"]}]},{"@type":"ImageObject","inLanguage":"lv-LV","@id":"https:\/\/lottemaa.ee\/lv\/par-lotes-zemi\/isus-uzvedumu-aprakstus\/#primaryimage","url":"https:\/\/lottemaa.ee\/wp-content\/uploads\/2023\/10\/joulumaa2023_kodukas5_285x296.jpg","contentUrl":"https:\/\/lottemaa.ee\/wp-content\/uploads\/2023\/10\/joulumaa2023_kodukas5_285x296.jpg","width":296,"height":285},{"@type":"BreadcrumbList","@id":"https:\/\/lottemaa.ee\/lv\/par-lotes-zemi\/isus-uzvedumu-aprakstus\/#breadcrumb","itemListElement":[{"@type":"ListItem","position":1,"name":"Home","item":"https:\/\/lottemaa.ee\/lv\/"},{"@type":"ListItem","position":2,"name":"Diena Lotes zem\u0113","item":"https:\/\/lottemaa.ee\/lv\/par-lotes-zemi\/"},{"@type":"ListItem","position":3,"name":"\u012aSUS UZVEDUMU APRAKSTUS"}]},{"@type":"WebSite","@id":"https:\/\/lottemaa.ee\/#website","url":"https:\/\/lottemaa.ee\/","name":"Lottemaa Teemapark","description":"Baltimaade suurim ja k\u00f5ige \u00e4gedam kogupere teemapark Eestis P\u00e4rnumaal","publisher":{"@id":"https:\/\/lottemaa.ee\/#organization"},"potentialAction":[{"@type":"SearchAction","target":{"@type":"EntryPoint","urlTemplate":"https:\/\/lottemaa.ee\/?s={search_term_string}"},"query-input":{"@type":"PropertyValueSpecification","valueRequired":true,"valueName":"search_term_string"}}],"inLanguage":"lv-LV"},{"@type":"Organization","@id":"https:\/\/lottemaa.ee\/#organization","name":"Lottemaa Teemapark","url":"https:\/\/lottemaa.ee\/","logo":{"@type":"ImageObject","inLanguage":"lv-LV","@id":"https:\/\/lottemaa.ee\/#\/schema\/logo\/image\/","url":"https:\/\/lottemaa.ee\/wp-content\/uploads\/2018\/12\/Lottemaa_LOGO.png","contentUrl":"https:\/\/lottemaa.ee\/wp-content\/uploads\/2018\/12\/Lottemaa_LOGO.png","width":1024,"height":518,"caption":"Lottemaa Teemapark"},"image":{"@id":"https:\/\/lottemaa.ee\/#\/schema\/logo\/image\/"}}]}},"_links":{"self":[{"href":"https:\/\/lottemaa.ee\/lv\/wp-json\/wp\/v2\/pages\/26834","targetHints":{"allow":["GET"]}}],"collection":[{"href":"https:\/\/lottemaa.ee\/lv\/wp-json\/wp\/v2\/pages"}],"about":[{"href":"https:\/\/lottemaa.ee\/lv\/wp-json\/wp\/v2\/types\/page"}],"author":[{"embeddable":true,"href":"https:\/\/lottemaa.ee\/lv\/wp-json\/wp\/v2\/users\/11"}],"replies":[{"embeddable":true,"href":"https:\/\/lottemaa.ee\/lv\/wp-json\/wp\/v2\/comments?post=26834"}],"version-history":[{"count":5,"href":"https:\/\/lottemaa.ee\/lv\/wp-json\/wp\/v2\/pages\/26834\/revisions"}],"predecessor-version":[{"id":32491,"href":"https:\/\/lottemaa.ee\/lv\/wp-json\/wp\/v2\/pages\/26834\/revisions\/32491"}],"up":[{"embeddable":true,"href":"https:\/\/lottemaa.ee\/lv\/wp-json\/wp\/v2\/pages\/585"}],"wp:featuredmedia":[{"embeddable":true,"href":"https:\/\/lottemaa.ee\/lv\/wp-json\/wp\/v2\/media\/23867"}],"wp:attachment":[{"href":"https:\/\/lottemaa.ee\/lv\/wp-json\/wp\/v2\/media?parent=26834"}],"curies":[{"name":"wp","href":"https:\/\/api.w.org\/{rel}","templated":true}]}}