{"id":26687,"date":"2024-06-28T14:54:53","date_gmt":"2024-06-28T11:54:53","guid":{"rendered":"https:\/\/lottemaa.ee\/?page_id=26687"},"modified":"2024-09-27T12:35:37","modified_gmt":"2024-09-27T09:35:37","slug":"filmas","status":"publish","type":"page","link":"https:\/\/lottemaa.ee\/lv\/par-mums\/filmas\/","title":{"rendered":"Filmas"},"content":{"rendered":"<h3 style=\"text-align: left;\"><span style=\"color: #ff0000;\"><img loading=\"lazy\" decoding=\"async\" class=\"wp-image-19457 alignright\" src=\"https:\/\/lottemaa.ee\/wp-content\/uploads\/2023\/01\/raamatud_kodukale_287x255_3.jpg\" alt=\"\" width=\"243\" height=\"216\" srcset=\"https:\/\/lottemaa.ee\/wp-content\/uploads\/2023\/01\/raamatud_kodukale_287x255_3.jpg 287w, https:\/\/lottemaa.ee\/wp-content\/uploads\/2023\/01\/raamatud_kodukale_287x255_3-285x255.jpg 285w, https:\/\/lottemaa.ee\/wp-content\/uploads\/2023\/01\/raamatud_kodukale_287x255_3-114x101.jpg 114w\" sizes=\"auto, (max-width: 243px) 100vw, 243px\" \/><\/span><span style=\"font-family: Troika; color: #333399;\">LOTE UN PAZUDU\u0160IE P\u016a\u0136I FILMA<\/span><span style=\"color: #ff0000;\"><br \/>\n<\/span><\/h3>\n<p style=\"text-align: left;\">B\u0113rnu iem\u012b\u013coto Lotes st\u0101stu tre\u0161aj\u0101 film\u0101 for\u0161\u0101 su\u0146u meiten\u012bte Lote tiek pie maz\u0101s m\u0101si\u0146as Rozes. Izgudrot\u0101ju ciem\u0101 ierodas zin\u0101tnieki, jenots Karls un zivs Viktors, kas piedal\u0101s lielaj\u0101s tautasdziesmu v\u0101k\u0161anas sacens\u012bb\u0101s. Sacens\u012bbu galveno balvu ieg\u016bs tas, kuram izdosies ierakst\u012bt pasaul\u0113 vec\u0101k\u0101s dz\u012bvnieku sugas, mistisko ugunssp\u013c\u0101v\u0113ju p\u016b\u0137u, tautasdziesmu. Lote un Roze nolemj zin\u0101tniekiem pal\u012bdz\u0113t. Vi\u0146us gaida aizraujo\u0161i un negaid\u012bti piedz\u012bvojumi.<\/p>\n<p style=\"text-align: left;\">Audio: igau\u0146u, krievu<br \/>\nSubtitri: ang\u013cu, krievu<br \/>\nIlgums 78 min<\/p>\n<p>&nbsp;<\/p>\n<hr \/>\n<h3 class=\"entry-title\" style=\"text-align: left;\"><span style=\"color: #333399;\"><img loading=\"lazy\" decoding=\"async\" class=\"alignright wp-image-19452\" src=\"https:\/\/lottemaa.ee\/wp-content\/uploads\/2023\/01\/raamatud_kodukale_287x255_2.jpg\" alt=\"\" width=\"243\" height=\"216\" srcset=\"https:\/\/lottemaa.ee\/wp-content\/uploads\/2023\/01\/raamatud_kodukale_287x255_2.jpg 287w, https:\/\/lottemaa.ee\/wp-content\/uploads\/2023\/01\/raamatud_kodukale_287x255_2-285x255.jpg 285w, https:\/\/lottemaa.ee\/wp-content\/uploads\/2023\/01\/raamatud_kodukale_287x255_2-114x101.jpg 114w\" sizes=\"auto, (max-width: 243px) 100vw, 243px\" \/><span style=\"font-family: Troika; color: #ff0000;\">Lote un M\u0113nessakmens nosl\u0113pums filma<\/span><br \/>\n<\/span><\/h3>\n<p style=\"text-align: left;\">K\u0101du nakti Izgudrot\u0101ju ciem\u0101 notiek kas negaid\u012bts \u2013 divi nosl\u0113pumaini sve\u0161inieki ierodas Izgudrot\u0101ju ciem\u0101 un slepeni v\u0113las at\u0146emt Klausam akmeni, kuru Klauss bija atradis sav\u0101 p\u0113d\u0113j\u0101 ce\u013cojum\u0101 kalnos. Klauss un Lote uzs\u0101k izmekl\u0113\u0161anu un nolemj apciemot Klausa ce\u013cabiedrus, pie kuriem palika divi p\u0101r\u0113jie akme\u0146i. T\u0101 ar\u012b dr\u012bz vien noskaidrojas, ka ir v\u0113l citi, kas ir iek\u0101roju\u0161i ieg\u016bt \u0161os akme\u0146us. Aizraujo\u0161u un smiekl\u012bgu piedz\u012bvojumu pietiks l\u012bdz filmas beig\u0101m.<\/p>\n<p style=\"text-align: left;\">Re\u017eisori Janno Peldm\u0101 (Janno P\u00f5ldma) un Heiki Ernits<br \/>\nAnim\u0101cijas filma<br \/>\nIlgums 73 min<\/p>\n<p>&nbsp;<\/p>\n<hr \/>\n<h3 class=\"entry-title\" style=\"text-align: left;\"><span style=\"color: #ff0000;\"><img loading=\"lazy\" decoding=\"async\" class=\"alignright wp-image-19450\" src=\"https:\/\/lottemaa.ee\/wp-content\/uploads\/2023\/01\/raamatud_kodukale_287x255_1-1.jpg\" alt=\"\" width=\"243\" height=\"216\" srcset=\"https:\/\/lottemaa.ee\/wp-content\/uploads\/2023\/01\/raamatud_kodukale_287x255_1-1.jpg 287w, https:\/\/lottemaa.ee\/wp-content\/uploads\/2023\/01\/raamatud_kodukale_287x255_1-1-285x255.jpg 285w, https:\/\/lottemaa.ee\/wp-content\/uploads\/2023\/01\/raamatud_kodukale_287x255_1-1-114x101.jpg 114w\" sizes=\"auto, (max-width: 243px) 100vw, 243px\" \/><\/span><span style=\"font-family: Troika; color: #333399;\">Lote no Izgudrot\u0101ju ciema filma<\/span><span style=\"color: #ff0000;\"><br \/>\n<\/span><\/h3>\n<p style=\"text-align: left;\">Filmas galven\u0101 varone, su\u0146u meitene Lote dz\u012bvo kop\u0101 ar saviem draugiem ka\u0137\u0113nu Bruno un za\u0137\u0113nu Albertu Izgudrot\u0101ju ciem\u0101, kas atrodas lielas j\u016bras krast\u0101. Katru gadu ciema iedz\u012bvot\u0101ji organiz\u0113 jauno izgudrojumu konkursu. Viens no slaven\u0101kajiem izgudrot\u0101jiem ciemat\u0101 ir Lotes t\u0113vs Oskars. Oskara galvenais konkurents ir za\u0137is Adalberts. K\u0101rt\u0113j\u0101 konkursa priek\u0161vakar\u0101 Lote un Bruno j\u016br\u0101 atrod izmirku\u0161u gr\u0101matu. No gr\u0101matas izr\u0101po bite Susumu, d\u0101rznieks un d\u017eudo treneris no t\u0101l\u0101s Jap\u0101nas.<\/p>\n<p style=\"text-align: left;\">Re\u017eisori Janno Peldm\u0101 (Janno P\u00f5ldma) un Heiki Ernits<br \/>\nAnim\u0101cijas filma<br \/>\nIlgums 78 min<\/p>\n<p>&nbsp;<\/p>\n<hr \/>\n<h3 class=\"entry-title\" style=\"text-align: left;\"><span style=\"color: #333399;\"><img loading=\"lazy\" decoding=\"async\" class=\"alignright wp-image-19487\" src=\"https:\/\/lottemaa.ee\/wp-content\/uploads\/2023\/01\/raamatud_kodukale_287x255_9.jpg\" alt=\"\" width=\"243\" height=\"216\" srcset=\"https:\/\/lottemaa.ee\/wp-content\/uploads\/2023\/01\/raamatud_kodukale_287x255_9.jpg 287w, https:\/\/lottemaa.ee\/wp-content\/uploads\/2023\/01\/raamatud_kodukale_287x255_9-285x255.jpg 285w, https:\/\/lottemaa.ee\/wp-content\/uploads\/2023\/01\/raamatud_kodukale_287x255_9-114x101.jpg 114w\" sizes=\"auto, (max-width: 243px) 100vw, 243px\" \/><span style=\"font-family: Troika; color: #ff0000;\">LOTES CE\u013bOJUMS UZ DIENVIDIEM FILMA<\/span><br \/>\n<\/span><\/h3>\n<p style=\"text-align: left;\">G\u0101jputni lido p\u0101ri Izgudrot\u0101ju ciemam uz dienvidiem. Mazais putnu z\u0113ns Pipo nogurst un veic \u0101rk\u0101rtas piezem\u0113\u0161anos Izgudrot\u0101ju ciem\u0101. Lote kop\u0101 ar savu t\u0113vu Oskaru un veco ce\u013cot\u0101jsuni Klausu nolemj aizvest Pipo uz dienvidiem. Ce\u013c\u0161 uz dienvidiem ir pilns interesantu un smiekl\u012bgu piedz\u012bvojumu.<\/p>\n<p>Audio: igau\u0146u, krievu, anglu<br \/>\nSubtitri: igau\u0146u, ang\u013cu, krievu<br \/>\nIlgums 65 min<\/p>\n","protected":false},"excerpt":{"rendered":"<p>LOTE UN PAZUDU\u0160IE P\u016a\u0136I FILMA B\u0113rnu iem\u012b\u013coto Lotes st\u0101stu tre\u0161aj\u0101 film\u0101 for\u0161\u0101 su\u0146u meiten\u012bte Lote tiek pie maz\u0101s m\u0101si\u0146as Rozes. Izgudrot\u0101ju ciem\u0101 ierodas zin\u0101tnieki, jenots Karls un zivs Viktors, kas piedal\u0101s lielaj\u0101s tautasdziesmu v\u0101k\u0161anas sacens\u012bb\u0101s. Sacens\u012bbu galveno balvu ieg\u016bs tas, kuram izdosies ierakst\u012bt pasaul\u0113 vec\u0101k\u0101s dz\u012bvnieku sugas, mistisko ugunssp\u013c\u0101v\u0113ju p\u016b\u0137u, tautasdziesmu. Lote un Roze nolemj &hellip; <a href=\"https:\/\/lottemaa.ee\/lv\/par-mums\/filmas\/\">Continued<\/a><\/p>\n","protected":false},"author":11,"featured_media":12310,"parent":593,"menu_order":23,"comment_status":"closed","ping_status":"closed","template":"","meta":{"_acf_changed":false,"om_disable_all_campaigns":false,"_uf_show_specific_survey":0,"_uf_disable_surveys":false,"footnotes":""},"class_list":["post-26687","page","type-page","status-publish","has-post-thumbnail","hentry"],"acf":[],"yoast_head":"<!-- This site is optimized with the Yoast SEO plugin v25.5 - https:\/\/yoast.com\/wordpress\/plugins\/seo\/ -->\n<title>Filmas | Lottemaa Teemapark<\/title>\n<meta name=\"description\" content=\"Lottemaa kinote\u0101tr\u012b ir laba Lotte filmu izlase. \u0160eit j\u016bs atrad\u012bsiet visus Janno P\u00f5ldma un Heiki Ernits darbus.\" \/>\n<meta name=\"robots\" content=\"index, follow, max-snippet:-1, max-image-preview:large, max-video-preview:-1\" \/>\n<link rel=\"canonical\" href=\"https:\/\/lottemaa.ee\/lv\/par-mums\/filmas\/\" \/>\n<meta property=\"og:locale\" content=\"lv_LV\" \/>\n<meta property=\"og:type\" content=\"article\" \/>\n<meta property=\"og:title\" content=\"Filmas | Lottemaa Teemapark\" \/>\n<meta property=\"og:description\" content=\"Lottemaa kinote\u0101tr\u012b ir laba Lotte filmu izlase. \u0160eit j\u016bs atrad\u012bsiet visus Janno P\u00f5ldma un Heiki Ernits darbus.\" \/>\n<meta property=\"og:url\" content=\"https:\/\/lottemaa.ee\/lv\/par-mums\/filmas\/\" \/>\n<meta property=\"og:site_name\" content=\"Lottemaa Teemapark\" \/>\n<meta property=\"article:modified_time\" content=\"2024-09-27T09:35:37+00:00\" \/>\n<meta property=\"og:image\" content=\"https:\/\/lottemaa.ee\/wp-content\/uploads\/2022\/01\/filmiriiul_285x296.jpg\" \/>\n\t<meta property=\"og:image:width\" content=\"296\" \/>\n\t<meta property=\"og:image:height\" content=\"285\" \/>\n\t<meta property=\"og:image:type\" content=\"image\/jpeg\" \/>\n<meta name=\"twitter:card\" content=\"summary_large_image\" \/>\n<meta name=\"twitter:label1\" content=\"Est. reading time\" \/>\n\t<meta name=\"twitter:data1\" content=\"3 min\u016btes\" \/>\n<script type=\"application\/ld+json\" class=\"yoast-schema-graph\">{\"@context\":\"https:\/\/schema.org\",\"@graph\":[{\"@type\":\"WebPage\",\"@id\":\"https:\/\/lottemaa.ee\/lv\/par-mums\/filmas\/\",\"url\":\"https:\/\/lottemaa.ee\/lv\/par-mums\/filmas\/\",\"name\":\"Filmas | Lottemaa Teemapark\",\"isPartOf\":{\"@id\":\"https:\/\/lottemaa.ee\/#website\"},\"primaryImageOfPage\":{\"@id\":\"https:\/\/lottemaa.ee\/lv\/par-mums\/filmas\/#primaryimage\"},\"image\":{\"@id\":\"https:\/\/lottemaa.ee\/lv\/par-mums\/filmas\/#primaryimage\"},\"thumbnailUrl\":\"https:\/\/lottemaa.ee\/wp-content\/uploads\/2022\/01\/filmiriiul_285x296.jpg\",\"datePublished\":\"2024-06-28T11:54:53+00:00\",\"dateModified\":\"2024-09-27T09:35:37+00:00\",\"description\":\"Lottemaa kinote\u0101tr\u012b ir laba Lotte filmu izlase. \u0160eit j\u016bs atrad\u012bsiet visus Janno P\u00f5ldma un Heiki Ernits darbus.\",\"breadcrumb\":{\"@id\":\"https:\/\/lottemaa.ee\/lv\/par-mums\/filmas\/#breadcrumb\"},\"inLanguage\":\"lv-LV\",\"potentialAction\":[{\"@type\":\"ReadAction\",\"target\":[\"https:\/\/lottemaa.ee\/lv\/par-mums\/filmas\/\"]}]},{\"@type\":\"ImageObject\",\"inLanguage\":\"lv-LV\",\"@id\":\"https:\/\/lottemaa.ee\/lv\/par-mums\/filmas\/#primaryimage\",\"url\":\"https:\/\/lottemaa.ee\/wp-content\/uploads\/2022\/01\/filmiriiul_285x296.jpg\",\"contentUrl\":\"https:\/\/lottemaa.ee\/wp-content\/uploads\/2022\/01\/filmiriiul_285x296.jpg\",\"width\":296,\"height\":285},{\"@type\":\"BreadcrumbList\",\"@id\":\"https:\/\/lottemaa.ee\/lv\/par-mums\/filmas\/#breadcrumb\",\"itemListElement\":[{\"@type\":\"ListItem\",\"position\":1,\"name\":\"Home\",\"item\":\"https:\/\/lottemaa.ee\/lv\/\"},{\"@type\":\"ListItem\",\"position\":2,\"name\":\"Par mums\",\"item\":\"https:\/\/lottemaa.ee\/lv\/par-mums\/\"},{\"@type\":\"ListItem\",\"position\":3,\"name\":\"Filmas\"}]},{\"@type\":\"WebSite\",\"@id\":\"https:\/\/lottemaa.ee\/#website\",\"url\":\"https:\/\/lottemaa.ee\/\",\"name\":\"Lottemaa Teemapark\",\"description\":\"Baltimaade suurim ja k\u00f5ige \u00e4gedam kogupere teemapark Eestis P\u00e4rnumaal\",\"publisher\":{\"@id\":\"https:\/\/lottemaa.ee\/#organization\"},\"potentialAction\":[{\"@type\":\"SearchAction\",\"target\":{\"@type\":\"EntryPoint\",\"urlTemplate\":\"https:\/\/lottemaa.ee\/?s={search_term_string}\"},\"query-input\":{\"@type\":\"PropertyValueSpecification\",\"valueRequired\":true,\"valueName\":\"search_term_string\"}}],\"inLanguage\":\"lv-LV\"},{\"@type\":\"Organization\",\"@id\":\"https:\/\/lottemaa.ee\/#organization\",\"name\":\"Lottemaa Teemapark\",\"url\":\"https:\/\/lottemaa.ee\/\",\"logo\":{\"@type\":\"ImageObject\",\"inLanguage\":\"lv-LV\",\"@id\":\"https:\/\/lottemaa.ee\/#\/schema\/logo\/image\/\",\"url\":\"https:\/\/lottemaa.ee\/wp-content\/uploads\/2018\/12\/Lottemaa_LOGO.png\",\"contentUrl\":\"https:\/\/lottemaa.ee\/wp-content\/uploads\/2018\/12\/Lottemaa_LOGO.png\",\"width\":1024,\"height\":518,\"caption\":\"Lottemaa Teemapark\"},\"image\":{\"@id\":\"https:\/\/lottemaa.ee\/#\/schema\/logo\/image\/\"}}]}<\/script>\n<!-- \/ Yoast SEO plugin. -->","yoast_head_json":{"title":"Filmas | Lottemaa Teemapark","description":"Lottemaa kinote\u0101tr\u012b ir laba Lotte filmu izlase. \u0160eit j\u016bs atrad\u012bsiet visus Janno P\u00f5ldma un Heiki Ernits darbus.","robots":{"index":"index","follow":"follow","max-snippet":"max-snippet:-1","max-image-preview":"max-image-preview:large","max-video-preview":"max-video-preview:-1"},"canonical":"https:\/\/lottemaa.ee\/lv\/par-mums\/filmas\/","og_locale":"lv_LV","og_type":"article","og_title":"Filmas | Lottemaa Teemapark","og_description":"Lottemaa kinote\u0101tr\u012b ir laba Lotte filmu izlase. \u0160eit j\u016bs atrad\u012bsiet visus Janno P\u00f5ldma un Heiki Ernits darbus.","og_url":"https:\/\/lottemaa.ee\/lv\/par-mums\/filmas\/","og_site_name":"Lottemaa Teemapark","article_modified_time":"2024-09-27T09:35:37+00:00","og_image":[{"width":296,"height":285,"url":"https:\/\/lottemaa.ee\/wp-content\/uploads\/2022\/01\/filmiriiul_285x296.jpg","type":"image\/jpeg"}],"twitter_card":"summary_large_image","twitter_misc":{"Est. reading time":"3 min\u016btes"},"schema":{"@context":"https:\/\/schema.org","@graph":[{"@type":"WebPage","@id":"https:\/\/lottemaa.ee\/lv\/par-mums\/filmas\/","url":"https:\/\/lottemaa.ee\/lv\/par-mums\/filmas\/","name":"Filmas | Lottemaa Teemapark","isPartOf":{"@id":"https:\/\/lottemaa.ee\/#website"},"primaryImageOfPage":{"@id":"https:\/\/lottemaa.ee\/lv\/par-mums\/filmas\/#primaryimage"},"image":{"@id":"https:\/\/lottemaa.ee\/lv\/par-mums\/filmas\/#primaryimage"},"thumbnailUrl":"https:\/\/lottemaa.ee\/wp-content\/uploads\/2022\/01\/filmiriiul_285x296.jpg","datePublished":"2024-06-28T11:54:53+00:00","dateModified":"2024-09-27T09:35:37+00:00","description":"Lottemaa kinote\u0101tr\u012b ir laba Lotte filmu izlase. \u0160eit j\u016bs atrad\u012bsiet visus Janno P\u00f5ldma un Heiki Ernits darbus.","breadcrumb":{"@id":"https:\/\/lottemaa.ee\/lv\/par-mums\/filmas\/#breadcrumb"},"inLanguage":"lv-LV","potentialAction":[{"@type":"ReadAction","target":["https:\/\/lottemaa.ee\/lv\/par-mums\/filmas\/"]}]},{"@type":"ImageObject","inLanguage":"lv-LV","@id":"https:\/\/lottemaa.ee\/lv\/par-mums\/filmas\/#primaryimage","url":"https:\/\/lottemaa.ee\/wp-content\/uploads\/2022\/01\/filmiriiul_285x296.jpg","contentUrl":"https:\/\/lottemaa.ee\/wp-content\/uploads\/2022\/01\/filmiriiul_285x296.jpg","width":296,"height":285},{"@type":"BreadcrumbList","@id":"https:\/\/lottemaa.ee\/lv\/par-mums\/filmas\/#breadcrumb","itemListElement":[{"@type":"ListItem","position":1,"name":"Home","item":"https:\/\/lottemaa.ee\/lv\/"},{"@type":"ListItem","position":2,"name":"Par mums","item":"https:\/\/lottemaa.ee\/lv\/par-mums\/"},{"@type":"ListItem","position":3,"name":"Filmas"}]},{"@type":"WebSite","@id":"https:\/\/lottemaa.ee\/#website","url":"https:\/\/lottemaa.ee\/","name":"Lottemaa Teemapark","description":"Baltimaade suurim ja k\u00f5ige \u00e4gedam kogupere teemapark Eestis P\u00e4rnumaal","publisher":{"@id":"https:\/\/lottemaa.ee\/#organization"},"potentialAction":[{"@type":"SearchAction","target":{"@type":"EntryPoint","urlTemplate":"https:\/\/lottemaa.ee\/?s={search_term_string}"},"query-input":{"@type":"PropertyValueSpecification","valueRequired":true,"valueName":"search_term_string"}}],"inLanguage":"lv-LV"},{"@type":"Organization","@id":"https:\/\/lottemaa.ee\/#organization","name":"Lottemaa Teemapark","url":"https:\/\/lottemaa.ee\/","logo":{"@type":"ImageObject","inLanguage":"lv-LV","@id":"https:\/\/lottemaa.ee\/#\/schema\/logo\/image\/","url":"https:\/\/lottemaa.ee\/wp-content\/uploads\/2018\/12\/Lottemaa_LOGO.png","contentUrl":"https:\/\/lottemaa.ee\/wp-content\/uploads\/2018\/12\/Lottemaa_LOGO.png","width":1024,"height":518,"caption":"Lottemaa Teemapark"},"image":{"@id":"https:\/\/lottemaa.ee\/#\/schema\/logo\/image\/"}}]}},"_links":{"self":[{"href":"https:\/\/lottemaa.ee\/lv\/wp-json\/wp\/v2\/pages\/26687","targetHints":{"allow":["GET"]}}],"collection":[{"href":"https:\/\/lottemaa.ee\/lv\/wp-json\/wp\/v2\/pages"}],"about":[{"href":"https:\/\/lottemaa.ee\/lv\/wp-json\/wp\/v2\/types\/page"}],"author":[{"embeddable":true,"href":"https:\/\/lottemaa.ee\/lv\/wp-json\/wp\/v2\/users\/11"}],"replies":[{"embeddable":true,"href":"https:\/\/lottemaa.ee\/lv\/wp-json\/wp\/v2\/comments?post=26687"}],"version-history":[{"count":5,"href":"https:\/\/lottemaa.ee\/lv\/wp-json\/wp\/v2\/pages\/26687\/revisions"}],"predecessor-version":[{"id":28648,"href":"https:\/\/lottemaa.ee\/lv\/wp-json\/wp\/v2\/pages\/26687\/revisions\/28648"}],"up":[{"embeddable":true,"href":"https:\/\/lottemaa.ee\/lv\/wp-json\/wp\/v2\/pages\/593"}],"wp:featuredmedia":[{"embeddable":true,"href":"https:\/\/lottemaa.ee\/lv\/wp-json\/wp\/v2\/media\/12310"}],"wp:attachment":[{"href":"https:\/\/lottemaa.ee\/lv\/wp-json\/wp\/v2\/media?parent=26687"}],"curies":[{"name":"wp","href":"https:\/\/api.w.org\/{rel}","templated":true}]}}