{"id":24467,"date":"2023-12-17T12:33:30","date_gmt":"2023-12-17T10:33:30","guid":{"rendered":"https:\/\/lottemaa.ee\/?page_id=24467"},"modified":"2026-01-04T22:28:52","modified_gmt":"2026-01-04T20:28:52","slug":"davanu-karte","status":"publish","type":"page","link":"https:\/\/lottemaa.ee\/lv\/davanu-karte\/","title":{"rendered":"D\u0100VANU KARTE"},"content":{"rendered":"<p style=\"text-align: left;\"><strong><span style=\"color: #000000;\"><img loading=\"lazy\" decoding=\"async\" class=\"alignright size-medium wp-image-25650\" src=\"https:\/\/lottemaa.ee\/wp-content\/uploads\/2024\/01\/kinkekaart_banner_1080x1080_lv-300x300.jpg\" alt=\"\" width=\"300\" height=\"300\" srcset=\"https:\/\/lottemaa.ee\/wp-content\/uploads\/2024\/01\/kinkekaart_banner_1080x1080_lv-300x300.jpg 300w, https:\/\/lottemaa.ee\/wp-content\/uploads\/2024\/01\/kinkekaart_banner_1080x1080_lv-1024x1024.jpg 1024w, https:\/\/lottemaa.ee\/wp-content\/uploads\/2024\/01\/kinkekaart_banner_1080x1080_lv-150x150.jpg 150w, https:\/\/lottemaa.ee\/wp-content\/uploads\/2024\/01\/kinkekaart_banner_1080x1080_lv-768x768.jpg 768w, https:\/\/lottemaa.ee\/wp-content\/uploads\/2024\/01\/kinkekaart_banner_1080x1080_lv-114x114.jpg 114w, https:\/\/lottemaa.ee\/wp-content\/uploads\/2024\/01\/kinkekaart_banner_1080x1080_lv.jpg 1080w\" sizes=\"auto, (max-width: 300px) 100vw, 300px\" \/>Ar Lotes zemes d\u0101vanu karti sag\u0101d\u0101siet patiesi m\u012b\u013cu un gaid\u012btu p\u0101rsteigumu Lotes fanam.\u00a0<\/span><\/strong><\/p>\n<p style=\"text-align: left;\">D\u0101vanu kartes v\u0113rt\u012bbu varat izv\u0113l\u0113ties pa\u0161i, un tas d\u0101vanu kartes sa\u0146\u0113m\u0113jam pied\u0101v\u0101 iesp\u0113ju ieg\u0101d\u0101ties bi\u013cetes uz sev piem\u0113rotu sezonu m\u016bsu ofici\u0101laj\u0101 bi\u013ce\u0161u tirdzniec\u012bbas vid\u0113 Fienta.com.<\/p>\n<p style=\"text-align: left;\">D\u0101vanu karti var izmantot vair\u0101kas reizes, l\u012bdz t\u0101s v\u0113rt\u012bba ir piln\u012bb\u0101 izmantota. Ja pirkuma summa ir liel\u0101ka par d\u0101vanu kartes v\u0113rt\u012bbu, tr\u016bksto\u0161o summu var apmaks\u0101t papildus.<\/p>\n<p style=\"text-align: left;\">D\u0101vanu karte ir der\u012bga tie\u0161i<span style=\"color: #000000;\"> <strong>1 gadu<\/strong><\/span> no t\u0101s izsnieg\u0161anas br\u012b\u017ea.<\/p>\n<p style=\"text-align: left;\">D\u0101vanu kartes paraugu skatiet <strong><a href=\"https:\/\/lottemaa.ee\/wp-content\/uploads\/2026\/01\/davanu-kartes-123456789.pdf\" target=\"_blank\" rel=\"noopener\">\u0160EIT \u00bb<\/a><\/strong><\/p>\n<h1><a href=\"https:\/\/fienta.com\/lv\/lottemaa-kinkekaart\"><img loading=\"lazy\" decoding=\"async\" class=\"wp-image-24513 size-full alignnone\" src=\"https:\/\/lottemaa.ee\/wp-content\/uploads\/2023\/12\/osta_siit_lv.png\" alt=\"\" width=\"312\" height=\"103\" srcset=\"https:\/\/lottemaa.ee\/wp-content\/uploads\/2023\/12\/osta_siit_lv.png 312w, https:\/\/lottemaa.ee\/wp-content\/uploads\/2023\/12\/osta_siit_lv-300x99.png 300w, https:\/\/lottemaa.ee\/wp-content\/uploads\/2023\/12\/osta_siit_lv-114x38.png 114w\" sizes=\"auto, (max-width: 312px) 100vw, 312px\" \/><\/a><\/h1>\n<h3 style=\"text-align: left;\"><span style=\"font-family: Troika;\">Uzman\u012bbu!<\/span><\/h3>\n<p style=\"text-align: left;\">\u2013 D\u0101vanu karti NEVAR pagarin\u0101t, atgriezt, main\u012bt vai izmantot citu d\u0101vanu kar\u0161u ieg\u0101dei.<br \/>\n\u2013 D\u0101vanu karte ir der\u012bga izmanto\u0161anai tikai Fienta.com vid\u0113 Lotes zemes bi\u013ce\u0161u ieg\u0101dei. D\u0101vanu karte NAV DER\u012aGA bi\u013ce\u0161u ieg\u0101dei bi\u013ce\u0161u kas\u0113s Lotes zem\u0113 uz vietas, izmanto\u0161anai \u0113din\u0101\u0161anas viet\u0101s vai veikalos.<\/p>\n<div id=\"word-count-porganized\"><\/div>\n","protected":false},"excerpt":{"rendered":"<p>Ar Lotes zemes d\u0101vanu karti sag\u0101d\u0101siet patiesi m\u012b\u013cu un gaid\u012btu p\u0101rsteigumu Lotes fanam.\u00a0 D\u0101vanu kartes v\u0113rt\u012bbu varat izv\u0113l\u0113ties pa\u0161i, un tas d\u0101vanu kartes sa\u0146\u0113m\u0113jam pied\u0101v\u0101 iesp\u0113ju ieg\u0101d\u0101ties bi\u013cetes uz sev piem\u0113rotu sezonu m\u016bsu ofici\u0101laj\u0101 bi\u013ce\u0161u tirdzniec\u012bbas vid\u0113 Fienta.com. D\u0101vanu karti var izmantot vair\u0101kas reizes, l\u012bdz t\u0101s v\u0113rt\u012bba ir piln\u012bb\u0101 izmantota. Ja pirkuma summa ir liel\u0101ka &hellip; <a href=\"https:\/\/lottemaa.ee\/lv\/davanu-karte\/\">Continued<\/a><\/p>\n","protected":false},"author":7,"featured_media":25648,"parent":0,"menu_order":32,"comment_status":"closed","ping_status":"closed","template":"","meta":{"_acf_changed":false,"om_disable_all_campaigns":false,"_uf_show_specific_survey":0,"_uf_disable_surveys":false,"footnotes":""},"class_list":["post-24467","page","type-page","status-publish","has-post-thumbnail","hentry"],"acf":[],"yoast_head":"<!-- This site is optimized with the Yoast SEO plugin v25.5 - https:\/\/yoast.com\/wordpress\/plugins\/seo\/ -->\n<title>D\u0100VANU KARTE | Lottemaa Teemapark<\/title>\n<meta name=\"description\" content=\"Ar Lotte Village d\u0101vanu karti Lotte fani sa\u0146ems patiesi v\u0113rt\u012bgu un ilgi gaid\u012btu p\u0101rsteigumu. D\u0101vanu kartes v\u0113rt\u012bbu varat izv\u0113l\u0113ties pa\u0161i. T\u0101 ir der\u012bga 1 gadu.\" \/>\n<meta name=\"robots\" content=\"index, follow, max-snippet:-1, max-image-preview:large, max-video-preview:-1\" \/>\n<link rel=\"canonical\" href=\"https:\/\/lottemaa.ee\/lv\/davanu-karte\/\" \/>\n<meta property=\"og:locale\" content=\"lv_LV\" \/>\n<meta property=\"og:type\" content=\"article\" \/>\n<meta property=\"og:title\" content=\"D\u0100VANU KARTE | Lottemaa Teemapark\" \/>\n<meta property=\"og:description\" content=\"Ar Lotte Village d\u0101vanu karti Lotte fani sa\u0146ems patiesi v\u0113rt\u012bgu un ilgi gaid\u012btu p\u0101rsteigumu. D\u0101vanu kartes v\u0113rt\u012bbu varat izv\u0113l\u0113ties pa\u0161i. T\u0101 ir der\u012bga 1 gadu.\" \/>\n<meta property=\"og:url\" content=\"https:\/\/lottemaa.ee\/lv\/davanu-karte\/\" \/>\n<meta property=\"og:site_name\" content=\"Lottemaa Teemapark\" \/>\n<meta property=\"article:modified_time\" content=\"2026-01-04T20:28:52+00:00\" \/>\n<meta property=\"og:image\" content=\"https:\/\/lottemaa.ee\/wp-content\/uploads\/2024\/01\/kinkekaart_banner_1080x1080.jpg\" \/>\n\t<meta property=\"og:image:width\" content=\"1080\" \/>\n\t<meta property=\"og:image:height\" content=\"1080\" \/>\n\t<meta property=\"og:image:type\" content=\"image\/jpeg\" \/>\n<meta name=\"twitter:card\" content=\"summary_large_image\" \/>\n<meta name=\"twitter:label1\" content=\"Est. reading time\" \/>\n\t<meta name=\"twitter:data1\" content=\"2 min\u016btes\" \/>\n<script type=\"application\/ld+json\" class=\"yoast-schema-graph\">{\"@context\":\"https:\/\/schema.org\",\"@graph\":[{\"@type\":\"WebPage\",\"@id\":\"https:\/\/lottemaa.ee\/lv\/davanu-karte\/\",\"url\":\"https:\/\/lottemaa.ee\/lv\/davanu-karte\/\",\"name\":\"D\u0100VANU KARTE | Lottemaa Teemapark\",\"isPartOf\":{\"@id\":\"https:\/\/lottemaa.ee\/#website\"},\"primaryImageOfPage\":{\"@id\":\"https:\/\/lottemaa.ee\/lv\/davanu-karte\/#primaryimage\"},\"image\":{\"@id\":\"https:\/\/lottemaa.ee\/lv\/davanu-karte\/#primaryimage\"},\"thumbnailUrl\":\"https:\/\/lottemaa.ee\/wp-content\/uploads\/2024\/01\/kinkekaart_banner_1080x1080.jpg\",\"datePublished\":\"2023-12-17T10:33:30+00:00\",\"dateModified\":\"2026-01-04T20:28:52+00:00\",\"description\":\"Ar Lotte Village d\u0101vanu karti Lotte fani sa\u0146ems patiesi v\u0113rt\u012bgu un ilgi gaid\u012btu p\u0101rsteigumu. D\u0101vanu kartes v\u0113rt\u012bbu varat izv\u0113l\u0113ties pa\u0161i. T\u0101 ir der\u012bga 1 gadu.\",\"breadcrumb\":{\"@id\":\"https:\/\/lottemaa.ee\/lv\/davanu-karte\/#breadcrumb\"},\"inLanguage\":\"lv-LV\",\"potentialAction\":[{\"@type\":\"ReadAction\",\"target\":[\"https:\/\/lottemaa.ee\/lv\/davanu-karte\/\"]}]},{\"@type\":\"ImageObject\",\"inLanguage\":\"lv-LV\",\"@id\":\"https:\/\/lottemaa.ee\/lv\/davanu-karte\/#primaryimage\",\"url\":\"https:\/\/lottemaa.ee\/wp-content\/uploads\/2024\/01\/kinkekaart_banner_1080x1080.jpg\",\"contentUrl\":\"https:\/\/lottemaa.ee\/wp-content\/uploads\/2024\/01\/kinkekaart_banner_1080x1080.jpg\",\"width\":1080,\"height\":1080},{\"@type\":\"BreadcrumbList\",\"@id\":\"https:\/\/lottemaa.ee\/lv\/davanu-karte\/#breadcrumb\",\"itemListElement\":[{\"@type\":\"ListItem\",\"position\":1,\"name\":\"Home\",\"item\":\"https:\/\/lottemaa.ee\/lv\/\"},{\"@type\":\"ListItem\",\"position\":2,\"name\":\"D\u0100VANU KARTE\"}]},{\"@type\":\"WebSite\",\"@id\":\"https:\/\/lottemaa.ee\/#website\",\"url\":\"https:\/\/lottemaa.ee\/\",\"name\":\"Lottemaa Teemapark\",\"description\":\"Baltimaade suurim ja k\u00f5ige \u00e4gedam kogupere teemapark Eestis P\u00e4rnumaal\",\"publisher\":{\"@id\":\"https:\/\/lottemaa.ee\/#organization\"},\"potentialAction\":[{\"@type\":\"SearchAction\",\"target\":{\"@type\":\"EntryPoint\",\"urlTemplate\":\"https:\/\/lottemaa.ee\/?s={search_term_string}\"},\"query-input\":{\"@type\":\"PropertyValueSpecification\",\"valueRequired\":true,\"valueName\":\"search_term_string\"}}],\"inLanguage\":\"lv-LV\"},{\"@type\":\"Organization\",\"@id\":\"https:\/\/lottemaa.ee\/#organization\",\"name\":\"Lottemaa Teemapark\",\"url\":\"https:\/\/lottemaa.ee\/\",\"logo\":{\"@type\":\"ImageObject\",\"inLanguage\":\"lv-LV\",\"@id\":\"https:\/\/lottemaa.ee\/#\/schema\/logo\/image\/\",\"url\":\"https:\/\/lottemaa.ee\/wp-content\/uploads\/2018\/12\/Lottemaa_LOGO.png\",\"contentUrl\":\"https:\/\/lottemaa.ee\/wp-content\/uploads\/2018\/12\/Lottemaa_LOGO.png\",\"width\":1024,\"height\":518,\"caption\":\"Lottemaa Teemapark\"},\"image\":{\"@id\":\"https:\/\/lottemaa.ee\/#\/schema\/logo\/image\/\"}}]}<\/script>\n<!-- \/ Yoast SEO plugin. -->","yoast_head_json":{"title":"D\u0100VANU KARTE | Lottemaa Teemapark","description":"Ar Lotte Village d\u0101vanu karti Lotte fani sa\u0146ems patiesi v\u0113rt\u012bgu un ilgi gaid\u012btu p\u0101rsteigumu. D\u0101vanu kartes v\u0113rt\u012bbu varat izv\u0113l\u0113ties pa\u0161i. T\u0101 ir der\u012bga 1 gadu.","robots":{"index":"index","follow":"follow","max-snippet":"max-snippet:-1","max-image-preview":"max-image-preview:large","max-video-preview":"max-video-preview:-1"},"canonical":"https:\/\/lottemaa.ee\/lv\/davanu-karte\/","og_locale":"lv_LV","og_type":"article","og_title":"D\u0100VANU KARTE | Lottemaa Teemapark","og_description":"Ar Lotte Village d\u0101vanu karti Lotte fani sa\u0146ems patiesi v\u0113rt\u012bgu un ilgi gaid\u012btu p\u0101rsteigumu. D\u0101vanu kartes v\u0113rt\u012bbu varat izv\u0113l\u0113ties pa\u0161i. T\u0101 ir der\u012bga 1 gadu.","og_url":"https:\/\/lottemaa.ee\/lv\/davanu-karte\/","og_site_name":"Lottemaa Teemapark","article_modified_time":"2026-01-04T20:28:52+00:00","og_image":[{"width":1080,"height":1080,"url":"https:\/\/lottemaa.ee\/wp-content\/uploads\/2024\/01\/kinkekaart_banner_1080x1080.jpg","type":"image\/jpeg"}],"twitter_card":"summary_large_image","twitter_misc":{"Est. reading time":"2 min\u016btes"},"schema":{"@context":"https:\/\/schema.org","@graph":[{"@type":"WebPage","@id":"https:\/\/lottemaa.ee\/lv\/davanu-karte\/","url":"https:\/\/lottemaa.ee\/lv\/davanu-karte\/","name":"D\u0100VANU KARTE | Lottemaa Teemapark","isPartOf":{"@id":"https:\/\/lottemaa.ee\/#website"},"primaryImageOfPage":{"@id":"https:\/\/lottemaa.ee\/lv\/davanu-karte\/#primaryimage"},"image":{"@id":"https:\/\/lottemaa.ee\/lv\/davanu-karte\/#primaryimage"},"thumbnailUrl":"https:\/\/lottemaa.ee\/wp-content\/uploads\/2024\/01\/kinkekaart_banner_1080x1080.jpg","datePublished":"2023-12-17T10:33:30+00:00","dateModified":"2026-01-04T20:28:52+00:00","description":"Ar Lotte Village d\u0101vanu karti Lotte fani sa\u0146ems patiesi v\u0113rt\u012bgu un ilgi gaid\u012btu p\u0101rsteigumu. D\u0101vanu kartes v\u0113rt\u012bbu varat izv\u0113l\u0113ties pa\u0161i. T\u0101 ir der\u012bga 1 gadu.","breadcrumb":{"@id":"https:\/\/lottemaa.ee\/lv\/davanu-karte\/#breadcrumb"},"inLanguage":"lv-LV","potentialAction":[{"@type":"ReadAction","target":["https:\/\/lottemaa.ee\/lv\/davanu-karte\/"]}]},{"@type":"ImageObject","inLanguage":"lv-LV","@id":"https:\/\/lottemaa.ee\/lv\/davanu-karte\/#primaryimage","url":"https:\/\/lottemaa.ee\/wp-content\/uploads\/2024\/01\/kinkekaart_banner_1080x1080.jpg","contentUrl":"https:\/\/lottemaa.ee\/wp-content\/uploads\/2024\/01\/kinkekaart_banner_1080x1080.jpg","width":1080,"height":1080},{"@type":"BreadcrumbList","@id":"https:\/\/lottemaa.ee\/lv\/davanu-karte\/#breadcrumb","itemListElement":[{"@type":"ListItem","position":1,"name":"Home","item":"https:\/\/lottemaa.ee\/lv\/"},{"@type":"ListItem","position":2,"name":"D\u0100VANU KARTE"}]},{"@type":"WebSite","@id":"https:\/\/lottemaa.ee\/#website","url":"https:\/\/lottemaa.ee\/","name":"Lottemaa Teemapark","description":"Baltimaade suurim ja k\u00f5ige \u00e4gedam kogupere teemapark Eestis P\u00e4rnumaal","publisher":{"@id":"https:\/\/lottemaa.ee\/#organization"},"potentialAction":[{"@type":"SearchAction","target":{"@type":"EntryPoint","urlTemplate":"https:\/\/lottemaa.ee\/?s={search_term_string}"},"query-input":{"@type":"PropertyValueSpecification","valueRequired":true,"valueName":"search_term_string"}}],"inLanguage":"lv-LV"},{"@type":"Organization","@id":"https:\/\/lottemaa.ee\/#organization","name":"Lottemaa Teemapark","url":"https:\/\/lottemaa.ee\/","logo":{"@type":"ImageObject","inLanguage":"lv-LV","@id":"https:\/\/lottemaa.ee\/#\/schema\/logo\/image\/","url":"https:\/\/lottemaa.ee\/wp-content\/uploads\/2018\/12\/Lottemaa_LOGO.png","contentUrl":"https:\/\/lottemaa.ee\/wp-content\/uploads\/2018\/12\/Lottemaa_LOGO.png","width":1024,"height":518,"caption":"Lottemaa Teemapark"},"image":{"@id":"https:\/\/lottemaa.ee\/#\/schema\/logo\/image\/"}}]}},"_links":{"self":[{"href":"https:\/\/lottemaa.ee\/lv\/wp-json\/wp\/v2\/pages\/24467","targetHints":{"allow":["GET"]}}],"collection":[{"href":"https:\/\/lottemaa.ee\/lv\/wp-json\/wp\/v2\/pages"}],"about":[{"href":"https:\/\/lottemaa.ee\/lv\/wp-json\/wp\/v2\/types\/page"}],"author":[{"embeddable":true,"href":"https:\/\/lottemaa.ee\/lv\/wp-json\/wp\/v2\/users\/7"}],"replies":[{"embeddable":true,"href":"https:\/\/lottemaa.ee\/lv\/wp-json\/wp\/v2\/comments?post=24467"}],"version-history":[{"count":5,"href":"https:\/\/lottemaa.ee\/lv\/wp-json\/wp\/v2\/pages\/24467\/revisions"}],"predecessor-version":[{"id":32601,"href":"https:\/\/lottemaa.ee\/lv\/wp-json\/wp\/v2\/pages\/24467\/revisions\/32601"}],"wp:featuredmedia":[{"embeddable":true,"href":"https:\/\/lottemaa.ee\/lv\/wp-json\/wp\/v2\/media\/25648"}],"wp:attachment":[{"href":"https:\/\/lottemaa.ee\/lv\/wp-json\/wp\/v2\/media?parent=24467"}],"curies":[{"name":"wp","href":"https:\/\/api.w.org\/{rel}","templated":true}]}}