{"id":23420,"date":"2023-08-21T17:09:55","date_gmt":"2023-08-21T14:09:55","guid":{"rendered":"https:\/\/lottemaa.ee\/?page_id=23420"},"modified":"2025-12-09T10:13:25","modified_gmt":"2025-12-09T08:13:25","slug":"lotes-zemes-ziemassvetku-svinibas","status":"publish","type":"page","link":"https:\/\/lottemaa.ee\/lv\/lotes-zemes-ziemassvetku-svinibas\/","title":{"rendered":"Ziemassv\u0113tku svin\u012bbas"},"content":{"rendered":"<p style=\"text-align: left;\"><span style=\"font-family: Troika;\"><strong>Lotes zemes Ziemassv\u0113tku svin\u012bbas &#8211; ma\u0123isk\u0101kais Ziemassv\u0113tku pas\u0101kums visai \u0123imenei Igaunij\u0101!<\/strong><\/span><\/p>\n<h3 style=\"text-align: left;\"><span style=\"color: #0000ff; font-family: Troika;\">13.-14.12. | 20.-21.12. | 26.-30.12. | 02.-04.01. <span style=\"color: #ff0000;\">katru dienu plkst. 15-19<\/span><\/span><\/h3>\n<p style=\"text-align: left;\">Lotes zeme \u0161oziem p\u0101rtaps par \u012bpa\u0161i <strong>ma\u0123isku pasaku valst\u012bbu<\/strong>. Ziemassv\u0113tku zemes v\u0101rtus v\u0113rsim tikai tad, kad vakara kr\u0113sla iet\u012bsies tums\u0101, un Izgudrot\u0101ju ciems k\u0101 ar burvju m\u0101jienu p\u0101rtaps par mistisku un neticami skaistu ziemas br\u012bnumzemi. Izgudrot\u0101ju ciema iedz\u012bvot\u0101ji ir izrot\u0101ju\u0161i savas m\u0101jas un me\u017ea takas ar mirdzo\u0161iem Ziemassv\u0113tku luktur\u012b\u0161iem, lai par\u0101d\u012btu saviem viesiem pavisam citu m\u0113ness skatu un ciema seju!<\/p>\n<p style=\"text-align: left;\">Kop\u0101 vi\u0146i uzst\u0101sies ar p\u0101rsteidzo\u0161\u0101m un aizraujo\u0161\u0101m <strong>Ziemassv\u0113tku izr\u0101d\u0113m<\/strong>, kur netr\u016bks ar\u012b joku un smieklu. B\u016bs ar\u012b ener\u0123isks un izklaid\u0113jo\u0161s ziemas koncerts, kas neatst\u0101s vienaldz\u012bgus pat visattur\u012bg\u0101kos klaus\u012bt\u0101jus!<\/p>\n<p style=\"text-align: left;\">Ja \u0101r\u0101 l\u012bs lietus vai m\u016bs p\u0101rsteigs sals, tad m\u0101ji\u0146\u0101s jebkur\u0101 gad\u012bjum\u0101 b\u016bs silti un pat\u012bkami, k\u0101 ar\u012b vienm\u0113r notiks kas interesants un aizraujo\u0161s.<\/p>\n<h3 style=\"text-align: left;\"><span style=\"color: #0000ff; font-family: Troika;\">PROGRAMM\u0100:<\/span><\/h3>\n<p style=\"text-align: left;\">&#8211; <strong>JAUNUMS!<\/strong> Silts un humoristisks galvenais priek\u0161nesums<br \/>\n&#8211; <strong>JAUNUMS!<\/strong> Nelieli uzvedumi da\u017e\u0101d\u0101s viet\u0101s<br \/>\n&#8211; Koncerts ar labi zin\u0101m\u0101m un jaun\u0101m Izgudrot\u0101ju ciema dziesm\u0101m<br \/>\n&#8211; Tik\u0161an\u0101s ar Izgudrot\u0101ju ciema Ziemassv\u0113tku vec\u012bti Volfgangu<br \/>\n&#8211; L\u012bksmo\u0161an\u0101s un dzied\u0101\u0161ana kop\u0101 ar Loti un vi\u0146as draugiem<br \/>\n&#8211; Ziemas sports kop\u0101 ar Bruno t\u0113ti Mati<br \/>\n&#8211; Piedz\u012bvojumi Izgudrot\u0101ju ciema piedz\u012bvojumu tak\u0101<\/p>\n<p>Apskatiet <strong>PROGRAMMU<\/strong> <a href=\"https:\/\/lottemaa.ee\/lv\/par-lotes-zemi\/lotes-zemes-programma\/\" target=\"_blank\" rel=\"noopener\">\u0161eit \u00bb<\/a><\/p>\n<p style=\"text-align: left;\">Ir atv\u0113rta <strong><a href=\"https:\/\/lottemaa.ee\/lv\/par-lotes-zemi\/lotes-zemes-edinasana\/lotes-zemes-kafejnica\/\">Lotes zemes kafejn\u012bca<\/a><\/strong> un<strong> <a href=\"https:\/\/lottemaa.ee\/lv\/par-lotes-zemi\/lotes-zemes-edinasana\/vecmaminas-pankukas\/\">Annas pank\u016bku<\/a> <\/strong>kafejn\u012bca.<\/p>\n<p style=\"text-align: left;\"><strong><a href=\"https:\/\/lottemaa.ee\/lv\/par-mums\/artura-veikals-suveniri\/\">Art\u016bra veikal\u0101<\/a> <\/strong>var ieg\u0101d\u0101ties jaukas d\u0101vanas un suven\u012brus, kas v\u0113l krietnu laiku atg\u0101din\u0101s par lielisko ziemas dienu Lotes zem\u0113.<\/p>\n<p class=\"v1MsoNormal\" style=\"text-align: left;\"><a href=\"https:\/\/fienta.com\/lv\/lottemaa-joulumaa-2025\"><img loading=\"lazy\" decoding=\"async\" class=\"wp-image-19201 size-full alignnone\" src=\"https:\/\/lottemaa.ee\/wp-content\/uploads\/2023\/01\/osta_pilet_siit_lv.png\" alt=\"\" width=\"376\" height=\"105\" srcset=\"https:\/\/lottemaa.ee\/wp-content\/uploads\/2023\/01\/osta_pilet_siit_lv.png 376w, https:\/\/lottemaa.ee\/wp-content\/uploads\/2023\/01\/osta_pilet_siit_lv-300x84.png 300w, https:\/\/lottemaa.ee\/wp-content\/uploads\/2023\/01\/osta_pilet_siit_lv-114x32.png 114w\" sizes=\"auto, (max-width: 376px) 100vw, 376px\" \/><\/a><\/p>\n<hr \/>\n<p><strong>Skat\u012bt ar\u012b:<\/strong><\/p>\n<ul>\n<li>\u012apa\u0161s pied\u0101v\u0101jums<a href=\"https:\/\/lottemaa.ee\/lv\/ipasie-piedavajumi\/ar-grupu-uz-lotes-zemi\/\"> grup\u0101m \u00bb<\/a><\/li>\n<li>\u012apa\u0161ais pied\u0101v\u0101jums ar <a href=\"https:\/\/clubone.tallink.com\/lv\" target=\"_blank\" rel=\"noopener\">Tallink Latvia<\/a> <strong>Club One<\/strong> <a href=\"https:\/\/lottemaa.ee\/lv\/ipasie-piedavajumi\/club-one-ipasais-piedavajums\/\">karti \u00bb<\/a><\/li>\n<\/ul>\n","protected":false},"excerpt":{"rendered":"<p>Lotes zemes Ziemassv\u0113tku svin\u012bbas &#8211; ma\u0123isk\u0101kais Ziemassv\u0113tku pas\u0101kums visai \u0123imenei Igaunij\u0101! 13.-14.12. | 20.-21.12. | 26.-30.12. | 02.-04.01. katru dienu plkst. 15-19 Lotes zeme \u0161oziem p\u0101rtaps par \u012bpa\u0161i ma\u0123isku pasaku valst\u012bbu. Ziemassv\u0113tku zemes v\u0101rtus v\u0113rsim tikai tad, kad vakara kr\u0113sla iet\u012bsies tums\u0101, un Izgudrot\u0101ju ciems k\u0101 ar burvju m\u0101jienu p\u0101rtaps par mistisku un neticami skaistu &hellip; <a href=\"https:\/\/lottemaa.ee\/lv\/lotes-zemes-ziemassvetku-svinibas\/\">Continued<\/a><\/p>\n","protected":false},"author":11,"featured_media":31073,"parent":0,"menu_order":18,"comment_status":"closed","ping_status":"closed","template":"","meta":{"_acf_changed":false,"om_disable_all_campaigns":false,"_uf_show_specific_survey":0,"_uf_disable_surveys":false,"footnotes":""},"class_list":["post-23420","page","type-page","status-publish","has-post-thumbnail","hentry"],"acf":[],"yoast_head":"<!-- This site is optimized with the Yoast SEO plugin v25.5 - https:\/\/yoast.com\/wordpress\/plugins\/seo\/ -->\n<title>Ziemassv\u0113tku svin\u012bbas | Lottemaa Teemapark<\/title>\n<meta name=\"description\" content=\"Lielisk\u0101kais ZIEMASSV\u0112TKU PAS\u0100KUMS visai\u00a0\u0123imenei ar\u012b\u00a0\u0161ogad b\u016bs LOTES ZEM\u0112! Izgudrot\u0101ju ciems ir p\u0101rv\u0113rties par ziemas pasaku valst\u012bbu.\" \/>\n<meta name=\"robots\" content=\"index, follow, max-snippet:-1, max-image-preview:large, max-video-preview:-1\" \/>\n<link rel=\"canonical\" href=\"https:\/\/lottemaa.ee\/lv\/lotes-zemes-ziemassvetku-svinibas\/\" \/>\n<meta property=\"og:locale\" content=\"lv_LV\" \/>\n<meta property=\"og:type\" content=\"article\" \/>\n<meta property=\"og:title\" content=\"Ziemassv\u0113tku svin\u012bbas | Lottemaa Teemapark\" \/>\n<meta property=\"og:description\" content=\"Lielisk\u0101kais ZIEMASSV\u0112TKU PAS\u0100KUMS visai\u00a0\u0123imenei ar\u012b\u00a0\u0161ogad b\u016bs LOTES ZEM\u0112! Izgudrot\u0101ju ciems ir p\u0101rv\u0113rties par ziemas pasaku valst\u012bbu.\" \/>\n<meta property=\"og:url\" content=\"https:\/\/lottemaa.ee\/lv\/lotes-zemes-ziemassvetku-svinibas\/\" \/>\n<meta property=\"og:site_name\" content=\"Lottemaa Teemapark\" \/>\n<meta property=\"article:modified_time\" content=\"2025-12-09T08:13:25+00:00\" \/>\n<meta property=\"og:image\" content=\"https:\/\/lottemaa.ee\/wp-content\/uploads\/2025\/08\/joulumaa2025_perepaevad_1080x1080.jpg\" \/>\n\t<meta property=\"og:image:width\" content=\"1080\" \/>\n\t<meta property=\"og:image:height\" content=\"1080\" \/>\n\t<meta property=\"og:image:type\" content=\"image\/jpeg\" \/>\n<meta name=\"twitter:card\" content=\"summary_large_image\" \/>\n<meta name=\"twitter:label1\" content=\"Est. reading time\" \/>\n\t<meta name=\"twitter:data1\" content=\"2 min\u016btes\" \/>\n<script type=\"application\/ld+json\" class=\"yoast-schema-graph\">{\"@context\":\"https:\/\/schema.org\",\"@graph\":[{\"@type\":\"WebPage\",\"@id\":\"https:\/\/lottemaa.ee\/lv\/lotes-zemes-ziemassvetku-svinibas\/\",\"url\":\"https:\/\/lottemaa.ee\/lv\/lotes-zemes-ziemassvetku-svinibas\/\",\"name\":\"Ziemassv\u0113tku svin\u012bbas | Lottemaa Teemapark\",\"isPartOf\":{\"@id\":\"https:\/\/lottemaa.ee\/#website\"},\"primaryImageOfPage\":{\"@id\":\"https:\/\/lottemaa.ee\/lv\/lotes-zemes-ziemassvetku-svinibas\/#primaryimage\"},\"image\":{\"@id\":\"https:\/\/lottemaa.ee\/lv\/lotes-zemes-ziemassvetku-svinibas\/#primaryimage\"},\"thumbnailUrl\":\"https:\/\/lottemaa.ee\/wp-content\/uploads\/2025\/08\/joulumaa2025_perepaevad_1080x1080.jpg\",\"datePublished\":\"2023-08-21T14:09:55+00:00\",\"dateModified\":\"2025-12-09T08:13:25+00:00\",\"description\":\"Lielisk\u0101kais ZIEMASSV\u0112TKU PAS\u0100KUMS visai\u00a0\u0123imenei ar\u012b\u00a0\u0161ogad b\u016bs LOTES ZEM\u0112! Izgudrot\u0101ju ciems ir p\u0101rv\u0113rties par ziemas pasaku valst\u012bbu.\",\"breadcrumb\":{\"@id\":\"https:\/\/lottemaa.ee\/lv\/lotes-zemes-ziemassvetku-svinibas\/#breadcrumb\"},\"inLanguage\":\"lv-LV\",\"potentialAction\":[{\"@type\":\"ReadAction\",\"target\":[\"https:\/\/lottemaa.ee\/lv\/lotes-zemes-ziemassvetku-svinibas\/\"]}]},{\"@type\":\"ImageObject\",\"inLanguage\":\"lv-LV\",\"@id\":\"https:\/\/lottemaa.ee\/lv\/lotes-zemes-ziemassvetku-svinibas\/#primaryimage\",\"url\":\"https:\/\/lottemaa.ee\/wp-content\/uploads\/2025\/08\/joulumaa2025_perepaevad_1080x1080.jpg\",\"contentUrl\":\"https:\/\/lottemaa.ee\/wp-content\/uploads\/2025\/08\/joulumaa2025_perepaevad_1080x1080.jpg\",\"width\":1080,\"height\":1080},{\"@type\":\"BreadcrumbList\",\"@id\":\"https:\/\/lottemaa.ee\/lv\/lotes-zemes-ziemassvetku-svinibas\/#breadcrumb\",\"itemListElement\":[{\"@type\":\"ListItem\",\"position\":1,\"name\":\"Home\",\"item\":\"https:\/\/lottemaa.ee\/lv\/\"},{\"@type\":\"ListItem\",\"position\":2,\"name\":\"Ziemassv\u0113tku svin\u012bbas\"}]},{\"@type\":\"WebSite\",\"@id\":\"https:\/\/lottemaa.ee\/#website\",\"url\":\"https:\/\/lottemaa.ee\/\",\"name\":\"Lottemaa Teemapark\",\"description\":\"Baltimaade suurim ja k\u00f5ige \u00e4gedam kogupere teemapark Eestis P\u00e4rnumaal\",\"publisher\":{\"@id\":\"https:\/\/lottemaa.ee\/#organization\"},\"potentialAction\":[{\"@type\":\"SearchAction\",\"target\":{\"@type\":\"EntryPoint\",\"urlTemplate\":\"https:\/\/lottemaa.ee\/?s={search_term_string}\"},\"query-input\":{\"@type\":\"PropertyValueSpecification\",\"valueRequired\":true,\"valueName\":\"search_term_string\"}}],\"inLanguage\":\"lv-LV\"},{\"@type\":\"Organization\",\"@id\":\"https:\/\/lottemaa.ee\/#organization\",\"name\":\"Lottemaa Teemapark\",\"url\":\"https:\/\/lottemaa.ee\/\",\"logo\":{\"@type\":\"ImageObject\",\"inLanguage\":\"lv-LV\",\"@id\":\"https:\/\/lottemaa.ee\/#\/schema\/logo\/image\/\",\"url\":\"https:\/\/lottemaa.ee\/wp-content\/uploads\/2018\/12\/Lottemaa_LOGO.png\",\"contentUrl\":\"https:\/\/lottemaa.ee\/wp-content\/uploads\/2018\/12\/Lottemaa_LOGO.png\",\"width\":1024,\"height\":518,\"caption\":\"Lottemaa Teemapark\"},\"image\":{\"@id\":\"https:\/\/lottemaa.ee\/#\/schema\/logo\/image\/\"}}]}<\/script>\n<!-- \/ Yoast SEO plugin. -->","yoast_head_json":{"title":"Ziemassv\u0113tku svin\u012bbas | Lottemaa Teemapark","description":"Lielisk\u0101kais ZIEMASSV\u0112TKU PAS\u0100KUMS visai\u00a0\u0123imenei ar\u012b\u00a0\u0161ogad b\u016bs LOTES ZEM\u0112! Izgudrot\u0101ju ciems ir p\u0101rv\u0113rties par ziemas pasaku valst\u012bbu.","robots":{"index":"index","follow":"follow","max-snippet":"max-snippet:-1","max-image-preview":"max-image-preview:large","max-video-preview":"max-video-preview:-1"},"canonical":"https:\/\/lottemaa.ee\/lv\/lotes-zemes-ziemassvetku-svinibas\/","og_locale":"lv_LV","og_type":"article","og_title":"Ziemassv\u0113tku svin\u012bbas | Lottemaa Teemapark","og_description":"Lielisk\u0101kais ZIEMASSV\u0112TKU PAS\u0100KUMS visai\u00a0\u0123imenei ar\u012b\u00a0\u0161ogad b\u016bs LOTES ZEM\u0112! Izgudrot\u0101ju ciems ir p\u0101rv\u0113rties par ziemas pasaku valst\u012bbu.","og_url":"https:\/\/lottemaa.ee\/lv\/lotes-zemes-ziemassvetku-svinibas\/","og_site_name":"Lottemaa Teemapark","article_modified_time":"2025-12-09T08:13:25+00:00","og_image":[{"width":1080,"height":1080,"url":"https:\/\/lottemaa.ee\/wp-content\/uploads\/2025\/08\/joulumaa2025_perepaevad_1080x1080.jpg","type":"image\/jpeg"}],"twitter_card":"summary_large_image","twitter_misc":{"Est. reading time":"2 min\u016btes"},"schema":{"@context":"https:\/\/schema.org","@graph":[{"@type":"WebPage","@id":"https:\/\/lottemaa.ee\/lv\/lotes-zemes-ziemassvetku-svinibas\/","url":"https:\/\/lottemaa.ee\/lv\/lotes-zemes-ziemassvetku-svinibas\/","name":"Ziemassv\u0113tku svin\u012bbas | Lottemaa Teemapark","isPartOf":{"@id":"https:\/\/lottemaa.ee\/#website"},"primaryImageOfPage":{"@id":"https:\/\/lottemaa.ee\/lv\/lotes-zemes-ziemassvetku-svinibas\/#primaryimage"},"image":{"@id":"https:\/\/lottemaa.ee\/lv\/lotes-zemes-ziemassvetku-svinibas\/#primaryimage"},"thumbnailUrl":"https:\/\/lottemaa.ee\/wp-content\/uploads\/2025\/08\/joulumaa2025_perepaevad_1080x1080.jpg","datePublished":"2023-08-21T14:09:55+00:00","dateModified":"2025-12-09T08:13:25+00:00","description":"Lielisk\u0101kais ZIEMASSV\u0112TKU PAS\u0100KUMS visai\u00a0\u0123imenei ar\u012b\u00a0\u0161ogad b\u016bs LOTES ZEM\u0112! Izgudrot\u0101ju ciems ir p\u0101rv\u0113rties par ziemas pasaku valst\u012bbu.","breadcrumb":{"@id":"https:\/\/lottemaa.ee\/lv\/lotes-zemes-ziemassvetku-svinibas\/#breadcrumb"},"inLanguage":"lv-LV","potentialAction":[{"@type":"ReadAction","target":["https:\/\/lottemaa.ee\/lv\/lotes-zemes-ziemassvetku-svinibas\/"]}]},{"@type":"ImageObject","inLanguage":"lv-LV","@id":"https:\/\/lottemaa.ee\/lv\/lotes-zemes-ziemassvetku-svinibas\/#primaryimage","url":"https:\/\/lottemaa.ee\/wp-content\/uploads\/2025\/08\/joulumaa2025_perepaevad_1080x1080.jpg","contentUrl":"https:\/\/lottemaa.ee\/wp-content\/uploads\/2025\/08\/joulumaa2025_perepaevad_1080x1080.jpg","width":1080,"height":1080},{"@type":"BreadcrumbList","@id":"https:\/\/lottemaa.ee\/lv\/lotes-zemes-ziemassvetku-svinibas\/#breadcrumb","itemListElement":[{"@type":"ListItem","position":1,"name":"Home","item":"https:\/\/lottemaa.ee\/lv\/"},{"@type":"ListItem","position":2,"name":"Ziemassv\u0113tku svin\u012bbas"}]},{"@type":"WebSite","@id":"https:\/\/lottemaa.ee\/#website","url":"https:\/\/lottemaa.ee\/","name":"Lottemaa Teemapark","description":"Baltimaade suurim ja k\u00f5ige \u00e4gedam kogupere teemapark Eestis P\u00e4rnumaal","publisher":{"@id":"https:\/\/lottemaa.ee\/#organization"},"potentialAction":[{"@type":"SearchAction","target":{"@type":"EntryPoint","urlTemplate":"https:\/\/lottemaa.ee\/?s={search_term_string}"},"query-input":{"@type":"PropertyValueSpecification","valueRequired":true,"valueName":"search_term_string"}}],"inLanguage":"lv-LV"},{"@type":"Organization","@id":"https:\/\/lottemaa.ee\/#organization","name":"Lottemaa Teemapark","url":"https:\/\/lottemaa.ee\/","logo":{"@type":"ImageObject","inLanguage":"lv-LV","@id":"https:\/\/lottemaa.ee\/#\/schema\/logo\/image\/","url":"https:\/\/lottemaa.ee\/wp-content\/uploads\/2018\/12\/Lottemaa_LOGO.png","contentUrl":"https:\/\/lottemaa.ee\/wp-content\/uploads\/2018\/12\/Lottemaa_LOGO.png","width":1024,"height":518,"caption":"Lottemaa Teemapark"},"image":{"@id":"https:\/\/lottemaa.ee\/#\/schema\/logo\/image\/"}}]}},"_links":{"self":[{"href":"https:\/\/lottemaa.ee\/lv\/wp-json\/wp\/v2\/pages\/23420","targetHints":{"allow":["GET"]}}],"collection":[{"href":"https:\/\/lottemaa.ee\/lv\/wp-json\/wp\/v2\/pages"}],"about":[{"href":"https:\/\/lottemaa.ee\/lv\/wp-json\/wp\/v2\/types\/page"}],"author":[{"embeddable":true,"href":"https:\/\/lottemaa.ee\/lv\/wp-json\/wp\/v2\/users\/11"}],"replies":[{"embeddable":true,"href":"https:\/\/lottemaa.ee\/lv\/wp-json\/wp\/v2\/comments?post=23420"}],"version-history":[{"count":5,"href":"https:\/\/lottemaa.ee\/lv\/wp-json\/wp\/v2\/pages\/23420\/revisions"}],"predecessor-version":[{"id":32381,"href":"https:\/\/lottemaa.ee\/lv\/wp-json\/wp\/v2\/pages\/23420\/revisions\/32381"}],"wp:featuredmedia":[{"embeddable":true,"href":"https:\/\/lottemaa.ee\/lv\/wp-json\/wp\/v2\/media\/31073"}],"wp:attachment":[{"href":"https:\/\/lottemaa.ee\/lv\/wp-json\/wp\/v2\/media?parent=23420"}],"curies":[{"name":"wp","href":"https:\/\/api.w.org\/{rel}","templated":true}]}}