{"id":23380,"date":"2023-08-17T10:59:37","date_gmt":"2023-08-17T07:59:37","guid":{"rendered":"https:\/\/lottemaa.ee\/?page_id=23380"},"modified":"2024-11-08T19:02:49","modified_gmt":"2024-11-08T17:02:49","slug":"program","status":"publish","type":"page","link":"https:\/\/lottemaa.ee\/lv\/mobileapp\/program\/","title":{"rendered":"Program"},"content":{"rendered":"<h3 style=\"text-align: left;\"><span style=\"color: #0000ff; font-family: Troika;\">14.-15.12 | 21.-22.12 | 26.-30.12 | 03.-05.01<\/span><br \/>\n<span style=\"color: #0000ff; font-family: Troika;\">katru dienu no 12 l\u012bdz 16<\/span><\/h3>\n<p style=\"text-align: left;\"><strong>12.00 <span style=\"color: #ff0000;\">ATVERAM v\u0101rtus Lotes zemes Ziemassv\u0113tku svin\u012bb\u0101m<\/span><\/strong><br \/>\n<strong>12.15-15.30<span style=\"color: #993366;\"> Za\u0137u m\u0101jas planet\u0101rijs:<\/span><\/strong> Audio un vizu\u0101lais ce\u013cojums kosmos\u0101 (igau\u0146u, krievu, ang\u013cu, latvie\u0161u)<br \/>\n<strong>12.15<\/strong> <span style=\"color: #0000ff;\"><strong>Stadions:<\/strong><\/span> Mati un Benitas ziemas sporta sp\u0113les<br \/>\n<strong>12.30<\/strong> <span style=\"color: #0000ff;\"><strong>Stadions:<\/strong><\/span> Mati ziemas maratons<br \/>\n<strong>13.00<\/strong> <strong><span style=\"color: #008000;\">Klausa ce\u013cojumu laukums: <\/span>Izr\u0101de \u201eVien\u012bgais b\u0113rns\u201c<\/strong><br \/>\n<strong>13.30<\/strong> <span style=\"color: #ff00ff;\"><strong>Gadatirgus laukums:<\/strong><\/span> Lote, Bruno un Alberts, k\u0101 ar\u012b citi ciema iem\u012btnieki rota\u013c\u0101jas kop\u0101 ar b\u0113rniem<br \/>\n<strong>14.00<\/strong> <strong><span style=\"color: #ff6600;\">D\u017eovanni te\u0101tris: <\/span>Izr\u0101de \u201cIzgudrot\u0101ju istaba\u201d<\/strong><br \/>\n<strong>14.40<\/strong> <strong><span style=\"color: #ff00ff;\">Gadatirgus laukums: <\/span>KONCERTS<\/strong><br \/>\n<strong>15.15<\/strong> <span style=\"color: #33cccc;\"><strong>Aves polikl\u012bnika:<\/strong><\/span> <strong>Izr\u0101de \u201eSniegav\u012bri pie dakteres\u201c<\/strong><br \/>\n<strong>15.45<\/strong> <span style=\"color: #800000;\"><strong>Mu\u0161as J\u0101ka m\u0101ja:<\/strong> <\/span>Ziemassv\u0113tku k\u0146ada Izgudrot\u0101ju ciem\u0101 Ziemassv\u0113tku tru\u0161a Volfganga vad\u012bb\u0101!<br \/>\n<strong>16.00 <span style=\"color: #ff0000;\">Pavad\u0101m viesus m\u0101j\u0101s un AIZVERAM Ziemassv\u0113tku svin\u012bbu v\u0101rtus<\/span><\/strong><\/p>\n","protected":false},"excerpt":{"rendered":"<p>14.-15.12 | 21.-22.12 | 26.-30.12 | 03.-05.01 katru dienu no 12 l\u012bdz 16 12.00 ATVERAM v\u0101rtus Lotes zemes Ziemassv\u0113tku svin\u012bb\u0101m 12.15-15.30 Za\u0137u m\u0101jas planet\u0101rijs: Audio un vizu\u0101lais ce\u013cojums kosmos\u0101 (igau\u0146u, krievu, ang\u013cu, latvie\u0161u) 12.15 Stadions: Mati un Benitas ziemas sporta sp\u0113les 12.30 Stadions: Mati ziemas maratons 13.00 Klausa ce\u013cojumu laukums: Izr\u0101de \u201eVien\u012bgais b\u0113rns\u201c 13.30 Gadatirgus &hellip; <a href=\"https:\/\/lottemaa.ee\/lv\/mobileapp\/program\/\">Continued<\/a><\/p>\n","protected":false},"author":11,"featured_media":0,"parent":23371,"menu_order":71,"comment_status":"closed","ping_status":"closed","template":"","meta":{"_acf_changed":false,"om_disable_all_campaigns":false,"_uf_show_specific_survey":0,"_uf_disable_surveys":false,"footnotes":""},"class_list":["post-23380","page","type-page","status-publish","hentry"],"acf":[],"yoast_head":"<!-- This site is optimized with the Yoast SEO plugin v25.5 - https:\/\/yoast.com\/wordpress\/plugins\/seo\/ -->\n<title>Program | Lottemaa Teemapark<\/title>\n<meta name=\"robots\" content=\"index, follow, max-snippet:-1, max-image-preview:large, max-video-preview:-1\" \/>\n<link rel=\"canonical\" href=\"https:\/\/lottemaa.ee\/lv\/mobileapp\/program\/\" \/>\n<meta property=\"og:locale\" content=\"lv_LV\" \/>\n<meta property=\"og:type\" content=\"article\" \/>\n<meta property=\"og:title\" content=\"Program | Lottemaa Teemapark\" \/>\n<meta property=\"og:description\" content=\"14.-15.12 | 21.-22.12 | 26.-30.12 | 03.-05.01 katru dienu no 12 l\u012bdz 16 12.00 ATVERAM v\u0101rtus Lotes zemes Ziemassv\u0113tku svin\u012bb\u0101m 12.15-15.30 Za\u0137u m\u0101jas planet\u0101rijs: Audio un vizu\u0101lais ce\u013cojums kosmos\u0101 (igau\u0146u, krievu, ang\u013cu, latvie\u0161u) 12.15 Stadions: Mati un Benitas ziemas sporta sp\u0113les 12.30 Stadions: Mati ziemas maratons 13.00 Klausa ce\u013cojumu laukums: Izr\u0101de \u201eVien\u012bgais b\u0113rns\u201c 13.30 Gadatirgus &hellip; Continued\" \/>\n<meta property=\"og:url\" content=\"https:\/\/lottemaa.ee\/lv\/mobileapp\/program\/\" \/>\n<meta property=\"og:site_name\" content=\"Lottemaa Teemapark\" \/>\n<meta property=\"article:modified_time\" content=\"2024-11-08T17:02:49+00:00\" \/>\n<meta name=\"twitter:card\" content=\"summary_large_image\" \/>\n<meta name=\"twitter:label1\" content=\"Est. reading time\" \/>\n\t<meta name=\"twitter:data1\" content=\"1 min\u016b\u0161u\" \/>\n<script type=\"application\/ld+json\" class=\"yoast-schema-graph\">{\"@context\":\"https:\/\/schema.org\",\"@graph\":[{\"@type\":\"WebPage\",\"@id\":\"https:\/\/lottemaa.ee\/lv\/mobileapp\/program\/\",\"url\":\"https:\/\/lottemaa.ee\/lv\/mobileapp\/program\/\",\"name\":\"Program | Lottemaa Teemapark\",\"isPartOf\":{\"@id\":\"https:\/\/lottemaa.ee\/#website\"},\"datePublished\":\"2023-08-17T07:59:37+00:00\",\"dateModified\":\"2024-11-08T17:02:49+00:00\",\"breadcrumb\":{\"@id\":\"https:\/\/lottemaa.ee\/lv\/mobileapp\/program\/#breadcrumb\"},\"inLanguage\":\"lv-LV\",\"potentialAction\":[{\"@type\":\"ReadAction\",\"target\":[\"https:\/\/lottemaa.ee\/lv\/mobileapp\/program\/\"]}]},{\"@type\":\"BreadcrumbList\",\"@id\":\"https:\/\/lottemaa.ee\/lv\/mobileapp\/program\/#breadcrumb\",\"itemListElement\":[{\"@type\":\"ListItem\",\"position\":1,\"name\":\"Home\",\"item\":\"https:\/\/lottemaa.ee\/lv\/\"},{\"@type\":\"ListItem\",\"position\":2,\"name\":\"Mobileapp\",\"item\":\"https:\/\/lottemaa.ee\/lv\/mobileapp\/\"},{\"@type\":\"ListItem\",\"position\":3,\"name\":\"Program\"}]},{\"@type\":\"WebSite\",\"@id\":\"https:\/\/lottemaa.ee\/#website\",\"url\":\"https:\/\/lottemaa.ee\/\",\"name\":\"Lottemaa Teemapark\",\"description\":\"Baltimaade suurim ja k\u00f5ige \u00e4gedam kogupere teemapark Eestis P\u00e4rnumaal\",\"publisher\":{\"@id\":\"https:\/\/lottemaa.ee\/#organization\"},\"potentialAction\":[{\"@type\":\"SearchAction\",\"target\":{\"@type\":\"EntryPoint\",\"urlTemplate\":\"https:\/\/lottemaa.ee\/?s={search_term_string}\"},\"query-input\":{\"@type\":\"PropertyValueSpecification\",\"valueRequired\":true,\"valueName\":\"search_term_string\"}}],\"inLanguage\":\"lv-LV\"},{\"@type\":\"Organization\",\"@id\":\"https:\/\/lottemaa.ee\/#organization\",\"name\":\"Lottemaa Teemapark\",\"url\":\"https:\/\/lottemaa.ee\/\",\"logo\":{\"@type\":\"ImageObject\",\"inLanguage\":\"lv-LV\",\"@id\":\"https:\/\/lottemaa.ee\/#\/schema\/logo\/image\/\",\"url\":\"https:\/\/lottemaa.ee\/wp-content\/uploads\/2018\/12\/Lottemaa_LOGO.png\",\"contentUrl\":\"https:\/\/lottemaa.ee\/wp-content\/uploads\/2018\/12\/Lottemaa_LOGO.png\",\"width\":1024,\"height\":518,\"caption\":\"Lottemaa Teemapark\"},\"image\":{\"@id\":\"https:\/\/lottemaa.ee\/#\/schema\/logo\/image\/\"}}]}<\/script>\n<!-- \/ Yoast SEO plugin. -->","yoast_head_json":{"title":"Program | Lottemaa Teemapark","robots":{"index":"index","follow":"follow","max-snippet":"max-snippet:-1","max-image-preview":"max-image-preview:large","max-video-preview":"max-video-preview:-1"},"canonical":"https:\/\/lottemaa.ee\/lv\/mobileapp\/program\/","og_locale":"lv_LV","og_type":"article","og_title":"Program | Lottemaa Teemapark","og_description":"14.-15.12 | 21.-22.12 | 26.-30.12 | 03.-05.01 katru dienu no 12 l\u012bdz 16 12.00 ATVERAM v\u0101rtus Lotes zemes Ziemassv\u0113tku svin\u012bb\u0101m 12.15-15.30 Za\u0137u m\u0101jas planet\u0101rijs: Audio un vizu\u0101lais ce\u013cojums kosmos\u0101 (igau\u0146u, krievu, ang\u013cu, latvie\u0161u) 12.15 Stadions: Mati un Benitas ziemas sporta sp\u0113les 12.30 Stadions: Mati ziemas maratons 13.00 Klausa ce\u013cojumu laukums: Izr\u0101de \u201eVien\u012bgais b\u0113rns\u201c 13.30 Gadatirgus &hellip; Continued","og_url":"https:\/\/lottemaa.ee\/lv\/mobileapp\/program\/","og_site_name":"Lottemaa Teemapark","article_modified_time":"2024-11-08T17:02:49+00:00","twitter_card":"summary_large_image","twitter_misc":{"Est. reading time":"1 min\u016b\u0161u"},"schema":{"@context":"https:\/\/schema.org","@graph":[{"@type":"WebPage","@id":"https:\/\/lottemaa.ee\/lv\/mobileapp\/program\/","url":"https:\/\/lottemaa.ee\/lv\/mobileapp\/program\/","name":"Program | Lottemaa Teemapark","isPartOf":{"@id":"https:\/\/lottemaa.ee\/#website"},"datePublished":"2023-08-17T07:59:37+00:00","dateModified":"2024-11-08T17:02:49+00:00","breadcrumb":{"@id":"https:\/\/lottemaa.ee\/lv\/mobileapp\/program\/#breadcrumb"},"inLanguage":"lv-LV","potentialAction":[{"@type":"ReadAction","target":["https:\/\/lottemaa.ee\/lv\/mobileapp\/program\/"]}]},{"@type":"BreadcrumbList","@id":"https:\/\/lottemaa.ee\/lv\/mobileapp\/program\/#breadcrumb","itemListElement":[{"@type":"ListItem","position":1,"name":"Home","item":"https:\/\/lottemaa.ee\/lv\/"},{"@type":"ListItem","position":2,"name":"Mobileapp","item":"https:\/\/lottemaa.ee\/lv\/mobileapp\/"},{"@type":"ListItem","position":3,"name":"Program"}]},{"@type":"WebSite","@id":"https:\/\/lottemaa.ee\/#website","url":"https:\/\/lottemaa.ee\/","name":"Lottemaa Teemapark","description":"Baltimaade suurim ja k\u00f5ige \u00e4gedam kogupere teemapark Eestis P\u00e4rnumaal","publisher":{"@id":"https:\/\/lottemaa.ee\/#organization"},"potentialAction":[{"@type":"SearchAction","target":{"@type":"EntryPoint","urlTemplate":"https:\/\/lottemaa.ee\/?s={search_term_string}"},"query-input":{"@type":"PropertyValueSpecification","valueRequired":true,"valueName":"search_term_string"}}],"inLanguage":"lv-LV"},{"@type":"Organization","@id":"https:\/\/lottemaa.ee\/#organization","name":"Lottemaa Teemapark","url":"https:\/\/lottemaa.ee\/","logo":{"@type":"ImageObject","inLanguage":"lv-LV","@id":"https:\/\/lottemaa.ee\/#\/schema\/logo\/image\/","url":"https:\/\/lottemaa.ee\/wp-content\/uploads\/2018\/12\/Lottemaa_LOGO.png","contentUrl":"https:\/\/lottemaa.ee\/wp-content\/uploads\/2018\/12\/Lottemaa_LOGO.png","width":1024,"height":518,"caption":"Lottemaa Teemapark"},"image":{"@id":"https:\/\/lottemaa.ee\/#\/schema\/logo\/image\/"}}]}},"_links":{"self":[{"href":"https:\/\/lottemaa.ee\/lv\/wp-json\/wp\/v2\/pages\/23380","targetHints":{"allow":["GET"]}}],"collection":[{"href":"https:\/\/lottemaa.ee\/lv\/wp-json\/wp\/v2\/pages"}],"about":[{"href":"https:\/\/lottemaa.ee\/lv\/wp-json\/wp\/v2\/types\/page"}],"author":[{"embeddable":true,"href":"https:\/\/lottemaa.ee\/lv\/wp-json\/wp\/v2\/users\/11"}],"replies":[{"embeddable":true,"href":"https:\/\/lottemaa.ee\/lv\/wp-json\/wp\/v2\/comments?post=23380"}],"version-history":[{"count":5,"href":"https:\/\/lottemaa.ee\/lv\/wp-json\/wp\/v2\/pages\/23380\/revisions"}],"predecessor-version":[{"id":29085,"href":"https:\/\/lottemaa.ee\/lv\/wp-json\/wp\/v2\/pages\/23380\/revisions\/29085"}],"up":[{"embeddable":true,"href":"https:\/\/lottemaa.ee\/lv\/wp-json\/wp\/v2\/pages\/23371"}],"wp:attachment":[{"href":"https:\/\/lottemaa.ee\/lv\/wp-json\/wp\/v2\/media?parent=23380"}],"curies":[{"name":"wp","href":"https:\/\/api.w.org\/{rel}","templated":true}]}}