{"id":23373,"date":"2023-08-15T13:57:49","date_gmt":"2023-08-15T10:57:49","guid":{"rendered":"https:\/\/lottemaa.ee\/?page_id=23373"},"modified":"2024-11-08T11:22:54","modified_gmt":"2024-11-08T09:22:54","slug":"ticket-information","status":"publish","type":"page","link":"https:\/\/lottemaa.ee\/lv\/mobileapp\/ticket-information\/","title":{"rendered":"Ticket information"},"content":{"rendered":"<div class=\"xdj266r x11i5rnm xat24cr x1mh8g0r x1vvkbs x126k92a\">\n<div dir=\"auto\" style=\"text-align: left;\">\n<table style=\"width: 100%; height: 347px;\" width=\"0\">\n<tbody>\n<tr style=\"height: 20px;\">\n<td style=\"text-align: left; height: 53px; width: 93.0597%;\"><strong>PARAST\u0100 BI\u013bETE<\/strong><br \/>\nBi\u013cete apmekl\u0113t\u0101jam vecum\u0101 no 2 gadiem<\/td>\n<td style=\"height: 20px; width: 6.34328%;\"><strong>23 \u20ac<\/strong><\/td>\n<\/tr>\n<tr style=\"height: 48px;\">\n<td style=\"text-align: left; height: 10px; width: 93.0597%;\"><strong>BEZMAKSAS BI\u013bETE<\/strong><br \/>\nB\u0113rnam vecum\u0101 no 0 l\u012bdz 1 gadam (1 gads iek\u013cauts)<\/td>\n<td style=\"height: 48px; width: 6.34328%;\"><strong>bez maksas<\/strong><\/td>\n<\/tr>\n<tr style=\"height: 48px;\">\n<td style=\"text-align: left; height: 18px; width: 93.0597%;\"><strong>BI\u013bETE AR ATLAIDI PENSION\u0100RAM<\/strong><br \/>\nBi\u013cete ar atlaidi ir sp\u0113k\u0101, uzr\u0101dot pensijas apliec\u012bbu<\/td>\n<td style=\"height: 48px; width: 6.34328%;\"><strong>18 \u20ac<\/strong><\/td>\n<\/tr>\n<tr style=\"height: 36px;\">\n<td style=\"text-align: left; height: 10px; width: 93.0597%;\"><strong>BI\u013bETE PIEAUGU\u0160AJAM AR \u012aPA\u0160\u0100M VAJADZ\u012aB\u0100M<\/strong><br \/>\nBi\u013cete ar atlaidi ir sp\u0113k\u0101, uzr\u0101dot invalidit\u0101tes apliec\u012bbu<\/td>\n<td style=\"height: 36px; width: 6.34328%;\"><strong>17 \u20ac<\/strong><\/td>\n<\/tr>\n<tr style=\"height: 48px;\">\n<td style=\"text-align: left; height: 22px; width: 93.0597%;\"><strong>BI\u013bETE B\u0112RNAM AR \u012aPA\u0160\u0100M VAJADZ\u012aB\u0100M<\/strong><br \/>\nBi\u013cete apmekl\u0113t\u0101jam vecum\u0101 no 2 gadiem<br \/>\nBi\u013cete ar atlaidi ir sp\u0113k\u0101, uzr\u0101dot invalidit\u0101tes apliec\u012bbu<\/td>\n<td style=\"height: 48px; width: 6.34328%;\"><strong>11 \u20ac<\/strong><\/td>\n<\/tr>\n<tr style=\"height: 72px;\">\n<td style=\"text-align: left; height: 22px; width: 93.0597%;\"><strong>BEZMAKSAS BI\u013bETE PERSONAS AR \u012aPA\u0160\u0100M VAJADZ\u012aB\u0100M PAVADONIM<\/strong><br \/>\nPersonas ar \u012bpa\u0161\u0101m vajadz\u012bb\u0101m pavadonim ieeja Lotes zem\u0113 ir bez maksas, ja tas ir par pavadoni personai ar smagas vai \u013coti smagas pak\u0101pes invalidit\u0101ti, kurai tematisk\u0101 parka apmekl\u0113juma laik\u0101 ir nepiecie\u0161ama pavado\u0146a pal\u012bdz\u012bba. Bi\u013cete ar atlaidi ir sp\u0113k\u0101, uzr\u0101dot invalidit\u0101tes apliec\u012bbu<\/td>\n<td style=\"height: 72px; width: 6.34328%;\"><strong>bez maksas<\/strong><\/td>\n<\/tr>\n<tr style=\"height: 24px;\">\n<td style=\"text-align: left; height: 24px; width: 93.0597%;\"><strong>ST\u0100VVIETAS BI\u013bETE<\/strong><br \/>\nVienam transportl\u012bdzeklim uz visu dienu.<br \/>\nApmaksa Snabb mobilaj\u0101 aplik\u0101cij\u0101 (tiek pieskait\u012bta maks\u0101jumu komisijas maksa 0,20 \u20ac) vai uz vietas Lotes zemes kas\u0113s<\/td>\n<td style=\"height: 24px; width: 6.34328%;\"><strong>3 \u20ac<\/strong><\/td>\n<\/tr>\n<tr style=\"height: 24px;\">\n<td style=\"text-align: left; height: 24px; width: 93.0597%;\"><strong>VILCIENA BI\u013bETE<\/strong><br \/>\nVirzien\u0101 no st\u0101vvietas uz ieeju vai no ieejas uz st\u0101vvietu. Bi\u013cete apmekl\u0113t\u0101jam vecum\u0101 no 2 gadiem<\/td>\n<td style=\"height: 24px; width: 6.34328%;\"><strong>2 \u20ac<\/strong><\/td>\n<\/tr>\n<\/tbody>\n<\/table>\n<\/div>\n<\/div>\n","protected":false},"excerpt":{"rendered":"<p>PARAST\u0100 BI\u013bETE Bi\u013cete apmekl\u0113t\u0101jam vecum\u0101 no 2 gadiem 23 \u20ac BEZMAKSAS BI\u013bETE B\u0113rnam vecum\u0101 no 0 l\u012bdz 1 gadam (1 gads iek\u013cauts) bez maksas BI\u013bETE AR ATLAIDI PENSION\u0100RAM Bi\u013cete ar atlaidi ir sp\u0113k\u0101, uzr\u0101dot pensijas apliec\u012bbu 18 \u20ac BI\u013bETE PIEAUGU\u0160AJAM AR \u012aPA\u0160\u0100M VAJADZ\u012aB\u0100M Bi\u013cete ar atlaidi ir sp\u0113k\u0101, uzr\u0101dot invalidit\u0101tes apliec\u012bbu 17 \u20ac BI\u013bETE B\u0112RNAM &hellip; <a href=\"https:\/\/lottemaa.ee\/lv\/mobileapp\/ticket-information\/\">Continued<\/a><\/p>\n","protected":false},"author":11,"featured_media":0,"parent":23371,"menu_order":98,"comment_status":"closed","ping_status":"closed","template":"","meta":{"_acf_changed":false,"om_disable_all_campaigns":false,"_uf_show_specific_survey":0,"_uf_disable_surveys":false,"footnotes":""},"class_list":["post-23373","page","type-page","status-publish","hentry"],"acf":[],"yoast_head":"<!-- This site is optimized with the Yoast SEO plugin v25.5 - https:\/\/yoast.com\/wordpress\/plugins\/seo\/ -->\n<title>Ticket information | Lottemaa Teemapark<\/title>\n<meta name=\"robots\" content=\"index, follow, max-snippet:-1, max-image-preview:large, max-video-preview:-1\" \/>\n<link rel=\"canonical\" href=\"https:\/\/lottemaa.ee\/lv\/mobileapp\/ticket-information\/\" \/>\n<meta property=\"og:locale\" content=\"lv_LV\" \/>\n<meta property=\"og:type\" content=\"article\" \/>\n<meta property=\"og:title\" content=\"Ticket information | Lottemaa Teemapark\" \/>\n<meta property=\"og:description\" content=\"PARAST\u0100 BI\u013bETE Bi\u013cete apmekl\u0113t\u0101jam vecum\u0101 no 2 gadiem 23 \u20ac BEZMAKSAS BI\u013bETE B\u0113rnam vecum\u0101 no 0 l\u012bdz 1 gadam (1 gads iek\u013cauts) bez maksas BI\u013bETE AR ATLAIDI PENSION\u0100RAM Bi\u013cete ar atlaidi ir sp\u0113k\u0101, uzr\u0101dot pensijas apliec\u012bbu 18 \u20ac BI\u013bETE PIEAUGU\u0160AJAM AR \u012aPA\u0160\u0100M VAJADZ\u012aB\u0100M Bi\u013cete ar atlaidi ir sp\u0113k\u0101, uzr\u0101dot invalidit\u0101tes apliec\u012bbu 17 \u20ac BI\u013bETE B\u0112RNAM &hellip; Continued\" \/>\n<meta property=\"og:url\" content=\"https:\/\/lottemaa.ee\/lv\/mobileapp\/ticket-information\/\" \/>\n<meta property=\"og:site_name\" content=\"Lottemaa Teemapark\" \/>\n<meta property=\"article:modified_time\" content=\"2024-11-08T09:22:54+00:00\" \/>\n<meta name=\"twitter:card\" content=\"summary_large_image\" \/>\n<meta name=\"twitter:label1\" content=\"Est. reading time\" \/>\n\t<meta name=\"twitter:data1\" content=\"1 min\u016b\u0161u\" \/>\n<script type=\"application\/ld+json\" class=\"yoast-schema-graph\">{\"@context\":\"https:\/\/schema.org\",\"@graph\":[{\"@type\":\"WebPage\",\"@id\":\"https:\/\/lottemaa.ee\/lv\/mobileapp\/ticket-information\/\",\"url\":\"https:\/\/lottemaa.ee\/lv\/mobileapp\/ticket-information\/\",\"name\":\"Ticket information | Lottemaa Teemapark\",\"isPartOf\":{\"@id\":\"https:\/\/lottemaa.ee\/#website\"},\"datePublished\":\"2023-08-15T10:57:49+00:00\",\"dateModified\":\"2024-11-08T09:22:54+00:00\",\"breadcrumb\":{\"@id\":\"https:\/\/lottemaa.ee\/lv\/mobileapp\/ticket-information\/#breadcrumb\"},\"inLanguage\":\"lv-LV\",\"potentialAction\":[{\"@type\":\"ReadAction\",\"target\":[\"https:\/\/lottemaa.ee\/lv\/mobileapp\/ticket-information\/\"]}]},{\"@type\":\"BreadcrumbList\",\"@id\":\"https:\/\/lottemaa.ee\/lv\/mobileapp\/ticket-information\/#breadcrumb\",\"itemListElement\":[{\"@type\":\"ListItem\",\"position\":1,\"name\":\"Home\",\"item\":\"https:\/\/lottemaa.ee\/lv\/\"},{\"@type\":\"ListItem\",\"position\":2,\"name\":\"Mobileapp\",\"item\":\"https:\/\/lottemaa.ee\/lv\/mobileapp\/\"},{\"@type\":\"ListItem\",\"position\":3,\"name\":\"Ticket information\"}]},{\"@type\":\"WebSite\",\"@id\":\"https:\/\/lottemaa.ee\/#website\",\"url\":\"https:\/\/lottemaa.ee\/\",\"name\":\"Lottemaa Teemapark\",\"description\":\"Baltimaade suurim ja k\u00f5ige \u00e4gedam kogupere teemapark Eestis P\u00e4rnumaal\",\"publisher\":{\"@id\":\"https:\/\/lottemaa.ee\/#organization\"},\"potentialAction\":[{\"@type\":\"SearchAction\",\"target\":{\"@type\":\"EntryPoint\",\"urlTemplate\":\"https:\/\/lottemaa.ee\/?s={search_term_string}\"},\"query-input\":{\"@type\":\"PropertyValueSpecification\",\"valueRequired\":true,\"valueName\":\"search_term_string\"}}],\"inLanguage\":\"lv-LV\"},{\"@type\":\"Organization\",\"@id\":\"https:\/\/lottemaa.ee\/#organization\",\"name\":\"Lottemaa Teemapark\",\"url\":\"https:\/\/lottemaa.ee\/\",\"logo\":{\"@type\":\"ImageObject\",\"inLanguage\":\"lv-LV\",\"@id\":\"https:\/\/lottemaa.ee\/#\/schema\/logo\/image\/\",\"url\":\"https:\/\/lottemaa.ee\/wp-content\/uploads\/2018\/12\/Lottemaa_LOGO.png\",\"contentUrl\":\"https:\/\/lottemaa.ee\/wp-content\/uploads\/2018\/12\/Lottemaa_LOGO.png\",\"width\":1024,\"height\":518,\"caption\":\"Lottemaa Teemapark\"},\"image\":{\"@id\":\"https:\/\/lottemaa.ee\/#\/schema\/logo\/image\/\"}}]}<\/script>\n<!-- \/ Yoast SEO plugin. -->","yoast_head_json":{"title":"Ticket information | Lottemaa Teemapark","robots":{"index":"index","follow":"follow","max-snippet":"max-snippet:-1","max-image-preview":"max-image-preview:large","max-video-preview":"max-video-preview:-1"},"canonical":"https:\/\/lottemaa.ee\/lv\/mobileapp\/ticket-information\/","og_locale":"lv_LV","og_type":"article","og_title":"Ticket information | Lottemaa Teemapark","og_description":"PARAST\u0100 BI\u013bETE Bi\u013cete apmekl\u0113t\u0101jam vecum\u0101 no 2 gadiem 23 \u20ac BEZMAKSAS BI\u013bETE B\u0113rnam vecum\u0101 no 0 l\u012bdz 1 gadam (1 gads iek\u013cauts) bez maksas BI\u013bETE AR ATLAIDI PENSION\u0100RAM Bi\u013cete ar atlaidi ir sp\u0113k\u0101, uzr\u0101dot pensijas apliec\u012bbu 18 \u20ac BI\u013bETE PIEAUGU\u0160AJAM AR \u012aPA\u0160\u0100M VAJADZ\u012aB\u0100M Bi\u013cete ar atlaidi ir sp\u0113k\u0101, uzr\u0101dot invalidit\u0101tes apliec\u012bbu 17 \u20ac BI\u013bETE B\u0112RNAM &hellip; Continued","og_url":"https:\/\/lottemaa.ee\/lv\/mobileapp\/ticket-information\/","og_site_name":"Lottemaa Teemapark","article_modified_time":"2024-11-08T09:22:54+00:00","twitter_card":"summary_large_image","twitter_misc":{"Est. reading time":"1 min\u016b\u0161u"},"schema":{"@context":"https:\/\/schema.org","@graph":[{"@type":"WebPage","@id":"https:\/\/lottemaa.ee\/lv\/mobileapp\/ticket-information\/","url":"https:\/\/lottemaa.ee\/lv\/mobileapp\/ticket-information\/","name":"Ticket information | Lottemaa Teemapark","isPartOf":{"@id":"https:\/\/lottemaa.ee\/#website"},"datePublished":"2023-08-15T10:57:49+00:00","dateModified":"2024-11-08T09:22:54+00:00","breadcrumb":{"@id":"https:\/\/lottemaa.ee\/lv\/mobileapp\/ticket-information\/#breadcrumb"},"inLanguage":"lv-LV","potentialAction":[{"@type":"ReadAction","target":["https:\/\/lottemaa.ee\/lv\/mobileapp\/ticket-information\/"]}]},{"@type":"BreadcrumbList","@id":"https:\/\/lottemaa.ee\/lv\/mobileapp\/ticket-information\/#breadcrumb","itemListElement":[{"@type":"ListItem","position":1,"name":"Home","item":"https:\/\/lottemaa.ee\/lv\/"},{"@type":"ListItem","position":2,"name":"Mobileapp","item":"https:\/\/lottemaa.ee\/lv\/mobileapp\/"},{"@type":"ListItem","position":3,"name":"Ticket information"}]},{"@type":"WebSite","@id":"https:\/\/lottemaa.ee\/#website","url":"https:\/\/lottemaa.ee\/","name":"Lottemaa Teemapark","description":"Baltimaade suurim ja k\u00f5ige \u00e4gedam kogupere teemapark Eestis P\u00e4rnumaal","publisher":{"@id":"https:\/\/lottemaa.ee\/#organization"},"potentialAction":[{"@type":"SearchAction","target":{"@type":"EntryPoint","urlTemplate":"https:\/\/lottemaa.ee\/?s={search_term_string}"},"query-input":{"@type":"PropertyValueSpecification","valueRequired":true,"valueName":"search_term_string"}}],"inLanguage":"lv-LV"},{"@type":"Organization","@id":"https:\/\/lottemaa.ee\/#organization","name":"Lottemaa Teemapark","url":"https:\/\/lottemaa.ee\/","logo":{"@type":"ImageObject","inLanguage":"lv-LV","@id":"https:\/\/lottemaa.ee\/#\/schema\/logo\/image\/","url":"https:\/\/lottemaa.ee\/wp-content\/uploads\/2018\/12\/Lottemaa_LOGO.png","contentUrl":"https:\/\/lottemaa.ee\/wp-content\/uploads\/2018\/12\/Lottemaa_LOGO.png","width":1024,"height":518,"caption":"Lottemaa Teemapark"},"image":{"@id":"https:\/\/lottemaa.ee\/#\/schema\/logo\/image\/"}}]}},"_links":{"self":[{"href":"https:\/\/lottemaa.ee\/lv\/wp-json\/wp\/v2\/pages\/23373","targetHints":{"allow":["GET"]}}],"collection":[{"href":"https:\/\/lottemaa.ee\/lv\/wp-json\/wp\/v2\/pages"}],"about":[{"href":"https:\/\/lottemaa.ee\/lv\/wp-json\/wp\/v2\/types\/page"}],"author":[{"embeddable":true,"href":"https:\/\/lottemaa.ee\/lv\/wp-json\/wp\/v2\/users\/11"}],"replies":[{"embeddable":true,"href":"https:\/\/lottemaa.ee\/lv\/wp-json\/wp\/v2\/comments?post=23373"}],"version-history":[{"count":4,"href":"https:\/\/lottemaa.ee\/lv\/wp-json\/wp\/v2\/pages\/23373\/revisions"}],"predecessor-version":[{"id":29072,"href":"https:\/\/lottemaa.ee\/lv\/wp-json\/wp\/v2\/pages\/23373\/revisions\/29072"}],"up":[{"embeddable":true,"href":"https:\/\/lottemaa.ee\/lv\/wp-json\/wp\/v2\/pages\/23371"}],"wp:attachment":[{"href":"https:\/\/lottemaa.ee\/lv\/wp-json\/wp\/v2\/media?parent=23373"}],"curies":[{"name":"wp","href":"https:\/\/api.w.org\/{rel}","templated":true}]}}