{"id":22849,"date":"2023-07-27T13:05:55","date_gmt":"2023-07-27T10:05:55","guid":{"rendered":"https:\/\/lottemaa.ee\/?page_id=22849"},"modified":"2024-09-25T15:44:36","modified_gmt":"2024-09-25T12:44:36","slug":"plosts","status":"publish","type":"page","link":"https:\/\/lottemaa.ee\/lv\/par-lotes-zemi\/majas-un-nodarbes\/plosts\/","title":{"rendered":"Plosts"},"content":{"rendered":"<p style=\"text-align: left;\">Ar \u0161o plostu Izgudrot\u0101ju ciem\u0101 ierad\u0101s zin\u0101tnieki Karls un Viktors. Jenots Karls un zivs Viktors bija sav\u0101ku\u0161i sen\u0101s tautasdziesmas no visas pasaules, bet, esot j\u016br\u0101, vi\u0146us \u0137\u0113ra p\u0113k\u0161\u0146a s\u0113rga. Lielie \u0137\u012bri bija vi\u0146us aplipin\u0101ju\u0161i ar smieklu mikrobiem, un plosts piest\u0101ja Izgudrot\u0101ju ciema krast\u0101. T\u0101 k\u0101 Dr. Avei ir z\u0101les pret jebkuru slim\u012bbu, pret katru v\u012brusu \u2013 pilieni, un pret katru punu \u2013 ziede, tad, protams, ar\u012b dziesmu p\u0113tnieki sa\u0146\u0113ma \u0101rst\u0113jo\u0161u tinkt\u016bru pret savu kaiti un jau dr\u012bz var\u0113ja turpin\u0101t savu darbu. T\u0101 k\u0101 Izgudrot\u0101ju ciem\u0101 ir \u013coti daudz da\u017e\u0101du dz\u012bvnieku un daudz da\u017e\u0101du kult\u016bru, daudz interesantu dziesmu, k\u0101 ar\u012b da\u017eas no t\u0101m ir no senlaikiem, Karls un Viktors Izgudrot\u0101ju ciem\u0101 palika uz ilg\u0101ku laiku un tad dev\u0101s t\u0101l\u0101k pa cietzemi. Plosts j\u016bras krast\u0101 gaida zin\u0101tniekus atgrie\u017eamies no interesant\u0101s eksped\u012bcijas.<\/p>\n","protected":false},"excerpt":{"rendered":"<p>Ar \u0161o plostu Izgudrot\u0101ju ciem\u0101 ierad\u0101s zin\u0101tnieki Karls un Viktors. Jenots Karls un zivs Viktors bija sav\u0101ku\u0161i sen\u0101s tautasdziesmas no visas pasaules, bet, esot j\u016br\u0101, vi\u0146us \u0137\u0113ra p\u0113k\u0161\u0146a s\u0113rga. Lielie \u0137\u012bri bija vi\u0146us aplipin\u0101ju\u0161i ar smieklu mikrobiem, un plosts piest\u0101ja Izgudrot\u0101ju ciema krast\u0101. T\u0101 k\u0101 Dr. Avei ir z\u0101les pret jebkuru slim\u012bbu, pret katru v\u012brusu &hellip; <a href=\"https:\/\/lottemaa.ee\/lv\/par-lotes-zemi\/majas-un-nodarbes\/plosts\/\">Continued<\/a><\/p>\n","protected":false},"author":11,"featured_media":22839,"parent":1317,"menu_order":619,"comment_status":"closed","ping_status":"closed","template":"","meta":{"_acf_changed":false,"om_disable_all_campaigns":false,"_uf_show_specific_survey":0,"_uf_disable_surveys":false,"footnotes":""},"class_list":["post-22849","page","type-page","status-publish","has-post-thumbnail","hentry"],"acf":[],"yoast_head":"<!-- This site is optimized with the Yoast SEO plugin v25.5 - https:\/\/yoast.com\/wordpress\/plugins\/seo\/ -->\n<title>Plosts | Lottemaa Teemapark<\/title>\n<meta name=\"description\" content=\"Ar \u0161o plostu Izgudrot\u0101ju ciem\u0101 ierad\u0101s zin\u0101tnieki Karls un Viktors. Plosts j\u016bras krast\u0101 gaida zin\u0101tniekus atgrie\u017eamies no interesant\u0101s eksped\u012bcijas.\" \/>\n<meta name=\"robots\" content=\"index, follow, max-snippet:-1, max-image-preview:large, max-video-preview:-1\" \/>\n<link rel=\"canonical\" href=\"https:\/\/lottemaa.ee\/lv\/par-lotes-zemi\/majas-un-nodarbes\/plosts\/\" \/>\n<meta property=\"og:locale\" content=\"lv_LV\" \/>\n<meta property=\"og:type\" content=\"article\" \/>\n<meta property=\"og:title\" content=\"Plosts | Lottemaa Teemapark\" \/>\n<meta property=\"og:description\" content=\"Ar \u0161o plostu Izgudrot\u0101ju ciem\u0101 ierad\u0101s zin\u0101tnieki Karls un Viktors. Plosts j\u016bras krast\u0101 gaida zin\u0101tniekus atgrie\u017eamies no interesant\u0101s eksped\u012bcijas.\" \/>\n<meta property=\"og:url\" content=\"https:\/\/lottemaa.ee\/lv\/par-lotes-zemi\/majas-un-nodarbes\/plosts\/\" \/>\n<meta property=\"og:site_name\" content=\"Lottemaa Teemapark\" \/>\n<meta property=\"article:modified_time\" content=\"2024-09-25T12:44:36+00:00\" \/>\n<meta property=\"og:image\" content=\"https:\/\/lottemaa.ee\/wp-content\/uploads\/2023\/07\/DSC_6243-scaled.jpg\" \/>\n\t<meta property=\"og:image:width\" content=\"2560\" \/>\n\t<meta property=\"og:image:height\" content=\"1696\" \/>\n\t<meta property=\"og:image:type\" content=\"image\/jpeg\" \/>\n<meta name=\"twitter:card\" content=\"summary_large_image\" \/>\n<meta name=\"twitter:label1\" content=\"Est. reading time\" \/>\n\t<meta name=\"twitter:data1\" content=\"1 min\u016b\u0161u\" \/>\n<script type=\"application\/ld+json\" class=\"yoast-schema-graph\">{\"@context\":\"https:\/\/schema.org\",\"@graph\":[{\"@type\":\"WebPage\",\"@id\":\"https:\/\/lottemaa.ee\/lv\/par-lotes-zemi\/majas-un-nodarbes\/plosts\/\",\"url\":\"https:\/\/lottemaa.ee\/lv\/par-lotes-zemi\/majas-un-nodarbes\/plosts\/\",\"name\":\"Plosts | Lottemaa Teemapark\",\"isPartOf\":{\"@id\":\"https:\/\/lottemaa.ee\/#website\"},\"primaryImageOfPage\":{\"@id\":\"https:\/\/lottemaa.ee\/lv\/par-lotes-zemi\/majas-un-nodarbes\/plosts\/#primaryimage\"},\"image\":{\"@id\":\"https:\/\/lottemaa.ee\/lv\/par-lotes-zemi\/majas-un-nodarbes\/plosts\/#primaryimage\"},\"thumbnailUrl\":\"https:\/\/lottemaa.ee\/wp-content\/uploads\/2023\/07\/DSC_6243-scaled.jpg\",\"datePublished\":\"2023-07-27T10:05:55+00:00\",\"dateModified\":\"2024-09-25T12:44:36+00:00\",\"description\":\"Ar \u0161o plostu Izgudrot\u0101ju ciem\u0101 ierad\u0101s zin\u0101tnieki Karls un Viktors. Plosts j\u016bras krast\u0101 gaida zin\u0101tniekus atgrie\u017eamies no interesant\u0101s eksped\u012bcijas.\",\"breadcrumb\":{\"@id\":\"https:\/\/lottemaa.ee\/lv\/par-lotes-zemi\/majas-un-nodarbes\/plosts\/#breadcrumb\"},\"inLanguage\":\"lv-LV\",\"potentialAction\":[{\"@type\":\"ReadAction\",\"target\":[\"https:\/\/lottemaa.ee\/lv\/par-lotes-zemi\/majas-un-nodarbes\/plosts\/\"]}]},{\"@type\":\"ImageObject\",\"inLanguage\":\"lv-LV\",\"@id\":\"https:\/\/lottemaa.ee\/lv\/par-lotes-zemi\/majas-un-nodarbes\/plosts\/#primaryimage\",\"url\":\"https:\/\/lottemaa.ee\/wp-content\/uploads\/2023\/07\/DSC_6243-scaled.jpg\",\"contentUrl\":\"https:\/\/lottemaa.ee\/wp-content\/uploads\/2023\/07\/DSC_6243-scaled.jpg\",\"width\":2560,\"height\":1696},{\"@type\":\"BreadcrumbList\",\"@id\":\"https:\/\/lottemaa.ee\/lv\/par-lotes-zemi\/majas-un-nodarbes\/plosts\/#breadcrumb\",\"itemListElement\":[{\"@type\":\"ListItem\",\"position\":1,\"name\":\"Home\",\"item\":\"https:\/\/lottemaa.ee\/lv\/\"},{\"@type\":\"ListItem\",\"position\":2,\"name\":\"Diena Lotes zem\u0113\",\"item\":\"https:\/\/lottemaa.ee\/lv\/par-lotes-zemi\/\"},{\"@type\":\"ListItem\",\"position\":3,\"name\":\"M\u0101jas un nodarbes\",\"item\":\"https:\/\/lottemaa.ee\/lv\/par-lotes-zemi\/majas-un-nodarbes\/\"},{\"@type\":\"ListItem\",\"position\":4,\"name\":\"Plosts\"}]},{\"@type\":\"WebSite\",\"@id\":\"https:\/\/lottemaa.ee\/#website\",\"url\":\"https:\/\/lottemaa.ee\/\",\"name\":\"Lottemaa Teemapark\",\"description\":\"Baltimaade suurim ja k\u00f5ige \u00e4gedam kogupere teemapark Eestis P\u00e4rnumaal\",\"publisher\":{\"@id\":\"https:\/\/lottemaa.ee\/#organization\"},\"potentialAction\":[{\"@type\":\"SearchAction\",\"target\":{\"@type\":\"EntryPoint\",\"urlTemplate\":\"https:\/\/lottemaa.ee\/?s={search_term_string}\"},\"query-input\":{\"@type\":\"PropertyValueSpecification\",\"valueRequired\":true,\"valueName\":\"search_term_string\"}}],\"inLanguage\":\"lv-LV\"},{\"@type\":\"Organization\",\"@id\":\"https:\/\/lottemaa.ee\/#organization\",\"name\":\"Lottemaa Teemapark\",\"url\":\"https:\/\/lottemaa.ee\/\",\"logo\":{\"@type\":\"ImageObject\",\"inLanguage\":\"lv-LV\",\"@id\":\"https:\/\/lottemaa.ee\/#\/schema\/logo\/image\/\",\"url\":\"https:\/\/lottemaa.ee\/wp-content\/uploads\/2018\/12\/Lottemaa_LOGO.png\",\"contentUrl\":\"https:\/\/lottemaa.ee\/wp-content\/uploads\/2018\/12\/Lottemaa_LOGO.png\",\"width\":1024,\"height\":518,\"caption\":\"Lottemaa Teemapark\"},\"image\":{\"@id\":\"https:\/\/lottemaa.ee\/#\/schema\/logo\/image\/\"}}]}<\/script>\n<!-- \/ Yoast SEO plugin. -->","yoast_head_json":{"title":"Plosts | Lottemaa Teemapark","description":"Ar \u0161o plostu Izgudrot\u0101ju ciem\u0101 ierad\u0101s zin\u0101tnieki Karls un Viktors. Plosts j\u016bras krast\u0101 gaida zin\u0101tniekus atgrie\u017eamies no interesant\u0101s eksped\u012bcijas.","robots":{"index":"index","follow":"follow","max-snippet":"max-snippet:-1","max-image-preview":"max-image-preview:large","max-video-preview":"max-video-preview:-1"},"canonical":"https:\/\/lottemaa.ee\/lv\/par-lotes-zemi\/majas-un-nodarbes\/plosts\/","og_locale":"lv_LV","og_type":"article","og_title":"Plosts | Lottemaa Teemapark","og_description":"Ar \u0161o plostu Izgudrot\u0101ju ciem\u0101 ierad\u0101s zin\u0101tnieki Karls un Viktors. Plosts j\u016bras krast\u0101 gaida zin\u0101tniekus atgrie\u017eamies no interesant\u0101s eksped\u012bcijas.","og_url":"https:\/\/lottemaa.ee\/lv\/par-lotes-zemi\/majas-un-nodarbes\/plosts\/","og_site_name":"Lottemaa Teemapark","article_modified_time":"2024-09-25T12:44:36+00:00","og_image":[{"width":2560,"height":1696,"url":"https:\/\/lottemaa.ee\/wp-content\/uploads\/2023\/07\/DSC_6243-scaled.jpg","type":"image\/jpeg"}],"twitter_card":"summary_large_image","twitter_misc":{"Est. reading time":"1 min\u016b\u0161u"},"schema":{"@context":"https:\/\/schema.org","@graph":[{"@type":"WebPage","@id":"https:\/\/lottemaa.ee\/lv\/par-lotes-zemi\/majas-un-nodarbes\/plosts\/","url":"https:\/\/lottemaa.ee\/lv\/par-lotes-zemi\/majas-un-nodarbes\/plosts\/","name":"Plosts | Lottemaa Teemapark","isPartOf":{"@id":"https:\/\/lottemaa.ee\/#website"},"primaryImageOfPage":{"@id":"https:\/\/lottemaa.ee\/lv\/par-lotes-zemi\/majas-un-nodarbes\/plosts\/#primaryimage"},"image":{"@id":"https:\/\/lottemaa.ee\/lv\/par-lotes-zemi\/majas-un-nodarbes\/plosts\/#primaryimage"},"thumbnailUrl":"https:\/\/lottemaa.ee\/wp-content\/uploads\/2023\/07\/DSC_6243-scaled.jpg","datePublished":"2023-07-27T10:05:55+00:00","dateModified":"2024-09-25T12:44:36+00:00","description":"Ar \u0161o plostu Izgudrot\u0101ju ciem\u0101 ierad\u0101s zin\u0101tnieki Karls un Viktors. Plosts j\u016bras krast\u0101 gaida zin\u0101tniekus atgrie\u017eamies no interesant\u0101s eksped\u012bcijas.","breadcrumb":{"@id":"https:\/\/lottemaa.ee\/lv\/par-lotes-zemi\/majas-un-nodarbes\/plosts\/#breadcrumb"},"inLanguage":"lv-LV","potentialAction":[{"@type":"ReadAction","target":["https:\/\/lottemaa.ee\/lv\/par-lotes-zemi\/majas-un-nodarbes\/plosts\/"]}]},{"@type":"ImageObject","inLanguage":"lv-LV","@id":"https:\/\/lottemaa.ee\/lv\/par-lotes-zemi\/majas-un-nodarbes\/plosts\/#primaryimage","url":"https:\/\/lottemaa.ee\/wp-content\/uploads\/2023\/07\/DSC_6243-scaled.jpg","contentUrl":"https:\/\/lottemaa.ee\/wp-content\/uploads\/2023\/07\/DSC_6243-scaled.jpg","width":2560,"height":1696},{"@type":"BreadcrumbList","@id":"https:\/\/lottemaa.ee\/lv\/par-lotes-zemi\/majas-un-nodarbes\/plosts\/#breadcrumb","itemListElement":[{"@type":"ListItem","position":1,"name":"Home","item":"https:\/\/lottemaa.ee\/lv\/"},{"@type":"ListItem","position":2,"name":"Diena Lotes zem\u0113","item":"https:\/\/lottemaa.ee\/lv\/par-lotes-zemi\/"},{"@type":"ListItem","position":3,"name":"M\u0101jas un nodarbes","item":"https:\/\/lottemaa.ee\/lv\/par-lotes-zemi\/majas-un-nodarbes\/"},{"@type":"ListItem","position":4,"name":"Plosts"}]},{"@type":"WebSite","@id":"https:\/\/lottemaa.ee\/#website","url":"https:\/\/lottemaa.ee\/","name":"Lottemaa Teemapark","description":"Baltimaade suurim ja k\u00f5ige \u00e4gedam kogupere teemapark Eestis P\u00e4rnumaal","publisher":{"@id":"https:\/\/lottemaa.ee\/#organization"},"potentialAction":[{"@type":"SearchAction","target":{"@type":"EntryPoint","urlTemplate":"https:\/\/lottemaa.ee\/?s={search_term_string}"},"query-input":{"@type":"PropertyValueSpecification","valueRequired":true,"valueName":"search_term_string"}}],"inLanguage":"lv-LV"},{"@type":"Organization","@id":"https:\/\/lottemaa.ee\/#organization","name":"Lottemaa Teemapark","url":"https:\/\/lottemaa.ee\/","logo":{"@type":"ImageObject","inLanguage":"lv-LV","@id":"https:\/\/lottemaa.ee\/#\/schema\/logo\/image\/","url":"https:\/\/lottemaa.ee\/wp-content\/uploads\/2018\/12\/Lottemaa_LOGO.png","contentUrl":"https:\/\/lottemaa.ee\/wp-content\/uploads\/2018\/12\/Lottemaa_LOGO.png","width":1024,"height":518,"caption":"Lottemaa Teemapark"},"image":{"@id":"https:\/\/lottemaa.ee\/#\/schema\/logo\/image\/"}}]}},"_links":{"self":[{"href":"https:\/\/lottemaa.ee\/lv\/wp-json\/wp\/v2\/pages\/22849","targetHints":{"allow":["GET"]}}],"collection":[{"href":"https:\/\/lottemaa.ee\/lv\/wp-json\/wp\/v2\/pages"}],"about":[{"href":"https:\/\/lottemaa.ee\/lv\/wp-json\/wp\/v2\/types\/page"}],"author":[{"embeddable":true,"href":"https:\/\/lottemaa.ee\/lv\/wp-json\/wp\/v2\/users\/11"}],"replies":[{"embeddable":true,"href":"https:\/\/lottemaa.ee\/lv\/wp-json\/wp\/v2\/comments?post=22849"}],"version-history":[{"count":1,"href":"https:\/\/lottemaa.ee\/lv\/wp-json\/wp\/v2\/pages\/22849\/revisions"}],"predecessor-version":[{"id":22850,"href":"https:\/\/lottemaa.ee\/lv\/wp-json\/wp\/v2\/pages\/22849\/revisions\/22850"}],"up":[{"embeddable":true,"href":"https:\/\/lottemaa.ee\/lv\/wp-json\/wp\/v2\/pages\/1317"}],"wp:featuredmedia":[{"embeddable":true,"href":"https:\/\/lottemaa.ee\/lv\/wp-json\/wp\/v2\/media\/22839"}],"wp:attachment":[{"href":"https:\/\/lottemaa.ee\/lv\/wp-json\/wp\/v2\/media?parent=22849"}],"curies":[{"name":"wp","href":"https:\/\/api.w.org\/{rel}","templated":true}]}}