{"id":22813,"date":"2023-07-25T09:56:11","date_gmt":"2023-07-25T06:56:11","guid":{"rendered":"https:\/\/lottemaa.ee\/?page_id=22813"},"modified":"2024-09-25T15:48:10","modified_gmt":"2024-09-25T12:48:10","slug":"cimds-paligs","status":"publish","type":"page","link":"https:\/\/lottemaa.ee\/lv\/par-lotes-zemi\/izgudrojumi\/cimds-paligs\/","title":{"rendered":"Cimds-pal\u012bgs"},"content":{"rendered":"<p class=\"v1msonormal\" style=\"text-align: left;\"><span lang=\"LV\">Lotes zemes <strong>LIEL\u0100 IZGUDROJUMU KONKURSA 2023<\/strong> darbs-uzvar\u0113t\u0101js ir p\u0113c <strong>Anni Hansones<\/strong> (7. gadi) idejas \u201c<strong>KREIS\u0100S ROKAS CIMDS\u201d<\/strong> izgatavots izgudrojums.<\/span><\/p>\n<p class=\"v1msonormal\" style=\"text-align: left;\"><span lang=\"LV\">Izgudrojuma autores Annas kreis\u0101 roka nedarbojas. T\u0101d\u0113\u013c vi\u0146a izgudroja cimdu, kas ir p\u0101rkl\u0101ts gan ar magn\u0113tu, gan ar l\u012bplentu, lai ar to var\u0113tu satvert gan m\u012bkst\u0101s rota\u013clietas, gan ar\u012b zobu pastas t\u016bbi\u0146u. Izgudrojums pal\u012bdz rok\u0101 notur\u0113t priek\u0161metus, lai vienlaikus var\u0113tu, piem\u0113ram, uzskr\u016bv\u0113t uzgali zobu pastas t\u016bbi\u0146ai un rota\u013clietai iz\u0137emm\u0113t matus.<\/span><\/p>\n<p class=\"v1msonormal\" style=\"text-align: left;\"><span lang=\"LV\">Mums \u0161eit, Izgudrot\u0101ju ciem\u0101, visiem ir mazliet d\u012bvaina humora izj\u016bta un pasaules uzskati, k\u0101 ar\u012b m\u0113s esam ar sav\u0101m d\u012bvain\u012bb\u0101m un \u012bpatn\u012bb\u0101m, ta\u010du m\u0113s zin\u0101m, ka visa pamat\u0101 ir draudz\u012bba, laipn\u012bba un r\u016bpes vienam par otru! Labest\u012bba padara dz\u012bvi interesant\u0101ku!<\/span><\/p>\n","protected":false},"excerpt":{"rendered":"<p>Lotes zemes LIEL\u0100 IZGUDROJUMU KONKURSA 2023 darbs-uzvar\u0113t\u0101js ir p\u0113c Anni Hansones (7. gadi) idejas \u201cKREIS\u0100S ROKAS CIMDS\u201d izgatavots izgudrojums. Izgudrojuma autores Annas kreis\u0101 roka nedarbojas. T\u0101d\u0113\u013c vi\u0146a izgudroja cimdu, kas ir p\u0101rkl\u0101ts gan ar magn\u0113tu, gan ar l\u012bplentu, lai ar to var\u0113tu satvert gan m\u012bkst\u0101s rota\u013clietas, gan ar\u012b zobu pastas t\u016bbi\u0146u. Izgudrojums pal\u012bdz rok\u0101 notur\u0113t &hellip; <a href=\"https:\/\/lottemaa.ee\/lv\/par-lotes-zemi\/izgudrojumi\/cimds-paligs\/\">Continued<\/a><\/p>\n","protected":false},"author":11,"featured_media":22788,"parent":4256,"menu_order":486,"comment_status":"closed","ping_status":"closed","template":"","meta":{"_acf_changed":false,"om_disable_all_campaigns":false,"_uf_show_specific_survey":0,"_uf_disable_surveys":false,"footnotes":""},"class_list":["post-22813","page","type-page","status-publish","has-post-thumbnail","hentry"],"acf":[],"yoast_head":"<!-- This site is optimized with the Yoast SEO plugin v25.5 - https:\/\/yoast.com\/wordpress\/plugins\/seo\/ -->\n<title>Cimds-pal\u012bgs | Lottemaa Teemapark<\/title>\n<meta name=\"description\" content=\"Izgudrojuma autores Annas kreis\u0101 roka nedarbojas. T\u0101d\u0113\u013c vi\u0146a izgudroja cimdu, kas ir p\u0101rkl\u0101ts gan ar magn\u0113tu, gan ar l\u012bplentu.\" \/>\n<meta name=\"robots\" content=\"index, follow, max-snippet:-1, max-image-preview:large, max-video-preview:-1\" \/>\n<link rel=\"canonical\" href=\"https:\/\/lottemaa.ee\/lv\/par-lotes-zemi\/izgudrojumi\/cimds-paligs\/\" \/>\n<meta property=\"og:locale\" content=\"lv_LV\" \/>\n<meta property=\"og:type\" content=\"article\" \/>\n<meta property=\"og:title\" content=\"Cimds-pal\u012bgs | Lottemaa Teemapark\" \/>\n<meta property=\"og:description\" content=\"Izgudrojuma autores Annas kreis\u0101 roka nedarbojas. T\u0101d\u0113\u013c vi\u0146a izgudroja cimdu, kas ir p\u0101rkl\u0101ts gan ar magn\u0113tu, gan ar l\u012bplentu.\" \/>\n<meta property=\"og:url\" content=\"https:\/\/lottemaa.ee\/lv\/par-lotes-zemi\/izgudrojumi\/cimds-paligs\/\" \/>\n<meta property=\"og:site_name\" content=\"Lottemaa Teemapark\" \/>\n<meta property=\"article:modified_time\" content=\"2024-09-25T12:48:10+00:00\" \/>\n<meta property=\"og:image\" content=\"https:\/\/lottemaa.ee\/wp-content\/uploads\/2023\/07\/354407760_584891510442795_5808800922908521200_n.jpg\" \/>\n\t<meta property=\"og:image:width\" content=\"2048\" \/>\n\t<meta property=\"og:image:height\" content=\"1536\" \/>\n\t<meta property=\"og:image:type\" content=\"image\/jpeg\" \/>\n<meta name=\"twitter:card\" content=\"summary_large_image\" \/>\n<meta name=\"twitter:label1\" content=\"Est. reading time\" \/>\n\t<meta name=\"twitter:data1\" content=\"1 min\u016b\u0161u\" \/>\n<script type=\"application\/ld+json\" class=\"yoast-schema-graph\">{\"@context\":\"https:\/\/schema.org\",\"@graph\":[{\"@type\":\"WebPage\",\"@id\":\"https:\/\/lottemaa.ee\/lv\/par-lotes-zemi\/izgudrojumi\/cimds-paligs\/\",\"url\":\"https:\/\/lottemaa.ee\/lv\/par-lotes-zemi\/izgudrojumi\/cimds-paligs\/\",\"name\":\"Cimds-pal\u012bgs | Lottemaa Teemapark\",\"isPartOf\":{\"@id\":\"https:\/\/lottemaa.ee\/#website\"},\"primaryImageOfPage\":{\"@id\":\"https:\/\/lottemaa.ee\/lv\/par-lotes-zemi\/izgudrojumi\/cimds-paligs\/#primaryimage\"},\"image\":{\"@id\":\"https:\/\/lottemaa.ee\/lv\/par-lotes-zemi\/izgudrojumi\/cimds-paligs\/#primaryimage\"},\"thumbnailUrl\":\"https:\/\/lottemaa.ee\/wp-content\/uploads\/2023\/07\/354407760_584891510442795_5808800922908521200_n.jpg\",\"datePublished\":\"2023-07-25T06:56:11+00:00\",\"dateModified\":\"2024-09-25T12:48:10+00:00\",\"description\":\"Izgudrojuma autores Annas kreis\u0101 roka nedarbojas. T\u0101d\u0113\u013c vi\u0146a izgudroja cimdu, kas ir p\u0101rkl\u0101ts gan ar magn\u0113tu, gan ar l\u012bplentu.\",\"breadcrumb\":{\"@id\":\"https:\/\/lottemaa.ee\/lv\/par-lotes-zemi\/izgudrojumi\/cimds-paligs\/#breadcrumb\"},\"inLanguage\":\"lv-LV\",\"potentialAction\":[{\"@type\":\"ReadAction\",\"target\":[\"https:\/\/lottemaa.ee\/lv\/par-lotes-zemi\/izgudrojumi\/cimds-paligs\/\"]}]},{\"@type\":\"ImageObject\",\"inLanguage\":\"lv-LV\",\"@id\":\"https:\/\/lottemaa.ee\/lv\/par-lotes-zemi\/izgudrojumi\/cimds-paligs\/#primaryimage\",\"url\":\"https:\/\/lottemaa.ee\/wp-content\/uploads\/2023\/07\/354407760_584891510442795_5808800922908521200_n.jpg\",\"contentUrl\":\"https:\/\/lottemaa.ee\/wp-content\/uploads\/2023\/07\/354407760_584891510442795_5808800922908521200_n.jpg\",\"width\":2048,\"height\":1536},{\"@type\":\"BreadcrumbList\",\"@id\":\"https:\/\/lottemaa.ee\/lv\/par-lotes-zemi\/izgudrojumi\/cimds-paligs\/#breadcrumb\",\"itemListElement\":[{\"@type\":\"ListItem\",\"position\":1,\"name\":\"Home\",\"item\":\"https:\/\/lottemaa.ee\/lv\/\"},{\"@type\":\"ListItem\",\"position\":2,\"name\":\"Diena Lotes zem\u0113\",\"item\":\"https:\/\/lottemaa.ee\/lv\/par-lotes-zemi\/\"},{\"@type\":\"ListItem\",\"position\":3,\"name\":\"IZGUDROJUMI\",\"item\":\"https:\/\/lottemaa.ee\/lv\/par-lotes-zemi\/izgudrojumi\/\"},{\"@type\":\"ListItem\",\"position\":4,\"name\":\"Cimds-pal\u012bgs\"}]},{\"@type\":\"WebSite\",\"@id\":\"https:\/\/lottemaa.ee\/#website\",\"url\":\"https:\/\/lottemaa.ee\/\",\"name\":\"Lottemaa Teemapark\",\"description\":\"Baltimaade suurim ja k\u00f5ige \u00e4gedam kogupere teemapark Eestis P\u00e4rnumaal\",\"publisher\":{\"@id\":\"https:\/\/lottemaa.ee\/#organization\"},\"potentialAction\":[{\"@type\":\"SearchAction\",\"target\":{\"@type\":\"EntryPoint\",\"urlTemplate\":\"https:\/\/lottemaa.ee\/?s={search_term_string}\"},\"query-input\":{\"@type\":\"PropertyValueSpecification\",\"valueRequired\":true,\"valueName\":\"search_term_string\"}}],\"inLanguage\":\"lv-LV\"},{\"@type\":\"Organization\",\"@id\":\"https:\/\/lottemaa.ee\/#organization\",\"name\":\"Lottemaa Teemapark\",\"url\":\"https:\/\/lottemaa.ee\/\",\"logo\":{\"@type\":\"ImageObject\",\"inLanguage\":\"lv-LV\",\"@id\":\"https:\/\/lottemaa.ee\/#\/schema\/logo\/image\/\",\"url\":\"https:\/\/lottemaa.ee\/wp-content\/uploads\/2018\/12\/Lottemaa_LOGO.png\",\"contentUrl\":\"https:\/\/lottemaa.ee\/wp-content\/uploads\/2018\/12\/Lottemaa_LOGO.png\",\"width\":1024,\"height\":518,\"caption\":\"Lottemaa Teemapark\"},\"image\":{\"@id\":\"https:\/\/lottemaa.ee\/#\/schema\/logo\/image\/\"}}]}<\/script>\n<!-- \/ Yoast SEO plugin. -->","yoast_head_json":{"title":"Cimds-pal\u012bgs | Lottemaa Teemapark","description":"Izgudrojuma autores Annas kreis\u0101 roka nedarbojas. T\u0101d\u0113\u013c vi\u0146a izgudroja cimdu, kas ir p\u0101rkl\u0101ts gan ar magn\u0113tu, gan ar l\u012bplentu.","robots":{"index":"index","follow":"follow","max-snippet":"max-snippet:-1","max-image-preview":"max-image-preview:large","max-video-preview":"max-video-preview:-1"},"canonical":"https:\/\/lottemaa.ee\/lv\/par-lotes-zemi\/izgudrojumi\/cimds-paligs\/","og_locale":"lv_LV","og_type":"article","og_title":"Cimds-pal\u012bgs | Lottemaa Teemapark","og_description":"Izgudrojuma autores Annas kreis\u0101 roka nedarbojas. T\u0101d\u0113\u013c vi\u0146a izgudroja cimdu, kas ir p\u0101rkl\u0101ts gan ar magn\u0113tu, gan ar l\u012bplentu.","og_url":"https:\/\/lottemaa.ee\/lv\/par-lotes-zemi\/izgudrojumi\/cimds-paligs\/","og_site_name":"Lottemaa Teemapark","article_modified_time":"2024-09-25T12:48:10+00:00","og_image":[{"width":2048,"height":1536,"url":"https:\/\/lottemaa.ee\/wp-content\/uploads\/2023\/07\/354407760_584891510442795_5808800922908521200_n.jpg","type":"image\/jpeg"}],"twitter_card":"summary_large_image","twitter_misc":{"Est. reading time":"1 min\u016b\u0161u"},"schema":{"@context":"https:\/\/schema.org","@graph":[{"@type":"WebPage","@id":"https:\/\/lottemaa.ee\/lv\/par-lotes-zemi\/izgudrojumi\/cimds-paligs\/","url":"https:\/\/lottemaa.ee\/lv\/par-lotes-zemi\/izgudrojumi\/cimds-paligs\/","name":"Cimds-pal\u012bgs | Lottemaa Teemapark","isPartOf":{"@id":"https:\/\/lottemaa.ee\/#website"},"primaryImageOfPage":{"@id":"https:\/\/lottemaa.ee\/lv\/par-lotes-zemi\/izgudrojumi\/cimds-paligs\/#primaryimage"},"image":{"@id":"https:\/\/lottemaa.ee\/lv\/par-lotes-zemi\/izgudrojumi\/cimds-paligs\/#primaryimage"},"thumbnailUrl":"https:\/\/lottemaa.ee\/wp-content\/uploads\/2023\/07\/354407760_584891510442795_5808800922908521200_n.jpg","datePublished":"2023-07-25T06:56:11+00:00","dateModified":"2024-09-25T12:48:10+00:00","description":"Izgudrojuma autores Annas kreis\u0101 roka nedarbojas. T\u0101d\u0113\u013c vi\u0146a izgudroja cimdu, kas ir p\u0101rkl\u0101ts gan ar magn\u0113tu, gan ar l\u012bplentu.","breadcrumb":{"@id":"https:\/\/lottemaa.ee\/lv\/par-lotes-zemi\/izgudrojumi\/cimds-paligs\/#breadcrumb"},"inLanguage":"lv-LV","potentialAction":[{"@type":"ReadAction","target":["https:\/\/lottemaa.ee\/lv\/par-lotes-zemi\/izgudrojumi\/cimds-paligs\/"]}]},{"@type":"ImageObject","inLanguage":"lv-LV","@id":"https:\/\/lottemaa.ee\/lv\/par-lotes-zemi\/izgudrojumi\/cimds-paligs\/#primaryimage","url":"https:\/\/lottemaa.ee\/wp-content\/uploads\/2023\/07\/354407760_584891510442795_5808800922908521200_n.jpg","contentUrl":"https:\/\/lottemaa.ee\/wp-content\/uploads\/2023\/07\/354407760_584891510442795_5808800922908521200_n.jpg","width":2048,"height":1536},{"@type":"BreadcrumbList","@id":"https:\/\/lottemaa.ee\/lv\/par-lotes-zemi\/izgudrojumi\/cimds-paligs\/#breadcrumb","itemListElement":[{"@type":"ListItem","position":1,"name":"Home","item":"https:\/\/lottemaa.ee\/lv\/"},{"@type":"ListItem","position":2,"name":"Diena Lotes zem\u0113","item":"https:\/\/lottemaa.ee\/lv\/par-lotes-zemi\/"},{"@type":"ListItem","position":3,"name":"IZGUDROJUMI","item":"https:\/\/lottemaa.ee\/lv\/par-lotes-zemi\/izgudrojumi\/"},{"@type":"ListItem","position":4,"name":"Cimds-pal\u012bgs"}]},{"@type":"WebSite","@id":"https:\/\/lottemaa.ee\/#website","url":"https:\/\/lottemaa.ee\/","name":"Lottemaa Teemapark","description":"Baltimaade suurim ja k\u00f5ige \u00e4gedam kogupere teemapark Eestis P\u00e4rnumaal","publisher":{"@id":"https:\/\/lottemaa.ee\/#organization"},"potentialAction":[{"@type":"SearchAction","target":{"@type":"EntryPoint","urlTemplate":"https:\/\/lottemaa.ee\/?s={search_term_string}"},"query-input":{"@type":"PropertyValueSpecification","valueRequired":true,"valueName":"search_term_string"}}],"inLanguage":"lv-LV"},{"@type":"Organization","@id":"https:\/\/lottemaa.ee\/#organization","name":"Lottemaa Teemapark","url":"https:\/\/lottemaa.ee\/","logo":{"@type":"ImageObject","inLanguage":"lv-LV","@id":"https:\/\/lottemaa.ee\/#\/schema\/logo\/image\/","url":"https:\/\/lottemaa.ee\/wp-content\/uploads\/2018\/12\/Lottemaa_LOGO.png","contentUrl":"https:\/\/lottemaa.ee\/wp-content\/uploads\/2018\/12\/Lottemaa_LOGO.png","width":1024,"height":518,"caption":"Lottemaa Teemapark"},"image":{"@id":"https:\/\/lottemaa.ee\/#\/schema\/logo\/image\/"}}]}},"_links":{"self":[{"href":"https:\/\/lottemaa.ee\/lv\/wp-json\/wp\/v2\/pages\/22813","targetHints":{"allow":["GET"]}}],"collection":[{"href":"https:\/\/lottemaa.ee\/lv\/wp-json\/wp\/v2\/pages"}],"about":[{"href":"https:\/\/lottemaa.ee\/lv\/wp-json\/wp\/v2\/types\/page"}],"author":[{"embeddable":true,"href":"https:\/\/lottemaa.ee\/lv\/wp-json\/wp\/v2\/users\/11"}],"replies":[{"embeddable":true,"href":"https:\/\/lottemaa.ee\/lv\/wp-json\/wp\/v2\/comments?post=22813"}],"version-history":[{"count":1,"href":"https:\/\/lottemaa.ee\/lv\/wp-json\/wp\/v2\/pages\/22813\/revisions"}],"predecessor-version":[{"id":22814,"href":"https:\/\/lottemaa.ee\/lv\/wp-json\/wp\/v2\/pages\/22813\/revisions\/22814"}],"up":[{"embeddable":true,"href":"https:\/\/lottemaa.ee\/lv\/wp-json\/wp\/v2\/pages\/4256"}],"wp:featuredmedia":[{"embeddable":true,"href":"https:\/\/lottemaa.ee\/lv\/wp-json\/wp\/v2\/media\/22788"}],"wp:attachment":[{"href":"https:\/\/lottemaa.ee\/lv\/wp-json\/wp\/v2\/media?parent=22813"}],"curies":[{"name":"wp","href":"https:\/\/api.w.org\/{rel}","templated":true}]}}