{"id":22796,"date":"2023-07-23T13:14:12","date_gmt":"2023-07-23T10:14:12","guid":{"rendered":"https:\/\/lottemaa.ee\/?page_id=22796"},"modified":"2024-11-05T10:36:24","modified_gmt":"2024-11-05T08:36:24","slug":"lotes-zemes-karte","status":"publish","type":"page","link":"https:\/\/lottemaa.ee\/lv\/par-lotes-zemi\/lotes-zemes-karte\/","title":{"rendered":"LOTES ZEMES KARTE"},"content":{"rendered":"<p><img loading=\"lazy\" decoding=\"async\" class=\"alignright size-full wp-image-26657\" src=\"https:\/\/lottemaa.ee\/wp-content\/uploads\/2024\/06\/kaart.kodukas.lv_.png\" alt=\"\" width=\"2551\" height=\"3578\" \/><\/p>\n","protected":false},"excerpt":{"rendered":"","protected":false},"author":11,"featured_media":25159,"parent":585,"menu_order":333,"comment_status":"closed","ping_status":"closed","template":"","meta":{"_acf_changed":false,"om_disable_all_campaigns":false,"_uf_show_specific_survey":0,"_uf_disable_surveys":false,"footnotes":""},"class_list":["post-22796","page","type-page","status-publish","has-post-thumbnail","hentry"],"acf":[],"yoast_head":"<!-- This site is optimized with the Yoast SEO plugin v25.5 - https:\/\/yoast.com\/wordpress\/plugins\/seo\/ -->\n<title>LOTES ZEMES KARTE | Lottemaa Teemapark<\/title>\n<meta name=\"description\" content=\"Lai atvieglotu p\u0101rvieto\u0161anos, esam izveidoju\u0161i Lottemaa karti. Apskatiet m\u016bsu m\u0101ju un aktivit\u0101\u0161u atra\u0161an\u0101s vietas. \u0160eit ir daudz ko atkl\u0101t!\" \/>\n<meta name=\"robots\" content=\"index, follow, max-snippet:-1, max-image-preview:large, max-video-preview:-1\" \/>\n<link rel=\"canonical\" href=\"https:\/\/lottemaa.ee\/lv\/par-lotes-zemi\/lotes-zemes-karte\/\" \/>\n<meta property=\"og:locale\" content=\"lv_LV\" \/>\n<meta property=\"og:type\" content=\"article\" \/>\n<meta property=\"og:title\" content=\"LOTES ZEMES KARTE | Lottemaa Teemapark\" \/>\n<meta property=\"og:description\" content=\"Lai atvieglotu p\u0101rvieto\u0161anos, esam izveidoju\u0161i Lottemaa karti. Apskatiet m\u016bsu m\u0101ju un aktivit\u0101\u0161u atra\u0161an\u0101s vietas. \u0160eit ir daudz ko atkl\u0101t!\" \/>\n<meta property=\"og:url\" content=\"https:\/\/lottemaa.ee\/lv\/par-lotes-zemi\/lotes-zemes-karte\/\" \/>\n<meta property=\"og:site_name\" content=\"Lottemaa Teemapark\" \/>\n<meta property=\"article:modified_time\" content=\"2024-11-05T08:36:24+00:00\" \/>\n<meta property=\"og:image\" content=\"https:\/\/lottemaa.ee\/wp-content\/uploads\/2024\/02\/Lottemaa_kaart_288x251.jpg\" \/>\n\t<meta property=\"og:image:width\" content=\"288\" \/>\n\t<meta property=\"og:image:height\" content=\"251\" \/>\n\t<meta property=\"og:image:type\" content=\"image\/jpeg\" \/>\n<meta name=\"twitter:card\" content=\"summary_large_image\" \/>\n<meta name=\"twitter:label1\" content=\"Est. reading time\" \/>\n\t<meta name=\"twitter:data1\" content=\"1 min\u016b\u0161u\" \/>\n<script type=\"application\/ld+json\" class=\"yoast-schema-graph\">{\"@context\":\"https:\/\/schema.org\",\"@graph\":[{\"@type\":\"WebPage\",\"@id\":\"https:\/\/lottemaa.ee\/lv\/par-lotes-zemi\/lotes-zemes-karte\/\",\"url\":\"https:\/\/lottemaa.ee\/lv\/par-lotes-zemi\/lotes-zemes-karte\/\",\"name\":\"LOTES ZEMES KARTE | Lottemaa Teemapark\",\"isPartOf\":{\"@id\":\"https:\/\/lottemaa.ee\/#website\"},\"primaryImageOfPage\":{\"@id\":\"https:\/\/lottemaa.ee\/lv\/par-lotes-zemi\/lotes-zemes-karte\/#primaryimage\"},\"image\":{\"@id\":\"https:\/\/lottemaa.ee\/lv\/par-lotes-zemi\/lotes-zemes-karte\/#primaryimage\"},\"thumbnailUrl\":\"https:\/\/lottemaa.ee\/wp-content\/uploads\/2024\/02\/Lottemaa_kaart_288x251.jpg\",\"datePublished\":\"2023-07-23T10:14:12+00:00\",\"dateModified\":\"2024-11-05T08:36:24+00:00\",\"description\":\"Lai atvieglotu p\u0101rvieto\u0161anos, esam izveidoju\u0161i Lottemaa karti. Apskatiet m\u016bsu m\u0101ju un aktivit\u0101\u0161u atra\u0161an\u0101s vietas. \u0160eit ir daudz ko atkl\u0101t!\",\"breadcrumb\":{\"@id\":\"https:\/\/lottemaa.ee\/lv\/par-lotes-zemi\/lotes-zemes-karte\/#breadcrumb\"},\"inLanguage\":\"lv-LV\",\"potentialAction\":[{\"@type\":\"ReadAction\",\"target\":[\"https:\/\/lottemaa.ee\/lv\/par-lotes-zemi\/lotes-zemes-karte\/\"]}]},{\"@type\":\"ImageObject\",\"inLanguage\":\"lv-LV\",\"@id\":\"https:\/\/lottemaa.ee\/lv\/par-lotes-zemi\/lotes-zemes-karte\/#primaryimage\",\"url\":\"https:\/\/lottemaa.ee\/wp-content\/uploads\/2024\/02\/Lottemaa_kaart_288x251.jpg\",\"contentUrl\":\"https:\/\/lottemaa.ee\/wp-content\/uploads\/2024\/02\/Lottemaa_kaart_288x251.jpg\",\"width\":288,\"height\":251},{\"@type\":\"BreadcrumbList\",\"@id\":\"https:\/\/lottemaa.ee\/lv\/par-lotes-zemi\/lotes-zemes-karte\/#breadcrumb\",\"itemListElement\":[{\"@type\":\"ListItem\",\"position\":1,\"name\":\"Home\",\"item\":\"https:\/\/lottemaa.ee\/lv\/\"},{\"@type\":\"ListItem\",\"position\":2,\"name\":\"Diena Lotes zem\u0113\",\"item\":\"https:\/\/lottemaa.ee\/lv\/par-lotes-zemi\/\"},{\"@type\":\"ListItem\",\"position\":3,\"name\":\"LOTES ZEMES KARTE\"}]},{\"@type\":\"WebSite\",\"@id\":\"https:\/\/lottemaa.ee\/#website\",\"url\":\"https:\/\/lottemaa.ee\/\",\"name\":\"Lottemaa Teemapark\",\"description\":\"Baltimaade suurim ja k\u00f5ige \u00e4gedam kogupere teemapark Eestis P\u00e4rnumaal\",\"publisher\":{\"@id\":\"https:\/\/lottemaa.ee\/#organization\"},\"potentialAction\":[{\"@type\":\"SearchAction\",\"target\":{\"@type\":\"EntryPoint\",\"urlTemplate\":\"https:\/\/lottemaa.ee\/?s={search_term_string}\"},\"query-input\":{\"@type\":\"PropertyValueSpecification\",\"valueRequired\":true,\"valueName\":\"search_term_string\"}}],\"inLanguage\":\"lv-LV\"},{\"@type\":\"Organization\",\"@id\":\"https:\/\/lottemaa.ee\/#organization\",\"name\":\"Lottemaa Teemapark\",\"url\":\"https:\/\/lottemaa.ee\/\",\"logo\":{\"@type\":\"ImageObject\",\"inLanguage\":\"lv-LV\",\"@id\":\"https:\/\/lottemaa.ee\/#\/schema\/logo\/image\/\",\"url\":\"https:\/\/lottemaa.ee\/wp-content\/uploads\/2018\/12\/Lottemaa_LOGO.png\",\"contentUrl\":\"https:\/\/lottemaa.ee\/wp-content\/uploads\/2018\/12\/Lottemaa_LOGO.png\",\"width\":1024,\"height\":518,\"caption\":\"Lottemaa Teemapark\"},\"image\":{\"@id\":\"https:\/\/lottemaa.ee\/#\/schema\/logo\/image\/\"}}]}<\/script>\n<!-- \/ Yoast SEO plugin. -->","yoast_head_json":{"title":"LOTES ZEMES KARTE | Lottemaa Teemapark","description":"Lai atvieglotu p\u0101rvieto\u0161anos, esam izveidoju\u0161i Lottemaa karti. Apskatiet m\u016bsu m\u0101ju un aktivit\u0101\u0161u atra\u0161an\u0101s vietas. \u0160eit ir daudz ko atkl\u0101t!","robots":{"index":"index","follow":"follow","max-snippet":"max-snippet:-1","max-image-preview":"max-image-preview:large","max-video-preview":"max-video-preview:-1"},"canonical":"https:\/\/lottemaa.ee\/lv\/par-lotes-zemi\/lotes-zemes-karte\/","og_locale":"lv_LV","og_type":"article","og_title":"LOTES ZEMES KARTE | Lottemaa Teemapark","og_description":"Lai atvieglotu p\u0101rvieto\u0161anos, esam izveidoju\u0161i Lottemaa karti. Apskatiet m\u016bsu m\u0101ju un aktivit\u0101\u0161u atra\u0161an\u0101s vietas. \u0160eit ir daudz ko atkl\u0101t!","og_url":"https:\/\/lottemaa.ee\/lv\/par-lotes-zemi\/lotes-zemes-karte\/","og_site_name":"Lottemaa Teemapark","article_modified_time":"2024-11-05T08:36:24+00:00","og_image":[{"width":288,"height":251,"url":"https:\/\/lottemaa.ee\/wp-content\/uploads\/2024\/02\/Lottemaa_kaart_288x251.jpg","type":"image\/jpeg"}],"twitter_card":"summary_large_image","twitter_misc":{"Est. reading time":"1 min\u016b\u0161u"},"schema":{"@context":"https:\/\/schema.org","@graph":[{"@type":"WebPage","@id":"https:\/\/lottemaa.ee\/lv\/par-lotes-zemi\/lotes-zemes-karte\/","url":"https:\/\/lottemaa.ee\/lv\/par-lotes-zemi\/lotes-zemes-karte\/","name":"LOTES ZEMES KARTE | Lottemaa Teemapark","isPartOf":{"@id":"https:\/\/lottemaa.ee\/#website"},"primaryImageOfPage":{"@id":"https:\/\/lottemaa.ee\/lv\/par-lotes-zemi\/lotes-zemes-karte\/#primaryimage"},"image":{"@id":"https:\/\/lottemaa.ee\/lv\/par-lotes-zemi\/lotes-zemes-karte\/#primaryimage"},"thumbnailUrl":"https:\/\/lottemaa.ee\/wp-content\/uploads\/2024\/02\/Lottemaa_kaart_288x251.jpg","datePublished":"2023-07-23T10:14:12+00:00","dateModified":"2024-11-05T08:36:24+00:00","description":"Lai atvieglotu p\u0101rvieto\u0161anos, esam izveidoju\u0161i Lottemaa karti. Apskatiet m\u016bsu m\u0101ju un aktivit\u0101\u0161u atra\u0161an\u0101s vietas. \u0160eit ir daudz ko atkl\u0101t!","breadcrumb":{"@id":"https:\/\/lottemaa.ee\/lv\/par-lotes-zemi\/lotes-zemes-karte\/#breadcrumb"},"inLanguage":"lv-LV","potentialAction":[{"@type":"ReadAction","target":["https:\/\/lottemaa.ee\/lv\/par-lotes-zemi\/lotes-zemes-karte\/"]}]},{"@type":"ImageObject","inLanguage":"lv-LV","@id":"https:\/\/lottemaa.ee\/lv\/par-lotes-zemi\/lotes-zemes-karte\/#primaryimage","url":"https:\/\/lottemaa.ee\/wp-content\/uploads\/2024\/02\/Lottemaa_kaart_288x251.jpg","contentUrl":"https:\/\/lottemaa.ee\/wp-content\/uploads\/2024\/02\/Lottemaa_kaart_288x251.jpg","width":288,"height":251},{"@type":"BreadcrumbList","@id":"https:\/\/lottemaa.ee\/lv\/par-lotes-zemi\/lotes-zemes-karte\/#breadcrumb","itemListElement":[{"@type":"ListItem","position":1,"name":"Home","item":"https:\/\/lottemaa.ee\/lv\/"},{"@type":"ListItem","position":2,"name":"Diena Lotes zem\u0113","item":"https:\/\/lottemaa.ee\/lv\/par-lotes-zemi\/"},{"@type":"ListItem","position":3,"name":"LOTES ZEMES KARTE"}]},{"@type":"WebSite","@id":"https:\/\/lottemaa.ee\/#website","url":"https:\/\/lottemaa.ee\/","name":"Lottemaa Teemapark","description":"Baltimaade suurim ja k\u00f5ige \u00e4gedam kogupere teemapark Eestis P\u00e4rnumaal","publisher":{"@id":"https:\/\/lottemaa.ee\/#organization"},"potentialAction":[{"@type":"SearchAction","target":{"@type":"EntryPoint","urlTemplate":"https:\/\/lottemaa.ee\/?s={search_term_string}"},"query-input":{"@type":"PropertyValueSpecification","valueRequired":true,"valueName":"search_term_string"}}],"inLanguage":"lv-LV"},{"@type":"Organization","@id":"https:\/\/lottemaa.ee\/#organization","name":"Lottemaa Teemapark","url":"https:\/\/lottemaa.ee\/","logo":{"@type":"ImageObject","inLanguage":"lv-LV","@id":"https:\/\/lottemaa.ee\/#\/schema\/logo\/image\/","url":"https:\/\/lottemaa.ee\/wp-content\/uploads\/2018\/12\/Lottemaa_LOGO.png","contentUrl":"https:\/\/lottemaa.ee\/wp-content\/uploads\/2018\/12\/Lottemaa_LOGO.png","width":1024,"height":518,"caption":"Lottemaa Teemapark"},"image":{"@id":"https:\/\/lottemaa.ee\/#\/schema\/logo\/image\/"}}]}},"_links":{"self":[{"href":"https:\/\/lottemaa.ee\/lv\/wp-json\/wp\/v2\/pages\/22796","targetHints":{"allow":["GET"]}}],"collection":[{"href":"https:\/\/lottemaa.ee\/lv\/wp-json\/wp\/v2\/pages"}],"about":[{"href":"https:\/\/lottemaa.ee\/lv\/wp-json\/wp\/v2\/types\/page"}],"author":[{"embeddable":true,"href":"https:\/\/lottemaa.ee\/lv\/wp-json\/wp\/v2\/users\/11"}],"replies":[{"embeddable":true,"href":"https:\/\/lottemaa.ee\/lv\/wp-json\/wp\/v2\/comments?post=22796"}],"version-history":[{"count":5,"href":"https:\/\/lottemaa.ee\/lv\/wp-json\/wp\/v2\/pages\/22796\/revisions"}],"predecessor-version":[{"id":28949,"href":"https:\/\/lottemaa.ee\/lv\/wp-json\/wp\/v2\/pages\/22796\/revisions\/28949"}],"up":[{"embeddable":true,"href":"https:\/\/lottemaa.ee\/lv\/wp-json\/wp\/v2\/pages\/585"}],"wp:featuredmedia":[{"embeddable":true,"href":"https:\/\/lottemaa.ee\/lv\/wp-json\/wp\/v2\/media\/25159"}],"wp:attachment":[{"href":"https:\/\/lottemaa.ee\/lv\/wp-json\/wp\/v2\/media?parent=22796"}],"curies":[{"name":"wp","href":"https:\/\/api.w.org\/{rel}","templated":true}]}}